{"id":1121,"date":"2024-09-14T17:59:58","date_gmt":"2024-09-14T14:59:58","guid":{"rendered":"https:\/\/rczone.ee\/?page_id=1121"},"modified":"2025-09-28T11:37:12","modified_gmt":"2025-09-28T08:37:12","slug":"leitfaden-zur-batteriesicherheit","status":"publish","type":"page","link":"https:\/\/rczone.ee\/de\/akudeohutusjuhend\/","title":{"rendered":"Sicherheitsleitfaden f\u00fcr Lithiumbatterien"},"content":{"rendered":"<div class=\"container section-title-container\" ><h3 class=\"section-title section-title-center\"><b aria-hidden=\"true\"><\/b><span class=\"section-title-main\" >Leitfaden f\u00fcr die sichere Verwendung und Lagerung von Lithiumbatterien<\/span><b aria-hidden=\"true\"><\/b><\/h3><\/div>\n\n<div class=\"row align-middle align-center\"  id=\"row-1224065802\">\n\n\n\t<div id=\"col-1507304009\" class=\"col medium-10 small-12 large-10\"  >\n\t\t\t\t<div class=\"col-inner\"  >\n\t\t\t\n\t\t\t\n\n<h4><strong>Allgemeine Sicherheitsanforderungen:<\/strong><\/h4>\n<ol>\n<li><strong>Vermeiden Sie Abk\u00fcrzungen:<\/strong> Achten Sie darauf, dass sich die Plus- und Minuspole der Batterie niemals ber\u00fchren. Ein Kurzschluss kann zu Batteriesch\u00e4den, Feuer oder Explosionen f\u00fchren.<\/li>\n<li><strong>Lagerung:<\/strong> Lagern Sie Batterien immer an einem k\u00fchlen, trockenen Ort, fern von direktem Sonnenlicht und W\u00e4rmequellen. Lagern Sie Batterien niemals bei Temperaturen unter 0\u00b0C oder \u00fcber 45\u00b0C (113\u00b0F).<\/li>\n<li><strong>Sicherheit bei der Lagerung:<\/strong> Akkus sollten in einer speziellen Li-po-Schutztasche oder einem feuerfesten Metall-\/Keramikgeh\u00e4use aufbewahrt werden, wobei der Kontakt mit brennbaren Materialien zu vermeiden ist.<\/li>\n<li><strong>Teilweise Aufladung:<\/strong> Wenn die Batterien \u00fcber einen l\u00e4ngeren Zeitraum (3-6 Monate) nicht benutzt werden, sollten sie teilweise aufgeladen bleiben (etwa 50% der Kapazit\u00e4t).<\/li>\n<li><strong>Mechanische Sch\u00e4den:<\/strong> Verwenden oder laden Sie keinen Akku, der mechanisch besch\u00e4digt wurde, z. B. durch St\u00f6\u00dfe oder Quetschungen.<\/li>\n<li><strong>Sichtpr\u00fcfung der Batterie:<\/strong> Vergewissern Sie sich vor jedem Aufladen und jeder Benutzung, dass der Akku in einem guten optischen Zustand und nicht besch\u00e4digt ist.<\/li>\n<\/ol>\n<h4><strong>Batterien aufladen:<\/strong><\/h4>\n<ol>\n<li><strong>Das richtige Ladeger\u00e4t:<\/strong> Verwenden Sie nur ein Ladeger\u00e4t, das f\u00fcr den Akku geeignet ist. Zum Laden eines Li-po-Akkus darf nur ein symmetrisches Li-po-Ladeger\u00e4t verwendet werden. Verwenden Sie zum Laden eines Lithium-Ionen-Akkus nur ein Lithium-Ionen-Ladeger\u00e4t. Die Verwendung eines falschen Ladeger\u00e4ts kann zur Besch\u00e4digung des Akkus oder zu einem Brand f\u00fchren.<\/li>\n<li><strong>Verwendung eines Universal-Ladeger\u00e4ts:<\/strong> Wenn Sie ein Universal-Ladeger\u00e4t verwenden, vergewissern Sie sich, dass es so eingestellt ist, dass es Akkus entsprechend dem zu ladenden Akkutyp aufl\u00e4dt (Li-po, Li-Ion oder \u00e4hnlich). Die Verwendung eines falschen Programms kann die Akkus besch\u00e4digen.<\/li>\n<li><strong>Aufladefl\u00e4che:<\/strong> Laden Sie die Batterien immer auf einer feuerfesten Unterlage auf, z. B. Zement, Stahl, Keramik oder Stein. Laden Sie Batterien niemals auf Holz oder anderen brennbaren Oberfl\u00e4chen.<\/li>\n<li><strong>\u00dcberwachung:<\/strong> Lassen Sie einen Akku niemals unbeaufsichtigt. \u00dcberpr\u00fcfen Sie regelm\u00e4\u00dfig die Temperatur und die Ausdehnung des Akkus w\u00e4hrend des Ladevorgangs.<\/li>\n<li><strong>Schwellung:<\/strong> Wenn Sie eine Schwellung feststellen, unterbrechen Sie sofort den Ladevorgang und legen Sie den Akku zur Beobachtung f\u00fcr 30 Minuten in einen nicht brennbaren Beh\u00e4lter.<\/li>\n<li><strong>\u00dcberladung und \u00dcberf\u00fcllung:<\/strong> Laden Sie den Akku niemals \u00fcber 4,2 V pro Akku auf. Entladen Sie den Akku auch nie unter 3,3 V pro Akku. Eine \u00dcberentladung f\u00fchrt zu irreversiblen Sch\u00e4den am Akku und kann dazu f\u00fchren, dass der Akku nicht mehr geladen werden kann. Lassen Sie den Akku nicht in einem Ger\u00e4t (z. B. RC-Modell, Drohne, Werkzeug), da die Elektronik den Akku auch im Stillstand langsam bis zu gef\u00e4hrlichen Werten entladen kann.<\/li>\n<li><strong>Aufladen nach Gebrauch:<\/strong> Laden Sie den Akku nicht sofort nach dem Gebrauch auf, sondern lassen Sie ihn vor dem Aufladen mindestens 30 Minuten abk\u00fchlen.<\/li>\n<li><strong>Aufladen in den Speichermodus:<\/strong> Wenn der Akku \u00fcber einen l\u00e4ngeren Zeitraum nicht benutzt wird, laden Sie ihn im Speichermodus auf (etwa 3,8-3,9 V pro Zelle).<\/li>\n<li><strong>Eine sichere Umgebung:<\/strong> W\u00e4hrend des Ladens und Entladens muss die Batterie in einem isolierten Sicherheitsbereich untergebracht werden, entfernt von Geb\u00e4uden, Fahrzeugen und brennbaren Materialien. Verwenden Sie immer eine feuerfeste Unterlage oder einen feuerfesten Beh\u00e4lter.<\/li>\n<\/ol>\n<h4><strong>Handhabung und Lagerung von Batterien:<\/strong><\/h4>\n<ol>\n<li><strong>Vermeiden Sie den Kontakt mit Metallen:<\/strong> Bewahren Sie Batterien nicht in Taschen, Beuteln oder Schubladen mit Metallgegenst\u00e4nden auf, um Kurzschl\u00fcsse zu vermeiden.<\/li>\n<li><strong>Brandgefahr:<\/strong> Halten Sie Batterien von brennbaren Materialien und Fl\u00fcssigkeiten fern.<\/li>\n<li><strong>Schutz:<\/strong> Lassen Sie Batterien niemals in einem Auto oder einem anderen geschlossenen Raum liegen, in dem die Temperaturen auf gef\u00e4hrliche Werte ansteigen k\u00f6nnen.<\/li>\n<li><strong>Temperatur:<\/strong> Lagern Sie Batterien nicht in der N\u00e4he von offenen Flammen oder anderen W\u00e4rmequellen. Lassen Sie sie auch nicht in direktem Sonnenlicht oder an hei\u00dfen Orten (z. B. im Auto) liegen.<\/li>\n<li><strong>Demontage der Batterie:<\/strong> Zerlegen Sie keine werkseitig montierten Li-Po- oder Li-Ion-Akkus und ver\u00e4ndern Sie nicht deren Kabel und Anschl\u00fcsse.<\/li>\n<li><strong>Von Kindern fernhalten:<\/strong> Bewahren Sie Batterien immer an einem sicheren Ort auf, au\u00dferhalb der Reichweite von Kindern.<\/li>\n<li><strong>Einspeisung:<\/strong> Es wird empfohlen, den neuen Li-po-Akku w\u00e4hrend der ersten 10 Zyklen nur teilweise zu laden und zu entladen (etwa 50% Kapazit\u00e4t), um die Langlebigkeit des Akkus zu gew\u00e4hrleisten.<\/li>\n<li><strong>Eine sichere Umgebung f\u00fcr die Lagerung:<\/strong> Bewahren Sie Batterien in einem feuerfesten Beh\u00e4lter auf.<\/li>\n<li><strong>Wiederholte Kontrollen:<\/strong> \u00dcberpr\u00fcfen Sie den Zustand der gelagerten Batterien mindestens einmal pro Woche. Lassen Sie die Batterien nicht f\u00fcr l\u00e4ngere Zeit unbeaufsichtigt.<\/li>\n<li><strong>Langfristige Lagerung:<\/strong> Wenn Batterien f\u00fcr l\u00e4ngere Zeit (mehr als eine Woche) gelagert werden, sollten sie teilweise aufgeladen werden (3,8-3,9 V pro Zelle).<\/li>\n<\/ol>\n<h4><strong>Notfall und Entsorgung:<\/strong><\/h4>\n<ol>\n<li><strong>Brandbek\u00e4mpfung:<\/strong> Wenn der Akku Feuer f\u00e4ngt, verwenden Sie trockenen Sand oder einen speziellen Li-po-L\u00f6scher. L\u00f6schen Sie einen brennenden Li-Po- oder Li-Ionen-Akku nicht mit Wasser!<\/li>\n<li><strong>Im Falle eines Elektrolytverlustes:<\/strong> Wenn die Batterie Elektrolyt ausl\u00e4uft und mit Ihrer Haut in Ber\u00fchrung kommt, waschen Sie den Bereich sofort mit Wasser und Seife. Bei Augenkontakt mindestens 15 Minuten lang mit k\u00fchlem Wasser aussp\u00fclen und sofort einen Arzt aufsuchen.<\/li>\n<li><strong>Batterie-Recycling:<\/strong> Entladen Sie den Akku vollst\u00e4ndig, und geben Sie ihn dann gem\u00e4\u00df den \u00f6rtlichen Vorschriften f\u00fcr die Entsorgung gef\u00e4hrlicher Abf\u00e4lle bei Ihrer \u00f6rtlichen Entsorgungsstelle ab.<\/li>\n<li><strong>Umgang mit einer besch\u00e4digten Batterie:<\/strong> Fassen Sie eine besch\u00e4digte Batterie nicht mit blo\u00dfen H\u00e4nden an. Wenn die Batterie besch\u00e4digt ist oder ausl\u00e4uft, tragen Sie Schutzausr\u00fcstung wie Handschuhe und Schutzbrille.<\/li>\n<li><strong>Kontrollen nach einem Unfall:<\/strong> Nehmen Sie nach einem Notfall sofort den Akku aus dem Modell und \u00fcberwachen Sie ihn mindestens 30 Minuten lang an einem sicheren Ort, um eine Brandgefahr zu vermeiden.<\/li>\n<\/ol>\n<p><strong>Beachten und befolgen Sie stets diese Anweisungen, um Ihre Sicherheit und die Sicherheit anderer zu gew\u00e4hrleisten. Wenn Sie Fragen haben oder weitere Informationen ben\u00f6tigen, wenden Sie sich bitte an uns.<\/strong><\/p>\n\n\t\t<\/div>\n\t\t\t\t\t<\/div>\n\n\t\n\n<\/div>\n<div class=\"row align-middle align-center\"  id=\"row-1117371526\">\n\n\n\t<div id=\"col-194307308\" class=\"col medium-10 small-12 large-10\"  >\n\t\t\t\t<div class=\"col-inner\"  >\n\t\t\t\n\t\t\t\n\n<a href=\"https:\/\/rczone.ee\/de\/\" target=\"_blank\" class=\"button primary is-large box-shadow-1 box-shadow-2-hover expand\" rel=\"noopener\" style=\"border-radius:10px;padding:0px 0px 0px 0px;\">\n\t\t<span>Zur\u00fcck zum Shop<\/span>\n\t<\/a>\n\n\n\n\t\t<\/div>\n\t\t\t\t\t<\/div>\n\n\t\n\n\n<style>\n#row-1117371526 > .col > .col-inner {\n  padding: 50px 0px 0px 0px;\n}\n<\/style>\n<\/div>","protected":false},"excerpt":{"rendered":"","protected":false},"author":1,"featured_media":0,"parent":0,"menu_order":0,"comment_status":"closed","ping_status":"closed","template":"","meta":{"_monsterinsights_skip_tracking":false,"_monsterinsights_sitenote_active":false,"_monsterinsights_sitenote_note":"","_monsterinsights_sitenote_category":0,"footnotes":""},"class_list":["post-1121","page","type-page","status-publish","hentry"],"yoast_head":"<!-- This site is optimized with the Yoast SEO plugin v27.4 - https:\/\/yoast.com\/product\/yoast-seo-wordpress\/ -->\n<title>Liitiumakude ohutusjuhend - RC Zone | Raadio teel juhitavad autod<\/title>\n<meta name=\"robots\" content=\"index, follow, max-snippet:-1, max-image-preview:large, max-video-preview:-1\" \/>\n<link rel=\"canonical\" href=\"https:\/\/rczone.ee\/de\/leitfaden-zur-batteriesicherheit\/\" \/>\n<meta property=\"og:locale\" content=\"de_DE\" \/>\n<meta property=\"og:type\" content=\"article\" \/>\n<meta property=\"og:title\" content=\"Liitiumakude ohutusjuhend - RC Zone | Raadio teel juhitavad autod\" \/>\n<meta property=\"og:url\" content=\"https:\/\/rczone.ee\/de\/leitfaden-zur-batteriesicherheit\/\" \/>\n<meta property=\"og:site_name\" content=\"RC Zone | Raadio teel juhitavad autod\" \/>\n<meta property=\"article:publisher\" content=\"https:\/\/www.facebook.com\/rczone.ee\" \/>\n<meta property=\"article:modified_time\" content=\"2025-09-28T08:37:12+00:00\" \/>\n<meta name=\"twitter:card\" content=\"summary_large_image\" \/>\n<meta name=\"twitter:label1\" content=\"Gesch\u00e4tzte Lesezeit\" \/>\n\t<meta name=\"twitter:data1\" content=\"4\u00a0Minuten\" \/>\n<script type=\"application\/ld+json\" class=\"yoast-schema-graph\">{\"@context\":\"https:\\\/\\\/schema.org\",\"@graph\":[{\"@type\":\"WebPage\",\"@id\":\"https:\\\/\\\/rczone.ee\\\/akudeohutusjuhend\\\/\",\"url\":\"https:\\\/\\\/rczone.ee\\\/akudeohutusjuhend\\\/\",\"name\":\"Liitiumakude ohutusjuhend - RC Zone | Raadio teel juhitavad autod\",\"isPartOf\":{\"@id\":\"https:\\\/\\\/rczone.ee\\\/#website\"},\"datePublished\":\"2024-09-14T14:59:58+00:00\",\"dateModified\":\"2025-09-28T08:37:12+00:00\",\"breadcrumb\":{\"@id\":\"https:\\\/\\\/rczone.ee\\\/akudeohutusjuhend\\\/#breadcrumb\"},\"inLanguage\":\"de\",\"potentialAction\":[{\"@type\":\"ReadAction\",\"target\":[\"https:\\\/\\\/rczone.ee\\\/akudeohutusjuhend\\\/\"]}]},{\"@type\":\"BreadcrumbList\",\"@id\":\"https:\\\/\\\/rczone.ee\\\/akudeohutusjuhend\\\/#breadcrumb\",\"itemListElement\":[{\"@type\":\"ListItem\",\"position\":1,\"name\":\"Home\",\"item\":\"https:\\\/\\\/rczone.ee\\\/\"},{\"@type\":\"ListItem\",\"position\":2,\"name\":\"Liitiumakude ohutusjuhend\"}]},{\"@type\":\"WebSite\",\"@id\":\"https:\\\/\\\/rczone.ee\\\/#website\",\"url\":\"https:\\\/\\\/rczone.ee\\\/\",\"name\":\"RcZone\",\"description\":\"RcZone - Raadio teel juhitavate autode veebipood. M&uuml;&uuml;me laia valikut kvaliteetseid ja v&otilde;imsaid RC-autosid. Kiire tarne ja konkurentsiv&otilde;imelised hinnad.\",\"publisher\":{\"@id\":\"https:\\\/\\\/rczone.ee\\\/#organization\"},\"potentialAction\":[{\"@type\":\"SearchAction\",\"target\":{\"@type\":\"EntryPoint\",\"urlTemplate\":\"https:\\\/\\\/rczone.ee\\\/?s={search_term_string}\"},\"query-input\":{\"@type\":\"PropertyValueSpecification\",\"valueRequired\":true,\"valueName\":\"search_term_string\"}}],\"inLanguage\":\"de\"},{\"@type\":\"Organization\",\"@id\":\"https:\\\/\\\/rczone.ee\\\/#organization\",\"name\":\"RcZone\",\"url\":\"https:\\\/\\\/rczone.ee\\\/\",\"logo\":{\"@type\":\"ImageObject\",\"inLanguage\":\"de\",\"@id\":\"https:\\\/\\\/rczone.ee\\\/#\\\/schema\\\/logo\\\/image\\\/\",\"url\":\"https:\\\/\\\/rczone.ee\\\/wp-content\\\/uploads\\\/2024\\\/01\\\/3D.png\",\"contentUrl\":\"https:\\\/\\\/rczone.ee\\\/wp-content\\\/uploads\\\/2024\\\/01\\\/3D.png\",\"width\":2080,\"height\":602,\"caption\":\"RcZone\"},\"image\":{\"@id\":\"https:\\\/\\\/rczone.ee\\\/#\\\/schema\\\/logo\\\/image\\\/\"},\"sameAs\":[\"https:\\\/\\\/www.facebook.com\\\/rczone.ee\"]}]}<\/script>\n<!-- \/ Yoast SEO plugin. -->","yoast_head_json":{"title":"Sicherheitsleitfaden f\u00fcr Lithiumbatterien - RC Zone | Funkgesteuerte Autos","robots":{"index":"index","follow":"follow","max-snippet":"max-snippet:-1","max-image-preview":"max-image-preview:large","max-video-preview":"max-video-preview:-1"},"canonical":"https:\/\/rczone.ee\/de\/leitfaden-zur-batteriesicherheit\/","og_locale":"de_DE","og_type":"article","og_title":"Liitiumakude ohutusjuhend - RC Zone | Raadio teel juhitavad autod","og_url":"https:\/\/rczone.ee\/de\/leitfaden-zur-batteriesicherheit\/","og_site_name":"RC Zone | Raadio teel juhitavad autod","article_publisher":"https:\/\/www.facebook.com\/rczone.ee","article_modified_time":"2025-09-28T08:37:12+00:00","twitter_card":"summary_large_image","twitter_misc":{"Gesch\u00e4tzte Lesezeit":"4\u00a0Minuten"},"schema":{"@context":"https:\/\/schema.org","@graph":[{"@type":"WebPage","@id":"https:\/\/rczone.ee\/akudeohutusjuhend\/","url":"https:\/\/rczone.ee\/akudeohutusjuhend\/","name":"Sicherheitsleitfaden f\u00fcr Lithiumbatterien - RC Zone | Funkgesteuerte Autos","isPartOf":{"@id":"https:\/\/rczone.ee\/#website"},"datePublished":"2024-09-14T14:59:58+00:00","dateModified":"2025-09-28T08:37:12+00:00","breadcrumb":{"@id":"https:\/\/rczone.ee\/akudeohutusjuhend\/#breadcrumb"},"inLanguage":"de","potentialAction":[{"@type":"ReadAction","target":["https:\/\/rczone.ee\/akudeohutusjuhend\/"]}]},{"@type":"BreadcrumbList","@id":"https:\/\/rczone.ee\/akudeohutusjuhend\/#breadcrumb","itemListElement":[{"@type":"ListItem","position":1,"name":"Home","item":"https:\/\/rczone.ee\/"},{"@type":"ListItem","position":2,"name":"Liitiumakude ohutusjuhend"}]},{"@type":"WebSite","@id":"https:\/\/rczone.ee\/#website","url":"https:\/\/rczone.ee\/","name":"RcZone","description":"RcZone - Online Shop f\u00fcr funkgesteuerte Autos. Wir verkaufen eine breite Palette von qualitativ hochwertigen und leistungsstarken RC-Autos. Schnelle Lieferung und g\u00fcnstige Preise.","publisher":{"@id":"https:\/\/rczone.ee\/#organization"},"potentialAction":[{"@type":"SearchAction","target":{"@type":"EntryPoint","urlTemplate":"https:\/\/rczone.ee\/?s={search_term_string}"},"query-input":{"@type":"PropertyValueSpecification","valueRequired":true,"valueName":"search_term_string"}}],"inLanguage":"de"},{"@type":"Organization","@id":"https:\/\/rczone.ee\/#organization","name":"RcZone","url":"https:\/\/rczone.ee\/","logo":{"@type":"ImageObject","inLanguage":"de","@id":"https:\/\/rczone.ee\/#\/schema\/logo\/image\/","url":"https:\/\/rczone.ee\/wp-content\/uploads\/2024\/01\/3D.png","contentUrl":"https:\/\/rczone.ee\/wp-content\/uploads\/2024\/01\/3D.png","width":2080,"height":602,"caption":"RcZone"},"image":{"@id":"https:\/\/rczone.ee\/#\/schema\/logo\/image\/"},"sameAs":["https:\/\/www.facebook.com\/rczone.ee"]}]}},"_links":{"self":[{"href":"https:\/\/rczone.ee\/de\/wp-json\/wp\/v2\/pages\/1121","targetHints":{"allow":["GET"]}}],"collection":[{"href":"https:\/\/rczone.ee\/de\/wp-json\/wp\/v2\/pages"}],"about":[{"href":"https:\/\/rczone.ee\/de\/wp-json\/wp\/v2\/types\/page"}],"author":[{"embeddable":true,"href":"https:\/\/rczone.ee\/de\/wp-json\/wp\/v2\/users\/1"}],"replies":[{"embeddable":true,"href":"https:\/\/rczone.ee\/de\/wp-json\/wp\/v2\/comments?post=1121"}],"version-history":[{"count":7,"href":"https:\/\/rczone.ee\/de\/wp-json\/wp\/v2\/pages\/1121\/revisions"}],"predecessor-version":[{"id":4488,"href":"https:\/\/rczone.ee\/de\/wp-json\/wp\/v2\/pages\/1121\/revisions\/4488"}],"wp:attachment":[{"href":"https:\/\/rczone.ee\/de\/wp-json\/wp\/v2\/media?parent=1121"}],"curies":[{"name":"wp","href":"https:\/\/api.w.org\/{rel}","templated":true}]}}