{"id":1550,"date":"2024-10-19T15:52:13","date_gmt":"2024-10-19T12:52:13","guid":{"rendered":"https:\/\/rczone.ee\/?page_id=1550"},"modified":"2025-11-09T15:44:04","modified_gmt":"2025-11-09T13:44:04","slug":"zuruck-zu","status":"publish","type":"page","link":"https:\/\/rczone.ee\/de\/tagastus\/","title":{"rendered":"R\u00fcckkehr nach"},"content":{"rendered":"<div class=\"container section-title-container\" ><h3 class=\"section-title section-title-center\"><b aria-hidden=\"true\"><\/b><span class=\"section-title-main\" >R\u00fcckkehr nach<\/span><b aria-hidden=\"true\"><\/b><\/h3><\/div>\n\n<div>\n<h3><strong>14-t\u00e4giges R\u00fcckgaberecht<\/strong><\/h3>\n<p>Der K\u00e4ufer hat das Recht, die im E-Shop RcZone gekaufte Ware innerhalb von 14 Tagen nach Erhalt der Ware zur\u00fcckzugeben. Das Widerrufsrecht gilt nicht, wenn der K\u00e4ufer eine juristische Person ist.<\/p>\n<h3><strong>R\u00fcckgabebedingungen<\/strong><\/h3>\n<ol>\n<li>\n<p>Die Waren m\u00fcssen unbenutzt, sauber, frei von M\u00e4ngeln und originalverpackt sein.<\/p>\n<\/li>\n<li>Die Waren d\u00fcrfen nur insoweit ge\u00f6ffnet und angefasst werden, als dies zur \u00dcberpr\u00fcfung ihrer Beschaffenheit, ihrer Eigenschaften und ihrer Funktionsweise - wie in einem Ladengesch\u00e4ft - erforderlich ist.<\/li>\n<li>\n<p>Wenn die Ware Gebrauchs- oder Abnutzungsspuren aufweist, hat RcZone das Recht, den Erstattungsbetrag zu k\u00fcrzen oder die Annahme der Ware zu verweigern.<\/p>\n<\/li>\n<li>\n<p>Sonderanfertigungen oder Waren, f\u00fcr die das Widerrufsrecht aus hygienischen Gr\u00fcnden nicht gilt (z. B. verschmutzte Produkte mit ge\u00f6ffneter Verpackung), k\u00f6nnen nicht zur\u00fcckgegeben werden.<\/p>\n<\/li>\n<\/ol>\n<h3><strong>Prozess der R\u00fcckgabe<\/strong><\/h3>\n<ol>\n<li>\n<p>Um den Widerruf zu erkl\u00e4ren, senden Sie bitte innerhalb von 14 Tagen nach Erhalt der Ware eine Widerrufserkl\u00e4rung per E\u2011Mail an <strong>info@rczone.ee<\/strong>.<\/p>\n<\/li>\n<li>\n<p>Alle mit der R\u00fccksendung verbundenen Kosten gehen zu Lasten des K\u00e4ufers, es sei denn, die R\u00fccksendung ist darauf zur\u00fcckzuf\u00fchren, dass das gelieferte Produkt nicht mit dem bestellten \u00fcbereinstimmt.<\/p>\n<\/li>\n<li>\n<p>Die zur\u00fcckgesandten Waren m\u00fcssen innerhalb von 14 Tagen nach dem Datum des R\u00fccknahmeantrags abgeschickt werden.<\/p>\n<\/li>\n<\/ol>\n<h3><strong>Geld zur\u00fcck<\/strong><\/h3>\n<p>RcZone wird alle vom K\u00e4ufer erhaltenen Zahlungen, einschlie\u00dflich der urspr\u00fcnglichen Versandkosten, innerhalb von 7 Tagen nach Erhalt der zur\u00fcckgesandten Waren oder nach Erhalt des Versandnachweises zur\u00fcckerstatten, je nachdem, welches der fr\u00fchere Zeitpunkt ist. Das Geld wird auf dasselbe Bankkonto zur\u00fcckerstattet, von dem aus die Bestellung bezahlt wurde.<\/p>\n<h3><strong>Eine Beschwerde einreichen<\/strong><\/h3>\n<p>Wenn sich die Ware als mangelhaft erweist, muss RcZone so schnell wie m\u00f6glich schriftlich informiert werden, und zwar an <strong>info@rczone.ee<\/strong>. Die Kosten f\u00fcr die R\u00fccksendung und den Ersatz defekter Produkte werden von RcZone in \u00dcbereinstimmung mit den Gesetzen der Republik Estland \u00fcbernommen.<\/p>\n<\/div>\n<h3><strong style=\"font-size: 20.16px;\">Kundenbetreuung: MO-FR 9.00-17:00<\/strong><\/h3>\n<div>\n<p>Adresse: Tammelehe tee 22, Alliku, 76403 Landkreis Harju, Estland<\/p>\n<p>Tel:\u00a0<span class=\"x4k7w5x x1h91t0o x1h9r5lt x1jfb8zj xv2umb2 x1beo9mf xaigb6o x12ejxvf x3igimt xarpa2k xedcshv x1lytzrv x1t2pt76 x7ja8zs x1qrby5j\"><span class=\"x193iq5w xeuugli x13faqbe x1vvkbs x1xmvt09 x1lliihq x1s928wv xhkezso x1gmr53x x1cpjm7i x1fgarty x1943h6x xudqn12 x3x7a5m x6prxxf xvq8zen xo1l8bm xzsf02u\" dir=\"auto\">+372 5613 4915<\/span><\/span><\/p>\n<p>E-Mail: <a href=\"mailto:info@rczone.ee\">info@rczone.ee<\/a><\/p>\n<\/div>\n\n\n\n<p><\/p>","protected":false},"excerpt":{"rendered":"","protected":false},"author":1,"featured_media":0,"parent":0,"menu_order":0,"comment_status":"closed","ping_status":"closed","template":"","meta":{"_monsterinsights_skip_tracking":false,"_monsterinsights_sitenote_active":false,"_monsterinsights_sitenote_note":"","_monsterinsights_sitenote_category":0,"footnotes":""},"class_list":["post-1550","page","type-page","status-publish","hentry"],"yoast_head":"<!-- This site is optimized with the Yoast SEO plugin v27.4 - https:\/\/yoast.com\/product\/yoast-seo-wordpress\/ -->\n<title>Tagastamine - RC Zone | Raadio teel juhitavad autod<\/title>\n<meta name=\"robots\" content=\"index, follow, max-snippet:-1, max-image-preview:large, max-video-preview:-1\" \/>\n<link rel=\"canonical\" href=\"https:\/\/rczone.ee\/de\/zuruck-zu\/\" \/>\n<meta property=\"og:locale\" content=\"de_DE\" \/>\n<meta property=\"og:type\" content=\"article\" \/>\n<meta property=\"og:title\" content=\"Tagastamine - RC Zone | Raadio teel juhitavad autod\" \/>\n<meta property=\"og:url\" content=\"https:\/\/rczone.ee\/de\/zuruck-zu\/\" \/>\n<meta property=\"og:site_name\" content=\"RC Zone | Raadio teel juhitavad autod\" \/>\n<meta property=\"article:publisher\" content=\"https:\/\/www.facebook.com\/rczone.ee\" \/>\n<meta property=\"article:modified_time\" content=\"2025-11-09T13:44:04+00:00\" \/>\n<meta name=\"twitter:card\" content=\"summary_large_image\" \/>\n<meta name=\"twitter:label1\" content=\"Gesch\u00e4tzte Lesezeit\" \/>\n\t<meta name=\"twitter:data1\" content=\"2\u00a0Minuten\" \/>\n<script type=\"application\/ld+json\" class=\"yoast-schema-graph\">{\"@context\":\"https:\\\/\\\/schema.org\",\"@graph\":[{\"@type\":\"WebPage\",\"@id\":\"https:\\\/\\\/rczone.ee\\\/tagastus\\\/\",\"url\":\"https:\\\/\\\/rczone.ee\\\/tagastus\\\/\",\"name\":\"Tagastamine - RC Zone | Raadio teel juhitavad autod\",\"isPartOf\":{\"@id\":\"https:\\\/\\\/rczone.ee\\\/#website\"},\"datePublished\":\"2024-10-19T12:52:13+00:00\",\"dateModified\":\"2025-11-09T13:44:04+00:00\",\"breadcrumb\":{\"@id\":\"https:\\\/\\\/rczone.ee\\\/tagastus\\\/#breadcrumb\"},\"inLanguage\":\"de\",\"potentialAction\":[{\"@type\":\"ReadAction\",\"target\":[\"https:\\\/\\\/rczone.ee\\\/tagastus\\\/\"]}]},{\"@type\":\"BreadcrumbList\",\"@id\":\"https:\\\/\\\/rczone.ee\\\/tagastus\\\/#breadcrumb\",\"itemListElement\":[{\"@type\":\"ListItem\",\"position\":1,\"name\":\"Home\",\"item\":\"https:\\\/\\\/rczone.ee\\\/\"},{\"@type\":\"ListItem\",\"position\":2,\"name\":\"Tagastamine\"}]},{\"@type\":\"WebSite\",\"@id\":\"https:\\\/\\\/rczone.ee\\\/#website\",\"url\":\"https:\\\/\\\/rczone.ee\\\/\",\"name\":\"RcZone\",\"description\":\"RcZone - Raadio teel juhitavate autode veebipood. M&uuml;&uuml;me laia valikut kvaliteetseid ja v&otilde;imsaid RC-autosid. Kiire tarne ja konkurentsiv&otilde;imelised hinnad.\",\"publisher\":{\"@id\":\"https:\\\/\\\/rczone.ee\\\/#organization\"},\"potentialAction\":[{\"@type\":\"SearchAction\",\"target\":{\"@type\":\"EntryPoint\",\"urlTemplate\":\"https:\\\/\\\/rczone.ee\\\/?s={search_term_string}\"},\"query-input\":{\"@type\":\"PropertyValueSpecification\",\"valueRequired\":true,\"valueName\":\"search_term_string\"}}],\"inLanguage\":\"de\"},{\"@type\":\"Organization\",\"@id\":\"https:\\\/\\\/rczone.ee\\\/#organization\",\"name\":\"RcZone\",\"url\":\"https:\\\/\\\/rczone.ee\\\/\",\"logo\":{\"@type\":\"ImageObject\",\"inLanguage\":\"de\",\"@id\":\"https:\\\/\\\/rczone.ee\\\/#\\\/schema\\\/logo\\\/image\\\/\",\"url\":\"https:\\\/\\\/rczone.ee\\\/wp-content\\\/uploads\\\/2024\\\/01\\\/3D.png\",\"contentUrl\":\"https:\\\/\\\/rczone.ee\\\/wp-content\\\/uploads\\\/2024\\\/01\\\/3D.png\",\"width\":2080,\"height\":602,\"caption\":\"RcZone\"},\"image\":{\"@id\":\"https:\\\/\\\/rczone.ee\\\/#\\\/schema\\\/logo\\\/image\\\/\"},\"sameAs\":[\"https:\\\/\\\/www.facebook.com\\\/rczone.ee\"]}]}<\/script>\n<!-- \/ Yoast SEO plugin. -->","yoast_head_json":{"title":"R\u00fcckkehr - RC Zone | Funkgesteuerte Autos","robots":{"index":"index","follow":"follow","max-snippet":"max-snippet:-1","max-image-preview":"max-image-preview:large","max-video-preview":"max-video-preview:-1"},"canonical":"https:\/\/rczone.ee\/de\/zuruck-zu\/","og_locale":"de_DE","og_type":"article","og_title":"Tagastamine - RC Zone | Raadio teel juhitavad autod","og_url":"https:\/\/rczone.ee\/de\/zuruck-zu\/","og_site_name":"RC Zone | Raadio teel juhitavad autod","article_publisher":"https:\/\/www.facebook.com\/rczone.ee","article_modified_time":"2025-11-09T13:44:04+00:00","twitter_card":"summary_large_image","twitter_misc":{"Gesch\u00e4tzte Lesezeit":"2\u00a0Minuten"},"schema":{"@context":"https:\/\/schema.org","@graph":[{"@type":"WebPage","@id":"https:\/\/rczone.ee\/tagastus\/","url":"https:\/\/rczone.ee\/tagastus\/","name":"R\u00fcckkehr - RC Zone | Funkgesteuerte Autos","isPartOf":{"@id":"https:\/\/rczone.ee\/#website"},"datePublished":"2024-10-19T12:52:13+00:00","dateModified":"2025-11-09T13:44:04+00:00","breadcrumb":{"@id":"https:\/\/rczone.ee\/tagastus\/#breadcrumb"},"inLanguage":"de","potentialAction":[{"@type":"ReadAction","target":["https:\/\/rczone.ee\/tagastus\/"]}]},{"@type":"BreadcrumbList","@id":"https:\/\/rczone.ee\/tagastus\/#breadcrumb","itemListElement":[{"@type":"ListItem","position":1,"name":"Home","item":"https:\/\/rczone.ee\/"},{"@type":"ListItem","position":2,"name":"Tagastamine"}]},{"@type":"WebSite","@id":"https:\/\/rczone.ee\/#website","url":"https:\/\/rczone.ee\/","name":"RcZone","description":"RcZone - Online Shop f\u00fcr funkgesteuerte Autos. Wir verkaufen eine breite Palette von qualitativ hochwertigen und leistungsstarken RC-Autos. Schnelle Lieferung und g\u00fcnstige Preise.","publisher":{"@id":"https:\/\/rczone.ee\/#organization"},"potentialAction":[{"@type":"SearchAction","target":{"@type":"EntryPoint","urlTemplate":"https:\/\/rczone.ee\/?s={search_term_string}"},"query-input":{"@type":"PropertyValueSpecification","valueRequired":true,"valueName":"search_term_string"}}],"inLanguage":"de"},{"@type":"Organization","@id":"https:\/\/rczone.ee\/#organization","name":"RcZone","url":"https:\/\/rczone.ee\/","logo":{"@type":"ImageObject","inLanguage":"de","@id":"https:\/\/rczone.ee\/#\/schema\/logo\/image\/","url":"https:\/\/rczone.ee\/wp-content\/uploads\/2024\/01\/3D.png","contentUrl":"https:\/\/rczone.ee\/wp-content\/uploads\/2024\/01\/3D.png","width":2080,"height":602,"caption":"RcZone"},"image":{"@id":"https:\/\/rczone.ee\/#\/schema\/logo\/image\/"},"sameAs":["https:\/\/www.facebook.com\/rczone.ee"]}]}},"_links":{"self":[{"href":"https:\/\/rczone.ee\/de\/wp-json\/wp\/v2\/pages\/1550","targetHints":{"allow":["GET"]}}],"collection":[{"href":"https:\/\/rczone.ee\/de\/wp-json\/wp\/v2\/pages"}],"about":[{"href":"https:\/\/rczone.ee\/de\/wp-json\/wp\/v2\/types\/page"}],"author":[{"embeddable":true,"href":"https:\/\/rczone.ee\/de\/wp-json\/wp\/v2\/users\/1"}],"replies":[{"embeddable":true,"href":"https:\/\/rczone.ee\/de\/wp-json\/wp\/v2\/comments?post=1550"}],"version-history":[{"count":15,"href":"https:\/\/rczone.ee\/de\/wp-json\/wp\/v2\/pages\/1550\/revisions"}],"predecessor-version":[{"id":4795,"href":"https:\/\/rczone.ee\/de\/wp-json\/wp\/v2\/pages\/1550\/revisions\/4795"}],"wp:attachment":[{"href":"https:\/\/rczone.ee\/de\/wp-json\/wp\/v2\/media?parent=1550"}],"curies":[{"name":"wp","href":"https:\/\/api.w.org\/{rel}","templated":true}]}}