{"id":1619,"date":"2024-10-23T20:27:32","date_gmt":"2024-10-23T17:27:32","guid":{"rendered":"https:\/\/rczone.ee\/?page_id=1619"},"modified":"2025-11-09T15:14:44","modified_gmt":"2025-11-09T13:14:44","slug":"kkk","status":"publish","type":"page","link":"https:\/\/rczone.ee\/de\/kkk\/","title":{"rendered":"FAQ"},"content":{"rendered":"<div class=\"container section-title-container\" ><h3 class=\"section-title section-title-center\"><b aria-hidden=\"true\"><\/b><span class=\"section-title-main\" >H\u00c4UFIG GESTELLTE FRAGEN<\/span><b aria-hidden=\"true\"><\/b><\/h3><\/div>\n\n<h3 class=\"accordion_title\">Allgemein<\/h3><div class=\"accordion\">\n\n\t<div id=\"accordion-2541103035\" class=\"accordion-item\">\n\t\t<a id=\"accordion-2541103035-label\" class=\"accordion-title plain\" href=\"#accordion-item-kus-te-asute,-kas-teil-f\u00fc\u00fcsiline-pood-v\u00f5i-salong-ka-on?\" aria-expanded=\"false\" aria-controls=\"accordion-2541103035-content\">\n\t\t\t<button class=\"toggle\" aria-label=\"Wechseln zu\"><i class=\"icon-angle-down\" aria-hidden=\"true\"><\/i><\/button>\n\t\t\t<span>Wo befinden Sie sich, haben Sie ein Gesch\u00e4ft oder einen Salon?<\/span>\n\t\t<\/a>\n\t\t<div id=\"accordion-2541103035-content\" class=\"accordion-inner\" aria-labelledby=\"accordion-2541103035-label\">\n\t\t\t\n\n<p>Wir arbeiten in Estland, in der l\u00e4ndlichen Gemeinde Saue, im Dorf Alliku. Wir betreiben einen Online-Shop, einen physischen Salon haben wir derzeit nicht.<\/p>\n<p>Wir versenden alle Waren selbst von unserem Lager vor Ort mit lokalen Kurierdiensten (Omniva, DPD, Itella Smartpost).<\/p>\n\n\t\t<\/div>\n\t<\/div>\n\t\n\n<\/div>\n<h3 class=\"accordion_title\">Lieferung an<\/h3><div class=\"accordion\">\n\n\t<div id=\"accordion-1557485213\" class=\"accordion-item\">\n\t\t<a id=\"accordion-1557485213-label\" class=\"accordion-title plain\" href=\"#accordion-item-millistesse-riikidesse-tellida-saab?\" aria-expanded=\"false\" aria-controls=\"accordion-1557485213-content\">\n\t\t\t<button class=\"toggle\" aria-label=\"Wechseln zu\"><i class=\"icon-angle-down\" aria-hidden=\"true\"><\/i><\/button>\n\t\t\t<span>In welche L\u00e4nder kann ich bestellen?<\/span>\n\t\t<\/a>\n\t\t<div id=\"accordion-1557485213-content\" class=\"accordion-inner\" aria-labelledby=\"accordion-1557485213-label\">\n\t\t\t\n\n<p>Bestellungen k\u00f6nnen aus Estland, Lettland, Litauen, Finnland und Deutschland aufgegeben werden.\u00a0<\/p>\n\n\t\t<\/div>\n\t<\/div>\n\t\n\t<div id=\"accordion-539542258\" class=\"accordion-item\">\n\t\t<a id=\"accordion-539542258-label\" class=\"accordion-title plain\" href=\"#accordion-item-millal-tellitud-auto-kohale-j\u00f5uab?\" aria-expanded=\"false\" aria-controls=\"accordion-539542258-content\">\n\t\t\t<button class=\"toggle\" aria-label=\"Wechseln zu\"><i class=\"icon-angle-down\" aria-hidden=\"true\"><\/i><\/button>\n\t\t\t<span>Wann wird das bestellte Auto eintreffen?<\/span>\n\t\t<\/a>\n\t\t<div id=\"accordion-539542258-content\" class=\"accordion-inner\" aria-labelledby=\"accordion-539542258-label\">\n\t\t\t\n\n<p>Wenn Sie aus Estland bestellen, versenden wir in der Regel innerhalb von 0-1 Werktag. In der Regel verwenden wir Paketautomaten oder Kuriere. Sobald die Ware dem Kurier \u00fcbergeben wurde, kommt sie in der Regel am n\u00e4chsten Werktag (in Estland) am Zielort an.<\/p>\n<p>Die bestellten Waren werden dem Kunden in Estland innerhalb von 1-3 Arbeitstagen ab dem Datum der Bestellung geliefert (im Durchschnitt am n\u00e4chsten Arbeitstag). Die genauen Lieferzeiten sind auf der Seite Lieferung angegeben: <a href=\"https:\/\/rczone.ee\/de\/lieferung-an\/\">https:\/\/rczone.ee\/kohaletoimetamine\/<\/a><\/p>\n<p>Bei Bestellungen aus anderen L\u00e4ndern sind die Lieferzeiten etwas l\u00e4nger, wenn sie in den Nachbarl\u00e4ndern weniger als 1 Woche betragen (z. B. Finnland 2-5 Tage, Deutschland 6-9 Tage).<\/p>\n\n\t\t<\/div>\n\t<\/div>\n\t\n\t<div id=\"accordion-1003669352\" class=\"accordion-item\">\n\t\t<a id=\"accordion-1003669352-label\" class=\"accordion-title plain\" href=\"#accordion-item-tellisin-kogemata-vale-auto,-kuidas-tagastada?\" aria-expanded=\"false\" aria-controls=\"accordion-1003669352-content\">\n\t\t\t<button class=\"toggle\" aria-label=\"Wechseln zu\"><i class=\"icon-angle-down\" aria-hidden=\"true\"><\/i><\/button>\n\t\t\t<span>Ich habe versehentlich das falsche Auto bestellt, wie kann ich es zur\u00fcckgeben?<\/span>\n\t\t<\/a>\n\t\t<div id=\"accordion-1003669352-content\" class=\"accordion-inner\" aria-labelledby=\"accordion-1003669352-label\">\n\t\t\t\n\n<p>Die bestellten Waren k\u00f6nnen innerhalb von 14 Tagen nach Erhalt zur\u00fcckgegeben werden (ausgenommen juristische Personen). Die zur\u00fcckgegebene Ware darf zu keinem anderen Zweck als zur \u00dcberpr\u00fcfung ihres Aussehens und ihrer Eigenschaften verwendet worden sein. Das Auto darf vor der R\u00fcckgabe nicht gefahren oder anderweitig benutzt worden sein, die Ware und die Verpackung m\u00fcssen unversehrt und die Ware vollst\u00e4ndig sein.<\/p>\n<p>Im Falle eines R\u00fcckgabeantrags senden Sie bitte eine Anfrage an unsere E-Mail-Adresse. <a href=\"mailto:info@rczone.ee\">info@rczone.ee<\/a>, unter Angabe des Namens des Bestellers, der Bestellnummer und des Bestelldatums, der Menge, des Namens und des Preises der bestellten Ware. Alle mit der R\u00fccksendung verbundenen Kosten gehen zu Lasten des K\u00e4ufers, es sei denn, die R\u00fccksendung ist darauf zur\u00fcckzuf\u00fchren, dass die gelieferte Ware nicht der bestellten entspricht. Wenn die Ware unbenutzt bei uns eintrifft und den Bedingungen entspricht, werden wir den Kaufbetrag innerhalb von 7 Tagen oder fr\u00fcher zur\u00fcckerstatten.<\/p>\n<p>Weitere Informationen finden Sie hier: <a href=\"https:\/\/rczone.ee\/de\/zuruck-zu\/\">https:\/\/rczone.ee\/tagastus\/<\/a><\/p>\n\n\t\t<\/div>\n\t<\/div>\n\t\n\t<div id=\"accordion-2305406034\" class=\"accordion-item\">\n\t\t<a id=\"accordion-2305406034-label\" class=\"accordion-title plain\" href=\"#accordion-item-auto-l\u00e4ks-kohe-esimesel-p\u00e4eval-katki,-kui-sellega-vastu-puud-s\u00f5itsin,-tahaks-tagastada.\" aria-expanded=\"false\" aria-controls=\"accordion-2305406034-content\">\n\t\t\t<button class=\"toggle\" aria-label=\"Wechseln zu\"><i class=\"icon-angle-down\" aria-hidden=\"true\"><\/i><\/button>\n\t\t\t<span>Das Auto ist am ersten Tag, an dem ich es gegen einen Baum gefahren habe, kaputt gegangen, ich w\u00fcrde es gerne zur\u00fcckgeben.<\/span>\n\t\t<\/a>\n\t\t<div id=\"accordion-2305406034-content\" class=\"accordion-inner\" aria-labelledby=\"accordion-2305406034-label\">\n\t\t\t\n\n<p>Gebrauchtwagen k\u00f6nnen leider nicht mehr zur\u00fcckgegeben werden. Wenn Ihr Auto w\u00e4hrend der Fahrt kaputt geht, k\u00f6nnen Sie sich f\u00fcr Ersatzteile an uns wenden. <a href=\"mailto:info@rczone.ee\">info@rczone.ee<\/a>.<\/p>\n<p>Weitere Informationen finden Sie hier: <a href=\"https:\/\/rczone.ee\/de\/zuruck-zu\/\">https:\/\/rczone.ee\/tagastus\/<\/a><\/p>\n\n\t\t<\/div>\n\t<\/div>\n\t\n\n<\/div>\n<h3 class=\"accordion_title\">Produkte<\/h3><div class=\"accordion\">\n\n\t<div id=\"accordion-777296802\" class=\"accordion-item\">\n\t\t<a id=\"accordion-777296802-label\" class=\"accordion-title plain\" href=\"#accordion-item-kas-varuosasid-ka-m\u00fc\u00fcte?\" aria-expanded=\"false\" aria-controls=\"accordion-777296802-content\">\n\t\t\t<button class=\"toggle\" aria-label=\"Wechseln zu\"><i class=\"icon-angle-down\" aria-hidden=\"true\"><\/i><\/button>\n\t\t\t<span>Verkaufen Sie auch Ersatzteile?<\/span>\n\t\t<\/a>\n\t\t<div id=\"accordion-777296802-content\" class=\"accordion-inner\" aria-labelledby=\"accordion-777296802-label\">\n\t\t\t\n\n<p>Wir haben die meisten g\u00e4ngigen Ersatzteile auf Lager und k\u00f6nnen sie \u00fcber unseren Online-Shop bestellen und schnell liefern.<\/p>\n<p>Wenn an Ihrem Auto etwas kaputt geht und das ben\u00f6tigte Ersatzteil nicht auf der Website zu finden ist, k\u00f6nnen Sie sich per E-Mail an uns wenden, um alle Ersatzteile zu erhalten, die wir f\u00fcr alle Fahrzeuge in unserem Angebot haben (<a href=\"mailto:info@rczone.ee\">info@rczone.ee<\/a>) und wir k\u00f6nnen in der Regel die von Ihnen ben\u00f6tigten Teile bei unseren Lieferanten bestellen.<\/p>\n\n\t\t<\/div>\n\t<\/div>\n\t\n\t<div id=\"accordion-3265453241\" class=\"accordion-item\">\n\t\t<a id=\"accordion-3265453241-label\" class=\"accordion-title plain\" href=\"#accordion-item-kas-saan-kahe-\u00fchesuguse-autoga-samaaegselt-v\u00f5idu-s\u00f5ita?\" aria-expanded=\"false\" aria-controls=\"accordion-3265453241-content\">\n\t\t\t<button class=\"toggle\" aria-label=\"Wechseln zu\"><i class=\"icon-angle-down\" aria-hidden=\"true\"><\/i><\/button>\n\t\t\t<span>Kann ich mit zwei identischen Autos gleichzeitig fahren?<\/span>\n\t\t<\/a>\n\t\t<div id=\"accordion-3265453241-content\" class=\"accordion-inner\" aria-labelledby=\"accordion-3265453241-label\">\n\t\t\t\n\n<p>Ja. Es ist wichtig, die Ger\u00e4te in der richtigen Reihenfolge einzuschalten.<\/p>\n<p>Sie m\u00fcssen die erste Konsole und dann das erste Fahrzeug einschalten (wenn Sie das Fahrzeug einschalten, wird es automatisch mit der nicht angeschlossenen Konsole im weiten Bereich verbunden). Dann schalten Sie die zweite Konsole und dann das zweite Fahrzeug ein. Die Anzahl der Kabinen ist nicht begrenzt, solange Sie die richtige Reihenfolge beim Einschalten der Ger\u00e4te einhalten.<\/p>\n\n\t\t<\/div>\n\t<\/div>\n\t\n\t<div id=\"accordion-1327779206\" class=\"accordion-item\">\n\t\t<a id=\"accordion-1327779206-label\" class=\"accordion-title plain\" href=\"#accordion-item-kas-auto-on-veekindel?\" aria-expanded=\"false\" aria-controls=\"accordion-1327779206-content\">\n\t\t\t<button class=\"toggle\" aria-label=\"Wechseln zu\"><i class=\"icon-angle-down\" aria-hidden=\"true\"><\/i><\/button>\n\t\t\t<span>Ist das Auto wasserdicht?<\/span>\n\t\t<\/a>\n\t\t<div id=\"accordion-1327779206-content\" class=\"accordion-inner\" aria-labelledby=\"accordion-1327779206-label\">\n\t\t\t\n\n<p>Versch\u00fcttetes Wasser sollte vermieden werden. Kein Auto vertr\u00e4gt es, in Wasser getaucht zu werden, das die Elektronik besch\u00e4digen kann.\u00a0<\/p>\n<p>Bei einigen Fahrzeugen sind die elektronischen Bauteile mit einem wasserabweisenden Mittel behandelt, um sie vor Feuchtigkeit zu sch\u00fctzen (dies ist in der Fahrzeugbeschreibung angegeben). Solche Fahrzeuge k\u00f6nnen Spritzer und Schmutz vertragen, sollten aber nach dem Nasswerden getrocknet werden.\u00a0<\/p>\n<p>Wenn das Auto vollst\u00e4ndig in Wasser getaucht wird, muss als Erstes die Batterie so schnell wie m\u00f6glich abgeklemmt und an einen brandsicheren Ort gebracht werden, da sie (auch danach) in Brand geraten kann. <span style=\"text-decoration: underline;\"><strong>Eine ins Wasser versch\u00fcttete Lithiumbatterie darf nicht mehr verwendet werden und muss nach dem Austrocknen fachgerecht entsorgt werden!<\/strong> <\/span>Das Auto muss vollst\u00e4ndig trocknen, und es besteht auch die M\u00f6glichkeit, dass es irreparabel besch\u00e4digt wurde.\u00a0<\/p>\n\n\t\t<\/div>\n\t<\/div>\n\t\n\t<div id=\"accordion-545903939\" class=\"accordion-item\">\n\t\t<a id=\"accordion-545903939-label\" class=\"accordion-title plain\" href=\"#accordion-item-miks-on-minu-rc-auto-esirattad-otseasendis-natuke-v\u00e4ljapoole-p\u00f6\u00f6ratud?-kas-see-on-normaalne?\" aria-expanded=\"false\" aria-controls=\"accordion-545903939-content\">\n\t\t\t<button class=\"toggle\" aria-label=\"Wechseln zu\"><i class=\"icon-angle-down\" aria-hidden=\"true\"><\/i><\/button>\n\t\t\t<span>Warum sind die Vorderr\u00e4der meines RC-Autos ein wenig nach au\u00dfen gedreht, wenn es gerade steht? Ist das normal?<\/span>\n\t\t<\/a>\n\t\t<div id=\"accordion-545903939-content\" class=\"accordion-inner\" aria-labelledby=\"accordion-545903939-label\">\n\t\t\t\n\n<p>Dies ist v\u00f6llig normal und sogar die bevorzugte Einstellung f\u00fcr die meisten RC-Autos (insbesondere f\u00fcr Offroad-Modelle). Dieses Ph\u00e4nomen wird als \"<strong>Zehen raus\"<\/strong>.<\/p>\n<p>\"Vorspur\" bedeutet, dass die Vorderr\u00e4der des Fahrzeugs beim Geradeausfahren leicht nach au\u00dfen zeigen und nicht perfekt parallel zur Fahrbahn stehen. Diese Einstellung verbessert das Fahrverhalten des Fahrzeugs auf unebenem Untergrund und beim Durchfahren von Kurven. Mit der Einstellung \"Vorspur\" reagiert das Fahrzeug schneller auf das Lenkrad und l\u00e4sst sich direkter und pr\u00e4ziser in die Kurve einlenken. Au\u00dferdem hilft es, auf unebenem Gel\u00e4nde die Richtung zu halten.<\/p>\n<p>Die \"Vorspur\" macht die Front des Fahrzeugs empfindlicher f\u00fcr Lenkbewegungen und kann das Fahrzeug in Kurven etwas nerv\u00f6ser machen. Allerdings werden dadurch das Handling und der Wendekreis deutlich verbessert.<\/p>\n\n\t\t<\/div>\n\t<\/div>\n\t\n\t<div id=\"accordion-1266316984\" class=\"accordion-item\">\n\t\t<a id=\"accordion-1266316984-label\" class=\"accordion-title plain\" href=\"#accordion-item-kas-autole-kehtib-garantii?\" aria-expanded=\"false\" aria-controls=\"accordion-1266316984-content\">\n\t\t\t<button class=\"toggle\" aria-label=\"Wechseln zu\"><i class=\"icon-angle-down\" aria-hidden=\"true\"><\/i><\/button>\n\t\t\t<span>Besteht f\u00fcr das Fahrzeug eine Garantie?<\/span>\n\t\t<\/a>\n\t\t<div id=\"accordion-1266316984-content\" class=\"accordion-inner\" aria-labelledby=\"accordion-1266316984-label\">\n\t\t\t\n\n<p>Wir gew\u00e4hren eine Betriebsgarantie f\u00fcr Autos. Aufgrund der Beschaffenheit von funkgesteuerten Autos k\u00f6nnen wir nicht f\u00fcr Defekte verantwortlich gemacht werden, die nach der Lieferung an den K\u00e4ufer auftreten. Sollte das Auto w\u00e4hrend des Betriebs kaputt gehen, k\u00f6nnen wir Ihnen bei der Beschaffung der notwendigen Ersatzteile oder nach Vereinbarung bei der Reparatur helfen. Wenden Sie sich dazu bitte an <a href=\"mailto:info@rczone.ee\">info@rczone.ee<\/a>.<\/p>\n<p>Weitere Informationen: <a href=\"https:\/\/rczone.ee\/de\/andere-bedingungen-und-konditionen\/\">https:\/\/rczone.ee\/muugitingimused\/<\/a><\/p>\n\n\t\t<\/div>\n\t<\/div>\n\t\n\n<\/div>","protected":false},"excerpt":{"rendered":"","protected":false},"author":1,"featured_media":0,"parent":0,"menu_order":0,"comment_status":"closed","ping_status":"closed","template":"","meta":{"_monsterinsights_skip_tracking":false,"_monsterinsights_sitenote_active":false,"_monsterinsights_sitenote_note":"","_monsterinsights_sitenote_category":0,"footnotes":""},"class_list":["post-1619","page","type-page","status-publish","hentry"],"yoast_head":"<!-- This site is optimized with the Yoast SEO plugin v27.4 - https:\/\/yoast.com\/product\/yoast-seo-wordpress\/ -->\n<title>KKK - RC Zone | Raadio teel juhitavad autod<\/title>\n<meta name=\"robots\" content=\"index, follow, max-snippet:-1, max-image-preview:large, max-video-preview:-1\" \/>\n<link rel=\"canonical\" href=\"https:\/\/rczone.ee\/de\/kkk\/\" \/>\n<meta property=\"og:locale\" content=\"de_DE\" \/>\n<meta property=\"og:type\" content=\"article\" \/>\n<meta property=\"og:title\" content=\"KKK - RC Zone | Raadio teel juhitavad autod\" \/>\n<meta property=\"og:url\" content=\"https:\/\/rczone.ee\/de\/kkk\/\" \/>\n<meta property=\"og:site_name\" content=\"RC Zone | Raadio teel juhitavad autod\" \/>\n<meta property=\"article:publisher\" content=\"https:\/\/www.facebook.com\/rczone.ee\" \/>\n<meta property=\"article:modified_time\" content=\"2025-11-09T13:14:44+00:00\" \/>\n<meta name=\"twitter:card\" content=\"summary_large_image\" \/>\n<script type=\"application\/ld+json\" class=\"yoast-schema-graph\">{\"@context\":\"https:\\\/\\\/schema.org\",\"@graph\":[{\"@type\":\"WebPage\",\"@id\":\"https:\\\/\\\/rczone.ee\\\/kkk\\\/\",\"url\":\"https:\\\/\\\/rczone.ee\\\/kkk\\\/\",\"name\":\"KKK - RC Zone | Raadio teel juhitavad autod\",\"isPartOf\":{\"@id\":\"https:\\\/\\\/rczone.ee\\\/#website\"},\"datePublished\":\"2024-10-23T17:27:32+00:00\",\"dateModified\":\"2025-11-09T13:14:44+00:00\",\"breadcrumb\":{\"@id\":\"https:\\\/\\\/rczone.ee\\\/kkk\\\/#breadcrumb\"},\"inLanguage\":\"de\",\"potentialAction\":[{\"@type\":\"ReadAction\",\"target\":[\"https:\\\/\\\/rczone.ee\\\/kkk\\\/\"]}]},{\"@type\":\"BreadcrumbList\",\"@id\":\"https:\\\/\\\/rczone.ee\\\/kkk\\\/#breadcrumb\",\"itemListElement\":[{\"@type\":\"ListItem\",\"position\":1,\"name\":\"Home\",\"item\":\"https:\\\/\\\/rczone.ee\\\/\"},{\"@type\":\"ListItem\",\"position\":2,\"name\":\"KKK\"}]},{\"@type\":\"WebSite\",\"@id\":\"https:\\\/\\\/rczone.ee\\\/#website\",\"url\":\"https:\\\/\\\/rczone.ee\\\/\",\"name\":\"RcZone\",\"description\":\"RcZone - Raadio teel juhitavate autode veebipood. M&uuml;&uuml;me laia valikut kvaliteetseid ja v&otilde;imsaid RC-autosid. Kiire tarne ja konkurentsiv&otilde;imelised hinnad.\",\"publisher\":{\"@id\":\"https:\\\/\\\/rczone.ee\\\/#organization\"},\"potentialAction\":[{\"@type\":\"SearchAction\",\"target\":{\"@type\":\"EntryPoint\",\"urlTemplate\":\"https:\\\/\\\/rczone.ee\\\/?s={search_term_string}\"},\"query-input\":{\"@type\":\"PropertyValueSpecification\",\"valueRequired\":true,\"valueName\":\"search_term_string\"}}],\"inLanguage\":\"de\"},{\"@type\":\"Organization\",\"@id\":\"https:\\\/\\\/rczone.ee\\\/#organization\",\"name\":\"RcZone\",\"url\":\"https:\\\/\\\/rczone.ee\\\/\",\"logo\":{\"@type\":\"ImageObject\",\"inLanguage\":\"de\",\"@id\":\"https:\\\/\\\/rczone.ee\\\/#\\\/schema\\\/logo\\\/image\\\/\",\"url\":\"https:\\\/\\\/rczone.ee\\\/wp-content\\\/uploads\\\/2024\\\/01\\\/3D.png\",\"contentUrl\":\"https:\\\/\\\/rczone.ee\\\/wp-content\\\/uploads\\\/2024\\\/01\\\/3D.png\",\"width\":2080,\"height\":602,\"caption\":\"RcZone\"},\"image\":{\"@id\":\"https:\\\/\\\/rczone.ee\\\/#\\\/schema\\\/logo\\\/image\\\/\"},\"sameAs\":[\"https:\\\/\\\/www.facebook.com\\\/rczone.ee\"]}]}<\/script>\n<!-- \/ Yoast SEO plugin. -->","yoast_head_json":{"title":"FAQ - RC Zone | Funkgesteuerte Autos","robots":{"index":"index","follow":"follow","max-snippet":"max-snippet:-1","max-image-preview":"max-image-preview:large","max-video-preview":"max-video-preview:-1"},"canonical":"https:\/\/rczone.ee\/de\/kkk\/","og_locale":"de_DE","og_type":"article","og_title":"KKK - RC Zone | Raadio teel juhitavad autod","og_url":"https:\/\/rczone.ee\/de\/kkk\/","og_site_name":"RC Zone | Raadio teel juhitavad autod","article_publisher":"https:\/\/www.facebook.com\/rczone.ee","article_modified_time":"2025-11-09T13:14:44+00:00","twitter_card":"summary_large_image","schema":{"@context":"https:\/\/schema.org","@graph":[{"@type":"WebPage","@id":"https:\/\/rczone.ee\/kkk\/","url":"https:\/\/rczone.ee\/kkk\/","name":"FAQ - RC Zone | Funkgesteuerte Autos","isPartOf":{"@id":"https:\/\/rczone.ee\/#website"},"datePublished":"2024-10-23T17:27:32+00:00","dateModified":"2025-11-09T13:14:44+00:00","breadcrumb":{"@id":"https:\/\/rczone.ee\/kkk\/#breadcrumb"},"inLanguage":"de","potentialAction":[{"@type":"ReadAction","target":["https:\/\/rczone.ee\/kkk\/"]}]},{"@type":"BreadcrumbList","@id":"https:\/\/rczone.ee\/kkk\/#breadcrumb","itemListElement":[{"@type":"ListItem","position":1,"name":"Home","item":"https:\/\/rczone.ee\/"},{"@type":"ListItem","position":2,"name":"KKK"}]},{"@type":"WebSite","@id":"https:\/\/rczone.ee\/#website","url":"https:\/\/rczone.ee\/","name":"RcZone","description":"RcZone - Online Shop f\u00fcr funkgesteuerte Autos. Wir verkaufen eine breite Palette von qualitativ hochwertigen und leistungsstarken RC-Autos. Schnelle Lieferung und g\u00fcnstige Preise.","publisher":{"@id":"https:\/\/rczone.ee\/#organization"},"potentialAction":[{"@type":"SearchAction","target":{"@type":"EntryPoint","urlTemplate":"https:\/\/rczone.ee\/?s={search_term_string}"},"query-input":{"@type":"PropertyValueSpecification","valueRequired":true,"valueName":"search_term_string"}}],"inLanguage":"de"},{"@type":"Organization","@id":"https:\/\/rczone.ee\/#organization","name":"RcZone","url":"https:\/\/rczone.ee\/","logo":{"@type":"ImageObject","inLanguage":"de","@id":"https:\/\/rczone.ee\/#\/schema\/logo\/image\/","url":"https:\/\/rczone.ee\/wp-content\/uploads\/2024\/01\/3D.png","contentUrl":"https:\/\/rczone.ee\/wp-content\/uploads\/2024\/01\/3D.png","width":2080,"height":602,"caption":"RcZone"},"image":{"@id":"https:\/\/rczone.ee\/#\/schema\/logo\/image\/"},"sameAs":["https:\/\/www.facebook.com\/rczone.ee"]}]}},"_links":{"self":[{"href":"https:\/\/rczone.ee\/de\/wp-json\/wp\/v2\/pages\/1619","targetHints":{"allow":["GET"]}}],"collection":[{"href":"https:\/\/rczone.ee\/de\/wp-json\/wp\/v2\/pages"}],"about":[{"href":"https:\/\/rczone.ee\/de\/wp-json\/wp\/v2\/types\/page"}],"author":[{"embeddable":true,"href":"https:\/\/rczone.ee\/de\/wp-json\/wp\/v2\/users\/1"}],"replies":[{"embeddable":true,"href":"https:\/\/rczone.ee\/de\/wp-json\/wp\/v2\/comments?post=1619"}],"version-history":[{"count":25,"href":"https:\/\/rczone.ee\/de\/wp-json\/wp\/v2\/pages\/1619\/revisions"}],"predecessor-version":[{"id":4794,"href":"https:\/\/rczone.ee\/de\/wp-json\/wp\/v2\/pages\/1619\/revisions\/4794"}],"wp:attachment":[{"href":"https:\/\/rczone.ee\/de\/wp-json\/wp\/v2\/media?parent=1619"}],"curies":[{"name":"wp","href":"https:\/\/api.w.org\/{rel}","templated":true}]}}