{"id":1696,"date":"2024-10-24T11:00:44","date_gmt":"2024-10-24T08:00:44","guid":{"rendered":"https:\/\/rczone.ee\/?page_id=1696"},"modified":"2025-12-25T14:56:58","modified_gmt":"2025-12-25T12:56:58","slug":"lieferung-an","status":"publish","type":"page","link":"https:\/\/rczone.ee\/de\/kohaletoimetamine\/","title":{"rendered":"Lieferung an"},"content":{"rendered":"<div class=\"container section-title-container\" ><h3 class=\"section-title section-title-center\"><b aria-hidden=\"true\"><\/b><span class=\"section-title-main\" >Lieferung an<\/span><b aria-hidden=\"true\"><\/b><\/h3><\/div>\n\n<p>Wir sind bestrebt, Bestellungen schnell und reibungslos auszuliefern. Wir akzeptieren Bestellungen f\u00fcr <strong>Aus Estland, Lettland, Litauen und Finnland<\/strong>. Hier finden Sie einen detaillierten \u00dcberblick \u00fcber unseren Lieferprozess.<\/p>\n<h4>Auftragsabwicklung und Lieferzeiten<\/h4>\n<p>Sobald Sie eine Bestellung aufgegeben haben, wird unser Team mit der Bearbeitung beginnen. Der Zeitplan ist wie folgt:<\/p>\n<ul>\n<li>Arbeitszeiten: Mo-Fr 9:00-17:00<\/li>\n<li>Auftragsabwicklung: von Montag bis Freitag bis 14:00 Uhr (GMT+02:00) osteurop\u00e4ischer Zeit (Tallinn).<\/li>\n<li>Frist f\u00fcr die Bearbeitung der Bestellung und \u00dcbergabe an den Kurierdienst: 0-1 Arbeitstag.<\/li>\n<li>Lieferzeiten von Kurierdiensten:\n<ul>\n<li>Estland: 1-2 Arbeitstage<\/li>\n<li>Lettland: 1-4 Arbeitstage<\/li>\n<li>Litauen: 1-4 Arbeitstage<\/li>\n<li>Finnland: 2-4 Arbeitstage<\/li>\n<\/ul>\n<\/li>\n<\/ul>\n<h4>Best\u00e4tigung der Bestellung<\/h4>\n<p>Wenn die Bestellung aufgegeben wird, schicken wir dem Kunden sofort eine E-Mail mit detaillierten Informationen \u00fcber die Bestellung, um zu best\u00e4tigen, dass die Bestellung uns erreicht hat. Sobald die Bestellung an das Kurierunternehmen \u00fcbergeben wurde, senden wir eine E-Mail mit der Auftragsverfolgungsnummer als Best\u00e4tigung.<\/p>\n<h4>Kurierdienste<\/h4>\n<p>Wir nutzen die Dienste von Unisend, Omniva, DPD und Smartpost f\u00fcr den Versand von Waren. Die Versandkosten sind wie folgt (EUR):<\/p>\n<table style=\"height: 242px;\" width=\"478\">\n<tbody>\n<tr>\n<td width=\"137\">EUR<\/td>\n<td style=\"text-align: center;\" width=\"64\">Estland<\/td>\n<td style=\"text-align: center;\" width=\"64\">Lettland<\/td>\n<td style=\"text-align: center;\" width=\"64\">Litauen<\/td>\n<td style=\"text-align: center;\" width=\"64\">Finnland<\/td>\n<\/tr>\n<tr>\n<td>Unisend\u2011Paketautomat<\/td>\n<td style=\"text-align: center;\">1,59<\/td>\n<td style=\"text-align: center;\">2,43<\/td>\n<td style=\"text-align: center;\">2,43<\/td>\n<td style=\"text-align: center;\">k.A.<\/td>\n<\/tr>\n<tr>\n<td>DPD-Paketautomat<\/td>\n<td style=\"text-align: center;\">2,99<\/td>\n<td style=\"text-align: center;\">4,89<\/td>\n<td style=\"text-align: center;\">4,89<\/td>\n<td style=\"text-align: center;\">12,39<\/td>\n<\/tr>\n<tr>\n<td>Omniva-Paketautomat<\/td>\n<td style=\"text-align: center;\">2,99<\/td>\n<td style=\"text-align: center;\">4,89<\/td>\n<td style=\"text-align: center;\">4,89<\/td>\n<td style=\"text-align: center;\">k.A.<\/td>\n<\/tr>\n<tr>\n<td>Smartposti\u2011Paketautomat<\/td>\n<td style=\"text-align: center;\">5,95<\/td>\n<td style=\"text-align: center;\">k.A.<\/td>\n<td style=\"text-align: center;\">k.A.<\/td>\n<td style=\"text-align: center;\">9,30<\/td>\n<\/tr>\n<tr>\n<td>Omniva-Kurier<\/td>\n<td style=\"text-align: center;\">6,71<\/td>\n<td style=\"text-align: center;\">8,91<\/td>\n<td style=\"text-align: center;\">8,91<\/td>\n<td style=\"text-align: center;\">k.A.<\/td>\n<\/tr>\n<tr>\n<td style=\"text-align: left;\">Smartpost Postamt<\/td>\n<td style=\"text-align: center;\">k.A.<\/td>\n<td style=\"text-align: center;\">k.A.<\/td>\n<td style=\"text-align: center;\">k.A.<\/td>\n<td style=\"text-align: center;\">k.A.<\/td>\n<\/tr>\n<\/tbody>\n<\/table>\n<h4>Fehlende Sendung<\/h4>\n<p>Wenn Ihre Bestellung in der Sendungsverfolgung als zugestellt markiert wurde, Sie sie aber nicht erhalten haben, \u00fcberpr\u00fcfen Sie die Lieferadresse und Ihre Kontaktdaten (einschlie\u00dflich Telefonnummer). Wenn diese in der Auftragsbest\u00e4tigung korrekt sind, kontaktieren Sie uns umgehend per E-Mail. <strong>info@rczone.ee<\/strong> und wir werden uns selbst darum k\u00fcmmern. Wenn das Paket nicht gefunden wird und aus irgendeinem Grund verloren geht, entweder durch uns oder den Kurierdienst, schicken wir ein neues Paket oder erstatten die Kosten der Bestellung (je nach Wunsch des Kunden).<\/p>\n<p><strong>Kundenbetreuung: MO-FR 9.00-17:00<\/strong><\/p>\n<p><strong>Adresse:<\/strong> Tammelehe tee 22, Alliku, 76403 Landkreis Harju, Estland<\/p>\n<p>Tel:\u00a0<span class=\"x4k7w5x x1h91t0o x1h9r5lt x1jfb8zj xv2umb2 x1beo9mf xaigb6o x12ejxvf x3igimt xarpa2k xedcshv x1lytzrv x1t2pt76 x7ja8zs x1qrby5j\"><span class=\"x193iq5w xeuugli x13faqbe x1vvkbs x1xmvt09 x1lliihq x1s928wv xhkezso x1gmr53x x1cpjm7i x1fgarty x1943h6x xudqn12 x3x7a5m x6prxxf xvq8zen xo1l8bm xzsf02u\" dir=\"auto\">+372 5613 4915<\/span><\/span><\/p>\n<p>E-Mail: <a href=\"mailto:info@rczone.ee\">info@rczone.ee<\/a><\/p>\n<p>Vielen Dank, dass Sie sich f\u00fcr RcZone.ee entschieden haben! Wir werden unser Bestes tun, um Ihre Auftr\u00e4ge schnell und professionell zu liefern!<\/p>","protected":false},"excerpt":{"rendered":"","protected":false},"author":1,"featured_media":0,"parent":0,"menu_order":0,"comment_status":"closed","ping_status":"closed","template":"","meta":{"_monsterinsights_skip_tracking":false,"_monsterinsights_sitenote_active":false,"_monsterinsights_sitenote_note":"","_monsterinsights_sitenote_category":0,"footnotes":""},"class_list":["post-1696","page","type-page","status-publish","hentry"],"yoast_head":"<!-- This site is optimized with the Yoast SEO plugin v27.4 - https:\/\/yoast.com\/product\/yoast-seo-wordpress\/ -->\n<title>Kohaletoimetamine - RC Zone | Raadio teel juhitavad autod<\/title>\n<meta name=\"robots\" content=\"index, follow, max-snippet:-1, max-image-preview:large, max-video-preview:-1\" \/>\n<link rel=\"canonical\" href=\"https:\/\/rczone.ee\/de\/lieferung-an\/\" \/>\n<meta property=\"og:locale\" content=\"de_DE\" \/>\n<meta property=\"og:type\" content=\"article\" \/>\n<meta property=\"og:title\" content=\"Kohaletoimetamine - RC Zone | Raadio teel juhitavad autod\" \/>\n<meta property=\"og:url\" content=\"https:\/\/rczone.ee\/de\/lieferung-an\/\" \/>\n<meta property=\"og:site_name\" content=\"RC Zone | Raadio teel juhitavad autod\" \/>\n<meta property=\"article:publisher\" content=\"https:\/\/www.facebook.com\/rczone.ee\" \/>\n<meta property=\"article:modified_time\" content=\"2025-12-25T12:56:58+00:00\" \/>\n<meta name=\"twitter:card\" content=\"summary_large_image\" \/>\n<meta name=\"twitter:label1\" content=\"Gesch\u00e4tzte Lesezeit\" \/>\n\t<meta name=\"twitter:data1\" content=\"2\u00a0Minuten\" \/>\n<script type=\"application\/ld+json\" class=\"yoast-schema-graph\">{\"@context\":\"https:\\\/\\\/schema.org\",\"@graph\":[{\"@type\":\"WebPage\",\"@id\":\"https:\\\/\\\/rczone.ee\\\/kohaletoimetamine\\\/\",\"url\":\"https:\\\/\\\/rczone.ee\\\/kohaletoimetamine\\\/\",\"name\":\"Kohaletoimetamine - RC Zone | Raadio teel juhitavad autod\",\"isPartOf\":{\"@id\":\"https:\\\/\\\/rczone.ee\\\/#website\"},\"datePublished\":\"2024-10-24T08:00:44+00:00\",\"dateModified\":\"2025-12-25T12:56:58+00:00\",\"breadcrumb\":{\"@id\":\"https:\\\/\\\/rczone.ee\\\/kohaletoimetamine\\\/#breadcrumb\"},\"inLanguage\":\"de\",\"potentialAction\":[{\"@type\":\"ReadAction\",\"target\":[\"https:\\\/\\\/rczone.ee\\\/kohaletoimetamine\\\/\"]}]},{\"@type\":\"BreadcrumbList\",\"@id\":\"https:\\\/\\\/rczone.ee\\\/kohaletoimetamine\\\/#breadcrumb\",\"itemListElement\":[{\"@type\":\"ListItem\",\"position\":1,\"name\":\"Home\",\"item\":\"https:\\\/\\\/rczone.ee\\\/\"},{\"@type\":\"ListItem\",\"position\":2,\"name\":\"Kohaletoimetamine\"}]},{\"@type\":\"WebSite\",\"@id\":\"https:\\\/\\\/rczone.ee\\\/#website\",\"url\":\"https:\\\/\\\/rczone.ee\\\/\",\"name\":\"RcZone\",\"description\":\"RcZone - Raadio teel juhitavate autode veebipood. M&uuml;&uuml;me laia valikut kvaliteetseid ja v&otilde;imsaid RC-autosid. Kiire tarne ja konkurentsiv&otilde;imelised hinnad.\",\"publisher\":{\"@id\":\"https:\\\/\\\/rczone.ee\\\/#organization\"},\"potentialAction\":[{\"@type\":\"SearchAction\",\"target\":{\"@type\":\"EntryPoint\",\"urlTemplate\":\"https:\\\/\\\/rczone.ee\\\/?s={search_term_string}\"},\"query-input\":{\"@type\":\"PropertyValueSpecification\",\"valueRequired\":true,\"valueName\":\"search_term_string\"}}],\"inLanguage\":\"de\"},{\"@type\":\"Organization\",\"@id\":\"https:\\\/\\\/rczone.ee\\\/#organization\",\"name\":\"RcZone\",\"url\":\"https:\\\/\\\/rczone.ee\\\/\",\"logo\":{\"@type\":\"ImageObject\",\"inLanguage\":\"de\",\"@id\":\"https:\\\/\\\/rczone.ee\\\/#\\\/schema\\\/logo\\\/image\\\/\",\"url\":\"https:\\\/\\\/rczone.ee\\\/wp-content\\\/uploads\\\/2024\\\/01\\\/3D.png\",\"contentUrl\":\"https:\\\/\\\/rczone.ee\\\/wp-content\\\/uploads\\\/2024\\\/01\\\/3D.png\",\"width\":2080,\"height\":602,\"caption\":\"RcZone\"},\"image\":{\"@id\":\"https:\\\/\\\/rczone.ee\\\/#\\\/schema\\\/logo\\\/image\\\/\"},\"sameAs\":[\"https:\\\/\\\/www.facebook.com\\\/rczone.ee\"]}]}<\/script>\n<!-- \/ Yoast SEO plugin. -->","yoast_head_json":{"title":"Lieferung - RC Zone | Funkgesteuerte Autos","robots":{"index":"index","follow":"follow","max-snippet":"max-snippet:-1","max-image-preview":"max-image-preview:large","max-video-preview":"max-video-preview:-1"},"canonical":"https:\/\/rczone.ee\/de\/lieferung-an\/","og_locale":"de_DE","og_type":"article","og_title":"Kohaletoimetamine - RC Zone | Raadio teel juhitavad autod","og_url":"https:\/\/rczone.ee\/de\/lieferung-an\/","og_site_name":"RC Zone | Raadio teel juhitavad autod","article_publisher":"https:\/\/www.facebook.com\/rczone.ee","article_modified_time":"2025-12-25T12:56:58+00:00","twitter_card":"summary_large_image","twitter_misc":{"Gesch\u00e4tzte Lesezeit":"2\u00a0Minuten"},"schema":{"@context":"https:\/\/schema.org","@graph":[{"@type":"WebPage","@id":"https:\/\/rczone.ee\/kohaletoimetamine\/","url":"https:\/\/rczone.ee\/kohaletoimetamine\/","name":"Lieferung - RC Zone | Funkgesteuerte Autos","isPartOf":{"@id":"https:\/\/rczone.ee\/#website"},"datePublished":"2024-10-24T08:00:44+00:00","dateModified":"2025-12-25T12:56:58+00:00","breadcrumb":{"@id":"https:\/\/rczone.ee\/kohaletoimetamine\/#breadcrumb"},"inLanguage":"de","potentialAction":[{"@type":"ReadAction","target":["https:\/\/rczone.ee\/kohaletoimetamine\/"]}]},{"@type":"BreadcrumbList","@id":"https:\/\/rczone.ee\/kohaletoimetamine\/#breadcrumb","itemListElement":[{"@type":"ListItem","position":1,"name":"Home","item":"https:\/\/rczone.ee\/"},{"@type":"ListItem","position":2,"name":"Kohaletoimetamine"}]},{"@type":"WebSite","@id":"https:\/\/rczone.ee\/#website","url":"https:\/\/rczone.ee\/","name":"RcZone","description":"RcZone - Online Shop f\u00fcr funkgesteuerte Autos. Wir verkaufen eine breite Palette von qualitativ hochwertigen und leistungsstarken RC-Autos. Schnelle Lieferung und g\u00fcnstige Preise.","publisher":{"@id":"https:\/\/rczone.ee\/#organization"},"potentialAction":[{"@type":"SearchAction","target":{"@type":"EntryPoint","urlTemplate":"https:\/\/rczone.ee\/?s={search_term_string}"},"query-input":{"@type":"PropertyValueSpecification","valueRequired":true,"valueName":"search_term_string"}}],"inLanguage":"de"},{"@type":"Organization","@id":"https:\/\/rczone.ee\/#organization","name":"RcZone","url":"https:\/\/rczone.ee\/","logo":{"@type":"ImageObject","inLanguage":"de","@id":"https:\/\/rczone.ee\/#\/schema\/logo\/image\/","url":"https:\/\/rczone.ee\/wp-content\/uploads\/2024\/01\/3D.png","contentUrl":"https:\/\/rczone.ee\/wp-content\/uploads\/2024\/01\/3D.png","width":2080,"height":602,"caption":"RcZone"},"image":{"@id":"https:\/\/rczone.ee\/#\/schema\/logo\/image\/"},"sameAs":["https:\/\/www.facebook.com\/rczone.ee"]}]}},"_links":{"self":[{"href":"https:\/\/rczone.ee\/de\/wp-json\/wp\/v2\/pages\/1696","targetHints":{"allow":["GET"]}}],"collection":[{"href":"https:\/\/rczone.ee\/de\/wp-json\/wp\/v2\/pages"}],"about":[{"href":"https:\/\/rczone.ee\/de\/wp-json\/wp\/v2\/types\/page"}],"author":[{"embeddable":true,"href":"https:\/\/rczone.ee\/de\/wp-json\/wp\/v2\/users\/1"}],"replies":[{"embeddable":true,"href":"https:\/\/rczone.ee\/de\/wp-json\/wp\/v2\/comments?post=1696"}],"version-history":[{"count":15,"href":"https:\/\/rczone.ee\/de\/wp-json\/wp\/v2\/pages\/1696\/revisions"}],"predecessor-version":[{"id":5529,"href":"https:\/\/rczone.ee\/de\/wp-json\/wp\/v2\/pages\/1696\/revisions\/5529"}],"wp:attachment":[{"href":"https:\/\/rczone.ee\/de\/wp-json\/wp\/v2\/media?parent=1696"}],"curies":[{"name":"wp","href":"https:\/\/api.w.org\/{rel}","templated":true}]}}