{"id":304,"date":"2024-01-19T05:10:25","date_gmt":"2024-01-19T03:10:25","guid":{"rendered":"https:\/\/rczone.ee\/?page_id=304"},"modified":"2025-09-30T21:36:29","modified_gmt":"2025-09-30T18:36:29","slug":"datenschutzrichtlinie-2","status":"publish","type":"page","link":"https:\/\/rczone.ee\/de\/privacy-policy-2\/","title":{"rendered":"Datenschutzbestimmungen"},"content":{"rendered":"<div class=\"container section-title-container\" ><h3 class=\"section-title section-title-center\"><b aria-hidden=\"true\"><\/b><span class=\"section-title-main\" >Datenschutzbestimmungen<\/span><b aria-hidden=\"true\"><\/b><\/h3><\/div>\n\n\t<div id=\"text-1821468224\" class=\"text\">\n\t\t\n\n<div>Letzte Aktualisierung: 08 April 2025<\/div>\n<div>\u00a0<\/div>\n<div>\n<ol>\n<li><strong> Allgemeine Bestimmungen<\/strong><\/li>\n<\/ol>\n<p>1.1 In dieser Datenschutzrichtlinie werden die Grunds\u00e4tze f\u00fcr die Erhebung, Verarbeitung und Speicherung personenbezogener Daten dargelegt. Personenbezogene Daten werden von dem f\u00fcr die Datenverarbeitung Verantwortlichen Prii Holdings O\u00dc (im Folgenden als \"Datenverarbeiter\" bezeichnet) erhoben, verarbeitet und gespeichert.<\/p>\n<p>1.2 Im Sinne dieser Datenschutzrichtlinie ist eine betroffene Person ein Kunde oder eine andere nat\u00fcrliche Person, deren personenbezogene Daten von einem Datenverarbeiter verarbeitet werden.<\/p>\n<p>1.3 F\u00fcr die Zwecke dieser Datenschutzrichtlinie ist ein Kunde jeder, der Waren oder Dienstleistungen von der Website des Datenverarbeiters erwirbt.<\/p>\n<p>1.4 Der Datenverarbeiter h\u00e4lt sich an die Grunds\u00e4tze der Datenverarbeitung, die in den Rechtsvorschriften festgelegt sind, einschlie\u00dflich der rechtm\u00e4\u00dfigen, fairen und sicheren Verarbeitung personenbezogener Daten. Der Datenverarbeiter ist in der Lage zu best\u00e4tigen, dass die personenbezogenen Daten im Einklang mit dem Gesetz verarbeitet wurden.<\/p>\n<ol start=\"2\">\n<li><strong> Erhebung, Verarbeitung und Speicherung von personenbezogenen Daten<\/strong><\/li>\n<\/ol>\n<p>2.1 Die von dem f\u00fcr die Verarbeitung Verantwortlichen erhobenen, verarbeiteten und gespeicherten personenbezogenen Daten werden auf elektronischem Wege erhoben, haupts\u00e4chlich \u00fcber die Website und per E-Mail.<\/p>\n<p>2.2 Durch die Weitergabe Ihrer personenbezogenen Daten gew\u00e4hren Sie dem Datenverarbeiter das Recht, die personenbezogenen Daten, die Sie dem Datenverarbeiter beim Kauf von Waren oder Dienstleistungen auf der Website direkt oder indirekt mitteilen, zu den in der Datenschutzerkl\u00e4rung genannten Zwecken zu erfassen, zu organisieren, zu nutzen und zu verwalten.<\/p>\n<p>2.3 Die betroffene Person ist f\u00fcr die Genauigkeit, Richtigkeit und Vollst\u00e4ndigkeit der von ihr angegebenen Daten verantwortlich. Die wissentliche Angabe falscher Informationen wird als Versto\u00df gegen die Datenschutzbestimmungen betrachtet. Die betroffene Person ist verpflichtet, den Datenverarbeiter unverz\u00fcglich \u00fcber jede \u00c4nderung der angegebenen Daten zu informieren.<\/p>\n<p>2.4 Der Datenverarbeiter haftet nicht f\u00fcr Sch\u00e4den, die durch die Angabe falscher Daten durch die betroffene Person gegen\u00fcber der betroffenen Person oder Dritten entstehen.<\/p>\n<ol start=\"3\">\n<li><strong> Verarbeitung der personenbezogenen Daten der Kunden<\/strong><\/li>\n<\/ol>\n<p>3.1 Der Datenverarbeiter kann die folgenden personenbezogenen Daten der betroffenen Person verarbeiten:<\/p>\n<p>3.1.1 Vor- und Nachname;<\/p>\n<p>3.1.2. das Geburtsdatum;<\/p>\n<p>3.1.3 Telefonnummer;<\/p>\n<p>3.1.4 E-Mail Adresse;<\/p>\n<p>3.1.5 Lieferanschrift;<\/p>\n<p>3.1.6 Nummer des laufenden Kontos;<\/p>\n<p>3.1.7. Angaben zur Zahlungskarte (einschlie\u00dflich der Wohn- oder Gesch\u00e4ftsadresse des Karteninhabers);<\/p>\n<p>3.2 Dar\u00fcber hinaus ist der f\u00fcr die Verarbeitung Verantwortliche berechtigt, Daten \u00fcber den Kunden zu sammeln, die in \u00f6ffentlichen Registern verf\u00fcgbar sind.<\/p>\n<p>3.3 Die Rechtsgrundlage f\u00fcr die Verarbeitung personenbezogener Daten ist Artikel 6 Absatz 1 Buchstaben a, b, c und f der Datenschutz-Grundverordnung:<\/p>\n<ul>\n<li>die betroffene Person hat ihre Einwilligung zur Verarbeitung ihrer personenbezogenen Daten f\u00fcr einen oder mehrere bestimmte Zwecke gegeben;<\/li>\n<li>die Verarbeitung personenbezogener Daten f\u00fcr die Erf\u00fcllung eines mit der betroffenen Person geschlossenen Vertrags oder f\u00fcr die Durchf\u00fchrung von Ma\u00dfnahmen erforderlich ist, die auf Antrag der betroffenen Person vor Abschluss eines Vertrags erfolgen;<\/li>\n<li>die Verarbeitung ist f\u00fcr die Erf\u00fcllung einer rechtlichen Verpflichtung erforderlich, der der f\u00fcr die Verarbeitung Verantwortliche unterliegt;<\/li>\n<li>die Verarbeitung ist zur Wahrung der berechtigten Interessen des f\u00fcr die Verarbeitung Verantwortlichen oder eines Dritten erforderlich, sofern nicht die Interessen der betroffenen Person oder die Grundrechte und Grundfreiheiten, die gesch\u00fctzt werden m\u00fcssen, \u00fcberwiegen, insbesondere wenn die betroffene Person ein Kind ist.<\/li>\n<\/ul>\n<p>3.4 Verarbeitung personenbezogener Daten im Einklang mit dem Zweck der Verarbeitung:<\/p>\n<p>3.4.1. Zweck der Verarbeitung - Sicherheit und Schutz<br \/>Maximale Aufbewahrungsfrist - in \u00dcbereinstimmung mit den gesetzlich vorgeschriebenen Fristen;<\/p>\n<p>3.4.2 Zweck der Verarbeitung - Bearbeitung der Bestellung.<br \/>Maximale Aufbewahrungsfrist - 2 Jahre;<\/p>\n<p>3.4.3 Zweck der Verarbeitung - Gew\u00e4hrleistung des Funktionierens der Dienste des E-Shops.<br \/>Maximale Aufbewahrungsfrist - 2 Jahre;<\/p>\n<p>3.4.4 Zweck der Verarbeitung - Kundenverwaltung.<br \/>Maximale Aufbewahrungsfrist - 2 Jahre;<\/p>\n<p>3.4.5 Zweck der Verarbeitung - Finanzt\u00e4tigkeiten, Buchhaltung.<br \/>Maximale Aufbewahrungsfrist - in \u00dcbereinstimmung mit den gesetzlich vorgeschriebenen Fristen;<\/p>\n<p>3.4.6 Zweck der Verarbeitung - Marketing.<br \/>Maximale Aufbewahrungsfrist - 2 Jahre;<\/p>\n<p>3.5 Der Datenverarbeiter hat das Recht, die personenbezogenen Daten der Kunden an Dritte weiterzugeben, wie z.B. an autorisierte Datenverarbeiter, Buchhalter, Transport- und Kurierunternehmen, Unternehmen, die Transferleistungen erbringen. Der Datenverarbeiter ist der Inhaber der personenbezogenen Daten. Der Datenverarbeiter \u00fcbermittelt die f\u00fcr die Ausf\u00fchrung von Zahlungen erforderlichen personenbezogenen Daten an den Verarbeiter Montonio Finance UAB.<\/p>\n<p>3.6 Bei der Verarbeitung und Speicherung der personenbezogenen Daten der betroffenen Person ergreift der Datenverarbeiter organisatorische und technische Ma\u00dfnahmen, um den Schutz der personenbezogenen Daten vor zuf\u00e4lliger oder unrechtm\u00e4\u00dfiger Zerst\u00f6rung, Ver\u00e4nderung, Weitergabe oder sonstiger unrechtm\u00e4\u00dfiger Verarbeitung zu gew\u00e4hrleisten.<\/p>\n<p>3.7 Der Datenverarbeiter speichert die Daten der betroffenen Personen je nach dem Zweck der Verarbeitung, jedoch nicht l\u00e4nger als 2 Jahre.<\/p>\n<ol start=\"4\">\n<li><strong> Rechte der betroffenen Person<\/strong><\/li>\n<\/ol>\n<p>4.1 Die betroffene Person hat das Recht auf Auskunft und Einsicht in ihre personenbezogenen Daten.<\/p>\n<p>4.2 Die betroffene Person hat das Recht, Auskunft \u00fcber die Verarbeitung ihrer personenbezogenen Daten zu erhalten.<\/p>\n<p>4.3 Die betroffene Person hat das Recht, unrichtige Daten zu erg\u00e4nzen oder zu berichtigen.<\/p>\n<p>4.4 Verarbeitet ein Datenverarbeiter die personenbezogenen Daten einer betroffenen Person auf der Grundlage einer Einwilligung der betroffenen Person, so hat diese das Recht, ihre Einwilligung jederzeit zu widerrufen.<\/p>\n<p>4.5 Um ihre Rechte auszu\u00fcben, kann sich die betroffene Person an den Kundendienst des E-Shops unter folgender Adresse wenden. <a href=\"mailto:info@rczone.ee\">info@rczone.ee<\/a><\/p>\n<p>4.6 Die betroffene Person kann zur Wahrung ihrer Rechte eine Beschwerde bei der Datenschutzaufsichtsbeh\u00f6rde einreichen.<\/p>\n<ol start=\"5\">\n<li><strong> Schlussbestimmungen<\/strong><\/li>\n<\/ol>\n<p>5.1 Diese Datenschutzbestimmungen wurden in \u00dcbereinstimmung mit der Verordnung (EU) Nr. 2016\/679 des Europ\u00e4ischen Parlaments und des Rates zum Schutz nat\u00fcrlicher Personen bei der Verarbeitung personenbezogener Daten, zum freien Datenverkehr und zur Aufhebung der Richtlinie 95\/46\/EG (Datenschutz-Grundverordnung), dem Datenschutzgesetz der Republik Estland und den Rechtsvorschriften der Republik Estland und der Europ\u00e4ischen Union erstellt.<\/p>\n<p>5.2 Der Datenverarbeiter hat das Recht, die Datenschutzbedingungen ganz oder teilweise zu \u00e4ndern, indem er die betroffenen Personen auf der Website \u00fcber die \u00c4nderungen informiert. <a href=\"https:\/\/rczone.ee\/de\/\">https:\/\/rczone.ee<\/a> \u00fcber.<\/p>\n<\/div>\n<p><strong>Kundenbetreuung: MO-FR 9.00-17:00<\/strong><\/p>\n<p><strong>Adresse:<\/strong> Tammelehe tee 22, Alliku, 76403 Landkreis Harju, Estland<\/p>\n<div>\n<p><b>Tel:<\/b> <span class=\"x4k7w5x x1h91t0o x1h9r5lt x1jfb8zj xv2umb2 x1beo9mf xaigb6o x12ejxvf x3igimt xarpa2k xedcshv x1lytzrv x1t2pt76 x7ja8zs x1qrby5j\"><span class=\"x193iq5w xeuugli x13faqbe x1vvkbs x1xmvt09 x1lliihq x1s928wv xhkezso x1gmr53x x1cpjm7i x1fgarty x1943h6x xudqn12 x3x7a5m x6prxxf xvq8zen xo1l8bm xzsf02u\" dir=\"auto\">+372 5613 4915<\/span><\/span><\/p>\n<p><strong>E-Mail:<\/strong>\u00a0\u00a0<a href=\"mailto:info@rczone.ee\">info@rczone.ee<\/a><\/p>\n<\/div>\n\t\t\n<style>\n#text-1821468224 {\n  font-size: 1rem;\n}\n<\/style>\n\t<\/div>","protected":false},"excerpt":{"rendered":"","protected":false},"author":1,"featured_media":0,"parent":0,"menu_order":0,"comment_status":"closed","ping_status":"closed","template":"","meta":{"_monsterinsights_skip_tracking":false,"_monsterinsights_sitenote_active":false,"_monsterinsights_sitenote_note":"","_monsterinsights_sitenote_category":0,"footnotes":""},"class_list":["post-304","page","type-page","status-publish","hentry"],"yoast_head":"<!-- This site is optimized with the Yoast SEO plugin v27.4 - https:\/\/yoast.com\/product\/yoast-seo-wordpress\/ -->\n<title>Privaatsuspoliitika - RC Zone | Raadio teel juhitavad autod<\/title>\n<meta name=\"robots\" content=\"index, follow, max-snippet:-1, max-image-preview:large, max-video-preview:-1\" \/>\n<link rel=\"canonical\" href=\"https:\/\/rczone.ee\/de\/datenschutzrichtlinie-2\/\" \/>\n<meta property=\"og:locale\" content=\"de_DE\" \/>\n<meta property=\"og:type\" content=\"article\" \/>\n<meta property=\"og:title\" content=\"Privaatsuspoliitika - RC Zone | Raadio teel juhitavad autod\" \/>\n<meta property=\"og:url\" content=\"https:\/\/rczone.ee\/de\/datenschutzrichtlinie-2\/\" \/>\n<meta property=\"og:site_name\" content=\"RC Zone | Raadio teel juhitavad autod\" \/>\n<meta property=\"article:publisher\" content=\"https:\/\/www.facebook.com\/rczone.ee\" \/>\n<meta property=\"article:modified_time\" content=\"2025-09-30T18:36:29+00:00\" \/>\n<meta name=\"twitter:card\" content=\"summary_large_image\" \/>\n<script type=\"application\/ld+json\" class=\"yoast-schema-graph\">{\"@context\":\"https:\\\/\\\/schema.org\",\"@graph\":[{\"@type\":\"WebPage\",\"@id\":\"https:\\\/\\\/rczone.ee\\\/privacy-policy-2\\\/\",\"url\":\"https:\\\/\\\/rczone.ee\\\/privacy-policy-2\\\/\",\"name\":\"Privaatsuspoliitika - RC Zone | Raadio teel juhitavad autod\",\"isPartOf\":{\"@id\":\"https:\\\/\\\/rczone.ee\\\/#website\"},\"datePublished\":\"2024-01-19T03:10:25+00:00\",\"dateModified\":\"2025-09-30T18:36:29+00:00\",\"breadcrumb\":{\"@id\":\"https:\\\/\\\/rczone.ee\\\/privacy-policy-2\\\/#breadcrumb\"},\"inLanguage\":\"de\",\"potentialAction\":[{\"@type\":\"ReadAction\",\"target\":[\"https:\\\/\\\/rczone.ee\\\/privacy-policy-2\\\/\"]}]},{\"@type\":\"BreadcrumbList\",\"@id\":\"https:\\\/\\\/rczone.ee\\\/privacy-policy-2\\\/#breadcrumb\",\"itemListElement\":[{\"@type\":\"ListItem\",\"position\":1,\"name\":\"Home\",\"item\":\"https:\\\/\\\/rczone.ee\\\/\"},{\"@type\":\"ListItem\",\"position\":2,\"name\":\"Privaatsuspoliitika\"}]},{\"@type\":\"WebSite\",\"@id\":\"https:\\\/\\\/rczone.ee\\\/#website\",\"url\":\"https:\\\/\\\/rczone.ee\\\/\",\"name\":\"RcZone\",\"description\":\"RcZone - Raadio teel juhitavate autode veebipood. M&uuml;&uuml;me laia valikut kvaliteetseid ja v&otilde;imsaid RC-autosid. Kiire tarne ja konkurentsiv&otilde;imelised hinnad.\",\"publisher\":{\"@id\":\"https:\\\/\\\/rczone.ee\\\/#organization\"},\"potentialAction\":[{\"@type\":\"SearchAction\",\"target\":{\"@type\":\"EntryPoint\",\"urlTemplate\":\"https:\\\/\\\/rczone.ee\\\/?s={search_term_string}\"},\"query-input\":{\"@type\":\"PropertyValueSpecification\",\"valueRequired\":true,\"valueName\":\"search_term_string\"}}],\"inLanguage\":\"de\"},{\"@type\":\"Organization\",\"@id\":\"https:\\\/\\\/rczone.ee\\\/#organization\",\"name\":\"RcZone\",\"url\":\"https:\\\/\\\/rczone.ee\\\/\",\"logo\":{\"@type\":\"ImageObject\",\"inLanguage\":\"de\",\"@id\":\"https:\\\/\\\/rczone.ee\\\/#\\\/schema\\\/logo\\\/image\\\/\",\"url\":\"https:\\\/\\\/rczone.ee\\\/wp-content\\\/uploads\\\/2024\\\/01\\\/3D.png\",\"contentUrl\":\"https:\\\/\\\/rczone.ee\\\/wp-content\\\/uploads\\\/2024\\\/01\\\/3D.png\",\"width\":2080,\"height\":602,\"caption\":\"RcZone\"},\"image\":{\"@id\":\"https:\\\/\\\/rczone.ee\\\/#\\\/schema\\\/logo\\\/image\\\/\"},\"sameAs\":[\"https:\\\/\\\/www.facebook.com\\\/rczone.ee\"]}]}<\/script>\n<!-- \/ Yoast SEO plugin. -->","yoast_head_json":{"title":"Datenschutzerkl\u00e4rung - RC Zone | Funkgesteuerte Autos","robots":{"index":"index","follow":"follow","max-snippet":"max-snippet:-1","max-image-preview":"max-image-preview:large","max-video-preview":"max-video-preview:-1"},"canonical":"https:\/\/rczone.ee\/de\/datenschutzrichtlinie-2\/","og_locale":"de_DE","og_type":"article","og_title":"Privaatsuspoliitika - RC Zone | Raadio teel juhitavad autod","og_url":"https:\/\/rczone.ee\/de\/datenschutzrichtlinie-2\/","og_site_name":"RC Zone | Raadio teel juhitavad autod","article_publisher":"https:\/\/www.facebook.com\/rczone.ee","article_modified_time":"2025-09-30T18:36:29+00:00","twitter_card":"summary_large_image","schema":{"@context":"https:\/\/schema.org","@graph":[{"@type":"WebPage","@id":"https:\/\/rczone.ee\/privacy-policy-2\/","url":"https:\/\/rczone.ee\/privacy-policy-2\/","name":"Datenschutzerkl\u00e4rung - RC Zone | Funkgesteuerte Autos","isPartOf":{"@id":"https:\/\/rczone.ee\/#website"},"datePublished":"2024-01-19T03:10:25+00:00","dateModified":"2025-09-30T18:36:29+00:00","breadcrumb":{"@id":"https:\/\/rczone.ee\/privacy-policy-2\/#breadcrumb"},"inLanguage":"de","potentialAction":[{"@type":"ReadAction","target":["https:\/\/rczone.ee\/privacy-policy-2\/"]}]},{"@type":"BreadcrumbList","@id":"https:\/\/rczone.ee\/privacy-policy-2\/#breadcrumb","itemListElement":[{"@type":"ListItem","position":1,"name":"Home","item":"https:\/\/rczone.ee\/"},{"@type":"ListItem","position":2,"name":"Privaatsuspoliitika"}]},{"@type":"WebSite","@id":"https:\/\/rczone.ee\/#website","url":"https:\/\/rczone.ee\/","name":"RcZone","description":"RcZone - Online Shop f\u00fcr funkgesteuerte Autos. Wir verkaufen eine breite Palette von qualitativ hochwertigen und leistungsstarken RC-Autos. Schnelle Lieferung und g\u00fcnstige Preise.","publisher":{"@id":"https:\/\/rczone.ee\/#organization"},"potentialAction":[{"@type":"SearchAction","target":{"@type":"EntryPoint","urlTemplate":"https:\/\/rczone.ee\/?s={search_term_string}"},"query-input":{"@type":"PropertyValueSpecification","valueRequired":true,"valueName":"search_term_string"}}],"inLanguage":"de"},{"@type":"Organization","@id":"https:\/\/rczone.ee\/#organization","name":"RcZone","url":"https:\/\/rczone.ee\/","logo":{"@type":"ImageObject","inLanguage":"de","@id":"https:\/\/rczone.ee\/#\/schema\/logo\/image\/","url":"https:\/\/rczone.ee\/wp-content\/uploads\/2024\/01\/3D.png","contentUrl":"https:\/\/rczone.ee\/wp-content\/uploads\/2024\/01\/3D.png","width":2080,"height":602,"caption":"RcZone"},"image":{"@id":"https:\/\/rczone.ee\/#\/schema\/logo\/image\/"},"sameAs":["https:\/\/www.facebook.com\/rczone.ee"]}]}},"_links":{"self":[{"href":"https:\/\/rczone.ee\/de\/wp-json\/wp\/v2\/pages\/304","targetHints":{"allow":["GET"]}}],"collection":[{"href":"https:\/\/rczone.ee\/de\/wp-json\/wp\/v2\/pages"}],"about":[{"href":"https:\/\/rczone.ee\/de\/wp-json\/wp\/v2\/types\/page"}],"author":[{"embeddable":true,"href":"https:\/\/rczone.ee\/de\/wp-json\/wp\/v2\/users\/1"}],"replies":[{"embeddable":true,"href":"https:\/\/rczone.ee\/de\/wp-json\/wp\/v2\/comments?post=304"}],"version-history":[{"count":13,"href":"https:\/\/rczone.ee\/de\/wp-json\/wp\/v2\/pages\/304\/revisions"}],"predecessor-version":[{"id":4502,"href":"https:\/\/rczone.ee\/de\/wp-json\/wp\/v2\/pages\/304\/revisions\/4502"}],"wp:attachment":[{"href":"https:\/\/rczone.ee\/de\/wp-json\/wp\/v2\/media?parent=304"}],"curies":[{"name":"wp","href":"https:\/\/api.w.org\/{rel}","templated":true}]}}