{"id":361,"date":"2024-03-02T20:39:00","date_gmt":"2024-03-02T18:39:00","guid":{"rendered":"https:\/\/rczone.ee\/?page_id=361"},"modified":"2025-11-09T15:44:33","modified_gmt":"2025-11-09T13:44:33","slug":"andere-bedingungen-und-konditionen","status":"publish","type":"page","link":"https:\/\/rczone.ee\/de\/muugitingimused\/","title":{"rendered":"Bedingungen f\u00fcr den Verkauf"},"content":{"rendered":"<div class=\"container section-title-container\" ><h3 class=\"section-title section-title-center\"><b aria-hidden=\"true\"><\/b><span class=\"section-title-main\" >Bedingungen f\u00fcr den Verkauf<\/span><b aria-hidden=\"true\"><\/b><\/h3><\/div>\n\n<p>Online-Gesch\u00e4ft <a href=\"https:\/\/rczone.ee\/de\/\">https:\/\/rczone.ee<\/a> (nachstehend \"Online-Shop\" genannt) wird von Prii Holdings O\u00dc (Registrierungscode 11623483) mit Sitz in Tammelehe tee 22, Alliku, Gemeinde Saue, betrieben.<\/p>\n<h2><strong>G\u00fcltigkeit des Kaufvertrags, Handels- und Preisinformationen<\/strong><\/h2>\n<p>Die Verkaufsbedingungen gelten f\u00fcr den Kauf von Waren aus dem Online Shop.<\/p>\n<p>Die Preise der im Online-Shop verkauften Produkte sind bei den Produkten angegeben. Der Preis versteht sich zuz\u00fcglich einer Liefergeb\u00fchr. Alle Preise der im Online-Shop verkauften Waren sind in Euro angegeben.<\/p>\n<p>Die Lieferkosten h\u00e4ngen vom Standort des K\u00e4ufers und der Lieferart ab. Die Lieferkosten werden dem K\u00e4ufer bei der Bestellung angezeigt.<\/p>\n<p>Informationen zu den Waren finden Sie im Online Shop direkt bei den Waren.<\/p>\n<h2><strong>Eine Bestellung aufgeben<\/strong><\/h2>\n<p>Um zu bestellen, m\u00fcssen Sie die gew\u00fcnschten Produkte in Ihren Warenkorb legen. Um eine Bestellung aufgeben zu k\u00f6nnen, m\u00fcssen Sie die erforderlichen Felder ausf\u00fcllen und die entsprechende Liefermethode ausw\u00e4hlen. Auf dem Bildschirm wird dann die H\u00f6he der Geb\u00fchr angezeigt, die mit den folgenden Zahlungsmethoden sicher bezahlt werden kann:<\/p>\n<ul>\n<li>Swedbank (Estland, Lettland, Litauen);<\/li>\n<li>SEB (Estland, Lettland, Litauen);<\/li>\n<li>Luminor (Estland, Lettland, Litauen);<\/li>\n<li>Citadele (Estland, Lettland, Litauen);<\/li>\n<li>Coop Bank (Estland);<\/li>\n<li>LHV Bank (Estland);<\/li>\n<li>N26 (Estland, Finnland);<\/li>\n<li>Visum;<\/li>\n<li>Mastercard;<\/li>\n<li>Revolut;<\/li>\n<li>American Express;<\/li>\n<li>Apple Pay;<\/li>\n<li>Google Pay.<\/li>\n<\/ul>\n<p>NB: Wenn Sie per Bank\u00fcberweisung zahlen, m\u00fcssen Sie auf der Bankseite auf die Schaltfl\u00e4che \"Zur\u00fcck zum H\u00e4ndler\" klicken.<\/p>\n<p>Vermittelte Zahlungen durch <a href=\"https:\/\/montonio.com\/\">Montonio Finance UAB<\/a>. Die Zahlung erfolgt au\u00dferhalb des Online-Shops in einer sicheren Umgebung - bei Zahlung per Bank\u00fcberweisung in der sicheren Umgebung der jeweiligen Bank. Der Verk\u00e4ufer hat keinen Zugriff auf die Bank- und Kreditkartendaten des Kunden. Der Vertrag tritt mit dem Tag des Eingangs des f\u00e4lligen Betrages auf dem Girokonto des Online-Shops in Kraft.<\/p>\n<p>Der Inhaber des Online-Shops ist der Inhaber der pers\u00f6nlichen Daten und \u00fcbertr\u00e4gt die f\u00fcr die Ausf\u00fchrung der Zahlungen notwendigen pers\u00f6nlichen Daten an den Verarbeiter Montonio Finance UAB.<\/p>\n<p>Wenn die bestellte Ware nicht geliefert werden kann, weil sie nicht vorr\u00e4tig ist oder aus einem anderen Grund, wird der K\u00e4ufer so schnell wie m\u00f6glich informiert und der gezahlte Betrag (einschlie\u00dflich der Lieferkosten) wird unverz\u00fcglich, sp\u00e4testens jedoch 7 Tage nach der Benachrichtigung, zur\u00fcckerstattet, oder es wird ein Ersatz der Ware durch bereits vorhandene Ware vereinbart.<\/p>\n<h2><strong>Lieferung an<\/strong><\/h2>\n<p>Die Waren werden nach Estland, Lettland, Litauen und Finnland versandt.<\/p>\n<p>Der K\u00e4ufer hat folgende M\u00f6glichkeiten, die Ware abzuholen:<\/p>\n<ul>\n<li>Omniva (Paketautomaten, Post\u00e4mter, Kurierdienst);<\/li>\n<li>DPD (Paketautomaten, Kurierdienst);<\/li>\n<li>Smartposti (Paketautomaten, Kurierdienst (Estland));<\/li>\n<li>Unisend (Paketautomaten).<\/li>\n<\/ul>\n<p>Die Versandkosten gehen zu Lasten des K\u00e4ufers, und die entsprechenden Preisinformationen werden bei der Versandart angezeigt.<\/p>\n<p>Sendungen innerhalb Estlands erreichen den vom K\u00e4ufer angegebenen Bestimmungsort in der Regel innerhalb von 1-3 Arbeitstagen nach Inkrafttreten des Kaufvertrags. Au\u00dferhalb Estlands erfolgt die Lieferung innerhalb von 2-5 Arbeitstagen. In Ausnahmef\u00e4llen haben wir das Recht, die Ware innerhalb von bis zu 45 Kalendertagen zu liefern.<\/p>\n<h2><strong>Recht auf Widerruf<\/strong><\/h2>\n<p>Nach Eingang der Bestellung hat der K\u00e4ufer das Recht, innerhalb von 14 Tagen vom Kaufvertrag zur\u00fcckzutreten.<\/p>\n<p>Das Widerrufsrecht gilt nicht, wenn der K\u00e4ufer eine juristische Person ist.<\/p>\n<p>Um das 14-t\u00e4gige Widerrufsrecht auszu\u00fcben, darf die bestellte Ware nur in der Weise benutzt werden, wie es zur Feststellung der Beschaffenheit, der Eigenschaften und der Funktionsweise der Ware erforderlich ist, d. h. in der Weise, wie es f\u00fcr das Testen der Ware in einem Ladengesch\u00e4ft zul\u00e4ssig ist.<\/p>\n<p>Wenn die Ware zu anderen Zwecken als zur Feststellung der Beschaffenheit, der Eigenschaften und der Funktionsweise der Ware benutzt wurde oder wenn die Ware Gebrauchs- oder Abnutzungserscheinungen aufweist, hat der Onlineshop das Recht, die zu erstattende Geb\u00fchr entsprechend der Wertminderung der Ware zu reduzieren oder die Erstattung zu verweigern.<\/p>\n<p>Um die Ware zur\u00fcckzusenden, muss sp\u00e4testens 14 Tage nach Erhalt der Ware eine R\u00fccktrittserkl\u00e4rung per E-Mail an <a href=\"mailto:info@rczone.ee\">info@rczone.ee<\/a> In der Erkl\u00e4rung sind der Name des Kunden, die Bestellnummer und das Bestelldatum, die Menge, die Bezeichnung und der Preis der bestellten Ware anzugeben.<\/p>\n<p>Alle mit der R\u00fccksendung verbundenen Kosten gehen zu Lasten des K\u00e4ufers, es sei denn, die R\u00fccksendung ist darauf zur\u00fcckzuf\u00fchren, dass das gelieferte Produkt nicht mit dem bestellten \u00fcbereinstimmt.<\/p>\n<p>Der K\u00e4ufer muss die Waren sp\u00e4testens innerhalb von 14 Tagen nach Absendung der Widerrufserkl\u00e4rung absenden.<\/p>\n<p>Nach Erhalt der zur\u00fcckgesandten Ware wird der Online-Shop dem K\u00e4ufer unverz\u00fcglich, sp\u00e4testens jedoch innerhalb von 7 Tagen nach Erhalt des Widerrufs, alle vom K\u00e4ufer im Rahmen des Vertrages erhaltenen Zahlungen (einschlie\u00dflich der Versandkosten) zur\u00fcckerstatten.<\/p>\n<p>Der Online-Shop kann die R\u00fcckzahlung verweigern, bis er die vertragsgegenst\u00e4ndlichen Waren wieder zur\u00fcckerhalten hat oder bis der K\u00e4ufer den Nachweis erbracht hat, dass er die Waren zur\u00fcckgesandt hat, je nachdem, welches der fr\u00fchere Zeitpunkt ist.<\/p>\n<p>Wenn der K\u00e4ufer ausdr\u00fccklich eine andere als die vom Onlineshop angebotene g\u00fcnstigste Versandart gew\u00e4hlt hat, ist der Onlineshop nicht verpflichtet, dem Verbraucher die Kosten zu erstatten, die \u00fcber die Kosten der \u00fcblichen Versandart hinausgehen.<\/p>\n<p>Der Online-Shop hat das Recht, vom Verkauf zur\u00fcckzutreten und die Ware vom K\u00e4ufer zur\u00fcckzufordern, wenn der Preis der Ware im Online-Shop aufgrund eines Irrtums erheblich unter dem Marktpreis der Ware liegt.<\/p>\n<h2><strong>Recht auf Einreichung einer Beschwerde<\/strong><\/h2>\n<p>Der Online-Shop haftet f\u00fcr die Nicht\u00fcbereinstimmung oder den Mangel der an den K\u00e4ufer verkauften Waren, die zum Zeitpunkt der Lieferung bereits bestanden.<\/p>\n<p>Der K\u00e4ufer hat das Recht, sich bei Auftreten eines Mangels an den Online-Shop zu wenden, indem er eine E-Mail an die Adresse <a href=\"mailto:info@rczone.ee\">info@rczone.ee<\/a>.<\/p>\n<p>Der Onlineshop haftet nicht f\u00fcr M\u00e4ngel, die nach Auslieferung der Ware an den K\u00e4ufer auftreten. Aufgrund der Beschaffenheit von funkferngesteuerten Autos, gibt es keine Garantie f\u00fcr die Verwendung.<\/p>\n<p>Wenn die vom Online-Shop gekauften Waren M\u00e4ngel aufweisen, f\u00fcr die der Online-Shop verantwortlich ist, wird der Online-Shop die mangelhaften Waren reparieren oder ersetzen. Wenn es nicht m\u00f6glich ist, die Ware zu reparieren oder zu ersetzen, erstattet der Onlineshop dem K\u00e4ufer alle Geb\u00fchren f\u00fcr den Kaufvertrag.<\/p>\n<p>Der Online-Shop beantwortet die Beschwerde des Verbrauchers innerhalb von 14 Tagen schriftlich oder in einem Format, das schriftlich wiedergegeben werden kann.<\/p>\n<h2><strong>Direktmarketing und Verarbeitung personenbezogener Daten<\/strong><\/h2>\n<p>Der Online-Shop verwendet die vom K\u00e4ufer angegebenen personenbezogenen Daten nur zur Abwicklung der Bestellung und zum Versand der Ware an den K\u00e4ufer. Der Online-Shop gibt personenbezogene Daten an Unternehmen weiter, die Transportdienstleistungen erbringen, um die Waren zu liefern.<\/p>\n<p>Der Online-Shop sendet Newsletter und Angebote nur dann an die E-Mail-Adresse des K\u00e4ufers, wenn der K\u00e4ufer durch Eingabe seiner E-Mail-Adresse auf der Website seinen Wunsch nach Erhalt dieser Angebote ge\u00e4u\u00dfert und angegeben hat, dass er direkte E-Mail-Benachrichtigungen erhalten m\u00f6chte.<\/p>\n<p>Der K\u00e4ufer kann den Erhalt von Angeboten und Newslettern per E-Mail jederzeit abbestellen, indem er uns dies per E-Mail mitteilt oder den Anweisungen in der E-Mail mit den Angeboten folgt.<\/p>\n<h2><strong>Beilegung von Streitigkeiten<\/strong><\/h2>\n<p>Wenn der K\u00e4ufer Beschwerden \u00fcber den Online-Shop hat, sollten diese per E-Mail an die folgende Adresse geschickt werden. <a href=\"mailto:info@rczone.ee\">info@rczone.ee<\/a>.<\/p>\n<p>Wenn der K\u00e4ufer und der Online-Shop den Streitfall nicht durch eine Vereinbarung l\u00f6sen k\u00f6nnen, kann sich der K\u00e4ufer an den Ausschuss f\u00fcr Verbraucherstreitigkeiten wenden. Sie k\u00f6nnen die Bedingungen f\u00fcr das Verfahren lesen und einen Antrag stellen bei <a href=\"https:\/\/ttja.ee\/tarbijavaidluste-komisjon\">hier<\/a>. Der Ausschuss f\u00fcr Verbraucherstreitigkeiten ist f\u00fcr die Beilegung von Streitigkeiten zust\u00e4ndig, die sich aus einem zwischen dem K\u00e4ufer und dem Online-Shop geschlossenen Vertrag ergeben. Die Pr\u00fcfung der Beschwerde des K\u00e4ufers durch die Kommission ist kostenlos.<\/p>\n<p>Der K\u00e4ufer kann sich an die Plattform der Europ\u00e4ischen Union zur Beilegung von Verbraucherstreitigkeiten wenden <a href=\"https:\/\/ec.europa.eu\/consumers\/odr\/main\/index.cfm?event=main.home2.show&amp;lng=ET\">gegen\u00fcber<\/a>.<\/p>\n<h2><strong>Kundenbetreuung<\/strong><\/h2>\n<p><strong>Arbeitszeit:<\/strong> MO-FR 9:00-17:00<\/p>\n<p><strong>Adresse:<\/strong> Prii Holdings O\u00dc, Tammelehe tee 22, Alliku, 76403 Landkreis Harju, Estland<\/p>\n<p><strong>Tel:<\/strong> +372 5613 4915<\/p>\n<p><strong>E-Mail:<\/strong> <a href=\"mailto:info@rczone.ee\">info@rczone.ee<\/a><\/p>","protected":false},"excerpt":{"rendered":"","protected":false},"author":1,"featured_media":0,"parent":0,"menu_order":0,"comment_status":"closed","ping_status":"closed","template":"","meta":{"_monsterinsights_skip_tracking":false,"_monsterinsights_sitenote_active":false,"_monsterinsights_sitenote_note":"","_monsterinsights_sitenote_category":0,"footnotes":""},"class_list":["post-361","page","type-page","status-publish","hentry"],"yoast_head":"<!-- This site is optimized with the Yoast SEO plugin v27.4 - https:\/\/yoast.com\/product\/yoast-seo-wordpress\/ -->\n<title>M\u00fc\u00fcgitingimused - RC Zone | Raadio teel juhitavad autod<\/title>\n<meta name=\"robots\" content=\"index, follow, max-snippet:-1, max-image-preview:large, max-video-preview:-1\" \/>\n<link rel=\"canonical\" href=\"https:\/\/rczone.ee\/de\/andere-bedingungen-und-konditionen\/\" \/>\n<meta property=\"og:locale\" content=\"de_DE\" \/>\n<meta property=\"og:type\" content=\"article\" \/>\n<meta property=\"og:title\" content=\"M\u00fc\u00fcgitingimused - RC Zone | Raadio teel juhitavad autod\" \/>\n<meta property=\"og:url\" content=\"https:\/\/rczone.ee\/de\/andere-bedingungen-und-konditionen\/\" \/>\n<meta property=\"og:site_name\" content=\"RC Zone | Raadio teel juhitavad autod\" \/>\n<meta property=\"article:publisher\" content=\"https:\/\/www.facebook.com\/rczone.ee\" \/>\n<meta property=\"article:modified_time\" content=\"2025-11-09T13:44:33+00:00\" \/>\n<meta name=\"twitter:card\" content=\"summary_large_image\" \/>\n<meta name=\"twitter:label1\" content=\"Gesch\u00e4tzte Lesezeit\" \/>\n\t<meta name=\"twitter:data1\" content=\"13\u00a0Minuten\" \/>\n<script type=\"application\/ld+json\" class=\"yoast-schema-graph\">{\"@context\":\"https:\\\/\\\/schema.org\",\"@graph\":[{\"@type\":\"WebPage\",\"@id\":\"https:\\\/\\\/rczone.ee\\\/muugitingimused\\\/\",\"url\":\"https:\\\/\\\/rczone.ee\\\/muugitingimused\\\/\",\"name\":\"M\u00fc\u00fcgitingimused - RC Zone | Raadio teel juhitavad autod\",\"isPartOf\":{\"@id\":\"https:\\\/\\\/rczone.ee\\\/#website\"},\"datePublished\":\"2024-03-02T18:39:00+00:00\",\"dateModified\":\"2025-11-09T13:44:33+00:00\",\"breadcrumb\":{\"@id\":\"https:\\\/\\\/rczone.ee\\\/muugitingimused\\\/#breadcrumb\"},\"inLanguage\":\"de\",\"potentialAction\":[{\"@type\":\"ReadAction\",\"target\":[\"https:\\\/\\\/rczone.ee\\\/muugitingimused\\\/\"]}]},{\"@type\":\"BreadcrumbList\",\"@id\":\"https:\\\/\\\/rczone.ee\\\/muugitingimused\\\/#breadcrumb\",\"itemListElement\":[{\"@type\":\"ListItem\",\"position\":1,\"name\":\"Home\",\"item\":\"https:\\\/\\\/rczone.ee\\\/\"},{\"@type\":\"ListItem\",\"position\":2,\"name\":\"M\u00fc\u00fcgitingimused\"}]},{\"@type\":\"WebSite\",\"@id\":\"https:\\\/\\\/rczone.ee\\\/#website\",\"url\":\"https:\\\/\\\/rczone.ee\\\/\",\"name\":\"RcZone\",\"description\":\"RcZone - Raadio teel juhitavate autode veebipood. M&uuml;&uuml;me laia valikut kvaliteetseid ja v&otilde;imsaid RC-autosid. Kiire tarne ja konkurentsiv&otilde;imelised hinnad.\",\"publisher\":{\"@id\":\"https:\\\/\\\/rczone.ee\\\/#organization\"},\"potentialAction\":[{\"@type\":\"SearchAction\",\"target\":{\"@type\":\"EntryPoint\",\"urlTemplate\":\"https:\\\/\\\/rczone.ee\\\/?s={search_term_string}\"},\"query-input\":{\"@type\":\"PropertyValueSpecification\",\"valueRequired\":true,\"valueName\":\"search_term_string\"}}],\"inLanguage\":\"de\"},{\"@type\":\"Organization\",\"@id\":\"https:\\\/\\\/rczone.ee\\\/#organization\",\"name\":\"RcZone\",\"url\":\"https:\\\/\\\/rczone.ee\\\/\",\"logo\":{\"@type\":\"ImageObject\",\"inLanguage\":\"de\",\"@id\":\"https:\\\/\\\/rczone.ee\\\/#\\\/schema\\\/logo\\\/image\\\/\",\"url\":\"https:\\\/\\\/rczone.ee\\\/wp-content\\\/uploads\\\/2024\\\/01\\\/3D.png\",\"contentUrl\":\"https:\\\/\\\/rczone.ee\\\/wp-content\\\/uploads\\\/2024\\\/01\\\/3D.png\",\"width\":2080,\"height\":602,\"caption\":\"RcZone\"},\"image\":{\"@id\":\"https:\\\/\\\/rczone.ee\\\/#\\\/schema\\\/logo\\\/image\\\/\"},\"sameAs\":[\"https:\\\/\\\/www.facebook.com\\\/rczone.ee\"]}]}<\/script>\n<!-- \/ Yoast SEO plugin. -->","yoast_head_json":{"title":"Verkaufsbedingungen - RC Zone | Funkgesteuerte Autos","robots":{"index":"index","follow":"follow","max-snippet":"max-snippet:-1","max-image-preview":"max-image-preview:large","max-video-preview":"max-video-preview:-1"},"canonical":"https:\/\/rczone.ee\/de\/andere-bedingungen-und-konditionen\/","og_locale":"de_DE","og_type":"article","og_title":"M\u00fc\u00fcgitingimused - RC Zone | Raadio teel juhitavad autod","og_url":"https:\/\/rczone.ee\/de\/andere-bedingungen-und-konditionen\/","og_site_name":"RC Zone | Raadio teel juhitavad autod","article_publisher":"https:\/\/www.facebook.com\/rczone.ee","article_modified_time":"2025-11-09T13:44:33+00:00","twitter_card":"summary_large_image","twitter_misc":{"Gesch\u00e4tzte Lesezeit":"13\u00a0Minuten"},"schema":{"@context":"https:\/\/schema.org","@graph":[{"@type":"WebPage","@id":"https:\/\/rczone.ee\/muugitingimused\/","url":"https:\/\/rczone.ee\/muugitingimused\/","name":"Verkaufsbedingungen - RC Zone | Funkgesteuerte Autos","isPartOf":{"@id":"https:\/\/rczone.ee\/#website"},"datePublished":"2024-03-02T18:39:00+00:00","dateModified":"2025-11-09T13:44:33+00:00","breadcrumb":{"@id":"https:\/\/rczone.ee\/muugitingimused\/#breadcrumb"},"inLanguage":"de","potentialAction":[{"@type":"ReadAction","target":["https:\/\/rczone.ee\/muugitingimused\/"]}]},{"@type":"BreadcrumbList","@id":"https:\/\/rczone.ee\/muugitingimused\/#breadcrumb","itemListElement":[{"@type":"ListItem","position":1,"name":"Home","item":"https:\/\/rczone.ee\/"},{"@type":"ListItem","position":2,"name":"M\u00fc\u00fcgitingimused"}]},{"@type":"WebSite","@id":"https:\/\/rczone.ee\/#website","url":"https:\/\/rczone.ee\/","name":"RcZone","description":"RcZone - Online Shop f\u00fcr funkgesteuerte Autos. Wir verkaufen eine breite Palette von qualitativ hochwertigen und leistungsstarken RC-Autos. Schnelle Lieferung und g\u00fcnstige Preise.","publisher":{"@id":"https:\/\/rczone.ee\/#organization"},"potentialAction":[{"@type":"SearchAction","target":{"@type":"EntryPoint","urlTemplate":"https:\/\/rczone.ee\/?s={search_term_string}"},"query-input":{"@type":"PropertyValueSpecification","valueRequired":true,"valueName":"search_term_string"}}],"inLanguage":"de"},{"@type":"Organization","@id":"https:\/\/rczone.ee\/#organization","name":"RcZone","url":"https:\/\/rczone.ee\/","logo":{"@type":"ImageObject","inLanguage":"de","@id":"https:\/\/rczone.ee\/#\/schema\/logo\/image\/","url":"https:\/\/rczone.ee\/wp-content\/uploads\/2024\/01\/3D.png","contentUrl":"https:\/\/rczone.ee\/wp-content\/uploads\/2024\/01\/3D.png","width":2080,"height":602,"caption":"RcZone"},"image":{"@id":"https:\/\/rczone.ee\/#\/schema\/logo\/image\/"},"sameAs":["https:\/\/www.facebook.com\/rczone.ee"]}]}},"_links":{"self":[{"href":"https:\/\/rczone.ee\/de\/wp-json\/wp\/v2\/pages\/361","targetHints":{"allow":["GET"]}}],"collection":[{"href":"https:\/\/rczone.ee\/de\/wp-json\/wp\/v2\/pages"}],"about":[{"href":"https:\/\/rczone.ee\/de\/wp-json\/wp\/v2\/types\/page"}],"author":[{"embeddable":true,"href":"https:\/\/rczone.ee\/de\/wp-json\/wp\/v2\/users\/1"}],"replies":[{"embeddable":true,"href":"https:\/\/rczone.ee\/de\/wp-json\/wp\/v2\/comments?post=361"}],"version-history":[{"count":26,"href":"https:\/\/rczone.ee\/de\/wp-json\/wp\/v2\/pages\/361\/revisions"}],"predecessor-version":[{"id":4796,"href":"https:\/\/rczone.ee\/de\/wp-json\/wp\/v2\/pages\/361\/revisions\/4796"}],"wp:attachment":[{"href":"https:\/\/rczone.ee\/de\/wp-json\/wp\/v2\/media?parent=361"}],"curies":[{"name":"wp","href":"https:\/\/api.w.org\/{rel}","templated":true}]}}