{"id":93,"date":"2024-01-17T10:56:14","date_gmt":"2024-01-17T08:56:14","guid":{"rendered":"https:\/\/rczone.ee\/?page_id=93"},"modified":"2026-03-20T22:27:59","modified_gmt":"2026-03-20T20:27:59","slug":"uber-uns","status":"publish","type":"page","link":"https:\/\/rczone.ee\/de\/about-us\/","title":{"rendered":"\u00dcber uns"},"content":{"rendered":"<div class=\"container section-title-container\" ><h3 class=\"section-title section-title-center\"><b aria-hidden=\"true\"><\/b><span class=\"section-title-main\" >\u00dcber uns<\/span><b aria-hidden=\"true\"><\/b><\/h3><\/div>\n\n<div class=\"row row-small align-middle align-center\"  id=\"row-817753721\">\n\n\n\t<div id=\"col-894671550\" class=\"col medium-10 small-12 large-10\"  >\n\t\t\t\t<div class=\"col-inner\"  >\n\t\t\t\n\t\t\t\n\n<p>Willkommen bei RcZone.ee!<\/p>\n<p>RcZone.ee wurde f\u00fcr alle geschaffen, die sich f\u00fcr funkgesteuerte (RC) Autos und Modelle begeistern. Wir sind ein estnisches Unternehmen, das sich zum Ziel gesetzt hat, \u00fcber unseren Online-Shop ein vielf\u00e4ltiges Angebot an hochwertigen RC-Autos, Teilen und Zubeh\u00f6r sowohl f\u00fcr Anf\u00e4nger als auch f\u00fcr erfahrene Modellbau-Enthusiasten anzubieten. In unserem Sortiment finden Sie Taschen, Truggies, Crawler sowie leistungsstarke Driftmaschinen, die Ihr Modellbau-Erlebnis auf ein neues Niveau heben werden.\u00a0<\/p>\n<h4>Unser Auftrag<\/h4>\n<p>Unser Ziel ist es, unseren Kunden einen au\u00dfergew\u00f6hnlichen Service, eine schnelle Lieferung und wettbewerbsf\u00e4hige Preise zu bieten. Im Online-Shop von RcZone.ee k\u00f6nnen Sie bequem die Produkte bestellen, die Sie ben\u00f6tigen, sei es aus einem Paketautomaten oder direkt zu Ihnen nach Hause, und wir sind immer bereit, Ihnen zu helfen, sei es bei der Suche nach dem richtigen Modell oder einem Ersatzteil.<\/p>\n<h4>Unser Schwerpunkt<\/h4>\n<p>Wir verkaufen Erlebnisse durch ferngesteuerte Autos. Wir glauben, dass jeder Mensch von Zeit zu Zeit eine Pause vom Alltag braucht, und leistungsstarke RC-Autos sind eine todsichere L\u00f6sung! Wir konzentrieren uns auf qualitativ hochwertige Autos, damit sich der Benutzer auf sein Hobby konzentrieren und es in vollen Z\u00fcgen genie\u00dfen kann.<\/p>\n<h4>Kundenbetreuung<\/h4>\n<p>Es ist uns wichtig, dass jeder Kunde eine unerwartet gute Erfahrung mit uns macht, sowohl in Bezug auf unsere Fahrzeuge als auch auf unseren Kundenservice. Wenn Sie Fragen haben, z\u00f6gern Sie nicht, uns zu kontaktieren! Wir bieten Unterst\u00fctzung per E-Mail (<a href=\"mailto:info@rczone.ee\">info@rczone.ee<\/a>) und wir helfen Ihnen, die f\u00fcr Sie passende L\u00f6sung zu finden.\u00a0<\/p>\n<h4>Unsere Vorteile<\/h4>\n<ul>\n<li>Au\u00dfergew\u00f6hnlicher Kundenservice<\/li>\n<li>Schnelle Lieferung<\/li>\n<li>Leichte R\u00fcckkehr<\/li>\n<li>F\u00fcr unsere Kunden ist gesorgt!<\/li>\n<\/ul>\n<p>Werden Sie Mitglied der RcZone.ee-Familie und entdecken Sie die aufregende Welt der Modellautos!<\/p>\n\n\t\t<\/div>\n\t\t\t\t\t<\/div>\n\n\t\n\n<\/div>","protected":false},"excerpt":{"rendered":"","protected":false},"author":1,"featured_media":0,"parent":0,"menu_order":0,"comment_status":"closed","ping_status":"closed","template":"","meta":{"_monsterinsights_skip_tracking":false,"_monsterinsights_sitenote_active":false,"_monsterinsights_sitenote_note":"","_monsterinsights_sitenote_category":0,"footnotes":""},"class_list":["post-93","page","type-page","status-publish","hentry"],"yoast_head":"<!-- This site is optimized with the Yoast SEO plugin v27.4 - https:\/\/yoast.com\/product\/yoast-seo-wordpress\/ -->\n<title>About Us - RC Zone | Raadio teel juhitavad autod<\/title>\n<meta name=\"robots\" content=\"index, follow, max-snippet:-1, max-image-preview:large, max-video-preview:-1\" \/>\n<link rel=\"canonical\" href=\"https:\/\/rczone.ee\/de\/uber-uns\/\" \/>\n<meta property=\"og:locale\" content=\"de_DE\" \/>\n<meta property=\"og:type\" content=\"article\" \/>\n<meta property=\"og:title\" content=\"About Us - RC Zone | Raadio teel juhitavad autod\" \/>\n<meta property=\"og:url\" content=\"https:\/\/rczone.ee\/de\/uber-uns\/\" \/>\n<meta property=\"og:site_name\" content=\"RC Zone | Raadio teel juhitavad autod\" \/>\n<meta property=\"article:publisher\" content=\"https:\/\/www.facebook.com\/rczone.ee\" \/>\n<meta property=\"article:modified_time\" content=\"2026-03-20T20:27:59+00:00\" \/>\n<meta name=\"twitter:card\" content=\"summary_large_image\" \/>\n<meta name=\"twitter:label1\" content=\"Gesch\u00e4tzte Lesezeit\" \/>\n\t<meta name=\"twitter:data1\" content=\"2\u00a0Minuten\" \/>\n<script type=\"application\/ld+json\" class=\"yoast-schema-graph\">{\"@context\":\"https:\\\/\\\/schema.org\",\"@graph\":[{\"@type\":\"WebPage\",\"@id\":\"https:\\\/\\\/rczone.ee\\\/about-us\\\/\",\"url\":\"https:\\\/\\\/rczone.ee\\\/about-us\\\/\",\"name\":\"About Us - RC Zone | Raadio teel juhitavad autod\",\"isPartOf\":{\"@id\":\"https:\\\/\\\/rczone.ee\\\/#website\"},\"datePublished\":\"2024-01-17T08:56:14+00:00\",\"dateModified\":\"2026-03-20T20:27:59+00:00\",\"breadcrumb\":{\"@id\":\"https:\\\/\\\/rczone.ee\\\/about-us\\\/#breadcrumb\"},\"inLanguage\":\"de\",\"potentialAction\":[{\"@type\":\"ReadAction\",\"target\":[\"https:\\\/\\\/rczone.ee\\\/about-us\\\/\"]}]},{\"@type\":\"BreadcrumbList\",\"@id\":\"https:\\\/\\\/rczone.ee\\\/about-us\\\/#breadcrumb\",\"itemListElement\":[{\"@type\":\"ListItem\",\"position\":1,\"name\":\"Home\",\"item\":\"https:\\\/\\\/rczone.ee\\\/\"},{\"@type\":\"ListItem\",\"position\":2,\"name\":\"About Us\"}]},{\"@type\":\"WebSite\",\"@id\":\"https:\\\/\\\/rczone.ee\\\/#website\",\"url\":\"https:\\\/\\\/rczone.ee\\\/\",\"name\":\"RcZone\",\"description\":\"RcZone - Raadio teel juhitavate autode veebipood. M&uuml;&uuml;me laia valikut kvaliteetseid ja v&otilde;imsaid RC-autosid. Kiire tarne ja konkurentsiv&otilde;imelised hinnad.\",\"publisher\":{\"@id\":\"https:\\\/\\\/rczone.ee\\\/#organization\"},\"potentialAction\":[{\"@type\":\"SearchAction\",\"target\":{\"@type\":\"EntryPoint\",\"urlTemplate\":\"https:\\\/\\\/rczone.ee\\\/?s={search_term_string}\"},\"query-input\":{\"@type\":\"PropertyValueSpecification\",\"valueRequired\":true,\"valueName\":\"search_term_string\"}}],\"inLanguage\":\"de\"},{\"@type\":\"Organization\",\"@id\":\"https:\\\/\\\/rczone.ee\\\/#organization\",\"name\":\"RcZone\",\"url\":\"https:\\\/\\\/rczone.ee\\\/\",\"logo\":{\"@type\":\"ImageObject\",\"inLanguage\":\"de\",\"@id\":\"https:\\\/\\\/rczone.ee\\\/#\\\/schema\\\/logo\\\/image\\\/\",\"url\":\"https:\\\/\\\/rczone.ee\\\/wp-content\\\/uploads\\\/2024\\\/01\\\/3D.png\",\"contentUrl\":\"https:\\\/\\\/rczone.ee\\\/wp-content\\\/uploads\\\/2024\\\/01\\\/3D.png\",\"width\":2080,\"height\":602,\"caption\":\"RcZone\"},\"image\":{\"@id\":\"https:\\\/\\\/rczone.ee\\\/#\\\/schema\\\/logo\\\/image\\\/\"},\"sameAs\":[\"https:\\\/\\\/www.facebook.com\\\/rczone.ee\"]}]}<\/script>\n<!-- \/ Yoast SEO plugin. -->","yoast_head_json":{"title":"\u00dcber uns - RC Zone | Funkgesteuerte Autos","robots":{"index":"index","follow":"follow","max-snippet":"max-snippet:-1","max-image-preview":"max-image-preview:large","max-video-preview":"max-video-preview:-1"},"canonical":"https:\/\/rczone.ee\/de\/uber-uns\/","og_locale":"de_DE","og_type":"article","og_title":"About Us - RC Zone | Raadio teel juhitavad autod","og_url":"https:\/\/rczone.ee\/de\/uber-uns\/","og_site_name":"RC Zone | Raadio teel juhitavad autod","article_publisher":"https:\/\/www.facebook.com\/rczone.ee","article_modified_time":"2026-03-20T20:27:59+00:00","twitter_card":"summary_large_image","twitter_misc":{"Gesch\u00e4tzte Lesezeit":"2\u00a0Minuten"},"schema":{"@context":"https:\/\/schema.org","@graph":[{"@type":"WebPage","@id":"https:\/\/rczone.ee\/about-us\/","url":"https:\/\/rczone.ee\/about-us\/","name":"\u00dcber uns - RC Zone | Funkgesteuerte Autos","isPartOf":{"@id":"https:\/\/rczone.ee\/#website"},"datePublished":"2024-01-17T08:56:14+00:00","dateModified":"2026-03-20T20:27:59+00:00","breadcrumb":{"@id":"https:\/\/rczone.ee\/about-us\/#breadcrumb"},"inLanguage":"de","potentialAction":[{"@type":"ReadAction","target":["https:\/\/rczone.ee\/about-us\/"]}]},{"@type":"BreadcrumbList","@id":"https:\/\/rczone.ee\/about-us\/#breadcrumb","itemListElement":[{"@type":"ListItem","position":1,"name":"Home","item":"https:\/\/rczone.ee\/"},{"@type":"ListItem","position":2,"name":"About Us"}]},{"@type":"WebSite","@id":"https:\/\/rczone.ee\/#website","url":"https:\/\/rczone.ee\/","name":"RcZone","description":"RcZone - Online Shop f\u00fcr funkgesteuerte Autos. Wir verkaufen eine breite Palette von qualitativ hochwertigen und leistungsstarken RC-Autos. Schnelle Lieferung und g\u00fcnstige Preise.","publisher":{"@id":"https:\/\/rczone.ee\/#organization"},"potentialAction":[{"@type":"SearchAction","target":{"@type":"EntryPoint","urlTemplate":"https:\/\/rczone.ee\/?s={search_term_string}"},"query-input":{"@type":"PropertyValueSpecification","valueRequired":true,"valueName":"search_term_string"}}],"inLanguage":"de"},{"@type":"Organization","@id":"https:\/\/rczone.ee\/#organization","name":"RcZone","url":"https:\/\/rczone.ee\/","logo":{"@type":"ImageObject","inLanguage":"de","@id":"https:\/\/rczone.ee\/#\/schema\/logo\/image\/","url":"https:\/\/rczone.ee\/wp-content\/uploads\/2024\/01\/3D.png","contentUrl":"https:\/\/rczone.ee\/wp-content\/uploads\/2024\/01\/3D.png","width":2080,"height":602,"caption":"RcZone"},"image":{"@id":"https:\/\/rczone.ee\/#\/schema\/logo\/image\/"},"sameAs":["https:\/\/www.facebook.com\/rczone.ee"]}]}},"_links":{"self":[{"href":"https:\/\/rczone.ee\/de\/wp-json\/wp\/v2\/pages\/93","targetHints":{"allow":["GET"]}}],"collection":[{"href":"https:\/\/rczone.ee\/de\/wp-json\/wp\/v2\/pages"}],"about":[{"href":"https:\/\/rczone.ee\/de\/wp-json\/wp\/v2\/types\/page"}],"author":[{"embeddable":true,"href":"https:\/\/rczone.ee\/de\/wp-json\/wp\/v2\/users\/1"}],"replies":[{"embeddable":true,"href":"https:\/\/rczone.ee\/de\/wp-json\/wp\/v2\/comments?post=93"}],"version-history":[{"count":8,"href":"https:\/\/rczone.ee\/de\/wp-json\/wp\/v2\/pages\/93\/revisions"}],"predecessor-version":[{"id":5810,"href":"https:\/\/rczone.ee\/de\/wp-json\/wp\/v2\/pages\/93\/revisions\/5810"}],"wp:attachment":[{"href":"https:\/\/rczone.ee\/de\/wp-json\/wp\/v2\/media?parent=93"}],"curies":[{"name":"wp","href":"https:\/\/api.w.org\/{rel}","templated":true}]}}