{"id":1011,"date":"2024-08-26T18:02:42","date_gmt":"2024-08-26T15:02:42","guid":{"rendered":"https:\/\/rczone.ee\/?post_type=product&#038;p=1011"},"modified":"2026-05-09T15:06:48","modified_gmt":"2026-05-09T12:06:48","slug":"hospeed-aurora-truggy-4wd-hs14321-114","status":"publish","type":"product","link":"https:\/\/rczone.ee\/de\/toode\/hospeed-aurora-truggy-4wd-hs14321-114\/","title":{"rendered":"HoSpeed Aurora Truggy 4WD HS14321 1:14"},"content":{"rendered":"<p>Der HoSpeed Aurora Truggy 4WD HS14321 bietet eine au\u00dfergew\u00f6hnliche Kombination aus Geschwindigkeit, Kontrolle und Haltbarkeit und ist damit eine ausgezeichnete Wahl f\u00fcr RC-Enthusiasten, die ein zuverl\u00e4ssiges und aufregendes 4WD-Modellauto suchen. Seine fortschrittlichen Funktionen und seine robuste Bauweise sorgen f\u00fcr ein hervorragendes Fahrerlebnis auf einer Vielzahl von Terrains, die f\u00fcr Anf\u00e4nger und erfahrene RC-Fahrer gleicherma\u00dfen geeignet sind. Ob beim \u00dcberqueren von Offroad-Trails oder bei Hochgeschwindigkeitsrennen auf offenem Feld, der HoSpeed Aurora Truggy beeindruckt durch seine Kraft, Geschwindigkeit und sein besonders wildes Aussehen. Das Fahrzeug und seine Elektronik sind wasserdicht nach IPX4. Er hat einstellbare Sto\u00dfd\u00e4mpfer und ist mit 6 LED-Scheinwerfern ausgestattet.<\/p>\n<p>&nbsp;<\/p>\n<p>Entfernung zur Fernbedienung: 70m<br \/>\nStand der Versammlung: Ready-to-Run<br \/>\nLieferumfang: RC Car, Originalverpackung, Bedienungsanleitung, Fernbedienung, USB-Kabel<br \/>\nStromquelle: Elektrisch<br \/>\nMa\u00dfstab: 1:14<br \/>\nAufladezeit: 4 Stunden<br \/>\nFrequenz: 2,4 G<br \/>\nAkku: 1 x 7,4V, 1300mAH<br \/>\nSpieldauer: 15 Minuten<br \/>\nGeschwindigkeit: 40km\/h<\/p>\n<div style=\"padding: 56.25% 0 0 0; position: relative;\"><iframe style=\"position: absolute; top: 0; left: 0; width: 100%; height: 100%;\" title=\"HoSpeed Aurora Truggy 4WD HS14321\" src=\"https:\/\/player.vimeo.com\/video\/1002858992?badge=0&amp;autopause=0&amp;player_id=0&amp;app_id=58479\" frameborder=\"0\"><\/iframe><\/div>\n<p><img decoding=\"async\" class=\"alignnone size-medium wp-image-1014\" src=\"https:\/\/rczone.ee\/wp-content\/uploads\/2024\/08\/t01-1-400x400.jpg\" alt=\"\" width=\"400\" height=\"400\" srcset=\"https:\/\/rczone.ee\/wp-content\/uploads\/2024\/08\/t01-1-400x400.jpg 400w, https:\/\/rczone.ee\/wp-content\/uploads\/2024\/08\/t01-1-280x280.jpg 280w, https:\/\/rczone.ee\/wp-content\/uploads\/2024\/08\/t01-1-768x768.jpg 768w, https:\/\/rczone.ee\/wp-content\/uploads\/2024\/08\/t01-1-12x12.jpg 12w, https:\/\/rczone.ee\/wp-content\/uploads\/2024\/08\/t01-1-450x450.jpg 450w, https:\/\/rczone.ee\/wp-content\/uploads\/2024\/08\/t01-1-100x100.jpg 100w, https:\/\/rczone.ee\/wp-content\/uploads\/2024\/08\/t01-1.jpg 800w\" sizes=\"(max-width: 400px) 100vw, 400px\" \/> <img decoding=\"async\" class=\"alignnone size-medium wp-image-1015\" src=\"https:\/\/rczone.ee\/wp-content\/uploads\/2024\/08\/t02-1-400x400.jpg\" alt=\"\" width=\"400\" height=\"400\" srcset=\"https:\/\/rczone.ee\/wp-content\/uploads\/2024\/08\/t02-1-400x400.jpg 400w, https:\/\/rczone.ee\/wp-content\/uploads\/2024\/08\/t02-1-280x280.jpg 280w, https:\/\/rczone.ee\/wp-content\/uploads\/2024\/08\/t02-1-768x768.jpg 768w, https:\/\/rczone.ee\/wp-content\/uploads\/2024\/08\/t02-1-12x12.jpg 12w, https:\/\/rczone.ee\/wp-content\/uploads\/2024\/08\/t02-1-450x450.jpg 450w, https:\/\/rczone.ee\/wp-content\/uploads\/2024\/08\/t02-1-100x100.jpg 100w, https:\/\/rczone.ee\/wp-content\/uploads\/2024\/08\/t02-1.jpg 800w\" sizes=\"(max-width: 400px) 100vw, 400px\" \/> <img decoding=\"async\" class=\"alignnone size-medium wp-image-1016\" src=\"https:\/\/rczone.ee\/wp-content\/uploads\/2024\/08\/t03-1-400x400.jpg\" alt=\"\" width=\"400\" height=\"400\" srcset=\"https:\/\/rczone.ee\/wp-content\/uploads\/2024\/08\/t03-1-400x400.jpg 400w, https:\/\/rczone.ee\/wp-content\/uploads\/2024\/08\/t03-1-280x280.jpg 280w, https:\/\/rczone.ee\/wp-content\/uploads\/2024\/08\/t03-1-768x768.jpg 768w, https:\/\/rczone.ee\/wp-content\/uploads\/2024\/08\/t03-1-12x12.jpg 12w, https:\/\/rczone.ee\/wp-content\/uploads\/2024\/08\/t03-1-450x450.jpg 450w, https:\/\/rczone.ee\/wp-content\/uploads\/2024\/08\/t03-1-100x100.jpg 100w, https:\/\/rczone.ee\/wp-content\/uploads\/2024\/08\/t03-1.jpg 800w\" sizes=\"(max-width: 400px) 100vw, 400px\" \/> <img decoding=\"async\" class=\"alignnone size-medium wp-image-1017\" src=\"https:\/\/rczone.ee\/wp-content\/uploads\/2024\/08\/t04-1-400x400.jpg\" alt=\"\" width=\"400\" height=\"400\" srcset=\"https:\/\/rczone.ee\/wp-content\/uploads\/2024\/08\/t04-1-400x400.jpg 400w, https:\/\/rczone.ee\/wp-content\/uploads\/2024\/08\/t04-1-280x280.jpg 280w, https:\/\/rczone.ee\/wp-content\/uploads\/2024\/08\/t04-1-768x768.jpg 768w, https:\/\/rczone.ee\/wp-content\/uploads\/2024\/08\/t04-1-12x12.jpg 12w, https:\/\/rczone.ee\/wp-content\/uploads\/2024\/08\/t04-1-450x450.jpg 450w, https:\/\/rczone.ee\/wp-content\/uploads\/2024\/08\/t04-1-100x100.jpg 100w, https:\/\/rczone.ee\/wp-content\/uploads\/2024\/08\/t04-1.jpg 800w\" sizes=\"(max-width: 400px) 100vw, 400px\" \/><\/p>","protected":false},"excerpt":{"rendered":"<ul>\n<li style=\"line-height: 1; padding-top: 20px;\">Level: Pro<\/li>\n<li style=\"line-height: 1;\">Altersgruppe der Benutzer: 8-13<\/li>\n<li style=\"line-height: 1;\">Kategorie: Truggy<\/li>\n<li style=\"line-height: 1;\">Ma\u00dfstab: 1:14<\/li>\n<li style=\"line-height: 1;\">Antriebsart: 4WD<\/li>\n<li style=\"line-height: 1;\">H\u00f6chstgeschwindigkeit: 40 km\/h<\/li>\n<li style=\"line-height: 1;\">Fertigstellung: Ready-To-Run<\/li>\n<li style=\"line-height: 1;\">Energie: Elektrizit\u00e4t<\/li>\n<\/ul>","protected":false},"featured_media":1040,"comment_status":"open","ping_status":"closed","template":"","meta":{"_monsterinsights_skip_tracking":false,"_monsterinsights_sitenote_active":false,"_monsterinsights_sitenote_note":"","_monsterinsights_sitenote_category":0},"fits_model":[],"product_brand":[],"product_cat":[33],"product_tag":[84],"woo-feed-brand":[],"class_list":{"0":"post-1011","1":"product","2":"type-product","3":"status-publish","4":"has-post-thumbnail","6":"product_cat-truggy","7":"product_tag-standard","9":"first","10":"instock","11":"featured","12":"taxable","13":"shipping-taxable","14":"purchasable","15":"product-type-variable","16":"has-default-attributes"},"yoast_head":"<!-- This site is optimized with the Yoast SEO plugin v27.6 - https:\/\/yoast.com\/product\/yoast-seo-wordpress\/ -->\n<title>HoSpeed Aurora Truggy 4WD HS14321 1:14 - RC Zone | Raadio teel juhitavad autod<\/title>\n<meta name=\"robots\" content=\"index, follow, max-snippet:-1, max-image-preview:large, max-video-preview:-1\" \/>\n<link rel=\"canonical\" href=\"https:\/\/rczone.ee\/de\/product-2\/hospeed-aurora-truggy-4wd-hs14321-114\/\" \/>\n<meta property=\"og:locale\" content=\"de_DE\" \/>\n<meta property=\"og:type\" content=\"article\" \/>\n<meta property=\"og:title\" content=\"HoSpeed Aurora Truggy 4WD HS14321 1:14 - RC Zone | Raadio teel juhitavad autod\" \/>\n<meta property=\"og:description\" content=\"Rate: Pro  Kasutaja vanuseklass: 8-13  Kategooria: Truggy  Skaala: 1:14  Vedav sild: 4WD  Max kiirus: 40 km\/h  Komplekteeritus: Ready-To-Run  Energia: Elekter\" \/>\n<meta property=\"og:url\" content=\"https:\/\/rczone.ee\/de\/product-2\/hospeed-aurora-truggy-4wd-hs14321-114\/\" \/>\n<meta property=\"og:site_name\" content=\"RC Zone | Raadio teel juhitavad autod\" \/>\n<meta property=\"article:publisher\" content=\"https:\/\/www.facebook.com\/rczone.ee\" \/>\n<meta property=\"article:modified_time\" content=\"2026-05-09T12:06:48+00:00\" \/>\n<meta property=\"og:image\" content=\"https:\/\/rczone.ee\/wp-content\/uploads\/2024\/08\/01-4.jpg\" \/>\n\t<meta property=\"og:image:width\" content=\"800\" \/>\n\t<meta property=\"og:image:height\" content=\"800\" \/>\n\t<meta property=\"og:image:type\" content=\"image\/jpeg\" \/>\n<meta name=\"twitter:card\" content=\"summary_large_image\" \/>\n<meta name=\"twitter:label1\" content=\"Gesch\u00e4tzte Lesezeit\" \/>\n\t<meta name=\"twitter:data1\" content=\"2\u00a0Minuten\" \/>\n<script type=\"application\/ld+json\" class=\"yoast-schema-graph\">{\"@context\":\"https:\\\/\\\/schema.org\",\"@graph\":[{\"@type\":\"WebPage\",\"@id\":\"https:\\\/\\\/rczone.ee\\\/toode\\\/hospeed-aurora-truggy-4wd-hs14321-114\\\/\",\"url\":\"https:\\\/\\\/rczone.ee\\\/toode\\\/hospeed-aurora-truggy-4wd-hs14321-114\\\/\",\"name\":\"HoSpeed Aurora Truggy 4WD HS14321 1:14 - RC Zone | Raadio teel juhitavad autod\",\"isPartOf\":{\"@id\":\"https:\\\/\\\/rczone.ee\\\/#website\"},\"primaryImageOfPage\":{\"@id\":\"https:\\\/\\\/rczone.ee\\\/toode\\\/hospeed-aurora-truggy-4wd-hs14321-114\\\/#primaryimage\"},\"image\":{\"@id\":\"https:\\\/\\\/rczone.ee\\\/toode\\\/hospeed-aurora-truggy-4wd-hs14321-114\\\/#primaryimage\"},\"thumbnailUrl\":\"https:\\\/\\\/rczone.ee\\\/wp-content\\\/uploads\\\/2024\\\/08\\\/01-4.jpg\",\"datePublished\":\"2024-08-26T15:02:42+00:00\",\"dateModified\":\"2026-05-09T12:06:48+00:00\",\"breadcrumb\":{\"@id\":\"https:\\\/\\\/rczone.ee\\\/toode\\\/hospeed-aurora-truggy-4wd-hs14321-114\\\/#breadcrumb\"},\"inLanguage\":\"de\",\"potentialAction\":[{\"@type\":\"ReadAction\",\"target\":[\"https:\\\/\\\/rczone.ee\\\/toode\\\/hospeed-aurora-truggy-4wd-hs14321-114\\\/\"]}]},{\"@type\":\"ImageObject\",\"inLanguage\":\"de\",\"@id\":\"https:\\\/\\\/rczone.ee\\\/toode\\\/hospeed-aurora-truggy-4wd-hs14321-114\\\/#primaryimage\",\"url\":\"https:\\\/\\\/rczone.ee\\\/wp-content\\\/uploads\\\/2024\\\/08\\\/01-4.jpg\",\"contentUrl\":\"https:\\\/\\\/rczone.ee\\\/wp-content\\\/uploads\\\/2024\\\/08\\\/01-4.jpg\",\"width\":800,\"height\":800},{\"@type\":\"BreadcrumbList\",\"@id\":\"https:\\\/\\\/rczone.ee\\\/toode\\\/hospeed-aurora-truggy-4wd-hs14321-114\\\/#breadcrumb\",\"itemListElement\":[{\"@type\":\"ListItem\",\"position\":1,\"name\":\"Home\",\"item\":\"https:\\\/\\\/rczone.ee\\\/\"},{\"@type\":\"ListItem\",\"position\":2,\"name\":\"Shop\",\"item\":\"https:\\\/\\\/rczone.ee\\\/shop\\\/\"},{\"@type\":\"ListItem\",\"position\":3,\"name\":\"HoSpeed Aurora Truggy 4WD HS14321 1:14\"}]},{\"@type\":\"WebSite\",\"@id\":\"https:\\\/\\\/rczone.ee\\\/#website\",\"url\":\"https:\\\/\\\/rczone.ee\\\/\",\"name\":\"RcZone\",\"description\":\"RcZone - Raadio teel juhitavate autode veebipood. M&uuml;&uuml;me laia valikut kvaliteetseid ja v&otilde;imsaid RC-autosid. Kiire tarne ja konkurentsiv&otilde;imelised hinnad.\",\"publisher\":{\"@id\":\"https:\\\/\\\/rczone.ee\\\/#organization\"},\"potentialAction\":[{\"@type\":\"SearchAction\",\"target\":{\"@type\":\"EntryPoint\",\"urlTemplate\":\"https:\\\/\\\/rczone.ee\\\/?s={search_term_string}\"},\"query-input\":{\"@type\":\"PropertyValueSpecification\",\"valueRequired\":true,\"valueName\":\"search_term_string\"}}],\"inLanguage\":\"de\"},{\"@type\":\"Organization\",\"@id\":\"https:\\\/\\\/rczone.ee\\\/#organization\",\"name\":\"RcZone\",\"url\":\"https:\\\/\\\/rczone.ee\\\/\",\"logo\":{\"@type\":\"ImageObject\",\"inLanguage\":\"de\",\"@id\":\"https:\\\/\\\/rczone.ee\\\/#\\\/schema\\\/logo\\\/image\\\/\",\"url\":\"https:\\\/\\\/rczone.ee\\\/wp-content\\\/uploads\\\/2024\\\/01\\\/3D.png\",\"contentUrl\":\"https:\\\/\\\/rczone.ee\\\/wp-content\\\/uploads\\\/2024\\\/01\\\/3D.png\",\"width\":2080,\"height\":602,\"caption\":\"RcZone\"},\"image\":{\"@id\":\"https:\\\/\\\/rczone.ee\\\/#\\\/schema\\\/logo\\\/image\\\/\"},\"sameAs\":[\"https:\\\/\\\/www.facebook.com\\\/rczone.ee\"]}]}<\/script>\n<!-- \/ Yoast SEO plugin. -->","yoast_head_json":{"title":"HoSpeed Aurora Truggy 4WD HS14321 1:14 - RC Zone | Ferngesteuerte Autos","robots":{"index":"index","follow":"follow","max-snippet":"max-snippet:-1","max-image-preview":"max-image-preview:large","max-video-preview":"max-video-preview:-1"},"canonical":"https:\/\/rczone.ee\/de\/product-2\/hospeed-aurora-truggy-4wd-hs14321-114\/","og_locale":"de_DE","og_type":"article","og_title":"HoSpeed Aurora Truggy 4WD HS14321 1:14 - RC Zone | Raadio teel juhitavad autod","og_description":"Rate: Pro  Kasutaja vanuseklass: 8-13  Kategooria: Truggy  Skaala: 1:14  Vedav sild: 4WD  Max kiirus: 40 km\/h  Komplekteeritus: Ready-To-Run  Energia: Elekter","og_url":"https:\/\/rczone.ee\/de\/product-2\/hospeed-aurora-truggy-4wd-hs14321-114\/","og_site_name":"RC Zone | Raadio teel juhitavad autod","article_publisher":"https:\/\/www.facebook.com\/rczone.ee","article_modified_time":"2026-05-09T12:06:48+00:00","og_image":[{"width":800,"height":800,"url":"https:\/\/rczone.ee\/wp-content\/uploads\/2024\/08\/01-4.jpg","type":"image\/jpeg"}],"twitter_card":"summary_large_image","twitter_misc":{"Gesch\u00e4tzte Lesezeit":"2\u00a0Minuten"},"schema":{"@context":"https:\/\/schema.org","@graph":[{"@type":"WebPage","@id":"https:\/\/rczone.ee\/toode\/hospeed-aurora-truggy-4wd-hs14321-114\/","url":"https:\/\/rczone.ee\/toode\/hospeed-aurora-truggy-4wd-hs14321-114\/","name":"HoSpeed Aurora Truggy 4WD HS14321 1:14 - RC Zone | Ferngesteuerte Autos","isPartOf":{"@id":"https:\/\/rczone.ee\/#website"},"primaryImageOfPage":{"@id":"https:\/\/rczone.ee\/toode\/hospeed-aurora-truggy-4wd-hs14321-114\/#primaryimage"},"image":{"@id":"https:\/\/rczone.ee\/toode\/hospeed-aurora-truggy-4wd-hs14321-114\/#primaryimage"},"thumbnailUrl":"https:\/\/rczone.ee\/wp-content\/uploads\/2024\/08\/01-4.jpg","datePublished":"2024-08-26T15:02:42+00:00","dateModified":"2026-05-09T12:06:48+00:00","breadcrumb":{"@id":"https:\/\/rczone.ee\/toode\/hospeed-aurora-truggy-4wd-hs14321-114\/#breadcrumb"},"inLanguage":"de","potentialAction":[{"@type":"ReadAction","target":["https:\/\/rczone.ee\/toode\/hospeed-aurora-truggy-4wd-hs14321-114\/"]}]},{"@type":"ImageObject","inLanguage":"de","@id":"https:\/\/rczone.ee\/toode\/hospeed-aurora-truggy-4wd-hs14321-114\/#primaryimage","url":"https:\/\/rczone.ee\/wp-content\/uploads\/2024\/08\/01-4.jpg","contentUrl":"https:\/\/rczone.ee\/wp-content\/uploads\/2024\/08\/01-4.jpg","width":800,"height":800},{"@type":"BreadcrumbList","@id":"https:\/\/rczone.ee\/toode\/hospeed-aurora-truggy-4wd-hs14321-114\/#breadcrumb","itemListElement":[{"@type":"ListItem","position":1,"name":"Home","item":"https:\/\/rczone.ee\/"},{"@type":"ListItem","position":2,"name":"Shop","item":"https:\/\/rczone.ee\/shop\/"},{"@type":"ListItem","position":3,"name":"HoSpeed Aurora Truggy 4WD HS14321 1:14"}]},{"@type":"WebSite","@id":"https:\/\/rczone.ee\/#website","url":"https:\/\/rczone.ee\/","name":"RcZone","description":"RcZone - Online Shop f\u00fcr funkgesteuerte Autos. Wir verkaufen eine breite Palette von qualitativ hochwertigen und leistungsstarken RC-Autos. Schnelle Lieferung und g\u00fcnstige Preise.","publisher":{"@id":"https:\/\/rczone.ee\/#organization"},"potentialAction":[{"@type":"SearchAction","target":{"@type":"EntryPoint","urlTemplate":"https:\/\/rczone.ee\/?s={search_term_string}"},"query-input":{"@type":"PropertyValueSpecification","valueRequired":true,"valueName":"search_term_string"}}],"inLanguage":"de"},{"@type":"Organization","@id":"https:\/\/rczone.ee\/#organization","name":"RcZone","url":"https:\/\/rczone.ee\/","logo":{"@type":"ImageObject","inLanguage":"de","@id":"https:\/\/rczone.ee\/#\/schema\/logo\/image\/","url":"https:\/\/rczone.ee\/wp-content\/uploads\/2024\/01\/3D.png","contentUrl":"https:\/\/rczone.ee\/wp-content\/uploads\/2024\/01\/3D.png","width":2080,"height":602,"caption":"RcZone"},"image":{"@id":"https:\/\/rczone.ee\/#\/schema\/logo\/image\/"},"sameAs":["https:\/\/www.facebook.com\/rczone.ee"]}]}},"_links":{"self":[{"href":"https:\/\/rczone.ee\/de\/wp-json\/wp\/v2\/product\/1011","targetHints":{"allow":["GET"]}}],"collection":[{"href":"https:\/\/rczone.ee\/de\/wp-json\/wp\/v2\/product"}],"about":[{"href":"https:\/\/rczone.ee\/de\/wp-json\/wp\/v2\/types\/product"}],"replies":[{"embeddable":true,"href":"https:\/\/rczone.ee\/de\/wp-json\/wp\/v2\/comments?post=1011"}],"wp:featuredmedia":[{"embeddable":true,"href":"https:\/\/rczone.ee\/de\/wp-json\/wp\/v2\/media\/1040"}],"wp:attachment":[{"href":"https:\/\/rczone.ee\/de\/wp-json\/wp\/v2\/media?parent=1011"}],"wp:term":[{"taxonomy":"fits_model","embeddable":true,"href":"https:\/\/rczone.ee\/de\/wp-json\/wp\/v2\/fits_model?post=1011"},{"taxonomy":"product_brand","embeddable":true,"href":"https:\/\/rczone.ee\/de\/wp-json\/wp\/v2\/product_brand?post=1011"},{"taxonomy":"product_cat","embeddable":true,"href":"https:\/\/rczone.ee\/de\/wp-json\/wp\/v2\/product_cat?post=1011"},{"taxonomy":"product_tag","embeddable":true,"href":"https:\/\/rczone.ee\/de\/wp-json\/wp\/v2\/product_tag?post=1011"},{"taxonomy":"woo-feed-brand","embeddable":true,"href":"https:\/\/rczone.ee\/de\/wp-json\/wp\/v2\/woo-feed-brand?post=1011"}],"curies":[{"name":"wp","href":"https:\/\/api.w.org\/{rel}","templated":true}]}}