{"id":1313,"date":"2024-10-05T22:30:51","date_gmt":"2024-10-05T19:30:51","guid":{"rendered":"https:\/\/rczone.ee\/?post_type=product&#038;p=1313"},"modified":"2026-01-11T17:23:49","modified_gmt":"2026-01-11T15:23:49","slug":"imax-b6-80w-6a-balance-ladegerat-entlader","status":"publish","type":"product","link":"https:\/\/rczone.ee\/de\/toode\/imax-b6-80w-6a-balance-charger-discharger\/","title":{"rendered":"iMAX B6 80W 6A Balance Ladeger\u00e4t\/Entladeger\u00e4t"},"content":{"rendered":"<div class=\"flex max-w-full flex-col flex-grow\">\n<div class=\"min-h-8 text-message flex w-full flex-col items-end gap-2 whitespace-normal break-words [.text-message+&amp;]:mt-5\" dir=\"auto\" data-message-author-role=\"assistant\" data-message-id=\"5df43c3f-0fce-4180-884f-652b6a83d940\">\n<div class=\"flex w-full flex-col gap-1 empty:hidden first:pt-[3px]\">\n<div class=\"markdown prose w-full break-words dark:prose-invert light\">\n<p>iMAX B6 80W 6A on professionaalne laadija, mis v\u00f5imaldab Li-Ion, LiPo, LiFe (A123), NiCd ja NiMH akude laadimist, tasakaalustamist ja t\u00fchjendamist. Laadijal on ka akude turvaliseks s\u00e4ilitamiseks vajalikku laetust s\u00e4testav funktsioon.<\/p>\n<p>Laadija toiteks saab lisaks v\u00f5rguvoolule (seina-adapter ei ole komplektis) kasutada ka n\u00e4iteks 12V auto akut, vajalikud \u00fchenduskaablid (&#8220;krokodillid&#8221;) on komplektis. B6-l on automaatne funktsioon, mis reguleerib laadimis- v\u00f5i t\u00fchjendusprotsessi ajal voolu, eriti kasulik LiPo akude puhul. See funktsioon ennetab ohtlikku \u00fclelaadimist. Laadija l\u00fclitab vajadusel ahela automaatselt v\u00e4lja ja annab h\u00e4ire, kui tuvastatakse probleem. K\u00f5ik programmi seaded on kasutaja poolt kohandatavad, et tagada maksimaalne turvalisus ja mugavus.<\/p>\n<p><strong>Peamised omadused:<\/strong><\/p>\n<ol>\n<li>Mikroprotsessoriga juhitud Delta-peak tundlikkus.<\/li>\n<li>\u00dcksikelementide tasakaalustus (Li-ion, LiPo, LiFe) ja NiCd ning NiMH akude tugi.<\/li>\n<li>Lai valik laadimisvoole ja turvaline hoiustamisre\u017eiim.<\/li>\n<li>Ajalimiidi funktsioon ja sisendpinge j\u00e4lgimine, mis kaitseb akusid.<\/li>\n<li>M\u00e4lu kuni 5 aku jaoks.<\/li>\n<li>Akude t\u00fchjendamine ja ts\u00fckliline laadimine.<\/li>\n<li>Uue generatsiooni LiFe s\u00fcsteemi tugi.<\/li>\n<\/ol>\n<p><strong>Tehnilised andmed:<\/strong><\/p>\n<ul>\n<li>T\u00f6\u00f6pinge: DC 11.0\u201318.0 V \/ AC-DC adapter (DC 11.0\u201318.0 V\/5A)<\/li>\n<li>Maksimaalne laadimisv\u00f5imsus: 80W \/ Maksimaalne t\u00fchjendusv\u00f5imsus: 5W<\/li>\n<li>Laadimisvool: 0.1\u20136.0A<\/li>\n<li>T\u00fchjendusvool: 0.1\u20131.0A<\/li>\n<li>Tasakaalustamise vool Li-po akudele: 300 mA\/element<\/li>\n<li>LiIon\/LiPo\/LiFe akud: 1-6 elementi<\/li>\n<li>NiCd\/NiMH akud: 1-15 elementi<\/li>\n<li>Pb-akude pinge: 2\u201320V<\/li>\n<li>Kaal: 277g<\/li>\n<li>M\u00f5\u00f5tmed: 133 x 87 x 33 mm<\/li>\n<\/ul>\n<p><strong>Komplekti kuulub:<\/strong><\/p>\n<ul>\n<li>1 x iMAX B6 Balance Charger<\/li>\n<li>1 x multifunktsionaalne kaabel<\/li>\n<li>1 x universaalne krokodillklamber<\/li>\n<li>1 x JST pistik<\/li>\n<\/ul>\n<p><span style=\"font-size: 110%; color: #ff0000;\"><strong>NB! Toiteadapter ei kuulu komplekti! (vajalik DC 11-18V, 6A, 5,5&#215;2,5mm).<\/strong><\/span><\/p>\n<p>Vajadusel saad selle lisada siit:<\/p>\n<\/div>\n<\/div>\n<\/div>\n<\/div>\n\t\n  \n    <div class=\"row large-columns-4 medium-columns-3 small-columns-2 row-small has-shadow row-box-shadow-2 row-box-shadow-1-hover slider row-slider slider-nav-reveal slider-nav-push\"  data-flickity-options='{&quot;imagesLoaded&quot;: true, &quot;groupCells&quot;: &quot;100%&quot;, &quot;dragThreshold&quot; : 5, &quot;cellAlign&quot;: &quot;left&quot;,&quot;wrapAround&quot;: true,&quot;prevNextButtons&quot;: true,&quot;percentPosition&quot;: true,&quot;pageDots&quot;: false, &quot;rightToLeft&quot;: false, &quot;autoPlay&quot; : false}' >\n\n  \n\t     <div class=\"product-small col has-hover product type-product post-1534 status-publish first instock product_cat-laadijad product_tag-standard has-post-thumbnail taxable shipping-taxable purchasable product-type-simple\">\n\t<div class=\"col-inner\">\n\t\n<div class=\"badge-container absolute left top z-1\">\n\n<\/div>\n\t<div class=\"product-small box \">\n\t\t<div class=\"box-image\">\n\t\t\t<div class=\"image-zoom_in\">\n\t\t\t\t<a href=\"https:\/\/rczone.ee\/de\/toode\/ac-dc-adapter-12v-eu-6a-5525\/\">\n\t\t\t\t\t<img decoding=\"async\" width=\"450\" height=\"450\" src=\"https:\/\/rczone.ee\/wp-content\/uploads\/2024\/10\/ValgeTaustShadow-450x450.jpg\" class=\"attachment-woocommerce_thumbnail size-woocommerce_thumbnail\" alt=\"AC\/DC Adapter 12V EU 6A (5,5*2,5)\" srcset=\"https:\/\/rczone.ee\/wp-content\/uploads\/2024\/10\/ValgeTaustShadow-450x450.jpg 450w, https:\/\/rczone.ee\/wp-content\/uploads\/2024\/10\/ValgeTaustShadow-400x400.jpg 400w, https:\/\/rczone.ee\/wp-content\/uploads\/2024\/10\/ValgeTaustShadow-280x280.jpg 280w, https:\/\/rczone.ee\/wp-content\/uploads\/2024\/10\/ValgeTaustShadow-768x768.jpg 768w, https:\/\/rczone.ee\/wp-content\/uploads\/2024\/10\/ValgeTaustShadow-12x12.jpg 12w, https:\/\/rczone.ee\/wp-content\/uploads\/2024\/10\/ValgeTaustShadow-100x100.jpg 100w, https:\/\/rczone.ee\/wp-content\/uploads\/2024\/10\/ValgeTaustShadow.jpg 800w\" sizes=\"(max-width: 450px) 100vw, 450px\" \/><img decoding=\"async\" width=\"450\" height=\"450\" src=\"https:\/\/rczone.ee\/wp-content\/uploads\/2024\/10\/valge-taust-treine-pool-450x450.jpg\" class=\"show-on-hover absolute fill hide-for-small back-imageshow-on-hover absolute fill hide-for-small back-image hover-zoom\" alt=\"Alternative view of AC\/DC Adapter 12V EU 6A (5,5*2,5)\" aria-hidden=\"true\" srcset=\"https:\/\/rczone.ee\/wp-content\/uploads\/2024\/10\/valge-taust-treine-pool-450x450.jpg 450w, https:\/\/rczone.ee\/wp-content\/uploads\/2024\/10\/valge-taust-treine-pool-400x400.jpg 400w, https:\/\/rczone.ee\/wp-content\/uploads\/2024\/10\/valge-taust-treine-pool-280x280.jpg 280w, https:\/\/rczone.ee\/wp-content\/uploads\/2024\/10\/valge-taust-treine-pool-768x768.jpg 768w, https:\/\/rczone.ee\/wp-content\/uploads\/2024\/10\/valge-taust-treine-pool-12x12.jpg 12w, https:\/\/rczone.ee\/wp-content\/uploads\/2024\/10\/valge-taust-treine-pool-100x100.jpg 100w, https:\/\/rczone.ee\/wp-content\/uploads\/2024\/10\/valge-taust-treine-pool.jpg 800w\" sizes=\"(max-width: 450px) 100vw, 450px\" \/>\t\t\t\t<\/a>\n\t\t\t<\/div>\n\t\t\t<div class=\"image-tools is-small top right show-on-hover\">\n\t\t\t\t\t\t<div class=\"wishlist-icon\">\n\t\t\t<button class=\"wishlist-button button is-outline circle icon\" aria-label=\"Wunschliste\">\n\t\t\t\t<i class=\"icon-heart\" aria-hidden=\"true\"><\/i>\t\t\t<\/button>\n\t\t\t<div class=\"wishlist-popup dark\">\n\t\t\t\t\n<div\n\tclass=\"yith-wcwl-add-to-wishlist add-to-wishlist-1534 yith-wcwl-add-to-wishlist--link-style wishlist-fragment on-first-load\"\n\tdata-fragment-ref=\"1534\"\n\tdata-fragment-options=\"{&quot;base_url&quot;:&quot;&quot;,&quot;product_id&quot;:1534,&quot;parent_product_id&quot;:0,&quot;product_type&quot;:&quot;simple&quot;,&quot;is_single&quot;:false,&quot;in_default_wishlist&quot;:false,&quot;show_view&quot;:false,&quot;browse_wishlist_text&quot;:&quot;Vaata lemmikuid&quot;,&quot;already_in_wishslist_text&quot;:&quot;Toode on juba lemmikuks lisatud&quot;,&quot;product_added_text&quot;:&quot;Lisatud!&quot;,&quot;available_multi_wishlist&quot;:false,&quot;disable_wishlist&quot;:false,&quot;show_count&quot;:false,&quot;ajax_loading&quot;:false,&quot;loop_position&quot;:&quot;after_add_to_cart&quot;,&quot;item&quot;:&quot;add_to_wishlist&quot;}\"\n>\n\t\t\t\n\t\t\t<!-- ADD TO WISHLIST -->\n\t\t\t\n<div class=\"yith-wcwl-add-button\">\n\t\t<a\n\t\thref=\"?add_to_wishlist=1534&#038;_wpnonce=cf07f50e16\"\n\t\tclass=\"add_to_wishlist single_add_to_wishlist\"\n\t\tdata-product-id=\"1534\"\n\t\tdata-product-type=\"simple\"\n\t\tdata-original-product-id=\"0\"\n\t\tdata-title=\"Lisa lemmikuks\"\n\t\trel=\"nofollow\"\n\t>\n\t\t<svg id=\"yith-wcwl-icon-heart-outline\" class=\"yith-wcwl-icon-svg\" fill=\"none\" stroke-width=\"1.5\" stroke=\"currentColor\" viewBox=\"0 0 24 24\" xmlns=\"http:\/\/www.w3.org\/2000\/svg\">\n  <path stroke-linecap=\"round\" stroke-linejoin=\"round\" d=\"M21 8.25c0-2.485-2.099-4.5-4.688-4.5-1.935 0-3.597 1.126-4.312 2.733-.715-1.607-2.377-2.733-4.313-2.733C5.1 3.75 3 5.765 3 8.25c0 7.22 9 12 9 12s9-4.78 9-12Z\"><\/path>\n<\/svg>\t\t<span>Lisa lemmikuks<\/span>\n\t<\/a>\n<\/div>\n\n\t\t\t<!-- COUNT TEXT -->\n\t\t\t\n\t\t\t<\/div>\n\t\t\t<\/div>\n\t\t<\/div>\n\t\t\t\t\t<\/div>\n\t\t\t<div class=\"image-tools is-small hide-for-small bottom left show-on-hover\">\n\t\t\t\t\t\t\t<\/div>\n\t\t\t<div class=\"image-tools grid-tools text-center hide-for-small bottom hover-slide-in show-on-hover\">\n\t\t\t\t<a href=\"#quick-view\" class=\"quick-view\" role=\"button\" data-prod=\"1534\" aria-haspopup=\"dialog\" aria-expanded=\"false\" data-flatsome-role-button>Schnellansicht<\/a>\t\t\t<\/div>\n\t\t\t\t\t<\/div>\n\n\t\t<div class=\"box-text box-text-products text-center grid-style-2\">\n\t\t\t<div class=\"title-wrapper\"><p class=\"name product-title woocommerce-loop-product__title\"><a href=\"https:\/\/rczone.ee\/de\/toode\/ac-dc-adapter-12v-eu-6a-5525\/\" class=\"woocommerce-LoopProduct-link woocommerce-loop-product__link\">AC\/DC Adapter 12V EU 6A (5,5*2,5)<\/a><\/p><\/div><div class=\"price-wrapper\">\n\t<span class=\"price\"><span class=\"woocommerce-Price-amount amount\"><bdi>17,95&nbsp;<span class=\"woocommerce-Price-currencySymbol\">&euro;<\/span><\/bdi><\/span><p class=\"stock in-stock in_stock_color woo-custom-stock-status\">Vorr\u00e4tig<\/p><\/span>\n<\/div><div class=\"add-to-cart-button\"><a href=\"\/de\/wp-json\/wp\/v2\/product\/1313?add-to-cart=1534\" aria-describedby=\"woocommerce_loop_add_to_cart_link_describedby_1534\" data-quantity=\"1\" class=\"primary is-small mb-0 button product_type_simple add_to_cart_button ajax_add_to_cart is-flat\" data-product_id=\"1534\" data-product_sku=\"1045\" aria-label=\"In den Warenkorb legen: &quot;AC\/DC Adapter 12V EU 6A (5,5*2,5)&quot;\" rel=\"nofollow\" data-success_message=\"&quot;AC\/DC Adapter 12V EU 6A (5,5*2,5)&quot; wurde zu Ihrem Warenkorb hinzugef\u00fcgt.\" data-gtm_item_name=\"AC\/DC Adapter 12V EU 6A (5,5*2,5)\" data-gtm_item_brand=\"\" data-gtm_item_id=\"1534\" data-gtm_item_sku=\"1045\" data-gtm_price=\"17.95\" data-gtm_item_category=\"Laadijad\" data-gtm_index=\"1\" data-gtm_image-url=\"https:\/\/rczone.ee\/wp-content\/uploads\/2024\/10\/ValgeTaustShadow.jpg\" data-gtm_quantity=\"1\" data-custom_gtm_pagetype=\"\" data-custom_gtm_collection_id=\"\" data-custom_gtm_item_list_name=\"\" role=\"button\">In den Warenkorb legen<\/a><\/div>\t<span id=\"woocommerce_loop_add_to_cart_link_describedby_1534\" class=\"screen-reader-text\">\n\t\t\t<\/span>\n\t\t<\/div>\n\t<\/div>\n\t\t\t\t<input type=\"hidden\" class=\"pmwProductId\" data-id=\"1534\">\n\t\t\t\t\t<script>\n\t\t\t(window.pmwDataLayer = window.pmwDataLayer || {}).products                = window.pmwDataLayer.products || {};\n\t\t\twindow.pmwDataLayer.products[1534] = {\"id\":\"1534\",\"sku\":\"1045\",\"price\":17.95,\"brand\":\"\",\"quantity\":1,\"dyn_r_ids\":{\"post_id\":\"1534\",\"sku\":\"1045\",\"gpf\":\"woocommerce_gpf_1534\",\"gla\":\"gla_1534\"},\"is_variable\":false,\"type\":\"simple\",\"name\":\"AC\/DC Adapter 12V EU 6A (5,5*2,5)\",\"category\":[\"Laadijad\"],\"is_variation\":false};\n\t\t\t\t\twindow.pmw_product_position = window.pmw_product_position || 1;\n\t\twindow.pmwDataLayer.products[1534]['position'] = window.pmw_product_position++;\n\t\t\t\t<\/script>\n\t\t\t<\/div>\n<\/div><\/div>\n","protected":false},"excerpt":{"rendered":"<ul>\n<li style=\"line-height: 1; padding-top: 20px;\">Leistung: 80w<\/li>\n<li style=\"line-height: 1;\">Stromst\u00e4rke: 6A<\/li>\n<li style=\"line-height: 1;\">Stecker: JST-XH<\/li>\n<li style=\"line-height: 1;\">Akku-Typ: 2S-6S<\/li>\n<li style=\"line-height: 1;\">Geeignet f\u00fcr LiPo, Li-Ion, LiFe, NiCd, NiMH Batterien.<\/li>\n<\/ul>","protected":false},"featured_media":1321,"comment_status":"open","ping_status":"closed","template":"","meta":{"_monsterinsights_skip_tracking":false,"_monsterinsights_sitenote_active":false,"_monsterinsights_sitenote_note":"","_monsterinsights_sitenote_category":0},"fits_model":[],"product_brand":[],"product_cat":[68],"product_tag":[84],"woo-feed-brand":[],"class_list":{"0":"post-1313","1":"product","2":"type-product","3":"status-publish","4":"has-post-thumbnail","6":"product_cat-laadijad","7":"product_tag-standard","9":"","10":"instock","11":"taxable","12":"shipping-taxable","13":"purchasable","14":"product-type-simple"},"yoast_head":"<!-- This site is optimized with the Yoast SEO plugin v27.3 - https:\/\/yoast.com\/product\/yoast-seo-wordpress\/ -->\n<title>iMAX B6 80W 6A Balance Charger\/Discharger - RC Zone | Raadio teel juhitavad autod<\/title>\n<meta name=\"robots\" content=\"index, follow, max-snippet:-1, max-image-preview:large, max-video-preview:-1\" \/>\n<link rel=\"canonical\" href=\"https:\/\/rczone.ee\/de\/product-2\/imax-b6-80w-6a-balance-ladegerat-entlader\/\" \/>\n<meta property=\"og:locale\" content=\"de_DE\" \/>\n<meta property=\"og:type\" content=\"article\" \/>\n<meta property=\"og:title\" content=\"iMAX B6 80W 6A Balance Charger\/Discharger - RC Zone | Raadio teel juhitavad autod\" \/>\n<meta property=\"og:description\" content=\"V\u00f5imsus: 80w  Voolutugevus: 6A  Pistik: JST-XH  Aku t\u00fc\u00fcp: 2S-6S  Sobib akudele: LiPo, Li-Ion, LiFe, NiCd, NiMH\" \/>\n<meta property=\"og:url\" content=\"https:\/\/rczone.ee\/de\/product-2\/imax-b6-80w-6a-balance-ladegerat-entlader\/\" \/>\n<meta property=\"og:site_name\" content=\"RC Zone | Raadio teel juhitavad autod\" \/>\n<meta property=\"article:publisher\" content=\"https:\/\/www.facebook.com\/rczone.ee\" \/>\n<meta property=\"article:modified_time\" content=\"2026-01-11T15:23:49+00:00\" \/>\n<meta property=\"og:image\" content=\"https:\/\/rczone.ee\/wp-content\/uploads\/2024\/10\/14-1.jpg\" \/>\n\t<meta property=\"og:image:width\" content=\"1001\" \/>\n\t<meta property=\"og:image:height\" content=\"1001\" \/>\n\t<meta property=\"og:image:type\" content=\"image\/jpeg\" \/>\n<meta name=\"twitter:card\" content=\"summary_large_image\" \/>\n<meta name=\"twitter:label1\" content=\"Gesch\u00e4tzte Lesezeit\" \/>\n\t<meta name=\"twitter:data1\" content=\"2\u00a0Minuten\" \/>\n<script type=\"application\/ld+json\" class=\"yoast-schema-graph\">{\"@context\":\"https:\\\/\\\/schema.org\",\"@graph\":[{\"@type\":\"WebPage\",\"@id\":\"https:\\\/\\\/rczone.ee\\\/toode\\\/imax-b6-80w-6a-balance-charger-discharger\\\/\",\"url\":\"https:\\\/\\\/rczone.ee\\\/toode\\\/imax-b6-80w-6a-balance-charger-discharger\\\/\",\"name\":\"iMAX B6 80W 6A Balance Charger\\\/Discharger - RC Zone | Raadio teel juhitavad autod\",\"isPartOf\":{\"@id\":\"https:\\\/\\\/rczone.ee\\\/#website\"},\"primaryImageOfPage\":{\"@id\":\"https:\\\/\\\/rczone.ee\\\/toode\\\/imax-b6-80w-6a-balance-charger-discharger\\\/#primaryimage\"},\"image\":{\"@id\":\"https:\\\/\\\/rczone.ee\\\/toode\\\/imax-b6-80w-6a-balance-charger-discharger\\\/#primaryimage\"},\"thumbnailUrl\":\"https:\\\/\\\/rczone.ee\\\/wp-content\\\/uploads\\\/2024\\\/10\\\/14-1.jpg\",\"datePublished\":\"2024-10-05T19:30:51+00:00\",\"dateModified\":\"2026-01-11T15:23:49+00:00\",\"breadcrumb\":{\"@id\":\"https:\\\/\\\/rczone.ee\\\/toode\\\/imax-b6-80w-6a-balance-charger-discharger\\\/#breadcrumb\"},\"inLanguage\":\"de\",\"potentialAction\":[{\"@type\":\"ReadAction\",\"target\":[\"https:\\\/\\\/rczone.ee\\\/toode\\\/imax-b6-80w-6a-balance-charger-discharger\\\/\"]}]},{\"@type\":\"ImageObject\",\"inLanguage\":\"de\",\"@id\":\"https:\\\/\\\/rczone.ee\\\/toode\\\/imax-b6-80w-6a-balance-charger-discharger\\\/#primaryimage\",\"url\":\"https:\\\/\\\/rczone.ee\\\/wp-content\\\/uploads\\\/2024\\\/10\\\/14-1.jpg\",\"contentUrl\":\"https:\\\/\\\/rczone.ee\\\/wp-content\\\/uploads\\\/2024\\\/10\\\/14-1.jpg\",\"width\":1001,\"height\":1001},{\"@type\":\"BreadcrumbList\",\"@id\":\"https:\\\/\\\/rczone.ee\\\/toode\\\/imax-b6-80w-6a-balance-charger-discharger\\\/#breadcrumb\",\"itemListElement\":[{\"@type\":\"ListItem\",\"position\":1,\"name\":\"Home\",\"item\":\"https:\\\/\\\/rczone.ee\\\/\"},{\"@type\":\"ListItem\",\"position\":2,\"name\":\"Shop\",\"item\":\"https:\\\/\\\/rczone.ee\\\/shop\\\/\"},{\"@type\":\"ListItem\",\"position\":3,\"name\":\"iMAX B6 80W 6A Balance Charger\\\/Discharger\"}]},{\"@type\":\"WebSite\",\"@id\":\"https:\\\/\\\/rczone.ee\\\/#website\",\"url\":\"https:\\\/\\\/rczone.ee\\\/\",\"name\":\"RcZone\",\"description\":\"RcZone - Raadio teel juhitavate autode veebipood. M&uuml;&uuml;me laia valikut kvaliteetseid ja v&otilde;imsaid RC-autosid. Kiire tarne ja konkurentsiv&otilde;imelised hinnad.\",\"publisher\":{\"@id\":\"https:\\\/\\\/rczone.ee\\\/#organization\"},\"potentialAction\":[{\"@type\":\"SearchAction\",\"target\":{\"@type\":\"EntryPoint\",\"urlTemplate\":\"https:\\\/\\\/rczone.ee\\\/?s={search_term_string}\"},\"query-input\":{\"@type\":\"PropertyValueSpecification\",\"valueRequired\":true,\"valueName\":\"search_term_string\"}}],\"inLanguage\":\"de\"},{\"@type\":\"Organization\",\"@id\":\"https:\\\/\\\/rczone.ee\\\/#organization\",\"name\":\"RcZone\",\"url\":\"https:\\\/\\\/rczone.ee\\\/\",\"logo\":{\"@type\":\"ImageObject\",\"inLanguage\":\"de\",\"@id\":\"https:\\\/\\\/rczone.ee\\\/#\\\/schema\\\/logo\\\/image\\\/\",\"url\":\"https:\\\/\\\/rczone.ee\\\/wp-content\\\/uploads\\\/2024\\\/01\\\/3D.png\",\"contentUrl\":\"https:\\\/\\\/rczone.ee\\\/wp-content\\\/uploads\\\/2024\\\/01\\\/3D.png\",\"width\":2080,\"height\":602,\"caption\":\"RcZone\"},\"image\":{\"@id\":\"https:\\\/\\\/rczone.ee\\\/#\\\/schema\\\/logo\\\/image\\\/\"},\"sameAs\":[\"https:\\\/\\\/www.facebook.com\\\/rczone.ee\"]}]}<\/script>\n<!-- \/ Yoast SEO plugin. -->","yoast_head_json":{"title":"iMAX B6 80W 6A Balance Lade-\/Entladeger\u00e4t - RC Zone | Ferngesteuerte Fahrzeuge","robots":{"index":"index","follow":"follow","max-snippet":"max-snippet:-1","max-image-preview":"max-image-preview:large","max-video-preview":"max-video-preview:-1"},"canonical":"https:\/\/rczone.ee\/de\/product-2\/imax-b6-80w-6a-balance-ladegerat-entlader\/","og_locale":"de_DE","og_type":"article","og_title":"iMAX B6 80W 6A Balance Charger\/Discharger - RC Zone | Raadio teel juhitavad autod","og_description":"V\u00f5imsus: 80w  Voolutugevus: 6A  Pistik: JST-XH  Aku t\u00fc\u00fcp: 2S-6S  Sobib akudele: LiPo, Li-Ion, LiFe, NiCd, NiMH","og_url":"https:\/\/rczone.ee\/de\/product-2\/imax-b6-80w-6a-balance-ladegerat-entlader\/","og_site_name":"RC Zone | Raadio teel juhitavad autod","article_publisher":"https:\/\/www.facebook.com\/rczone.ee","article_modified_time":"2026-01-11T15:23:49+00:00","og_image":[{"width":1001,"height":1001,"url":"https:\/\/rczone.ee\/wp-content\/uploads\/2024\/10\/14-1.jpg","type":"image\/jpeg"}],"twitter_card":"summary_large_image","twitter_misc":{"Gesch\u00e4tzte Lesezeit":"2\u00a0Minuten"},"schema":{"@context":"https:\/\/schema.org","@graph":[{"@type":"WebPage","@id":"https:\/\/rczone.ee\/toode\/imax-b6-80w-6a-balance-charger-discharger\/","url":"https:\/\/rczone.ee\/toode\/imax-b6-80w-6a-balance-charger-discharger\/","name":"iMAX B6 80W 6A Balance Lade-\/Entladeger\u00e4t - RC Zone | Ferngesteuerte Fahrzeuge","isPartOf":{"@id":"https:\/\/rczone.ee\/#website"},"primaryImageOfPage":{"@id":"https:\/\/rczone.ee\/toode\/imax-b6-80w-6a-balance-charger-discharger\/#primaryimage"},"image":{"@id":"https:\/\/rczone.ee\/toode\/imax-b6-80w-6a-balance-charger-discharger\/#primaryimage"},"thumbnailUrl":"https:\/\/rczone.ee\/wp-content\/uploads\/2024\/10\/14-1.jpg","datePublished":"2024-10-05T19:30:51+00:00","dateModified":"2026-01-11T15:23:49+00:00","breadcrumb":{"@id":"https:\/\/rczone.ee\/toode\/imax-b6-80w-6a-balance-charger-discharger\/#breadcrumb"},"inLanguage":"de","potentialAction":[{"@type":"ReadAction","target":["https:\/\/rczone.ee\/toode\/imax-b6-80w-6a-balance-charger-discharger\/"]}]},{"@type":"ImageObject","inLanguage":"de","@id":"https:\/\/rczone.ee\/toode\/imax-b6-80w-6a-balance-charger-discharger\/#primaryimage","url":"https:\/\/rczone.ee\/wp-content\/uploads\/2024\/10\/14-1.jpg","contentUrl":"https:\/\/rczone.ee\/wp-content\/uploads\/2024\/10\/14-1.jpg","width":1001,"height":1001},{"@type":"BreadcrumbList","@id":"https:\/\/rczone.ee\/toode\/imax-b6-80w-6a-balance-charger-discharger\/#breadcrumb","itemListElement":[{"@type":"ListItem","position":1,"name":"Home","item":"https:\/\/rczone.ee\/"},{"@type":"ListItem","position":2,"name":"Shop","item":"https:\/\/rczone.ee\/shop\/"},{"@type":"ListItem","position":3,"name":"iMAX B6 80W 6A Balance Charger\/Discharger"}]},{"@type":"WebSite","@id":"https:\/\/rczone.ee\/#website","url":"https:\/\/rczone.ee\/","name":"RcZone","description":"RcZone - Online Shop f\u00fcr funkgesteuerte Autos. Wir verkaufen eine breite Palette von qualitativ hochwertigen und leistungsstarken RC-Autos. Schnelle Lieferung und g\u00fcnstige Preise.","publisher":{"@id":"https:\/\/rczone.ee\/#organization"},"potentialAction":[{"@type":"SearchAction","target":{"@type":"EntryPoint","urlTemplate":"https:\/\/rczone.ee\/?s={search_term_string}"},"query-input":{"@type":"PropertyValueSpecification","valueRequired":true,"valueName":"search_term_string"}}],"inLanguage":"de"},{"@type":"Organization","@id":"https:\/\/rczone.ee\/#organization","name":"RcZone","url":"https:\/\/rczone.ee\/","logo":{"@type":"ImageObject","inLanguage":"de","@id":"https:\/\/rczone.ee\/#\/schema\/logo\/image\/","url":"https:\/\/rczone.ee\/wp-content\/uploads\/2024\/01\/3D.png","contentUrl":"https:\/\/rczone.ee\/wp-content\/uploads\/2024\/01\/3D.png","width":2080,"height":602,"caption":"RcZone"},"image":{"@id":"https:\/\/rczone.ee\/#\/schema\/logo\/image\/"},"sameAs":["https:\/\/www.facebook.com\/rczone.ee"]}]}},"_links":{"self":[{"href":"https:\/\/rczone.ee\/de\/wp-json\/wp\/v2\/product\/1313","targetHints":{"allow":["GET"]}}],"collection":[{"href":"https:\/\/rczone.ee\/de\/wp-json\/wp\/v2\/product"}],"about":[{"href":"https:\/\/rczone.ee\/de\/wp-json\/wp\/v2\/types\/product"}],"replies":[{"embeddable":true,"href":"https:\/\/rczone.ee\/de\/wp-json\/wp\/v2\/comments?post=1313"}],"wp:featuredmedia":[{"embeddable":true,"href":"https:\/\/rczone.ee\/de\/wp-json\/wp\/v2\/media\/1321"}],"wp:attachment":[{"href":"https:\/\/rczone.ee\/de\/wp-json\/wp\/v2\/media?parent=1313"}],"wp:term":[{"taxonomy":"fits_model","embeddable":true,"href":"https:\/\/rczone.ee\/de\/wp-json\/wp\/v2\/fits_model?post=1313"},{"taxonomy":"product_brand","embeddable":true,"href":"https:\/\/rczone.ee\/de\/wp-json\/wp\/v2\/product_brand?post=1313"},{"taxonomy":"product_cat","embeddable":true,"href":"https:\/\/rczone.ee\/de\/wp-json\/wp\/v2\/product_cat?post=1313"},{"taxonomy":"product_tag","embeddable":true,"href":"https:\/\/rczone.ee\/de\/wp-json\/wp\/v2\/product_tag?post=1313"},{"taxonomy":"woo-feed-brand","embeddable":true,"href":"https:\/\/rczone.ee\/de\/wp-json\/wp\/v2\/woo-feed-brand?post=1313"}],"curies":[{"name":"wp","href":"https:\/\/api.w.org\/{rel}","templated":true}]}}