{"id":134,"date":"2024-01-17T15:46:46","date_gmt":"2024-01-17T13:46:46","guid":{"rendered":"https:\/\/rczone.ee\/?post_type=product&#038;p=134"},"modified":"2026-03-12T20:45:48","modified_gmt":"2026-03-12T18:45:48","slug":"das-tier-4wd-kohlenstoffburste-drifter-sg216-pro","status":"publish","type":"product","link":"https:\/\/rczone.ee\/de\/toode\/the-beast-4wd-carbon-brush-drifter-sg216-pro\/","title":{"rendered":"Die Bestie 4WD Carbon Brush Drifter SG216-PRO 1:16"},"content":{"rendered":"<p>Ein tolles Driftauto f\u00fcr Anf\u00e4nger, aber auch f\u00fcr fortgeschrittene Fahrer! Das Auto hat LED-Scheinwerfer, Allradantrieb, solide Metall vorne und hinten Diffusoren. Geeignet f\u00fcr das Fahren auf harten Oberfl\u00e4chen.<\/p>\n<p>Geschwindigkeit: 40km\/h<br \/>\nAkku: 7.4V 1300mAh<br \/>\nKontrollabstand: etwa 100 m<br \/>\nGebrauchsdauer: etwa 30 Minuten<br \/>\nAufladezeit: 3-3,5h<br \/>\nGr\u00f6\u00dfe: 34*16.8*10.7 CM<br \/>\nLenkung: F\u00fcnf-Draht-Digitallenkanlage 17G<br \/>\nMotor: 390 Carbon Brushed Motor<\/p>\n<div style=\"padding: 56.25% 0 0 0; position: relative;\"><iframe style=\"position: absolute; top: 0; left: 0; width: 100%; height: 100%;\" title=\"SG216\" src=\"https:\/\/player.vimeo.com\/video\/928538976?badge=0&amp;autopause=0&amp;player_id=0&amp;app_id=58479\" frameborder=\"0\"><\/iframe><\/div>\n<p><script src=\"https:\/\/player.vimeo.com\/api\/player.js\"><\/script><br \/>\n<img decoding=\"async\" class=\"alignnone wp-image-551\" src=\"https:\/\/rczone.ee\/wp-content\/uploads\/2024\/01\/description-image-21-1-274x400.webp\" alt=\"\" width=\"571\" height=\"834\" srcset=\"https:\/\/rczone.ee\/wp-content\/uploads\/2024\/01\/description-image-21-1-274x400.webp 274w, https:\/\/rczone.ee\/wp-content\/uploads\/2024\/01\/description-image-21-1-547x800.webp 547w, https:\/\/rczone.ee\/wp-content\/uploads\/2024\/01\/description-image-21-1-768x1123.webp 768w, https:\/\/rczone.ee\/wp-content\/uploads\/2024\/01\/description-image-21-1.webp 790w\" sizes=\"(max-width: 571px) 100vw, 571px\" \/> <img decoding=\"async\" class=\"alignnone wp-image-552\" src=\"https:\/\/rczone.ee\/wp-content\/uploads\/2024\/01\/description-image-23-2-313x400.webp\" alt=\"\" width=\"652\" height=\"834\" \/><\/p>","protected":false},"excerpt":{"rendered":"<ul>\n<li style=\"line-height: 1; padding-top: 20px;\">Level: Pro<\/li>\n<li style=\"line-height: 1;\">Altersgruppe der Benutzer: 8-13<\/li>\n<li style=\"line-height: 1;\">Kategorie: Drift<\/li>\n<li style=\"line-height: 1;\">Ma\u00dfstab: 1:16<\/li>\n<li style=\"line-height: 1;\">Antriebsart: 4WD<\/li>\n<li style=\"line-height: 1;\">H\u00f6chstgeschwindigkeit: 40 km\/h<\/li>\n<li style=\"line-height: 1;\">Fertigstellung: Ready-To-Run<\/li>\n<li style=\"line-height: 1;\">Energie: Elektrizit\u00e4t<\/li>\n<\/ul>","protected":false},"featured_media":547,"comment_status":"open","ping_status":"closed","template":"","meta":{"_monsterinsights_skip_tracking":false,"_monsterinsights_sitenote_active":false,"_monsterinsights_sitenote_note":"","_monsterinsights_sitenote_category":0},"fits_model":[],"product_brand":[],"product_cat":[26],"product_tag":[84,122],"woo-feed-brand":[],"class_list":{"0":"post-134","1":"product","2":"type-product","3":"status-publish","4":"has-post-thumbnail","6":"product_cat-drift","7":"product_tag-standard","8":"product_tag-liion74","10":"first","11":"instock","12":"taxable","13":"shipping-taxable","14":"purchasable","15":"product-type-simple"},"yoast_head":"<!-- This site is optimized with the Yoast SEO plugin v27.4 - https:\/\/yoast.com\/product\/yoast-seo-wordpress\/ -->\n<title>The Beast 4WD Carbon Brush Drifter SG216-PRO 1:16 - RC Zone | Raadio teel juhitavad autod<\/title>\n<meta name=\"robots\" content=\"index, follow, max-snippet:-1, max-image-preview:large, max-video-preview:-1\" \/>\n<link rel=\"canonical\" href=\"https:\/\/rczone.ee\/de\/product-2\/das-tier-4wd-kohlenstoffburste-drifter-sg216-pro\/\" \/>\n<meta property=\"og:locale\" content=\"de_DE\" \/>\n<meta property=\"og:type\" content=\"article\" \/>\n<meta property=\"og:title\" content=\"The Beast 4WD Carbon Brush Drifter SG216-PRO 1:16 - RC Zone | Raadio teel juhitavad autod\" \/>\n<meta property=\"og:description\" content=\"Rate: Pro  Kasutaja vanuseklass: 8-13  Kategooria: Drift  Skaala: 1:16  Vedav sild: 4WD  Max kiirus: 40 km\/h  Komplekteeritus: Ready-To-Run  Energia: Elekter\" \/>\n<meta property=\"og:url\" content=\"https:\/\/rczone.ee\/de\/product-2\/das-tier-4wd-kohlenstoffburste-drifter-sg216-pro\/\" \/>\n<meta property=\"og:site_name\" content=\"RC Zone | Raadio teel juhitavad autod\" \/>\n<meta property=\"article:publisher\" content=\"https:\/\/www.facebook.com\/rczone.ee\" \/>\n<meta property=\"article:modified_time\" content=\"2026-03-12T18:45:48+00:00\" \/>\n<meta property=\"og:image\" content=\"https:\/\/rczone.ee\/wp-content\/uploads\/2024\/01\/1-1.jpg\" \/>\n\t<meta property=\"og:image:width\" content=\"800\" \/>\n\t<meta property=\"og:image:height\" content=\"800\" \/>\n\t<meta property=\"og:image:type\" content=\"image\/jpeg\" \/>\n<meta name=\"twitter:card\" content=\"summary_large_image\" \/>\n<meta name=\"twitter:label1\" content=\"Gesch\u00e4tzte Lesezeit\" \/>\n\t<meta name=\"twitter:data1\" content=\"1\u00a0Minute\" \/>\n<script type=\"application\/ld+json\" class=\"yoast-schema-graph\">{\"@context\":\"https:\\\/\\\/schema.org\",\"@graph\":[{\"@type\":\"WebPage\",\"@id\":\"https:\\\/\\\/rczone.ee\\\/toode\\\/the-beast-4wd-carbon-brush-drifter-sg216-pro\\\/\",\"url\":\"https:\\\/\\\/rczone.ee\\\/toode\\\/the-beast-4wd-carbon-brush-drifter-sg216-pro\\\/\",\"name\":\"The Beast 4WD Carbon Brush Drifter SG216-PRO 1:16 - RC Zone | Raadio teel juhitavad autod\",\"isPartOf\":{\"@id\":\"https:\\\/\\\/rczone.ee\\\/#website\"},\"primaryImageOfPage\":{\"@id\":\"https:\\\/\\\/rczone.ee\\\/toode\\\/the-beast-4wd-carbon-brush-drifter-sg216-pro\\\/#primaryimage\"},\"image\":{\"@id\":\"https:\\\/\\\/rczone.ee\\\/toode\\\/the-beast-4wd-carbon-brush-drifter-sg216-pro\\\/#primaryimage\"},\"thumbnailUrl\":\"https:\\\/\\\/rczone.ee\\\/wp-content\\\/uploads\\\/2024\\\/01\\\/1-1.jpg\",\"datePublished\":\"2024-01-17T13:46:46+00:00\",\"dateModified\":\"2026-03-12T18:45:48+00:00\",\"breadcrumb\":{\"@id\":\"https:\\\/\\\/rczone.ee\\\/toode\\\/the-beast-4wd-carbon-brush-drifter-sg216-pro\\\/#breadcrumb\"},\"inLanguage\":\"de\",\"potentialAction\":[{\"@type\":\"ReadAction\",\"target\":[\"https:\\\/\\\/rczone.ee\\\/toode\\\/the-beast-4wd-carbon-brush-drifter-sg216-pro\\\/\"]}]},{\"@type\":\"ImageObject\",\"inLanguage\":\"de\",\"@id\":\"https:\\\/\\\/rczone.ee\\\/toode\\\/the-beast-4wd-carbon-brush-drifter-sg216-pro\\\/#primaryimage\",\"url\":\"https:\\\/\\\/rczone.ee\\\/wp-content\\\/uploads\\\/2024\\\/01\\\/1-1.jpg\",\"contentUrl\":\"https:\\\/\\\/rczone.ee\\\/wp-content\\\/uploads\\\/2024\\\/01\\\/1-1.jpg\",\"width\":800,\"height\":800},{\"@type\":\"BreadcrumbList\",\"@id\":\"https:\\\/\\\/rczone.ee\\\/toode\\\/the-beast-4wd-carbon-brush-drifter-sg216-pro\\\/#breadcrumb\",\"itemListElement\":[{\"@type\":\"ListItem\",\"position\":1,\"name\":\"Home\",\"item\":\"https:\\\/\\\/rczone.ee\\\/\"},{\"@type\":\"ListItem\",\"position\":2,\"name\":\"Shop\",\"item\":\"https:\\\/\\\/rczone.ee\\\/shop\\\/\"},{\"@type\":\"ListItem\",\"position\":3,\"name\":\"The Beast 4WD Carbon Brush Drifter SG216-PRO 1:16\"}]},{\"@type\":\"WebSite\",\"@id\":\"https:\\\/\\\/rczone.ee\\\/#website\",\"url\":\"https:\\\/\\\/rczone.ee\\\/\",\"name\":\"RcZone\",\"description\":\"RcZone - Raadio teel juhitavate autode veebipood. M&uuml;&uuml;me laia valikut kvaliteetseid ja v&otilde;imsaid RC-autosid. Kiire tarne ja konkurentsiv&otilde;imelised hinnad.\",\"publisher\":{\"@id\":\"https:\\\/\\\/rczone.ee\\\/#organization\"},\"potentialAction\":[{\"@type\":\"SearchAction\",\"target\":{\"@type\":\"EntryPoint\",\"urlTemplate\":\"https:\\\/\\\/rczone.ee\\\/?s={search_term_string}\"},\"query-input\":{\"@type\":\"PropertyValueSpecification\",\"valueRequired\":true,\"valueName\":\"search_term_string\"}}],\"inLanguage\":\"de\"},{\"@type\":\"Organization\",\"@id\":\"https:\\\/\\\/rczone.ee\\\/#organization\",\"name\":\"RcZone\",\"url\":\"https:\\\/\\\/rczone.ee\\\/\",\"logo\":{\"@type\":\"ImageObject\",\"inLanguage\":\"de\",\"@id\":\"https:\\\/\\\/rczone.ee\\\/#\\\/schema\\\/logo\\\/image\\\/\",\"url\":\"https:\\\/\\\/rczone.ee\\\/wp-content\\\/uploads\\\/2024\\\/01\\\/3D.png\",\"contentUrl\":\"https:\\\/\\\/rczone.ee\\\/wp-content\\\/uploads\\\/2024\\\/01\\\/3D.png\",\"width\":2080,\"height\":602,\"caption\":\"RcZone\"},\"image\":{\"@id\":\"https:\\\/\\\/rczone.ee\\\/#\\\/schema\\\/logo\\\/image\\\/\"},\"sameAs\":[\"https:\\\/\\\/www.facebook.com\\\/rczone.ee\"]}]}<\/script>\n<!-- \/ Yoast SEO plugin. -->","yoast_head_json":{"title":"The Beast 4WD Carbon Brush Drifter SG216-PRO 1:16 - RC Zone | Funkgesteuerte Fahrzeuge","robots":{"index":"index","follow":"follow","max-snippet":"max-snippet:-1","max-image-preview":"max-image-preview:large","max-video-preview":"max-video-preview:-1"},"canonical":"https:\/\/rczone.ee\/de\/product-2\/das-tier-4wd-kohlenstoffburste-drifter-sg216-pro\/","og_locale":"de_DE","og_type":"article","og_title":"The Beast 4WD Carbon Brush Drifter SG216-PRO 1:16 - RC Zone | Raadio teel juhitavad autod","og_description":"Rate: Pro  Kasutaja vanuseklass: 8-13  Kategooria: Drift  Skaala: 1:16  Vedav sild: 4WD  Max kiirus: 40 km\/h  Komplekteeritus: Ready-To-Run  Energia: Elekter","og_url":"https:\/\/rczone.ee\/de\/product-2\/das-tier-4wd-kohlenstoffburste-drifter-sg216-pro\/","og_site_name":"RC Zone | Raadio teel juhitavad autod","article_publisher":"https:\/\/www.facebook.com\/rczone.ee","article_modified_time":"2026-03-12T18:45:48+00:00","og_image":[{"width":800,"height":800,"url":"https:\/\/rczone.ee\/wp-content\/uploads\/2024\/01\/1-1.jpg","type":"image\/jpeg"}],"twitter_card":"summary_large_image","twitter_misc":{"Gesch\u00e4tzte Lesezeit":"1\u00a0Minute"},"schema":{"@context":"https:\/\/schema.org","@graph":[{"@type":"WebPage","@id":"https:\/\/rczone.ee\/toode\/the-beast-4wd-carbon-brush-drifter-sg216-pro\/","url":"https:\/\/rczone.ee\/toode\/the-beast-4wd-carbon-brush-drifter-sg216-pro\/","name":"The Beast 4WD Carbon Brush Drifter SG216-PRO 1:16 - RC Zone | Funkgesteuerte Fahrzeuge","isPartOf":{"@id":"https:\/\/rczone.ee\/#website"},"primaryImageOfPage":{"@id":"https:\/\/rczone.ee\/toode\/the-beast-4wd-carbon-brush-drifter-sg216-pro\/#primaryimage"},"image":{"@id":"https:\/\/rczone.ee\/toode\/the-beast-4wd-carbon-brush-drifter-sg216-pro\/#primaryimage"},"thumbnailUrl":"https:\/\/rczone.ee\/wp-content\/uploads\/2024\/01\/1-1.jpg","datePublished":"2024-01-17T13:46:46+00:00","dateModified":"2026-03-12T18:45:48+00:00","breadcrumb":{"@id":"https:\/\/rczone.ee\/toode\/the-beast-4wd-carbon-brush-drifter-sg216-pro\/#breadcrumb"},"inLanguage":"de","potentialAction":[{"@type":"ReadAction","target":["https:\/\/rczone.ee\/toode\/the-beast-4wd-carbon-brush-drifter-sg216-pro\/"]}]},{"@type":"ImageObject","inLanguage":"de","@id":"https:\/\/rczone.ee\/toode\/the-beast-4wd-carbon-brush-drifter-sg216-pro\/#primaryimage","url":"https:\/\/rczone.ee\/wp-content\/uploads\/2024\/01\/1-1.jpg","contentUrl":"https:\/\/rczone.ee\/wp-content\/uploads\/2024\/01\/1-1.jpg","width":800,"height":800},{"@type":"BreadcrumbList","@id":"https:\/\/rczone.ee\/toode\/the-beast-4wd-carbon-brush-drifter-sg216-pro\/#breadcrumb","itemListElement":[{"@type":"ListItem","position":1,"name":"Home","item":"https:\/\/rczone.ee\/"},{"@type":"ListItem","position":2,"name":"Shop","item":"https:\/\/rczone.ee\/shop\/"},{"@type":"ListItem","position":3,"name":"The Beast 4WD Carbon Brush Drifter SG216-PRO 1:16"}]},{"@type":"WebSite","@id":"https:\/\/rczone.ee\/#website","url":"https:\/\/rczone.ee\/","name":"RcZone","description":"RcZone - Online Shop f\u00fcr funkgesteuerte Autos. Wir verkaufen eine breite Palette von qualitativ hochwertigen und leistungsstarken RC-Autos. Schnelle Lieferung und g\u00fcnstige Preise.","publisher":{"@id":"https:\/\/rczone.ee\/#organization"},"potentialAction":[{"@type":"SearchAction","target":{"@type":"EntryPoint","urlTemplate":"https:\/\/rczone.ee\/?s={search_term_string}"},"query-input":{"@type":"PropertyValueSpecification","valueRequired":true,"valueName":"search_term_string"}}],"inLanguage":"de"},{"@type":"Organization","@id":"https:\/\/rczone.ee\/#organization","name":"RcZone","url":"https:\/\/rczone.ee\/","logo":{"@type":"ImageObject","inLanguage":"de","@id":"https:\/\/rczone.ee\/#\/schema\/logo\/image\/","url":"https:\/\/rczone.ee\/wp-content\/uploads\/2024\/01\/3D.png","contentUrl":"https:\/\/rczone.ee\/wp-content\/uploads\/2024\/01\/3D.png","width":2080,"height":602,"caption":"RcZone"},"image":{"@id":"https:\/\/rczone.ee\/#\/schema\/logo\/image\/"},"sameAs":["https:\/\/www.facebook.com\/rczone.ee"]}]}},"_links":{"self":[{"href":"https:\/\/rczone.ee\/de\/wp-json\/wp\/v2\/product\/134","targetHints":{"allow":["GET"]}}],"collection":[{"href":"https:\/\/rczone.ee\/de\/wp-json\/wp\/v2\/product"}],"about":[{"href":"https:\/\/rczone.ee\/de\/wp-json\/wp\/v2\/types\/product"}],"replies":[{"embeddable":true,"href":"https:\/\/rczone.ee\/de\/wp-json\/wp\/v2\/comments?post=134"}],"wp:featuredmedia":[{"embeddable":true,"href":"https:\/\/rczone.ee\/de\/wp-json\/wp\/v2\/media\/547"}],"wp:attachment":[{"href":"https:\/\/rczone.ee\/de\/wp-json\/wp\/v2\/media?parent=134"}],"wp:term":[{"taxonomy":"fits_model","embeddable":true,"href":"https:\/\/rczone.ee\/de\/wp-json\/wp\/v2\/fits_model?post=134"},{"taxonomy":"product_brand","embeddable":true,"href":"https:\/\/rczone.ee\/de\/wp-json\/wp\/v2\/product_brand?post=134"},{"taxonomy":"product_cat","embeddable":true,"href":"https:\/\/rczone.ee\/de\/wp-json\/wp\/v2\/product_cat?post=134"},{"taxonomy":"product_tag","embeddable":true,"href":"https:\/\/rczone.ee\/de\/wp-json\/wp\/v2\/product_tag?post=134"},{"taxonomy":"woo-feed-brand","embeddable":true,"href":"https:\/\/rczone.ee\/de\/wp-json\/wp\/v2\/woo-feed-brand?post=134"}],"curies":[{"name":"wp","href":"https:\/\/api.w.org\/{rel}","templated":true}]}}