{"id":1888,"date":"2024-11-02T22:24:00","date_gmt":"2024-11-02T20:24:00","guid":{"rendered":"https:\/\/rczone.ee\/?post_type=product&#038;p=1888"},"modified":"2025-12-09T17:55:29","modified_gmt":"2025-12-09T15:55:29","slug":"radkugellager-8-stuck-6-35x9-525x3-175","status":"publish","type":"product","link":"https:\/\/rczone.ee\/de\/toode\/wheel-ball-bearings-8-pcs-6-35x9-525x3-175\/","title":{"rendered":"Radkugellager 4 St\u00fcck (Teil 6046, 6,35\u00d79,525\u00d73,175)"},"content":{"rendered":"<p>Radlager, 4 St\u00fcck (6,35\u00d79,525\u00d73,175 mm)<br \/>\nGeeignet f\u00fcr Modelle:<\/p>\n<ul>\n<li>SG116 PRO\/MAX<\/li>\n<li>SCY 16101 16102 16103 16104 16106 16201<\/li>\n<li>MJX 14301 14302 14303 14209 14210 H6V3 16207 16208 16209 16210 M162 M163<\/li>\n<li>JJRC C8805 Q130A Q130B Q141 (16101-Q132A) (16102-Q132B) (16103-Q132C) 16201 D843-YW Q117A Q117B Q117C Q117D<\/li>\n<\/ul>","protected":false},"excerpt":{"rendered":"<p>Rattalaagrid, 4 tk (6.35&#215;9.525&#215;3.175 mm) Sobib mudelitele: SG116 PRO\/MAX SCY 16101 16102 16103 16104 16106 16201 MJX 14301 14302 14303 14209 14210 H6V3 16207 16208 16209 16210 M162 M163 JJRC C8805 Q130A Q130B Q141 (16101-Q132A) (16102-Q132B) (16103-Q132C) 16201 D843-YW Q117A Q117B Q117C Q117D<\/p>","protected":false},"featured_media":3821,"comment_status":"open","ping_status":"closed","template":"","meta":{"_monsterinsights_skip_tracking":false,"_monsterinsights_sitenote_active":false,"_monsterinsights_sitenote_note":"","_monsterinsights_sitenote_category":0},"fits_model":[],"product_brand":[],"product_cat":[75],"product_tag":[84],"woo-feed-brand":[],"class_list":{"0":"post-1888","1":"product","2":"type-product","3":"status-publish","4":"has-post-thumbnail","6":"product_cat-parts","7":"product_tag-standard","9":"first","10":"instock","11":"taxable","12":"shipping-taxable","13":"purchasable","14":"product-type-simple"},"yoast_head":"<!-- This site is optimized with the Yoast SEO plugin v27.4 - https:\/\/yoast.com\/product\/yoast-seo-wordpress\/ -->\n<title>Wheel ball bearings 4 pcs (part 6046, 6.35x9.525x3.175) - RC Zone | Raadio teel juhitavad autod<\/title>\n<meta name=\"robots\" content=\"index, follow, max-snippet:-1, max-image-preview:large, max-video-preview:-1\" \/>\n<link rel=\"canonical\" href=\"https:\/\/rczone.ee\/de\/product-2\/radkugellager-8-stuck-6-35x9-525x3-175\/\" \/>\n<meta property=\"og:locale\" content=\"de_DE\" \/>\n<meta property=\"og:type\" content=\"article\" \/>\n<meta property=\"og:title\" content=\"Wheel ball bearings 4 pcs (part 6046, 6.35x9.525x3.175) - RC Zone | Raadio teel juhitavad autod\" \/>\n<meta property=\"og:description\" content=\"Rattalaagrid, 4 tk (6.35&#215;9.525&#215;3.175 mm) Sobib mudelitele: SG116 PRO\/MAX SCY 16101 16102 16103 16104 16106 16201 MJX 14301 14302 14303 14209 14210 H6V3 16207 16208 16209 16210 M162 M163 JJRC C8805 Q130A Q130B Q141 (16101-Q132A) (16102-Q132B) (16103-Q132C) 16201 D843-YW Q117A Q117B Q117C Q117D\" \/>\n<meta property=\"og:url\" content=\"https:\/\/rczone.ee\/de\/product-2\/radkugellager-8-stuck-6-35x9-525x3-175\/\" \/>\n<meta property=\"og:site_name\" content=\"RC Zone | Raadio teel juhitavad autod\" \/>\n<meta property=\"article:publisher\" content=\"https:\/\/www.facebook.com\/rczone.ee\" \/>\n<meta property=\"article:modified_time\" content=\"2025-12-09T15:55:29+00:00\" \/>\n<meta property=\"og:image\" content=\"https:\/\/rczone.ee\/wp-content\/uploads\/2024\/11\/991036-ball-bearings-e1753288105358.jpg\" \/>\n\t<meta property=\"og:image:width\" content=\"922\" \/>\n\t<meta property=\"og:image:height\" content=\"922\" \/>\n\t<meta property=\"og:image:type\" content=\"image\/jpeg\" \/>\n<meta name=\"twitter:card\" content=\"summary_large_image\" \/>\n<meta name=\"twitter:label1\" content=\"Gesch\u00e4tzte Lesezeit\" \/>\n\t<meta name=\"twitter:data1\" content=\"1\u00a0Minute\" \/>\n<script type=\"application\/ld+json\" class=\"yoast-schema-graph\">{\"@context\":\"https:\\\/\\\/schema.org\",\"@graph\":[{\"@type\":\"WebPage\",\"@id\":\"https:\\\/\\\/rczone.ee\\\/toode\\\/wheel-ball-bearings-8-pcs-6-35x9-525x3-175\\\/\",\"url\":\"https:\\\/\\\/rczone.ee\\\/toode\\\/wheel-ball-bearings-8-pcs-6-35x9-525x3-175\\\/\",\"name\":\"Wheel ball bearings 4 pcs (part 6046, 6.35x9.525x3.175) - RC Zone | Raadio teel juhitavad autod\",\"isPartOf\":{\"@id\":\"https:\\\/\\\/rczone.ee\\\/#website\"},\"primaryImageOfPage\":{\"@id\":\"https:\\\/\\\/rczone.ee\\\/toode\\\/wheel-ball-bearings-8-pcs-6-35x9-525x3-175\\\/#primaryimage\"},\"image\":{\"@id\":\"https:\\\/\\\/rczone.ee\\\/toode\\\/wheel-ball-bearings-8-pcs-6-35x9-525x3-175\\\/#primaryimage\"},\"thumbnailUrl\":\"https:\\\/\\\/rczone.ee\\\/wp-content\\\/uploads\\\/2024\\\/11\\\/991036-ball-bearings-e1753288105358.jpg\",\"datePublished\":\"2024-11-02T20:24:00+00:00\",\"dateModified\":\"2025-12-09T15:55:29+00:00\",\"breadcrumb\":{\"@id\":\"https:\\\/\\\/rczone.ee\\\/toode\\\/wheel-ball-bearings-8-pcs-6-35x9-525x3-175\\\/#breadcrumb\"},\"inLanguage\":\"de\",\"potentialAction\":[{\"@type\":\"ReadAction\",\"target\":[\"https:\\\/\\\/rczone.ee\\\/toode\\\/wheel-ball-bearings-8-pcs-6-35x9-525x3-175\\\/\"]}]},{\"@type\":\"ImageObject\",\"inLanguage\":\"de\",\"@id\":\"https:\\\/\\\/rczone.ee\\\/toode\\\/wheel-ball-bearings-8-pcs-6-35x9-525x3-175\\\/#primaryimage\",\"url\":\"https:\\\/\\\/rczone.ee\\\/wp-content\\\/uploads\\\/2024\\\/11\\\/991036-ball-bearings-e1753288105358.jpg\",\"contentUrl\":\"https:\\\/\\\/rczone.ee\\\/wp-content\\\/uploads\\\/2024\\\/11\\\/991036-ball-bearings-e1753288105358.jpg\",\"width\":922,\"height\":922},{\"@type\":\"BreadcrumbList\",\"@id\":\"https:\\\/\\\/rczone.ee\\\/toode\\\/wheel-ball-bearings-8-pcs-6-35x9-525x3-175\\\/#breadcrumb\",\"itemListElement\":[{\"@type\":\"ListItem\",\"position\":1,\"name\":\"Home\",\"item\":\"https:\\\/\\\/rczone.ee\\\/\"},{\"@type\":\"ListItem\",\"position\":2,\"name\":\"Shop\",\"item\":\"https:\\\/\\\/rczone.ee\\\/shop\\\/\"},{\"@type\":\"ListItem\",\"position\":3,\"name\":\"Wheel ball bearings 4 pcs (part 6046, 6.35&#215;9.525&#215;3.175)\"}]},{\"@type\":\"WebSite\",\"@id\":\"https:\\\/\\\/rczone.ee\\\/#website\",\"url\":\"https:\\\/\\\/rczone.ee\\\/\",\"name\":\"RcZone\",\"description\":\"RcZone - Raadio teel juhitavate autode veebipood. M&uuml;&uuml;me laia valikut kvaliteetseid ja v&otilde;imsaid RC-autosid. Kiire tarne ja konkurentsiv&otilde;imelised hinnad.\",\"publisher\":{\"@id\":\"https:\\\/\\\/rczone.ee\\\/#organization\"},\"potentialAction\":[{\"@type\":\"SearchAction\",\"target\":{\"@type\":\"EntryPoint\",\"urlTemplate\":\"https:\\\/\\\/rczone.ee\\\/?s={search_term_string}\"},\"query-input\":{\"@type\":\"PropertyValueSpecification\",\"valueRequired\":true,\"valueName\":\"search_term_string\"}}],\"inLanguage\":\"de\"},{\"@type\":\"Organization\",\"@id\":\"https:\\\/\\\/rczone.ee\\\/#organization\",\"name\":\"RcZone\",\"url\":\"https:\\\/\\\/rczone.ee\\\/\",\"logo\":{\"@type\":\"ImageObject\",\"inLanguage\":\"de\",\"@id\":\"https:\\\/\\\/rczone.ee\\\/#\\\/schema\\\/logo\\\/image\\\/\",\"url\":\"https:\\\/\\\/rczone.ee\\\/wp-content\\\/uploads\\\/2024\\\/01\\\/3D.png\",\"contentUrl\":\"https:\\\/\\\/rczone.ee\\\/wp-content\\\/uploads\\\/2024\\\/01\\\/3D.png\",\"width\":2080,\"height\":602,\"caption\":\"RcZone\"},\"image\":{\"@id\":\"https:\\\/\\\/rczone.ee\\\/#\\\/schema\\\/logo\\\/image\\\/\"},\"sameAs\":[\"https:\\\/\\\/www.facebook.com\\\/rczone.ee\"]}]}<\/script>\n<!-- \/ Yoast SEO plugin. -->","yoast_head_json":{"title":"Radkugellager 4 St\u00fcck (Teil 6046, 6,35x9,525x3,175) - RC Zone | Funkgesteuerte Autos","robots":{"index":"index","follow":"follow","max-snippet":"max-snippet:-1","max-image-preview":"max-image-preview:large","max-video-preview":"max-video-preview:-1"},"canonical":"https:\/\/rczone.ee\/de\/product-2\/radkugellager-8-stuck-6-35x9-525x3-175\/","og_locale":"de_DE","og_type":"article","og_title":"Wheel ball bearings 4 pcs (part 6046, 6.35x9.525x3.175) - RC Zone | Raadio teel juhitavad autod","og_description":"Rattalaagrid, 4 tk (6.35&#215;9.525&#215;3.175 mm) Sobib mudelitele: SG116 PRO\/MAX SCY 16101 16102 16103 16104 16106 16201 MJX 14301 14302 14303 14209 14210 H6V3 16207 16208 16209 16210 M162 M163 JJRC C8805 Q130A Q130B Q141 (16101-Q132A) (16102-Q132B) (16103-Q132C) 16201 D843-YW Q117A Q117B Q117C Q117D","og_url":"https:\/\/rczone.ee\/de\/product-2\/radkugellager-8-stuck-6-35x9-525x3-175\/","og_site_name":"RC Zone | Raadio teel juhitavad autod","article_publisher":"https:\/\/www.facebook.com\/rczone.ee","article_modified_time":"2025-12-09T15:55:29+00:00","og_image":[{"width":922,"height":922,"url":"https:\/\/rczone.ee\/wp-content\/uploads\/2024\/11\/991036-ball-bearings-e1753288105358.jpg","type":"image\/jpeg"}],"twitter_card":"summary_large_image","twitter_misc":{"Gesch\u00e4tzte Lesezeit":"1\u00a0Minute"},"schema":{"@context":"https:\/\/schema.org","@graph":[{"@type":"WebPage","@id":"https:\/\/rczone.ee\/toode\/wheel-ball-bearings-8-pcs-6-35x9-525x3-175\/","url":"https:\/\/rczone.ee\/toode\/wheel-ball-bearings-8-pcs-6-35x9-525x3-175\/","name":"Radkugellager 4 St\u00fcck (Teil 6046, 6,35x9,525x3,175) - RC Zone | Funkgesteuerte Autos","isPartOf":{"@id":"https:\/\/rczone.ee\/#website"},"primaryImageOfPage":{"@id":"https:\/\/rczone.ee\/toode\/wheel-ball-bearings-8-pcs-6-35x9-525x3-175\/#primaryimage"},"image":{"@id":"https:\/\/rczone.ee\/toode\/wheel-ball-bearings-8-pcs-6-35x9-525x3-175\/#primaryimage"},"thumbnailUrl":"https:\/\/rczone.ee\/wp-content\/uploads\/2024\/11\/991036-ball-bearings-e1753288105358.jpg","datePublished":"2024-11-02T20:24:00+00:00","dateModified":"2025-12-09T15:55:29+00:00","breadcrumb":{"@id":"https:\/\/rczone.ee\/toode\/wheel-ball-bearings-8-pcs-6-35x9-525x3-175\/#breadcrumb"},"inLanguage":"de","potentialAction":[{"@type":"ReadAction","target":["https:\/\/rczone.ee\/toode\/wheel-ball-bearings-8-pcs-6-35x9-525x3-175\/"]}]},{"@type":"ImageObject","inLanguage":"de","@id":"https:\/\/rczone.ee\/toode\/wheel-ball-bearings-8-pcs-6-35x9-525x3-175\/#primaryimage","url":"https:\/\/rczone.ee\/wp-content\/uploads\/2024\/11\/991036-ball-bearings-e1753288105358.jpg","contentUrl":"https:\/\/rczone.ee\/wp-content\/uploads\/2024\/11\/991036-ball-bearings-e1753288105358.jpg","width":922,"height":922},{"@type":"BreadcrumbList","@id":"https:\/\/rczone.ee\/toode\/wheel-ball-bearings-8-pcs-6-35x9-525x3-175\/#breadcrumb","itemListElement":[{"@type":"ListItem","position":1,"name":"Home","item":"https:\/\/rczone.ee\/"},{"@type":"ListItem","position":2,"name":"Shop","item":"https:\/\/rczone.ee\/shop\/"},{"@type":"ListItem","position":3,"name":"Wheel ball bearings 4 pcs (part 6046, 6.35&#215;9.525&#215;3.175)"}]},{"@type":"WebSite","@id":"https:\/\/rczone.ee\/#website","url":"https:\/\/rczone.ee\/","name":"RcZone","description":"RcZone - Online Shop f\u00fcr funkgesteuerte Autos. Wir verkaufen eine breite Palette von qualitativ hochwertigen und leistungsstarken RC-Autos. Schnelle Lieferung und g\u00fcnstige Preise.","publisher":{"@id":"https:\/\/rczone.ee\/#organization"},"potentialAction":[{"@type":"SearchAction","target":{"@type":"EntryPoint","urlTemplate":"https:\/\/rczone.ee\/?s={search_term_string}"},"query-input":{"@type":"PropertyValueSpecification","valueRequired":true,"valueName":"search_term_string"}}],"inLanguage":"de"},{"@type":"Organization","@id":"https:\/\/rczone.ee\/#organization","name":"RcZone","url":"https:\/\/rczone.ee\/","logo":{"@type":"ImageObject","inLanguage":"de","@id":"https:\/\/rczone.ee\/#\/schema\/logo\/image\/","url":"https:\/\/rczone.ee\/wp-content\/uploads\/2024\/01\/3D.png","contentUrl":"https:\/\/rczone.ee\/wp-content\/uploads\/2024\/01\/3D.png","width":2080,"height":602,"caption":"RcZone"},"image":{"@id":"https:\/\/rczone.ee\/#\/schema\/logo\/image\/"},"sameAs":["https:\/\/www.facebook.com\/rczone.ee"]}]}},"_links":{"self":[{"href":"https:\/\/rczone.ee\/de\/wp-json\/wp\/v2\/product\/1888","targetHints":{"allow":["GET"]}}],"collection":[{"href":"https:\/\/rczone.ee\/de\/wp-json\/wp\/v2\/product"}],"about":[{"href":"https:\/\/rczone.ee\/de\/wp-json\/wp\/v2\/types\/product"}],"replies":[{"embeddable":true,"href":"https:\/\/rczone.ee\/de\/wp-json\/wp\/v2\/comments?post=1888"}],"wp:featuredmedia":[{"embeddable":true,"href":"https:\/\/rczone.ee\/de\/wp-json\/wp\/v2\/media\/3821"}],"wp:attachment":[{"href":"https:\/\/rczone.ee\/de\/wp-json\/wp\/v2\/media?parent=1888"}],"wp:term":[{"taxonomy":"fits_model","embeddable":true,"href":"https:\/\/rczone.ee\/de\/wp-json\/wp\/v2\/fits_model?post=1888"},{"taxonomy":"product_brand","embeddable":true,"href":"https:\/\/rczone.ee\/de\/wp-json\/wp\/v2\/product_brand?post=1888"},{"taxonomy":"product_cat","embeddable":true,"href":"https:\/\/rczone.ee\/de\/wp-json\/wp\/v2\/product_cat?post=1888"},{"taxonomy":"product_tag","embeddable":true,"href":"https:\/\/rczone.ee\/de\/wp-json\/wp\/v2\/product_tag?post=1888"},{"taxonomy":"woo-feed-brand","embeddable":true,"href":"https:\/\/rczone.ee\/de\/wp-json\/wp\/v2\/woo-feed-brand?post=1888"}],"curies":[{"name":"wp","href":"https:\/\/api.w.org\/{rel}","templated":true}]}}