{"id":211,"date":"2024-01-17T16:17:12","date_gmt":"2024-01-17T14:17:12","guid":{"rendered":"https:\/\/rczone.ee\/?post_type=product&#038;p=211"},"modified":"2026-05-13T08:57:57","modified_gmt":"2026-05-13T05:57:57","slug":"die-bestie-4wd-sg116-pro","status":"publish","type":"product","link":"https:\/\/rczone.ee\/de\/toode\/the-beast-4wd-sg116-pro\/","title":{"rendered":"Die Bestie 4WD SG116 PRO 1:16"},"content":{"rendered":"<p><strong>Die Bestie 4WD SG116 PRO 1:16<\/strong> - Ein tolles Auto f\u00fcr den Anf\u00e4nger Modell-Enthusiasten! Gut f\u00fcr ein erstes Modell, ist das Auto aggressiv genug und f\u00e4hrt gut. Die H\u00f6chstgeschwindigkeit betr\u00e4gt unter geeigneten Bedingungen etwa 40 km\/h. Es ist ein sehr gut zu fahrendes Auto. Die Batterie h\u00e4lt ca. 30 Minuten, Ladezeit 3-3,5 Stunden. Die Funkreichweite betr\u00e4gt bis zu 150 m.<\/p>\n<p>Das Auto hat eine hervorragende Handhabung. Geeignet f\u00fcr das Fahren auf fast jeder Oberfl\u00e4che (Asphalt, Sand, Schlamm, Gras, etc.). Einzelradaufh\u00e4ngung an allen R\u00e4dern. Das Modell ist au\u00dferdem mit LED-Scheinwerfern ausgestattet, die \u00fcber die Fernbedienung ein- und ausgeschaltet werden k\u00f6nnen und zwischen verschiedenen Modi gew\u00e4hlt werden k\u00f6nnen. 3 Fahrmodi sind \u00fcber die Fernbedienung w\u00e4hlbar: Niedrig, Mittel, Hoch.<\/p>\n<p>Technische Daten:<\/p>\n<p>Farbe: gr\u00fcn\/violett<br \/>\nMa\u00dfstab: 1\/16<br \/>\nGr\u00f6\u00dfe: 30*23*11,5 CM<br \/>\nGewicht: 900g<br \/>\nMotor: RC390 Kohleb\u00fcrstenmotor<br \/>\nGeschwindigkeit: bis zu 40km\/h<br \/>\nAkku: 7.4V 1300mAH 10C<br \/>\nServo: 5-Draht 17G digitales Lenkgetriebe<br \/>\nFrequenz: 2,4GHz<br \/>\nKontrollabstand: \u2265150m<br \/>\nSpielzeit: 30min<br \/>\nAufladezeit: 3-3,5h<\/p>\n<div style=\"padding: 56.25% 0 0 0; position: relative;\"><iframe style=\"position: absolute; top: 0; left: 0; width: 100%; height: 100%;\" title=\"SG116 MAX\/PRO\" src=\"https:\/\/player.vimeo.com\/video\/910153255?badge=0&amp;autopause=0&amp;player_id=0&amp;app_id=58479\" frameborder=\"0\"><\/iframe><\/div>\n<p><script src=\"https:\/\/player.vimeo.com\/api\/player.js\"><\/script><\/p>\n<p><img decoding=\"async\" class=\"alignnone size-medium wp-image-483\" src=\"https:\/\/rczone.ee\/wp-content\/uploads\/2024\/01\/description-image-19-400x400.webp\" alt=\"\" width=\"400\" height=\"400\" srcset=\"https:\/\/rczone.ee\/wp-content\/uploads\/2024\/01\/description-image-19-400x400.webp 400w, https:\/\/rczone.ee\/wp-content\/uploads\/2024\/01\/description-image-19-280x280.webp 280w, https:\/\/rczone.ee\/wp-content\/uploads\/2024\/01\/description-image-19-768x768.webp 768w, https:\/\/rczone.ee\/wp-content\/uploads\/2024\/01\/description-image-19-450x450.webp 450w, https:\/\/rczone.ee\/wp-content\/uploads\/2024\/01\/description-image-19-100x100.webp 100w, https:\/\/rczone.ee\/wp-content\/uploads\/2024\/01\/description-image-19.webp 800w\" sizes=\"(max-width: 400px) 100vw, 400px\" \/> <img decoding=\"async\" class=\"alignnone size-medium wp-image-487\" src=\"https:\/\/rczone.ee\/wp-content\/uploads\/2024\/01\/description-image-23-400x400.webp\" alt=\"\" width=\"400\" height=\"400\" srcset=\"https:\/\/rczone.ee\/wp-content\/uploads\/2024\/01\/description-image-23-400x400.webp 400w, https:\/\/rczone.ee\/wp-content\/uploads\/2024\/01\/description-image-23-280x280.webp 280w, https:\/\/rczone.ee\/wp-content\/uploads\/2024\/01\/description-image-23-768x768.webp 768w, https:\/\/rczone.ee\/wp-content\/uploads\/2024\/01\/description-image-23-450x450.webp 450w, https:\/\/rczone.ee\/wp-content\/uploads\/2024\/01\/description-image-23-100x100.webp 100w, https:\/\/rczone.ee\/wp-content\/uploads\/2024\/01\/description-image-23.webp 800w\" sizes=\"(max-width: 400px) 100vw, 400px\" \/> <img decoding=\"async\" class=\"alignnone size-medium wp-image-488\" src=\"https:\/\/rczone.ee\/wp-content\/uploads\/2024\/01\/description-image-24-400x400.webp\" alt=\"\" width=\"400\" height=\"400\" srcset=\"https:\/\/rczone.ee\/wp-content\/uploads\/2024\/01\/description-image-24-400x400.webp 400w, https:\/\/rczone.ee\/wp-content\/uploads\/2024\/01\/description-image-24-280x280.webp 280w, https:\/\/rczone.ee\/wp-content\/uploads\/2024\/01\/description-image-24-768x768.webp 768w, https:\/\/rczone.ee\/wp-content\/uploads\/2024\/01\/description-image-24-450x450.webp 450w, https:\/\/rczone.ee\/wp-content\/uploads\/2024\/01\/description-image-24-100x100.webp 100w, https:\/\/rczone.ee\/wp-content\/uploads\/2024\/01\/description-image-24.webp 800w\" sizes=\"(max-width: 400px) 100vw, 400px\" \/> <img decoding=\"async\" class=\"alignnone size-medium wp-image-489\" src=\"https:\/\/rczone.ee\/wp-content\/uploads\/2024\/01\/description-image-25-400x400.webp\" alt=\"\" width=\"400\" height=\"400\" srcset=\"https:\/\/rczone.ee\/wp-content\/uploads\/2024\/01\/description-image-25-400x400.webp 400w, https:\/\/rczone.ee\/wp-content\/uploads\/2024\/01\/description-image-25-280x280.webp 280w, https:\/\/rczone.ee\/wp-content\/uploads\/2024\/01\/description-image-25-768x768.webp 768w, https:\/\/rczone.ee\/wp-content\/uploads\/2024\/01\/description-image-25-450x450.webp 450w, https:\/\/rczone.ee\/wp-content\/uploads\/2024\/01\/description-image-25-100x100.webp 100w, https:\/\/rczone.ee\/wp-content\/uploads\/2024\/01\/description-image-25.webp 800w\" sizes=\"(max-width: 400px) 100vw, 400px\" \/> <img decoding=\"async\" class=\"alignnone size-medium wp-image-490\" src=\"https:\/\/rczone.ee\/wp-content\/uploads\/2024\/01\/description-image-26-400x400.webp\" alt=\"\" width=\"400\" height=\"400\" srcset=\"https:\/\/rczone.ee\/wp-content\/uploads\/2024\/01\/description-image-26-400x400.webp 400w, https:\/\/rczone.ee\/wp-content\/uploads\/2024\/01\/description-image-26-280x280.webp 280w, https:\/\/rczone.ee\/wp-content\/uploads\/2024\/01\/description-image-26-768x768.webp 768w, https:\/\/rczone.ee\/wp-content\/uploads\/2024\/01\/description-image-26-450x450.webp 450w, https:\/\/rczone.ee\/wp-content\/uploads\/2024\/01\/description-image-26-100x100.webp 100w, https:\/\/rczone.ee\/wp-content\/uploads\/2024\/01\/description-image-26.webp 800w\" sizes=\"(max-width: 400px) 100vw, 400px\" \/> <img decoding=\"async\" class=\"alignnone size-medium wp-image-491\" src=\"https:\/\/rczone.ee\/wp-content\/uploads\/2024\/01\/description-image-27-400x400.webp\" alt=\"\" width=\"400\" height=\"400\" srcset=\"https:\/\/rczone.ee\/wp-content\/uploads\/2024\/01\/description-image-27-400x400.webp 400w, https:\/\/rczone.ee\/wp-content\/uploads\/2024\/01\/description-image-27-280x280.webp 280w, https:\/\/rczone.ee\/wp-content\/uploads\/2024\/01\/description-image-27-768x768.webp 768w, https:\/\/rczone.ee\/wp-content\/uploads\/2024\/01\/description-image-27-450x450.webp 450w, https:\/\/rczone.ee\/wp-content\/uploads\/2024\/01\/description-image-27-100x100.webp 100w, https:\/\/rczone.ee\/wp-content\/uploads\/2024\/01\/description-image-27.webp 800w\" sizes=\"(max-width: 400px) 100vw, 400px\" \/><\/p>","protected":false},"excerpt":{"rendered":"<ul>\n<li style=\"line-height: 1; padding-top: 20px;\">Level: Pro<\/li>\n<li style=\"line-height: 1;\">Altersgruppe der Benutzer: 8-13<\/li>\n<li style=\"line-height: 1;\">Kategorie: Truggy<\/li>\n<li style=\"line-height: 1;\">Ma\u00dfstab: 1:16<\/li>\n<li style=\"line-height: 1;\">Antriebsart: 4WD<\/li>\n<li style=\"line-height: 1;\">H\u00f6chstgeschwindigkeit: 40 km\/h<\/li>\n<li style=\"line-height: 1;\">Fertigstellung: Ready-To-Run<\/li>\n<li style=\"line-height: 1;\">Energie: Elektrizit\u00e4t<\/li>\n<\/ul>","protected":false},"featured_media":207,"comment_status":"open","ping_status":"closed","template":"","meta":{"_monsterinsights_skip_tracking":false,"_monsterinsights_sitenote_active":false,"_monsterinsights_sitenote_note":"","_monsterinsights_sitenote_category":0},"fits_model":[],"product_brand":[],"product_cat":[33],"product_tag":[84,122],"woo-feed-brand":[],"class_list":{"0":"post-211","1":"product","2":"type-product","3":"status-publish","4":"has-post-thumbnail","6":"product_cat-truggy","7":"product_tag-standard","8":"product_tag-liion74","10":"first","11":"instock","12":"featured","13":"taxable","14":"shipping-taxable","15":"purchasable","16":"product-type-simple"},"yoast_head":"<!-- This site is optimized with the Yoast SEO plugin v27.6 - https:\/\/yoast.com\/product\/yoast-seo-wordpress\/ -->\n<title>The Beast 4WD SG116 PRO 1:16 - RC Zone | Raadio teel juhitavad autod<\/title>\n<meta name=\"robots\" content=\"index, follow, max-snippet:-1, max-image-preview:large, max-video-preview:-1\" \/>\n<link rel=\"canonical\" href=\"https:\/\/rczone.ee\/de\/product-2\/die-bestie-4wd-sg116-pro\/\" \/>\n<meta property=\"og:locale\" content=\"de_DE\" \/>\n<meta property=\"og:type\" content=\"article\" \/>\n<meta property=\"og:title\" content=\"The Beast 4WD SG116 PRO 1:16 - RC Zone | Raadio teel juhitavad autod\" \/>\n<meta property=\"og:description\" content=\"Rate: Pro  Kasutaja vanuseklass: 8-13  Kategooria: Truggy  Skaala: 1:16  Vedav sild: 4WD  Max kiirus: 40 km\/h  Komplekteeritus: Ready-To-Run  Energia: Elekter\" \/>\n<meta property=\"og:url\" content=\"https:\/\/rczone.ee\/de\/product-2\/die-bestie-4wd-sg116-pro\/\" \/>\n<meta property=\"og:site_name\" content=\"RC Zone | Raadio teel juhitavad autod\" \/>\n<meta property=\"article:publisher\" content=\"https:\/\/www.facebook.com\/rczone.ee\" \/>\n<meta property=\"article:modified_time\" content=\"2026-05-13T05:57:57+00:00\" \/>\n<meta property=\"og:image\" content=\"https:\/\/rczone.ee\/wp-content\/uploads\/2024\/01\/H5aa49a13e86542cf9bb93f933571822aK.webp\" \/>\n\t<meta property=\"og:image:width\" content=\"800\" \/>\n\t<meta property=\"og:image:height\" content=\"800\" \/>\n\t<meta property=\"og:image:type\" content=\"image\/webp\" \/>\n<meta name=\"twitter:card\" content=\"summary_large_image\" \/>\n<meta name=\"twitter:label1\" content=\"Gesch\u00e4tzte Lesezeit\" \/>\n\t<meta name=\"twitter:data1\" content=\"3\u00a0Minuten\" \/>\n<script type=\"application\/ld+json\" class=\"yoast-schema-graph\">{\"@context\":\"https:\\\/\\\/schema.org\",\"@graph\":[{\"@type\":\"WebPage\",\"@id\":\"https:\\\/\\\/rczone.ee\\\/toode\\\/the-beast-4wd-sg116-pro\\\/\",\"url\":\"https:\\\/\\\/rczone.ee\\\/toode\\\/the-beast-4wd-sg116-pro\\\/\",\"name\":\"The Beast 4WD SG116 PRO 1:16 - RC Zone | Raadio teel juhitavad autod\",\"isPartOf\":{\"@id\":\"https:\\\/\\\/rczone.ee\\\/#website\"},\"primaryImageOfPage\":{\"@id\":\"https:\\\/\\\/rczone.ee\\\/toode\\\/the-beast-4wd-sg116-pro\\\/#primaryimage\"},\"image\":{\"@id\":\"https:\\\/\\\/rczone.ee\\\/toode\\\/the-beast-4wd-sg116-pro\\\/#primaryimage\"},\"thumbnailUrl\":\"https:\\\/\\\/rczone.ee\\\/wp-content\\\/uploads\\\/2024\\\/01\\\/H5aa49a13e86542cf9bb93f933571822aK.webp\",\"datePublished\":\"2024-01-17T14:17:12+00:00\",\"dateModified\":\"2026-05-13T05:57:57+00:00\",\"breadcrumb\":{\"@id\":\"https:\\\/\\\/rczone.ee\\\/toode\\\/the-beast-4wd-sg116-pro\\\/#breadcrumb\"},\"inLanguage\":\"de\",\"potentialAction\":[{\"@type\":\"ReadAction\",\"target\":[\"https:\\\/\\\/rczone.ee\\\/toode\\\/the-beast-4wd-sg116-pro\\\/\"]}]},{\"@type\":\"ImageObject\",\"inLanguage\":\"de\",\"@id\":\"https:\\\/\\\/rczone.ee\\\/toode\\\/the-beast-4wd-sg116-pro\\\/#primaryimage\",\"url\":\"https:\\\/\\\/rczone.ee\\\/wp-content\\\/uploads\\\/2024\\\/01\\\/H5aa49a13e86542cf9bb93f933571822aK.webp\",\"contentUrl\":\"https:\\\/\\\/rczone.ee\\\/wp-content\\\/uploads\\\/2024\\\/01\\\/H5aa49a13e86542cf9bb93f933571822aK.webp\",\"width\":800,\"height\":800},{\"@type\":\"BreadcrumbList\",\"@id\":\"https:\\\/\\\/rczone.ee\\\/toode\\\/the-beast-4wd-sg116-pro\\\/#breadcrumb\",\"itemListElement\":[{\"@type\":\"ListItem\",\"position\":1,\"name\":\"Home\",\"item\":\"https:\\\/\\\/rczone.ee\\\/\"},{\"@type\":\"ListItem\",\"position\":2,\"name\":\"Shop\",\"item\":\"https:\\\/\\\/rczone.ee\\\/shop\\\/\"},{\"@type\":\"ListItem\",\"position\":3,\"name\":\"The Beast 4WD SG116 PRO 1:16\"}]},{\"@type\":\"WebSite\",\"@id\":\"https:\\\/\\\/rczone.ee\\\/#website\",\"url\":\"https:\\\/\\\/rczone.ee\\\/\",\"name\":\"RcZone\",\"description\":\"RcZone - Raadio teel juhitavate autode veebipood. M&uuml;&uuml;me laia valikut kvaliteetseid ja v&otilde;imsaid RC-autosid. Kiire tarne ja konkurentsiv&otilde;imelised hinnad.\",\"publisher\":{\"@id\":\"https:\\\/\\\/rczone.ee\\\/#organization\"},\"potentialAction\":[{\"@type\":\"SearchAction\",\"target\":{\"@type\":\"EntryPoint\",\"urlTemplate\":\"https:\\\/\\\/rczone.ee\\\/?s={search_term_string}\"},\"query-input\":{\"@type\":\"PropertyValueSpecification\",\"valueRequired\":true,\"valueName\":\"search_term_string\"}}],\"inLanguage\":\"de\"},{\"@type\":\"Organization\",\"@id\":\"https:\\\/\\\/rczone.ee\\\/#organization\",\"name\":\"RcZone\",\"url\":\"https:\\\/\\\/rczone.ee\\\/\",\"logo\":{\"@type\":\"ImageObject\",\"inLanguage\":\"de\",\"@id\":\"https:\\\/\\\/rczone.ee\\\/#\\\/schema\\\/logo\\\/image\\\/\",\"url\":\"https:\\\/\\\/rczone.ee\\\/wp-content\\\/uploads\\\/2024\\\/01\\\/3D.png\",\"contentUrl\":\"https:\\\/\\\/rczone.ee\\\/wp-content\\\/uploads\\\/2024\\\/01\\\/3D.png\",\"width\":2080,\"height\":602,\"caption\":\"RcZone\"},\"image\":{\"@id\":\"https:\\\/\\\/rczone.ee\\\/#\\\/schema\\\/logo\\\/image\\\/\"},\"sameAs\":[\"https:\\\/\\\/www.facebook.com\\\/rczone.ee\"]}]}<\/script>\n<!-- \/ Yoast SEO plugin. -->","yoast_head_json":{"title":"The Beast 4WD SG116 PRO 1:16 - RC Zone | Funkgesteuerte Autos","robots":{"index":"index","follow":"follow","max-snippet":"max-snippet:-1","max-image-preview":"max-image-preview:large","max-video-preview":"max-video-preview:-1"},"canonical":"https:\/\/rczone.ee\/de\/product-2\/die-bestie-4wd-sg116-pro\/","og_locale":"de_DE","og_type":"article","og_title":"The Beast 4WD SG116 PRO 1:16 - RC Zone | Raadio teel juhitavad autod","og_description":"Rate: Pro  Kasutaja vanuseklass: 8-13  Kategooria: Truggy  Skaala: 1:16  Vedav sild: 4WD  Max kiirus: 40 km\/h  Komplekteeritus: Ready-To-Run  Energia: Elekter","og_url":"https:\/\/rczone.ee\/de\/product-2\/die-bestie-4wd-sg116-pro\/","og_site_name":"RC Zone | Raadio teel juhitavad autod","article_publisher":"https:\/\/www.facebook.com\/rczone.ee","article_modified_time":"2026-05-13T05:57:57+00:00","og_image":[{"width":800,"height":800,"url":"https:\/\/rczone.ee\/wp-content\/uploads\/2024\/01\/H5aa49a13e86542cf9bb93f933571822aK.webp","type":"image\/webp"}],"twitter_card":"summary_large_image","twitter_misc":{"Gesch\u00e4tzte Lesezeit":"3\u00a0Minuten"},"schema":{"@context":"https:\/\/schema.org","@graph":[{"@type":"WebPage","@id":"https:\/\/rczone.ee\/toode\/the-beast-4wd-sg116-pro\/","url":"https:\/\/rczone.ee\/toode\/the-beast-4wd-sg116-pro\/","name":"The Beast 4WD SG116 PRO 1:16 - RC Zone | Funkgesteuerte Autos","isPartOf":{"@id":"https:\/\/rczone.ee\/#website"},"primaryImageOfPage":{"@id":"https:\/\/rczone.ee\/toode\/the-beast-4wd-sg116-pro\/#primaryimage"},"image":{"@id":"https:\/\/rczone.ee\/toode\/the-beast-4wd-sg116-pro\/#primaryimage"},"thumbnailUrl":"https:\/\/rczone.ee\/wp-content\/uploads\/2024\/01\/H5aa49a13e86542cf9bb93f933571822aK.webp","datePublished":"2024-01-17T14:17:12+00:00","dateModified":"2026-05-13T05:57:57+00:00","breadcrumb":{"@id":"https:\/\/rczone.ee\/toode\/the-beast-4wd-sg116-pro\/#breadcrumb"},"inLanguage":"de","potentialAction":[{"@type":"ReadAction","target":["https:\/\/rczone.ee\/toode\/the-beast-4wd-sg116-pro\/"]}]},{"@type":"ImageObject","inLanguage":"de","@id":"https:\/\/rczone.ee\/toode\/the-beast-4wd-sg116-pro\/#primaryimage","url":"https:\/\/rczone.ee\/wp-content\/uploads\/2024\/01\/H5aa49a13e86542cf9bb93f933571822aK.webp","contentUrl":"https:\/\/rczone.ee\/wp-content\/uploads\/2024\/01\/H5aa49a13e86542cf9bb93f933571822aK.webp","width":800,"height":800},{"@type":"BreadcrumbList","@id":"https:\/\/rczone.ee\/toode\/the-beast-4wd-sg116-pro\/#breadcrumb","itemListElement":[{"@type":"ListItem","position":1,"name":"Home","item":"https:\/\/rczone.ee\/"},{"@type":"ListItem","position":2,"name":"Shop","item":"https:\/\/rczone.ee\/shop\/"},{"@type":"ListItem","position":3,"name":"The Beast 4WD SG116 PRO 1:16"}]},{"@type":"WebSite","@id":"https:\/\/rczone.ee\/#website","url":"https:\/\/rczone.ee\/","name":"RcZone","description":"RcZone - Online Shop f\u00fcr funkgesteuerte Autos. Wir verkaufen eine breite Palette von qualitativ hochwertigen und leistungsstarken RC-Autos. Schnelle Lieferung und g\u00fcnstige Preise.","publisher":{"@id":"https:\/\/rczone.ee\/#organization"},"potentialAction":[{"@type":"SearchAction","target":{"@type":"EntryPoint","urlTemplate":"https:\/\/rczone.ee\/?s={search_term_string}"},"query-input":{"@type":"PropertyValueSpecification","valueRequired":true,"valueName":"search_term_string"}}],"inLanguage":"de"},{"@type":"Organization","@id":"https:\/\/rczone.ee\/#organization","name":"RcZone","url":"https:\/\/rczone.ee\/","logo":{"@type":"ImageObject","inLanguage":"de","@id":"https:\/\/rczone.ee\/#\/schema\/logo\/image\/","url":"https:\/\/rczone.ee\/wp-content\/uploads\/2024\/01\/3D.png","contentUrl":"https:\/\/rczone.ee\/wp-content\/uploads\/2024\/01\/3D.png","width":2080,"height":602,"caption":"RcZone"},"image":{"@id":"https:\/\/rczone.ee\/#\/schema\/logo\/image\/"},"sameAs":["https:\/\/www.facebook.com\/rczone.ee"]}]}},"_links":{"self":[{"href":"https:\/\/rczone.ee\/de\/wp-json\/wp\/v2\/product\/211","targetHints":{"allow":["GET"]}}],"collection":[{"href":"https:\/\/rczone.ee\/de\/wp-json\/wp\/v2\/product"}],"about":[{"href":"https:\/\/rczone.ee\/de\/wp-json\/wp\/v2\/types\/product"}],"replies":[{"embeddable":true,"href":"https:\/\/rczone.ee\/de\/wp-json\/wp\/v2\/comments?post=211"}],"wp:featuredmedia":[{"embeddable":true,"href":"https:\/\/rczone.ee\/de\/wp-json\/wp\/v2\/media\/207"}],"wp:attachment":[{"href":"https:\/\/rczone.ee\/de\/wp-json\/wp\/v2\/media?parent=211"}],"wp:term":[{"taxonomy":"fits_model","embeddable":true,"href":"https:\/\/rczone.ee\/de\/wp-json\/wp\/v2\/fits_model?post=211"},{"taxonomy":"product_brand","embeddable":true,"href":"https:\/\/rczone.ee\/de\/wp-json\/wp\/v2\/product_brand?post=211"},{"taxonomy":"product_cat","embeddable":true,"href":"https:\/\/rczone.ee\/de\/wp-json\/wp\/v2\/product_cat?post=211"},{"taxonomy":"product_tag","embeddable":true,"href":"https:\/\/rczone.ee\/de\/wp-json\/wp\/v2\/product_tag?post=211"},{"taxonomy":"woo-feed-brand","embeddable":true,"href":"https:\/\/rczone.ee\/de\/wp-json\/wp\/v2\/woo-feed-brand?post=211"}],"curies":[{"name":"wp","href":"https:\/\/api.w.org\/{rel}","templated":true}]}}