{"id":2300,"date":"2025-02-06T19:04:54","date_gmt":"2025-02-06T17:04:54","guid":{"rendered":"https:\/\/rczone.ee\/?post_type=product&#038;p=2300"},"modified":"2026-03-24T20:05:19","modified_gmt":"2026-03-24T18:05:19","slug":"service-fehlererkennung","status":"publish","type":"product","link":"https:\/\/rczone.ee\/de\/toode\/teenus-vea-tuvastamine\/","title":{"rendered":"Service - Fehlersuche"},"content":{"rendered":"<p>Der Dienst umfasst:<\/p>\n<ul>\n<li><strong>Gekauft bei uns<\/strong>\u00a0Fehlersuche und kleinere Reparaturen (Austausch eines Bauteils) an einem RC-Car.<\/li>\n<li>Versand der Waren an DPD- oder Unisend-Paketstationen zur\u00fcck zum Kunden (Estland, Lettland, Litauen).<\/li>\n<\/ul>\n<p>Ersatzteile und gr\u00f6\u00dfere Reparaturen sind nicht im Preis enthalten. Eine gr\u00f6\u00dfere Reparatur beinhaltet in der Regel den Austausch von 2 oder mehr Komponenten.<\/p>\n<p>Wenn f\u00fcr die Reparatur Ersatzteile ben\u00f6tigt werden, k\u00f6nnen diese bei Bedarf gekauft oder bestellt werden.<\/p>","protected":false},"excerpt":{"rendered":"<p>Der Service umfasst: Fehlersuche und kleinere Reparaturen (Austausch einer Komponente) eines bei uns gekauften RC-Cars. Versand der Ware an DPD oder Unisend-Paketdienst zur\u00fcck an den Kunden (Estland, Lettland, Litauen). Der Preis beinhaltet keine Ersatzteile oder gr\u00f6\u00dfere Reparaturen. Eine gr\u00f6\u00dfere Reparatur bedeutet im Allgemeinen den Austausch von 2 oder mehr Komponenten. Falls Ersatzteile f\u00fcr die Reparatur ben\u00f6tigt werden, k\u00f6nnen diese bei Bedarf gekauft oder bestellt werden.<\/p>","protected":false},"featured_media":2301,"comment_status":"open","ping_status":"closed","template":"","meta":{"_monsterinsights_skip_tracking":false,"_monsterinsights_sitenote_active":false,"_monsterinsights_sitenote_note":"","_monsterinsights_sitenote_category":0},"fits_model":[],"product_brand":[],"product_cat":[88],"product_tag":[],"woo-feed-brand":[],"class_list":{"0":"post-2300","1":"product","2":"type-product","3":"status-publish","4":"has-post-thumbnail","6":"product_cat-muu","8":"first","9":"instock","10":"virtual","11":"taxable","12":"purchasable","13":"product-type-simple"},"yoast_head":"<!-- This site is optimized with the Yoast SEO plugin v27.4 - https:\/\/yoast.com\/product\/yoast-seo-wordpress\/ -->\n<title>Teenus - Vea tuvastamine - RC Zone | Raadio teel juhitavad autod<\/title>\n<meta name=\"robots\" content=\"index, follow, max-snippet:-1, max-image-preview:large, max-video-preview:-1\" \/>\n<link rel=\"canonical\" href=\"https:\/\/rczone.ee\/de\/product-2\/service-fehlererkennung\/\" \/>\n<meta property=\"og:locale\" content=\"de_DE\" \/>\n<meta property=\"og:type\" content=\"article\" \/>\n<meta property=\"og:title\" content=\"Teenus - Vea tuvastamine - RC Zone | Raadio teel juhitavad autod\" \/>\n<meta property=\"og:description\" content=\"Teenus sisaldab: Meilt ostetud\u00a0RC auto vea tuvastamine ja v\u00e4iksem remont (\u00fche komponendi vahetamine). Kauba saatmine DPD v\u00f5i Unisend pakiautomaati tagasi kliendile (Eesti, L\u00e4ti, Leedu). Hinnas ei sisaldu varuosad ega suurem remont. Suurem remont t\u00e4hendab \u00fcldjuhul 2 v\u00f5i rohkema komponendi vahetamist. Kui remondiks on vaja varuosasid, siis need saab vajadusel juurde osta v\u00f5i v\u00f5imalusel tellida.\" \/>\n<meta property=\"og:url\" content=\"https:\/\/rczone.ee\/de\/product-2\/service-fehlererkennung\/\" \/>\n<meta property=\"og:site_name\" content=\"RC Zone | Raadio teel juhitavad autod\" \/>\n<meta property=\"article:publisher\" content=\"https:\/\/www.facebook.com\/rczone.ee\" \/>\n<meta property=\"article:modified_time\" content=\"2026-03-24T18:05:19+00:00\" \/>\n<meta property=\"og:image\" content=\"https:\/\/rczone.ee\/wp-content\/uploads\/2025\/02\/screwdriver-1294338_1280.png\" \/>\n\t<meta property=\"og:image:width\" content=\"1280\" \/>\n\t<meta property=\"og:image:height\" content=\"1248\" \/>\n\t<meta property=\"og:image:type\" content=\"image\/png\" \/>\n<meta name=\"twitter:card\" content=\"summary_large_image\" \/>\n<meta name=\"twitter:label1\" content=\"Gesch\u00e4tzte Lesezeit\" \/>\n\t<meta name=\"twitter:data1\" content=\"1\u00a0Minute\" \/>\n<script type=\"application\/ld+json\" class=\"yoast-schema-graph\">{\"@context\":\"https:\\\/\\\/schema.org\",\"@graph\":[{\"@type\":\"WebPage\",\"@id\":\"https:\\\/\\\/rczone.ee\\\/toode\\\/teenus-vea-tuvastamine\\\/\",\"url\":\"https:\\\/\\\/rczone.ee\\\/toode\\\/teenus-vea-tuvastamine\\\/\",\"name\":\"Teenus - Vea tuvastamine - RC Zone | Raadio teel juhitavad autod\",\"isPartOf\":{\"@id\":\"https:\\\/\\\/rczone.ee\\\/#website\"},\"primaryImageOfPage\":{\"@id\":\"https:\\\/\\\/rczone.ee\\\/toode\\\/teenus-vea-tuvastamine\\\/#primaryimage\"},\"image\":{\"@id\":\"https:\\\/\\\/rczone.ee\\\/toode\\\/teenus-vea-tuvastamine\\\/#primaryimage\"},\"thumbnailUrl\":\"https:\\\/\\\/rczone.ee\\\/wp-content\\\/uploads\\\/2025\\\/02\\\/screwdriver-1294338_1280.png\",\"datePublished\":\"2025-02-06T17:04:54+00:00\",\"dateModified\":\"2026-03-24T18:05:19+00:00\",\"breadcrumb\":{\"@id\":\"https:\\\/\\\/rczone.ee\\\/toode\\\/teenus-vea-tuvastamine\\\/#breadcrumb\"},\"inLanguage\":\"de\",\"potentialAction\":[{\"@type\":\"ReadAction\",\"target\":[\"https:\\\/\\\/rczone.ee\\\/toode\\\/teenus-vea-tuvastamine\\\/\"]}]},{\"@type\":\"ImageObject\",\"inLanguage\":\"de\",\"@id\":\"https:\\\/\\\/rczone.ee\\\/toode\\\/teenus-vea-tuvastamine\\\/#primaryimage\",\"url\":\"https:\\\/\\\/rczone.ee\\\/wp-content\\\/uploads\\\/2025\\\/02\\\/screwdriver-1294338_1280.png\",\"contentUrl\":\"https:\\\/\\\/rczone.ee\\\/wp-content\\\/uploads\\\/2025\\\/02\\\/screwdriver-1294338_1280.png\",\"width\":1280,\"height\":1248},{\"@type\":\"BreadcrumbList\",\"@id\":\"https:\\\/\\\/rczone.ee\\\/toode\\\/teenus-vea-tuvastamine\\\/#breadcrumb\",\"itemListElement\":[{\"@type\":\"ListItem\",\"position\":1,\"name\":\"Home\",\"item\":\"https:\\\/\\\/rczone.ee\\\/\"},{\"@type\":\"ListItem\",\"position\":2,\"name\":\"Shop\",\"item\":\"https:\\\/\\\/rczone.ee\\\/shop\\\/\"},{\"@type\":\"ListItem\",\"position\":3,\"name\":\"Teenus &#8211; Vea tuvastamine\"}]},{\"@type\":\"WebSite\",\"@id\":\"https:\\\/\\\/rczone.ee\\\/#website\",\"url\":\"https:\\\/\\\/rczone.ee\\\/\",\"name\":\"RcZone\",\"description\":\"RcZone - Raadio teel juhitavate autode veebipood. M&uuml;&uuml;me laia valikut kvaliteetseid ja v&otilde;imsaid RC-autosid. Kiire tarne ja konkurentsiv&otilde;imelised hinnad.\",\"publisher\":{\"@id\":\"https:\\\/\\\/rczone.ee\\\/#organization\"},\"potentialAction\":[{\"@type\":\"SearchAction\",\"target\":{\"@type\":\"EntryPoint\",\"urlTemplate\":\"https:\\\/\\\/rczone.ee\\\/?s={search_term_string}\"},\"query-input\":{\"@type\":\"PropertyValueSpecification\",\"valueRequired\":true,\"valueName\":\"search_term_string\"}}],\"inLanguage\":\"de\"},{\"@type\":\"Organization\",\"@id\":\"https:\\\/\\\/rczone.ee\\\/#organization\",\"name\":\"RcZone\",\"url\":\"https:\\\/\\\/rczone.ee\\\/\",\"logo\":{\"@type\":\"ImageObject\",\"inLanguage\":\"de\",\"@id\":\"https:\\\/\\\/rczone.ee\\\/#\\\/schema\\\/logo\\\/image\\\/\",\"url\":\"https:\\\/\\\/rczone.ee\\\/wp-content\\\/uploads\\\/2024\\\/01\\\/3D.png\",\"contentUrl\":\"https:\\\/\\\/rczone.ee\\\/wp-content\\\/uploads\\\/2024\\\/01\\\/3D.png\",\"width\":2080,\"height\":602,\"caption\":\"RcZone\"},\"image\":{\"@id\":\"https:\\\/\\\/rczone.ee\\\/#\\\/schema\\\/logo\\\/image\\\/\"},\"sameAs\":[\"https:\\\/\\\/www.facebook.com\\\/rczone.ee\"]}]}<\/script>\n<!-- \/ Yoast SEO plugin. -->","yoast_head_json":{"title":"Service - Fehlersuche - RC Zone | Funkgesteuerte Autos","robots":{"index":"index","follow":"follow","max-snippet":"max-snippet:-1","max-image-preview":"max-image-preview:large","max-video-preview":"max-video-preview:-1"},"canonical":"https:\/\/rczone.ee\/de\/product-2\/service-fehlererkennung\/","og_locale":"de_DE","og_type":"article","og_title":"Teenus - Vea tuvastamine - RC Zone | Raadio teel juhitavad autod","og_description":"Teenus sisaldab: Meilt ostetud\u00a0RC auto vea tuvastamine ja v\u00e4iksem remont (\u00fche komponendi vahetamine). Kauba saatmine DPD v\u00f5i Unisend pakiautomaati tagasi kliendile (Eesti, L\u00e4ti, Leedu). Hinnas ei sisaldu varuosad ega suurem remont. Suurem remont t\u00e4hendab \u00fcldjuhul 2 v\u00f5i rohkema komponendi vahetamist. Kui remondiks on vaja varuosasid, siis need saab vajadusel juurde osta v\u00f5i v\u00f5imalusel tellida.","og_url":"https:\/\/rczone.ee\/de\/product-2\/service-fehlererkennung\/","og_site_name":"RC Zone | Raadio teel juhitavad autod","article_publisher":"https:\/\/www.facebook.com\/rczone.ee","article_modified_time":"2026-03-24T18:05:19+00:00","og_image":[{"width":1280,"height":1248,"url":"https:\/\/rczone.ee\/wp-content\/uploads\/2025\/02\/screwdriver-1294338_1280.png","type":"image\/png"}],"twitter_card":"summary_large_image","twitter_misc":{"Gesch\u00e4tzte Lesezeit":"1\u00a0Minute"},"schema":{"@context":"https:\/\/schema.org","@graph":[{"@type":"WebPage","@id":"https:\/\/rczone.ee\/toode\/teenus-vea-tuvastamine\/","url":"https:\/\/rczone.ee\/toode\/teenus-vea-tuvastamine\/","name":"Service - Fehlersuche - RC Zone | Funkgesteuerte Autos","isPartOf":{"@id":"https:\/\/rczone.ee\/#website"},"primaryImageOfPage":{"@id":"https:\/\/rczone.ee\/toode\/teenus-vea-tuvastamine\/#primaryimage"},"image":{"@id":"https:\/\/rczone.ee\/toode\/teenus-vea-tuvastamine\/#primaryimage"},"thumbnailUrl":"https:\/\/rczone.ee\/wp-content\/uploads\/2025\/02\/screwdriver-1294338_1280.png","datePublished":"2025-02-06T17:04:54+00:00","dateModified":"2026-03-24T18:05:19+00:00","breadcrumb":{"@id":"https:\/\/rczone.ee\/toode\/teenus-vea-tuvastamine\/#breadcrumb"},"inLanguage":"de","potentialAction":[{"@type":"ReadAction","target":["https:\/\/rczone.ee\/toode\/teenus-vea-tuvastamine\/"]}]},{"@type":"ImageObject","inLanguage":"de","@id":"https:\/\/rczone.ee\/toode\/teenus-vea-tuvastamine\/#primaryimage","url":"https:\/\/rczone.ee\/wp-content\/uploads\/2025\/02\/screwdriver-1294338_1280.png","contentUrl":"https:\/\/rczone.ee\/wp-content\/uploads\/2025\/02\/screwdriver-1294338_1280.png","width":1280,"height":1248},{"@type":"BreadcrumbList","@id":"https:\/\/rczone.ee\/toode\/teenus-vea-tuvastamine\/#breadcrumb","itemListElement":[{"@type":"ListItem","position":1,"name":"Home","item":"https:\/\/rczone.ee\/"},{"@type":"ListItem","position":2,"name":"Shop","item":"https:\/\/rczone.ee\/shop\/"},{"@type":"ListItem","position":3,"name":"Teenus &#8211; Vea tuvastamine"}]},{"@type":"WebSite","@id":"https:\/\/rczone.ee\/#website","url":"https:\/\/rczone.ee\/","name":"RcZone","description":"RcZone - Online Shop f\u00fcr funkgesteuerte Autos. Wir verkaufen eine breite Palette von qualitativ hochwertigen und leistungsstarken RC-Autos. Schnelle Lieferung und g\u00fcnstige Preise.","publisher":{"@id":"https:\/\/rczone.ee\/#organization"},"potentialAction":[{"@type":"SearchAction","target":{"@type":"EntryPoint","urlTemplate":"https:\/\/rczone.ee\/?s={search_term_string}"},"query-input":{"@type":"PropertyValueSpecification","valueRequired":true,"valueName":"search_term_string"}}],"inLanguage":"de"},{"@type":"Organization","@id":"https:\/\/rczone.ee\/#organization","name":"RcZone","url":"https:\/\/rczone.ee\/","logo":{"@type":"ImageObject","inLanguage":"de","@id":"https:\/\/rczone.ee\/#\/schema\/logo\/image\/","url":"https:\/\/rczone.ee\/wp-content\/uploads\/2024\/01\/3D.png","contentUrl":"https:\/\/rczone.ee\/wp-content\/uploads\/2024\/01\/3D.png","width":2080,"height":602,"caption":"RcZone"},"image":{"@id":"https:\/\/rczone.ee\/#\/schema\/logo\/image\/"},"sameAs":["https:\/\/www.facebook.com\/rczone.ee"]}]}},"_links":{"self":[{"href":"https:\/\/rczone.ee\/de\/wp-json\/wp\/v2\/product\/2300","targetHints":{"allow":["GET"]}}],"collection":[{"href":"https:\/\/rczone.ee\/de\/wp-json\/wp\/v2\/product"}],"about":[{"href":"https:\/\/rczone.ee\/de\/wp-json\/wp\/v2\/types\/product"}],"replies":[{"embeddable":true,"href":"https:\/\/rczone.ee\/de\/wp-json\/wp\/v2\/comments?post=2300"}],"wp:featuredmedia":[{"embeddable":true,"href":"https:\/\/rczone.ee\/de\/wp-json\/wp\/v2\/media\/2301"}],"wp:attachment":[{"href":"https:\/\/rczone.ee\/de\/wp-json\/wp\/v2\/media?parent=2300"}],"wp:term":[{"taxonomy":"fits_model","embeddable":true,"href":"https:\/\/rczone.ee\/de\/wp-json\/wp\/v2\/fits_model?post=2300"},{"taxonomy":"product_brand","embeddable":true,"href":"https:\/\/rczone.ee\/de\/wp-json\/wp\/v2\/product_brand?post=2300"},{"taxonomy":"product_cat","embeddable":true,"href":"https:\/\/rczone.ee\/de\/wp-json\/wp\/v2\/product_cat?post=2300"},{"taxonomy":"product_tag","embeddable":true,"href":"https:\/\/rczone.ee\/de\/wp-json\/wp\/v2\/product_tag?post=2300"},{"taxonomy":"woo-feed-brand","embeddable":true,"href":"https:\/\/rczone.ee\/de\/wp-json\/wp\/v2\/woo-feed-brand?post=2300"}],"curies":[{"name":"wp","href":"https:\/\/api.w.org\/{rel}","templated":true}]}}