{"id":2385,"date":"2025-02-24T20:30:22","date_gmt":"2025-02-24T18:30:22","guid":{"rendered":"https:\/\/rczone.ee\/?post_type=product&#038;p=2385"},"modified":"2026-03-12T20:47:53","modified_gmt":"2026-03-12T18:47:53","slug":"suchiyu-scy-18102-4wd-die-verbindung-118","status":"publish","type":"product","link":"https:\/\/rczone.ee\/de\/toode\/suchiyu-scy-18102-4wd-the-link-118\/","title":{"rendered":"Suchiyu SCY-18102 4WD Die Verbindung 1:18"},"content":{"rendered":"<p data-pm-slice=\"1 1 []\"><strong>Suchiyu SCY-18102 4WD The Link 1:18 - Schnelles und langlebiges RC Auto<\/strong><\/p>\n<p>Entdecken Sie einen neuen Adrenalinrausch in der RcZone.ee-Auswahl <strong>Suchiyu SCY-18102 4WD Die Verbindung 1:18<\/strong> Mit einem RC-Auto! Dieses kompakte und leistungsstarke Modell mit Allradantrieb sorgt f\u00fcr ein reibungsloses Handling und eine stabile Fahrt auf jedem Terrain - Asphalt, Sand, Schlamm oder Gras. Ideal f\u00fcr Anf\u00e4nger und erfahrene Fahrer gleicherma\u00dfen.<\/p>\n<h3><strong>Hauptmerkmale:<\/strong><\/h3>\n<p>\u2705 <strong>Realistische Managementerfahrung<\/strong> - pr\u00e4zises Beschleunigen, Bremsen und Lenken.<\/p>\n<p>\u2705 <strong>Allradantrieb und Einzelradaufh\u00e4ngung<\/strong> - Hervorragende Stabilit\u00e4t auf unebenem Terrain.<\/p>\n<p>\u2705 <strong>Leistungsstarker Motor<\/strong> - bietet Geschwindigkeiten von bis zu 40 km\/h.<\/p>\n<p>\u2705 <strong>Lange Fahrtzeit<\/strong> - 7,4-V-Akku mit 1500 mAh f\u00fcr bis zu 30 Minuten Spielzeit (abh\u00e4ngig von einer Reihe von Faktoren wie Wetter, Gel\u00e4nde, Fahrstil, Akkustand usw.).<\/p>\n<p>\u2705 <strong>Lenkeinschlag bis zu 80m<\/strong> - Vollproportionale 2,4-GHz-Konsole mit verz\u00f6gerungsfreiem Ansprechverhalten.<\/p>\n<p>\u2705 <strong>Starke Metallteile<\/strong> - Fahrwerk, Differential und Getriebe erh\u00f6hen die Lebensdauer.<\/p>\n<p>\u2705 <strong>LED-Scheinwerfer<\/strong> - drei Modi f\u00fcr das Fahren bei schlechten Lichtverh\u00e4ltnissen.<\/p>\n<h3><strong>Technische Daten:<\/strong><\/h3>\n<ul>\n<li><strong>Abmessungen:<\/strong> 25 x 20 x 12 cm<\/li>\n<li><strong>Aku:<\/strong> 7.4V 1500mAh Li-Ion (T-Stecker)<\/li>\n<li><strong>Entfernung mit dem Auto:<\/strong> \u226580 m<\/li>\n<li><strong>Reisezeit:<\/strong> 30-40 Minuten<\/li>\n<li><strong>Verkehrsplan:<\/strong> ALLRADANTRIEB<\/li>\n<\/ul>\n<h3><strong>Eingeschlossen:<\/strong><\/h3>\n<ul>\n<li>RC Auto Suchiyu SCY-18102 4WD The Link 1:18<\/li>\n<li>Bedienfeld<\/li>\n<li>Li-Ionen-Akku 7,4V 1500mAh<\/li>\n<li>USB-Ladeger\u00e4t<\/li>\n<li>Zubeh\u00f6r<\/li>\n<li>Benutzerhandbuch.<\/li>\n<\/ul>\n<p>Telli <strong>Suchiyu SCY-18102 4WD Die Verbindung 1:18<\/strong> heute <strong>RcZone.ee<\/strong> aus dem E-Shop und erleben Sie den Nervenkitzel des Rennsports!<\/p>\n<div style=\"padding: 56.25% 0 0 0; position: relative;\"><iframe style=\"position: absolute; top: 0; left: 0; width: 100%; height: 100%;\" title=\"SCY-16102\" src=\"https:\/\/player.vimeo.com\/video\/1059766793?title=0&amp;byline=0&amp;portrait=0&amp;badge=0&amp;autopause=0&amp;player_id=0&amp;app_id=58479\" frameborder=\"0\"><\/iframe><\/div>\n<p>&nbsp;<\/p>\n<p><img decoding=\"async\" class=\"alignnone wp-image-2405\" src=\"https:\/\/rczone.ee\/wp-content\/uploads\/2025\/02\/main-image-6-1.jpg\" alt=\"\" width=\"500\" height=\"500\" srcset=\"https:\/\/rczone.ee\/wp-content\/uploads\/2025\/02\/main-image-6-1.jpg 800w, https:\/\/rczone.ee\/wp-content\/uploads\/2025\/02\/main-image-6-1-400x400.jpg 400w, https:\/\/rczone.ee\/wp-content\/uploads\/2025\/02\/main-image-6-1-280x280.jpg 280w, https:\/\/rczone.ee\/wp-content\/uploads\/2025\/02\/main-image-6-1-768x768.jpg 768w, https:\/\/rczone.ee\/wp-content\/uploads\/2025\/02\/main-image-6-1-12x12.jpg 12w, https:\/\/rczone.ee\/wp-content\/uploads\/2025\/02\/main-image-6-1-450x450.jpg 450w, https:\/\/rczone.ee\/wp-content\/uploads\/2025\/02\/main-image-6-1-100x100.jpg 100w\" sizes=\"(max-width: 500px) 100vw, 500px\" \/> <img decoding=\"async\" class=\"alignnone wp-image-2393\" src=\"https:\/\/rczone.ee\/wp-content\/uploads\/2025\/02\/description-image-4-1.jpg\" alt=\"\" width=\"500\" height=\"500\" srcset=\"https:\/\/rczone.ee\/wp-content\/uploads\/2025\/02\/description-image-4-1.jpg 800w, https:\/\/rczone.ee\/wp-content\/uploads\/2025\/02\/description-image-4-1-400x400.jpg 400w, https:\/\/rczone.ee\/wp-content\/uploads\/2025\/02\/description-image-4-1-280x280.jpg 280w, https:\/\/rczone.ee\/wp-content\/uploads\/2025\/02\/description-image-4-1-768x768.jpg 768w, https:\/\/rczone.ee\/wp-content\/uploads\/2025\/02\/description-image-4-1-12x12.jpg 12w, https:\/\/rczone.ee\/wp-content\/uploads\/2025\/02\/description-image-4-1-450x450.jpg 450w, https:\/\/rczone.ee\/wp-content\/uploads\/2025\/02\/description-image-4-1-100x100.jpg 100w\" sizes=\"(max-width: 500px) 100vw, 500px\" \/><\/p>","protected":false},"excerpt":{"rendered":"<ul>\n<li style=\"line-height: 1; padding-top: 20px;\">Level: Pro<\/li>\n<li style=\"line-height: 1;\">Altersgruppe der Benutzer: 8-13<\/li>\n<li style=\"line-height: 1;\">Kategorie: Truggy<\/li>\n<li style=\"line-height: 1;\">Ma\u00dfstab: 1:18<\/li>\n<li style=\"line-height: 1;\">Antriebsart: 4WD<\/li>\n<li style=\"line-height: 1;\">H\u00f6chstgeschwindigkeit: 40 km\/h<\/li>\n<li style=\"line-height: 1;\">Fertigstellung: Ready-To-Run<\/li>\n<li style=\"line-height: 1;\">Energie: Elektrizit\u00e4t<\/li>\n<\/ul>","protected":false},"featured_media":2388,"comment_status":"open","ping_status":"closed","template":"","meta":{"_monsterinsights_skip_tracking":false,"_monsterinsights_sitenote_active":false,"_monsterinsights_sitenote_note":"","_monsterinsights_sitenote_category":0},"fits_model":[],"product_brand":[],"product_cat":[33],"product_tag":[84,122],"woo-feed-brand":[],"class_list":{"0":"post-2385","1":"product","2":"type-product","3":"status-publish","4":"has-post-thumbnail","6":"product_cat-truggy","7":"product_tag-standard","8":"product_tag-liion74","10":"first","11":"instock","12":"taxable","13":"shipping-taxable","14":"purchasable","15":"product-type-variable","16":"has-default-attributes"},"yoast_head":"<!-- This site is optimized with the Yoast SEO plugin v27.4 - https:\/\/yoast.com\/product\/yoast-seo-wordpress\/ -->\n<title>Suchiyu SCY-18102 4WD The Link 1:18 - RC Zone | Raadio teel juhitavad autod<\/title>\n<meta name=\"robots\" content=\"index, follow, max-snippet:-1, max-image-preview:large, max-video-preview:-1\" \/>\n<link rel=\"canonical\" href=\"https:\/\/rczone.ee\/de\/product-2\/suchiyu-scy-18102-4wd-die-verbindung-118\/\" \/>\n<meta property=\"og:locale\" content=\"de_DE\" \/>\n<meta property=\"og:type\" content=\"article\" \/>\n<meta property=\"og:title\" content=\"Suchiyu SCY-18102 4WD The Link 1:18 - RC Zone | Raadio teel juhitavad autod\" \/>\n<meta property=\"og:description\" content=\"Rate: Pro  Kasutaja vanuseklass: 8-13  Kategooria: Truggy  Skaala: 1:18  Vedav sild: 4WD  Max kiirus: 40 km\/h  Komplekteeritus: Ready-To-Run  Energia: Elekter\" \/>\n<meta property=\"og:url\" content=\"https:\/\/rczone.ee\/de\/product-2\/suchiyu-scy-18102-4wd-die-verbindung-118\/\" \/>\n<meta property=\"og:site_name\" content=\"RC Zone | Raadio teel juhitavad autod\" \/>\n<meta property=\"article:publisher\" content=\"https:\/\/www.facebook.com\/rczone.ee\" \/>\n<meta property=\"article:modified_time\" content=\"2026-03-12T18:47:53+00:00\" \/>\n<meta property=\"og:image\" content=\"https:\/\/rczone.ee\/wp-content\/uploads\/2025\/02\/variant-image-color-blue-1-Photoroom.jpg\" \/>\n\t<meta property=\"og:image:width\" content=\"800\" \/>\n\t<meta property=\"og:image:height\" content=\"800\" \/>\n\t<meta property=\"og:image:type\" content=\"image\/jpeg\" \/>\n<meta name=\"twitter:card\" content=\"summary_large_image\" \/>\n<meta name=\"twitter:label1\" content=\"Gesch\u00e4tzte Lesezeit\" \/>\n\t<meta name=\"twitter:data1\" content=\"2\u00a0Minuten\" \/>\n<script type=\"application\/ld+json\" class=\"yoast-schema-graph\">{\"@context\":\"https:\\\/\\\/schema.org\",\"@graph\":[{\"@type\":\"WebPage\",\"@id\":\"https:\\\/\\\/rczone.ee\\\/toode\\\/suchiyu-scy-18102-4wd-the-link-118\\\/\",\"url\":\"https:\\\/\\\/rczone.ee\\\/toode\\\/suchiyu-scy-18102-4wd-the-link-118\\\/\",\"name\":\"Suchiyu SCY-18102 4WD The Link 1:18 - RC Zone | Raadio teel juhitavad autod\",\"isPartOf\":{\"@id\":\"https:\\\/\\\/rczone.ee\\\/#website\"},\"primaryImageOfPage\":{\"@id\":\"https:\\\/\\\/rczone.ee\\\/toode\\\/suchiyu-scy-18102-4wd-the-link-118\\\/#primaryimage\"},\"image\":{\"@id\":\"https:\\\/\\\/rczone.ee\\\/toode\\\/suchiyu-scy-18102-4wd-the-link-118\\\/#primaryimage\"},\"thumbnailUrl\":\"https:\\\/\\\/rczone.ee\\\/wp-content\\\/uploads\\\/2025\\\/02\\\/variant-image-color-blue-1-Photoroom.jpg\",\"datePublished\":\"2025-02-24T18:30:22+00:00\",\"dateModified\":\"2026-03-12T18:47:53+00:00\",\"breadcrumb\":{\"@id\":\"https:\\\/\\\/rczone.ee\\\/toode\\\/suchiyu-scy-18102-4wd-the-link-118\\\/#breadcrumb\"},\"inLanguage\":\"de\",\"potentialAction\":[{\"@type\":\"ReadAction\",\"target\":[\"https:\\\/\\\/rczone.ee\\\/toode\\\/suchiyu-scy-18102-4wd-the-link-118\\\/\"]}]},{\"@type\":\"ImageObject\",\"inLanguage\":\"de\",\"@id\":\"https:\\\/\\\/rczone.ee\\\/toode\\\/suchiyu-scy-18102-4wd-the-link-118\\\/#primaryimage\",\"url\":\"https:\\\/\\\/rczone.ee\\\/wp-content\\\/uploads\\\/2025\\\/02\\\/variant-image-color-blue-1-Photoroom.jpg\",\"contentUrl\":\"https:\\\/\\\/rczone.ee\\\/wp-content\\\/uploads\\\/2025\\\/02\\\/variant-image-color-blue-1-Photoroom.jpg\",\"width\":800,\"height\":800},{\"@type\":\"BreadcrumbList\",\"@id\":\"https:\\\/\\\/rczone.ee\\\/toode\\\/suchiyu-scy-18102-4wd-the-link-118\\\/#breadcrumb\",\"itemListElement\":[{\"@type\":\"ListItem\",\"position\":1,\"name\":\"Home\",\"item\":\"https:\\\/\\\/rczone.ee\\\/\"},{\"@type\":\"ListItem\",\"position\":2,\"name\":\"Shop\",\"item\":\"https:\\\/\\\/rczone.ee\\\/shop\\\/\"},{\"@type\":\"ListItem\",\"position\":3,\"name\":\"Suchiyu SCY-18102 4WD The Link 1:18\"}]},{\"@type\":\"WebSite\",\"@id\":\"https:\\\/\\\/rczone.ee\\\/#website\",\"url\":\"https:\\\/\\\/rczone.ee\\\/\",\"name\":\"RcZone\",\"description\":\"RcZone - Raadio teel juhitavate autode veebipood. M&uuml;&uuml;me laia valikut kvaliteetseid ja v&otilde;imsaid RC-autosid. Kiire tarne ja konkurentsiv&otilde;imelised hinnad.\",\"publisher\":{\"@id\":\"https:\\\/\\\/rczone.ee\\\/#organization\"},\"potentialAction\":[{\"@type\":\"SearchAction\",\"target\":{\"@type\":\"EntryPoint\",\"urlTemplate\":\"https:\\\/\\\/rczone.ee\\\/?s={search_term_string}\"},\"query-input\":{\"@type\":\"PropertyValueSpecification\",\"valueRequired\":true,\"valueName\":\"search_term_string\"}}],\"inLanguage\":\"de\"},{\"@type\":\"Organization\",\"@id\":\"https:\\\/\\\/rczone.ee\\\/#organization\",\"name\":\"RcZone\",\"url\":\"https:\\\/\\\/rczone.ee\\\/\",\"logo\":{\"@type\":\"ImageObject\",\"inLanguage\":\"de\",\"@id\":\"https:\\\/\\\/rczone.ee\\\/#\\\/schema\\\/logo\\\/image\\\/\",\"url\":\"https:\\\/\\\/rczone.ee\\\/wp-content\\\/uploads\\\/2024\\\/01\\\/3D.png\",\"contentUrl\":\"https:\\\/\\\/rczone.ee\\\/wp-content\\\/uploads\\\/2024\\\/01\\\/3D.png\",\"width\":2080,\"height\":602,\"caption\":\"RcZone\"},\"image\":{\"@id\":\"https:\\\/\\\/rczone.ee\\\/#\\\/schema\\\/logo\\\/image\\\/\"},\"sameAs\":[\"https:\\\/\\\/www.facebook.com\\\/rczone.ee\"]}]}<\/script>\n<!-- \/ Yoast SEO plugin. -->","yoast_head_json":{"title":"Suchiyu SCY-18102 4WD The Link 1:18 - RC Zone | Funkgesteuerte Fahrzeuge","robots":{"index":"index","follow":"follow","max-snippet":"max-snippet:-1","max-image-preview":"max-image-preview:large","max-video-preview":"max-video-preview:-1"},"canonical":"https:\/\/rczone.ee\/de\/product-2\/suchiyu-scy-18102-4wd-die-verbindung-118\/","og_locale":"de_DE","og_type":"article","og_title":"Suchiyu SCY-18102 4WD The Link 1:18 - RC Zone | Raadio teel juhitavad autod","og_description":"Rate: Pro  Kasutaja vanuseklass: 8-13  Kategooria: Truggy  Skaala: 1:18  Vedav sild: 4WD  Max kiirus: 40 km\/h  Komplekteeritus: Ready-To-Run  Energia: Elekter","og_url":"https:\/\/rczone.ee\/de\/product-2\/suchiyu-scy-18102-4wd-die-verbindung-118\/","og_site_name":"RC Zone | Raadio teel juhitavad autod","article_publisher":"https:\/\/www.facebook.com\/rczone.ee","article_modified_time":"2026-03-12T18:47:53+00:00","og_image":[{"width":800,"height":800,"url":"https:\/\/rczone.ee\/wp-content\/uploads\/2025\/02\/variant-image-color-blue-1-Photoroom.jpg","type":"image\/jpeg"}],"twitter_card":"summary_large_image","twitter_misc":{"Gesch\u00e4tzte Lesezeit":"2\u00a0Minuten"},"schema":{"@context":"https:\/\/schema.org","@graph":[{"@type":"WebPage","@id":"https:\/\/rczone.ee\/toode\/suchiyu-scy-18102-4wd-the-link-118\/","url":"https:\/\/rczone.ee\/toode\/suchiyu-scy-18102-4wd-the-link-118\/","name":"Suchiyu SCY-18102 4WD The Link 1:18 - RC Zone | Funkgesteuerte Fahrzeuge","isPartOf":{"@id":"https:\/\/rczone.ee\/#website"},"primaryImageOfPage":{"@id":"https:\/\/rczone.ee\/toode\/suchiyu-scy-18102-4wd-the-link-118\/#primaryimage"},"image":{"@id":"https:\/\/rczone.ee\/toode\/suchiyu-scy-18102-4wd-the-link-118\/#primaryimage"},"thumbnailUrl":"https:\/\/rczone.ee\/wp-content\/uploads\/2025\/02\/variant-image-color-blue-1-Photoroom.jpg","datePublished":"2025-02-24T18:30:22+00:00","dateModified":"2026-03-12T18:47:53+00:00","breadcrumb":{"@id":"https:\/\/rczone.ee\/toode\/suchiyu-scy-18102-4wd-the-link-118\/#breadcrumb"},"inLanguage":"de","potentialAction":[{"@type":"ReadAction","target":["https:\/\/rczone.ee\/toode\/suchiyu-scy-18102-4wd-the-link-118\/"]}]},{"@type":"ImageObject","inLanguage":"de","@id":"https:\/\/rczone.ee\/toode\/suchiyu-scy-18102-4wd-the-link-118\/#primaryimage","url":"https:\/\/rczone.ee\/wp-content\/uploads\/2025\/02\/variant-image-color-blue-1-Photoroom.jpg","contentUrl":"https:\/\/rczone.ee\/wp-content\/uploads\/2025\/02\/variant-image-color-blue-1-Photoroom.jpg","width":800,"height":800},{"@type":"BreadcrumbList","@id":"https:\/\/rczone.ee\/toode\/suchiyu-scy-18102-4wd-the-link-118\/#breadcrumb","itemListElement":[{"@type":"ListItem","position":1,"name":"Home","item":"https:\/\/rczone.ee\/"},{"@type":"ListItem","position":2,"name":"Shop","item":"https:\/\/rczone.ee\/shop\/"},{"@type":"ListItem","position":3,"name":"Suchiyu SCY-18102 4WD The Link 1:18"}]},{"@type":"WebSite","@id":"https:\/\/rczone.ee\/#website","url":"https:\/\/rczone.ee\/","name":"RcZone","description":"RcZone - Online Shop f\u00fcr funkgesteuerte Autos. Wir verkaufen eine breite Palette von qualitativ hochwertigen und leistungsstarken RC-Autos. Schnelle Lieferung und g\u00fcnstige Preise.","publisher":{"@id":"https:\/\/rczone.ee\/#organization"},"potentialAction":[{"@type":"SearchAction","target":{"@type":"EntryPoint","urlTemplate":"https:\/\/rczone.ee\/?s={search_term_string}"},"query-input":{"@type":"PropertyValueSpecification","valueRequired":true,"valueName":"search_term_string"}}],"inLanguage":"de"},{"@type":"Organization","@id":"https:\/\/rczone.ee\/#organization","name":"RcZone","url":"https:\/\/rczone.ee\/","logo":{"@type":"ImageObject","inLanguage":"de","@id":"https:\/\/rczone.ee\/#\/schema\/logo\/image\/","url":"https:\/\/rczone.ee\/wp-content\/uploads\/2024\/01\/3D.png","contentUrl":"https:\/\/rczone.ee\/wp-content\/uploads\/2024\/01\/3D.png","width":2080,"height":602,"caption":"RcZone"},"image":{"@id":"https:\/\/rczone.ee\/#\/schema\/logo\/image\/"},"sameAs":["https:\/\/www.facebook.com\/rczone.ee"]}]}},"_links":{"self":[{"href":"https:\/\/rczone.ee\/de\/wp-json\/wp\/v2\/product\/2385","targetHints":{"allow":["GET"]}}],"collection":[{"href":"https:\/\/rczone.ee\/de\/wp-json\/wp\/v2\/product"}],"about":[{"href":"https:\/\/rczone.ee\/de\/wp-json\/wp\/v2\/types\/product"}],"replies":[{"embeddable":true,"href":"https:\/\/rczone.ee\/de\/wp-json\/wp\/v2\/comments?post=2385"}],"wp:featuredmedia":[{"embeddable":true,"href":"https:\/\/rczone.ee\/de\/wp-json\/wp\/v2\/media\/2388"}],"wp:attachment":[{"href":"https:\/\/rczone.ee\/de\/wp-json\/wp\/v2\/media?parent=2385"}],"wp:term":[{"taxonomy":"fits_model","embeddable":true,"href":"https:\/\/rczone.ee\/de\/wp-json\/wp\/v2\/fits_model?post=2385"},{"taxonomy":"product_brand","embeddable":true,"href":"https:\/\/rczone.ee\/de\/wp-json\/wp\/v2\/product_brand?post=2385"},{"taxonomy":"product_cat","embeddable":true,"href":"https:\/\/rczone.ee\/de\/wp-json\/wp\/v2\/product_cat?post=2385"},{"taxonomy":"product_tag","embeddable":true,"href":"https:\/\/rczone.ee\/de\/wp-json\/wp\/v2\/product_tag?post=2385"},{"taxonomy":"woo-feed-brand","embeddable":true,"href":"https:\/\/rczone.ee\/de\/wp-json\/wp\/v2\/woo-feed-brand?post=2385"}],"curies":[{"name":"wp","href":"https:\/\/api.w.org\/{rel}","templated":true}]}}