{"id":2695,"date":"2025-03-28T20:03:58","date_gmt":"2025-03-28T18:03:58","guid":{"rendered":"https:\/\/rczone.ee\/?post_type=product&#038;p=2695"},"modified":"2026-03-30T21:04:55","modified_gmt":"2026-03-30T18:04:55","slug":"neuer-maverick-doha-1-20-4wd-elektro-lkw","status":"publish","type":"product","link":"https:\/\/rczone.ee\/de\/toode\/uus-maverick-doha-1-20-4wd-electric-truck\/","title":{"rendered":"Maverick Doha 1\/20 4WD Elektro-Truck"},"content":{"rendered":"<h1 data-start=\"185\" data-end=\"255\">Maverick Doha 1\/20 4WD Desert Truck - ein kleiner wilder Kraftprotz!<\/h1>\n<p data-start=\"257\" data-end=\"570\"><img decoding=\"async\" class=\"alignnone size-full wp-image-2731\" src=\"https:\/\/rczone.ee\/wp-content\/uploads\/2025\/03\/blue_doha-header2.jpg\" alt=\"\" width=\"1300\" height=\"456\" srcset=\"https:\/\/rczone.ee\/wp-content\/uploads\/2025\/03\/blue_doha-header2.jpg 1300w, https:\/\/rczone.ee\/wp-content\/uploads\/2025\/03\/blue_doha-header2-800x281.jpg 800w, https:\/\/rczone.ee\/wp-content\/uploads\/2025\/03\/blue_doha-header2-768x269.jpg 768w, https:\/\/rczone.ee\/wp-content\/uploads\/2025\/03\/blue_doha-header2-18x6.jpg 18w, https:\/\/rczone.ee\/wp-content\/uploads\/2025\/03\/blue_doha-header2-900x316.jpg 900w\" sizes=\"(max-width: 1300px) 100vw, 1300px\" \/><\/p>\n<p class=\"\" data-start=\"257\" data-end=\"570\">Tr\u00e4umen Sie von einem echten Offroad-Erlebnis, das leicht in Ihren Rucksack passt? <strong data-start=\"319\" data-end=\"358\">Maverick Doha 1\/20 4WD W\u00fcstentruck<\/strong> ist jetzt verf\u00fcgbar <strong data-start=\"376\" data-end=\"389\">RcZone.ee<\/strong> Seite und dieser kleine Gel\u00e4ndewagen kann mehr, als man auf den ersten Blick sieht! Er ist kompakt, leistungsstark und langlebig und genau das, was Sie brauchen, um Ihren Garten, den Wald oder den Park zu erobern.<\/p>\n<p class=\"\" data-start=\"572\" data-end=\"829\">Der Doha Desert Truck kombiniert die St\u00e4rke eines gro\u00dfen Modells mit der Flexibilit\u00e4t eines Kleinwagens. Vierradantrieb, Einzelradaufh\u00e4ngung und ein starkes Fahrgestell geben Ihnen die Kontrolle \u00fcber das h\u00e4rteste Terrain. Dank der LED-Beleuchtung stehen Sie auch bei Sonnenuntergang nicht auf verlorenem Posten.<\/p>\n<p class=\"\" data-start=\"831\" data-end=\"1055\">Die Details z\u00e4hlen! Mit lackierten Federn, realistischen und stilvollen R\u00e4dern, einem k\u00fchlenden K\u00fchlermotor und einem leistungsstarken 370er Motor kannst du Geschwindigkeiten von bis zu... <strong data-start=\"961\" data-end=\"972\">25 km\/h<\/strong>. Die Fernbedienung hat auch einen Geschwindigkeitsbegrenzer, so dass Anf\u00e4nger in aller Ruhe \u00fcben k\u00f6nnen.<\/p>\n<p class=\"\" data-start=\"1057\" data-end=\"1190\">Alles, was Sie brauchen, ist im Lieferumfang enthalten - Akku, Ladeger\u00e4t und 2,4-GHz-Fernbedienung. Sie m\u00fcssen nur noch drei AA-Batterien in die Fernbedienung einlegen und schon kann es losgehen!<\/p>\n<hr class=\"\" data-start=\"1192\" data-end=\"1195\" \/>\n<h3 class=\"\" data-start=\"1197\" data-end=\"1262\">Warum Maverick Doha Desert Truck von RcZone.ee w\u00e4hlen?<\/h3>\n<p class=\"\" data-start=\"1264\" data-end=\"1612\">\u2714 Bis zu 25 km\/h Geschwindigkeit - ein echtes Erlebnis!<br data-start=\"1309\" data-end=\"1312\" \/>\u2714 Leistungsstarker 4WD-Allradantrieb und Einzelradaufh\u00e4ngung<br data-start=\"1357\" data-end=\"1360\" \/>\u2714 Aluminiumbeschichtete Federn und starkes doppellagiges Chassis<br data-start=\"1415\" data-end=\"1418\" \/>\u2714 Wasserfeste Elektronik - auch in Staub und Schlamm fahren<br data-start=\"1469\" data-end=\"1472\" \/>\u2714 LED-Lichter, um gut im Dunkeln zu fahren und wild auszusehen<br data-start=\"1504\" data-end=\"1507\" \/>\u2714 Alles, was Sie brauchen, ist sofort im Kit verf\u00fcgbar<br data-start=\"1534\" data-end=\"1537\" \/>\u2714 Geschwindigkeitsbegrenzer auf der Fernbedienung - ideal auch f\u00fcr Anf\u00e4nger<br data-start=\"1581\" data-end=\"1584\" \/>\u2714 Vier verschiedene Farbvarianten<\/p>\n<p data-start=\"1264\" data-end=\"1612\"><img decoding=\"async\" class=\"alignnone size-full wp-image-2734\" src=\"https:\/\/rczone.ee\/wp-content\/uploads\/2025\/03\/doha_family_2-u.jpg\" alt=\"\" width=\"1300\" height=\"485\" srcset=\"https:\/\/rczone.ee\/wp-content\/uploads\/2025\/03\/doha_family_2-u.jpg 1300w, https:\/\/rczone.ee\/wp-content\/uploads\/2025\/03\/doha_family_2-u-800x298.jpg 800w, https:\/\/rczone.ee\/wp-content\/uploads\/2025\/03\/doha_family_2-u-768x287.jpg 768w, https:\/\/rczone.ee\/wp-content\/uploads\/2025\/03\/doha_family_2-u-18x7.jpg 18w, https:\/\/rczone.ee\/wp-content\/uploads\/2025\/03\/doha_family_2-u-900x336.jpg 900w\" sizes=\"(max-width: 1300px) 100vw, 1300px\" \/><\/p>\n<p data-start=\"1264\" data-end=\"1612\"><img decoding=\"async\" class=\"alignnone size-full wp-image-2733\" src=\"https:\/\/rczone.ee\/wp-content\/uploads\/2025\/03\/red_doha_spec.png\" alt=\"\" width=\"1300\" height=\"950\" srcset=\"https:\/\/rczone.ee\/wp-content\/uploads\/2025\/03\/red_doha_spec.png 1300w, https:\/\/rczone.ee\/wp-content\/uploads\/2025\/03\/red_doha_spec-547x400.png 547w, https:\/\/rczone.ee\/wp-content\/uploads\/2025\/03\/red_doha_spec-1095x800.png 1095w, https:\/\/rczone.ee\/wp-content\/uploads\/2025\/03\/red_doha_spec-768x561.png 768w, https:\/\/rczone.ee\/wp-content\/uploads\/2025\/03\/red_doha_spec-16x12.png 16w, https:\/\/rczone.ee\/wp-content\/uploads\/2025\/03\/red_doha_spec-900x658.png 900w\" sizes=\"(max-width: 1300px) 100vw, 1300px\" \/><\/p>\n<p class=\"\" data-start=\"1614\" data-end=\"1698\"><strong data-start=\"1614\" data-end=\"1625\">Abmessungen:<\/strong><br data-start=\"1625\" data-end=\"1628\" \/>\ud83d\udccf L\u00e4nge: 240 mm | Breite: 150 mm | H\u00f6he: 110 mm | Achsabstand: 147 mm<\/p>\n<p data-start=\"1614\" data-end=\"1698\"><img decoding=\"async\" class=\"alignnone size-full wp-image-2732\" src=\"https:\/\/rczone.ee\/wp-content\/uploads\/2025\/03\/green_doha_dimensions3.png\" alt=\"\" width=\"1300\" height=\"900\" srcset=\"https:\/\/rczone.ee\/wp-content\/uploads\/2025\/03\/green_doha_dimensions3.png 1300w, https:\/\/rczone.ee\/wp-content\/uploads\/2025\/03\/green_doha_dimensions3-578x400.png 578w, https:\/\/rczone.ee\/wp-content\/uploads\/2025\/03\/green_doha_dimensions3-1156x800.png 1156w, https:\/\/rczone.ee\/wp-content\/uploads\/2025\/03\/green_doha_dimensions3-768x532.png 768w, https:\/\/rczone.ee\/wp-content\/uploads\/2025\/03\/green_doha_dimensions3-18x12.png 18w, https:\/\/rczone.ee\/wp-content\/uploads\/2025\/03\/green_doha_dimensions3-900x623.png 900w\" sizes=\"(max-width: 1300px) 100vw, 1300px\" \/><\/p>\n<hr class=\"\" data-start=\"1700\" data-end=\"1703\" \/>\n<p class=\"\" data-start=\"1705\" data-end=\"1858\">\ud83d\udca5 Warten Sie nicht! Hinzuf\u00fcgen <strong data-start=\"1723\" data-end=\"1762\">Maverick Doha 1\/20 4WD W\u00fcstentruck<\/strong> Einkaufswagen heute <strong data-start=\"1783\" data-end=\"1796\">RcZone.ee<\/strong> online einkaufen und endlosen RC-Spa\u00df genie\u00dfen, wo und wann auch immer.<\/p>\n<p data-start=\"1705\" data-end=\"1858\"><img decoding=\"async\" class=\"alignnone size-full wp-image-2743\" src=\"https:\/\/rczone.ee\/wp-content\/uploads\/2025\/03\/doha_hero1.jpg\" alt=\"\" width=\"800\" height=\"492\" srcset=\"https:\/\/rczone.ee\/wp-content\/uploads\/2025\/03\/doha_hero1.jpg 800w, https:\/\/rczone.ee\/wp-content\/uploads\/2025\/03\/doha_hero1-650x400.jpg 650w, https:\/\/rczone.ee\/wp-content\/uploads\/2025\/03\/doha_hero1-768x472.jpg 768w, https:\/\/rczone.ee\/wp-content\/uploads\/2025\/03\/doha_hero1-18x12.jpg 18w\" sizes=\"(max-width: 800px) 100vw, 800px\" \/>\u00a0<img decoding=\"async\" class=\"alignnone size-full wp-image-2740\" src=\"https:\/\/rczone.ee\/wp-content\/uploads\/2025\/03\/doha_hero_2.jpg\" alt=\"\" width=\"800\" height=\"462\" srcset=\"https:\/\/rczone.ee\/wp-content\/uploads\/2025\/03\/doha_hero_2.jpg 800w, https:\/\/rczone.ee\/wp-content\/uploads\/2025\/03\/doha_hero_2-693x400.jpg 693w, https:\/\/rczone.ee\/wp-content\/uploads\/2025\/03\/doha_hero_2-768x444.jpg 768w, https:\/\/rczone.ee\/wp-content\/uploads\/2025\/03\/doha_hero_2-18x10.jpg 18w\" sizes=\"(max-width: 800px) 100vw, 800px\" \/> <img decoding=\"async\" class=\"alignnone size-full wp-image-2739\" src=\"https:\/\/rczone.ee\/wp-content\/uploads\/2025\/03\/blue_side_desert_image-1.jpg\" alt=\"\" width=\"800\" height=\"413\" srcset=\"https:\/\/rczone.ee\/wp-content\/uploads\/2025\/03\/blue_side_desert_image-1.jpg 800w, https:\/\/rczone.ee\/wp-content\/uploads\/2025\/03\/blue_side_desert_image-1-775x400.jpg 775w, https:\/\/rczone.ee\/wp-content\/uploads\/2025\/03\/blue_side_desert_image-1-768x396.jpg 768w, https:\/\/rczone.ee\/wp-content\/uploads\/2025\/03\/blue_side_desert_image-1-18x9.jpg 18w\" sizes=\"(max-width: 800px) 100vw, 800px\" \/> <img decoding=\"async\" class=\"alignnone size-full wp-image-2741\" src=\"https:\/\/rczone.ee\/wp-content\/uploads\/2025\/03\/RED_TRANSMITTER_AND_BATTERY_RB_CMYK_DOHA_201-1.jpg\" alt=\"\" width=\"800\" height=\"600\" srcset=\"https:\/\/rczone.ee\/wp-content\/uploads\/2025\/03\/RED_TRANSMITTER_AND_BATTERY_RB_CMYK_DOHA_201-1.jpg 800w, https:\/\/rczone.ee\/wp-content\/uploads\/2025\/03\/RED_TRANSMITTER_AND_BATTERY_RB_CMYK_DOHA_201-1-533x400.jpg 533w, https:\/\/rczone.ee\/wp-content\/uploads\/2025\/03\/RED_TRANSMITTER_AND_BATTERY_RB_CMYK_DOHA_201-1-768x576.jpg 768w, https:\/\/rczone.ee\/wp-content\/uploads\/2025\/03\/RED_TRANSMITTER_AND_BATTERY_RB_CMYK_DOHA_201-1-16x12.jpg 16w\" sizes=\"(max-width: 800px) 100vw, 800px\" \/> <img decoding=\"async\" class=\"alignnone size-full wp-image-2742\" src=\"https:\/\/rczone.ee\/wp-content\/uploads\/2025\/03\/blue_DOHA_BLUE_BOX_CONTENTS.jpg\" alt=\"\" width=\"800\" height=\"567\" srcset=\"https:\/\/rczone.ee\/wp-content\/uploads\/2025\/03\/blue_DOHA_BLUE_BOX_CONTENTS.jpg 800w, https:\/\/rczone.ee\/wp-content\/uploads\/2025\/03\/blue_DOHA_BLUE_BOX_CONTENTS-564x400.jpg 564w, https:\/\/rczone.ee\/wp-content\/uploads\/2025\/03\/blue_DOHA_BLUE_BOX_CONTENTS-768x544.jpg 768w, https:\/\/rczone.ee\/wp-content\/uploads\/2025\/03\/blue_DOHA_BLUE_BOX_CONTENTS-18x12.jpg 18w\" sizes=\"(max-width: 800px) 100vw, 800px\" \/><\/p>","protected":false},"excerpt":{"rendered":"<ul>\n<li style=\"line-height: 1; padding-top: 20px;\">Bewerten: Funke<\/li>\n<li style=\"line-height: 1;\">Altersgruppe der Benutzer: 5-8<\/li>\n<li style=\"line-height: 1;\">Kategorie: W\u00fcsten-Truck<\/li>\n<li style=\"line-height: 1;\">Ma\u00dfstab: 1:20<\/li>\n<li style=\"line-height: 1;\">Antriebsart: 4WD<\/li>\n<li style=\"line-height: 1;\">H\u00f6chstgeschwindigkeit: 25 km\/h<\/li>\n<li style=\"line-height: 1;\">Fertigstellung: Ready-To-Run<\/li>\n<li style=\"line-height: 1;\">Energie: Elektrizit\u00e4t<\/li>\n<\/ul>","protected":false},"featured_media":2703,"comment_status":"open","ping_status":"closed","template":"","meta":{"_monsterinsights_skip_tracking":false,"_monsterinsights_sitenote_active":false,"_monsterinsights_sitenote_note":"","_monsterinsights_sitenote_category":0},"fits_model":[],"product_brand":[],"product_cat":[104],"product_tag":[84],"woo-feed-brand":[],"class_list":{"0":"post-2695","1":"product","2":"type-product","3":"status-publish","4":"has-post-thumbnail","6":"product_cat-desert-truck","7":"product_tag-standard","9":"first","10":"instock","11":"taxable","12":"shipping-taxable","13":"purchasable","14":"product-type-variable","15":"has-default-attributes"},"yoast_head":"<!-- This site is optimized with the Yoast SEO plugin v27.4 - https:\/\/yoast.com\/product\/yoast-seo-wordpress\/ -->\n<title>Maverick Doha 1\/20 4WD Electric Truck - RC Zone | Raadio teel juhitavad autod<\/title>\n<meta name=\"robots\" content=\"index, follow, max-snippet:-1, max-image-preview:large, max-video-preview:-1\" \/>\n<link rel=\"canonical\" href=\"https:\/\/rczone.ee\/de\/product-2\/neuer-maverick-doha-1-20-4wd-elektro-lkw\/\" \/>\n<meta property=\"og:locale\" content=\"de_DE\" \/>\n<meta property=\"og:type\" content=\"article\" \/>\n<meta property=\"og:title\" content=\"Maverick Doha 1\/20 4WD Electric Truck - RC Zone | Raadio teel juhitavad autod\" \/>\n<meta property=\"og:description\" content=\"Rate: Spark  Kasutaja vanuseklass: 5-8  Kategooria: Desert Truck  Skaala: 1:20  Vedav sild: 4WD  Max kiirus: 25 km\/h  Komplekteeritus: Ready-To-Run  Energia: Elekter\" \/>\n<meta property=\"og:url\" content=\"https:\/\/rczone.ee\/de\/product-2\/neuer-maverick-doha-1-20-4wd-elektro-lkw\/\" \/>\n<meta property=\"og:site_name\" content=\"RC Zone | Raadio teel juhitavad autod\" \/>\n<meta property=\"article:publisher\" content=\"https:\/\/www.facebook.com\/rczone.ee\" \/>\n<meta property=\"article:modified_time\" content=\"2026-03-30T18:04:55+00:00\" \/>\n<meta property=\"og:image\" content=\"https:\/\/rczone.ee\/wp-content\/uploads\/2025\/03\/150701_01.jpg\" \/>\n\t<meta property=\"og:image:width\" content=\"800\" \/>\n\t<meta property=\"og:image:height\" content=\"800\" \/>\n\t<meta property=\"og:image:type\" content=\"image\/jpeg\" \/>\n<meta name=\"twitter:card\" content=\"summary_large_image\" \/>\n<meta name=\"twitter:label1\" content=\"Gesch\u00e4tzte Lesezeit\" \/>\n\t<meta name=\"twitter:data1\" content=\"4\u00a0Minuten\" \/>\n<script type=\"application\/ld+json\" class=\"yoast-schema-graph\">{\"@context\":\"https:\\\/\\\/schema.org\",\"@graph\":[{\"@type\":\"WebPage\",\"@id\":\"https:\\\/\\\/rczone.ee\\\/toode\\\/uus-maverick-doha-1-20-4wd-electric-truck\\\/\",\"url\":\"https:\\\/\\\/rczone.ee\\\/toode\\\/uus-maverick-doha-1-20-4wd-electric-truck\\\/\",\"name\":\"Maverick Doha 1\\\/20 4WD Electric Truck - RC Zone | Raadio teel juhitavad autod\",\"isPartOf\":{\"@id\":\"https:\\\/\\\/rczone.ee\\\/#website\"},\"primaryImageOfPage\":{\"@id\":\"https:\\\/\\\/rczone.ee\\\/toode\\\/uus-maverick-doha-1-20-4wd-electric-truck\\\/#primaryimage\"},\"image\":{\"@id\":\"https:\\\/\\\/rczone.ee\\\/toode\\\/uus-maverick-doha-1-20-4wd-electric-truck\\\/#primaryimage\"},\"thumbnailUrl\":\"https:\\\/\\\/rczone.ee\\\/wp-content\\\/uploads\\\/2025\\\/03\\\/150701_01.jpg\",\"datePublished\":\"2025-03-28T18:03:58+00:00\",\"dateModified\":\"2026-03-30T18:04:55+00:00\",\"breadcrumb\":{\"@id\":\"https:\\\/\\\/rczone.ee\\\/toode\\\/uus-maverick-doha-1-20-4wd-electric-truck\\\/#breadcrumb\"},\"inLanguage\":\"de\",\"potentialAction\":[{\"@type\":\"ReadAction\",\"target\":[\"https:\\\/\\\/rczone.ee\\\/toode\\\/uus-maverick-doha-1-20-4wd-electric-truck\\\/\"]}]},{\"@type\":\"ImageObject\",\"inLanguage\":\"de\",\"@id\":\"https:\\\/\\\/rczone.ee\\\/toode\\\/uus-maverick-doha-1-20-4wd-electric-truck\\\/#primaryimage\",\"url\":\"https:\\\/\\\/rczone.ee\\\/wp-content\\\/uploads\\\/2025\\\/03\\\/150701_01.jpg\",\"contentUrl\":\"https:\\\/\\\/rczone.ee\\\/wp-content\\\/uploads\\\/2025\\\/03\\\/150701_01.jpg\",\"width\":800,\"height\":800},{\"@type\":\"BreadcrumbList\",\"@id\":\"https:\\\/\\\/rczone.ee\\\/toode\\\/uus-maverick-doha-1-20-4wd-electric-truck\\\/#breadcrumb\",\"itemListElement\":[{\"@type\":\"ListItem\",\"position\":1,\"name\":\"Home\",\"item\":\"https:\\\/\\\/rczone.ee\\\/\"},{\"@type\":\"ListItem\",\"position\":2,\"name\":\"Shop\",\"item\":\"https:\\\/\\\/rczone.ee\\\/shop\\\/\"},{\"@type\":\"ListItem\",\"position\":3,\"name\":\"Maverick Doha 1\\\/20 4WD Electric Truck\"}]},{\"@type\":\"WebSite\",\"@id\":\"https:\\\/\\\/rczone.ee\\\/#website\",\"url\":\"https:\\\/\\\/rczone.ee\\\/\",\"name\":\"RcZone\",\"description\":\"RcZone - Raadio teel juhitavate autode veebipood. M&uuml;&uuml;me laia valikut kvaliteetseid ja v&otilde;imsaid RC-autosid. Kiire tarne ja konkurentsiv&otilde;imelised hinnad.\",\"publisher\":{\"@id\":\"https:\\\/\\\/rczone.ee\\\/#organization\"},\"potentialAction\":[{\"@type\":\"SearchAction\",\"target\":{\"@type\":\"EntryPoint\",\"urlTemplate\":\"https:\\\/\\\/rczone.ee\\\/?s={search_term_string}\"},\"query-input\":{\"@type\":\"PropertyValueSpecification\",\"valueRequired\":true,\"valueName\":\"search_term_string\"}}],\"inLanguage\":\"de\"},{\"@type\":\"Organization\",\"@id\":\"https:\\\/\\\/rczone.ee\\\/#organization\",\"name\":\"RcZone\",\"url\":\"https:\\\/\\\/rczone.ee\\\/\",\"logo\":{\"@type\":\"ImageObject\",\"inLanguage\":\"de\",\"@id\":\"https:\\\/\\\/rczone.ee\\\/#\\\/schema\\\/logo\\\/image\\\/\",\"url\":\"https:\\\/\\\/rczone.ee\\\/wp-content\\\/uploads\\\/2024\\\/01\\\/3D.png\",\"contentUrl\":\"https:\\\/\\\/rczone.ee\\\/wp-content\\\/uploads\\\/2024\\\/01\\\/3D.png\",\"width\":2080,\"height\":602,\"caption\":\"RcZone\"},\"image\":{\"@id\":\"https:\\\/\\\/rczone.ee\\\/#\\\/schema\\\/logo\\\/image\\\/\"},\"sameAs\":[\"https:\\\/\\\/www.facebook.com\\\/rczone.ee\"]}]}<\/script>\n<!-- \/ Yoast SEO plugin. -->","yoast_head_json":{"title":"Maverick Doha 1\/20 4WD Electric Truck - RC Zone | Funkgesteuerte Autos","robots":{"index":"index","follow":"follow","max-snippet":"max-snippet:-1","max-image-preview":"max-image-preview:large","max-video-preview":"max-video-preview:-1"},"canonical":"https:\/\/rczone.ee\/de\/product-2\/neuer-maverick-doha-1-20-4wd-elektro-lkw\/","og_locale":"de_DE","og_type":"article","og_title":"Maverick Doha 1\/20 4WD Electric Truck - RC Zone | Raadio teel juhitavad autod","og_description":"Rate: Spark  Kasutaja vanuseklass: 5-8  Kategooria: Desert Truck  Skaala: 1:20  Vedav sild: 4WD  Max kiirus: 25 km\/h  Komplekteeritus: Ready-To-Run  Energia: Elekter","og_url":"https:\/\/rczone.ee\/de\/product-2\/neuer-maverick-doha-1-20-4wd-elektro-lkw\/","og_site_name":"RC Zone | Raadio teel juhitavad autod","article_publisher":"https:\/\/www.facebook.com\/rczone.ee","article_modified_time":"2026-03-30T18:04:55+00:00","og_image":[{"width":800,"height":800,"url":"https:\/\/rczone.ee\/wp-content\/uploads\/2025\/03\/150701_01.jpg","type":"image\/jpeg"}],"twitter_card":"summary_large_image","twitter_misc":{"Gesch\u00e4tzte Lesezeit":"4\u00a0Minuten"},"schema":{"@context":"https:\/\/schema.org","@graph":[{"@type":"WebPage","@id":"https:\/\/rczone.ee\/toode\/uus-maverick-doha-1-20-4wd-electric-truck\/","url":"https:\/\/rczone.ee\/toode\/uus-maverick-doha-1-20-4wd-electric-truck\/","name":"Maverick Doha 1\/20 4WD Electric Truck - RC Zone | Funkgesteuerte Autos","isPartOf":{"@id":"https:\/\/rczone.ee\/#website"},"primaryImageOfPage":{"@id":"https:\/\/rczone.ee\/toode\/uus-maverick-doha-1-20-4wd-electric-truck\/#primaryimage"},"image":{"@id":"https:\/\/rczone.ee\/toode\/uus-maverick-doha-1-20-4wd-electric-truck\/#primaryimage"},"thumbnailUrl":"https:\/\/rczone.ee\/wp-content\/uploads\/2025\/03\/150701_01.jpg","datePublished":"2025-03-28T18:03:58+00:00","dateModified":"2026-03-30T18:04:55+00:00","breadcrumb":{"@id":"https:\/\/rczone.ee\/toode\/uus-maverick-doha-1-20-4wd-electric-truck\/#breadcrumb"},"inLanguage":"de","potentialAction":[{"@type":"ReadAction","target":["https:\/\/rczone.ee\/toode\/uus-maverick-doha-1-20-4wd-electric-truck\/"]}]},{"@type":"ImageObject","inLanguage":"de","@id":"https:\/\/rczone.ee\/toode\/uus-maverick-doha-1-20-4wd-electric-truck\/#primaryimage","url":"https:\/\/rczone.ee\/wp-content\/uploads\/2025\/03\/150701_01.jpg","contentUrl":"https:\/\/rczone.ee\/wp-content\/uploads\/2025\/03\/150701_01.jpg","width":800,"height":800},{"@type":"BreadcrumbList","@id":"https:\/\/rczone.ee\/toode\/uus-maverick-doha-1-20-4wd-electric-truck\/#breadcrumb","itemListElement":[{"@type":"ListItem","position":1,"name":"Home","item":"https:\/\/rczone.ee\/"},{"@type":"ListItem","position":2,"name":"Shop","item":"https:\/\/rczone.ee\/shop\/"},{"@type":"ListItem","position":3,"name":"Maverick Doha 1\/20 4WD Electric Truck"}]},{"@type":"WebSite","@id":"https:\/\/rczone.ee\/#website","url":"https:\/\/rczone.ee\/","name":"RcZone","description":"RcZone - Online Shop f\u00fcr funkgesteuerte Autos. Wir verkaufen eine breite Palette von qualitativ hochwertigen und leistungsstarken RC-Autos. Schnelle Lieferung und g\u00fcnstige Preise.","publisher":{"@id":"https:\/\/rczone.ee\/#organization"},"potentialAction":[{"@type":"SearchAction","target":{"@type":"EntryPoint","urlTemplate":"https:\/\/rczone.ee\/?s={search_term_string}"},"query-input":{"@type":"PropertyValueSpecification","valueRequired":true,"valueName":"search_term_string"}}],"inLanguage":"de"},{"@type":"Organization","@id":"https:\/\/rczone.ee\/#organization","name":"RcZone","url":"https:\/\/rczone.ee\/","logo":{"@type":"ImageObject","inLanguage":"de","@id":"https:\/\/rczone.ee\/#\/schema\/logo\/image\/","url":"https:\/\/rczone.ee\/wp-content\/uploads\/2024\/01\/3D.png","contentUrl":"https:\/\/rczone.ee\/wp-content\/uploads\/2024\/01\/3D.png","width":2080,"height":602,"caption":"RcZone"},"image":{"@id":"https:\/\/rczone.ee\/#\/schema\/logo\/image\/"},"sameAs":["https:\/\/www.facebook.com\/rczone.ee"]}]}},"_links":{"self":[{"href":"https:\/\/rczone.ee\/de\/wp-json\/wp\/v2\/product\/2695","targetHints":{"allow":["GET"]}}],"collection":[{"href":"https:\/\/rczone.ee\/de\/wp-json\/wp\/v2\/product"}],"about":[{"href":"https:\/\/rczone.ee\/de\/wp-json\/wp\/v2\/types\/product"}],"replies":[{"embeddable":true,"href":"https:\/\/rczone.ee\/de\/wp-json\/wp\/v2\/comments?post=2695"}],"wp:featuredmedia":[{"embeddable":true,"href":"https:\/\/rczone.ee\/de\/wp-json\/wp\/v2\/media\/2703"}],"wp:attachment":[{"href":"https:\/\/rczone.ee\/de\/wp-json\/wp\/v2\/media?parent=2695"}],"wp:term":[{"taxonomy":"fits_model","embeddable":true,"href":"https:\/\/rczone.ee\/de\/wp-json\/wp\/v2\/fits_model?post=2695"},{"taxonomy":"product_brand","embeddable":true,"href":"https:\/\/rczone.ee\/de\/wp-json\/wp\/v2\/product_brand?post=2695"},{"taxonomy":"product_cat","embeddable":true,"href":"https:\/\/rczone.ee\/de\/wp-json\/wp\/v2\/product_cat?post=2695"},{"taxonomy":"product_tag","embeddable":true,"href":"https:\/\/rczone.ee\/de\/wp-json\/wp\/v2\/product_tag?post=2695"},{"taxonomy":"woo-feed-brand","embeddable":true,"href":"https:\/\/rczone.ee\/de\/wp-json\/wp\/v2\/woo-feed-brand?post=2695"}],"curies":[{"name":"wp","href":"https:\/\/api.w.org\/{rel}","templated":true}]}}