{"id":2746,"date":"2025-03-29T19:42:22","date_gmt":"2025-03-29T17:42:22","guid":{"rendered":"https:\/\/rczone.ee\/?post_type=product&#038;p=2746"},"modified":"2025-09-07T09:51:44","modified_gmt":"2025-09-07T06:51:44","slug":"hpi-racing-hpi-tf-51-rf-51-sender-empfanger","status":"publish","type":"product","link":"https:\/\/rczone.ee\/de\/toode\/hpi-racing-hpi-tf-51-rf-51-transmitter-receiver\/","title":{"rendered":"HPI Racing HPI TF-51\/RF-51 TRANSMITTER &amp; RECEIVER"},"content":{"rendered":"<h3 class=\"\" data-start=\"74\" data-end=\"183\">Authentischer HPI Racing TF-51 \/ RF-51 Sender und Empf\u00e4nger Kit - ein pr\u00e4ziser und zuverl\u00e4ssiger Funkbausatz f\u00fcr Ihr RC-Car!<\/h3>\n<p class=\"\" data-start=\"185\" data-end=\"468\">Bringen Sie Ihre Erfahrung mit funkgesteuerten Autos auf die n\u00e4chste Stufe mit RcZone.ee <strong data-start=\"271\" data-end=\"330\">HPI Racing TF-51 \/ RF-51 Sender und Empf\u00e4nger Sets<\/strong>! Dieses Kit wurde entwickelt, um ein H\u00f6chstma\u00df an Kontrolle, Komfort und Sicherheit zu bieten, egal ob Sie einen Rennwagen, einen Truggy oder einen Monstertruck fahren.<\/p>\n<p class=\"\" data-start=\"470\" data-end=\"953\"><strong data-start=\"470\" data-end=\"490\">HPI TF-51 Sender<\/strong> ist mit der neuesten digitalen 2,4GHz FHSS-Technologie ausgestattet, die eine st\u00f6rungsfreie und stabile Verbindung zu Ihrem RC-Car gew\u00e4hrleistet. Dank seines ergonomischen Designs, des austauschbaren Lenkrads und des geringen Gewichts (nur 4 AA-Batterien) ist er sowohl f\u00fcr Rechts- als auch f\u00fcr Linksh\u00e4nder geeignet. Ein einstellbarer Sturzschutz und fortschrittliche Setup-Optionen wie Servolimiter-Einstellung und Lenksperre sorgen daf\u00fcr, dass Sie jedes Auto genau auf Ihre Hand abstimmen k\u00f6nnen.<\/p>\n<p class=\"\" data-start=\"955\" data-end=\"1305\"><strong data-start=\"955\" data-end=\"979\">HPI RF-51 Empf\u00e4nger<\/strong> ist kompakt, leicht und dank des speziellen internen Silikonschutzes und des verst\u00e4rkten Geh\u00e4uses vollkommen wasserdicht. Jetzt k\u00f6nnen Sie bei Regen, Schlamm und sogar Schnee fahren, ohne sich Sorgen um den Empf\u00e4nger zu machen! Dar\u00fcber hinaus verf\u00fcgt der RF-51 \u00fcber eine integrierte Failsafe-Funktion, die Sie vor unerwarteten Signalunterbrechungen sch\u00fctzt.<\/p>\n<hr class=\"\" data-start=\"1307\" data-end=\"1310\" \/>\n<h3 class=\"\" data-start=\"1312\" data-end=\"1333\">Die wichtigsten Vorteile:<\/h3>\n<p class=\"\" data-start=\"1334\" data-end=\"1762\">\u2705 Neueste 2,4-GHz-FHSS-Digitaltechnologie - ein ablenkungsfreies Fahrerlebnis<br data-start=\"1402\" data-end=\"1405\" \/>\u2705 Ergonomisches und anpassungsf\u00e4higes Design - -\u00a0<strong>geeignet f\u00fcr Rechts- und Linksh\u00e4nder<\/strong><br data-start=\"1699\" data-end=\"1702\" \/>\u2705 4-Kanal - auch f\u00fcr komplexere Modelle geeignet<br data-start=\"1455\" data-end=\"1458\" \/>\u2705 Wasserdichter RF-51 Empf\u00e4nger - f\u00e4hrt auch bei Regen und Schnee<br data-start=\"1513\" data-end=\"1516\" \/>\u2705 Einstellbares Failsafe - Sicherheit bei jeder Fahrt<br data-start=\"1569\" data-end=\"1572\" \/>\u2705 Leichter und komfortabler TF-51 Sender<br data-start=\"1624\" data-end=\"1627\" \/>\u2705 Magnetischer Sockel - praktisch zum Halten von Schrauben und Rahmenstiften<\/p>\n<p class=\"\" data-start=\"1764\" data-end=\"1983\">Der Bausatz ist ideal f\u00fcr alle, die ein solides, hochwertiges Steuerungssystem f\u00fcr ihr RC-Modell w\u00fcnschen. RcZone.ee bietet Ihnen eine zuverl\u00e4ssige und komfortable L\u00f6sung, die Ihnen auf jeder Strecke und in jedem Gel\u00e4nde Sicherheit gibt!<\/p>\n<p data-start=\"1764\" data-end=\"1983\"><strong>PS! Wenn Sie den TF-51 Sender oder RF-51 Empf\u00e4nger separat haben m\u00f6chten, lassen Sie es uns bitte wissen, wir k\u00f6nnen sie auch separat anbieten.<\/strong><\/p>\n<p data-start=\"1764\" data-end=\"1983\"><img decoding=\"async\" class=\"alignnone wp-image-2750\" src=\"https:\/\/rczone.ee\/wp-content\/uploads\/2025\/03\/160303_05.jpg\" alt=\"\" width=\"500\" height=\"500\" srcset=\"https:\/\/rczone.ee\/wp-content\/uploads\/2025\/03\/160303_05.jpg 800w, https:\/\/rczone.ee\/wp-content\/uploads\/2025\/03\/160303_05-400x400.jpg 400w, https:\/\/rczone.ee\/wp-content\/uploads\/2025\/03\/160303_05-280x280.jpg 280w, https:\/\/rczone.ee\/wp-content\/uploads\/2025\/03\/160303_05-768x768.jpg 768w, https:\/\/rczone.ee\/wp-content\/uploads\/2025\/03\/160303_05-12x12.jpg 12w, https:\/\/rczone.ee\/wp-content\/uploads\/2025\/03\/160303_05-450x450.jpg 450w, https:\/\/rczone.ee\/wp-content\/uploads\/2025\/03\/160303_05-100x100.jpg 100w\" sizes=\"(max-width: 500px) 100vw, 500px\" \/> <img decoding=\"async\" class=\"alignnone wp-image-2751\" src=\"https:\/\/rczone.ee\/wp-content\/uploads\/2025\/03\/160554_02.jpg\" alt=\"\" width=\"500\" height=\"500\" srcset=\"https:\/\/rczone.ee\/wp-content\/uploads\/2025\/03\/160554_02.jpg 800w, https:\/\/rczone.ee\/wp-content\/uploads\/2025\/03\/160554_02-400x400.jpg 400w, https:\/\/rczone.ee\/wp-content\/uploads\/2025\/03\/160554_02-280x280.jpg 280w, https:\/\/rczone.ee\/wp-content\/uploads\/2025\/03\/160554_02-768x768.jpg 768w, https:\/\/rczone.ee\/wp-content\/uploads\/2025\/03\/160554_02-12x12.jpg 12w, https:\/\/rczone.ee\/wp-content\/uploads\/2025\/03\/160554_02-450x450.jpg 450w, https:\/\/rczone.ee\/wp-content\/uploads\/2025\/03\/160554_02-100x100.jpg 100w\" sizes=\"(max-width: 500px) 100vw, 500px\" \/> <img decoding=\"async\" class=\"alignnone wp-image-2752\" src=\"https:\/\/rczone.ee\/wp-content\/uploads\/2025\/03\/160554_03.jpg\" alt=\"\" width=\"500\" height=\"500\" srcset=\"https:\/\/rczone.ee\/wp-content\/uploads\/2025\/03\/160554_03.jpg 800w, https:\/\/rczone.ee\/wp-content\/uploads\/2025\/03\/160554_03-400x400.jpg 400w, https:\/\/rczone.ee\/wp-content\/uploads\/2025\/03\/160554_03-280x280.jpg 280w, https:\/\/rczone.ee\/wp-content\/uploads\/2025\/03\/160554_03-768x768.jpg 768w, https:\/\/rczone.ee\/wp-content\/uploads\/2025\/03\/160554_03-12x12.jpg 12w, https:\/\/rczone.ee\/wp-content\/uploads\/2025\/03\/160554_03-450x450.jpg 450w, https:\/\/rczone.ee\/wp-content\/uploads\/2025\/03\/160554_03-100x100.jpg 100w\" sizes=\"(max-width: 500px) 100vw, 500px\" \/> <img decoding=\"async\" class=\"alignnone wp-image-2753\" src=\"https:\/\/rczone.ee\/wp-content\/uploads\/2025\/03\/160554_04.jpg\" alt=\"\" width=\"500\" height=\"500\" srcset=\"https:\/\/rczone.ee\/wp-content\/uploads\/2025\/03\/160554_04.jpg 800w, https:\/\/rczone.ee\/wp-content\/uploads\/2025\/03\/160554_04-400x400.jpg 400w, https:\/\/rczone.ee\/wp-content\/uploads\/2025\/03\/160554_04-280x280.jpg 280w, https:\/\/rczone.ee\/wp-content\/uploads\/2025\/03\/160554_04-768x768.jpg 768w, https:\/\/rczone.ee\/wp-content\/uploads\/2025\/03\/160554_04-12x12.jpg 12w, https:\/\/rczone.ee\/wp-content\/uploads\/2025\/03\/160554_04-450x450.jpg 450w, https:\/\/rczone.ee\/wp-content\/uploads\/2025\/03\/160554_04-100x100.jpg 100w\" sizes=\"(max-width: 500px) 100vw, 500px\" \/> <img decoding=\"async\" class=\"alignnone wp-image-2754\" src=\"https:\/\/rczone.ee\/wp-content\/uploads\/2025\/03\/160555_01.jpg\" alt=\"\" width=\"500\" height=\"500\" srcset=\"https:\/\/rczone.ee\/wp-content\/uploads\/2025\/03\/160555_01.jpg 800w, https:\/\/rczone.ee\/wp-content\/uploads\/2025\/03\/160555_01-400x400.jpg 400w, https:\/\/rczone.ee\/wp-content\/uploads\/2025\/03\/160555_01-280x280.jpg 280w, https:\/\/rczone.ee\/wp-content\/uploads\/2025\/03\/160555_01-768x768.jpg 768w, https:\/\/rczone.ee\/wp-content\/uploads\/2025\/03\/160555_01-12x12.jpg 12w, https:\/\/rczone.ee\/wp-content\/uploads\/2025\/03\/160555_01-450x450.jpg 450w, https:\/\/rczone.ee\/wp-content\/uploads\/2025\/03\/160555_01-100x100.jpg 100w\" sizes=\"(max-width: 500px) 100vw, 500px\" \/><\/p>","protected":false},"excerpt":{"rendered":"<p>Autentne HPI Racing TF-51 \/ RF-51 saatja ja vastuv\u00f5tja komplekt \u2013 t\u00e4pne ja usaldusv\u00e4\u00e4rne raadiokomplekt sinu RC autole! T\u00f5sta oma raadio teel juhitava auto kogemus uuele tasemele RcZone.ee kaudu, kasutades HPI Racing TF-51 \/ RF-51 saatja ja vastuv\u00f5tja komplekti! See komplekt on loodud pakkuma tipptasemel kontrolli, mugavust ja turvalisust, olgu sinu s\u00f5iduks v\u00f5istlusauto, truggy v\u00f5i [&#8230;]\n","protected":false},"featured_media":2749,"comment_status":"open","ping_status":"closed","template":"","meta":{"_monsterinsights_skip_tracking":false,"_monsterinsights_sitenote_active":false,"_monsterinsights_sitenote_note":"","_monsterinsights_sitenote_category":0},"fits_model":[],"product_brand":[],"product_cat":[75],"product_tag":[84],"woo-feed-brand":[86],"class_list":{"0":"post-2746","1":"product","2":"type-product","3":"status-publish","4":"has-post-thumbnail","6":"product_cat-parts","7":"product_tag-standard","8":"woo-feed-brand-hpi-racing","10":"first","11":"instock","12":"taxable","13":"shipping-taxable","14":"purchasable","15":"product-type-simple"},"yoast_head":"<!-- This site is optimized with the Yoast SEO plugin v27.4 - https:\/\/yoast.com\/product\/yoast-seo-wordpress\/ -->\n<title>HPI Racing HPI TF-51\/RF-51 TRANSMITTER &amp; RECEIVER - RC Zone | Raadio teel juhitavad autod<\/title>\n<meta name=\"robots\" content=\"index, follow, max-snippet:-1, max-image-preview:large, max-video-preview:-1\" \/>\n<link rel=\"canonical\" href=\"https:\/\/rczone.ee\/de\/product-2\/hpi-racing-hpi-tf-51-rf-51-sender-empfanger\/\" \/>\n<meta property=\"og:locale\" content=\"de_DE\" \/>\n<meta property=\"og:type\" content=\"article\" \/>\n<meta property=\"og:title\" content=\"HPI Racing HPI TF-51\/RF-51 TRANSMITTER &amp; RECEIVER - RC Zone | Raadio teel juhitavad autod\" \/>\n<meta property=\"og:description\" content=\"Autentne HPI Racing TF-51 \/ RF-51 saatja ja vastuv\u00f5tja komplekt \u2013 t\u00e4pne ja usaldusv\u00e4\u00e4rne raadiokomplekt sinu RC autole! T\u00f5sta oma raadio teel juhitava auto kogemus uuele tasemele RcZone.ee kaudu, kasutades HPI Racing TF-51 \/ RF-51 saatja ja vastuv\u00f5tja komplekti! See komplekt on loodud pakkuma tipptasemel kontrolli, mugavust ja turvalisust, olgu sinu s\u00f5iduks v\u00f5istlusauto, truggy v\u00f5i [...]\" \/>\n<meta property=\"og:url\" content=\"https:\/\/rczone.ee\/de\/product-2\/hpi-racing-hpi-tf-51-rf-51-sender-empfanger\/\" \/>\n<meta property=\"og:site_name\" content=\"RC Zone | Raadio teel juhitavad autod\" \/>\n<meta property=\"article:publisher\" content=\"https:\/\/www.facebook.com\/rczone.ee\" \/>\n<meta property=\"article:modified_time\" content=\"2025-09-07T06:51:44+00:00\" \/>\n<meta property=\"og:image\" content=\"https:\/\/rczone.ee\/wp-content\/uploads\/2025\/03\/160554_0-main1.jpg\" \/>\n\t<meta property=\"og:image:width\" content=\"800\" \/>\n\t<meta property=\"og:image:height\" content=\"800\" \/>\n\t<meta property=\"og:image:type\" content=\"image\/jpeg\" \/>\n<meta name=\"twitter:card\" content=\"summary_large_image\" \/>\n<meta name=\"twitter:label1\" content=\"Gesch\u00e4tzte Lesezeit\" \/>\n\t<meta name=\"twitter:data1\" content=\"3\u00a0Minuten\" \/>\n<script type=\"application\/ld+json\" class=\"yoast-schema-graph\">{\"@context\":\"https:\\\/\\\/schema.org\",\"@graph\":[{\"@type\":\"WebPage\",\"@id\":\"https:\\\/\\\/rczone.ee\\\/toode\\\/hpi-racing-hpi-tf-51-rf-51-transmitter-receiver\\\/\",\"url\":\"https:\\\/\\\/rczone.ee\\\/toode\\\/hpi-racing-hpi-tf-51-rf-51-transmitter-receiver\\\/\",\"name\":\"HPI Racing HPI TF-51\\\/RF-51 TRANSMITTER & RECEIVER - RC Zone | Raadio teel juhitavad autod\",\"isPartOf\":{\"@id\":\"https:\\\/\\\/rczone.ee\\\/#website\"},\"primaryImageOfPage\":{\"@id\":\"https:\\\/\\\/rczone.ee\\\/toode\\\/hpi-racing-hpi-tf-51-rf-51-transmitter-receiver\\\/#primaryimage\"},\"image\":{\"@id\":\"https:\\\/\\\/rczone.ee\\\/toode\\\/hpi-racing-hpi-tf-51-rf-51-transmitter-receiver\\\/#primaryimage\"},\"thumbnailUrl\":\"https:\\\/\\\/rczone.ee\\\/wp-content\\\/uploads\\\/2025\\\/03\\\/160554_0-main1.jpg\",\"datePublished\":\"2025-03-29T17:42:22+00:00\",\"dateModified\":\"2025-09-07T06:51:44+00:00\",\"breadcrumb\":{\"@id\":\"https:\\\/\\\/rczone.ee\\\/toode\\\/hpi-racing-hpi-tf-51-rf-51-transmitter-receiver\\\/#breadcrumb\"},\"inLanguage\":\"de\",\"potentialAction\":[{\"@type\":\"ReadAction\",\"target\":[\"https:\\\/\\\/rczone.ee\\\/toode\\\/hpi-racing-hpi-tf-51-rf-51-transmitter-receiver\\\/\"]}]},{\"@type\":\"ImageObject\",\"inLanguage\":\"de\",\"@id\":\"https:\\\/\\\/rczone.ee\\\/toode\\\/hpi-racing-hpi-tf-51-rf-51-transmitter-receiver\\\/#primaryimage\",\"url\":\"https:\\\/\\\/rczone.ee\\\/wp-content\\\/uploads\\\/2025\\\/03\\\/160554_0-main1.jpg\",\"contentUrl\":\"https:\\\/\\\/rczone.ee\\\/wp-content\\\/uploads\\\/2025\\\/03\\\/160554_0-main1.jpg\",\"width\":800,\"height\":800},{\"@type\":\"BreadcrumbList\",\"@id\":\"https:\\\/\\\/rczone.ee\\\/toode\\\/hpi-racing-hpi-tf-51-rf-51-transmitter-receiver\\\/#breadcrumb\",\"itemListElement\":[{\"@type\":\"ListItem\",\"position\":1,\"name\":\"Home\",\"item\":\"https:\\\/\\\/rczone.ee\\\/\"},{\"@type\":\"ListItem\",\"position\":2,\"name\":\"Shop\",\"item\":\"https:\\\/\\\/rczone.ee\\\/shop\\\/\"},{\"@type\":\"ListItem\",\"position\":3,\"name\":\"HPI Racing HPI TF-51\\\/RF-51 TRANSMITTER &#038; RECEIVER\"}]},{\"@type\":\"WebSite\",\"@id\":\"https:\\\/\\\/rczone.ee\\\/#website\",\"url\":\"https:\\\/\\\/rczone.ee\\\/\",\"name\":\"RcZone\",\"description\":\"RcZone - Raadio teel juhitavate autode veebipood. M&uuml;&uuml;me laia valikut kvaliteetseid ja v&otilde;imsaid RC-autosid. Kiire tarne ja konkurentsiv&otilde;imelised hinnad.\",\"publisher\":{\"@id\":\"https:\\\/\\\/rczone.ee\\\/#organization\"},\"potentialAction\":[{\"@type\":\"SearchAction\",\"target\":{\"@type\":\"EntryPoint\",\"urlTemplate\":\"https:\\\/\\\/rczone.ee\\\/?s={search_term_string}\"},\"query-input\":{\"@type\":\"PropertyValueSpecification\",\"valueRequired\":true,\"valueName\":\"search_term_string\"}}],\"inLanguage\":\"de\"},{\"@type\":\"Organization\",\"@id\":\"https:\\\/\\\/rczone.ee\\\/#organization\",\"name\":\"RcZone\",\"url\":\"https:\\\/\\\/rczone.ee\\\/\",\"logo\":{\"@type\":\"ImageObject\",\"inLanguage\":\"de\",\"@id\":\"https:\\\/\\\/rczone.ee\\\/#\\\/schema\\\/logo\\\/image\\\/\",\"url\":\"https:\\\/\\\/rczone.ee\\\/wp-content\\\/uploads\\\/2024\\\/01\\\/3D.png\",\"contentUrl\":\"https:\\\/\\\/rczone.ee\\\/wp-content\\\/uploads\\\/2024\\\/01\\\/3D.png\",\"width\":2080,\"height\":602,\"caption\":\"RcZone\"},\"image\":{\"@id\":\"https:\\\/\\\/rczone.ee\\\/#\\\/schema\\\/logo\\\/image\\\/\"},\"sameAs\":[\"https:\\\/\\\/www.facebook.com\\\/rczone.ee\"]}]}<\/script>\n<!-- \/ Yoast SEO plugin. -->","yoast_head_json":{"title":"HPI Racing HPI TF-51\/RF-51 TRANSMITTER &amp; RECEIVER - RC Zone | Funkgesteuerte Fahrzeuge","robots":{"index":"index","follow":"follow","max-snippet":"max-snippet:-1","max-image-preview":"max-image-preview:large","max-video-preview":"max-video-preview:-1"},"canonical":"https:\/\/rczone.ee\/de\/product-2\/hpi-racing-hpi-tf-51-rf-51-sender-empfanger\/","og_locale":"de_DE","og_type":"article","og_title":"HPI Racing HPI TF-51\/RF-51 TRANSMITTER & RECEIVER - RC Zone | Raadio teel juhitavad autod","og_description":"Autentne HPI Racing TF-51 \/ RF-51 saatja ja vastuv\u00f5tja komplekt \u2013 t\u00e4pne ja usaldusv\u00e4\u00e4rne raadiokomplekt sinu RC autole! T\u00f5sta oma raadio teel juhitava auto kogemus uuele tasemele RcZone.ee kaudu, kasutades HPI Racing TF-51 \/ RF-51 saatja ja vastuv\u00f5tja komplekti! See komplekt on loodud pakkuma tipptasemel kontrolli, mugavust ja turvalisust, olgu sinu s\u00f5iduks v\u00f5istlusauto, truggy v\u00f5i [...]","og_url":"https:\/\/rczone.ee\/de\/product-2\/hpi-racing-hpi-tf-51-rf-51-sender-empfanger\/","og_site_name":"RC Zone | Raadio teel juhitavad autod","article_publisher":"https:\/\/www.facebook.com\/rczone.ee","article_modified_time":"2025-09-07T06:51:44+00:00","og_image":[{"width":800,"height":800,"url":"https:\/\/rczone.ee\/wp-content\/uploads\/2025\/03\/160554_0-main1.jpg","type":"image\/jpeg"}],"twitter_card":"summary_large_image","twitter_misc":{"Gesch\u00e4tzte Lesezeit":"3\u00a0Minuten"},"schema":{"@context":"https:\/\/schema.org","@graph":[{"@type":"WebPage","@id":"https:\/\/rczone.ee\/toode\/hpi-racing-hpi-tf-51-rf-51-transmitter-receiver\/","url":"https:\/\/rczone.ee\/toode\/hpi-racing-hpi-tf-51-rf-51-transmitter-receiver\/","name":"HPI Racing HPI TF-51\/RF-51 TRANSMITTER &amp; RECEIVER - RC Zone | Funkgesteuerte Fahrzeuge","isPartOf":{"@id":"https:\/\/rczone.ee\/#website"},"primaryImageOfPage":{"@id":"https:\/\/rczone.ee\/toode\/hpi-racing-hpi-tf-51-rf-51-transmitter-receiver\/#primaryimage"},"image":{"@id":"https:\/\/rczone.ee\/toode\/hpi-racing-hpi-tf-51-rf-51-transmitter-receiver\/#primaryimage"},"thumbnailUrl":"https:\/\/rczone.ee\/wp-content\/uploads\/2025\/03\/160554_0-main1.jpg","datePublished":"2025-03-29T17:42:22+00:00","dateModified":"2025-09-07T06:51:44+00:00","breadcrumb":{"@id":"https:\/\/rczone.ee\/toode\/hpi-racing-hpi-tf-51-rf-51-transmitter-receiver\/#breadcrumb"},"inLanguage":"de","potentialAction":[{"@type":"ReadAction","target":["https:\/\/rczone.ee\/toode\/hpi-racing-hpi-tf-51-rf-51-transmitter-receiver\/"]}]},{"@type":"ImageObject","inLanguage":"de","@id":"https:\/\/rczone.ee\/toode\/hpi-racing-hpi-tf-51-rf-51-transmitter-receiver\/#primaryimage","url":"https:\/\/rczone.ee\/wp-content\/uploads\/2025\/03\/160554_0-main1.jpg","contentUrl":"https:\/\/rczone.ee\/wp-content\/uploads\/2025\/03\/160554_0-main1.jpg","width":800,"height":800},{"@type":"BreadcrumbList","@id":"https:\/\/rczone.ee\/toode\/hpi-racing-hpi-tf-51-rf-51-transmitter-receiver\/#breadcrumb","itemListElement":[{"@type":"ListItem","position":1,"name":"Home","item":"https:\/\/rczone.ee\/"},{"@type":"ListItem","position":2,"name":"Shop","item":"https:\/\/rczone.ee\/shop\/"},{"@type":"ListItem","position":3,"name":"HPI Racing HPI TF-51\/RF-51 TRANSMITTER &#038; RECEIVER"}]},{"@type":"WebSite","@id":"https:\/\/rczone.ee\/#website","url":"https:\/\/rczone.ee\/","name":"RcZone","description":"RcZone - Online Shop f\u00fcr funkgesteuerte Autos. Wir verkaufen eine breite Palette von qualitativ hochwertigen und leistungsstarken RC-Autos. Schnelle Lieferung und g\u00fcnstige Preise.","publisher":{"@id":"https:\/\/rczone.ee\/#organization"},"potentialAction":[{"@type":"SearchAction","target":{"@type":"EntryPoint","urlTemplate":"https:\/\/rczone.ee\/?s={search_term_string}"},"query-input":{"@type":"PropertyValueSpecification","valueRequired":true,"valueName":"search_term_string"}}],"inLanguage":"de"},{"@type":"Organization","@id":"https:\/\/rczone.ee\/#organization","name":"RcZone","url":"https:\/\/rczone.ee\/","logo":{"@type":"ImageObject","inLanguage":"de","@id":"https:\/\/rczone.ee\/#\/schema\/logo\/image\/","url":"https:\/\/rczone.ee\/wp-content\/uploads\/2024\/01\/3D.png","contentUrl":"https:\/\/rczone.ee\/wp-content\/uploads\/2024\/01\/3D.png","width":2080,"height":602,"caption":"RcZone"},"image":{"@id":"https:\/\/rczone.ee\/#\/schema\/logo\/image\/"},"sameAs":["https:\/\/www.facebook.com\/rczone.ee"]}]}},"_links":{"self":[{"href":"https:\/\/rczone.ee\/de\/wp-json\/wp\/v2\/product\/2746","targetHints":{"allow":["GET"]}}],"collection":[{"href":"https:\/\/rczone.ee\/de\/wp-json\/wp\/v2\/product"}],"about":[{"href":"https:\/\/rczone.ee\/de\/wp-json\/wp\/v2\/types\/product"}],"replies":[{"embeddable":true,"href":"https:\/\/rczone.ee\/de\/wp-json\/wp\/v2\/comments?post=2746"}],"wp:featuredmedia":[{"embeddable":true,"href":"https:\/\/rczone.ee\/de\/wp-json\/wp\/v2\/media\/2749"}],"wp:attachment":[{"href":"https:\/\/rczone.ee\/de\/wp-json\/wp\/v2\/media?parent=2746"}],"wp:term":[{"taxonomy":"fits_model","embeddable":true,"href":"https:\/\/rczone.ee\/de\/wp-json\/wp\/v2\/fits_model?post=2746"},{"taxonomy":"product_brand","embeddable":true,"href":"https:\/\/rczone.ee\/de\/wp-json\/wp\/v2\/product_brand?post=2746"},{"taxonomy":"product_cat","embeddable":true,"href":"https:\/\/rczone.ee\/de\/wp-json\/wp\/v2\/product_cat?post=2746"},{"taxonomy":"product_tag","embeddable":true,"href":"https:\/\/rczone.ee\/de\/wp-json\/wp\/v2\/product_tag?post=2746"},{"taxonomy":"woo-feed-brand","embeddable":true,"href":"https:\/\/rczone.ee\/de\/wp-json\/wp\/v2\/woo-feed-brand?post=2746"}],"curies":[{"name":"wp","href":"https:\/\/api.w.org\/{rel}","templated":true}]}}