{"id":3031,"date":"2025-05-23T16:19:22","date_gmt":"2025-05-23T13:19:22","guid":{"rendered":"https:\/\/rczone.ee\/?post_type=product&#038;p=3031"},"modified":"2025-12-28T19:15:22","modified_gmt":"2025-12-28T17:15:22","slug":"neue-hpi-racing-sport-3-drift-nissan-silvia-s15-odi-bakchis","status":"publish","type":"product","link":"https:\/\/rczone.ee\/de\/toode\/uus-hpi-racing-sport-3-drift-nissan-silvia-s15-odi-bakchis\/","title":{"rendered":"HPI Racing Sport 3 Drift Nissan Silvia S15 Odi Bakchis"},"content":{"rendered":"<h2 data-start=\"186\" data-end=\"295\">HPI Racing Sport 3 Drift Nissan Silvia S15 Odi Bakchis - Gro\u00dfes Driftauto der Spitzenklasse im Ma\u00dfstab 1:10 jetzt auf RcZone.ee erh\u00e4ltlich!<\/h2>\n<p><img decoding=\"async\" class=\"alignnone size-full wp-image-3038\" src=\"https:\/\/rczone.ee\/wp-content\/uploads\/2025\/05\/1.png\" alt=\"\" width=\"1300\" height=\"457\" srcset=\"https:\/\/rczone.ee\/wp-content\/uploads\/2025\/05\/1.png 1300w, https:\/\/rczone.ee\/wp-content\/uploads\/2025\/05\/1-800x281.png 800w, https:\/\/rczone.ee\/wp-content\/uploads\/2025\/05\/1-768x270.png 768w, https:\/\/rczone.ee\/wp-content\/uploads\/2025\/05\/1-18x6.png 18w, https:\/\/rczone.ee\/wp-content\/uploads\/2025\/05\/1-900x316.png 900w\" sizes=\"(max-width: 1300px) 100vw, 1300px\" \/><\/p>\n<p>Das Feal Suspension Race Team wurde in das Sport 3 Drift-Sortiment aufgenommen. Gegr\u00fcndet von Feal Suspension Gr\u00fcnder und CEO Aurimas \"Odi\" Bakchis, begann Odi seine professionelle Drift-Karriere im Jahr 2011. Er belegte 2021 den 3. Platz in der Formula Drift USA Championship und 2023 und 2024 jeweils den 2. Platz.<\/p>\n<p data-start=\"297\" data-end=\"719\">Dieses offiziell lizenzierte Nissan Silvia S15 Widebody RC-Car wurde in Zusammenarbeit mit dem Feal Suspension Race Team entwickelt und tr\u00e4gt die Rennfarben des weltbekannten Drifters Odi Bakchise 2023\/2024. Wenn Sie auf der Suche nach einem au\u00dfergew\u00f6hnlich detaillierten Design und einer gut zu fahrenden RC-Driftmaschine sind, sind Sie bei RcZone.ee genau richtig!<\/p>\n<p data-start=\"297\" data-end=\"719\"><img decoding=\"async\" class=\"alignnone size-full wp-image-3052\" src=\"https:\/\/rczone.ee\/wp-content\/uploads\/2025\/05\/4.png\" alt=\"\" width=\"1300\" height=\"889\" srcset=\"https:\/\/rczone.ee\/wp-content\/uploads\/2025\/05\/4.png 1300w, https:\/\/rczone.ee\/wp-content\/uploads\/2025\/05\/4-585x400.png 585w, https:\/\/rczone.ee\/wp-content\/uploads\/2025\/05\/4-1170x800.png 1170w, https:\/\/rczone.ee\/wp-content\/uploads\/2025\/05\/4-768x525.png 768w, https:\/\/rczone.ee\/wp-content\/uploads\/2025\/05\/4-18x12.png 18w, https:\/\/rczone.ee\/wp-content\/uploads\/2025\/05\/4-900x615.png 900w\" sizes=\"(max-width: 1300px) 100vw, 1300px\" \/><\/p>\n<p data-start=\"721\" data-end=\"752\"><strong data-start=\"721\" data-end=\"752\">Warum sollte man dieses Modell w\u00e4hlen?<\/strong><\/p>\n<ul data-start=\"753\" data-end=\"1607\">\n<li data-start=\"753\" data-end=\"900\">\n<p data-start=\"755\" data-end=\"900\"><strong data-start=\"755\" data-end=\"811\">Offiziell lizenzierte Nissan S15 Widebody Karosserie:<\/strong> Das authentische Design des Feal Suspension Race Teams - ein echter Hingucker im Regal und auf der Rennstrecke!<\/p>\n<\/li>\n<li data-start=\"901\" data-end=\"1002\">\n<p data-start=\"903\" data-end=\"1002\"><strong data-start=\"903\" data-end=\"930\">Kontinuierlicher Allradantrieb:<\/strong> Er bietet ein Maximum an Handling, Beschleunigung und pr\u00e4zisem Drift.<\/p>\n<\/li>\n<li data-start=\"1003\" data-end=\"1146\">\n<p data-start=\"1005\" data-end=\"1146\"><strong data-start=\"1005\" data-end=\"1049\">Astro-R\u00e4der und T-DRIFT-Reifen:<\/strong> Echte JDM-Felgen und Hartplastik-Drift-Reifen f\u00fcr leichten Seitenschlupf und Spa\u00df beim Driften.<\/p>\n<\/li>\n<li data-start=\"1147\" data-end=\"1282\">\n<p data-start=\"1149\" data-end=\"1282\"><strong data-start=\"1149\" data-end=\"1210\">Wasserdichte Elektronik und vollst\u00e4ndig geschlossenes Getriebe:<\/strong> Sorgenfreies Fahren bei jedem Wetter - Staub und Schmutz k\u00f6nnen nicht an die Mechanismen gelangen.<\/p>\n<\/li>\n<li data-start=\"1283\" data-end=\"1407\">\n<p data-start=\"1285\" data-end=\"1407\"><strong data-start=\"1285\" data-end=\"1343\">Vollst\u00e4ndig einstellbare Doppelquerlenkeraufh\u00e4ngung:<\/strong> Ein wirklich sportliches Gef\u00fchl und eine breite Palette von Einstellungen.<\/p>\n<\/li>\n<li data-start=\"1408\" data-end=\"1512\">\n<p data-start=\"1410\" data-end=\"1512\"><strong data-start=\"1410\" data-end=\"1445\">Modernes 2,4-GHz-Funksystem:<\/strong> Komfortables und funktionelles Bedienfeld f\u00fcr Rechts- und Linksh\u00e4nder.<\/p>\n<\/li>\n<li data-start=\"1513\" data-end=\"1607\">\n<p data-start=\"1515\" data-end=\"1607\"><strong data-start=\"1515\" data-end=\"1539\">Alles, was Sie brauchen, ist enthalten:<\/strong> Inklusive Akku, Ladeger\u00e4t und Batterien - aufladen und loslegen!<\/p>\n<\/li>\n<\/ul>\n<p><img decoding=\"async\" class=\"alignnone size-full wp-image-3053\" src=\"https:\/\/rczone.ee\/wp-content\/uploads\/2025\/05\/9.png\" alt=\"\" width=\"1300\" height=\"714\" srcset=\"https:\/\/rczone.ee\/wp-content\/uploads\/2025\/05\/9.png 1300w, https:\/\/rczone.ee\/wp-content\/uploads\/2025\/05\/9-728x400.png 728w, https:\/\/rczone.ee\/wp-content\/uploads\/2025\/05\/9-768x422.png 768w, https:\/\/rczone.ee\/wp-content\/uploads\/2025\/05\/9-18x10.png 18w, https:\/\/rczone.ee\/wp-content\/uploads\/2025\/05\/9-900x494.png 900w\" sizes=\"(max-width: 1300px) 100vw, 1300px\" \/><\/p>\n<p data-start=\"1609\" data-end=\"1644\"><strong data-start=\"1609\" data-end=\"1642\">Die wichtigsten technischen Daten:<\/strong><\/p>\n<ul data-start=\"1645\" data-end=\"1915\">\n<li data-start=\"1645\" data-end=\"1667\"><strong data-start=\"1647\" data-end=\"1660\">Ma\u00dfstab:<\/strong> 1\/10<\/li>\n<li data-start=\"1668\" data-end=\"1690\"><strong data-start=\"1670\" data-end=\"1681\">L\u00e4nge:<\/strong> 431 mm<\/li>\n<li data-start=\"1691\" data-end=\"1712\"><strong data-start=\"1693\" data-end=\"1703\">Breite:<\/strong> 200 mm<\/li>\n<li data-start=\"1713\" data-end=\"1735\"><strong data-start=\"1715\" data-end=\"1726\">H\u00f6he:<\/strong> 127 mm<\/li>\n<li data-start=\"1736\" data-end=\"1761\"><strong data-start=\"1738\" data-end=\"1752\">Vollst\u00e4ndige Heirat:<\/strong> 254 mm<\/li>\n<li data-start=\"1762\" data-end=\"1808\"><strong data-start=\"1764\" data-end=\"1777\">Verkehrsplan:<\/strong> 4WD, geschlossener Achsantrieb<\/li>\n<li data-start=\"1809\" data-end=\"1852\"><strong data-start=\"1811\" data-end=\"1819\">Aku:<\/strong> 7.2V 2000mAh NiMH (mitgeliefert)<\/li>\n<li data-start=\"1853\" data-end=\"1915\"><strong data-start=\"1855\" data-end=\"1873\">Funksystem:<\/strong> 2,4GHz FHSS, 4 Kan\u00e4le (einschlie\u00dflich Batterien)<\/li>\n<\/ul>\n<p><img decoding=\"async\" class=\"alignnone size-full wp-image-3058\" src=\"https:\/\/rczone.ee\/wp-content\/uploads\/2025\/05\/odi_action_3_1.png\" alt=\"\" width=\"1300\" height=\"798\" srcset=\"https:\/\/rczone.ee\/wp-content\/uploads\/2025\/05\/odi_action_3_1.png 1300w, https:\/\/rczone.ee\/wp-content\/uploads\/2025\/05\/odi_action_3_1-652x400.png 652w, https:\/\/rczone.ee\/wp-content\/uploads\/2025\/05\/odi_action_3_1-768x471.png 768w, https:\/\/rczone.ee\/wp-content\/uploads\/2025\/05\/odi_action_3_1-18x12.png 18w, https:\/\/rczone.ee\/wp-content\/uploads\/2025\/05\/odi_action_3_1-900x552.png 900w\" sizes=\"(max-width: 1300px) 100vw, 1300px\" \/><\/p>\n<p><img decoding=\"async\" class=\"alignnone wp-image-3054\" src=\"https:\/\/rczone.ee\/wp-content\/uploads\/2025\/05\/odi_adjustable_body_post.png\" alt=\"\" width=\"601\" height=\"486\" srcset=\"https:\/\/rczone.ee\/wp-content\/uploads\/2025\/05\/odi_adjustable_body_post.png 1300w, https:\/\/rczone.ee\/wp-content\/uploads\/2025\/05\/odi_adjustable_body_post-494x400.png 494w, https:\/\/rczone.ee\/wp-content\/uploads\/2025\/05\/odi_adjustable_body_post-989x800.png 989w, https:\/\/rczone.ee\/wp-content\/uploads\/2025\/05\/odi_adjustable_body_post-768x621.png 768w, https:\/\/rczone.ee\/wp-content\/uploads\/2025\/05\/odi_adjustable_body_post-15x12.png 15w, https:\/\/rczone.ee\/wp-content\/uploads\/2025\/05\/odi_adjustable_body_post-900x728.png 900w\" sizes=\"(max-width: 601px) 100vw, 601px\" \/><img decoding=\"async\" class=\"alignnone wp-image-3055\" src=\"https:\/\/rczone.ee\/wp-content\/uploads\/2025\/05\/diff_exploded_section.jpg\" alt=\"\" width=\"600\" height=\"393\" srcset=\"https:\/\/rczone.ee\/wp-content\/uploads\/2025\/05\/diff_exploded_section.jpg 1300w, https:\/\/rczone.ee\/wp-content\/uploads\/2025\/05\/diff_exploded_section-610x400.jpg 610w, https:\/\/rczone.ee\/wp-content\/uploads\/2025\/05\/diff_exploded_section-1221x800.jpg 1221w, https:\/\/rczone.ee\/wp-content\/uploads\/2025\/05\/diff_exploded_section-768x503.jpg 768w, https:\/\/rczone.ee\/wp-content\/uploads\/2025\/05\/diff_exploded_section-18x12.jpg 18w, https:\/\/rczone.ee\/wp-content\/uploads\/2025\/05\/diff_exploded_section-900x590.jpg 900w\" sizes=\"(max-width: 600px) 100vw, 600px\" \/> <img decoding=\"async\" class=\"alignnone wp-image-3056\" src=\"https:\/\/rczone.ee\/wp-content\/uploads\/2025\/05\/drivetrain_direction_section.jpg\" alt=\"\" width=\"601\" height=\"358\" srcset=\"https:\/\/rczone.ee\/wp-content\/uploads\/2025\/05\/drivetrain_direction_section.jpg 1300w, https:\/\/rczone.ee\/wp-content\/uploads\/2025\/05\/drivetrain_direction_section-671x400.jpg 671w, https:\/\/rczone.ee\/wp-content\/uploads\/2025\/05\/drivetrain_direction_section-768x458.jpg 768w, https:\/\/rczone.ee\/wp-content\/uploads\/2025\/05\/drivetrain_direction_section-18x12.jpg 18w, https:\/\/rczone.ee\/wp-content\/uploads\/2025\/05\/drivetrain_direction_section-900x537.jpg 900w\" sizes=\"(max-width: 601px) 100vw, 601px\" \/> <img decoding=\"async\" class=\"alignnone wp-image-3057\" src=\"https:\/\/rczone.ee\/wp-content\/uploads\/2025\/05\/front_wishbone_section.jpg\" alt=\"\" width=\"599\" height=\"396\" srcset=\"https:\/\/rczone.ee\/wp-content\/uploads\/2025\/05\/front_wishbone_section.jpg 1300w, https:\/\/rczone.ee\/wp-content\/uploads\/2025\/05\/front_wishbone_section-605x400.jpg 605w, https:\/\/rczone.ee\/wp-content\/uploads\/2025\/05\/front_wishbone_section-1209x800.jpg 1209w, https:\/\/rczone.ee\/wp-content\/uploads\/2025\/05\/front_wishbone_section-768x508.jpg 768w, https:\/\/rczone.ee\/wp-content\/uploads\/2025\/05\/front_wishbone_section-18x12.jpg 18w, https:\/\/rczone.ee\/wp-content\/uploads\/2025\/05\/front_wishbone_section-900x595.jpg 900w\" sizes=\"(max-width: 599px) 100vw, 599px\" \/><\/p>\n<h3 data-start=\"1917\" data-end=\"1965\">RcZone.ee - Ihr vertrauensw\u00fcrdiger RC-Car-Shop!<\/h3>\n<p data-start=\"1966\" data-end=\"2199\"><strong data-start=\"1966\" data-end=\"1979\">RcZone.ee<\/strong> ist der offizielle HPI Racing H\u00e4ndler in Estland. Wir bieten RC-Modelle der Spitzenklasse, schnelle Lieferung und kompetente Kundenbetreuung. Bestellen Sie bei <strong data-start=\"2082\" data-end=\"2140\">HPI Racing Sport 3 Drift Nissan Silvia S15 Odi Bakchis<\/strong> heute!<\/p>\n<p data-start=\"1966\" data-end=\"2199\"><div class=\"is-divider divider clearfix\" style=\"max-width:100%;\"><\/div>\n<p style=\"text-align: left;\"><span style=\"font-size: 85%;\"><img decoding=\"async\" class=\"wp-image-1383 aligncenter\" src=\"https:\/\/rczone.ee\/wp-content\/uploads\/2024\/10\/HPI_REBRAND_LOGO_SPOT-800x226.jpg\" alt=\"\" width=\"248\" height=\"70\" srcset=\"https:\/\/rczone.ee\/wp-content\/uploads\/2024\/10\/HPI_REBRAND_LOGO_SPOT-800x226.jpg 800w, https:\/\/rczone.ee\/wp-content\/uploads\/2024\/10\/HPI_REBRAND_LOGO_SPOT-1400x395.jpg 1400w, https:\/\/rczone.ee\/wp-content\/uploads\/2024\/10\/HPI_REBRAND_LOGO_SPOT-768x217.jpg 768w, https:\/\/rczone.ee\/wp-content\/uploads\/2024\/10\/HPI_REBRAND_LOGO_SPOT-1536x433.jpg 1536w, https:\/\/rczone.ee\/wp-content\/uploads\/2024\/10\/HPI_REBRAND_LOGO_SPOT-2048x578.jpg 2048w, https:\/\/rczone.ee\/wp-content\/uploads\/2024\/10\/HPI_REBRAND_LOGO_SPOT-18x5.jpg 18w, https:\/\/rczone.ee\/wp-content\/uploads\/2024\/10\/HPI_REBRAND_LOGO_SPOT-900x254.jpg 900w\" sizes=\"(max-width: 248px) 100vw, 248px\" \/><\/span><\/p>\n<p style=\"text-align: left;\"><span style=\"font-size: 85%;\">HPI Racing ist ein in D\u00e4nemark ans\u00e4ssiger Entwickler und Hersteller von funkferngesteuerten Autos, der seit 1986 im Gesch\u00e4ft ist. Das Unternehmen ist bekannt f\u00fcr seine langlebigen und innovativen Produkte, die Anf\u00e4ngern und erfahrenen Bastlern gleicherma\u00dfen Freude bereiten. HPI begann als Hersteller von Autozubeh\u00f6r, wuchs aber schnell zu einem der gr\u00f6\u00dften RC-Car-Hersteller der Welt heran.<\/span><\/p>\n<p style=\"text-align: left;\"><span style=\"font-size: 85%;\">Das erste von HPI entwickelte Fahrzeugmodell war der Super F1, der den Ansto\u00df f\u00fcr das zuk\u00fcnftige Wachstum des Unternehmens gab. Die Produktpalette des Unternehmens wurde schnell erweitert und umfasste sowohl elektrische als auch benzinbetriebene Modelle, darunter den legend\u00e4ren Savage Monster Truck und die Baja-Serie gro\u00dfer RC-Modelle.<\/span><\/p>\n<p style=\"text-align: left;\"><span style=\"font-size: 85%;\">Im Laufe der Jahre haben die Fahrzeuge von HPI zahlreiche Auszeichnungen und Lob von Fans auf der ganzen Welt erhalten. Der Savage XS hat unter anderem den Titel des schnellsten Mini-Monstertrucks der Welt (105 km\/h) gewonnen.<\/span><\/p>\n<p style=\"text-align: left;\"><span style=\"font-size: 85%;\">HPI Racing war ein Pionier in mehreren RC-Car-Kategorien und brachte innovative Produkte auf den Markt, wie z. B. den Baja 5B, der gro\u00dfe Offroad-RC-Modelle im Ma\u00dfstab 1:5 popul\u00e4r machte. HPI hat auch mehrere Weltmeisterschaften unter seiner Marke HB gewonnen und ist damit die Weltelite im On- und Offroad-Rennsport.<\/span><\/p>","protected":false},"excerpt":{"rendered":"<ul>\n<li style=\"line-height: 1; padding-top: 20px;\">Level: Experte<\/li>\n<li style=\"line-height: 1;\">Alter der Benutzer: 14+<\/li>\n<li style=\"line-height: 1;\">Kategorie: Drift<\/li>\n<li style=\"line-height: 1;\">Ma\u00dfstab: 1:10<\/li>\n<li style=\"line-height: 1;\">Antriebsart: 4WD<\/li>\n<li style=\"line-height: 1;\">Fertigstellung: Ready-To-Run<\/li>\n<li style=\"line-height: 1;\">Energie: Elektrizit\u00e4t<\/li>\n<\/ul>","protected":false},"featured_media":3036,"comment_status":"open","ping_status":"closed","template":"","meta":{"_monsterinsights_skip_tracking":false,"_monsterinsights_sitenote_active":false,"_monsterinsights_sitenote_note":"","_monsterinsights_sitenote_category":0},"fits_model":[],"product_brand":[],"product_cat":[26],"product_tag":[84],"woo-feed-brand":[],"class_list":{"0":"post-3031","1":"product","2":"type-product","3":"status-publish","4":"has-post-thumbnail","6":"product_cat-drift","7":"product_tag-standard","9":"first","10":"onbackorder","11":"taxable","12":"shipping-taxable","13":"purchasable","14":"product-type-simple"},"yoast_head":"<!-- This site is optimized with the Yoast SEO plugin v27.3 - https:\/\/yoast.com\/product\/yoast-seo-wordpress\/ -->\n<title>HPI Racing Sport 3 Drift Nissan Silvia S15 Odi Bakchis - RC Zone | Raadio teel juhitavad autod<\/title>\n<meta name=\"robots\" content=\"index, follow, max-snippet:-1, max-image-preview:large, max-video-preview:-1\" \/>\n<link rel=\"canonical\" href=\"https:\/\/rczone.ee\/de\/product-2\/neue-hpi-racing-sport-3-drift-nissan-silvia-s15-odi-bakchis\/\" \/>\n<meta property=\"og:locale\" content=\"de_DE\" \/>\n<meta property=\"og:type\" content=\"article\" \/>\n<meta property=\"og:title\" content=\"HPI Racing Sport 3 Drift Nissan Silvia S15 Odi Bakchis - RC Zone | Raadio teel juhitavad autod\" \/>\n<meta property=\"og:description\" content=\"Rate: Expert  Kasutaja vanuseklass: 14+  Kategooria: Drift  Skaala: 1:10  Vedav sild: 4WD  Komplekteeritus: Ready-To-Run  Energia: Elekter\" \/>\n<meta property=\"og:url\" content=\"https:\/\/rczone.ee\/de\/product-2\/neue-hpi-racing-sport-3-drift-nissan-silvia-s15-odi-bakchis\/\" \/>\n<meta property=\"og:site_name\" content=\"RC Zone | Raadio teel juhitavad autod\" \/>\n<meta property=\"article:publisher\" content=\"https:\/\/www.facebook.com\/rczone.ee\" \/>\n<meta property=\"article:modified_time\" content=\"2025-12-28T17:15:22+00:00\" \/>\n<meta property=\"og:image\" content=\"https:\/\/rczone.ee\/wp-content\/uploads\/2025\/05\/160930_01.jpg\" \/>\n\t<meta property=\"og:image:width\" content=\"800\" \/>\n\t<meta property=\"og:image:height\" content=\"800\" \/>\n\t<meta property=\"og:image:type\" content=\"image\/jpeg\" \/>\n<meta name=\"twitter:card\" content=\"summary_large_image\" \/>\n<meta name=\"twitter:label1\" content=\"Gesch\u00e4tzte Lesezeit\" \/>\n\t<meta name=\"twitter:data1\" content=\"5\u00a0Minuten\" \/>\n<script type=\"application\/ld+json\" class=\"yoast-schema-graph\">{\"@context\":\"https:\\\/\\\/schema.org\",\"@graph\":[{\"@type\":\"WebPage\",\"@id\":\"https:\\\/\\\/rczone.ee\\\/toode\\\/uus-hpi-racing-sport-3-drift-nissan-silvia-s15-odi-bakchis\\\/\",\"url\":\"https:\\\/\\\/rczone.ee\\\/toode\\\/uus-hpi-racing-sport-3-drift-nissan-silvia-s15-odi-bakchis\\\/\",\"name\":\"HPI Racing Sport 3 Drift Nissan Silvia S15 Odi Bakchis - RC Zone | Raadio teel juhitavad autod\",\"isPartOf\":{\"@id\":\"https:\\\/\\\/rczone.ee\\\/#website\"},\"primaryImageOfPage\":{\"@id\":\"https:\\\/\\\/rczone.ee\\\/toode\\\/uus-hpi-racing-sport-3-drift-nissan-silvia-s15-odi-bakchis\\\/#primaryimage\"},\"image\":{\"@id\":\"https:\\\/\\\/rczone.ee\\\/toode\\\/uus-hpi-racing-sport-3-drift-nissan-silvia-s15-odi-bakchis\\\/#primaryimage\"},\"thumbnailUrl\":\"https:\\\/\\\/rczone.ee\\\/wp-content\\\/uploads\\\/2025\\\/05\\\/160930_01.jpg\",\"datePublished\":\"2025-05-23T13:19:22+00:00\",\"dateModified\":\"2025-12-28T17:15:22+00:00\",\"breadcrumb\":{\"@id\":\"https:\\\/\\\/rczone.ee\\\/toode\\\/uus-hpi-racing-sport-3-drift-nissan-silvia-s15-odi-bakchis\\\/#breadcrumb\"},\"inLanguage\":\"de\",\"potentialAction\":[{\"@type\":\"ReadAction\",\"target\":[\"https:\\\/\\\/rczone.ee\\\/toode\\\/uus-hpi-racing-sport-3-drift-nissan-silvia-s15-odi-bakchis\\\/\"]}]},{\"@type\":\"ImageObject\",\"inLanguage\":\"de\",\"@id\":\"https:\\\/\\\/rczone.ee\\\/toode\\\/uus-hpi-racing-sport-3-drift-nissan-silvia-s15-odi-bakchis\\\/#primaryimage\",\"url\":\"https:\\\/\\\/rczone.ee\\\/wp-content\\\/uploads\\\/2025\\\/05\\\/160930_01.jpg\",\"contentUrl\":\"https:\\\/\\\/rczone.ee\\\/wp-content\\\/uploads\\\/2025\\\/05\\\/160930_01.jpg\",\"width\":800,\"height\":800},{\"@type\":\"BreadcrumbList\",\"@id\":\"https:\\\/\\\/rczone.ee\\\/toode\\\/uus-hpi-racing-sport-3-drift-nissan-silvia-s15-odi-bakchis\\\/#breadcrumb\",\"itemListElement\":[{\"@type\":\"ListItem\",\"position\":1,\"name\":\"Home\",\"item\":\"https:\\\/\\\/rczone.ee\\\/\"},{\"@type\":\"ListItem\",\"position\":2,\"name\":\"Shop\",\"item\":\"https:\\\/\\\/rczone.ee\\\/shop\\\/\"},{\"@type\":\"ListItem\",\"position\":3,\"name\":\"HPI Racing Sport 3 Drift Nissan Silvia S15 Odi Bakchis\"}]},{\"@type\":\"WebSite\",\"@id\":\"https:\\\/\\\/rczone.ee\\\/#website\",\"url\":\"https:\\\/\\\/rczone.ee\\\/\",\"name\":\"RcZone\",\"description\":\"RcZone - Raadio teel juhitavate autode veebipood. M&uuml;&uuml;me laia valikut kvaliteetseid ja v&otilde;imsaid RC-autosid. Kiire tarne ja konkurentsiv&otilde;imelised hinnad.\",\"publisher\":{\"@id\":\"https:\\\/\\\/rczone.ee\\\/#organization\"},\"potentialAction\":[{\"@type\":\"SearchAction\",\"target\":{\"@type\":\"EntryPoint\",\"urlTemplate\":\"https:\\\/\\\/rczone.ee\\\/?s={search_term_string}\"},\"query-input\":{\"@type\":\"PropertyValueSpecification\",\"valueRequired\":true,\"valueName\":\"search_term_string\"}}],\"inLanguage\":\"de\"},{\"@type\":\"Organization\",\"@id\":\"https:\\\/\\\/rczone.ee\\\/#organization\",\"name\":\"RcZone\",\"url\":\"https:\\\/\\\/rczone.ee\\\/\",\"logo\":{\"@type\":\"ImageObject\",\"inLanguage\":\"de\",\"@id\":\"https:\\\/\\\/rczone.ee\\\/#\\\/schema\\\/logo\\\/image\\\/\",\"url\":\"https:\\\/\\\/rczone.ee\\\/wp-content\\\/uploads\\\/2024\\\/01\\\/3D.png\",\"contentUrl\":\"https:\\\/\\\/rczone.ee\\\/wp-content\\\/uploads\\\/2024\\\/01\\\/3D.png\",\"width\":2080,\"height\":602,\"caption\":\"RcZone\"},\"image\":{\"@id\":\"https:\\\/\\\/rczone.ee\\\/#\\\/schema\\\/logo\\\/image\\\/\"},\"sameAs\":[\"https:\\\/\\\/www.facebook.com\\\/rczone.ee\"]}]}<\/script>\n<!-- \/ Yoast SEO plugin. -->","yoast_head_json":{"title":"HPI Racing Sport 3 Drift Nissan Silvia S15 Odi Bakchis - RC Zone | Ferngesteuerte Autos","robots":{"index":"index","follow":"follow","max-snippet":"max-snippet:-1","max-image-preview":"max-image-preview:large","max-video-preview":"max-video-preview:-1"},"canonical":"https:\/\/rczone.ee\/de\/product-2\/neue-hpi-racing-sport-3-drift-nissan-silvia-s15-odi-bakchis\/","og_locale":"de_DE","og_type":"article","og_title":"HPI Racing Sport 3 Drift Nissan Silvia S15 Odi Bakchis - RC Zone | Raadio teel juhitavad autod","og_description":"Rate: Expert  Kasutaja vanuseklass: 14+  Kategooria: Drift  Skaala: 1:10  Vedav sild: 4WD  Komplekteeritus: Ready-To-Run  Energia: Elekter","og_url":"https:\/\/rczone.ee\/de\/product-2\/neue-hpi-racing-sport-3-drift-nissan-silvia-s15-odi-bakchis\/","og_site_name":"RC Zone | Raadio teel juhitavad autod","article_publisher":"https:\/\/www.facebook.com\/rczone.ee","article_modified_time":"2025-12-28T17:15:22+00:00","og_image":[{"width":800,"height":800,"url":"https:\/\/rczone.ee\/wp-content\/uploads\/2025\/05\/160930_01.jpg","type":"image\/jpeg"}],"twitter_card":"summary_large_image","twitter_misc":{"Gesch\u00e4tzte Lesezeit":"5\u00a0Minuten"},"schema":{"@context":"https:\/\/schema.org","@graph":[{"@type":"WebPage","@id":"https:\/\/rczone.ee\/toode\/uus-hpi-racing-sport-3-drift-nissan-silvia-s15-odi-bakchis\/","url":"https:\/\/rczone.ee\/toode\/uus-hpi-racing-sport-3-drift-nissan-silvia-s15-odi-bakchis\/","name":"HPI Racing Sport 3 Drift Nissan Silvia S15 Odi Bakchis - RC Zone | Ferngesteuerte Autos","isPartOf":{"@id":"https:\/\/rczone.ee\/#website"},"primaryImageOfPage":{"@id":"https:\/\/rczone.ee\/toode\/uus-hpi-racing-sport-3-drift-nissan-silvia-s15-odi-bakchis\/#primaryimage"},"image":{"@id":"https:\/\/rczone.ee\/toode\/uus-hpi-racing-sport-3-drift-nissan-silvia-s15-odi-bakchis\/#primaryimage"},"thumbnailUrl":"https:\/\/rczone.ee\/wp-content\/uploads\/2025\/05\/160930_01.jpg","datePublished":"2025-05-23T13:19:22+00:00","dateModified":"2025-12-28T17:15:22+00:00","breadcrumb":{"@id":"https:\/\/rczone.ee\/toode\/uus-hpi-racing-sport-3-drift-nissan-silvia-s15-odi-bakchis\/#breadcrumb"},"inLanguage":"de","potentialAction":[{"@type":"ReadAction","target":["https:\/\/rczone.ee\/toode\/uus-hpi-racing-sport-3-drift-nissan-silvia-s15-odi-bakchis\/"]}]},{"@type":"ImageObject","inLanguage":"de","@id":"https:\/\/rczone.ee\/toode\/uus-hpi-racing-sport-3-drift-nissan-silvia-s15-odi-bakchis\/#primaryimage","url":"https:\/\/rczone.ee\/wp-content\/uploads\/2025\/05\/160930_01.jpg","contentUrl":"https:\/\/rczone.ee\/wp-content\/uploads\/2025\/05\/160930_01.jpg","width":800,"height":800},{"@type":"BreadcrumbList","@id":"https:\/\/rczone.ee\/toode\/uus-hpi-racing-sport-3-drift-nissan-silvia-s15-odi-bakchis\/#breadcrumb","itemListElement":[{"@type":"ListItem","position":1,"name":"Home","item":"https:\/\/rczone.ee\/"},{"@type":"ListItem","position":2,"name":"Shop","item":"https:\/\/rczone.ee\/shop\/"},{"@type":"ListItem","position":3,"name":"HPI Racing Sport 3 Drift Nissan Silvia S15 Odi Bakchis"}]},{"@type":"WebSite","@id":"https:\/\/rczone.ee\/#website","url":"https:\/\/rczone.ee\/","name":"RcZone","description":"RcZone - Online Shop f\u00fcr funkgesteuerte Autos. Wir verkaufen eine breite Palette von qualitativ hochwertigen und leistungsstarken RC-Autos. Schnelle Lieferung und g\u00fcnstige Preise.","publisher":{"@id":"https:\/\/rczone.ee\/#organization"},"potentialAction":[{"@type":"SearchAction","target":{"@type":"EntryPoint","urlTemplate":"https:\/\/rczone.ee\/?s={search_term_string}"},"query-input":{"@type":"PropertyValueSpecification","valueRequired":true,"valueName":"search_term_string"}}],"inLanguage":"de"},{"@type":"Organization","@id":"https:\/\/rczone.ee\/#organization","name":"RcZone","url":"https:\/\/rczone.ee\/","logo":{"@type":"ImageObject","inLanguage":"de","@id":"https:\/\/rczone.ee\/#\/schema\/logo\/image\/","url":"https:\/\/rczone.ee\/wp-content\/uploads\/2024\/01\/3D.png","contentUrl":"https:\/\/rczone.ee\/wp-content\/uploads\/2024\/01\/3D.png","width":2080,"height":602,"caption":"RcZone"},"image":{"@id":"https:\/\/rczone.ee\/#\/schema\/logo\/image\/"},"sameAs":["https:\/\/www.facebook.com\/rczone.ee"]}]}},"_links":{"self":[{"href":"https:\/\/rczone.ee\/de\/wp-json\/wp\/v2\/product\/3031","targetHints":{"allow":["GET"]}}],"collection":[{"href":"https:\/\/rczone.ee\/de\/wp-json\/wp\/v2\/product"}],"about":[{"href":"https:\/\/rczone.ee\/de\/wp-json\/wp\/v2\/types\/product"}],"replies":[{"embeddable":true,"href":"https:\/\/rczone.ee\/de\/wp-json\/wp\/v2\/comments?post=3031"}],"wp:featuredmedia":[{"embeddable":true,"href":"https:\/\/rczone.ee\/de\/wp-json\/wp\/v2\/media\/3036"}],"wp:attachment":[{"href":"https:\/\/rczone.ee\/de\/wp-json\/wp\/v2\/media?parent=3031"}],"wp:term":[{"taxonomy":"fits_model","embeddable":true,"href":"https:\/\/rczone.ee\/de\/wp-json\/wp\/v2\/fits_model?post=3031"},{"taxonomy":"product_brand","embeddable":true,"href":"https:\/\/rczone.ee\/de\/wp-json\/wp\/v2\/product_brand?post=3031"},{"taxonomy":"product_cat","embeddable":true,"href":"https:\/\/rczone.ee\/de\/wp-json\/wp\/v2\/product_cat?post=3031"},{"taxonomy":"product_tag","embeddable":true,"href":"https:\/\/rczone.ee\/de\/wp-json\/wp\/v2\/product_tag?post=3031"},{"taxonomy":"woo-feed-brand","embeddable":true,"href":"https:\/\/rczone.ee\/de\/wp-json\/wp\/v2\/woo-feed-brand?post=3031"}],"curies":[{"name":"wp","href":"https:\/\/api.w.org\/{rel}","templated":true}]}}