{"id":3228,"date":"2025-05-30T21:41:18","date_gmt":"2025-05-30T18:41:18","guid":{"rendered":"https:\/\/rczone.ee\/?post_type=product&#038;p=3228"},"modified":"2026-05-14T12:19:25","modified_gmt":"2026-05-14T09:19:25","slug":"neu-suchiyu-scy-16104-weapon-4wd-brushy-116","status":"publish","type":"product","link":"https:\/\/rczone.ee\/de\/toode\/uus-suchiyu-scy-16104-weapon-4wd-brushy-116\/","title":{"rendered":"Suchiyu SCY-16104 Waffe 4WD Brushy 1:16"},"content":{"rendered":"<p data-start=\"87\" data-end=\"503\"><strong data-start=\"170\" data-end=\"214\">Suchiyu SCY-16104 Waffe 4WD Brushy 1:16<\/strong> ist ein kompaktes, aber solide gebautes Modell, das die ideale Wahl f\u00fcr alle ist, die Geschwindigkeit, Haltbarkeit und ein echtes 4\u00d74-Gel\u00e4ndeerlebnis genie\u00dfen wollen. Mit seinem leistungsstarken Motor und den erstklassigen Sto\u00dfd\u00e4mpfern meistert dieser Truck eine Vielzahl von Terrains.<\/p>\n<p data-start=\"505\" data-end=\"761\">Der SCY-16104 bietet dank seiner proportionalen Lenkung und seines Allradantriebs eine realistische Man\u00f6vrierf\u00e4higkeit. Die verst\u00e4rkte Konstruktion, die Metallteile und die LED-Beleuchtung machen die Maschine zur idealen Wahl f\u00fcr junge und erwachsene Fahrer gleicherma\u00dfen.<\/p>\n<p data-start=\"763\" data-end=\"805\">\ud83c\udfae <strong data-start=\"766\" data-end=\"805\">Warum SCY-16104 von RcZone.ee w\u00e4hlen?<\/strong><\/p>\n<ul>\n<li data-start=\"809\" data-end=\"854\">Leistungsstarker RC390-B\u00fcrstenmotor mit K\u00fchlrippen<\/li>\n<li data-start=\"857\" data-end=\"930\">Fahrgeschwindigkeit bis zu 38 km\/h - die perfekte Balance zwischen Geschwindigkeit und Kontrolle<\/li>\n<li data-start=\"933\" data-end=\"1010\">LED-Scheinwerfer und Dachlampen (3 Modi: Dauerlicht, Blinken, schnelles Blinken).<\/li>\n<li data-start=\"1013\" data-end=\"1067\">4\u00d74-Aufh\u00e4ngung und unabh\u00e4ngiges Doppelquerlenker-System<\/li>\n<li data-start=\"1070\" data-end=\"1148\">Strapazierf\u00e4higes PVC-Geh\u00e4use + Metallkomponenten (zentrale Achse, untere Abdeckung, Anschlusscodes)<\/li>\n<li data-start=\"1151\" data-end=\"1208\">7,4V 1300mAh Lithium-Ionen-Akku - bis zu 18 Minuten Fahrzeit.<\/li>\n<li data-start=\"1211\" data-end=\"1250\">Lenkung aus bis zu 80 Metern H\u00f6he<\/li>\n<\/ul>\n<div class=\"video video-fit mb\" style=\"padding-top:56.25%;\"><p><iframe title=\"Suchiyu SCY-16104 Waffe 4WD 1:16\" src=\"https:\/\/player.vimeo.com\/video\/1089187779?dnt=1&amp;app_id=122963\" width=\"1020\" height=\"574\" frameborder=\"0\" allow=\"autoplay; fullscreen; picture-in-picture; clipboard-write; encrypted-media\"><\/iframe><\/p>\n<\/div>\n<p data-start=\"1252\" data-end=\"1277\">\ud83d\udce6 <strong data-start=\"1255\" data-end=\"1277\">Das Set enth\u00e4lt:<\/strong><\/p>\n<ul>\n<li data-start=\"1280\" data-end=\"1314\">RC-Auto SCY-16104 (kleben Sie die dekorativen Aufkleber auf und Sie sind bereit zu fahren)<\/li>\n<li data-start=\"1317\" data-end=\"1340\">2,4GHz-Fernbedienung<\/li>\n<li data-start=\"1343\" data-end=\"1358\">7,4 V Li-Ionen-Akku<\/li>\n<li data-start=\"1361\" data-end=\"1379\">USB-Ladekabel<\/li>\n<li data-start=\"1382\" data-end=\"1421\">Dekorative Aufkleber (DIY-Design)<\/li>\n<li data-start=\"1424\" data-end=\"1466\">Kleiner Kreuzschlitzschraubendreher und Innensechskant-Schl\u00fcssel<\/li>\n<li data-start=\"1469\" data-end=\"1495\">Metallverschl\u00fcsse<\/li>\n<li data-start=\"1498\" data-end=\"1524\">Benutzerhandbuch<\/li>\n<\/ul>\n<p><img decoding=\"async\" class=\"alignnone size-full wp-image-3240\" src=\"https:\/\/rczone.ee\/wp-content\/uploads\/2025\/05\/6-1.jpg\" alt=\"\" width=\"800\" height=\"800\" srcset=\"https:\/\/rczone.ee\/wp-content\/uploads\/2025\/05\/6-1.jpg 800w, https:\/\/rczone.ee\/wp-content\/uploads\/2025\/05\/6-1-400x400.jpg 400w, https:\/\/rczone.ee\/wp-content\/uploads\/2025\/05\/6-1-280x280.jpg 280w, https:\/\/rczone.ee\/wp-content\/uploads\/2025\/05\/6-1-768x768.jpg 768w, https:\/\/rczone.ee\/wp-content\/uploads\/2025\/05\/6-1-12x12.jpg 12w, https:\/\/rczone.ee\/wp-content\/uploads\/2025\/05\/6-1-450x450.jpg 450w, https:\/\/rczone.ee\/wp-content\/uploads\/2025\/05\/6-1-100x100.jpg 100w\" sizes=\"(max-width: 800px) 100vw, 800px\" \/><\/p>\n<p data-start=\"1526\" data-end=\"1631\"><strong data-start=\"1526\" data-end=\"1543\">Abmessungen:<\/strong><br data-start=\"1543\" data-end=\"1546\" \/>Auto: 33,5 \u00d7 20,5 \u00d7 16,5 cm<br data-start=\"1573\" data-end=\"1576\" \/>Gewicht mit Batterie: 1,1 kg<br data-start=\"1599\" data-end=\"1602\" \/>Verpackung: 34,8 \u00d7 21,6 \u00d7 20,3 cm<\/p>\n<p data-start=\"1633\" data-end=\"1856\">Wenn Sie auf der Suche nach einem robusten, schnellen und coolen RC-Auto sind, dann... <strong data-start=\"1727\" data-end=\"1759\">Suchiyu SCY-16104 Waffe 4WD<\/strong> ist die beste Wahl! Jetzt kaufen <strong data-start=\"1786\" data-end=\"1799\">RcZone.ee<\/strong> aus dem Online Shop und starten Sie noch heute in Ihr n\u00e4chstes RC-Abenteuer!<\/p>","protected":false},"excerpt":{"rendered":"<ul>\n<li style=\"line-height: 1; padding-top: 20px;\">Level: Pro<\/li>\n<li style=\"line-height: 1;\">Altersgruppe der Benutzer: 8-13<\/li>\n<li style=\"line-height: 1;\">Kategorie: Truggy<\/li>\n<li style=\"line-height: 1;\">Ma\u00dfstab: 1:16<\/li>\n<li style=\"line-height: 1;\">Antriebsart: 4WD<\/li>\n<li style=\"line-height: 1;\">H\u00f6chstgeschwindigkeit: 38 km\/h<\/li>\n<li style=\"line-height: 1;\">Fertigstellung: Ready-To-Run<\/li>\n<li style=\"line-height: 1;\">Energie: Elektrizit\u00e4t<\/li>\n<\/ul>","protected":false},"featured_media":3241,"comment_status":"open","ping_status":"closed","template":"","meta":{"_monsterinsights_skip_tracking":false,"_monsterinsights_sitenote_active":false,"_monsterinsights_sitenote_note":"","_monsterinsights_sitenote_category":0},"fits_model":[],"product_brand":[],"product_cat":[33],"product_tag":[84,122],"woo-feed-brand":[],"class_list":{"0":"post-3228","1":"product","2":"type-product","3":"status-publish","4":"has-post-thumbnail","6":"product_cat-truggy","7":"product_tag-standard","8":"product_tag-liion74","10":"first","11":"instock","12":"taxable","13":"shipping-taxable","14":"purchasable","15":"product-type-simple"},"yoast_head":"<!-- This site is optimized with the Yoast SEO plugin v27.6 - https:\/\/yoast.com\/product\/yoast-seo-wordpress\/ -->\n<title>Suchiyu SCY-16104 Weapon 4WD Brushy 1:16 - RC Zone | Raadio teel juhitavad autod<\/title>\n<meta name=\"robots\" content=\"index, follow, max-snippet:-1, max-image-preview:large, max-video-preview:-1\" \/>\n<link rel=\"canonical\" href=\"https:\/\/rczone.ee\/de\/product-2\/neu-suchiyu-scy-16104-weapon-4wd-brushy-116\/\" \/>\n<meta property=\"og:locale\" content=\"de_DE\" \/>\n<meta property=\"og:type\" content=\"article\" \/>\n<meta property=\"og:title\" content=\"Suchiyu SCY-16104 Weapon 4WD Brushy 1:16 - RC Zone | Raadio teel juhitavad autod\" \/>\n<meta property=\"og:description\" content=\"Rate: Pro  Kasutaja vanuseklass: 8-13  Kategooria: Truggy  Skaala: 1:16  Vedav sild: 4WD  Max kiirus: 38 km\/h  Komplekteeritus: Ready-To-Run  Energia: Elekter\" \/>\n<meta property=\"og:url\" content=\"https:\/\/rczone.ee\/de\/product-2\/neu-suchiyu-scy-16104-weapon-4wd-brushy-116\/\" \/>\n<meta property=\"og:site_name\" content=\"RC Zone | Raadio teel juhitavad autod\" \/>\n<meta property=\"article:publisher\" content=\"https:\/\/www.facebook.com\/rczone.ee\" \/>\n<meta property=\"article:modified_time\" content=\"2026-05-14T09:19:25+00:00\" \/>\n<meta property=\"og:image\" content=\"https:\/\/rczone.ee\/wp-content\/uploads\/2025\/05\/brushed_red-Photoroom.jpg\" \/>\n\t<meta property=\"og:image:width\" content=\"800\" \/>\n\t<meta property=\"og:image:height\" content=\"800\" \/>\n\t<meta property=\"og:image:type\" content=\"image\/jpeg\" \/>\n<meta name=\"twitter:card\" content=\"summary_large_image\" \/>\n<meta name=\"twitter:label1\" content=\"Gesch\u00e4tzte Lesezeit\" \/>\n\t<meta name=\"twitter:data1\" content=\"2\u00a0Minuten\" \/>\n<script type=\"application\/ld+json\" class=\"yoast-schema-graph\">{\"@context\":\"https:\\\/\\\/schema.org\",\"@graph\":[{\"@type\":\"WebPage\",\"@id\":\"https:\\\/\\\/rczone.ee\\\/toode\\\/uus-suchiyu-scy-16104-weapon-4wd-brushy-116\\\/\",\"url\":\"https:\\\/\\\/rczone.ee\\\/toode\\\/uus-suchiyu-scy-16104-weapon-4wd-brushy-116\\\/\",\"name\":\"Suchiyu SCY-16104 Weapon 4WD Brushy 1:16 - RC Zone | Raadio teel juhitavad autod\",\"isPartOf\":{\"@id\":\"https:\\\/\\\/rczone.ee\\\/#website\"},\"primaryImageOfPage\":{\"@id\":\"https:\\\/\\\/rczone.ee\\\/toode\\\/uus-suchiyu-scy-16104-weapon-4wd-brushy-116\\\/#primaryimage\"},\"image\":{\"@id\":\"https:\\\/\\\/rczone.ee\\\/toode\\\/uus-suchiyu-scy-16104-weapon-4wd-brushy-116\\\/#primaryimage\"},\"thumbnailUrl\":\"https:\\\/\\\/rczone.ee\\\/wp-content\\\/uploads\\\/2025\\\/05\\\/brushed_red-Photoroom.jpg\",\"datePublished\":\"2025-05-30T18:41:18+00:00\",\"dateModified\":\"2026-05-14T09:19:25+00:00\",\"breadcrumb\":{\"@id\":\"https:\\\/\\\/rczone.ee\\\/toode\\\/uus-suchiyu-scy-16104-weapon-4wd-brushy-116\\\/#breadcrumb\"},\"inLanguage\":\"de\",\"potentialAction\":[{\"@type\":\"ReadAction\",\"target\":[\"https:\\\/\\\/rczone.ee\\\/toode\\\/uus-suchiyu-scy-16104-weapon-4wd-brushy-116\\\/\"]}]},{\"@type\":\"ImageObject\",\"inLanguage\":\"de\",\"@id\":\"https:\\\/\\\/rczone.ee\\\/toode\\\/uus-suchiyu-scy-16104-weapon-4wd-brushy-116\\\/#primaryimage\",\"url\":\"https:\\\/\\\/rczone.ee\\\/wp-content\\\/uploads\\\/2025\\\/05\\\/brushed_red-Photoroom.jpg\",\"contentUrl\":\"https:\\\/\\\/rczone.ee\\\/wp-content\\\/uploads\\\/2025\\\/05\\\/brushed_red-Photoroom.jpg\",\"width\":800,\"height\":800},{\"@type\":\"BreadcrumbList\",\"@id\":\"https:\\\/\\\/rczone.ee\\\/toode\\\/uus-suchiyu-scy-16104-weapon-4wd-brushy-116\\\/#breadcrumb\",\"itemListElement\":[{\"@type\":\"ListItem\",\"position\":1,\"name\":\"Home\",\"item\":\"https:\\\/\\\/rczone.ee\\\/\"},{\"@type\":\"ListItem\",\"position\":2,\"name\":\"Shop\",\"item\":\"https:\\\/\\\/rczone.ee\\\/shop\\\/\"},{\"@type\":\"ListItem\",\"position\":3,\"name\":\"Suchiyu SCY-16104 Weapon 4WD Brushy 1:16\"}]},{\"@type\":\"WebSite\",\"@id\":\"https:\\\/\\\/rczone.ee\\\/#website\",\"url\":\"https:\\\/\\\/rczone.ee\\\/\",\"name\":\"RcZone\",\"description\":\"RcZone - Raadio teel juhitavate autode veebipood. M&uuml;&uuml;me laia valikut kvaliteetseid ja v&otilde;imsaid RC-autosid. Kiire tarne ja konkurentsiv&otilde;imelised hinnad.\",\"publisher\":{\"@id\":\"https:\\\/\\\/rczone.ee\\\/#organization\"},\"potentialAction\":[{\"@type\":\"SearchAction\",\"target\":{\"@type\":\"EntryPoint\",\"urlTemplate\":\"https:\\\/\\\/rczone.ee\\\/?s={search_term_string}\"},\"query-input\":{\"@type\":\"PropertyValueSpecification\",\"valueRequired\":true,\"valueName\":\"search_term_string\"}}],\"inLanguage\":\"de\"},{\"@type\":\"Organization\",\"@id\":\"https:\\\/\\\/rczone.ee\\\/#organization\",\"name\":\"RcZone\",\"url\":\"https:\\\/\\\/rczone.ee\\\/\",\"logo\":{\"@type\":\"ImageObject\",\"inLanguage\":\"de\",\"@id\":\"https:\\\/\\\/rczone.ee\\\/#\\\/schema\\\/logo\\\/image\\\/\",\"url\":\"https:\\\/\\\/rczone.ee\\\/wp-content\\\/uploads\\\/2024\\\/01\\\/3D.png\",\"contentUrl\":\"https:\\\/\\\/rczone.ee\\\/wp-content\\\/uploads\\\/2024\\\/01\\\/3D.png\",\"width\":2080,\"height\":602,\"caption\":\"RcZone\"},\"image\":{\"@id\":\"https:\\\/\\\/rczone.ee\\\/#\\\/schema\\\/logo\\\/image\\\/\"},\"sameAs\":[\"https:\\\/\\\/www.facebook.com\\\/rczone.ee\"]}]}<\/script>\n<!-- \/ Yoast SEO plugin. -->","yoast_head_json":{"title":"Suchiyu SCY-16104 Weapon 4WD Brushy Brushy 1:16 - RC Zone | Funkgesteuerte Autos","robots":{"index":"index","follow":"follow","max-snippet":"max-snippet:-1","max-image-preview":"max-image-preview:large","max-video-preview":"max-video-preview:-1"},"canonical":"https:\/\/rczone.ee\/de\/product-2\/neu-suchiyu-scy-16104-weapon-4wd-brushy-116\/","og_locale":"de_DE","og_type":"article","og_title":"Suchiyu SCY-16104 Weapon 4WD Brushy 1:16 - RC Zone | Raadio teel juhitavad autod","og_description":"Rate: Pro  Kasutaja vanuseklass: 8-13  Kategooria: Truggy  Skaala: 1:16  Vedav sild: 4WD  Max kiirus: 38 km\/h  Komplekteeritus: Ready-To-Run  Energia: Elekter","og_url":"https:\/\/rczone.ee\/de\/product-2\/neu-suchiyu-scy-16104-weapon-4wd-brushy-116\/","og_site_name":"RC Zone | Raadio teel juhitavad autod","article_publisher":"https:\/\/www.facebook.com\/rczone.ee","article_modified_time":"2026-05-14T09:19:25+00:00","og_image":[{"width":800,"height":800,"url":"https:\/\/rczone.ee\/wp-content\/uploads\/2025\/05\/brushed_red-Photoroom.jpg","type":"image\/jpeg"}],"twitter_card":"summary_large_image","twitter_misc":{"Gesch\u00e4tzte Lesezeit":"2\u00a0Minuten"},"schema":{"@context":"https:\/\/schema.org","@graph":[{"@type":"WebPage","@id":"https:\/\/rczone.ee\/toode\/uus-suchiyu-scy-16104-weapon-4wd-brushy-116\/","url":"https:\/\/rczone.ee\/toode\/uus-suchiyu-scy-16104-weapon-4wd-brushy-116\/","name":"Suchiyu SCY-16104 Weapon 4WD Brushy Brushy 1:16 - RC Zone | Funkgesteuerte Autos","isPartOf":{"@id":"https:\/\/rczone.ee\/#website"},"primaryImageOfPage":{"@id":"https:\/\/rczone.ee\/toode\/uus-suchiyu-scy-16104-weapon-4wd-brushy-116\/#primaryimage"},"image":{"@id":"https:\/\/rczone.ee\/toode\/uus-suchiyu-scy-16104-weapon-4wd-brushy-116\/#primaryimage"},"thumbnailUrl":"https:\/\/rczone.ee\/wp-content\/uploads\/2025\/05\/brushed_red-Photoroom.jpg","datePublished":"2025-05-30T18:41:18+00:00","dateModified":"2026-05-14T09:19:25+00:00","breadcrumb":{"@id":"https:\/\/rczone.ee\/toode\/uus-suchiyu-scy-16104-weapon-4wd-brushy-116\/#breadcrumb"},"inLanguage":"de","potentialAction":[{"@type":"ReadAction","target":["https:\/\/rczone.ee\/toode\/uus-suchiyu-scy-16104-weapon-4wd-brushy-116\/"]}]},{"@type":"ImageObject","inLanguage":"de","@id":"https:\/\/rczone.ee\/toode\/uus-suchiyu-scy-16104-weapon-4wd-brushy-116\/#primaryimage","url":"https:\/\/rczone.ee\/wp-content\/uploads\/2025\/05\/brushed_red-Photoroom.jpg","contentUrl":"https:\/\/rczone.ee\/wp-content\/uploads\/2025\/05\/brushed_red-Photoroom.jpg","width":800,"height":800},{"@type":"BreadcrumbList","@id":"https:\/\/rczone.ee\/toode\/uus-suchiyu-scy-16104-weapon-4wd-brushy-116\/#breadcrumb","itemListElement":[{"@type":"ListItem","position":1,"name":"Home","item":"https:\/\/rczone.ee\/"},{"@type":"ListItem","position":2,"name":"Shop","item":"https:\/\/rczone.ee\/shop\/"},{"@type":"ListItem","position":3,"name":"Suchiyu SCY-16104 Weapon 4WD Brushy 1:16"}]},{"@type":"WebSite","@id":"https:\/\/rczone.ee\/#website","url":"https:\/\/rczone.ee\/","name":"RcZone","description":"RcZone - Online Shop f\u00fcr funkgesteuerte Autos. Wir verkaufen eine breite Palette von qualitativ hochwertigen und leistungsstarken RC-Autos. Schnelle Lieferung und g\u00fcnstige Preise.","publisher":{"@id":"https:\/\/rczone.ee\/#organization"},"potentialAction":[{"@type":"SearchAction","target":{"@type":"EntryPoint","urlTemplate":"https:\/\/rczone.ee\/?s={search_term_string}"},"query-input":{"@type":"PropertyValueSpecification","valueRequired":true,"valueName":"search_term_string"}}],"inLanguage":"de"},{"@type":"Organization","@id":"https:\/\/rczone.ee\/#organization","name":"RcZone","url":"https:\/\/rczone.ee\/","logo":{"@type":"ImageObject","inLanguage":"de","@id":"https:\/\/rczone.ee\/#\/schema\/logo\/image\/","url":"https:\/\/rczone.ee\/wp-content\/uploads\/2024\/01\/3D.png","contentUrl":"https:\/\/rczone.ee\/wp-content\/uploads\/2024\/01\/3D.png","width":2080,"height":602,"caption":"RcZone"},"image":{"@id":"https:\/\/rczone.ee\/#\/schema\/logo\/image\/"},"sameAs":["https:\/\/www.facebook.com\/rczone.ee"]}]}},"_links":{"self":[{"href":"https:\/\/rczone.ee\/de\/wp-json\/wp\/v2\/product\/3228","targetHints":{"allow":["GET"]}}],"collection":[{"href":"https:\/\/rczone.ee\/de\/wp-json\/wp\/v2\/product"}],"about":[{"href":"https:\/\/rczone.ee\/de\/wp-json\/wp\/v2\/types\/product"}],"replies":[{"embeddable":true,"href":"https:\/\/rczone.ee\/de\/wp-json\/wp\/v2\/comments?post=3228"}],"wp:featuredmedia":[{"embeddable":true,"href":"https:\/\/rczone.ee\/de\/wp-json\/wp\/v2\/media\/3241"}],"wp:attachment":[{"href":"https:\/\/rczone.ee\/de\/wp-json\/wp\/v2\/media?parent=3228"}],"wp:term":[{"taxonomy":"fits_model","embeddable":true,"href":"https:\/\/rczone.ee\/de\/wp-json\/wp\/v2\/fits_model?post=3228"},{"taxonomy":"product_brand","embeddable":true,"href":"https:\/\/rczone.ee\/de\/wp-json\/wp\/v2\/product_brand?post=3228"},{"taxonomy":"product_cat","embeddable":true,"href":"https:\/\/rczone.ee\/de\/wp-json\/wp\/v2\/product_cat?post=3228"},{"taxonomy":"product_tag","embeddable":true,"href":"https:\/\/rczone.ee\/de\/wp-json\/wp\/v2\/product_tag?post=3228"},{"taxonomy":"woo-feed-brand","embeddable":true,"href":"https:\/\/rczone.ee\/de\/wp-json\/wp\/v2\/woo-feed-brand?post=3228"}],"curies":[{"name":"wp","href":"https:\/\/api.w.org\/{rel}","templated":true}]}}