{"id":3340,"date":"2025-06-25T20:06:49","date_gmt":"2025-06-25T17:06:49","guid":{"rendered":"https:\/\/rczone.ee\/?post_type=product&#038;p=3340"},"modified":"2026-03-30T21:06:42","modified_gmt":"2026-03-30T18:06:42","slug":"hpi-plasma-3s-11-1v-5300mah-40c-lipo-akku-xt60","status":"publish","type":"product","link":"https:\/\/rczone.ee\/de\/toode\/hpi-plazma-3s-11-1v-5300mah-40c-lipo-battery-xt60\/","title":{"rendered":"HPI Plazma 3S 11.1V 5300mAh 40C LiPo Akku - XT60"},"content":{"rendered":"<h3><strong>Plazma 11.1V 5300mAh 40C LiPo Akku Pack 58.83Wh<\/strong><\/h3>\n<p><strong>3S LiPo, T-Plug Stecker &amp; JST-XH Balance Lead in einem robusten 4-seitigen Geh\u00e4use<\/strong><\/p>\n<p>Die Plazma LiPo Serie wurde speziell entwickelt und ist die perfekte Wahl f\u00fcr alle HPI Racing und Maverick Fahrzeuge. Dieser 3S LiPo-Akkupack mit solidem Geh\u00e4use ist f\u00fcr RC-Autos mit einer 30mm dicken Akkukapazit\u00e4t geeignet.<\/p>\n<ul>\n<li>Der 30mm dicke LiPo ist f\u00fcr die Modelle Quantum2 MT\/XT Flux und WR8 Flux geeignet.<\/li>\n<li>Die 2 x 30 mm dicken LiPo-Akkus passen nicht nebeneinander in den Trophy &amp; Vorza-Akkuhalter, aber sie k\u00f6nnen bei entsprechender Sicherung \u00fcbereinander gestapelt werden.<\/li>\n<\/ul>\n<p><strong>Technische Daten:<\/strong><br \/>\nSpannung: 11,1V<br \/>\nKapazit\u00e4t: 5300mAh<br \/>\nC-Bewertung (kontinuierlich): 40C<br \/>\nC-Bewertung (Burst): 80C<br \/>\nGeh\u00e4usetyp:Rechteckiges LiPo-Geh\u00e4use, versiegelter Kunststoff<br \/>\nAbmessungen: 138,6 x 46,6 x 30 mm<br \/>\nGewicht: 377g<br \/>\nAnschluss: XT60<br \/>\nUnruhige Leitung: JST-XH<\/p>\n<p><strong>Achtung! LiPo-Akkus d\u00fcrfen nur mit einem Ladeger\u00e4t geladen werden, das LiPo-Akkus unterst\u00fctzt!<\/strong><\/p>","protected":false},"excerpt":{"rendered":"<ul>\n<li style=\"line-height: 1; padding-top: 20px;\">Typ: 3S LiPo<\/li>\n<li style=\"line-height: 1;\">Spannung: 11,1V<\/li>\n<li style=\"line-height: 1;\">Kapazit\u00e4t: 5300mAh<\/li>\n<li style=\"line-height: 1;\">Satz: 40C<\/li>\n<li>Anschluss: XT60<\/li>\n<\/ul>","protected":false},"featured_media":3341,"comment_status":"open","ping_status":"closed","template":"","meta":{"_monsterinsights_skip_tracking":false,"_monsterinsights_sitenote_active":false,"_monsterinsights_sitenote_note":"","_monsterinsights_sitenote_category":0},"fits_model":[],"product_brand":[],"product_cat":[66],"product_tag":[84],"woo-feed-brand":[],"class_list":{"0":"post-3340","1":"product","2":"type-product","3":"status-publish","4":"has-post-thumbnail","6":"product_cat-battery","7":"product_tag-standard","9":"first","10":"instock","11":"taxable","12":"shipping-taxable","13":"purchasable","14":"product-type-simple"},"yoast_head":"<!-- This site is optimized with the Yoast SEO plugin v27.4 - https:\/\/yoast.com\/product\/yoast-seo-wordpress\/ -->\n<title>HPI Plazma 3S 11.1V 5300mAh 40C LiPo Battery - XT60 - RC Zone | Raadio teel juhitavad autod<\/title>\n<meta name=\"robots\" content=\"index, follow, max-snippet:-1, max-image-preview:large, max-video-preview:-1\" \/>\n<link rel=\"canonical\" href=\"https:\/\/rczone.ee\/de\/product-2\/hpi-plasma-3s-11-1v-5300mah-40c-lipo-akku-xt60\/\" \/>\n<meta property=\"og:locale\" content=\"de_DE\" \/>\n<meta property=\"og:type\" content=\"article\" \/>\n<meta property=\"og:title\" content=\"HPI Plazma 3S 11.1V 5300mAh 40C LiPo Battery - XT60 - RC Zone | Raadio teel juhitavad autod\" \/>\n<meta property=\"og:description\" content=\"T\u00fc\u00fcp: 3S LiPo  Pinge: 11,1V  Mahutavus: 5300mAh  Rate: 40C  Pistik: XT60\" \/>\n<meta property=\"og:url\" content=\"https:\/\/rczone.ee\/de\/product-2\/hpi-plasma-3s-11-1v-5300mah-40c-lipo-akku-xt60\/\" \/>\n<meta property=\"og:site_name\" content=\"RC Zone | Raadio teel juhitavad autod\" \/>\n<meta property=\"article:publisher\" content=\"https:\/\/www.facebook.com\/rczone.ee\" \/>\n<meta property=\"article:modified_time\" content=\"2026-03-30T18:06:42+00:00\" \/>\n<meta property=\"og:image\" content=\"https:\/\/rczone.ee\/wp-content\/uploads\/2025\/06\/160795-resizewidth-1200.webp\" \/>\n\t<meta property=\"og:image:width\" content=\"1200\" \/>\n\t<meta property=\"og:image:height\" content=\"800\" \/>\n\t<meta property=\"og:image:type\" content=\"image\/webp\" \/>\n<meta name=\"twitter:card\" content=\"summary_large_image\" \/>\n<meta name=\"twitter:label1\" content=\"Gesch\u00e4tzte Lesezeit\" \/>\n\t<meta name=\"twitter:data1\" content=\"1\u00a0Minute\" \/>\n<script type=\"application\/ld+json\" class=\"yoast-schema-graph\">{\"@context\":\"https:\\\/\\\/schema.org\",\"@graph\":[{\"@type\":\"WebPage\",\"@id\":\"https:\\\/\\\/rczone.ee\\\/toode\\\/hpi-plazma-3s-11-1v-5300mah-40c-lipo-battery-xt60\\\/\",\"url\":\"https:\\\/\\\/rczone.ee\\\/toode\\\/hpi-plazma-3s-11-1v-5300mah-40c-lipo-battery-xt60\\\/\",\"name\":\"HPI Plazma 3S 11.1V 5300mAh 40C LiPo Battery - XT60 - RC Zone | Raadio teel juhitavad autod\",\"isPartOf\":{\"@id\":\"https:\\\/\\\/rczone.ee\\\/#website\"},\"primaryImageOfPage\":{\"@id\":\"https:\\\/\\\/rczone.ee\\\/toode\\\/hpi-plazma-3s-11-1v-5300mah-40c-lipo-battery-xt60\\\/#primaryimage\"},\"image\":{\"@id\":\"https:\\\/\\\/rczone.ee\\\/toode\\\/hpi-plazma-3s-11-1v-5300mah-40c-lipo-battery-xt60\\\/#primaryimage\"},\"thumbnailUrl\":\"https:\\\/\\\/rczone.ee\\\/wp-content\\\/uploads\\\/2025\\\/06\\\/160795-resizewidth-1200.webp\",\"datePublished\":\"2025-06-25T17:06:49+00:00\",\"dateModified\":\"2026-03-30T18:06:42+00:00\",\"breadcrumb\":{\"@id\":\"https:\\\/\\\/rczone.ee\\\/toode\\\/hpi-plazma-3s-11-1v-5300mah-40c-lipo-battery-xt60\\\/#breadcrumb\"},\"inLanguage\":\"de\",\"potentialAction\":[{\"@type\":\"ReadAction\",\"target\":[\"https:\\\/\\\/rczone.ee\\\/toode\\\/hpi-plazma-3s-11-1v-5300mah-40c-lipo-battery-xt60\\\/\"]}]},{\"@type\":\"ImageObject\",\"inLanguage\":\"de\",\"@id\":\"https:\\\/\\\/rczone.ee\\\/toode\\\/hpi-plazma-3s-11-1v-5300mah-40c-lipo-battery-xt60\\\/#primaryimage\",\"url\":\"https:\\\/\\\/rczone.ee\\\/wp-content\\\/uploads\\\/2025\\\/06\\\/160795-resizewidth-1200.webp\",\"contentUrl\":\"https:\\\/\\\/rczone.ee\\\/wp-content\\\/uploads\\\/2025\\\/06\\\/160795-resizewidth-1200.webp\",\"width\":1200,\"height\":800},{\"@type\":\"BreadcrumbList\",\"@id\":\"https:\\\/\\\/rczone.ee\\\/toode\\\/hpi-plazma-3s-11-1v-5300mah-40c-lipo-battery-xt60\\\/#breadcrumb\",\"itemListElement\":[{\"@type\":\"ListItem\",\"position\":1,\"name\":\"Home\",\"item\":\"https:\\\/\\\/rczone.ee\\\/\"},{\"@type\":\"ListItem\",\"position\":2,\"name\":\"Shop\",\"item\":\"https:\\\/\\\/rczone.ee\\\/shop\\\/\"},{\"@type\":\"ListItem\",\"position\":3,\"name\":\"HPI Plazma 3S 11.1V 5300mAh 40C LiPo Battery &#8211; XT60\"}]},{\"@type\":\"WebSite\",\"@id\":\"https:\\\/\\\/rczone.ee\\\/#website\",\"url\":\"https:\\\/\\\/rczone.ee\\\/\",\"name\":\"RcZone\",\"description\":\"RcZone - Raadio teel juhitavate autode veebipood. M&uuml;&uuml;me laia valikut kvaliteetseid ja v&otilde;imsaid RC-autosid. Kiire tarne ja konkurentsiv&otilde;imelised hinnad.\",\"publisher\":{\"@id\":\"https:\\\/\\\/rczone.ee\\\/#organization\"},\"potentialAction\":[{\"@type\":\"SearchAction\",\"target\":{\"@type\":\"EntryPoint\",\"urlTemplate\":\"https:\\\/\\\/rczone.ee\\\/?s={search_term_string}\"},\"query-input\":{\"@type\":\"PropertyValueSpecification\",\"valueRequired\":true,\"valueName\":\"search_term_string\"}}],\"inLanguage\":\"de\"},{\"@type\":\"Organization\",\"@id\":\"https:\\\/\\\/rczone.ee\\\/#organization\",\"name\":\"RcZone\",\"url\":\"https:\\\/\\\/rczone.ee\\\/\",\"logo\":{\"@type\":\"ImageObject\",\"inLanguage\":\"de\",\"@id\":\"https:\\\/\\\/rczone.ee\\\/#\\\/schema\\\/logo\\\/image\\\/\",\"url\":\"https:\\\/\\\/rczone.ee\\\/wp-content\\\/uploads\\\/2024\\\/01\\\/3D.png\",\"contentUrl\":\"https:\\\/\\\/rczone.ee\\\/wp-content\\\/uploads\\\/2024\\\/01\\\/3D.png\",\"width\":2080,\"height\":602,\"caption\":\"RcZone\"},\"image\":{\"@id\":\"https:\\\/\\\/rczone.ee\\\/#\\\/schema\\\/logo\\\/image\\\/\"},\"sameAs\":[\"https:\\\/\\\/www.facebook.com\\\/rczone.ee\"]}]}<\/script>\n<!-- \/ Yoast SEO plugin. -->","yoast_head_json":{"title":"HPI Plazma 3S 11.1V 5300mAh 40C LiPo Akku - XT60 - RC Zone | Ferngesteuerte Fahrzeuge","robots":{"index":"index","follow":"follow","max-snippet":"max-snippet:-1","max-image-preview":"max-image-preview:large","max-video-preview":"max-video-preview:-1"},"canonical":"https:\/\/rczone.ee\/de\/product-2\/hpi-plasma-3s-11-1v-5300mah-40c-lipo-akku-xt60\/","og_locale":"de_DE","og_type":"article","og_title":"HPI Plazma 3S 11.1V 5300mAh 40C LiPo Battery - XT60 - RC Zone | Raadio teel juhitavad autod","og_description":"T\u00fc\u00fcp: 3S LiPo  Pinge: 11,1V  Mahutavus: 5300mAh  Rate: 40C  Pistik: XT60","og_url":"https:\/\/rczone.ee\/de\/product-2\/hpi-plasma-3s-11-1v-5300mah-40c-lipo-akku-xt60\/","og_site_name":"RC Zone | Raadio teel juhitavad autod","article_publisher":"https:\/\/www.facebook.com\/rczone.ee","article_modified_time":"2026-03-30T18:06:42+00:00","og_image":[{"width":1200,"height":800,"url":"https:\/\/rczone.ee\/wp-content\/uploads\/2025\/06\/160795-resizewidth-1200.webp","type":"image\/webp"}],"twitter_card":"summary_large_image","twitter_misc":{"Gesch\u00e4tzte Lesezeit":"1\u00a0Minute"},"schema":{"@context":"https:\/\/schema.org","@graph":[{"@type":"WebPage","@id":"https:\/\/rczone.ee\/toode\/hpi-plazma-3s-11-1v-5300mah-40c-lipo-battery-xt60\/","url":"https:\/\/rczone.ee\/toode\/hpi-plazma-3s-11-1v-5300mah-40c-lipo-battery-xt60\/","name":"HPI Plazma 3S 11.1V 5300mAh 40C LiPo Akku - XT60 - RC Zone | Ferngesteuerte Fahrzeuge","isPartOf":{"@id":"https:\/\/rczone.ee\/#website"},"primaryImageOfPage":{"@id":"https:\/\/rczone.ee\/toode\/hpi-plazma-3s-11-1v-5300mah-40c-lipo-battery-xt60\/#primaryimage"},"image":{"@id":"https:\/\/rczone.ee\/toode\/hpi-plazma-3s-11-1v-5300mah-40c-lipo-battery-xt60\/#primaryimage"},"thumbnailUrl":"https:\/\/rczone.ee\/wp-content\/uploads\/2025\/06\/160795-resizewidth-1200.webp","datePublished":"2025-06-25T17:06:49+00:00","dateModified":"2026-03-30T18:06:42+00:00","breadcrumb":{"@id":"https:\/\/rczone.ee\/toode\/hpi-plazma-3s-11-1v-5300mah-40c-lipo-battery-xt60\/#breadcrumb"},"inLanguage":"de","potentialAction":[{"@type":"ReadAction","target":["https:\/\/rczone.ee\/toode\/hpi-plazma-3s-11-1v-5300mah-40c-lipo-battery-xt60\/"]}]},{"@type":"ImageObject","inLanguage":"de","@id":"https:\/\/rczone.ee\/toode\/hpi-plazma-3s-11-1v-5300mah-40c-lipo-battery-xt60\/#primaryimage","url":"https:\/\/rczone.ee\/wp-content\/uploads\/2025\/06\/160795-resizewidth-1200.webp","contentUrl":"https:\/\/rczone.ee\/wp-content\/uploads\/2025\/06\/160795-resizewidth-1200.webp","width":1200,"height":800},{"@type":"BreadcrumbList","@id":"https:\/\/rczone.ee\/toode\/hpi-plazma-3s-11-1v-5300mah-40c-lipo-battery-xt60\/#breadcrumb","itemListElement":[{"@type":"ListItem","position":1,"name":"Home","item":"https:\/\/rczone.ee\/"},{"@type":"ListItem","position":2,"name":"Shop","item":"https:\/\/rczone.ee\/shop\/"},{"@type":"ListItem","position":3,"name":"HPI Plazma 3S 11.1V 5300mAh 40C LiPo Battery &#8211; XT60"}]},{"@type":"WebSite","@id":"https:\/\/rczone.ee\/#website","url":"https:\/\/rczone.ee\/","name":"RcZone","description":"RcZone - Online Shop f\u00fcr funkgesteuerte Autos. Wir verkaufen eine breite Palette von qualitativ hochwertigen und leistungsstarken RC-Autos. Schnelle Lieferung und g\u00fcnstige Preise.","publisher":{"@id":"https:\/\/rczone.ee\/#organization"},"potentialAction":[{"@type":"SearchAction","target":{"@type":"EntryPoint","urlTemplate":"https:\/\/rczone.ee\/?s={search_term_string}"},"query-input":{"@type":"PropertyValueSpecification","valueRequired":true,"valueName":"search_term_string"}}],"inLanguage":"de"},{"@type":"Organization","@id":"https:\/\/rczone.ee\/#organization","name":"RcZone","url":"https:\/\/rczone.ee\/","logo":{"@type":"ImageObject","inLanguage":"de","@id":"https:\/\/rczone.ee\/#\/schema\/logo\/image\/","url":"https:\/\/rczone.ee\/wp-content\/uploads\/2024\/01\/3D.png","contentUrl":"https:\/\/rczone.ee\/wp-content\/uploads\/2024\/01\/3D.png","width":2080,"height":602,"caption":"RcZone"},"image":{"@id":"https:\/\/rczone.ee\/#\/schema\/logo\/image\/"},"sameAs":["https:\/\/www.facebook.com\/rczone.ee"]}]}},"_links":{"self":[{"href":"https:\/\/rczone.ee\/de\/wp-json\/wp\/v2\/product\/3340","targetHints":{"allow":["GET"]}}],"collection":[{"href":"https:\/\/rczone.ee\/de\/wp-json\/wp\/v2\/product"}],"about":[{"href":"https:\/\/rczone.ee\/de\/wp-json\/wp\/v2\/types\/product"}],"replies":[{"embeddable":true,"href":"https:\/\/rczone.ee\/de\/wp-json\/wp\/v2\/comments?post=3340"}],"wp:featuredmedia":[{"embeddable":true,"href":"https:\/\/rczone.ee\/de\/wp-json\/wp\/v2\/media\/3341"}],"wp:attachment":[{"href":"https:\/\/rczone.ee\/de\/wp-json\/wp\/v2\/media?parent=3340"}],"wp:term":[{"taxonomy":"fits_model","embeddable":true,"href":"https:\/\/rczone.ee\/de\/wp-json\/wp\/v2\/fits_model?post=3340"},{"taxonomy":"product_brand","embeddable":true,"href":"https:\/\/rczone.ee\/de\/wp-json\/wp\/v2\/product_brand?post=3340"},{"taxonomy":"product_cat","embeddable":true,"href":"https:\/\/rczone.ee\/de\/wp-json\/wp\/v2\/product_cat?post=3340"},{"taxonomy":"product_tag","embeddable":true,"href":"https:\/\/rczone.ee\/de\/wp-json\/wp\/v2\/product_tag?post=3340"},{"taxonomy":"woo-feed-brand","embeddable":true,"href":"https:\/\/rczone.ee\/de\/wp-json\/wp\/v2\/woo-feed-brand?post=3340"}],"curies":[{"name":"wp","href":"https:\/\/api.w.org\/{rel}","templated":true}]}}