{"id":3342,"date":"2025-06-25T22:00:19","date_gmt":"2025-06-25T19:00:19","guid":{"rendered":"https:\/\/rczone.ee\/?post_type=product&#038;p=3342"},"modified":"2026-01-14T21:36:30","modified_gmt":"2026-01-14T19:36:30","slug":"hpi-racing-nano-ttr-1969-ford-mustang-rtr-x","status":"publish","type":"product","link":"https:\/\/rczone.ee\/de\/toode\/hpi-racing-nano-ttr-1969-ford-mustang-rtr-x\/","title":{"rendered":"HPI Racing nano-TTR 1969 Ford Mustang RTR-X"},"content":{"rendered":"<h3 data-pm-slice=\"1 1 []\">HPI Racing nano-TTR 1969 Ford Mustang RTR-X - Klein aber oho und unglaublich FUN!<\/h3>\n<p>Entdecken Sie den legend\u00e4ren Vaughn Gittin Jr. RTR-X Ford Mustang im winzigen, aber extrem leistungsf\u00e4higen Ma\u00dfstab 1:64. <strong>voll lizenziert<\/strong> Funkgesteuerter Nachbau - HPI Racing nano-TTR 1969 Ford Mustang RTR-X jetzt im RcZone.ee Online Shop erh\u00e4ltlich! Dieses Modell ist die perfekte Mischung aus authentischem Styling und modernster Technologie und bietet echten Fahrspa\u00df direkt bei Ihnen zu Hause oder im B\u00fcro.<\/p>\n<p>Trotz seiner kompakten Gr\u00f6\u00dfe bietet der nano-TTR RTR-X erstaunliche Funktionen und eine Liebe zum Detail, die von gr\u00f6\u00dferen Modellen nicht erreicht wird. Dieser Bausatz ist sofort einsatzbereit - einfach die Schachtel \u00f6ffnen und das Abenteuer beginnen!<\/p>\n<p><img decoding=\"async\" class=\"alignnone size-full wp-image-3349\" src=\"https:\/\/rczone.ee\/wp-content\/uploads\/2025\/06\/nano_header_3.png\" alt=\"\" width=\"1300\" height=\"457\" srcset=\"https:\/\/rczone.ee\/wp-content\/uploads\/2025\/06\/nano_header_3.png 1300w, https:\/\/rczone.ee\/wp-content\/uploads\/2025\/06\/nano_header_3-800x281.png 800w, https:\/\/rczone.ee\/wp-content\/uploads\/2025\/06\/nano_header_3-768x270.png 768w, https:\/\/rczone.ee\/wp-content\/uploads\/2025\/06\/nano_header_3-18x6.png 18w, https:\/\/rczone.ee\/wp-content\/uploads\/2025\/06\/nano_header_3-900x316.png 900w\" sizes=\"(max-width: 1300px) 100vw, 1300px\" \/><\/p>\n<p data-start=\"463\" data-end=\"543\"><strong data-start=\"463\" data-end=\"541\">Warum sollten Sie sich f\u00fcr HPI Racing nano-TTR 1969 Ford Mustang RTR-X von RcZone.ee entscheiden?<\/strong><\/p>\n<ul data-spread=\"false\" data-pm-slice=\"3 1 []\">\n<li><strong>Vollst\u00e4ndig lizenziert<\/strong> Ford Mustang RTR-X Hartkarosserie, handgefertigt und authentisch in jedem Detail.<\/li>\n<li><strong>LED-Leuchten, die wirklich funktionieren<\/strong>: Front-, Heck-, Brems-, R\u00fcckfahr- und Fahrtrichtungsanzeiger. Alle Lichter werden \u00fcber eine Fernbedienung gesteuert.<\/li>\n<li><strong>Drei Lichtmodi<\/strong> - Tag-Modus, Tag-Modus ohne Blinker und Nacht-Modus mit voller Beleuchtung.<\/li>\n<li><strong>Lange Fahrtzeit<\/strong> - wiederaufladbarer 58mAh LiPo-Akku f\u00fcr bis zu 45 Minuten Dauerbetrieb!<\/li>\n<li><strong>Kompakte und griffige SPEC-GRIP-Reifen<\/strong> Replik WERK MEISTER S1 auf gr\u00fcnen Felgen.<\/li>\n<li><strong>Real Steer Management<\/strong> - vollproportionale Lenkung f\u00fcr eine perfekte Kontrolle.<\/li>\n<li><strong>Innovatives Clipless-K\u00f6rperbefestigungssystem<\/strong>\u00a0- Austausch des Geh\u00e4uses mit nur zwei Schrauben!<\/li>\n<li><strong>Einfaches USB-C-Laden<\/strong> - schnell und bequem.<\/li>\n<li><strong>Modernes 2,4-GHz-Funksystem MTX-400<\/strong> - komfortable Steuerung, auch kompatibel mit HPI TF-51 Controller.<\/li>\n<\/ul>\n<p><iframe title=\"YouTube-Video-Player\" src=\"https:\/\/www.youtube.com\/embed\/vn1pmt7HVjU?si=S8PIj2rTNf1f51Da\" width=\"896\" height=\"504\" frameborder=\"0\" allowfullscreen=\"allowfullscreen\"><\/iframe><br \/>\n<strong style=\"font-size: 14.4px;\" data-start=\"1598\" data-end=\"1620\">Technische Daten:<\/strong><\/p>\n<ul>\n<li data-start=\"1623\" data-end=\"1639\">Ma\u00dfstab: 1:64<\/li>\n<li data-start=\"1623\" data-end=\"1639\">L\u00e4nge: 70 mm<\/li>\n<li data-start=\"1658\" data-end=\"1674\">Breite: 32 mm<\/li>\n<li data-start=\"1675\" data-end=\"1692\">H\u00f6he: 22 mm<\/li>\n<li data-start=\"1693\" data-end=\"1713\">Achsabstand: 42 mm<\/li>\n<li data-start=\"1714\" data-end=\"1733\">Gewicht: 22 g<\/li>\n<li data-start=\"1734\" data-end=\"1767\">Akku: 58mAh 3.6V LiPo (mitgeliefert)<\/li>\n<li data-start=\"1768\" data-end=\"1840\">Fernbedienung: 2,4 GHz (erfordert 4xAA-Batterien, nicht im Lieferumfang enthalten).<\/li>\n<li data-start=\"1841\" data-end=\"1877\">Aufladen: USB-C-Kabel (im Lieferumfang enthalten)<\/li>\n<\/ul>\n<p data-start=\"1879\" data-end=\"1896\"><strong data-start=\"1879\" data-end=\"1894\">Eingeschlossen:<\/strong><\/p>\n<ul data-start=\"1897\" data-end=\"1985\">\n<li data-start=\"1897\" data-end=\"1924\">HPI nano-TTR 1969 Ford Mustang Auto<\/li>\n<li data-start=\"1925\" data-end=\"1941\">MTX-400-Konsole<\/li>\n<li data-start=\"1942\" data-end=\"1960\">58mAh LiPo-Akku<\/li>\n<li data-start=\"1961\" data-end=\"1985\">USB-C-Ladekabel<\/li>\n<\/ul>\n<p data-start=\"1987\" data-end=\"2011\"><strong data-start=\"1987\" data-end=\"2009\">Was brauchen Sie noch?<\/strong><\/p>\n<ul data-start=\"2012\" data-end=\"2061\">\n<li data-start=\"2012\" data-end=\"2035\">2A USB-Netzteil<\/li>\n<li data-start=\"2036\" data-end=\"2061\">4 x AA-Batterien f\u00fcr die Fernbedienung<\/li>\n<\/ul>\n<p data-start=\"2063\" data-end=\"2268\">Genie\u00dfen Sie pr\u00e4zises Handling, detailliertes Aussehen und ein beeindruckendes Fahrerlebnis mit dem HPI Racing nano-TTR 1969 Ford Mustang RTR-X, jetzt erh\u00e4ltlich bei RcZone.ee!<br data-start=\"2222\" data-end=\"2225\" \/><strong data-start=\"2225\" data-end=\"2268\">Bestellen Sie noch heute und bringen Sie die Legende zu sich nach Hause!<\/strong><\/p>\n<p data-start=\"2063\" data-end=\"2268\"><img decoding=\"async\" class=\"alignnone wp-image-3355\" src=\"https:\/\/rczone.ee\/wp-content\/uploads\/2025\/06\/nano_gameboy_4.png\" alt=\"\" width=\"801\" height=\"403\" srcset=\"https:\/\/rczone.ee\/wp-content\/uploads\/2025\/06\/nano_gameboy_4.png 1300w, https:\/\/rczone.ee\/wp-content\/uploads\/2025\/06\/nano_gameboy_4-795x400.png 795w, https:\/\/rczone.ee\/wp-content\/uploads\/2025\/06\/nano_gameboy_4-768x386.png 768w, https:\/\/rczone.ee\/wp-content\/uploads\/2025\/06\/nano_gameboy_4-18x9.png 18w, https:\/\/rczone.ee\/wp-content\/uploads\/2025\/06\/nano_gameboy_4-900x453.png 900w\" sizes=\"(max-width: 801px) 100vw, 801px\" \/> <img decoding=\"async\" class=\"alignnone wp-image-3356\" src=\"https:\/\/rczone.ee\/wp-content\/uploads\/2025\/06\/nano_lego.png\" alt=\"\" width=\"800\" height=\"430\" srcset=\"https:\/\/rczone.ee\/wp-content\/uploads\/2025\/06\/nano_lego.png 1300w, https:\/\/rczone.ee\/wp-content\/uploads\/2025\/06\/nano_lego-744x400.png 744w, https:\/\/rczone.ee\/wp-content\/uploads\/2025\/06\/nano_lego-768x413.png 768w, https:\/\/rczone.ee\/wp-content\/uploads\/2025\/06\/nano_lego-18x10.png 18w, https:\/\/rczone.ee\/wp-content\/uploads\/2025\/06\/nano_lego-900x484.png 900w\" sizes=\"(max-width: 800px) 100vw, 800px\" \/><\/p>\n<p data-start=\"2063\" data-end=\"2268\"><img decoding=\"async\" class=\"alignnone wp-image-3351\" src=\"https:\/\/rczone.ee\/wp-content\/uploads\/2025\/06\/nano_mat.png\" alt=\"\" width=\"800\" height=\"403\" srcset=\"https:\/\/rczone.ee\/wp-content\/uploads\/2025\/06\/nano_mat.png 1300w, https:\/\/rczone.ee\/wp-content\/uploads\/2025\/06\/nano_mat-794x400.png 794w, https:\/\/rczone.ee\/wp-content\/uploads\/2025\/06\/nano_mat-768x387.png 768w, https:\/\/rczone.ee\/wp-content\/uploads\/2025\/06\/nano_mat-18x9.png 18w, https:\/\/rczone.ee\/wp-content\/uploads\/2025\/06\/nano_mat-900x453.png 900w\" sizes=\"(max-width: 800px) 100vw, 800px\" \/> <img decoding=\"async\" class=\"alignnone wp-image-3352\" src=\"https:\/\/rczone.ee\/wp-content\/uploads\/2025\/06\/nano_pencils.png\" alt=\"\" width=\"800\" height=\"333\" srcset=\"https:\/\/rczone.ee\/wp-content\/uploads\/2025\/06\/nano_pencils.png 1300w, https:\/\/rczone.ee\/wp-content\/uploads\/2025\/06\/nano_pencils-800x333.png 800w, https:\/\/rczone.ee\/wp-content\/uploads\/2025\/06\/nano_pencils-768x320.png 768w, https:\/\/rczone.ee\/wp-content\/uploads\/2025\/06\/nano_pencils-18x7.png 18w, https:\/\/rczone.ee\/wp-content\/uploads\/2025\/06\/nano_pencils-900x375.png 900w\" sizes=\"(max-width: 800px) 100vw, 800px\" \/><\/p>\n<p data-start=\"2063\" data-end=\"2268\"><img decoding=\"async\" class=\"alignnone wp-image-3350\" src=\"https:\/\/rczone.ee\/wp-content\/uploads\/2025\/06\/nano_little_and_large_bonnet.png\" alt=\"\" width=\"800\" height=\"503\" srcset=\"https:\/\/rczone.ee\/wp-content\/uploads\/2025\/06\/nano_little_and_large_bonnet.png 1300w, https:\/\/rczone.ee\/wp-content\/uploads\/2025\/06\/nano_little_and_large_bonnet-636x400.png 636w, https:\/\/rczone.ee\/wp-content\/uploads\/2025\/06\/nano_little_and_large_bonnet-1273x800.png 1273w, https:\/\/rczone.ee\/wp-content\/uploads\/2025\/06\/nano_little_and_large_bonnet-768x483.png 768w, https:\/\/rczone.ee\/wp-content\/uploads\/2025\/06\/nano_little_and_large_bonnet-18x12.png 18w, https:\/\/rczone.ee\/wp-content\/uploads\/2025\/06\/nano_little_and_large_bonnet-900x566.png 900w\" sizes=\"(max-width: 800px) 100vw, 800px\" \/> <img decoding=\"async\" class=\"alignnone wp-image-3353\" src=\"https:\/\/rczone.ee\/wp-content\/uploads\/2025\/06\/nano_top_side_guide.png\" alt=\"\" width=\"801\" height=\"576\" srcset=\"https:\/\/rczone.ee\/wp-content\/uploads\/2025\/06\/nano_top_side_guide.png 1300w, https:\/\/rczone.ee\/wp-content\/uploads\/2025\/06\/nano_top_side_guide-556x400.png 556w, https:\/\/rczone.ee\/wp-content\/uploads\/2025\/06\/nano_top_side_guide-1112x800.png 1112w, https:\/\/rczone.ee\/wp-content\/uploads\/2025\/06\/nano_top_side_guide-768x552.png 768w, https:\/\/rczone.ee\/wp-content\/uploads\/2025\/06\/nano_top_side_guide-18x12.png 18w, https:\/\/rczone.ee\/wp-content\/uploads\/2025\/06\/nano_top_side_guide-900x647.png 900w\" sizes=\"(max-width: 801px) 100vw, 801px\" \/><\/p>\n<p data-start=\"2063\" data-end=\"2268\"><img decoding=\"async\" class=\"alignnone wp-image-3354\" src=\"https:\/\/rczone.ee\/wp-content\/uploads\/2025\/06\/nano_front_rear_guide.png\" alt=\"\" width=\"801\" height=\"292\" srcset=\"https:\/\/rczone.ee\/wp-content\/uploads\/2025\/06\/nano_front_rear_guide.png 1300w, https:\/\/rczone.ee\/wp-content\/uploads\/2025\/06\/nano_front_rear_guide-800x292.png 800w, https:\/\/rczone.ee\/wp-content\/uploads\/2025\/06\/nano_front_rear_guide-768x280.png 768w, https:\/\/rczone.ee\/wp-content\/uploads\/2025\/06\/nano_front_rear_guide-18x7.png 18w, https:\/\/rczone.ee\/wp-content\/uploads\/2025\/06\/nano_front_rear_guide-900x328.png 900w\" sizes=\"(max-width: 801px) 100vw, 801px\" \/><\/p>","protected":false},"excerpt":{"rendered":"<ul>\n<li style=\"line-height: 1; padding-top: 20px;\">Level: Pro<\/li>\n<li style=\"line-height: 1;\">Altersgruppe der Benutzer: 8-13<\/li>\n<li style=\"line-height: 1;\">Kategorie: nano<\/li>\n<li style=\"line-height: 1;\">Ma\u00dfstab: 1:64<\/li>\n<li style=\"line-height: 1;\">Traktionsachse: 2WD<\/li>\n<li style=\"line-height: 1;\">Fertigstellung: Ready-To-Run<\/li>\n<li style=\"line-height: 1;\">Energie: Elektrizit\u00e4t<\/li>\n<\/ul>","protected":false},"featured_media":3343,"comment_status":"open","ping_status":"closed","template":"","meta":{"_monsterinsights_skip_tracking":false,"_monsterinsights_sitenote_active":false,"_monsterinsights_sitenote_note":"","_monsterinsights_sitenote_category":0},"fits_model":[],"product_brand":[],"product_cat":[110],"product_tag":[84],"woo-feed-brand":[86],"class_list":{"0":"post-3342","1":"product","2":"type-product","3":"status-publish","4":"has-post-thumbnail","6":"product_cat-nano","7":"product_tag-standard","8":"woo-feed-brand-hpi-racing","10":"first","11":"instock","12":"taxable","13":"shipping-taxable","14":"purchasable","15":"product-type-simple"},"yoast_head":"<!-- This site is optimized with the Yoast SEO plugin v27.3 - https:\/\/yoast.com\/product\/yoast-seo-wordpress\/ -->\n<title>HPI Racing nano-TTR 1969 Ford Mustang RTR-X - RC Zone | Raadio teel juhitavad autod<\/title>\n<meta name=\"robots\" content=\"index, follow, max-snippet:-1, max-image-preview:large, max-video-preview:-1\" \/>\n<link rel=\"canonical\" href=\"https:\/\/rczone.ee\/de\/product-2\/hpi-racing-nano-ttr-1969-ford-mustang-rtr-x\/\" \/>\n<meta property=\"og:locale\" content=\"de_DE\" \/>\n<meta property=\"og:type\" content=\"article\" \/>\n<meta property=\"og:title\" content=\"HPI Racing nano-TTR 1969 Ford Mustang RTR-X - RC Zone | Raadio teel juhitavad autod\" \/>\n<meta property=\"og:description\" content=\"Rate: Pro  Kasutaja vanuseklass: 8-13  Kategooria: Nano  Skaala: 1:64  Vedav sild: 2WD  Komplekteeritus: Ready-To-Run  Energia: Elekter\" \/>\n<meta property=\"og:url\" content=\"https:\/\/rczone.ee\/de\/product-2\/hpi-racing-nano-ttr-1969-ford-mustang-rtr-x\/\" \/>\n<meta property=\"og:site_name\" content=\"RC Zone | Raadio teel juhitavad autod\" \/>\n<meta property=\"article:publisher\" content=\"https:\/\/www.facebook.com\/rczone.ee\" \/>\n<meta property=\"article:modified_time\" content=\"2026-01-14T19:36:30+00:00\" \/>\n<meta property=\"og:image\" content=\"https:\/\/rczone.ee\/wp-content\/uploads\/2025\/06\/160980.jpg\" \/>\n\t<meta property=\"og:image:width\" content=\"800\" \/>\n\t<meta property=\"og:image:height\" content=\"800\" \/>\n\t<meta property=\"og:image:type\" content=\"image\/jpeg\" \/>\n<meta name=\"twitter:card\" content=\"summary_large_image\" \/>\n<meta name=\"twitter:label1\" content=\"Gesch\u00e4tzte Lesezeit\" \/>\n\t<meta name=\"twitter:data1\" content=\"4\u00a0Minuten\" \/>\n<script type=\"application\/ld+json\" class=\"yoast-schema-graph\">{\"@context\":\"https:\\\/\\\/schema.org\",\"@graph\":[{\"@type\":\"WebPage\",\"@id\":\"https:\\\/\\\/rczone.ee\\\/toode\\\/hpi-racing-nano-ttr-1969-ford-mustang-rtr-x\\\/\",\"url\":\"https:\\\/\\\/rczone.ee\\\/toode\\\/hpi-racing-nano-ttr-1969-ford-mustang-rtr-x\\\/\",\"name\":\"HPI Racing nano-TTR 1969 Ford Mustang RTR-X - RC Zone | Raadio teel juhitavad autod\",\"isPartOf\":{\"@id\":\"https:\\\/\\\/rczone.ee\\\/#website\"},\"primaryImageOfPage\":{\"@id\":\"https:\\\/\\\/rczone.ee\\\/toode\\\/hpi-racing-nano-ttr-1969-ford-mustang-rtr-x\\\/#primaryimage\"},\"image\":{\"@id\":\"https:\\\/\\\/rczone.ee\\\/toode\\\/hpi-racing-nano-ttr-1969-ford-mustang-rtr-x\\\/#primaryimage\"},\"thumbnailUrl\":\"https:\\\/\\\/rczone.ee\\\/wp-content\\\/uploads\\\/2025\\\/06\\\/160980.jpg\",\"datePublished\":\"2025-06-25T19:00:19+00:00\",\"dateModified\":\"2026-01-14T19:36:30+00:00\",\"breadcrumb\":{\"@id\":\"https:\\\/\\\/rczone.ee\\\/toode\\\/hpi-racing-nano-ttr-1969-ford-mustang-rtr-x\\\/#breadcrumb\"},\"inLanguage\":\"de\",\"potentialAction\":[{\"@type\":\"ReadAction\",\"target\":[\"https:\\\/\\\/rczone.ee\\\/toode\\\/hpi-racing-nano-ttr-1969-ford-mustang-rtr-x\\\/\"]}]},{\"@type\":\"ImageObject\",\"inLanguage\":\"de\",\"@id\":\"https:\\\/\\\/rczone.ee\\\/toode\\\/hpi-racing-nano-ttr-1969-ford-mustang-rtr-x\\\/#primaryimage\",\"url\":\"https:\\\/\\\/rczone.ee\\\/wp-content\\\/uploads\\\/2025\\\/06\\\/160980.jpg\",\"contentUrl\":\"https:\\\/\\\/rczone.ee\\\/wp-content\\\/uploads\\\/2025\\\/06\\\/160980.jpg\",\"width\":800,\"height\":800},{\"@type\":\"BreadcrumbList\",\"@id\":\"https:\\\/\\\/rczone.ee\\\/toode\\\/hpi-racing-nano-ttr-1969-ford-mustang-rtr-x\\\/#breadcrumb\",\"itemListElement\":[{\"@type\":\"ListItem\",\"position\":1,\"name\":\"Home\",\"item\":\"https:\\\/\\\/rczone.ee\\\/\"},{\"@type\":\"ListItem\",\"position\":2,\"name\":\"Shop\",\"item\":\"https:\\\/\\\/rczone.ee\\\/shop\\\/\"},{\"@type\":\"ListItem\",\"position\":3,\"name\":\"HPI Racing nano-TTR 1969 Ford Mustang RTR-X\"}]},{\"@type\":\"WebSite\",\"@id\":\"https:\\\/\\\/rczone.ee\\\/#website\",\"url\":\"https:\\\/\\\/rczone.ee\\\/\",\"name\":\"RcZone\",\"description\":\"RcZone - Raadio teel juhitavate autode veebipood. M&uuml;&uuml;me laia valikut kvaliteetseid ja v&otilde;imsaid RC-autosid. Kiire tarne ja konkurentsiv&otilde;imelised hinnad.\",\"publisher\":{\"@id\":\"https:\\\/\\\/rczone.ee\\\/#organization\"},\"potentialAction\":[{\"@type\":\"SearchAction\",\"target\":{\"@type\":\"EntryPoint\",\"urlTemplate\":\"https:\\\/\\\/rczone.ee\\\/?s={search_term_string}\"},\"query-input\":{\"@type\":\"PropertyValueSpecification\",\"valueRequired\":true,\"valueName\":\"search_term_string\"}}],\"inLanguage\":\"de\"},{\"@type\":\"Organization\",\"@id\":\"https:\\\/\\\/rczone.ee\\\/#organization\",\"name\":\"RcZone\",\"url\":\"https:\\\/\\\/rczone.ee\\\/\",\"logo\":{\"@type\":\"ImageObject\",\"inLanguage\":\"de\",\"@id\":\"https:\\\/\\\/rczone.ee\\\/#\\\/schema\\\/logo\\\/image\\\/\",\"url\":\"https:\\\/\\\/rczone.ee\\\/wp-content\\\/uploads\\\/2024\\\/01\\\/3D.png\",\"contentUrl\":\"https:\\\/\\\/rczone.ee\\\/wp-content\\\/uploads\\\/2024\\\/01\\\/3D.png\",\"width\":2080,\"height\":602,\"caption\":\"RcZone\"},\"image\":{\"@id\":\"https:\\\/\\\/rczone.ee\\\/#\\\/schema\\\/logo\\\/image\\\/\"},\"sameAs\":[\"https:\\\/\\\/www.facebook.com\\\/rczone.ee\"]}]}<\/script>\n<!-- \/ Yoast SEO plugin. -->","yoast_head_json":{"title":"HPI Racing nano-TTR 1969 Ford Mustang RTR-X - RC Zone | Ferngesteuerte Autos","robots":{"index":"index","follow":"follow","max-snippet":"max-snippet:-1","max-image-preview":"max-image-preview:large","max-video-preview":"max-video-preview:-1"},"canonical":"https:\/\/rczone.ee\/de\/product-2\/hpi-racing-nano-ttr-1969-ford-mustang-rtr-x\/","og_locale":"de_DE","og_type":"article","og_title":"HPI Racing nano-TTR 1969 Ford Mustang RTR-X - RC Zone | Raadio teel juhitavad autod","og_description":"Rate: Pro  Kasutaja vanuseklass: 8-13  Kategooria: Nano  Skaala: 1:64  Vedav sild: 2WD  Komplekteeritus: Ready-To-Run  Energia: Elekter","og_url":"https:\/\/rczone.ee\/de\/product-2\/hpi-racing-nano-ttr-1969-ford-mustang-rtr-x\/","og_site_name":"RC Zone | Raadio teel juhitavad autod","article_publisher":"https:\/\/www.facebook.com\/rczone.ee","article_modified_time":"2026-01-14T19:36:30+00:00","og_image":[{"width":800,"height":800,"url":"https:\/\/rczone.ee\/wp-content\/uploads\/2025\/06\/160980.jpg","type":"image\/jpeg"}],"twitter_card":"summary_large_image","twitter_misc":{"Gesch\u00e4tzte Lesezeit":"4\u00a0Minuten"},"schema":{"@context":"https:\/\/schema.org","@graph":[{"@type":"WebPage","@id":"https:\/\/rczone.ee\/toode\/hpi-racing-nano-ttr-1969-ford-mustang-rtr-x\/","url":"https:\/\/rczone.ee\/toode\/hpi-racing-nano-ttr-1969-ford-mustang-rtr-x\/","name":"HPI Racing nano-TTR 1969 Ford Mustang RTR-X - RC Zone | Ferngesteuerte Autos","isPartOf":{"@id":"https:\/\/rczone.ee\/#website"},"primaryImageOfPage":{"@id":"https:\/\/rczone.ee\/toode\/hpi-racing-nano-ttr-1969-ford-mustang-rtr-x\/#primaryimage"},"image":{"@id":"https:\/\/rczone.ee\/toode\/hpi-racing-nano-ttr-1969-ford-mustang-rtr-x\/#primaryimage"},"thumbnailUrl":"https:\/\/rczone.ee\/wp-content\/uploads\/2025\/06\/160980.jpg","datePublished":"2025-06-25T19:00:19+00:00","dateModified":"2026-01-14T19:36:30+00:00","breadcrumb":{"@id":"https:\/\/rczone.ee\/toode\/hpi-racing-nano-ttr-1969-ford-mustang-rtr-x\/#breadcrumb"},"inLanguage":"de","potentialAction":[{"@type":"ReadAction","target":["https:\/\/rczone.ee\/toode\/hpi-racing-nano-ttr-1969-ford-mustang-rtr-x\/"]}]},{"@type":"ImageObject","inLanguage":"de","@id":"https:\/\/rczone.ee\/toode\/hpi-racing-nano-ttr-1969-ford-mustang-rtr-x\/#primaryimage","url":"https:\/\/rczone.ee\/wp-content\/uploads\/2025\/06\/160980.jpg","contentUrl":"https:\/\/rczone.ee\/wp-content\/uploads\/2025\/06\/160980.jpg","width":800,"height":800},{"@type":"BreadcrumbList","@id":"https:\/\/rczone.ee\/toode\/hpi-racing-nano-ttr-1969-ford-mustang-rtr-x\/#breadcrumb","itemListElement":[{"@type":"ListItem","position":1,"name":"Home","item":"https:\/\/rczone.ee\/"},{"@type":"ListItem","position":2,"name":"Shop","item":"https:\/\/rczone.ee\/shop\/"},{"@type":"ListItem","position":3,"name":"HPI Racing nano-TTR 1969 Ford Mustang RTR-X"}]},{"@type":"WebSite","@id":"https:\/\/rczone.ee\/#website","url":"https:\/\/rczone.ee\/","name":"RcZone","description":"RcZone - Online Shop f\u00fcr funkgesteuerte Autos. Wir verkaufen eine breite Palette von qualitativ hochwertigen und leistungsstarken RC-Autos. Schnelle Lieferung und g\u00fcnstige Preise.","publisher":{"@id":"https:\/\/rczone.ee\/#organization"},"potentialAction":[{"@type":"SearchAction","target":{"@type":"EntryPoint","urlTemplate":"https:\/\/rczone.ee\/?s={search_term_string}"},"query-input":{"@type":"PropertyValueSpecification","valueRequired":true,"valueName":"search_term_string"}}],"inLanguage":"de"},{"@type":"Organization","@id":"https:\/\/rczone.ee\/#organization","name":"RcZone","url":"https:\/\/rczone.ee\/","logo":{"@type":"ImageObject","inLanguage":"de","@id":"https:\/\/rczone.ee\/#\/schema\/logo\/image\/","url":"https:\/\/rczone.ee\/wp-content\/uploads\/2024\/01\/3D.png","contentUrl":"https:\/\/rczone.ee\/wp-content\/uploads\/2024\/01\/3D.png","width":2080,"height":602,"caption":"RcZone"},"image":{"@id":"https:\/\/rczone.ee\/#\/schema\/logo\/image\/"},"sameAs":["https:\/\/www.facebook.com\/rczone.ee"]}]}},"_links":{"self":[{"href":"https:\/\/rczone.ee\/de\/wp-json\/wp\/v2\/product\/3342","targetHints":{"allow":["GET"]}}],"collection":[{"href":"https:\/\/rczone.ee\/de\/wp-json\/wp\/v2\/product"}],"about":[{"href":"https:\/\/rczone.ee\/de\/wp-json\/wp\/v2\/types\/product"}],"replies":[{"embeddable":true,"href":"https:\/\/rczone.ee\/de\/wp-json\/wp\/v2\/comments?post=3342"}],"wp:featuredmedia":[{"embeddable":true,"href":"https:\/\/rczone.ee\/de\/wp-json\/wp\/v2\/media\/3343"}],"wp:attachment":[{"href":"https:\/\/rczone.ee\/de\/wp-json\/wp\/v2\/media?parent=3342"}],"wp:term":[{"taxonomy":"fits_model","embeddable":true,"href":"https:\/\/rczone.ee\/de\/wp-json\/wp\/v2\/fits_model?post=3342"},{"taxonomy":"product_brand","embeddable":true,"href":"https:\/\/rczone.ee\/de\/wp-json\/wp\/v2\/product_brand?post=3342"},{"taxonomy":"product_cat","embeddable":true,"href":"https:\/\/rczone.ee\/de\/wp-json\/wp\/v2\/product_cat?post=3342"},{"taxonomy":"product_tag","embeddable":true,"href":"https:\/\/rczone.ee\/de\/wp-json\/wp\/v2\/product_tag?post=3342"},{"taxonomy":"woo-feed-brand","embeddable":true,"href":"https:\/\/rczone.ee\/de\/wp-json\/wp\/v2\/woo-feed-brand?post=3342"}],"curies":[{"name":"wp","href":"https:\/\/api.w.org\/{rel}","templated":true}]}}