{"id":3360,"date":"2025-06-26T21:09:56","date_gmt":"2025-06-26T18:09:56","guid":{"rendered":"https:\/\/rczone.ee\/?post_type=product&#038;p=3360"},"modified":"2026-04-06T19:22:00","modified_gmt":"2026-04-06T16:22:00","slug":"blackzon-slyder-mt-1-16-4wd-monstertruck","status":"publish","type":"product","link":"https:\/\/rczone.ee\/de\/toode\/blackzon-slyder-mt-1-16-4wd-monster-truck\/","title":{"rendered":"BLACKZON Slyder MT 1\/16 4WD Monster Truck"},"content":{"rendered":"<h3 data-pm-slice=\"1 1 []\">BLACKZON Slyder MT 1\/16 4WD Monster Truck - Das kleine aber feine Abenteuer beginnt hier!<\/h3>\n<p><img decoding=\"async\" class=\"alignnone size-full wp-image-3387\" src=\"https:\/\/rczone.ee\/wp-content\/uploads\/2025\/06\/slyder_mt_orange_web_header.png\" alt=\"\" width=\"1300\" height=\"456\" srcset=\"https:\/\/rczone.ee\/wp-content\/uploads\/2025\/06\/slyder_mt_orange_web_header.png 1300w, https:\/\/rczone.ee\/wp-content\/uploads\/2025\/06\/slyder_mt_orange_web_header-800x281.png 800w, https:\/\/rczone.ee\/wp-content\/uploads\/2025\/06\/slyder_mt_orange_web_header-768x269.png 768w, https:\/\/rczone.ee\/wp-content\/uploads\/2025\/06\/slyder_mt_orange_web_header-18x6.png 18w, https:\/\/rczone.ee\/wp-content\/uploads\/2025\/06\/slyder_mt_orange_web_header-900x316.png 900w\" sizes=\"(max-width: 1300px) 100vw, 1300px\" \/><\/p>\n<p>Bist du bereit f\u00fcr deinen ersten gro\u00dfen Sprung in die aufregende Welt der ferngesteuerten Autos? Der BLACKZON Slyder MT 1\/16 4WD Monster Truck ist die perfekte Wahl f\u00fcr jeden Einsteiger im RcZone.ee Online Shop und bietet jede Menge coole Action.<\/p>\n<p>Der Slyder MT ist f\u00fcr aufregende Spr\u00fcnge, berauschende Stunts und Hochgeschwindigkeitsfahrten auf jedem Terrain konzipiert. Dank Allradantrieb, Einzelradaufh\u00e4ngung mit Doppelquerlenkern und einstellbaren Sto\u00dfd\u00e4mpfern \u00fcberwindet dieses Modell m\u00fchelos jedes Hindernis, ob drinnen oder drau\u00dfen. Wasserdichte Elektronik, ein schmutzresistentes Getriebe und ein robuster Servoschutz machen das Fahren mit dem Slyder MT sicher und sorgenfrei.<\/p>\n<p>Der BLACKZON Slyder MT Monstertruck f\u00e4llt nicht nur durch sein auff\u00e4lliges schwarz-gr\u00fcnes Design und die markanten R\u00e4der auf, sondern bietet auch eine au\u00dfergew\u00f6hnliche Leistung. Ein leistungsstarker 390er-Elektromotor mit B\u00fcrsten und ein Li-Ion-Akku (7,4 V, 800 mAh) verleihen dem Truck eine H\u00f6chstgeschwindigkeit von ~27 km\/h und sorgen f\u00fcr ein schnelles und geschmeidiges Fahrerlebnis. Der Tempomat erm\u00f6glicht eine einfache Kontrolle des Fahrstils, wodurch sich das Fahrzeug auch f\u00fcr j\u00fcngere Fahrer und Anf\u00e4nger eignet.<\/p>\n<p>Vervollst\u00e4ndigen Sie Ihr Abenteuer mit den mitgelieferten LED-Scheinwerfern, die das Fahren in der Dunkelheit noch aufregender und spektakul\u00e4rer machen.<\/p>\n<p><img decoding=\"async\" class=\"alignnone size-full wp-image-3386\" src=\"https:\/\/rczone.ee\/wp-content\/uploads\/2025\/06\/slyder_mt_features.png\" alt=\"\" width=\"1300\" height=\"315\" srcset=\"https:\/\/rczone.ee\/wp-content\/uploads\/2025\/06\/slyder_mt_features.png 1300w, https:\/\/rczone.ee\/wp-content\/uploads\/2025\/06\/slyder_mt_features-800x194.png 800w, https:\/\/rczone.ee\/wp-content\/uploads\/2025\/06\/slyder_mt_features-768x186.png 768w, https:\/\/rczone.ee\/wp-content\/uploads\/2025\/06\/slyder_mt_features-18x4.png 18w, https:\/\/rczone.ee\/wp-content\/uploads\/2025\/06\/slyder_mt_features-900x218.png 900w\" sizes=\"(max-width: 1300px) 100vw, 1300px\" \/><\/p>\n<h3>BLACKZON Slyder MT Monster Truck - die wichtigsten Vorteile und Merkmale:<\/h3>\n<ul data-spread=\"false\">\n<li>Allradantrieb (4WD)<\/li>\n<li>Einzelradaufh\u00e4ngung mit Doppelquerlenkern<\/li>\n<li>Einstellbare D\u00e4mpfer<\/li>\n<li>Vordere und hintere Differentiale<\/li>\n<li>Wasserdichte Elektronik und schmutzabweisende Beschichtung<\/li>\n<li>Servo-Schutzsystem<\/li>\n<li>2,4 GHz-Fernsteuerung<\/li>\n<li>Geliefert mit Li-Ion-Akku (7,4 V, 800 mAh) und USB-Ladeger\u00e4t.<\/li>\n<li>Lieferung mit optionalen LED-Scheinwerfern<\/li>\n<li>Einstellbare Geschwindigkeit bis zu 27 km\/h<\/li>\n<\/ul>\n<p><iframe title=\"YouTube-Video-Player\" src=\"https:\/\/www.youtube.com\/embed\/8hCuPDsPGgk?si=z_9A-0GRDds0kUm2\" width=\"896\" height=\"504\" frameborder=\"0\" allowfullscreen=\"allowfullscreen\"><\/iframe><\/p>\n<h3>Technische Daten:<\/h3>\n<ul data-spread=\"false\">\n<li>L\u00e4nge: 270 mm<\/li>\n<li>Breite: 215 mm<\/li>\n<li>H\u00f6he: 130 mm<\/li>\n<li>Achsabstand: 175 mm<\/li>\n<\/ul>\n<h3>Dar\u00fcber hinaus ben\u00f6tigen Sie:<\/h3>\n<ul data-spread=\"false\">\n<li>2x AA-Batterien f\u00fcr die Fernbedienung<\/li>\n<\/ul>\n<p>Bestellen Sie Ihren BLACKZON Slyder MT noch heute bei RcZone.ee und genie\u00dfen Sie endlose und aufregende Fahrten!<\/p>\n<p><img decoding=\"async\" class=\"alignnone wp-image-3384\" src=\"https:\/\/rczone.ee\/wp-content\/uploads\/2025\/06\/slyder_mt_colours.png\" alt=\"\" width=\"800\" height=\"277\" srcset=\"https:\/\/rczone.ee\/wp-content\/uploads\/2025\/06\/slyder_mt_colours.png 1300w, https:\/\/rczone.ee\/wp-content\/uploads\/2025\/06\/slyder_mt_colours-800x277.png 800w, https:\/\/rczone.ee\/wp-content\/uploads\/2025\/06\/slyder_mt_colours-768x266.png 768w, https:\/\/rczone.ee\/wp-content\/uploads\/2025\/06\/slyder_mt_colours-18x6.png 18w, https:\/\/rczone.ee\/wp-content\/uploads\/2025\/06\/slyder_mt_colours-900x312.png 900w\" sizes=\"(max-width: 800px) 100vw, 800px\" \/><\/p>\n<p><img decoding=\"async\" class=\"alignnone wp-image-3385\" src=\"https:\/\/rczone.ee\/wp-content\/uploads\/2025\/06\/slyder_mt_dimensions.png\" alt=\"\" width=\"799\" height=\"298\" srcset=\"https:\/\/rczone.ee\/wp-content\/uploads\/2025\/06\/slyder_mt_dimensions.png 1300w, https:\/\/rczone.ee\/wp-content\/uploads\/2025\/06\/slyder_mt_dimensions-800x298.png 800w, https:\/\/rczone.ee\/wp-content\/uploads\/2025\/06\/slyder_mt_dimensions-768x287.png 768w, https:\/\/rczone.ee\/wp-content\/uploads\/2025\/06\/slyder_mt_dimensions-18x7.png 18w, https:\/\/rczone.ee\/wp-content\/uploads\/2025\/06\/slyder_mt_dimensions-900x336.png 900w\" sizes=\"(max-width: 799px) 100vw, 799px\" \/><\/p>\n<p><img decoding=\"async\" class=\"alignnone wp-image-3383\" src=\"https:\/\/rczone.ee\/wp-content\/uploads\/2025\/06\/slyder_mt_box_contents.png\" alt=\"\" width=\"800\" height=\"492\" srcset=\"https:\/\/rczone.ee\/wp-content\/uploads\/2025\/06\/slyder_mt_box_contents.png 1300w, https:\/\/rczone.ee\/wp-content\/uploads\/2025\/06\/slyder_mt_box_contents-650x400.png 650w, https:\/\/rczone.ee\/wp-content\/uploads\/2025\/06\/slyder_mt_box_contents-768x473.png 768w, https:\/\/rczone.ee\/wp-content\/uploads\/2025\/06\/slyder_mt_box_contents-18x12.png 18w, https:\/\/rczone.ee\/wp-content\/uploads\/2025\/06\/slyder_mt_box_contents-900x554.png 900w\" sizes=\"(max-width: 800px) 100vw, 800px\" \/><\/p>","protected":false},"excerpt":{"rendered":"<ul>\n<li style=\"line-height: 1; padding-top: 20px;\">Bewerten: Funke<\/li>\n<li style=\"line-height: 1;\">Altersgruppe der Benutzer: 5-8<\/li>\n<li style=\"line-height: 1;\">Kategorie: Monstertruck<\/li>\n<li style=\"line-height: 1;\">Ma\u00dfstab: 1:16<\/li>\n<li style=\"line-height: 1;\">Antriebsart: 4WD<\/li>\n<li style=\"line-height: 1;\">H\u00f6chstgeschwindigkeit: 27 km\/h<\/li>\n<li style=\"line-height: 1;\">Fertigstellung: Ready-To-Run<\/li>\n<li style=\"line-height: 1;\">Energie: Elektrizit\u00e4t<\/li>\n<\/ul>","protected":false},"featured_media":3375,"comment_status":"open","ping_status":"closed","template":"","meta":{"_monsterinsights_skip_tracking":false,"_monsterinsights_sitenote_active":false,"_monsterinsights_sitenote_note":"","_monsterinsights_sitenote_category":0},"fits_model":[],"product_brand":[],"product_cat":[32],"product_tag":[84],"woo-feed-brand":[105],"class_list":{"0":"post-3360","1":"product","2":"type-product","3":"status-publish","4":"has-post-thumbnail","6":"product_cat-monster-truck","7":"product_tag-standard","8":"woo-feed-brand-blackzon","10":"first","11":"instock","12":"taxable","13":"shipping-taxable","14":"purchasable","15":"product-type-variable","16":"has-default-attributes"},"yoast_head":"<!-- This site is optimized with the Yoast SEO plugin v27.3 - https:\/\/yoast.com\/product\/yoast-seo-wordpress\/ -->\n<title>BLACKZON Slyder MT 1\/16 4WD Monster Truck - RC Zone | Raadio teel juhitavad autod<\/title>\n<meta name=\"robots\" content=\"index, follow, max-snippet:-1, max-image-preview:large, max-video-preview:-1\" \/>\n<link rel=\"canonical\" href=\"https:\/\/rczone.ee\/de\/product-2\/blackzon-slyder-mt-1-16-4wd-monstertruck\/\" \/>\n<meta property=\"og:locale\" content=\"de_DE\" \/>\n<meta property=\"og:type\" content=\"article\" \/>\n<meta property=\"og:title\" content=\"BLACKZON Slyder MT 1\/16 4WD Monster Truck - RC Zone | Raadio teel juhitavad autod\" \/>\n<meta property=\"og:description\" content=\"Rate: Spark  Kasutaja vanuseklass: 5-8  Kategooria: Monster Truck  Skaala: 1:16  Vedav sild: 4WD  Max kiirus: 27 km\/h  Komplekteeritus: Ready-To-Run  Energia: Elekter\" \/>\n<meta property=\"og:url\" content=\"https:\/\/rczone.ee\/de\/product-2\/blackzon-slyder-mt-1-16-4wd-monstertruck\/\" \/>\n<meta property=\"og:site_name\" content=\"RC Zone | Raadio teel juhitavad autod\" \/>\n<meta property=\"article:publisher\" content=\"https:\/\/www.facebook.com\/rczone.ee\" \/>\n<meta property=\"article:modified_time\" content=\"2026-04-06T16:22:00+00:00\" \/>\n<meta property=\"og:image\" content=\"https:\/\/rczone.ee\/wp-content\/uploads\/2025\/06\/BZ_Slyder_MT_LowThreeQuarter_Green.jpg\" \/>\n\t<meta property=\"og:image:width\" content=\"800\" \/>\n\t<meta property=\"og:image:height\" content=\"800\" \/>\n\t<meta property=\"og:image:type\" content=\"image\/jpeg\" \/>\n<meta name=\"twitter:card\" content=\"summary_large_image\" \/>\n<meta name=\"twitter:label1\" content=\"Gesch\u00e4tzte Lesezeit\" \/>\n\t<meta name=\"twitter:data1\" content=\"3\u00a0Minuten\" \/>\n<script type=\"application\/ld+json\" class=\"yoast-schema-graph\">{\"@context\":\"https:\\\/\\\/schema.org\",\"@graph\":[{\"@type\":\"WebPage\",\"@id\":\"https:\\\/\\\/rczone.ee\\\/toode\\\/blackzon-slyder-mt-1-16-4wd-monster-truck\\\/\",\"url\":\"https:\\\/\\\/rczone.ee\\\/toode\\\/blackzon-slyder-mt-1-16-4wd-monster-truck\\\/\",\"name\":\"BLACKZON Slyder MT 1\\\/16 4WD Monster Truck - RC Zone | Raadio teel juhitavad autod\",\"isPartOf\":{\"@id\":\"https:\\\/\\\/rczone.ee\\\/#website\"},\"primaryImageOfPage\":{\"@id\":\"https:\\\/\\\/rczone.ee\\\/toode\\\/blackzon-slyder-mt-1-16-4wd-monster-truck\\\/#primaryimage\"},\"image\":{\"@id\":\"https:\\\/\\\/rczone.ee\\\/toode\\\/blackzon-slyder-mt-1-16-4wd-monster-truck\\\/#primaryimage\"},\"thumbnailUrl\":\"https:\\\/\\\/rczone.ee\\\/wp-content\\\/uploads\\\/2025\\\/06\\\/BZ_Slyder_MT_LowThreeQuarter_Green.jpg\",\"datePublished\":\"2025-06-26T18:09:56+00:00\",\"dateModified\":\"2026-04-06T16:22:00+00:00\",\"breadcrumb\":{\"@id\":\"https:\\\/\\\/rczone.ee\\\/toode\\\/blackzon-slyder-mt-1-16-4wd-monster-truck\\\/#breadcrumb\"},\"inLanguage\":\"de\",\"potentialAction\":[{\"@type\":\"ReadAction\",\"target\":[\"https:\\\/\\\/rczone.ee\\\/toode\\\/blackzon-slyder-mt-1-16-4wd-monster-truck\\\/\"]}]},{\"@type\":\"ImageObject\",\"inLanguage\":\"de\",\"@id\":\"https:\\\/\\\/rczone.ee\\\/toode\\\/blackzon-slyder-mt-1-16-4wd-monster-truck\\\/#primaryimage\",\"url\":\"https:\\\/\\\/rczone.ee\\\/wp-content\\\/uploads\\\/2025\\\/06\\\/BZ_Slyder_MT_LowThreeQuarter_Green.jpg\",\"contentUrl\":\"https:\\\/\\\/rczone.ee\\\/wp-content\\\/uploads\\\/2025\\\/06\\\/BZ_Slyder_MT_LowThreeQuarter_Green.jpg\",\"width\":800,\"height\":800},{\"@type\":\"BreadcrumbList\",\"@id\":\"https:\\\/\\\/rczone.ee\\\/toode\\\/blackzon-slyder-mt-1-16-4wd-monster-truck\\\/#breadcrumb\",\"itemListElement\":[{\"@type\":\"ListItem\",\"position\":1,\"name\":\"Home\",\"item\":\"https:\\\/\\\/rczone.ee\\\/\"},{\"@type\":\"ListItem\",\"position\":2,\"name\":\"Shop\",\"item\":\"https:\\\/\\\/rczone.ee\\\/shop\\\/\"},{\"@type\":\"ListItem\",\"position\":3,\"name\":\"BLACKZON Slyder MT 1\\\/16 4WD Monster Truck\"}]},{\"@type\":\"WebSite\",\"@id\":\"https:\\\/\\\/rczone.ee\\\/#website\",\"url\":\"https:\\\/\\\/rczone.ee\\\/\",\"name\":\"RcZone\",\"description\":\"RcZone - Raadio teel juhitavate autode veebipood. M&uuml;&uuml;me laia valikut kvaliteetseid ja v&otilde;imsaid RC-autosid. Kiire tarne ja konkurentsiv&otilde;imelised hinnad.\",\"publisher\":{\"@id\":\"https:\\\/\\\/rczone.ee\\\/#organization\"},\"potentialAction\":[{\"@type\":\"SearchAction\",\"target\":{\"@type\":\"EntryPoint\",\"urlTemplate\":\"https:\\\/\\\/rczone.ee\\\/?s={search_term_string}\"},\"query-input\":{\"@type\":\"PropertyValueSpecification\",\"valueRequired\":true,\"valueName\":\"search_term_string\"}}],\"inLanguage\":\"de\"},{\"@type\":\"Organization\",\"@id\":\"https:\\\/\\\/rczone.ee\\\/#organization\",\"name\":\"RcZone\",\"url\":\"https:\\\/\\\/rczone.ee\\\/\",\"logo\":{\"@type\":\"ImageObject\",\"inLanguage\":\"de\",\"@id\":\"https:\\\/\\\/rczone.ee\\\/#\\\/schema\\\/logo\\\/image\\\/\",\"url\":\"https:\\\/\\\/rczone.ee\\\/wp-content\\\/uploads\\\/2024\\\/01\\\/3D.png\",\"contentUrl\":\"https:\\\/\\\/rczone.ee\\\/wp-content\\\/uploads\\\/2024\\\/01\\\/3D.png\",\"width\":2080,\"height\":602,\"caption\":\"RcZone\"},\"image\":{\"@id\":\"https:\\\/\\\/rczone.ee\\\/#\\\/schema\\\/logo\\\/image\\\/\"},\"sameAs\":[\"https:\\\/\\\/www.facebook.com\\\/rczone.ee\"]}]}<\/script>\n<!-- \/ Yoast SEO plugin. -->","yoast_head_json":{"title":"BLACKZON Slyder MT 1\/16 4WD Monster Truck - RC Zone | Funkgesteuerte Autos","robots":{"index":"index","follow":"follow","max-snippet":"max-snippet:-1","max-image-preview":"max-image-preview:large","max-video-preview":"max-video-preview:-1"},"canonical":"https:\/\/rczone.ee\/de\/product-2\/blackzon-slyder-mt-1-16-4wd-monstertruck\/","og_locale":"de_DE","og_type":"article","og_title":"BLACKZON Slyder MT 1\/16 4WD Monster Truck - RC Zone | Raadio teel juhitavad autod","og_description":"Rate: Spark  Kasutaja vanuseklass: 5-8  Kategooria: Monster Truck  Skaala: 1:16  Vedav sild: 4WD  Max kiirus: 27 km\/h  Komplekteeritus: Ready-To-Run  Energia: Elekter","og_url":"https:\/\/rczone.ee\/de\/product-2\/blackzon-slyder-mt-1-16-4wd-monstertruck\/","og_site_name":"RC Zone | Raadio teel juhitavad autod","article_publisher":"https:\/\/www.facebook.com\/rczone.ee","article_modified_time":"2026-04-06T16:22:00+00:00","og_image":[{"width":800,"height":800,"url":"https:\/\/rczone.ee\/wp-content\/uploads\/2025\/06\/BZ_Slyder_MT_LowThreeQuarter_Green.jpg","type":"image\/jpeg"}],"twitter_card":"summary_large_image","twitter_misc":{"Gesch\u00e4tzte Lesezeit":"3\u00a0Minuten"},"schema":{"@context":"https:\/\/schema.org","@graph":[{"@type":"WebPage","@id":"https:\/\/rczone.ee\/toode\/blackzon-slyder-mt-1-16-4wd-monster-truck\/","url":"https:\/\/rczone.ee\/toode\/blackzon-slyder-mt-1-16-4wd-monster-truck\/","name":"BLACKZON Slyder MT 1\/16 4WD Monster Truck - RC Zone | Funkgesteuerte Autos","isPartOf":{"@id":"https:\/\/rczone.ee\/#website"},"primaryImageOfPage":{"@id":"https:\/\/rczone.ee\/toode\/blackzon-slyder-mt-1-16-4wd-monster-truck\/#primaryimage"},"image":{"@id":"https:\/\/rczone.ee\/toode\/blackzon-slyder-mt-1-16-4wd-monster-truck\/#primaryimage"},"thumbnailUrl":"https:\/\/rczone.ee\/wp-content\/uploads\/2025\/06\/BZ_Slyder_MT_LowThreeQuarter_Green.jpg","datePublished":"2025-06-26T18:09:56+00:00","dateModified":"2026-04-06T16:22:00+00:00","breadcrumb":{"@id":"https:\/\/rczone.ee\/toode\/blackzon-slyder-mt-1-16-4wd-monster-truck\/#breadcrumb"},"inLanguage":"de","potentialAction":[{"@type":"ReadAction","target":["https:\/\/rczone.ee\/toode\/blackzon-slyder-mt-1-16-4wd-monster-truck\/"]}]},{"@type":"ImageObject","inLanguage":"de","@id":"https:\/\/rczone.ee\/toode\/blackzon-slyder-mt-1-16-4wd-monster-truck\/#primaryimage","url":"https:\/\/rczone.ee\/wp-content\/uploads\/2025\/06\/BZ_Slyder_MT_LowThreeQuarter_Green.jpg","contentUrl":"https:\/\/rczone.ee\/wp-content\/uploads\/2025\/06\/BZ_Slyder_MT_LowThreeQuarter_Green.jpg","width":800,"height":800},{"@type":"BreadcrumbList","@id":"https:\/\/rczone.ee\/toode\/blackzon-slyder-mt-1-16-4wd-monster-truck\/#breadcrumb","itemListElement":[{"@type":"ListItem","position":1,"name":"Home","item":"https:\/\/rczone.ee\/"},{"@type":"ListItem","position":2,"name":"Shop","item":"https:\/\/rczone.ee\/shop\/"},{"@type":"ListItem","position":3,"name":"BLACKZON Slyder MT 1\/16 4WD Monster Truck"}]},{"@type":"WebSite","@id":"https:\/\/rczone.ee\/#website","url":"https:\/\/rczone.ee\/","name":"RcZone","description":"RcZone - Online Shop f\u00fcr funkgesteuerte Autos. Wir verkaufen eine breite Palette von qualitativ hochwertigen und leistungsstarken RC-Autos. Schnelle Lieferung und g\u00fcnstige Preise.","publisher":{"@id":"https:\/\/rczone.ee\/#organization"},"potentialAction":[{"@type":"SearchAction","target":{"@type":"EntryPoint","urlTemplate":"https:\/\/rczone.ee\/?s={search_term_string}"},"query-input":{"@type":"PropertyValueSpecification","valueRequired":true,"valueName":"search_term_string"}}],"inLanguage":"de"},{"@type":"Organization","@id":"https:\/\/rczone.ee\/#organization","name":"RcZone","url":"https:\/\/rczone.ee\/","logo":{"@type":"ImageObject","inLanguage":"de","@id":"https:\/\/rczone.ee\/#\/schema\/logo\/image\/","url":"https:\/\/rczone.ee\/wp-content\/uploads\/2024\/01\/3D.png","contentUrl":"https:\/\/rczone.ee\/wp-content\/uploads\/2024\/01\/3D.png","width":2080,"height":602,"caption":"RcZone"},"image":{"@id":"https:\/\/rczone.ee\/#\/schema\/logo\/image\/"},"sameAs":["https:\/\/www.facebook.com\/rczone.ee"]}]}},"_links":{"self":[{"href":"https:\/\/rczone.ee\/de\/wp-json\/wp\/v2\/product\/3360","targetHints":{"allow":["GET"]}}],"collection":[{"href":"https:\/\/rczone.ee\/de\/wp-json\/wp\/v2\/product"}],"about":[{"href":"https:\/\/rczone.ee\/de\/wp-json\/wp\/v2\/types\/product"}],"replies":[{"embeddable":true,"href":"https:\/\/rczone.ee\/de\/wp-json\/wp\/v2\/comments?post=3360"}],"wp:featuredmedia":[{"embeddable":true,"href":"https:\/\/rczone.ee\/de\/wp-json\/wp\/v2\/media\/3375"}],"wp:attachment":[{"href":"https:\/\/rczone.ee\/de\/wp-json\/wp\/v2\/media?parent=3360"}],"wp:term":[{"taxonomy":"fits_model","embeddable":true,"href":"https:\/\/rczone.ee\/de\/wp-json\/wp\/v2\/fits_model?post=3360"},{"taxonomy":"product_brand","embeddable":true,"href":"https:\/\/rczone.ee\/de\/wp-json\/wp\/v2\/product_brand?post=3360"},{"taxonomy":"product_cat","embeddable":true,"href":"https:\/\/rczone.ee\/de\/wp-json\/wp\/v2\/product_cat?post=3360"},{"taxonomy":"product_tag","embeddable":true,"href":"https:\/\/rczone.ee\/de\/wp-json\/wp\/v2\/product_tag?post=3360"},{"taxonomy":"woo-feed-brand","embeddable":true,"href":"https:\/\/rczone.ee\/de\/wp-json\/wp\/v2\/woo-feed-brand?post=3360"}],"curies":[{"name":"wp","href":"https:\/\/api.w.org\/{rel}","templated":true}]}}