{"id":3828,"date":"2025-07-23T22:33:00","date_gmt":"2025-07-23T19:33:00","guid":{"rendered":"https:\/\/rczone.ee\/?post_type=product&#038;p=3828"},"modified":"2025-12-02T05:50:07","modified_gmt":"2025-12-02T03:50:07","slug":"hpi-racing-venture18-u4-ford-bronco-4400","status":"publish","type":"product","link":"https:\/\/rczone.ee\/de\/toode\/hpi-racing-venture18-u4-ford-bronco-4400\/","title":{"rendered":"NEU! HPI Racing Venture18 U4 Ford Bronco 4400"},"content":{"rendered":"<h2>HPI Racing Venture18 U4 Ford Bronco 4400!<\/h2>\n<p><img decoding=\"async\" class=\"alignnone size-full wp-image-3831\" src=\"https:\/\/rczone.ee\/wp-content\/uploads\/2025\/07\/u4_mh_headerfix.png\" alt=\"\" width=\"1300\" height=\"457\" srcset=\"https:\/\/rczone.ee\/wp-content\/uploads\/2025\/07\/u4_mh_headerfix.png 1300w, https:\/\/rczone.ee\/wp-content\/uploads\/2025\/07\/u4_mh_headerfix-800x281.png 800w, https:\/\/rczone.ee\/wp-content\/uploads\/2025\/07\/u4_mh_headerfix-768x270.png 768w, https:\/\/rczone.ee\/wp-content\/uploads\/2025\/07\/u4_mh_headerfix-18x6.png 18w, https:\/\/rczone.ee\/wp-content\/uploads\/2025\/07\/u4_mh_headerfix-900x316.png 900w\" sizes=\"(max-width: 1300px) 100vw, 1300px\" \/><\/p>\n<p>Der neue HPI Racing Venture18 U4 Ford Bronco 4400 wurde entwickelt, um die Rennstrecke mit einem auff\u00e4lligen Aussehen und solider Leistung zu dominieren. Basierend auf dem bew\u00e4hrten Venture18 Chassis liefert dieser kompakte Crawler herausragende Leistung in einer tragbaren, \u00fcberall einsetzbaren Plattform. Ob auf engen, technischen Trails oder felsigem Gel\u00e4nde, der Venture18 U4 Ford Bronco l\u00e4sst nichts anbrennen.<\/p>\n<p>Wie sein Vorg\u00e4nger ist auch der Venture18 U4 mit einem robusten C-Kanal-Chassis aus Stahlguss und einer realistischen Kraft\u00fcbertragung ausgestattet. Er ist mit einem pr\u00e4zisionsgefertigten Ganzmetall-Getriebe mit 2 G\u00e4ngen, gesperrten Differentialen, einer 4-Lenker-Vorder- und Hinterradaufh\u00e4ngung und gegenl\u00e4ufigen Universal-Teleskop-Antriebswellen ausgestattet - f\u00fcr ein echtes Offroad-Gef\u00fchl auf jedem Terrain. Die \u00f6lgef\u00fcllten V2-Sto\u00dfd\u00e4mpfer sorgen f\u00fcr ein sanftes und gleichm\u00e4\u00dfiges Fahrverhalten.<\/p>\n<p>Das offiziell lizenzierte Chassis ist mit einem aggressiven RTR Vehicles Off-Road-Styling, einem r\u00f6hrenf\u00f6rmigen Sicherheitsb\u00fcgel, einer ersten LED-Lichtleiste und einer Polycarbonat-Karosserie ausgestattet, entweder mit dem echten Fahrzeugdesign von Vaughn Gittin Jr. oder Loren Healy.<\/p>\n<p>Der Venture18 U4 Ford Bronco 4400 ist komplett fahrbereit (RTR), komplett mit einem 600 mAh LiPo-Akku und USB-Ladeger\u00e4t - alles, was Sie brauchen, um auf die Strecke zu gehen, sobald Sie die Box \u00f6ffnen. Ob Sie \u00fcber Felsen springen oder in Ihrem Garten fahren, dieser kompakte Gel\u00e4ndewagen meistert jedes Terrain.<\/p>\n<p><img decoding=\"async\" class=\"alignnone size-full wp-image-3854\" src=\"https:\/\/rczone.ee\/wp-content\/uploads\/2025\/07\/u4_mh_studio_view_side.png\" alt=\"\" width=\"1300\" height=\"470\" srcset=\"https:\/\/rczone.ee\/wp-content\/uploads\/2025\/07\/u4_mh_studio_view_side.png 1300w, https:\/\/rczone.ee\/wp-content\/uploads\/2025\/07\/u4_mh_studio_view_side-800x289.png 800w, https:\/\/rczone.ee\/wp-content\/uploads\/2025\/07\/u4_mh_studio_view_side-768x278.png 768w, https:\/\/rczone.ee\/wp-content\/uploads\/2025\/07\/u4_mh_studio_view_side-18x7.png 18w, https:\/\/rczone.ee\/wp-content\/uploads\/2025\/07\/u4_mh_studio_view_side-900x325.png 900w\" sizes=\"(max-width: 1300px) 100vw, 1300px\" \/> <img decoding=\"async\" class=\"alignnone size-full wp-image-3855\" src=\"https:\/\/rczone.ee\/wp-content\/uploads\/2025\/07\/u4_vgr_studio_view_rear_34.png\" alt=\"\" width=\"1300\" height=\"501\" srcset=\"https:\/\/rczone.ee\/wp-content\/uploads\/2025\/07\/u4_vgr_studio_view_rear_34.png 1300w, https:\/\/rczone.ee\/wp-content\/uploads\/2025\/07\/u4_vgr_studio_view_rear_34-800x308.png 800w, https:\/\/rczone.ee\/wp-content\/uploads\/2025\/07\/u4_vgr_studio_view_rear_34-768x296.png 768w, https:\/\/rczone.ee\/wp-content\/uploads\/2025\/07\/u4_vgr_studio_view_rear_34-18x7.png 18w, https:\/\/rczone.ee\/wp-content\/uploads\/2025\/07\/u4_vgr_studio_view_rear_34-900x347.png 900w\" sizes=\"(max-width: 1300px) 100vw, 1300px\" \/><\/p>\n<div id=\"section_8\" class=\"section\">\n<div class=\"wrapper\">\n<h2>FORD Bronco 4400<\/h2>\n<p>Der offiziell lizenzierte Venture18 RTR ist dem bekannten Ford Bronco 4400 von Vaughn Gittin Jr. und Loren Healy nachempfunden und spiegelt das Verhalten und die Aggressivit\u00e4t eines ausgewachsenen Autos wider. Inspiriert von rennerprobten Fahrzeugen, \u00e4hnelt dieses RC-Car mit auff\u00e4lligen Farben und authentischen Details nicht nur dem Aussehen echter Rennwagen, sondern ist auch so gebaut, dass es im Gel\u00e4nde wie ein echtes 1000-PS-Monster durch den King of the Hammers rast.<br \/><iframe title=\"YouTube-Video-Player\" src=\"https:\/\/www.youtube.com\/embed\/8R-XhOgv0rg?si=geTXeRTcyBQLQUpt\" width=\"896\" height=\"504\" frameborder=\"0\" allowfullscreen=\"allowfullscreen\"><span data-mce-type=\"bookmark\" style=\"display: inline-block; width: 0px; overflow: hidden; line-height: 0;\" class=\"mce_SELRES_start\"><\/span><\/iframe><\/p>\n<\/div>\n<\/div>\n<h2 class=\"wrapper\">Details, die f\u00fcr einen robusten Realismus und die Bebaubarkeit der Landschaft sorgen<\/h2>\n<div>\n<p>Der Venture18 U4-Rahmen ist aus besonders widerstandsf\u00e4higem Polycarbonat gefertigt und h\u00e4lt den Strapazen von Wanderwegen und rasanten Ultra4-Fahrten stand.<\/p>\n<p>F\u00fcr zus\u00e4tzliche Seriosit\u00e4t ist am Heck ein voll funktionsf\u00e4higes Reserverad angebracht, das nicht nur der Optik dient, sondern auch abgestellt werden kann, wenn auf der Rennstrecke etwas Unerwartetes passiert. Ein Sicherheitsb\u00fcgel an der Innenseite des Chassis bietet zus\u00e4tzlichen Schutz und verleiht dem Modell einen echten Rock-Racer-Look.<\/p>\n<p>Auch in der Kabine gibt es jede Menge Details - ein realistisches Cockpit mit abgeformten Fahrer- und Armaturenbrettdetails sorgt f\u00fcr echtes Rennwagen-Feeling direkt aus der Verpackung.<\/p>\n<\/div>\n<h2>TRAILBLASTER-Gel\u00e4ndereifen mit CL-5-Felgen<\/h2>\n<p>Der Venture18 U4 ist mit den neuen TREDZ 1.2\u2033 TRAILBLASTER-Reifen ausgestattet, die aus einer weichen Gummimischung mit hohem Grip bestehen und selbst auf schwierigstem Terrain maximale Traktion bieten. Diese \u00fcberdimensionierten Reifen haben einen 4 mm gr\u00f6\u00dferen Durchmesser als herk\u00f6mmliche Reifen, was eine bessere Bodenfreiheit erm\u00f6glicht und sich bis zu den Seiten erstreckt, so dass das Fahrzeug problemlos rutschige Wurzeln, moosige Felsen und unebene Oberfl\u00e4chen bew\u00e4ltigen kann.<\/p>\n<p>Die Reifen sind auf farblich abgestimmten dreiteiligen CL-5 1,2\u2033 Beadlock-Felgen montiert, die sowohl echte Offroad-Performance als auch ein authentisches Aussehen bieten. Radkappenabdeckungen in der Mitte jedes Rades verbergen die Stahlmuttern und verleihen dem Fahrzeug einen sauberen, realistischen Look - genau wie eine echte Offroad-Maschine.<\/p>\n<p>Ganz gleich, ob Sie felsige Stufen erklimmen oder enge technische Abschnitte durchfahren, das Venture18 U4 bietet unersch\u00fctterliche Leistung und Langlebigkeit und garantiert stundenlangen, echten Offroad-Spa\u00df.<\/p>\n<div><img decoding=\"async\" class=\"alignnone size-full wp-image-3856\" src=\"https:\/\/rczone.ee\/wp-content\/uploads\/2025\/07\/u4_mh_image_2.png\" alt=\"\" width=\"1300\" height=\"868\" srcset=\"https:\/\/rczone.ee\/wp-content\/uploads\/2025\/07\/u4_mh_image_2.png 1300w, https:\/\/rczone.ee\/wp-content\/uploads\/2025\/07\/u4_mh_image_2-599x400.png 599w, https:\/\/rczone.ee\/wp-content\/uploads\/2025\/07\/u4_mh_image_2-1198x800.png 1198w, https:\/\/rczone.ee\/wp-content\/uploads\/2025\/07\/u4_mh_image_2-768x513.png 768w, https:\/\/rczone.ee\/wp-content\/uploads\/2025\/07\/u4_mh_image_2-18x12.png 18w, https:\/\/rczone.ee\/wp-content\/uploads\/2025\/07\/u4_mh_image_2-900x601.png 900w\" sizes=\"(max-width: 1300px) 100vw, 1300px\" \/><\/div>\n<div>\u00a0<\/div>\n<div>\u00a0<\/div>\n<div><img decoding=\"async\" class=\"alignnone size-full wp-image-3857\" src=\"https:\/\/rczone.ee\/wp-content\/uploads\/2025\/07\/u4_vgjr_brushed_side_angles.png\" alt=\"\" width=\"1300\" height=\"400\" srcset=\"https:\/\/rczone.ee\/wp-content\/uploads\/2025\/07\/u4_vgjr_brushed_side_angles.png 1300w, https:\/\/rczone.ee\/wp-content\/uploads\/2025\/07\/u4_vgjr_brushed_side_angles-800x246.png 800w, https:\/\/rczone.ee\/wp-content\/uploads\/2025\/07\/u4_vgjr_brushed_side_angles-768x236.png 768w, https:\/\/rczone.ee\/wp-content\/uploads\/2025\/07\/u4_vgjr_brushed_side_angles-18x6.png 18w, https:\/\/rczone.ee\/wp-content\/uploads\/2025\/07\/u4_vgjr_brushed_side_angles-900x277.png 900w\" sizes=\"(max-width: 1300px) 100vw, 1300px\" \/><\/div>\n<div>\n<h3 data-start=\"509\" data-end=\"573\">Warum Venture18 U4 Ford Bronco 4400 von RcZone.ee w\u00e4hlen?<\/h3>\n<ul data-start=\"575\" data-end=\"1401\">\n<li data-start=\"575\" data-end=\"774\">\n<p data-start=\"577\" data-end=\"774\"><strong data-start=\"577\" data-end=\"603\">Eine echte Landschaftsmaschine:<\/strong> Mit dem stabilen C-Tr\u00e4ger-Stahlrahmen, dem 2-Gang-Getriebe aus Vollmetall, den Sperrdifferentialen und der 4-Lenker-Aufh\u00e4ngung vorne und hinten kommen Sie sicher \u00fcberall hin.<\/p>\n<\/li>\n<li data-start=\"775\" data-end=\"957\">\n<p data-start=\"777\" data-end=\"957\"><strong data-start=\"777\" data-end=\"804\">Belastbar und detailliert:<\/strong> Die Polycarbonat-Karosserie, der Sicherheitsb\u00fcgel und das funktionale Reserverad sorgen f\u00fcr ein realistisches und langlebiges Aussehen und sch\u00fctzen das Auto auch auf dem h\u00e4rtesten Terrain.<\/p>\n<\/li>\n<li data-start=\"958\" data-end=\"1099\">\n<p data-start=\"960\" data-end=\"1099\"><strong data-start=\"960\" data-end=\"981\">Volle Kontrolle:<\/strong> Leistungsstarkes und wasserfestes Lenkservo, 45\u00b0 Schwenkwinkel und spezielle 2,4-GHz-Fernbedienung TF-706, mit der auch die Beleuchtung des Fahrzeugs gesteuert werden kann.<\/p>\n<\/li>\n<li data-start=\"1100\" data-end=\"1239\">\n<p data-start=\"1102\" data-end=\"1239\"><strong data-start=\"1102\" data-end=\"1129\">Kompakt, aber leistungsstark:<\/strong> Nehmen Sie den Venture18 U4 Ford Bronco 4400 mit, wohin Sie auch gehen - er passt bequem in Ihre Tasche, \u00fcberrascht aber mit seiner Leistung.<\/p>\n<\/li>\n<li data-start=\"1240\" data-end=\"1401\">\n<p data-start=\"1242\" data-end=\"1401\"><strong data-start=\"1242\" data-end=\"1272\">RTR - bereit zum Start:<\/strong> Im Lieferumfang enthalten sind ein 600mAh LiPo-Akku, ein USB-Ladeger\u00e4t und alles, was Sie sonst noch brauchen, um sofort loslegen zu k\u00f6nnen (Sie ben\u00f6tigen lediglich 4 AA-Batterien).<\/p>\n<\/li>\n<\/ul>\n<\/div>\n<h3 data-start=\"1403\" data-end=\"1436\"><img decoding=\"async\" class=\"alignnone size-full wp-image-3858\" src=\"https:\/\/rczone.ee\/wp-content\/uploads\/2025\/07\/u4_vgr_image_1.png\" alt=\"\" width=\"1300\" height=\"868\" srcset=\"https:\/\/rczone.ee\/wp-content\/uploads\/2025\/07\/u4_vgr_image_1.png 1300w, https:\/\/rczone.ee\/wp-content\/uploads\/2025\/07\/u4_vgr_image_1-599x400.png 599w, https:\/\/rczone.ee\/wp-content\/uploads\/2025\/07\/u4_vgr_image_1-1198x800.png 1198w, https:\/\/rczone.ee\/wp-content\/uploads\/2025\/07\/u4_vgr_image_1-768x513.png 768w, https:\/\/rczone.ee\/wp-content\/uploads\/2025\/07\/u4_vgr_image_1-18x12.png 18w, https:\/\/rczone.ee\/wp-content\/uploads\/2025\/07\/u4_vgr_image_1-900x601.png 900w\" sizes=\"(max-width: 1300px) 100vw, 1300px\" \/><\/h3>\n<h3 data-start=\"1403\" data-end=\"1436\">Wichtige Spezifikationen<\/h3>\n<ul>\n<li><strong>Messungen<\/strong>: L\u00e4nge 238mm, Breite 127mm, H\u00f6he 119mm<\/li>\n<li><strong>Gewicht<\/strong>: 0,50kg mit Batterie<\/li>\n<li><strong>Batterieanschluss<\/strong>: XT30 52*24*18 mm<\/li>\n<li><strong>Aufh\u00e4ngung<\/strong>4-Lenker-Sto\u00dfd\u00e4mpfer vorne und hinten, luftgef\u00fcllte, einstellbare Sto\u00dfd\u00e4mpfer<\/li>\n<li><strong>Getriebe<\/strong>2 G\u00e4nge, niedriger Gang (81,44:1) f\u00fcr Kriechgang, hoher Gang (20,36:1) f\u00fcr schnellere Bewegung.<\/li>\n<li><strong>Reifen und R\u00e4der<\/strong>1.2\u2033 TREDZ TRAILBLASTER Reifen mit hohem Grip, Beadlock CL-5 Felgen<\/li>\n<li><strong>LED-Beleuchtung<\/strong>Ferngesteuert, verschiedene Beleuchtungsmodi<\/li>\n<li><strong>\u00dcberwindung der H\u00f6hen und Tiefen<\/strong>Ausgezeichnete Winkel (Ausgang 79,8\u00b0, Ausgang 77,3\u00b0, \u00dcberlappung 55\u00b0), Spielraum bis zu 30,4 mm.<\/li>\n<\/ul>\n<h3 data-start=\"2006\" data-end=\"2058\">Die Vorteile, die Venture18 U4 einzigartig machen:<\/h3>\n<ul>\n<li><strong>Clipless-Rahmenhebevorrichtung<\/strong> - schneller und einfacher Zugang f\u00fcr den Batteriewechsel<\/li>\n<li><strong>Voller Allradantrieb und gesperrte Br\u00fccken<\/strong> - bester Grip bei allen Bedingungen<\/li>\n<li><strong>Authentisches Interieur und Rennstil<\/strong> - Authentisches Design von Vaughn Gittin Jr. oder Loren Healy<\/li>\n<li><strong>Wasserdichte Elektronik<\/strong> - Unbeschwert durch Schmutz, Wasser und Schnee<\/li>\n<li><strong>Einstellbare Federung und stabiler Stahlrahmen<\/strong><\/li>\n<\/ul>\n<p data-start=\"2392\" data-end=\"2610\"><strong data-start=\"2392\" data-end=\"2475\">Kaufen Sie jetzt Venture18 U4 Ford Bronco 4400 von RcZone.ee und lassen Sie Ihr Abenteuer beginnen!<\/strong><br data-start=\"2475\" data-end=\"2478\" \/>Geeignet f\u00fcr Einsteiger und erfahrene RC-Enthusiasten, die etwas Besonderes suchen - ein echtes Offroad-Erlebnis in kompakter und zuverl\u00e4ssiger Form.<\/p>\n<p data-start=\"2392\" data-end=\"2610\"><img decoding=\"async\" class=\"alignnone size-full wp-image-3859\" src=\"https:\/\/rczone.ee\/wp-content\/uploads\/2025\/07\/u4_vgjr_ipad.png\" alt=\"\" width=\"1300\" height=\"700\" srcset=\"https:\/\/rczone.ee\/wp-content\/uploads\/2025\/07\/u4_vgjr_ipad.png 1300w, https:\/\/rczone.ee\/wp-content\/uploads\/2025\/07\/u4_vgjr_ipad-743x400.png 743w, https:\/\/rczone.ee\/wp-content\/uploads\/2025\/07\/u4_vgjr_ipad-768x414.png 768w, https:\/\/rczone.ee\/wp-content\/uploads\/2025\/07\/u4_vgjr_ipad-18x10.png 18w, https:\/\/rczone.ee\/wp-content\/uploads\/2025\/07\/u4_vgjr_ipad-900x485.png 900w\" sizes=\"(max-width: 1300px) 100vw, 1300px\" \/><\/p>","protected":false},"excerpt":{"rendered":"<ul>\n<li style=\"line-height: 1; padding-top: 20px;\">Level: Pro<\/li>\n<li style=\"line-height: 1;\">Altersgruppe der Benutzer: 8-13<\/li>\n<li style=\"line-height: 1;\">Kategorie: Crawler<\/li>\n<li style=\"line-height: 1;\">Ma\u00dfstab: 1:18<\/li>\n<li style=\"line-height: 1;\">Antriebsart: 4WD<\/li>\n<li style=\"line-height: 1;\">Fertigstellung: Ready-To-Run<\/li>\n<li style=\"line-height: 1;\">Energie: Elektrizit\u00e4t<\/li>\n<\/ul>","protected":false},"featured_media":3835,"comment_status":"open","ping_status":"closed","template":"","meta":{"_monsterinsights_skip_tracking":false,"_monsterinsights_sitenote_active":false,"_monsterinsights_sitenote_note":"","_monsterinsights_sitenote_category":0},"fits_model":[],"product_brand":[],"product_cat":[38],"product_tag":[84],"woo-feed-brand":[86],"class_list":{"0":"post-3828","1":"product","2":"type-product","3":"status-publish","4":"has-post-thumbnail","6":"product_cat-crawler","7":"product_tag-standard","8":"woo-feed-brand-hpi-racing","10":"first","11":"instock","12":"taxable","13":"shipping-taxable","14":"purchasable","15":"product-type-variable","16":"has-default-attributes"},"yoast_head":"<!-- This site is optimized with the Yoast SEO plugin v27.5 - https:\/\/yoast.com\/product\/yoast-seo-wordpress\/ -->\n<title>UUS! HPI Racing Venture18 U4 Ford Bronco 4400 - RC Zone | Raadio teel juhitavad autod<\/title>\n<meta name=\"robots\" content=\"index, follow, max-snippet:-1, max-image-preview:large, max-video-preview:-1\" \/>\n<link rel=\"canonical\" href=\"https:\/\/rczone.ee\/de\/product-2\/hpi-racing-venture18-u4-ford-bronco-4400\/\" \/>\n<meta property=\"og:locale\" content=\"de_DE\" \/>\n<meta property=\"og:type\" content=\"article\" \/>\n<meta property=\"og:title\" content=\"UUS! HPI Racing Venture18 U4 Ford Bronco 4400 - RC Zone | Raadio teel juhitavad autod\" \/>\n<meta property=\"og:description\" content=\"Rate: Pro  Kasutaja vanuseklass: 8-13  Kategooria: Crawler  Skaala: 1:18  Vedav sild: 4WD  Komplekteeritus: Ready-To-Run  Energia: Elekter\" \/>\n<meta property=\"og:url\" content=\"https:\/\/rczone.ee\/de\/product-2\/hpi-racing-venture18-u4-ford-bronco-4400\/\" \/>\n<meta property=\"og:site_name\" content=\"RC Zone | Raadio teel juhitavad autod\" \/>\n<meta property=\"article:publisher\" content=\"https:\/\/www.facebook.com\/rczone.ee\" \/>\n<meta property=\"article:modified_time\" content=\"2025-12-02T03:50:07+00:00\" \/>\n<meta property=\"og:image\" content=\"https:\/\/rczone.ee\/wp-content\/uploads\/2025\/07\/160804_01.jpg\" \/>\n\t<meta property=\"og:image:width\" content=\"800\" \/>\n\t<meta property=\"og:image:height\" content=\"800\" \/>\n\t<meta property=\"og:image:type\" content=\"image\/jpeg\" \/>\n<meta name=\"twitter:card\" content=\"summary_large_image\" \/>\n<meta name=\"twitter:label1\" content=\"Gesch\u00e4tzte Lesezeit\" \/>\n\t<meta name=\"twitter:data1\" content=\"6\u00a0Minuten\" \/>\n<script type=\"application\/ld+json\" class=\"yoast-schema-graph\">{\"@context\":\"https:\\\/\\\/schema.org\",\"@graph\":[{\"@type\":\"WebPage\",\"@id\":\"https:\\\/\\\/rczone.ee\\\/toode\\\/hpi-racing-venture18-u4-ford-bronco-4400\\\/\",\"url\":\"https:\\\/\\\/rczone.ee\\\/toode\\\/hpi-racing-venture18-u4-ford-bronco-4400\\\/\",\"name\":\"UUS! HPI Racing Venture18 U4 Ford Bronco 4400 - RC Zone | Raadio teel juhitavad autod\",\"isPartOf\":{\"@id\":\"https:\\\/\\\/rczone.ee\\\/#website\"},\"primaryImageOfPage\":{\"@id\":\"https:\\\/\\\/rczone.ee\\\/toode\\\/hpi-racing-venture18-u4-ford-bronco-4400\\\/#primaryimage\"},\"image\":{\"@id\":\"https:\\\/\\\/rczone.ee\\\/toode\\\/hpi-racing-venture18-u4-ford-bronco-4400\\\/#primaryimage\"},\"thumbnailUrl\":\"https:\\\/\\\/rczone.ee\\\/wp-content\\\/uploads\\\/2025\\\/07\\\/160804_01.jpg\",\"datePublished\":\"2025-07-23T19:33:00+00:00\",\"dateModified\":\"2025-12-02T03:50:07+00:00\",\"breadcrumb\":{\"@id\":\"https:\\\/\\\/rczone.ee\\\/toode\\\/hpi-racing-venture18-u4-ford-bronco-4400\\\/#breadcrumb\"},\"inLanguage\":\"de\",\"potentialAction\":[{\"@type\":\"ReadAction\",\"target\":[\"https:\\\/\\\/rczone.ee\\\/toode\\\/hpi-racing-venture18-u4-ford-bronco-4400\\\/\"]}]},{\"@type\":\"ImageObject\",\"inLanguage\":\"de\",\"@id\":\"https:\\\/\\\/rczone.ee\\\/toode\\\/hpi-racing-venture18-u4-ford-bronco-4400\\\/#primaryimage\",\"url\":\"https:\\\/\\\/rczone.ee\\\/wp-content\\\/uploads\\\/2025\\\/07\\\/160804_01.jpg\",\"contentUrl\":\"https:\\\/\\\/rczone.ee\\\/wp-content\\\/uploads\\\/2025\\\/07\\\/160804_01.jpg\",\"width\":800,\"height\":800},{\"@type\":\"BreadcrumbList\",\"@id\":\"https:\\\/\\\/rczone.ee\\\/toode\\\/hpi-racing-venture18-u4-ford-bronco-4400\\\/#breadcrumb\",\"itemListElement\":[{\"@type\":\"ListItem\",\"position\":1,\"name\":\"Home\",\"item\":\"https:\\\/\\\/rczone.ee\\\/\"},{\"@type\":\"ListItem\",\"position\":2,\"name\":\"Shop\",\"item\":\"https:\\\/\\\/rczone.ee\\\/shop\\\/\"},{\"@type\":\"ListItem\",\"position\":3,\"name\":\"UUS! HPI Racing Venture18 U4 Ford Bronco 4400\"}]},{\"@type\":\"WebSite\",\"@id\":\"https:\\\/\\\/rczone.ee\\\/#website\",\"url\":\"https:\\\/\\\/rczone.ee\\\/\",\"name\":\"RcZone\",\"description\":\"RcZone - Raadio teel juhitavate autode veebipood. M&uuml;&uuml;me laia valikut kvaliteetseid ja v&otilde;imsaid RC-autosid. Kiire tarne ja konkurentsiv&otilde;imelised hinnad.\",\"publisher\":{\"@id\":\"https:\\\/\\\/rczone.ee\\\/#organization\"},\"potentialAction\":[{\"@type\":\"SearchAction\",\"target\":{\"@type\":\"EntryPoint\",\"urlTemplate\":\"https:\\\/\\\/rczone.ee\\\/?s={search_term_string}\"},\"query-input\":{\"@type\":\"PropertyValueSpecification\",\"valueRequired\":true,\"valueName\":\"search_term_string\"}}],\"inLanguage\":\"de\"},{\"@type\":\"Organization\",\"@id\":\"https:\\\/\\\/rczone.ee\\\/#organization\",\"name\":\"RcZone\",\"url\":\"https:\\\/\\\/rczone.ee\\\/\",\"logo\":{\"@type\":\"ImageObject\",\"inLanguage\":\"de\",\"@id\":\"https:\\\/\\\/rczone.ee\\\/#\\\/schema\\\/logo\\\/image\\\/\",\"url\":\"https:\\\/\\\/rczone.ee\\\/wp-content\\\/uploads\\\/2024\\\/01\\\/3D.png\",\"contentUrl\":\"https:\\\/\\\/rczone.ee\\\/wp-content\\\/uploads\\\/2024\\\/01\\\/3D.png\",\"width\":2080,\"height\":602,\"caption\":\"RcZone\"},\"image\":{\"@id\":\"https:\\\/\\\/rczone.ee\\\/#\\\/schema\\\/logo\\\/image\\\/\"},\"sameAs\":[\"https:\\\/\\\/www.facebook.com\\\/rczone.ee\"]}]}<\/script>\n<!-- \/ Yoast SEO plugin. -->","yoast_head_json":{"title":"NEU! HPI Racing Venture18 U4 Ford Bronco 4400 - RC Zone | Funkgesteuerte Fahrzeuge","robots":{"index":"index","follow":"follow","max-snippet":"max-snippet:-1","max-image-preview":"max-image-preview:large","max-video-preview":"max-video-preview:-1"},"canonical":"https:\/\/rczone.ee\/de\/product-2\/hpi-racing-venture18-u4-ford-bronco-4400\/","og_locale":"de_DE","og_type":"article","og_title":"UUS! HPI Racing Venture18 U4 Ford Bronco 4400 - RC Zone | Raadio teel juhitavad autod","og_description":"Rate: Pro  Kasutaja vanuseklass: 8-13  Kategooria: Crawler  Skaala: 1:18  Vedav sild: 4WD  Komplekteeritus: Ready-To-Run  Energia: Elekter","og_url":"https:\/\/rczone.ee\/de\/product-2\/hpi-racing-venture18-u4-ford-bronco-4400\/","og_site_name":"RC Zone | Raadio teel juhitavad autod","article_publisher":"https:\/\/www.facebook.com\/rczone.ee","article_modified_time":"2025-12-02T03:50:07+00:00","og_image":[{"width":800,"height":800,"url":"https:\/\/rczone.ee\/wp-content\/uploads\/2025\/07\/160804_01.jpg","type":"image\/jpeg"}],"twitter_card":"summary_large_image","twitter_misc":{"Gesch\u00e4tzte Lesezeit":"6\u00a0Minuten"},"schema":{"@context":"https:\/\/schema.org","@graph":[{"@type":"WebPage","@id":"https:\/\/rczone.ee\/toode\/hpi-racing-venture18-u4-ford-bronco-4400\/","url":"https:\/\/rczone.ee\/toode\/hpi-racing-venture18-u4-ford-bronco-4400\/","name":"NEU! HPI Racing Venture18 U4 Ford Bronco 4400 - RC Zone | Funkgesteuerte Fahrzeuge","isPartOf":{"@id":"https:\/\/rczone.ee\/#website"},"primaryImageOfPage":{"@id":"https:\/\/rczone.ee\/toode\/hpi-racing-venture18-u4-ford-bronco-4400\/#primaryimage"},"image":{"@id":"https:\/\/rczone.ee\/toode\/hpi-racing-venture18-u4-ford-bronco-4400\/#primaryimage"},"thumbnailUrl":"https:\/\/rczone.ee\/wp-content\/uploads\/2025\/07\/160804_01.jpg","datePublished":"2025-07-23T19:33:00+00:00","dateModified":"2025-12-02T03:50:07+00:00","breadcrumb":{"@id":"https:\/\/rczone.ee\/toode\/hpi-racing-venture18-u4-ford-bronco-4400\/#breadcrumb"},"inLanguage":"de","potentialAction":[{"@type":"ReadAction","target":["https:\/\/rczone.ee\/toode\/hpi-racing-venture18-u4-ford-bronco-4400\/"]}]},{"@type":"ImageObject","inLanguage":"de","@id":"https:\/\/rczone.ee\/toode\/hpi-racing-venture18-u4-ford-bronco-4400\/#primaryimage","url":"https:\/\/rczone.ee\/wp-content\/uploads\/2025\/07\/160804_01.jpg","contentUrl":"https:\/\/rczone.ee\/wp-content\/uploads\/2025\/07\/160804_01.jpg","width":800,"height":800},{"@type":"BreadcrumbList","@id":"https:\/\/rczone.ee\/toode\/hpi-racing-venture18-u4-ford-bronco-4400\/#breadcrumb","itemListElement":[{"@type":"ListItem","position":1,"name":"Home","item":"https:\/\/rczone.ee\/"},{"@type":"ListItem","position":2,"name":"Shop","item":"https:\/\/rczone.ee\/shop\/"},{"@type":"ListItem","position":3,"name":"UUS! HPI Racing Venture18 U4 Ford Bronco 4400"}]},{"@type":"WebSite","@id":"https:\/\/rczone.ee\/#website","url":"https:\/\/rczone.ee\/","name":"RcZone","description":"RcZone - Online Shop f\u00fcr funkgesteuerte Autos. Wir verkaufen eine breite Palette von qualitativ hochwertigen und leistungsstarken RC-Autos. Schnelle Lieferung und g\u00fcnstige Preise.","publisher":{"@id":"https:\/\/rczone.ee\/#organization"},"potentialAction":[{"@type":"SearchAction","target":{"@type":"EntryPoint","urlTemplate":"https:\/\/rczone.ee\/?s={search_term_string}"},"query-input":{"@type":"PropertyValueSpecification","valueRequired":true,"valueName":"search_term_string"}}],"inLanguage":"de"},{"@type":"Organization","@id":"https:\/\/rczone.ee\/#organization","name":"RcZone","url":"https:\/\/rczone.ee\/","logo":{"@type":"ImageObject","inLanguage":"de","@id":"https:\/\/rczone.ee\/#\/schema\/logo\/image\/","url":"https:\/\/rczone.ee\/wp-content\/uploads\/2024\/01\/3D.png","contentUrl":"https:\/\/rczone.ee\/wp-content\/uploads\/2024\/01\/3D.png","width":2080,"height":602,"caption":"RcZone"},"image":{"@id":"https:\/\/rczone.ee\/#\/schema\/logo\/image\/"},"sameAs":["https:\/\/www.facebook.com\/rczone.ee"]}]}},"_links":{"self":[{"href":"https:\/\/rczone.ee\/de\/wp-json\/wp\/v2\/product\/3828","targetHints":{"allow":["GET"]}}],"collection":[{"href":"https:\/\/rczone.ee\/de\/wp-json\/wp\/v2\/product"}],"about":[{"href":"https:\/\/rczone.ee\/de\/wp-json\/wp\/v2\/types\/product"}],"replies":[{"embeddable":true,"href":"https:\/\/rczone.ee\/de\/wp-json\/wp\/v2\/comments?post=3828"}],"wp:featuredmedia":[{"embeddable":true,"href":"https:\/\/rczone.ee\/de\/wp-json\/wp\/v2\/media\/3835"}],"wp:attachment":[{"href":"https:\/\/rczone.ee\/de\/wp-json\/wp\/v2\/media?parent=3828"}],"wp:term":[{"taxonomy":"fits_model","embeddable":true,"href":"https:\/\/rczone.ee\/de\/wp-json\/wp\/v2\/fits_model?post=3828"},{"taxonomy":"product_brand","embeddable":true,"href":"https:\/\/rczone.ee\/de\/wp-json\/wp\/v2\/product_brand?post=3828"},{"taxonomy":"product_cat","embeddable":true,"href":"https:\/\/rczone.ee\/de\/wp-json\/wp\/v2\/product_cat?post=3828"},{"taxonomy":"product_tag","embeddable":true,"href":"https:\/\/rczone.ee\/de\/wp-json\/wp\/v2\/product_tag?post=3828"},{"taxonomy":"woo-feed-brand","embeddable":true,"href":"https:\/\/rczone.ee\/de\/wp-json\/wp\/v2\/woo-feed-brand?post=3828"}],"curies":[{"name":"wp","href":"https:\/\/api.w.org\/{rel}","templated":true}]}}