{"id":3904,"date":"2025-07-28T21:15:20","date_gmt":"2025-07-28T18:15:20","guid":{"rendered":"https:\/\/rczone.ee\/?post_type=product&#038;p=3904"},"modified":"2026-03-04T18:24:30","modified_gmt":"2026-03-04T16:24:30","slug":"gens-ace-bashing-g-tech-5000mah-2s-7-4v-60c-hardcase-lipo-t-plug","status":"publish","type":"product","link":"https:\/\/rczone.ee\/de\/toode\/gens-ace-bashing-g-tech-5000mah-2s-7-4v-60c-hardcase-lipo-t-plug\/","title":{"rendered":"Gens ace Bashing G-tech 5000mAh 2S 7.4V 60C Hardcase Lipo - T-Stecker"},"content":{"rendered":"<h3><strong>Gens ace Bashing G-tech 5000mAh 2S 7.4V 60C Hardcase Lipo - Deans\/T-Stecker<\/strong><\/h3>\n<h3><strong>Spezifikationen:<\/strong><\/h3>\n<p>- Produkttyp: Lipo-Akkupack (Bashing-Serie)<br \/>\n- Kapazit\u00e4t: 5000mAh<br \/>\n- Spannung: 7,4V<br \/>\n- C-Satz: 60C<br \/>\n- Gewicht: 249g<br \/>\n- Abmessungen: 138*46*25mm<br \/>\n- Ausgleichsstecker: JST-XHR-5P<br \/>\n- Entladungsstecker: Deans<br \/>\n- Laderate: 1-3C Empfohlen.<\/p>\n<p><strong>Achtung! LiPo-Akkus d\u00fcrfen nur mit einem Ladeger\u00e4t geladen werden, das LiPo-Akkus unterst\u00fctzt!<\/strong><\/p>\n<div class=\"is-divider divider clearfix\" ><\/div>\n<div class=\"row\"  id=\"row-247591615\">\n\n\t<div id=\"col-327302297\" class=\"col small-12 large-12\"  >\n\t\t\t\t<div class=\"col-inner\"  >\n\t\t\t\n\t\t\t\n\t<div id=\"text-980733758\" class=\"text\">\n\t\t\n<p><strong>HINWEIS: Wenn Sie die Batterie mit einem Fahrzeug bestellen, das den XT60-Stecker verwendet, legen wir der Batterie einen kostenlosen T-Plug -&gt; XT60-Adapter bei.<\/strong><br \/>\n\t\t\n<style>\n#text-980733758 {\n  font-size: 0.95rem;\n}\n@media (min-width:550px) {\n  #text-980733758 {\n    font-size: 1rem;\n  }\n}\n<\/style>\n\t<\/div>\n\t\n\t<div class=\"img has-hover x md-x lg-x y md-y lg-y\" id=\"image_984880664\">\n\t\t\t\t\t\t\t\t<div class=\"img-inner dark\" >\n\t\t\t<img decoding=\"async\" width=\"280\" height=\"280\" src=\"https:\/\/rczone.ee\/wp-content\/uploads\/2024\/10\/160906_01-280x280.jpg\" class=\"attachment-thumbnail size-thumbnail\" alt=\"\" srcset=\"https:\/\/rczone.ee\/wp-content\/uploads\/2024\/10\/160906_01-280x280.jpg 280w, https:\/\/rczone.ee\/wp-content\/uploads\/2024\/10\/160906_01-450x450.jpg 450w, https:\/\/rczone.ee\/wp-content\/uploads\/2024\/10\/160906_01-100x100.jpg 100w\" sizes=\"(max-width: 280px) 100vw, 280px\" \/>\t\t\t\t\t\t\n\t\t\t\t\t<\/div>\n\t\t\t\t\t\t\t\t\n<style>\n#image_984880664 {\n  width: 14%;\n}\n<\/style>\n\t<\/div>\n\t\n\t\t<\/div>\n\t\t\t\t\t<\/div>\n\n\t\n<\/div>","protected":false},"excerpt":{"rendered":"<ul>\n<li style=\"line-height: 1; padding-top: 20px;\">Typ: 2S LiPo<\/li>\n<li style=\"line-height: 1;\">Spannung: 7,4V<\/li>\n<li style=\"line-height: 1;\">Kapazit\u00e4t: 5000mAh<\/li>\n<li style=\"line-height: 1;\">Satz: 60C<\/li>\n<li>Anschluss: Deans\/T-Stecker<\/li>\n<\/ul>","protected":false},"featured_media":3905,"comment_status":"open","ping_status":"closed","template":"","meta":{"_monsterinsights_skip_tracking":false,"_monsterinsights_sitenote_active":false,"_monsterinsights_sitenote_note":"","_monsterinsights_sitenote_category":0},"fits_model":[],"product_brand":[],"product_cat":[66],"product_tag":[84],"woo-feed-brand":[119],"class_list":{"0":"post-3904","1":"product","2":"type-product","3":"status-publish","4":"has-post-thumbnail","6":"product_cat-battery","7":"product_tag-standard","8":"woo-feed-brand-gens-ace","10":"first","11":"instock","12":"taxable","13":"shipping-taxable","14":"purchasable","15":"product-type-simple"},"yoast_head":"<!-- This site is optimized with the Yoast SEO plugin v27.4 - https:\/\/yoast.com\/product\/yoast-seo-wordpress\/ -->\n<title>Gens ace Bashing G-tech 5000mAh 2S 7.4V 60C Hardcase Lipo - T-plug - RC Zone | Raadio teel juhitavad autod<\/title>\n<meta name=\"robots\" content=\"index, follow, max-snippet:-1, max-image-preview:large, max-video-preview:-1\" \/>\n<link rel=\"canonical\" href=\"https:\/\/rczone.ee\/de\/product-2\/gens-ace-bashing-g-tech-5000mah-2s-7-4v-60c-hardcase-lipo-t-plug\/\" \/>\n<meta property=\"og:locale\" content=\"de_DE\" \/>\n<meta property=\"og:type\" content=\"article\" \/>\n<meta property=\"og:title\" content=\"Gens ace Bashing G-tech 5000mAh 2S 7.4V 60C Hardcase Lipo - T-plug - RC Zone | Raadio teel juhitavad autod\" \/>\n<meta property=\"og:description\" content=\"T\u00fc\u00fcp: 2S LiPo  Pinge: 7,4V  Mahutavus: 5000mAh  Rate: 60C  Pistik: Deans\/T-Plug\" \/>\n<meta property=\"og:url\" content=\"https:\/\/rczone.ee\/de\/product-2\/gens-ace-bashing-g-tech-5000mah-2s-7-4v-60c-hardcase-lipo-t-plug\/\" \/>\n<meta property=\"og:site_name\" content=\"RC Zone | Raadio teel juhitavad autod\" \/>\n<meta property=\"article:publisher\" content=\"https:\/\/www.facebook.com\/rczone.ee\" \/>\n<meta property=\"article:modified_time\" content=\"2026-03-04T16:24:30+00:00\" \/>\n<meta property=\"og:image\" content=\"https:\/\/rczone.ee\/wp-content\/uploads\/2025\/07\/1_466daaf4-ff4a-4a34-bf59-d31e720c23cb.webp\" \/>\n\t<meta property=\"og:image:width\" content=\"900\" \/>\n\t<meta property=\"og:image:height\" content=\"900\" \/>\n\t<meta property=\"og:image:type\" content=\"image\/webp\" \/>\n<meta name=\"twitter:card\" content=\"summary_large_image\" \/>\n<meta name=\"twitter:label1\" content=\"Gesch\u00e4tzte Lesezeit\" \/>\n\t<meta name=\"twitter:data1\" content=\"1\u00a0Minute\" \/>\n<script type=\"application\/ld+json\" class=\"yoast-schema-graph\">{\"@context\":\"https:\\\/\\\/schema.org\",\"@graph\":[{\"@type\":\"WebPage\",\"@id\":\"https:\\\/\\\/rczone.ee\\\/toode\\\/gens-ace-bashing-g-tech-5000mah-2s-7-4v-60c-hardcase-lipo-t-plug\\\/\",\"url\":\"https:\\\/\\\/rczone.ee\\\/toode\\\/gens-ace-bashing-g-tech-5000mah-2s-7-4v-60c-hardcase-lipo-t-plug\\\/\",\"name\":\"Gens ace Bashing G-tech 5000mAh 2S 7.4V 60C Hardcase Lipo - T-plug - RC Zone | Raadio teel juhitavad autod\",\"isPartOf\":{\"@id\":\"https:\\\/\\\/rczone.ee\\\/#website\"},\"primaryImageOfPage\":{\"@id\":\"https:\\\/\\\/rczone.ee\\\/toode\\\/gens-ace-bashing-g-tech-5000mah-2s-7-4v-60c-hardcase-lipo-t-plug\\\/#primaryimage\"},\"image\":{\"@id\":\"https:\\\/\\\/rczone.ee\\\/toode\\\/gens-ace-bashing-g-tech-5000mah-2s-7-4v-60c-hardcase-lipo-t-plug\\\/#primaryimage\"},\"thumbnailUrl\":\"https:\\\/\\\/rczone.ee\\\/wp-content\\\/uploads\\\/2025\\\/07\\\/1_466daaf4-ff4a-4a34-bf59-d31e720c23cb.webp\",\"datePublished\":\"2025-07-28T18:15:20+00:00\",\"dateModified\":\"2026-03-04T16:24:30+00:00\",\"breadcrumb\":{\"@id\":\"https:\\\/\\\/rczone.ee\\\/toode\\\/gens-ace-bashing-g-tech-5000mah-2s-7-4v-60c-hardcase-lipo-t-plug\\\/#breadcrumb\"},\"inLanguage\":\"de\",\"potentialAction\":[{\"@type\":\"ReadAction\",\"target\":[\"https:\\\/\\\/rczone.ee\\\/toode\\\/gens-ace-bashing-g-tech-5000mah-2s-7-4v-60c-hardcase-lipo-t-plug\\\/\"]}]},{\"@type\":\"ImageObject\",\"inLanguage\":\"de\",\"@id\":\"https:\\\/\\\/rczone.ee\\\/toode\\\/gens-ace-bashing-g-tech-5000mah-2s-7-4v-60c-hardcase-lipo-t-plug\\\/#primaryimage\",\"url\":\"https:\\\/\\\/rczone.ee\\\/wp-content\\\/uploads\\\/2025\\\/07\\\/1_466daaf4-ff4a-4a34-bf59-d31e720c23cb.webp\",\"contentUrl\":\"https:\\\/\\\/rczone.ee\\\/wp-content\\\/uploads\\\/2025\\\/07\\\/1_466daaf4-ff4a-4a34-bf59-d31e720c23cb.webp\",\"width\":900,\"height\":900},{\"@type\":\"BreadcrumbList\",\"@id\":\"https:\\\/\\\/rczone.ee\\\/toode\\\/gens-ace-bashing-g-tech-5000mah-2s-7-4v-60c-hardcase-lipo-t-plug\\\/#breadcrumb\",\"itemListElement\":[{\"@type\":\"ListItem\",\"position\":1,\"name\":\"Home\",\"item\":\"https:\\\/\\\/rczone.ee\\\/\"},{\"@type\":\"ListItem\",\"position\":2,\"name\":\"Shop\",\"item\":\"https:\\\/\\\/rczone.ee\\\/shop\\\/\"},{\"@type\":\"ListItem\",\"position\":3,\"name\":\"Gens ace Bashing G-tech 5000mAh 2S 7.4V 60C Hardcase Lipo &#8211; T-plug\"}]},{\"@type\":\"WebSite\",\"@id\":\"https:\\\/\\\/rczone.ee\\\/#website\",\"url\":\"https:\\\/\\\/rczone.ee\\\/\",\"name\":\"RcZone\",\"description\":\"RcZone - Raadio teel juhitavate autode veebipood. M&uuml;&uuml;me laia valikut kvaliteetseid ja v&otilde;imsaid RC-autosid. Kiire tarne ja konkurentsiv&otilde;imelised hinnad.\",\"publisher\":{\"@id\":\"https:\\\/\\\/rczone.ee\\\/#organization\"},\"potentialAction\":[{\"@type\":\"SearchAction\",\"target\":{\"@type\":\"EntryPoint\",\"urlTemplate\":\"https:\\\/\\\/rczone.ee\\\/?s={search_term_string}\"},\"query-input\":{\"@type\":\"PropertyValueSpecification\",\"valueRequired\":true,\"valueName\":\"search_term_string\"}}],\"inLanguage\":\"de\"},{\"@type\":\"Organization\",\"@id\":\"https:\\\/\\\/rczone.ee\\\/#organization\",\"name\":\"RcZone\",\"url\":\"https:\\\/\\\/rczone.ee\\\/\",\"logo\":{\"@type\":\"ImageObject\",\"inLanguage\":\"de\",\"@id\":\"https:\\\/\\\/rczone.ee\\\/#\\\/schema\\\/logo\\\/image\\\/\",\"url\":\"https:\\\/\\\/rczone.ee\\\/wp-content\\\/uploads\\\/2024\\\/01\\\/3D.png\",\"contentUrl\":\"https:\\\/\\\/rczone.ee\\\/wp-content\\\/uploads\\\/2024\\\/01\\\/3D.png\",\"width\":2080,\"height\":602,\"caption\":\"RcZone\"},\"image\":{\"@id\":\"https:\\\/\\\/rczone.ee\\\/#\\\/schema\\\/logo\\\/image\\\/\"},\"sameAs\":[\"https:\\\/\\\/www.facebook.com\\\/rczone.ee\"]}]}<\/script>\n<!-- \/ Yoast SEO plugin. -->","yoast_head_json":{"title":"Gens ace Bashing G-tech 5000mAh 2S 7.4V 60C Hardcase Lipo - T-Stecker - RC Zone | Radio Controlled Vehicles","robots":{"index":"index","follow":"follow","max-snippet":"max-snippet:-1","max-image-preview":"max-image-preview:large","max-video-preview":"max-video-preview:-1"},"canonical":"https:\/\/rczone.ee\/de\/product-2\/gens-ace-bashing-g-tech-5000mah-2s-7-4v-60c-hardcase-lipo-t-plug\/","og_locale":"de_DE","og_type":"article","og_title":"Gens ace Bashing G-tech 5000mAh 2S 7.4V 60C Hardcase Lipo - T-plug - RC Zone | Raadio teel juhitavad autod","og_description":"T\u00fc\u00fcp: 2S LiPo  Pinge: 7,4V  Mahutavus: 5000mAh  Rate: 60C  Pistik: Deans\/T-Plug","og_url":"https:\/\/rczone.ee\/de\/product-2\/gens-ace-bashing-g-tech-5000mah-2s-7-4v-60c-hardcase-lipo-t-plug\/","og_site_name":"RC Zone | Raadio teel juhitavad autod","article_publisher":"https:\/\/www.facebook.com\/rczone.ee","article_modified_time":"2026-03-04T16:24:30+00:00","og_image":[{"width":900,"height":900,"url":"https:\/\/rczone.ee\/wp-content\/uploads\/2025\/07\/1_466daaf4-ff4a-4a34-bf59-d31e720c23cb.webp","type":"image\/webp"}],"twitter_card":"summary_large_image","twitter_misc":{"Gesch\u00e4tzte Lesezeit":"1\u00a0Minute"},"schema":{"@context":"https:\/\/schema.org","@graph":[{"@type":"WebPage","@id":"https:\/\/rczone.ee\/toode\/gens-ace-bashing-g-tech-5000mah-2s-7-4v-60c-hardcase-lipo-t-plug\/","url":"https:\/\/rczone.ee\/toode\/gens-ace-bashing-g-tech-5000mah-2s-7-4v-60c-hardcase-lipo-t-plug\/","name":"Gens ace Bashing G-tech 5000mAh 2S 7.4V 60C Hardcase Lipo - T-Stecker - RC Zone | Radio Controlled Vehicles","isPartOf":{"@id":"https:\/\/rczone.ee\/#website"},"primaryImageOfPage":{"@id":"https:\/\/rczone.ee\/toode\/gens-ace-bashing-g-tech-5000mah-2s-7-4v-60c-hardcase-lipo-t-plug\/#primaryimage"},"image":{"@id":"https:\/\/rczone.ee\/toode\/gens-ace-bashing-g-tech-5000mah-2s-7-4v-60c-hardcase-lipo-t-plug\/#primaryimage"},"thumbnailUrl":"https:\/\/rczone.ee\/wp-content\/uploads\/2025\/07\/1_466daaf4-ff4a-4a34-bf59-d31e720c23cb.webp","datePublished":"2025-07-28T18:15:20+00:00","dateModified":"2026-03-04T16:24:30+00:00","breadcrumb":{"@id":"https:\/\/rczone.ee\/toode\/gens-ace-bashing-g-tech-5000mah-2s-7-4v-60c-hardcase-lipo-t-plug\/#breadcrumb"},"inLanguage":"de","potentialAction":[{"@type":"ReadAction","target":["https:\/\/rczone.ee\/toode\/gens-ace-bashing-g-tech-5000mah-2s-7-4v-60c-hardcase-lipo-t-plug\/"]}]},{"@type":"ImageObject","inLanguage":"de","@id":"https:\/\/rczone.ee\/toode\/gens-ace-bashing-g-tech-5000mah-2s-7-4v-60c-hardcase-lipo-t-plug\/#primaryimage","url":"https:\/\/rczone.ee\/wp-content\/uploads\/2025\/07\/1_466daaf4-ff4a-4a34-bf59-d31e720c23cb.webp","contentUrl":"https:\/\/rczone.ee\/wp-content\/uploads\/2025\/07\/1_466daaf4-ff4a-4a34-bf59-d31e720c23cb.webp","width":900,"height":900},{"@type":"BreadcrumbList","@id":"https:\/\/rczone.ee\/toode\/gens-ace-bashing-g-tech-5000mah-2s-7-4v-60c-hardcase-lipo-t-plug\/#breadcrumb","itemListElement":[{"@type":"ListItem","position":1,"name":"Home","item":"https:\/\/rczone.ee\/"},{"@type":"ListItem","position":2,"name":"Shop","item":"https:\/\/rczone.ee\/shop\/"},{"@type":"ListItem","position":3,"name":"Gens ace Bashing G-tech 5000mAh 2S 7.4V 60C Hardcase Lipo &#8211; T-plug"}]},{"@type":"WebSite","@id":"https:\/\/rczone.ee\/#website","url":"https:\/\/rczone.ee\/","name":"RcZone","description":"RcZone - Online Shop f\u00fcr funkgesteuerte Autos. Wir verkaufen eine breite Palette von qualitativ hochwertigen und leistungsstarken RC-Autos. Schnelle Lieferung und g\u00fcnstige Preise.","publisher":{"@id":"https:\/\/rczone.ee\/#organization"},"potentialAction":[{"@type":"SearchAction","target":{"@type":"EntryPoint","urlTemplate":"https:\/\/rczone.ee\/?s={search_term_string}"},"query-input":{"@type":"PropertyValueSpecification","valueRequired":true,"valueName":"search_term_string"}}],"inLanguage":"de"},{"@type":"Organization","@id":"https:\/\/rczone.ee\/#organization","name":"RcZone","url":"https:\/\/rczone.ee\/","logo":{"@type":"ImageObject","inLanguage":"de","@id":"https:\/\/rczone.ee\/#\/schema\/logo\/image\/","url":"https:\/\/rczone.ee\/wp-content\/uploads\/2024\/01\/3D.png","contentUrl":"https:\/\/rczone.ee\/wp-content\/uploads\/2024\/01\/3D.png","width":2080,"height":602,"caption":"RcZone"},"image":{"@id":"https:\/\/rczone.ee\/#\/schema\/logo\/image\/"},"sameAs":["https:\/\/www.facebook.com\/rczone.ee"]}]}},"_links":{"self":[{"href":"https:\/\/rczone.ee\/de\/wp-json\/wp\/v2\/product\/3904","targetHints":{"allow":["GET"]}}],"collection":[{"href":"https:\/\/rczone.ee\/de\/wp-json\/wp\/v2\/product"}],"about":[{"href":"https:\/\/rczone.ee\/de\/wp-json\/wp\/v2\/types\/product"}],"replies":[{"embeddable":true,"href":"https:\/\/rczone.ee\/de\/wp-json\/wp\/v2\/comments?post=3904"}],"wp:featuredmedia":[{"embeddable":true,"href":"https:\/\/rczone.ee\/de\/wp-json\/wp\/v2\/media\/3905"}],"wp:attachment":[{"href":"https:\/\/rczone.ee\/de\/wp-json\/wp\/v2\/media?parent=3904"}],"wp:term":[{"taxonomy":"fits_model","embeddable":true,"href":"https:\/\/rczone.ee\/de\/wp-json\/wp\/v2\/fits_model?post=3904"},{"taxonomy":"product_brand","embeddable":true,"href":"https:\/\/rczone.ee\/de\/wp-json\/wp\/v2\/product_brand?post=3904"},{"taxonomy":"product_cat","embeddable":true,"href":"https:\/\/rczone.ee\/de\/wp-json\/wp\/v2\/product_cat?post=3904"},{"taxonomy":"product_tag","embeddable":true,"href":"https:\/\/rczone.ee\/de\/wp-json\/wp\/v2\/product_tag?post=3904"},{"taxonomy":"woo-feed-brand","embeddable":true,"href":"https:\/\/rczone.ee\/de\/wp-json\/wp\/v2\/woo-feed-brand?post=3904"}],"curies":[{"name":"wp","href":"https:\/\/api.w.org\/{rel}","templated":true}]}}