{"id":3910,"date":"2025-07-28T21:22:15","date_gmt":"2025-07-28T18:22:15","guid":{"rendered":"https:\/\/rczone.ee\/?post_type=product&#038;p=3910"},"modified":"2025-12-13T15:26:42","modified_gmt":"2025-12-13T13:26:42","slug":"gens-ace-advanced-5500mah-7-6v-100c-2s1p-hartes-gehause-lipo-xt60","status":"publish","type":"product","link":"https:\/\/rczone.ee\/de\/toode\/gens-ace-advanced-5500mah-7-6v-100c-2s1p-hardcase-lipo-xt60\/","title":{"rendered":"Gens ace Advanced 5500mAh 7.6V 100C 2S1P HardCase Lipo - XT60"},"content":{"rendered":"<h3 data-start=\"89\" data-end=\"154\"><strong data-start=\"89\" data-end=\"154\">Gen's ace Advanced 5500mAh 7.6V 100C 2S1P HardCase LiPo - XT60<\/strong><\/h3>\n<p data-start=\"156\" data-end=\"484\">Die Gens ace Advanced High Voltage Serie ist eine neue Generation von RC-Akkus, die f\u00fcr mehr Benutzerfreundlichkeit, Sicherheit und Zuverl\u00e4ssigkeit entwickelt wurde. Dieser Akku ist mit einem eingebauten G-Tech-Chip ausgestattet, der es erm\u00f6glicht, den Akku automatisch zu erkennen und mit dem G-Tech Eco Smart-Ladeger\u00e4t zu laden, kann aber bei Bedarf auch mit einem herk\u00f6mmlichen Ladeger\u00e4t geladen werden.<\/p>\n<p data-start=\"486\" data-end=\"788\">Der Akku verf\u00fcgt \u00fcber hochwertige LiHv-Zellen und ein robustes Hartschalengeh\u00e4use sowie eine intelligente integrierte Elektronik und LED-Stromanzeige. Die 4,35-V-Hochspannungsl\u00f6sung, die erste ihrer Art, sorgt f\u00fcr eine h\u00f6here Energiedichte und eine l\u00e4ngere Lebensdauer der Batterie. Jedes Element hat eine Nennspannung von 3,8 V.<\/p>\n<h3><img decoding=\"async\" style=\"color: #555555; font-size: 14.4px;\" src=\"https:\/\/cdn11.bigcommerce.com\/s-99ohneivnb\/images\/stencil\/original\/image-manager\/tngf5-i-sok4-81po7qw49.png?t=1675665682\" alt=\"\" \/><\/h3>\n<p data-start=\"790\" data-end=\"814\"><strong data-start=\"790\" data-end=\"814\">Wesentliche Merkmale:<\/strong><\/p>\n<ul>\n<li data-start=\"817\" data-end=\"860\">4,35V HV<\/li>\n<li data-start=\"863\" data-end=\"889\">Langlebiges Hardcase-Geh\u00e4use<\/li>\n<li data-start=\"892\" data-end=\"931\">Intelligenter Akku mit LED-Stromanzeige<\/li>\n<li data-start=\"934\" data-end=\"958\">Spannungs- und Statusanzeige<\/li>\n<li data-start=\"961\" data-end=\"1021\">Selbstspeichermodus, um die Langlebigkeit der Batterie zu erhalten.<\/li>\n<li data-start=\"1024\" data-end=\"1043\">Schutz vor \u00dcberladung<\/li>\n<li data-start=\"1046\" data-end=\"1074\">Hochwertiger 12AWG-Kabelbaum<\/li>\n<\/ul>\n<p data-start=\"1076\" data-end=\"1098\"><strong data-start=\"1076\" data-end=\"1098\">Technische Daten:<\/strong><\/p>\n<ul>\n<li data-start=\"1101\" data-end=\"1124\">Typ:Hartschalen-LiPo-Akku<\/li>\n<li data-start=\"1127\" data-end=\"1145\">Kapazit\u00e4t: 5500mAh<\/li>\n<li data-start=\"1148\" data-end=\"1166\">Spannung: 7,6V (2S1P)<\/li>\n<li data-start=\"1169\" data-end=\"1179\">Gewicht: 290g<\/li>\n<li data-start=\"1182\" data-end=\"1206\">Abmessungen: 155 \u00d7 46 \u00d7 26 mm<\/li>\n<li data-start=\"1209\" data-end=\"1237\">Entlastungsstecker: JST-XHR<\/li>\n<li data-start=\"1240\" data-end=\"1260\">Entladungsstecker: XT60<\/li>\n<\/ul>\n<p><iframe title=\"YouTube-Video-Player\" src=\"https:\/\/www.youtube.com\/embed\/fSmO8QUTOzo\" width=\"560\" height=\"315\" frameborder=\"0\" data-mce-fragment=\"1\"><\/iframe><\/p>\n<p><strong>R\u00fcckblick:<\/strong><\/p>\n<h3><iframe title=\"YouTube-Video-Player\" src=\"https:\/\/www.youtube.com\/embed\/92aiQ1MFbXs?si=4Uma6HdYfJYnwG9c\" width=\"560\" height=\"315\" frameborder=\"0\" allowfullscreen=\"allowfullscreen\" data-mce-fragment=\"1\"><\/iframe><\/h3>\n<h3><strong>Achtung! LiPo-Akkus d\u00fcrfen nur mit einem Ladeger\u00e4t geladen werden, das LiPo-Akkus unterst\u00fctzt!<\/strong><\/h3>","protected":false},"excerpt":{"rendered":"<ul>\n<li style=\"line-height: 1; padding-top: 20px;\">Typ: 2S1P LiPo<\/li>\n<li style=\"line-height: 1;\">Spannung: 7,6V<\/li>\n<li style=\"line-height: 1;\">Kapazit\u00e4t: 5500mAh<\/li>\n<li style=\"line-height: 1;\">Satz: 100C<\/li>\n<li>Anschluss: XT60<\/li>\n<\/ul>","protected":false},"featured_media":3915,"comment_status":"open","ping_status":"closed","template":"","meta":{"_monsterinsights_skip_tracking":false,"_monsterinsights_sitenote_active":false,"_monsterinsights_sitenote_note":"","_monsterinsights_sitenote_category":0},"fits_model":[],"product_brand":[],"product_cat":[66],"product_tag":[84],"woo-feed-brand":[119],"class_list":{"0":"post-3910","1":"product","2":"type-product","3":"status-publish","4":"has-post-thumbnail","6":"product_cat-battery","7":"product_tag-standard","8":"woo-feed-brand-gens-ace","10":"first","11":"instock","12":"taxable","13":"shipping-taxable","14":"purchasable","15":"product-type-simple"},"yoast_head":"<!-- This site is optimized with the Yoast SEO plugin v27.6 - https:\/\/yoast.com\/product\/yoast-seo-wordpress\/ -->\n<title>Gens ace Advanced 5500mAh 7.6V 100C 2S1P HardCase Lipo - XT60 - RC Zone | Raadio teel juhitavad autod<\/title>\n<meta name=\"robots\" content=\"index, follow, max-snippet:-1, max-image-preview:large, max-video-preview:-1\" \/>\n<link rel=\"canonical\" href=\"https:\/\/rczone.ee\/de\/product-2\/gens-ace-advanced-5500mah-7-6v-100c-2s1p-hartes-gehause-lipo-xt60\/\" \/>\n<meta property=\"og:locale\" content=\"de_DE\" \/>\n<meta property=\"og:type\" content=\"article\" \/>\n<meta property=\"og:title\" content=\"Gens ace Advanced 5500mAh 7.6V 100C 2S1P HardCase Lipo - XT60 - RC Zone | Raadio teel juhitavad autod\" \/>\n<meta property=\"og:description\" content=\"T\u00fc\u00fcp: 2S1P LiPo  Pinge: 7,6V  Mahutavus: 5500mAh  Rate: 100C  Pistik: XT60\" \/>\n<meta property=\"og:url\" content=\"https:\/\/rczone.ee\/de\/product-2\/gens-ace-advanced-5500mah-7-6v-100c-2s1p-hartes-gehause-lipo-xt60\/\" \/>\n<meta property=\"og:site_name\" content=\"RC Zone | Raadio teel juhitavad autod\" \/>\n<meta property=\"article:publisher\" content=\"https:\/\/www.facebook.com\/rczone.ee\" \/>\n<meta property=\"article:modified_time\" content=\"2025-12-13T13:26:42+00:00\" \/>\n<meta property=\"og:image\" content=\"https:\/\/rczone.ee\/wp-content\/uploads\/2025\/07\/gea55002s10x6_g-tech_5.webp\" \/>\n\t<meta property=\"og:image:width\" content=\"900\" \/>\n\t<meta property=\"og:image:height\" content=\"900\" \/>\n\t<meta property=\"og:image:type\" content=\"image\/webp\" \/>\n<meta name=\"twitter:card\" content=\"summary_large_image\" \/>\n<meta name=\"twitter:label1\" content=\"Gesch\u00e4tzte Lesezeit\" \/>\n\t<meta name=\"twitter:data1\" content=\"2\u00a0Minuten\" \/>\n<script type=\"application\/ld+json\" class=\"yoast-schema-graph\">{\"@context\":\"https:\\\/\\\/schema.org\",\"@graph\":[{\"@type\":\"WebPage\",\"@id\":\"https:\\\/\\\/rczone.ee\\\/toode\\\/gens-ace-advanced-5500mah-7-6v-100c-2s1p-hardcase-lipo-xt60\\\/\",\"url\":\"https:\\\/\\\/rczone.ee\\\/toode\\\/gens-ace-advanced-5500mah-7-6v-100c-2s1p-hardcase-lipo-xt60\\\/\",\"name\":\"Gens ace Advanced 5500mAh 7.6V 100C 2S1P HardCase Lipo - XT60 - RC Zone | Raadio teel juhitavad autod\",\"isPartOf\":{\"@id\":\"https:\\\/\\\/rczone.ee\\\/#website\"},\"primaryImageOfPage\":{\"@id\":\"https:\\\/\\\/rczone.ee\\\/toode\\\/gens-ace-advanced-5500mah-7-6v-100c-2s1p-hardcase-lipo-xt60\\\/#primaryimage\"},\"image\":{\"@id\":\"https:\\\/\\\/rczone.ee\\\/toode\\\/gens-ace-advanced-5500mah-7-6v-100c-2s1p-hardcase-lipo-xt60\\\/#primaryimage\"},\"thumbnailUrl\":\"https:\\\/\\\/rczone.ee\\\/wp-content\\\/uploads\\\/2025\\\/07\\\/gea55002s10x6_g-tech_5.webp\",\"datePublished\":\"2025-07-28T18:22:15+00:00\",\"dateModified\":\"2025-12-13T13:26:42+00:00\",\"breadcrumb\":{\"@id\":\"https:\\\/\\\/rczone.ee\\\/toode\\\/gens-ace-advanced-5500mah-7-6v-100c-2s1p-hardcase-lipo-xt60\\\/#breadcrumb\"},\"inLanguage\":\"de\",\"potentialAction\":[{\"@type\":\"ReadAction\",\"target\":[\"https:\\\/\\\/rczone.ee\\\/toode\\\/gens-ace-advanced-5500mah-7-6v-100c-2s1p-hardcase-lipo-xt60\\\/\"]}]},{\"@type\":\"ImageObject\",\"inLanguage\":\"de\",\"@id\":\"https:\\\/\\\/rczone.ee\\\/toode\\\/gens-ace-advanced-5500mah-7-6v-100c-2s1p-hardcase-lipo-xt60\\\/#primaryimage\",\"url\":\"https:\\\/\\\/rczone.ee\\\/wp-content\\\/uploads\\\/2025\\\/07\\\/gea55002s10x6_g-tech_5.webp\",\"contentUrl\":\"https:\\\/\\\/rczone.ee\\\/wp-content\\\/uploads\\\/2025\\\/07\\\/gea55002s10x6_g-tech_5.webp\",\"width\":900,\"height\":900},{\"@type\":\"BreadcrumbList\",\"@id\":\"https:\\\/\\\/rczone.ee\\\/toode\\\/gens-ace-advanced-5500mah-7-6v-100c-2s1p-hardcase-lipo-xt60\\\/#breadcrumb\",\"itemListElement\":[{\"@type\":\"ListItem\",\"position\":1,\"name\":\"Home\",\"item\":\"https:\\\/\\\/rczone.ee\\\/\"},{\"@type\":\"ListItem\",\"position\":2,\"name\":\"Shop\",\"item\":\"https:\\\/\\\/rczone.ee\\\/shop\\\/\"},{\"@type\":\"ListItem\",\"position\":3,\"name\":\"Gens ace Advanced 5500mAh 7.6V 100C 2S1P HardCase Lipo &#8211; XT60\"}]},{\"@type\":\"WebSite\",\"@id\":\"https:\\\/\\\/rczone.ee\\\/#website\",\"url\":\"https:\\\/\\\/rczone.ee\\\/\",\"name\":\"RcZone\",\"description\":\"RcZone - Raadio teel juhitavate autode veebipood. M&uuml;&uuml;me laia valikut kvaliteetseid ja v&otilde;imsaid RC-autosid. Kiire tarne ja konkurentsiv&otilde;imelised hinnad.\",\"publisher\":{\"@id\":\"https:\\\/\\\/rczone.ee\\\/#organization\"},\"potentialAction\":[{\"@type\":\"SearchAction\",\"target\":{\"@type\":\"EntryPoint\",\"urlTemplate\":\"https:\\\/\\\/rczone.ee\\\/?s={search_term_string}\"},\"query-input\":{\"@type\":\"PropertyValueSpecification\",\"valueRequired\":true,\"valueName\":\"search_term_string\"}}],\"inLanguage\":\"de\"},{\"@type\":\"Organization\",\"@id\":\"https:\\\/\\\/rczone.ee\\\/#organization\",\"name\":\"RcZone\",\"url\":\"https:\\\/\\\/rczone.ee\\\/\",\"logo\":{\"@type\":\"ImageObject\",\"inLanguage\":\"de\",\"@id\":\"https:\\\/\\\/rczone.ee\\\/#\\\/schema\\\/logo\\\/image\\\/\",\"url\":\"https:\\\/\\\/rczone.ee\\\/wp-content\\\/uploads\\\/2024\\\/01\\\/3D.png\",\"contentUrl\":\"https:\\\/\\\/rczone.ee\\\/wp-content\\\/uploads\\\/2024\\\/01\\\/3D.png\",\"width\":2080,\"height\":602,\"caption\":\"RcZone\"},\"image\":{\"@id\":\"https:\\\/\\\/rczone.ee\\\/#\\\/schema\\\/logo\\\/image\\\/\"},\"sameAs\":[\"https:\\\/\\\/www.facebook.com\\\/rczone.ee\"]}]}<\/script>\n<!-- \/ Yoast SEO plugin. -->","yoast_head_json":{"title":"Gens ace Advanced 5500mAh 7.6V 100C 2S1P HardCase Lipo - XT60 - RC Zone | Ferngesteuerte Fahrzeuge","robots":{"index":"index","follow":"follow","max-snippet":"max-snippet:-1","max-image-preview":"max-image-preview:large","max-video-preview":"max-video-preview:-1"},"canonical":"https:\/\/rczone.ee\/de\/product-2\/gens-ace-advanced-5500mah-7-6v-100c-2s1p-hartes-gehause-lipo-xt60\/","og_locale":"de_DE","og_type":"article","og_title":"Gens ace Advanced 5500mAh 7.6V 100C 2S1P HardCase Lipo - XT60 - RC Zone | Raadio teel juhitavad autod","og_description":"T\u00fc\u00fcp: 2S1P LiPo  Pinge: 7,6V  Mahutavus: 5500mAh  Rate: 100C  Pistik: XT60","og_url":"https:\/\/rczone.ee\/de\/product-2\/gens-ace-advanced-5500mah-7-6v-100c-2s1p-hartes-gehause-lipo-xt60\/","og_site_name":"RC Zone | Raadio teel juhitavad autod","article_publisher":"https:\/\/www.facebook.com\/rczone.ee","article_modified_time":"2025-12-13T13:26:42+00:00","og_image":[{"width":900,"height":900,"url":"https:\/\/rczone.ee\/wp-content\/uploads\/2025\/07\/gea55002s10x6_g-tech_5.webp","type":"image\/webp"}],"twitter_card":"summary_large_image","twitter_misc":{"Gesch\u00e4tzte Lesezeit":"2\u00a0Minuten"},"schema":{"@context":"https:\/\/schema.org","@graph":[{"@type":"WebPage","@id":"https:\/\/rczone.ee\/toode\/gens-ace-advanced-5500mah-7-6v-100c-2s1p-hardcase-lipo-xt60\/","url":"https:\/\/rczone.ee\/toode\/gens-ace-advanced-5500mah-7-6v-100c-2s1p-hardcase-lipo-xt60\/","name":"Gens ace Advanced 5500mAh 7.6V 100C 2S1P HardCase Lipo - XT60 - RC Zone | Ferngesteuerte Fahrzeuge","isPartOf":{"@id":"https:\/\/rczone.ee\/#website"},"primaryImageOfPage":{"@id":"https:\/\/rczone.ee\/toode\/gens-ace-advanced-5500mah-7-6v-100c-2s1p-hardcase-lipo-xt60\/#primaryimage"},"image":{"@id":"https:\/\/rczone.ee\/toode\/gens-ace-advanced-5500mah-7-6v-100c-2s1p-hardcase-lipo-xt60\/#primaryimage"},"thumbnailUrl":"https:\/\/rczone.ee\/wp-content\/uploads\/2025\/07\/gea55002s10x6_g-tech_5.webp","datePublished":"2025-07-28T18:22:15+00:00","dateModified":"2025-12-13T13:26:42+00:00","breadcrumb":{"@id":"https:\/\/rczone.ee\/toode\/gens-ace-advanced-5500mah-7-6v-100c-2s1p-hardcase-lipo-xt60\/#breadcrumb"},"inLanguage":"de","potentialAction":[{"@type":"ReadAction","target":["https:\/\/rczone.ee\/toode\/gens-ace-advanced-5500mah-7-6v-100c-2s1p-hardcase-lipo-xt60\/"]}]},{"@type":"ImageObject","inLanguage":"de","@id":"https:\/\/rczone.ee\/toode\/gens-ace-advanced-5500mah-7-6v-100c-2s1p-hardcase-lipo-xt60\/#primaryimage","url":"https:\/\/rczone.ee\/wp-content\/uploads\/2025\/07\/gea55002s10x6_g-tech_5.webp","contentUrl":"https:\/\/rczone.ee\/wp-content\/uploads\/2025\/07\/gea55002s10x6_g-tech_5.webp","width":900,"height":900},{"@type":"BreadcrumbList","@id":"https:\/\/rczone.ee\/toode\/gens-ace-advanced-5500mah-7-6v-100c-2s1p-hardcase-lipo-xt60\/#breadcrumb","itemListElement":[{"@type":"ListItem","position":1,"name":"Home","item":"https:\/\/rczone.ee\/"},{"@type":"ListItem","position":2,"name":"Shop","item":"https:\/\/rczone.ee\/shop\/"},{"@type":"ListItem","position":3,"name":"Gens ace Advanced 5500mAh 7.6V 100C 2S1P HardCase Lipo &#8211; XT60"}]},{"@type":"WebSite","@id":"https:\/\/rczone.ee\/#website","url":"https:\/\/rczone.ee\/","name":"RcZone","description":"RcZone - Online Shop f\u00fcr funkgesteuerte Autos. Wir verkaufen eine breite Palette von qualitativ hochwertigen und leistungsstarken RC-Autos. Schnelle Lieferung und g\u00fcnstige Preise.","publisher":{"@id":"https:\/\/rczone.ee\/#organization"},"potentialAction":[{"@type":"SearchAction","target":{"@type":"EntryPoint","urlTemplate":"https:\/\/rczone.ee\/?s={search_term_string}"},"query-input":{"@type":"PropertyValueSpecification","valueRequired":true,"valueName":"search_term_string"}}],"inLanguage":"de"},{"@type":"Organization","@id":"https:\/\/rczone.ee\/#organization","name":"RcZone","url":"https:\/\/rczone.ee\/","logo":{"@type":"ImageObject","inLanguage":"de","@id":"https:\/\/rczone.ee\/#\/schema\/logo\/image\/","url":"https:\/\/rczone.ee\/wp-content\/uploads\/2024\/01\/3D.png","contentUrl":"https:\/\/rczone.ee\/wp-content\/uploads\/2024\/01\/3D.png","width":2080,"height":602,"caption":"RcZone"},"image":{"@id":"https:\/\/rczone.ee\/#\/schema\/logo\/image\/"},"sameAs":["https:\/\/www.facebook.com\/rczone.ee"]}]}},"_links":{"self":[{"href":"https:\/\/rczone.ee\/de\/wp-json\/wp\/v2\/product\/3910","targetHints":{"allow":["GET"]}}],"collection":[{"href":"https:\/\/rczone.ee\/de\/wp-json\/wp\/v2\/product"}],"about":[{"href":"https:\/\/rczone.ee\/de\/wp-json\/wp\/v2\/types\/product"}],"replies":[{"embeddable":true,"href":"https:\/\/rczone.ee\/de\/wp-json\/wp\/v2\/comments?post=3910"}],"wp:featuredmedia":[{"embeddable":true,"href":"https:\/\/rczone.ee\/de\/wp-json\/wp\/v2\/media\/3915"}],"wp:attachment":[{"href":"https:\/\/rczone.ee\/de\/wp-json\/wp\/v2\/media?parent=3910"}],"wp:term":[{"taxonomy":"fits_model","embeddable":true,"href":"https:\/\/rczone.ee\/de\/wp-json\/wp\/v2\/fits_model?post=3910"},{"taxonomy":"product_brand","embeddable":true,"href":"https:\/\/rczone.ee\/de\/wp-json\/wp\/v2\/product_brand?post=3910"},{"taxonomy":"product_cat","embeddable":true,"href":"https:\/\/rczone.ee\/de\/wp-json\/wp\/v2\/product_cat?post=3910"},{"taxonomy":"product_tag","embeddable":true,"href":"https:\/\/rczone.ee\/de\/wp-json\/wp\/v2\/product_tag?post=3910"},{"taxonomy":"woo-feed-brand","embeddable":true,"href":"https:\/\/rczone.ee\/de\/wp-json\/wp\/v2\/woo-feed-brand?post=3910"}],"curies":[{"name":"wp","href":"https:\/\/api.w.org\/{rel}","templated":true}]}}