{"id":3928,"date":"2025-07-28T21:54:41","date_gmt":"2025-07-28T18:54:41","guid":{"rendered":"https:\/\/rczone.ee\/?post_type=product&#038;p=3928"},"modified":"2026-03-04T18:25:42","modified_gmt":"2026-03-04T16:25:42","slug":"gens-ace-imars-mini-g-tech-usb-c-2-4s-60w-ladegerat-eu-stromversorgung","status":"publish","type":"product","link":"https:\/\/rczone.ee\/de\/toode\/gens-ace-imars-mini-g-tech-usb-c-2-4s-60w-charger-eu-power-supply\/","title":{"rendered":"Gens Ace iMars mini G-Tech USB-C 2-4S 60W Ladeger\u00e4t + EU-Netzteil"},"content":{"rendered":"<h3 data-pm-slice=\"1 1 []\"><strong>Gens Ace iMars mini G-Tech USB-C 2-4S 60W Ladeger\u00e4t - kompaktes und leistungsstarkes Smart-Ladeger\u00e4t f\u00fcr jeden RC-Enthusiasten!<\/strong><\/h3>\n<p data-start=\"86\" data-end=\"133\"><strong data-start=\"86\" data-end=\"133\">Kompakt. Pfiffig. Sofort einsatzbereit.<\/strong><\/p>\n<p data-start=\"135\" data-end=\"436\">Das iMars Mini ist ein intelligentes Batterieladeger\u00e4t, das speziell f\u00fcr Gens ace G-Tech Smart-Batterien entwickelt wurde, aber auch f\u00fcr herk\u00f6mmliche (Smart-freie) Batterien bestens geeignet ist. Es ist das erste Mitglied der G-Tech Smart Eco Familie und sorgt f\u00fcr schnelles und reibungsloses Aufladen zu Hause, bei Wettk\u00e4mpfen und auf Reisen.<\/p>\n<p data-start=\"438\" data-end=\"689\"><strong data-start=\"438\" data-end=\"462\">Intelligente Automatisierung:<\/strong><br data-start=\"462\" data-end=\"465\" \/>Schlie\u00dfen Sie die intelligente Batterie von G-Tech an das Ladeger\u00e4t an, und das Ladeger\u00e4t erkennt automatisch den Batterietyp, die Spannung und den empfohlenen Ladestrom \u00fcber den intelligenten Ausgleichsstecker. Der Ladevorgang beginnt automatisch nach 5 Sekunden - keine zus\u00e4tzlichen Einstellungen erforderlich.<\/p>\n<p data-start=\"691\" data-end=\"996\"><strong data-start=\"691\" data-end=\"718\">Universelle Kompatibilit\u00e4t:<\/strong><br data-start=\"718\" data-end=\"721\" \/>Um normale Batterien zu laden, w\u00e4hlen Sie manuell den Batterietyp und den Lademodus. Das Ladeger\u00e4t passt den Strom entsprechend der Batteriespannung an und gew\u00e4hrleistet in jedem Fall einen sicheren Ladevorgang. Das kompakte und leichte Geh\u00e4use macht es zur idealen Wahl f\u00fcr w\u00f6chentliche Wettk\u00e4mpfe oder zum Mitnehmen auf Reisen.<\/p>\n<p data-start=\"998\" data-end=\"1015\"><strong data-start=\"998\" data-end=\"1015\">Grundlegende Merkmale:<\/strong><\/p>\n<ul>\n<li data-start=\"1018\" data-end=\"1069\">Geeignet f\u00fcr 2-4S LiPo, LiHV, LiFe und 2-12S NiMH-Akkus.<\/li>\n<li data-start=\"1072\" data-end=\"1136\">Automatische G-Tech Smart Cell-Erkennung mit eingebautem IC-Chip<\/li>\n<li data-start=\"1139\" data-end=\"1213\">Automatische Speicherung - das kleinste Ladeger\u00e4t, das diese Funktion bietet!<\/li>\n<li data-start=\"1216\" data-end=\"1274\">Robuster Ausgleichsverbinder und aktualisierte Benutzeroberfl\u00e4che<\/li>\n<li data-start=\"1277\" data-end=\"1318\">\u00c4u\u00dferst kompakt und leicht zu transportieren<\/li>\n<\/ul>\n<p data-start=\"1320\" data-end=\"1342\"><strong data-start=\"1320\" data-end=\"1342\">Technische Daten:<\/strong><\/p>\n<ul>\n<li data-start=\"1345\" data-end=\"1379\">Maximale Ladeleistung: 60W<\/li>\n<li data-start=\"1382\" data-end=\"1429\">Ladestrom: 1-5A (automatische Anpassung)<\/li>\n<li data-start=\"1432\" data-end=\"1478\">Speichermodus: 3W Entladung \/ 60W Aufladung<\/li>\n<li data-start=\"1481\" data-end=\"1501\">Eingangsspannung: 5-20V<\/li>\n<li data-start=\"1504\" data-end=\"1535\">Maximaler Eingangsstrom: DC 3A<\/li>\n<li data-start=\"1538\" data-end=\"1575\">Ausgleichsstrom: 0,4 A\/Zelle \u00d7 2<\/li>\n<li data-start=\"1578\" data-end=\"1685\">Eingangsanschluss: QC \/ PD \/ BC1.2 \/ USB-C v1.4 \/ SDP \/ CDP \/ DCP \/ Apple 5V 2.4A<br data-start=\"1652\" data-end=\"1655\" \/>(Unterst\u00fctzt keine 5V 1A-Adapter - geeigneter Adapter im Lieferumfang enthalten!)<\/li>\n<li data-start=\"1688\" data-end=\"1743\">Geeignete Batterien: Lipo\/LiHv\/LiFe (2-4S), NiMH (2-12S).<\/li>\n<li data-start=\"1746\" data-end=\"1779\">Betriebstemperatur: 0\u00b0C bis 40\u00b0C<\/li>\n<li data-start=\"1782\" data-end=\"1817\">Lagertemperatur: -20\u00b0C bis 60\u00b0C<\/li>\n<li data-start=\"1820\" data-end=\"1845\">Abmessungen: 85 \u00d7 55 \u00d7 21 mm<\/li>\n<li data-start=\"1848\" data-end=\"1862\">Gewicht: ca. 64g<\/li>\n<\/ul>\n<p data-start=\"1864\" data-end=\"1879\"><strong data-start=\"1864\" data-end=\"1879\">Eingeschlossen:<\/strong><\/p>\n<ul>\n<li data-start=\"1882\" data-end=\"1913\">iMars Mini 60W intelligentes Ladeger\u00e4t \u00d71<\/li>\n<li data-start=\"1916\" data-end=\"1941\">1m USB-C Stromkabel \u00d71<\/li>\n<li data-start=\"1944\" data-end=\"1965\">65-W-Netzteil \u00d71<\/li>\n<li data-start=\"1968\" data-end=\"1999\">XT60 (F) \u2192 EC3 (M) Adapter \u00d71<\/li>\n<li data-start=\"2002\" data-end=\"2038\">XT60 (F) \u2192 Deans(T) (M) Adapter \u00d71<\/li>\n<li data-start=\"2041\" data-end=\"2059\">Benutzerhandbuch \u00d71<\/li>\n<\/ul>\n<p data-start=\"2061\" data-end=\"2092\"><strong data-start=\"2061\" data-end=\"2092\">H\u00e4ufig gestellte Fragen:<\/strong><\/p>\n<p data-start=\"2094\" data-end=\"2376\"><strong data-start=\"2094\" data-end=\"2145\">F: Warum kann ich den Ladestrom nicht manuell einstellen?<\/strong><br data-start=\"2145\" data-end=\"2148\" \/><strong data-start=\"2148\" data-end=\"2154\">V:<\/strong> Der iMars Mini passt den Ladestrom automatisch an die Gr\u00f6\u00dfe und den Typ der Batterie an - sowohl f\u00fcr G-Tech Smart-Batterien als auch f\u00fcr normale Batterien. Der typische Ladestrom betr\u00e4gt 1C-1,5C (bis zu 60W). Eine manuelle Einstellung ist nicht erforderlich.<\/p>\n<p data-start=\"2094\" data-end=\"2376\"><span style=\"font-size: 120%;\"><strong>Den Leitfaden herunterladen -&gt; <a href=\"https:\/\/rczone.ee\/wp-content\/uploads\/2025\/07\/iMars_mini_Manual.pdf\" target=\"_blank\" rel=\"noopener\">iMars mini Handbuch<\/a><\/strong><\/span><\/p>","protected":false},"excerpt":{"rendered":"<p>Gens Ace iMars mini G-Tech USB-C 2-4S 60W Charger \u2013 kompaktne ja v\u00f5imas nutikas laadija igale RC-huvilisele! Kompaktne. Nutikas. Kohe valmis kasutuseks. iMars Mini on intelligentne akulaadija, mis on loodud spetsiaalselt Gens ace G-Tech nutiakude jaoks, kuid sobib suurep\u00e4raselt ka tavalistele (nutivabadele) akudele. Tegemist on G-Tech Smart Eco perekonna esimese liikmega, mis tagab kiire ja [&#8230;]\n","protected":false},"featured_media":3932,"comment_status":"open","ping_status":"closed","template":"","meta":{"_monsterinsights_skip_tracking":false,"_monsterinsights_sitenote_active":false,"_monsterinsights_sitenote_note":"","_monsterinsights_sitenote_category":0},"fits_model":[],"product_brand":[],"product_cat":[68],"product_tag":[],"woo-feed-brand":[119],"class_list":{"0":"post-3928","1":"product","2":"type-product","3":"status-publish","4":"has-post-thumbnail","6":"product_cat-laadijad","7":"woo-feed-brand-gens-ace","9":"first","10":"instock","11":"taxable","12":"shipping-taxable","13":"purchasable","14":"product-type-simple"},"yoast_head":"<!-- This site is optimized with the Yoast SEO plugin v27.6 - https:\/\/yoast.com\/product\/yoast-seo-wordpress\/ -->\n<title>Gens Ace iMars mini G-Tech USB-C 2-4S 60W Charger + EU Power Supply - RC Zone | Raadio teel juhitavad autod<\/title>\n<meta name=\"robots\" content=\"index, follow, max-snippet:-1, max-image-preview:large, max-video-preview:-1\" \/>\n<link rel=\"canonical\" href=\"https:\/\/rczone.ee\/de\/product-2\/gens-ace-imars-mini-g-tech-usb-c-2-4s-60w-ladegerat-eu-stromversorgung\/\" \/>\n<meta property=\"og:locale\" content=\"de_DE\" \/>\n<meta property=\"og:type\" content=\"article\" \/>\n<meta property=\"og:title\" content=\"Gens Ace iMars mini G-Tech USB-C 2-4S 60W Charger + EU Power Supply - RC Zone | Raadio teel juhitavad autod\" \/>\n<meta property=\"og:description\" content=\"Gens Ace iMars mini G-Tech USB-C 2-4S 60W Charger \u2013 kompaktne ja v\u00f5imas nutikas laadija igale RC-huvilisele! Kompaktne. Nutikas. Kohe valmis kasutuseks. iMars Mini on intelligentne akulaadija, mis on loodud spetsiaalselt Gens ace G-Tech nutiakude jaoks, kuid sobib suurep\u00e4raselt ka tavalistele (nutivabadele) akudele. Tegemist on G-Tech Smart Eco perekonna esimese liikmega, mis tagab kiire ja [...]\" \/>\n<meta property=\"og:url\" content=\"https:\/\/rczone.ee\/de\/product-2\/gens-ace-imars-mini-g-tech-usb-c-2-4s-60w-ladegerat-eu-stromversorgung\/\" \/>\n<meta property=\"og:site_name\" content=\"RC Zone | Raadio teel juhitavad autod\" \/>\n<meta property=\"article:publisher\" content=\"https:\/\/www.facebook.com\/rczone.ee\" \/>\n<meta property=\"article:modified_time\" content=\"2026-03-04T16:25:42+00:00\" \/>\n<meta property=\"og:image\" content=\"https:\/\/rczone.ee\/wp-content\/uploads\/2025\/07\/Gens_ace_imars_mini_rc_smart_charger_for_rc_helicopter.webp\" \/>\n\t<meta property=\"og:image:width\" content=\"900\" \/>\n\t<meta property=\"og:image:height\" content=\"900\" \/>\n\t<meta property=\"og:image:type\" content=\"image\/webp\" \/>\n<meta name=\"twitter:card\" content=\"summary_large_image\" \/>\n<meta name=\"twitter:label1\" content=\"Gesch\u00e4tzte Lesezeit\" \/>\n\t<meta name=\"twitter:data1\" content=\"2\u00a0Minuten\" \/>\n<script type=\"application\/ld+json\" class=\"yoast-schema-graph\">{\"@context\":\"https:\\\/\\\/schema.org\",\"@graph\":[{\"@type\":\"WebPage\",\"@id\":\"https:\\\/\\\/rczone.ee\\\/toode\\\/gens-ace-imars-mini-g-tech-usb-c-2-4s-60w-charger-eu-power-supply\\\/\",\"url\":\"https:\\\/\\\/rczone.ee\\\/toode\\\/gens-ace-imars-mini-g-tech-usb-c-2-4s-60w-charger-eu-power-supply\\\/\",\"name\":\"Gens Ace iMars mini G-Tech USB-C 2-4S 60W Charger + EU Power Supply - RC Zone | Raadio teel juhitavad autod\",\"isPartOf\":{\"@id\":\"https:\\\/\\\/rczone.ee\\\/#website\"},\"primaryImageOfPage\":{\"@id\":\"https:\\\/\\\/rczone.ee\\\/toode\\\/gens-ace-imars-mini-g-tech-usb-c-2-4s-60w-charger-eu-power-supply\\\/#primaryimage\"},\"image\":{\"@id\":\"https:\\\/\\\/rczone.ee\\\/toode\\\/gens-ace-imars-mini-g-tech-usb-c-2-4s-60w-charger-eu-power-supply\\\/#primaryimage\"},\"thumbnailUrl\":\"https:\\\/\\\/rczone.ee\\\/wp-content\\\/uploads\\\/2025\\\/07\\\/Gens_ace_imars_mini_rc_smart_charger_for_rc_helicopter.webp\",\"datePublished\":\"2025-07-28T18:54:41+00:00\",\"dateModified\":\"2026-03-04T16:25:42+00:00\",\"breadcrumb\":{\"@id\":\"https:\\\/\\\/rczone.ee\\\/toode\\\/gens-ace-imars-mini-g-tech-usb-c-2-4s-60w-charger-eu-power-supply\\\/#breadcrumb\"},\"inLanguage\":\"de\",\"potentialAction\":[{\"@type\":\"ReadAction\",\"target\":[\"https:\\\/\\\/rczone.ee\\\/toode\\\/gens-ace-imars-mini-g-tech-usb-c-2-4s-60w-charger-eu-power-supply\\\/\"]}]},{\"@type\":\"ImageObject\",\"inLanguage\":\"de\",\"@id\":\"https:\\\/\\\/rczone.ee\\\/toode\\\/gens-ace-imars-mini-g-tech-usb-c-2-4s-60w-charger-eu-power-supply\\\/#primaryimage\",\"url\":\"https:\\\/\\\/rczone.ee\\\/wp-content\\\/uploads\\\/2025\\\/07\\\/Gens_ace_imars_mini_rc_smart_charger_for_rc_helicopter.webp\",\"contentUrl\":\"https:\\\/\\\/rczone.ee\\\/wp-content\\\/uploads\\\/2025\\\/07\\\/Gens_ace_imars_mini_rc_smart_charger_for_rc_helicopter.webp\",\"width\":900,\"height\":900},{\"@type\":\"BreadcrumbList\",\"@id\":\"https:\\\/\\\/rczone.ee\\\/toode\\\/gens-ace-imars-mini-g-tech-usb-c-2-4s-60w-charger-eu-power-supply\\\/#breadcrumb\",\"itemListElement\":[{\"@type\":\"ListItem\",\"position\":1,\"name\":\"Home\",\"item\":\"https:\\\/\\\/rczone.ee\\\/\"},{\"@type\":\"ListItem\",\"position\":2,\"name\":\"Shop\",\"item\":\"https:\\\/\\\/rczone.ee\\\/shop\\\/\"},{\"@type\":\"ListItem\",\"position\":3,\"name\":\"Gens Ace iMars mini G-Tech USB-C 2-4S 60W Charger + EU Power Supply\"}]},{\"@type\":\"WebSite\",\"@id\":\"https:\\\/\\\/rczone.ee\\\/#website\",\"url\":\"https:\\\/\\\/rczone.ee\\\/\",\"name\":\"RcZone\",\"description\":\"RcZone - Raadio teel juhitavate autode veebipood. M&uuml;&uuml;me laia valikut kvaliteetseid ja v&otilde;imsaid RC-autosid. Kiire tarne ja konkurentsiv&otilde;imelised hinnad.\",\"publisher\":{\"@id\":\"https:\\\/\\\/rczone.ee\\\/#organization\"},\"potentialAction\":[{\"@type\":\"SearchAction\",\"target\":{\"@type\":\"EntryPoint\",\"urlTemplate\":\"https:\\\/\\\/rczone.ee\\\/?s={search_term_string}\"},\"query-input\":{\"@type\":\"PropertyValueSpecification\",\"valueRequired\":true,\"valueName\":\"search_term_string\"}}],\"inLanguage\":\"de\"},{\"@type\":\"Organization\",\"@id\":\"https:\\\/\\\/rczone.ee\\\/#organization\",\"name\":\"RcZone\",\"url\":\"https:\\\/\\\/rczone.ee\\\/\",\"logo\":{\"@type\":\"ImageObject\",\"inLanguage\":\"de\",\"@id\":\"https:\\\/\\\/rczone.ee\\\/#\\\/schema\\\/logo\\\/image\\\/\",\"url\":\"https:\\\/\\\/rczone.ee\\\/wp-content\\\/uploads\\\/2024\\\/01\\\/3D.png\",\"contentUrl\":\"https:\\\/\\\/rczone.ee\\\/wp-content\\\/uploads\\\/2024\\\/01\\\/3D.png\",\"width\":2080,\"height\":602,\"caption\":\"RcZone\"},\"image\":{\"@id\":\"https:\\\/\\\/rczone.ee\\\/#\\\/schema\\\/logo\\\/image\\\/\"},\"sameAs\":[\"https:\\\/\\\/www.facebook.com\\\/rczone.ee\"]}]}<\/script>\n<!-- \/ Yoast SEO plugin. -->","yoast_head_json":{"title":"Gens Ace iMars mini G-Tech USB-C 2-4S 60W Ladeger\u00e4t + EU-Netzteil - RC Zone | Funkgesteuerte Autos","robots":{"index":"index","follow":"follow","max-snippet":"max-snippet:-1","max-image-preview":"max-image-preview:large","max-video-preview":"max-video-preview:-1"},"canonical":"https:\/\/rczone.ee\/de\/product-2\/gens-ace-imars-mini-g-tech-usb-c-2-4s-60w-ladegerat-eu-stromversorgung\/","og_locale":"de_DE","og_type":"article","og_title":"Gens Ace iMars mini G-Tech USB-C 2-4S 60W Charger + EU Power Supply - RC Zone | Raadio teel juhitavad autod","og_description":"Gens Ace iMars mini G-Tech USB-C 2-4S 60W Charger \u2013 kompaktne ja v\u00f5imas nutikas laadija igale RC-huvilisele! Kompaktne. Nutikas. Kohe valmis kasutuseks. iMars Mini on intelligentne akulaadija, mis on loodud spetsiaalselt Gens ace G-Tech nutiakude jaoks, kuid sobib suurep\u00e4raselt ka tavalistele (nutivabadele) akudele. Tegemist on G-Tech Smart Eco perekonna esimese liikmega, mis tagab kiire ja [...]","og_url":"https:\/\/rczone.ee\/de\/product-2\/gens-ace-imars-mini-g-tech-usb-c-2-4s-60w-ladegerat-eu-stromversorgung\/","og_site_name":"RC Zone | Raadio teel juhitavad autod","article_publisher":"https:\/\/www.facebook.com\/rczone.ee","article_modified_time":"2026-03-04T16:25:42+00:00","og_image":[{"width":900,"height":900,"url":"https:\/\/rczone.ee\/wp-content\/uploads\/2025\/07\/Gens_ace_imars_mini_rc_smart_charger_for_rc_helicopter.webp","type":"image\/webp"}],"twitter_card":"summary_large_image","twitter_misc":{"Gesch\u00e4tzte Lesezeit":"2\u00a0Minuten"},"schema":{"@context":"https:\/\/schema.org","@graph":[{"@type":"WebPage","@id":"https:\/\/rczone.ee\/toode\/gens-ace-imars-mini-g-tech-usb-c-2-4s-60w-charger-eu-power-supply\/","url":"https:\/\/rczone.ee\/toode\/gens-ace-imars-mini-g-tech-usb-c-2-4s-60w-charger-eu-power-supply\/","name":"Gens Ace iMars mini G-Tech USB-C 2-4S 60W Ladeger\u00e4t + EU-Netzteil - RC Zone | Funkgesteuerte Autos","isPartOf":{"@id":"https:\/\/rczone.ee\/#website"},"primaryImageOfPage":{"@id":"https:\/\/rczone.ee\/toode\/gens-ace-imars-mini-g-tech-usb-c-2-4s-60w-charger-eu-power-supply\/#primaryimage"},"image":{"@id":"https:\/\/rczone.ee\/toode\/gens-ace-imars-mini-g-tech-usb-c-2-4s-60w-charger-eu-power-supply\/#primaryimage"},"thumbnailUrl":"https:\/\/rczone.ee\/wp-content\/uploads\/2025\/07\/Gens_ace_imars_mini_rc_smart_charger_for_rc_helicopter.webp","datePublished":"2025-07-28T18:54:41+00:00","dateModified":"2026-03-04T16:25:42+00:00","breadcrumb":{"@id":"https:\/\/rczone.ee\/toode\/gens-ace-imars-mini-g-tech-usb-c-2-4s-60w-charger-eu-power-supply\/#breadcrumb"},"inLanguage":"de","potentialAction":[{"@type":"ReadAction","target":["https:\/\/rczone.ee\/toode\/gens-ace-imars-mini-g-tech-usb-c-2-4s-60w-charger-eu-power-supply\/"]}]},{"@type":"ImageObject","inLanguage":"de","@id":"https:\/\/rczone.ee\/toode\/gens-ace-imars-mini-g-tech-usb-c-2-4s-60w-charger-eu-power-supply\/#primaryimage","url":"https:\/\/rczone.ee\/wp-content\/uploads\/2025\/07\/Gens_ace_imars_mini_rc_smart_charger_for_rc_helicopter.webp","contentUrl":"https:\/\/rczone.ee\/wp-content\/uploads\/2025\/07\/Gens_ace_imars_mini_rc_smart_charger_for_rc_helicopter.webp","width":900,"height":900},{"@type":"BreadcrumbList","@id":"https:\/\/rczone.ee\/toode\/gens-ace-imars-mini-g-tech-usb-c-2-4s-60w-charger-eu-power-supply\/#breadcrumb","itemListElement":[{"@type":"ListItem","position":1,"name":"Home","item":"https:\/\/rczone.ee\/"},{"@type":"ListItem","position":2,"name":"Shop","item":"https:\/\/rczone.ee\/shop\/"},{"@type":"ListItem","position":3,"name":"Gens Ace iMars mini G-Tech USB-C 2-4S 60W Charger + EU Power Supply"}]},{"@type":"WebSite","@id":"https:\/\/rczone.ee\/#website","url":"https:\/\/rczone.ee\/","name":"RcZone","description":"RcZone - Online Shop f\u00fcr funkgesteuerte Autos. Wir verkaufen eine breite Palette von qualitativ hochwertigen und leistungsstarken RC-Autos. Schnelle Lieferung und g\u00fcnstige Preise.","publisher":{"@id":"https:\/\/rczone.ee\/#organization"},"potentialAction":[{"@type":"SearchAction","target":{"@type":"EntryPoint","urlTemplate":"https:\/\/rczone.ee\/?s={search_term_string}"},"query-input":{"@type":"PropertyValueSpecification","valueRequired":true,"valueName":"search_term_string"}}],"inLanguage":"de"},{"@type":"Organization","@id":"https:\/\/rczone.ee\/#organization","name":"RcZone","url":"https:\/\/rczone.ee\/","logo":{"@type":"ImageObject","inLanguage":"de","@id":"https:\/\/rczone.ee\/#\/schema\/logo\/image\/","url":"https:\/\/rczone.ee\/wp-content\/uploads\/2024\/01\/3D.png","contentUrl":"https:\/\/rczone.ee\/wp-content\/uploads\/2024\/01\/3D.png","width":2080,"height":602,"caption":"RcZone"},"image":{"@id":"https:\/\/rczone.ee\/#\/schema\/logo\/image\/"},"sameAs":["https:\/\/www.facebook.com\/rczone.ee"]}]}},"_links":{"self":[{"href":"https:\/\/rczone.ee\/de\/wp-json\/wp\/v2\/product\/3928","targetHints":{"allow":["GET"]}}],"collection":[{"href":"https:\/\/rczone.ee\/de\/wp-json\/wp\/v2\/product"}],"about":[{"href":"https:\/\/rczone.ee\/de\/wp-json\/wp\/v2\/types\/product"}],"replies":[{"embeddable":true,"href":"https:\/\/rczone.ee\/de\/wp-json\/wp\/v2\/comments?post=3928"}],"wp:featuredmedia":[{"embeddable":true,"href":"https:\/\/rczone.ee\/de\/wp-json\/wp\/v2\/media\/3932"}],"wp:attachment":[{"href":"https:\/\/rczone.ee\/de\/wp-json\/wp\/v2\/media?parent=3928"}],"wp:term":[{"taxonomy":"fits_model","embeddable":true,"href":"https:\/\/rczone.ee\/de\/wp-json\/wp\/v2\/fits_model?post=3928"},{"taxonomy":"product_brand","embeddable":true,"href":"https:\/\/rczone.ee\/de\/wp-json\/wp\/v2\/product_brand?post=3928"},{"taxonomy":"product_cat","embeddable":true,"href":"https:\/\/rczone.ee\/de\/wp-json\/wp\/v2\/product_cat?post=3928"},{"taxonomy":"product_tag","embeddable":true,"href":"https:\/\/rczone.ee\/de\/wp-json\/wp\/v2\/product_tag?post=3928"},{"taxonomy":"woo-feed-brand","embeddable":true,"href":"https:\/\/rczone.ee\/de\/wp-json\/wp\/v2\/woo-feed-brand?post=3928"}],"curies":[{"name":"wp","href":"https:\/\/api.w.org\/{rel}","templated":true}]}}