{"id":3983,"date":"2025-08-01T21:06:18","date_gmt":"2025-08-01T18:06:18","guid":{"rendered":"https:\/\/rczone.ee\/?post_type=product&#038;p=3983"},"modified":"2025-08-01T21:13:33","modified_gmt":"2025-08-01T18:13:33","slug":"dxf-6750mah-3s-11-1v-100c-hardcase-lipo-t-stecker","status":"publish","type":"product","link":"https:\/\/rczone.ee\/de\/toode\/dxf-6750mah-3s-11-1v-100c-hardcase-lipo-t-plug\/","title":{"rendered":"DXF 6750mAh 3S 11.1V 100C Hardcase Lipo - T-Stecker"},"content":{"rendered":"<h3 data-start=\"161\" data-end=\"208\">DXF 6750mAh 3S 11.1V 100C Hardcase Lipo Akku<\/h3>\n<p data-start=\"210\" data-end=\"266\"><strong data-start=\"210\" data-end=\"266\">Leistung und Zuverl\u00e4ssigkeit der Spitzenklasse f\u00fcr Ihr RC-Car!<\/strong><\/p>\n<p data-start=\"268\" data-end=\"596\">Der DXF 6750mAh 3S 11.1V 100C Hardcase Lipo-Akku bietet maximale Leistung und Stabilit\u00e4t f\u00fcr die anspruchsvollsten RC-Enthusiasten. Alle DXF-Akkus entsprechen den strengsten RoHS- und CE-Qualit\u00e4tsstandards und werden nur aus den besten Elementen der G\u00fcteklasse A hergestellt, um die Sicherheit des Akkus, eine lange Lebensdauer und eine gleichbleibende Leistung auch unter extremen Bedingungen zu gew\u00e4hrleisten.<\/p>\n<p data-start=\"598\" data-end=\"622\"><strong data-start=\"598\" data-end=\"622\">Wesentliche Merkmale:<\/strong><\/p>\n<ul>\n<li data-start=\"625\" data-end=\"794\"><strong data-start=\"625\" data-end=\"667\">Gro\u00dfe Kapazit\u00e4t:<\/strong> Die Kapazit\u00e4t von 6750 mAh und der kontinuierliche Entladestrom von 100C\/200C bei sofortiger Entladung sorgen f\u00fcr ausreichend Energie selbst f\u00fcr die anspruchsvollsten Rennen.<\/li>\n<li data-start=\"797\" data-end=\"948\"><strong data-start=\"797\" data-end=\"823\">Hochwertige Produktionstechnik:<\/strong> Die automatische Zellenplatzierung erm\u00f6glicht au\u00dferdem eine h\u00f6here Kapazit\u00e4t in jeder Batteriezelle, was die W\u00e4rmeentwicklung reduziert und die Lebensdauer der Batterie verl\u00e4ngert.<\/li>\n<li data-start=\"951\" data-end=\"1068\"><strong data-start=\"951\" data-end=\"978\">M\u00f6glichkeit zum Schnellladen:<\/strong> Unterst\u00fctzt eine Ladegeschwindigkeit von bis zu 5C, was eine schnellere Betriebsbereitschaft und k\u00fcrzere Wartezeiten bedeutet.<\/li>\n<li data-start=\"1071\" data-end=\"1164\"><strong data-start=\"1071\" data-end=\"1095\">Doppelter Widerstand:<\/strong> Bis zur doppelten Anzahl von Zyklen.<\/li>\n<li data-start=\"1167\" data-end=\"1238\"><strong data-start=\"1167\" data-end=\"1195\">Sch\u00fctzendes Hardcase:<\/strong> Gew\u00e4hrleistet die Sicherheit der Batterie auch in unwegsamem Gel\u00e4nde.<\/li>\n<\/ul>\n<p data-start=\"1315\" data-end=\"1337\"><strong data-start=\"1315\" data-end=\"1337\">Technische Daten:<\/strong><\/p>\n<ul>\n<li data-start=\"1340\" data-end=\"1368\"><strong data-start=\"1340\" data-end=\"1350\">Modell:<\/strong> DXF 6750 3S-GTR<\/li>\n<li data-start=\"1371\" data-end=\"1396\"><strong data-start=\"1371\" data-end=\"1385\">Kapazit\u00e4t:<\/strong> 6750 mAh<\/li>\n<li data-start=\"1399\" data-end=\"1422\"><strong data-start=\"1399\" data-end=\"1409\">Pinge:<\/strong> 11.1V (3S)<\/li>\n<li data-start=\"1425\" data-end=\"1473\"><strong data-start=\"1425\" data-end=\"1443\">Entladungsstrom:<\/strong> 100C kontinuierlich\/200C augenblicklich<\/li>\n<li data-start=\"1476\" data-end=\"1503\"><strong data-start=\"1476\" data-end=\"1493\">Ladestrom:<\/strong> bis zu 5C<\/li>\n<li data-start=\"1506\" data-end=\"1536\"><strong data-start=\"1506\" data-end=\"1517\">Abmessungen:<\/strong> 139 \u00d7 47 \u00d7 37 mm<\/li>\n<li data-start=\"1539\" data-end=\"1584\"><strong data-start=\"1539\" data-end=\"1548\">Gewicht:<\/strong> 451g (einschlie\u00dflich Dr\u00e4hte und Stecker)<\/li>\n<li data-start=\"1587\" data-end=\"1620\"><strong data-start=\"1587\" data-end=\"1605\">Ausgangsanschluss:<\/strong> Deans\/T-Stecker<\/li>\n<li data-start=\"1623\" data-end=\"1656\"><strong data-start=\"1623\" data-end=\"1647\">Ausgleichsd\u00fcbel:<\/strong> JST \/ XH<\/li>\n<\/ul>\n<p data-start=\"1658\" data-end=\"1677\"><strong data-start=\"1658\" data-end=\"1677\">Gebrauchsanweisung:<\/strong><\/p>\n<ul>\n<li data-start=\"1680\" data-end=\"1761\">Laden Sie den Akku vor dem ersten Gebrauch auf.<\/li>\n<li data-start=\"1764\" data-end=\"1819\">Die Ladespannung darf 4,20 V pro Batterie nicht \u00fcberschreiten.<\/li>\n<li data-start=\"1822\" data-end=\"1899\">Vermeiden Sie eine \u00dcberhitzung des Akkus (empfohlene Betriebstemperatur 15-35\u00b0C, nicht \u00fcber 65\u00b0C).<\/li>\n<li data-start=\"1902\" data-end=\"1956\">Wir empfehlen, die Betriebsspannung der Batterien \u00fcber 3,6 V pro Batterie zu halten.<\/li>\n<li data-start=\"1959\" data-end=\"2015\">Lagern Sie die Batterie an einem trockenen und k\u00fchlen Ort (-20\u00b0C bis +40\u00b0C).<\/li>\n<li data-start=\"2018\" data-end=\"2079\">Regelm\u00e4\u00dfige Lade- und Entladezyklen verl\u00e4ngern die Lebensdauer der Batterie.<\/li>\n<\/ul>\n<p data-start=\"2081\" data-end=\"2284\"><strong data-start=\"2081\" data-end=\"2228\">Ideal f\u00fcr alle RC-Car-Benutzer, Drifter und Rennfahrer, die Wert auf Zuverl\u00e4ssigkeit, Leistung und Sicherheit legen.<\/strong><\/p>\n<h3><strong>Achtung! LiPo-Akkus d\u00fcrfen nur mit einem Ladeger\u00e4t geladen werden, das LiPo-Akkus unterst\u00fctzt!<\/strong><\/h3>\n<div class=\"is-divider divider clearfix\" ><\/div>\n<div class=\"row\"  id=\"row-175880496\">\n\n\t<div id=\"col-1675162444\" class=\"col small-12 large-12\"  >\n\t\t\t\t<div class=\"col-inner\"  >\n\t\t\t\n\t\t\t\n\t<div id=\"text-2074830314\" class=\"text\">\n\t\t\n<p><strong>HINWEIS: Wenn Sie die Batterie mit einem Fahrzeug bestellen, das den XT60-Stecker verwendet, legen wir der Batterie einen kostenlosen T-Plug -&gt; XT60-Adapter bei.<\/strong><br \/>\n\t\t\n<style>\n#text-2074830314 {\n  font-size: 0.95rem;\n}\n@media (min-width:550px) {\n  #text-2074830314 {\n    font-size: 1rem;\n  }\n}\n<\/style>\n\t<\/div>\n\t\n\t<div class=\"img has-hover x md-x lg-x y md-y lg-y\" id=\"image_1369012870\">\n\t\t\t\t\t\t\t\t<div class=\"img-inner dark\" >\n\t\t\t<img decoding=\"async\" width=\"280\" height=\"280\" src=\"https:\/\/rczone.ee\/wp-content\/uploads\/2024\/10\/160906_01-280x280.jpg\" class=\"attachment-thumbnail size-thumbnail\" alt=\"\" srcset=\"https:\/\/rczone.ee\/wp-content\/uploads\/2024\/10\/160906_01-280x280.jpg 280w, https:\/\/rczone.ee\/wp-content\/uploads\/2024\/10\/160906_01-450x450.jpg 450w, https:\/\/rczone.ee\/wp-content\/uploads\/2024\/10\/160906_01-100x100.jpg 100w\" sizes=\"(max-width: 280px) 100vw, 280px\" \/>\t\t\t\t\t\t\n\t\t\t\t\t<\/div>\n\t\t\t\t\t\t\t\t\n<style>\n#image_1369012870 {\n  width: 14%;\n}\n<\/style>\n\t<\/div>\n\t\n\t\t<\/div>\n\t\t\t\t\t<\/div>\n\n\t\n<\/div>","protected":false},"excerpt":{"rendered":"<ul>\n<li style=\"line-height: 1; padding-top: 20px;\">Typ: 3S LiPo<\/li>\n<li style=\"line-height: 1;\">Spannung: 11,1V<\/li>\n<li style=\"line-height: 1;\">Kapazit\u00e4t: 6750mAh<\/li>\n<li style=\"line-height: 1;\">Satz: 100C<\/li>\n<li>Stecker: Deans\/T-Stecker<\/li>\n<\/ul>","protected":false},"featured_media":3984,"comment_status":"open","ping_status":"closed","template":"","meta":{"_monsterinsights_skip_tracking":false,"_monsterinsights_sitenote_active":false,"_monsterinsights_sitenote_note":"","_monsterinsights_sitenote_category":0},"fits_model":[],"product_brand":[],"product_cat":[66],"product_tag":[84],"woo-feed-brand":[],"class_list":{"0":"post-3983","1":"product","2":"type-product","3":"status-publish","4":"has-post-thumbnail","6":"product_cat-battery","7":"product_tag-standard","9":"first","10":"instock","11":"taxable","12":"shipping-taxable","13":"purchasable","14":"product-type-simple"},"yoast_head":"<!-- This site is optimized with the Yoast SEO plugin v27.4 - https:\/\/yoast.com\/product\/yoast-seo-wordpress\/ -->\n<title>DXF 6750mAh 3S 11.1V 100C Hardcase Lipo - T-plug - RC Zone | Raadio teel juhitavad autod<\/title>\n<meta name=\"robots\" content=\"index, follow, max-snippet:-1, max-image-preview:large, max-video-preview:-1\" \/>\n<link rel=\"canonical\" href=\"https:\/\/rczone.ee\/de\/product-2\/dxf-6750mah-3s-11-1v-100c-hardcase-lipo-t-stecker\/\" \/>\n<meta property=\"og:locale\" content=\"de_DE\" \/>\n<meta property=\"og:type\" content=\"article\" \/>\n<meta property=\"og:title\" content=\"DXF 6750mAh 3S 11.1V 100C Hardcase Lipo - T-plug - RC Zone | Raadio teel juhitavad autod\" \/>\n<meta property=\"og:description\" content=\"T\u00fc\u00fcp: 3S LiPo  Pinge: 11,1V  Mahutavus: 6750mAh  Rate: 100C  Pistik: Deans\/T-plug\" \/>\n<meta property=\"og:url\" content=\"https:\/\/rczone.ee\/de\/product-2\/dxf-6750mah-3s-11-1v-100c-hardcase-lipo-t-stecker\/\" \/>\n<meta property=\"og:site_name\" content=\"RC Zone | Raadio teel juhitavad autod\" \/>\n<meta property=\"article:publisher\" content=\"https:\/\/www.facebook.com\/rczone.ee\" \/>\n<meta property=\"article:modified_time\" content=\"2025-08-01T18:13:33+00:00\" \/>\n<meta property=\"og:image\" content=\"https:\/\/rczone.ee\/wp-content\/uploads\/2025\/08\/6750mah02.jpg\" \/>\n\t<meta property=\"og:image:width\" content=\"800\" \/>\n\t<meta property=\"og:image:height\" content=\"800\" \/>\n\t<meta property=\"og:image:type\" content=\"image\/jpeg\" \/>\n<meta name=\"twitter:card\" content=\"summary_large_image\" \/>\n<meta name=\"twitter:label1\" content=\"Gesch\u00e4tzte Lesezeit\" \/>\n\t<meta name=\"twitter:data1\" content=\"2\u00a0Minuten\" \/>\n<script type=\"application\/ld+json\" class=\"yoast-schema-graph\">{\"@context\":\"https:\\\/\\\/schema.org\",\"@graph\":[{\"@type\":\"WebPage\",\"@id\":\"https:\\\/\\\/rczone.ee\\\/toode\\\/dxf-6750mah-3s-11-1v-100c-hardcase-lipo-t-plug\\\/\",\"url\":\"https:\\\/\\\/rczone.ee\\\/toode\\\/dxf-6750mah-3s-11-1v-100c-hardcase-lipo-t-plug\\\/\",\"name\":\"DXF 6750mAh 3S 11.1V 100C Hardcase Lipo - T-plug - RC Zone | Raadio teel juhitavad autod\",\"isPartOf\":{\"@id\":\"https:\\\/\\\/rczone.ee\\\/#website\"},\"primaryImageOfPage\":{\"@id\":\"https:\\\/\\\/rczone.ee\\\/toode\\\/dxf-6750mah-3s-11-1v-100c-hardcase-lipo-t-plug\\\/#primaryimage\"},\"image\":{\"@id\":\"https:\\\/\\\/rczone.ee\\\/toode\\\/dxf-6750mah-3s-11-1v-100c-hardcase-lipo-t-plug\\\/#primaryimage\"},\"thumbnailUrl\":\"https:\\\/\\\/rczone.ee\\\/wp-content\\\/uploads\\\/2025\\\/08\\\/6750mah02.jpg\",\"datePublished\":\"2025-08-01T18:06:18+00:00\",\"dateModified\":\"2025-08-01T18:13:33+00:00\",\"breadcrumb\":{\"@id\":\"https:\\\/\\\/rczone.ee\\\/toode\\\/dxf-6750mah-3s-11-1v-100c-hardcase-lipo-t-plug\\\/#breadcrumb\"},\"inLanguage\":\"de\",\"potentialAction\":[{\"@type\":\"ReadAction\",\"target\":[\"https:\\\/\\\/rczone.ee\\\/toode\\\/dxf-6750mah-3s-11-1v-100c-hardcase-lipo-t-plug\\\/\"]}]},{\"@type\":\"ImageObject\",\"inLanguage\":\"de\",\"@id\":\"https:\\\/\\\/rczone.ee\\\/toode\\\/dxf-6750mah-3s-11-1v-100c-hardcase-lipo-t-plug\\\/#primaryimage\",\"url\":\"https:\\\/\\\/rczone.ee\\\/wp-content\\\/uploads\\\/2025\\\/08\\\/6750mah02.jpg\",\"contentUrl\":\"https:\\\/\\\/rczone.ee\\\/wp-content\\\/uploads\\\/2025\\\/08\\\/6750mah02.jpg\",\"width\":800,\"height\":800},{\"@type\":\"BreadcrumbList\",\"@id\":\"https:\\\/\\\/rczone.ee\\\/toode\\\/dxf-6750mah-3s-11-1v-100c-hardcase-lipo-t-plug\\\/#breadcrumb\",\"itemListElement\":[{\"@type\":\"ListItem\",\"position\":1,\"name\":\"Home\",\"item\":\"https:\\\/\\\/rczone.ee\\\/\"},{\"@type\":\"ListItem\",\"position\":2,\"name\":\"Shop\",\"item\":\"https:\\\/\\\/rczone.ee\\\/shop\\\/\"},{\"@type\":\"ListItem\",\"position\":3,\"name\":\"DXF 6750mAh 3S 11.1V 100C Hardcase Lipo &#8211; T-plug\"}]},{\"@type\":\"WebSite\",\"@id\":\"https:\\\/\\\/rczone.ee\\\/#website\",\"url\":\"https:\\\/\\\/rczone.ee\\\/\",\"name\":\"RcZone\",\"description\":\"RcZone - Raadio teel juhitavate autode veebipood. M&uuml;&uuml;me laia valikut kvaliteetseid ja v&otilde;imsaid RC-autosid. Kiire tarne ja konkurentsiv&otilde;imelised hinnad.\",\"publisher\":{\"@id\":\"https:\\\/\\\/rczone.ee\\\/#organization\"},\"potentialAction\":[{\"@type\":\"SearchAction\",\"target\":{\"@type\":\"EntryPoint\",\"urlTemplate\":\"https:\\\/\\\/rczone.ee\\\/?s={search_term_string}\"},\"query-input\":{\"@type\":\"PropertyValueSpecification\",\"valueRequired\":true,\"valueName\":\"search_term_string\"}}],\"inLanguage\":\"de\"},{\"@type\":\"Organization\",\"@id\":\"https:\\\/\\\/rczone.ee\\\/#organization\",\"name\":\"RcZone\",\"url\":\"https:\\\/\\\/rczone.ee\\\/\",\"logo\":{\"@type\":\"ImageObject\",\"inLanguage\":\"de\",\"@id\":\"https:\\\/\\\/rczone.ee\\\/#\\\/schema\\\/logo\\\/image\\\/\",\"url\":\"https:\\\/\\\/rczone.ee\\\/wp-content\\\/uploads\\\/2024\\\/01\\\/3D.png\",\"contentUrl\":\"https:\\\/\\\/rczone.ee\\\/wp-content\\\/uploads\\\/2024\\\/01\\\/3D.png\",\"width\":2080,\"height\":602,\"caption\":\"RcZone\"},\"image\":{\"@id\":\"https:\\\/\\\/rczone.ee\\\/#\\\/schema\\\/logo\\\/image\\\/\"},\"sameAs\":[\"https:\\\/\\\/www.facebook.com\\\/rczone.ee\"]}]}<\/script>\n<!-- \/ Yoast SEO plugin. -->","yoast_head_json":{"title":"DXF 6750mAh 3S 11.1V 100C Hardcase Lipo - T-Stecker - RC Zone | Ferngesteuerte Fahrzeuge","robots":{"index":"index","follow":"follow","max-snippet":"max-snippet:-1","max-image-preview":"max-image-preview:large","max-video-preview":"max-video-preview:-1"},"canonical":"https:\/\/rczone.ee\/de\/product-2\/dxf-6750mah-3s-11-1v-100c-hardcase-lipo-t-stecker\/","og_locale":"de_DE","og_type":"article","og_title":"DXF 6750mAh 3S 11.1V 100C Hardcase Lipo - T-plug - RC Zone | Raadio teel juhitavad autod","og_description":"T\u00fc\u00fcp: 3S LiPo  Pinge: 11,1V  Mahutavus: 6750mAh  Rate: 100C  Pistik: Deans\/T-plug","og_url":"https:\/\/rczone.ee\/de\/product-2\/dxf-6750mah-3s-11-1v-100c-hardcase-lipo-t-stecker\/","og_site_name":"RC Zone | Raadio teel juhitavad autod","article_publisher":"https:\/\/www.facebook.com\/rczone.ee","article_modified_time":"2025-08-01T18:13:33+00:00","og_image":[{"width":800,"height":800,"url":"https:\/\/rczone.ee\/wp-content\/uploads\/2025\/08\/6750mah02.jpg","type":"image\/jpeg"}],"twitter_card":"summary_large_image","twitter_misc":{"Gesch\u00e4tzte Lesezeit":"2\u00a0Minuten"},"schema":{"@context":"https:\/\/schema.org","@graph":[{"@type":"WebPage","@id":"https:\/\/rczone.ee\/toode\/dxf-6750mah-3s-11-1v-100c-hardcase-lipo-t-plug\/","url":"https:\/\/rczone.ee\/toode\/dxf-6750mah-3s-11-1v-100c-hardcase-lipo-t-plug\/","name":"DXF 6750mAh 3S 11.1V 100C Hardcase Lipo - T-Stecker - RC Zone | Ferngesteuerte Fahrzeuge","isPartOf":{"@id":"https:\/\/rczone.ee\/#website"},"primaryImageOfPage":{"@id":"https:\/\/rczone.ee\/toode\/dxf-6750mah-3s-11-1v-100c-hardcase-lipo-t-plug\/#primaryimage"},"image":{"@id":"https:\/\/rczone.ee\/toode\/dxf-6750mah-3s-11-1v-100c-hardcase-lipo-t-plug\/#primaryimage"},"thumbnailUrl":"https:\/\/rczone.ee\/wp-content\/uploads\/2025\/08\/6750mah02.jpg","datePublished":"2025-08-01T18:06:18+00:00","dateModified":"2025-08-01T18:13:33+00:00","breadcrumb":{"@id":"https:\/\/rczone.ee\/toode\/dxf-6750mah-3s-11-1v-100c-hardcase-lipo-t-plug\/#breadcrumb"},"inLanguage":"de","potentialAction":[{"@type":"ReadAction","target":["https:\/\/rczone.ee\/toode\/dxf-6750mah-3s-11-1v-100c-hardcase-lipo-t-plug\/"]}]},{"@type":"ImageObject","inLanguage":"de","@id":"https:\/\/rczone.ee\/toode\/dxf-6750mah-3s-11-1v-100c-hardcase-lipo-t-plug\/#primaryimage","url":"https:\/\/rczone.ee\/wp-content\/uploads\/2025\/08\/6750mah02.jpg","contentUrl":"https:\/\/rczone.ee\/wp-content\/uploads\/2025\/08\/6750mah02.jpg","width":800,"height":800},{"@type":"BreadcrumbList","@id":"https:\/\/rczone.ee\/toode\/dxf-6750mah-3s-11-1v-100c-hardcase-lipo-t-plug\/#breadcrumb","itemListElement":[{"@type":"ListItem","position":1,"name":"Home","item":"https:\/\/rczone.ee\/"},{"@type":"ListItem","position":2,"name":"Shop","item":"https:\/\/rczone.ee\/shop\/"},{"@type":"ListItem","position":3,"name":"DXF 6750mAh 3S 11.1V 100C Hardcase Lipo &#8211; T-plug"}]},{"@type":"WebSite","@id":"https:\/\/rczone.ee\/#website","url":"https:\/\/rczone.ee\/","name":"RcZone","description":"RcZone - Online Shop f\u00fcr funkgesteuerte Autos. Wir verkaufen eine breite Palette von qualitativ hochwertigen und leistungsstarken RC-Autos. Schnelle Lieferung und g\u00fcnstige Preise.","publisher":{"@id":"https:\/\/rczone.ee\/#organization"},"potentialAction":[{"@type":"SearchAction","target":{"@type":"EntryPoint","urlTemplate":"https:\/\/rczone.ee\/?s={search_term_string}"},"query-input":{"@type":"PropertyValueSpecification","valueRequired":true,"valueName":"search_term_string"}}],"inLanguage":"de"},{"@type":"Organization","@id":"https:\/\/rczone.ee\/#organization","name":"RcZone","url":"https:\/\/rczone.ee\/","logo":{"@type":"ImageObject","inLanguage":"de","@id":"https:\/\/rczone.ee\/#\/schema\/logo\/image\/","url":"https:\/\/rczone.ee\/wp-content\/uploads\/2024\/01\/3D.png","contentUrl":"https:\/\/rczone.ee\/wp-content\/uploads\/2024\/01\/3D.png","width":2080,"height":602,"caption":"RcZone"},"image":{"@id":"https:\/\/rczone.ee\/#\/schema\/logo\/image\/"},"sameAs":["https:\/\/www.facebook.com\/rczone.ee"]}]}},"_links":{"self":[{"href":"https:\/\/rczone.ee\/de\/wp-json\/wp\/v2\/product\/3983","targetHints":{"allow":["GET"]}}],"collection":[{"href":"https:\/\/rczone.ee\/de\/wp-json\/wp\/v2\/product"}],"about":[{"href":"https:\/\/rczone.ee\/de\/wp-json\/wp\/v2\/types\/product"}],"replies":[{"embeddable":true,"href":"https:\/\/rczone.ee\/de\/wp-json\/wp\/v2\/comments?post=3983"}],"wp:featuredmedia":[{"embeddable":true,"href":"https:\/\/rczone.ee\/de\/wp-json\/wp\/v2\/media\/3984"}],"wp:attachment":[{"href":"https:\/\/rczone.ee\/de\/wp-json\/wp\/v2\/media?parent=3983"}],"wp:term":[{"taxonomy":"fits_model","embeddable":true,"href":"https:\/\/rczone.ee\/de\/wp-json\/wp\/v2\/fits_model?post=3983"},{"taxonomy":"product_brand","embeddable":true,"href":"https:\/\/rczone.ee\/de\/wp-json\/wp\/v2\/product_brand?post=3983"},{"taxonomy":"product_cat","embeddable":true,"href":"https:\/\/rczone.ee\/de\/wp-json\/wp\/v2\/product_cat?post=3983"},{"taxonomy":"product_tag","embeddable":true,"href":"https:\/\/rczone.ee\/de\/wp-json\/wp\/v2\/product_tag?post=3983"},{"taxonomy":"woo-feed-brand","embeddable":true,"href":"https:\/\/rczone.ee\/de\/wp-json\/wp\/v2\/woo-feed-brand?post=3983"}],"curies":[{"name":"wp","href":"https:\/\/api.w.org\/{rel}","templated":true}]}}