{"id":3993,"date":"2025-08-01T22:02:59","date_gmt":"2025-08-01T19:02:59","guid":{"rendered":"https:\/\/rczone.ee\/?post_type=product&#038;p=3993"},"modified":"2026-04-05T23:05:42","modified_gmt":"2026-04-05T20:05:42","slug":"baseus-gan5-pro-schnelles-ladegerat-2cu-65w-eu","status":"publish","type":"product","link":"https:\/\/rczone.ee\/de\/toode\/baseus-gan5-pro-fast-charger-2cu-65w-eu\/","title":{"rendered":"Baseus GaN5 Pro Schnellladeger\u00e4t 2C+U 65W EU"},"content":{"rendered":"<h2 data-start=\"136\" data-end=\"237\">Baseus GaN5 Pro Schnellladeger\u00e4t 2C+U 65W EU - Leistungsstarkes und kompaktes Schnellladeger\u00e4t f\u00fcr alle Ihre Ger\u00e4te<\/h2>\n<p data-start=\"239\" data-end=\"584\"><strong data-start=\"239\" data-end=\"283\">Baseus GaN5 Pro Schnellladeger\u00e4t 2C+U 65W EU<\/strong> ist die neueste Generation modernster Schnellladeger\u00e4te, die schnelles und sicheres Aufladen von Laptops, Tablets, Smartphones und Spielkonsolen erm\u00f6glichen. Dank <strong data-start=\"456\" data-end=\"496\">GaN5 (Galliumnitrid)-Technologie<\/strong> Das Ladeger\u00e4t ist kleiner, leichter und wesentlich energieeffizienter als herk\u00f6mmliche Ladeger\u00e4te.<\/p>\n<h3 data-start=\"586\" data-end=\"610\">Wesentliche Merkmale:<\/h3>\n<ul>\n<li data-start=\"614\" data-end=\"741\"><strong data-start=\"614\" data-end=\"634\">GaN5-Technologie<\/strong> - Die moderne Halbleitertechnologie gew\u00e4hrleistet eine kompakte Gr\u00f6\u00dfe, eine bessere Energieeffizienz und eine effiziente W\u00e4rmeableitung.<\/li>\n<li data-start=\"744\" data-end=\"885\"><strong data-start=\"744\" data-end=\"764\">Bis zu 65W Leistung<\/strong> - unterst\u00fctzt das schnelle Aufladen von Laptops (z.B. MacBook Air, Dell XPS, etc.) sowie Smartphones und Tablets.<\/li>\n<li data-start=\"888\" data-end=\"1005\"><strong data-start=\"888\" data-end=\"910\">Drei Ladebuchsen:<\/strong> Zwei USB-Typ-C-Anschl\u00fcsse und ein USB-A-Anschluss - laden Sie bis zu drei Ger\u00e4te gleichzeitig und sparen Sie Zeit und Platz.<\/li>\n<li data-start=\"1008\" data-end=\"1171\"><strong data-start=\"1008\" data-end=\"1043\">Intelligente Lastverteilung (BPS II)<\/strong> - erkennt automatisch angeschlossene Ger\u00e4te und verteilt den Strom nach Bedarf, um \u00dcberhitzung zu vermeiden und Sicherheit zu gew\u00e4hrleisten.<\/li>\n<li data-start=\"1174\" data-end=\"1290\"><strong data-start=\"1174\" data-end=\"1201\">Breite Kompatibilit\u00e4t<\/strong> - kompatibel mit PD3.0, QC4.0, QC3.0, SCP, AFC, PPS sowie anderen Schnellladeprotokollen.<\/li>\n<li data-start=\"1293\" data-end=\"1396\"><strong data-start=\"1293\" data-end=\"1319\">Globaler Spannungsbereich<\/strong> - 100-240 V ist ideal f\u00fcr den Einsatz zu Hause oder auf Reisen.<\/li>\n<li data-start=\"1399\" data-end=\"1524\"><strong data-start=\"1399\" data-end=\"1421\">Sicher in der Anwendung<\/strong> - 8 verschiedene Schutzvorrichtungen (gegen \u00dcberhitzung, \u00dcberladung, \u00dcberspannung, Kurzschluss usw.) und ein feuerfestes Geh\u00e4use.<\/li>\n<li data-start=\"1527\" data-end=\"1639\"><strong data-start=\"1527\" data-end=\"1547\">Kompakte Bauweise<\/strong> - Mit einer L\u00e4nge von nur 61 mm passt das Ladeger\u00e4t problemlos in eine Tasche oder einen Beutel.<\/li>\n<li data-start=\"1642\" data-end=\"1703\"><strong data-start=\"1642\" data-end=\"1702\">Geliefert mit einem hochwertigen 100W Typ-C-Typ-C Ladekabel<\/strong>.<\/li>\n<\/ul>\n<h3 data-start=\"1705\" data-end=\"1727\">Technische Daten:<\/h3>\n<ul>\n<li data-start=\"1731\" data-end=\"1773\"><strong data-start=\"1731\" data-end=\"1742\">Eingabe:<\/strong> AC 100-240V, 50\/60Hz, max. 1,5A.<\/li>\n<li data-start=\"1776\" data-end=\"1788\"><strong data-start=\"1776\" data-end=\"1788\">Ausgabe:<\/strong>\n<ul>\n<li data-start=\"1793\" data-end=\"1857\"><strong data-start=\"1793\" data-end=\"1806\">Typ-C 1:<\/strong> 5V\/3A, 9V\/3A, 12V\/3A, 15V\/3A, 20V\/3,25A (bis zu 65W)<\/li>\n<li data-start=\"1862\" data-end=\"1926\"><strong data-start=\"1862\" data-end=\"1875\">Typ-C 2:<\/strong> 5V\/3A, 9V\/3A, 12V\/3A, 15V\/3A, 20V\/3,25A (bis zu 65W)<\/li>\n<li data-start=\"1931\" data-end=\"1981\"><strong data-start=\"1931\" data-end=\"1941\">USB-A:<\/strong> 5V\/3A, 9V\/3A, 12V\/3A, 20V\/3A (bis zu 60W)<\/li>\n<\/ul>\n<\/li>\n<li data-start=\"1986\" data-end=\"2051\"><strong data-start=\"1986\" data-end=\"2012\">Mehrere Ports werden verwendet:<\/strong> max 65W (nt Typ-C1+Typ-C2 = 45W+20W)<\/li>\n<li data-start=\"2054\" data-end=\"2098\"><strong data-start=\"2054\" data-end=\"2065\">Abmessungen:<\/strong> besonders kompakt (nur 61 mm lang)<\/li>\n<li data-start=\"2101\" data-end=\"2117\"><strong data-start=\"2101\" data-end=\"2112\">Farbe:<\/strong> Schwarz<\/li>\n<\/ul>\n<h3 data-start=\"2119\" data-end=\"2168\">Warum das Baseus GaN5 Pro Schnellladeger\u00e4t 65W?<\/h3>\n<ul>\n<li data-start=\"2172\" data-end=\"2251\"><strong data-start=\"2172\" data-end=\"2210\">Ein Ladeger\u00e4t f\u00fcr alle F\u00e4lle:<\/strong> Ideal f\u00fcr zu Hause, im B\u00fcro oder auf Reisen.<\/li>\n<li data-start=\"2254\" data-end=\"2395\"><strong data-start=\"2254\" data-end=\"2289\">Schnelleres und sichereres Herunterladen:<\/strong> Das Ladeger\u00e4t erkennt automatisch die beste Leistung f\u00fcr Ihr Ger\u00e4t.<\/li>\n<li data-start=\"2398\" data-end=\"2497\"><strong data-start=\"2398\" data-end=\"2434\">Gleichzeitiges Aufladen mehrerer Ger\u00e4te:<\/strong> Keine Wartezeiten - f\u00fcllen Sie Ihre Ger\u00e4te schnell und sicher auf!<\/li>\n<\/ul>\n<h3 data-start=\"2499\" data-end=\"2582\">Die beste Wahl, wenn Sie auf der Suche sind nach <strong data-start=\"2526\" data-end=\"2570\">leistungsstark, sicher und kompakt<\/strong> Ladeger\u00e4te!<\/h3>\n<p><img decoding=\"async\" class=\"alignnone wp-image-4002\" src=\"https:\/\/rczone.ee\/wp-content\/uploads\/2025\/08\/26.jpg\" alt=\"\" width=\"453\" height=\"600\" srcset=\"https:\/\/rczone.ee\/wp-content\/uploads\/2025\/08\/26.jpg 930w, https:\/\/rczone.ee\/wp-content\/uploads\/2025\/08\/26-302x400.jpg 302w, https:\/\/rczone.ee\/wp-content\/uploads\/2025\/08\/26-604x800.jpg 604w, https:\/\/rczone.ee\/wp-content\/uploads\/2025\/08\/26-768x1017.jpg 768w, https:\/\/rczone.ee\/wp-content\/uploads\/2025\/08\/26-9x12.jpg 9w, https:\/\/rczone.ee\/wp-content\/uploads\/2025\/08\/26-900x1192.jpg 900w\" sizes=\"(max-width: 453px) 100vw, 453px\" \/> <img decoding=\"async\" class=\"alignnone wp-image-4001\" src=\"https:\/\/rczone.ee\/wp-content\/uploads\/2025\/08\/24.jpg\" alt=\"\" width=\"523\" height=\"601\" srcset=\"https:\/\/rczone.ee\/wp-content\/uploads\/2025\/08\/24.jpg 930w, https:\/\/rczone.ee\/wp-content\/uploads\/2025\/08\/24-348x400.jpg 348w, https:\/\/rczone.ee\/wp-content\/uploads\/2025\/08\/24-697x800.jpg 697w, https:\/\/rczone.ee\/wp-content\/uploads\/2025\/08\/24-768x882.jpg 768w, https:\/\/rczone.ee\/wp-content\/uploads\/2025\/08\/24-10x12.jpg 10w, https:\/\/rczone.ee\/wp-content\/uploads\/2025\/08\/24-900x1034.jpg 900w\" sizes=\"(max-width: 523px) 100vw, 523px\" \/> <img decoding=\"async\" class=\"alignnone wp-image-4000\" src=\"https:\/\/rczone.ee\/wp-content\/uploads\/2025\/08\/23.jpg\" alt=\"\" width=\"404\" height=\"600\" srcset=\"https:\/\/rczone.ee\/wp-content\/uploads\/2025\/08\/23.jpg 930w, https:\/\/rczone.ee\/wp-content\/uploads\/2025\/08\/23-269x400.jpg 269w, https:\/\/rczone.ee\/wp-content\/uploads\/2025\/08\/23-538x800.jpg 538w, https:\/\/rczone.ee\/wp-content\/uploads\/2025\/08\/23-768x1141.jpg 768w, https:\/\/rczone.ee\/wp-content\/uploads\/2025\/08\/23-8x12.jpg 8w, https:\/\/rczone.ee\/wp-content\/uploads\/2025\/08\/23-900x1337.jpg 900w\" sizes=\"(max-width: 404px) 100vw, 404px\" \/><\/p>","protected":false},"excerpt":{"rendered":"<p>Baseus GaN5 Pro Fast Charger 2C+U 65W EU \u2013 V\u00f5imas ja Kompaktne Kiirlaadija K\u00f5ikidele Sinu Seadmetele Baseus GaN5 Pro Fast Charger 2C+U 65W EU on uusima p\u00f5lvkond tipptehnoloogiline kiirlaadija, mis v\u00f5imaldab kiiret ja turvalist laadimist nii s\u00fclearvutile, tahvelarvutile, nutitelefonile kui ka m\u00e4ngukonsoolile. T\u00e4nu GaN5 (gallium-nitriid) tehnoloogiale on laadija v\u00e4iksem, kergem ja oluliselt energiat\u00f5husam v\u00f5rreldes tavaliste [&#8230;]\n","protected":false},"featured_media":4003,"comment_status":"open","ping_status":"closed","template":"","meta":{"_monsterinsights_skip_tracking":false,"_monsterinsights_sitenote_active":false,"_monsterinsights_sitenote_note":"","_monsterinsights_sitenote_category":0},"fits_model":[],"product_brand":[],"product_cat":[68],"product_tag":[],"woo-feed-brand":[],"class_list":{"0":"post-3993","1":"product","2":"type-product","3":"status-publish","4":"has-post-thumbnail","6":"product_cat-laadijad","8":"first","9":"instock","10":"taxable","11":"shipping-taxable","12":"purchasable","13":"product-type-simple"},"yoast_head":"<!-- This site is optimized with the Yoast SEO plugin v27.6 - https:\/\/yoast.com\/product\/yoast-seo-wordpress\/ -->\n<title>Baseus GaN5 Pro Fast Charger 2C+U 65W EU - RC Zone | Raadio teel juhitavad autod<\/title>\n<meta name=\"robots\" content=\"index, follow, max-snippet:-1, max-image-preview:large, max-video-preview:-1\" \/>\n<link rel=\"canonical\" href=\"https:\/\/rczone.ee\/de\/product-2\/baseus-gan5-pro-schnelles-ladegerat-2cu-65w-eu\/\" \/>\n<meta property=\"og:locale\" content=\"de_DE\" \/>\n<meta property=\"og:type\" content=\"article\" \/>\n<meta property=\"og:title\" content=\"Baseus GaN5 Pro Fast Charger 2C+U 65W EU - RC Zone | Raadio teel juhitavad autod\" \/>\n<meta property=\"og:description\" content=\"Baseus GaN5 Pro Fast Charger 2C+U 65W EU \u2013 V\u00f5imas ja Kompaktne Kiirlaadija K\u00f5ikidele Sinu Seadmetele Baseus GaN5 Pro Fast Charger 2C+U 65W EU on uusima p\u00f5lvkond tipptehnoloogiline kiirlaadija, mis v\u00f5imaldab kiiret ja turvalist laadimist nii s\u00fclearvutile, tahvelarvutile, nutitelefonile kui ka m\u00e4ngukonsoolile. T\u00e4nu GaN5 (gallium-nitriid) tehnoloogiale on laadija v\u00e4iksem, kergem ja oluliselt energiat\u00f5husam v\u00f5rreldes tavaliste [...]\" \/>\n<meta property=\"og:url\" content=\"https:\/\/rczone.ee\/de\/product-2\/baseus-gan5-pro-schnelles-ladegerat-2cu-65w-eu\/\" \/>\n<meta property=\"og:site_name\" content=\"RC Zone | Raadio teel juhitavad autod\" \/>\n<meta property=\"article:publisher\" content=\"https:\/\/www.facebook.com\/rczone.ee\" \/>\n<meta property=\"article:modified_time\" content=\"2026-04-05T20:05:42+00:00\" \/>\n<meta property=\"og:image\" content=\"https:\/\/rczone.ee\/wp-content\/uploads\/2025\/08\/main1.jpg\" \/>\n\t<meta property=\"og:image:width\" content=\"800\" \/>\n\t<meta property=\"og:image:height\" content=\"800\" \/>\n\t<meta property=\"og:image:type\" content=\"image\/jpeg\" \/>\n<meta name=\"twitter:card\" content=\"summary_large_image\" \/>\n<meta name=\"twitter:label1\" content=\"Gesch\u00e4tzte Lesezeit\" \/>\n\t<meta name=\"twitter:data1\" content=\"3\u00a0Minuten\" \/>\n<script type=\"application\/ld+json\" class=\"yoast-schema-graph\">{\"@context\":\"https:\\\/\\\/schema.org\",\"@graph\":[{\"@type\":\"WebPage\",\"@id\":\"https:\\\/\\\/rczone.ee\\\/toode\\\/baseus-gan5-pro-fast-charger-2cu-65w-eu\\\/\",\"url\":\"https:\\\/\\\/rczone.ee\\\/toode\\\/baseus-gan5-pro-fast-charger-2cu-65w-eu\\\/\",\"name\":\"Baseus GaN5 Pro Fast Charger 2C+U 65W EU - RC Zone | Raadio teel juhitavad autod\",\"isPartOf\":{\"@id\":\"https:\\\/\\\/rczone.ee\\\/#website\"},\"primaryImageOfPage\":{\"@id\":\"https:\\\/\\\/rczone.ee\\\/toode\\\/baseus-gan5-pro-fast-charger-2cu-65w-eu\\\/#primaryimage\"},\"image\":{\"@id\":\"https:\\\/\\\/rczone.ee\\\/toode\\\/baseus-gan5-pro-fast-charger-2cu-65w-eu\\\/#primaryimage\"},\"thumbnailUrl\":\"https:\\\/\\\/rczone.ee\\\/wp-content\\\/uploads\\\/2025\\\/08\\\/main1.jpg\",\"datePublished\":\"2025-08-01T19:02:59+00:00\",\"dateModified\":\"2026-04-05T20:05:42+00:00\",\"breadcrumb\":{\"@id\":\"https:\\\/\\\/rczone.ee\\\/toode\\\/baseus-gan5-pro-fast-charger-2cu-65w-eu\\\/#breadcrumb\"},\"inLanguage\":\"de\",\"potentialAction\":[{\"@type\":\"ReadAction\",\"target\":[\"https:\\\/\\\/rczone.ee\\\/toode\\\/baseus-gan5-pro-fast-charger-2cu-65w-eu\\\/\"]}]},{\"@type\":\"ImageObject\",\"inLanguage\":\"de\",\"@id\":\"https:\\\/\\\/rczone.ee\\\/toode\\\/baseus-gan5-pro-fast-charger-2cu-65w-eu\\\/#primaryimage\",\"url\":\"https:\\\/\\\/rczone.ee\\\/wp-content\\\/uploads\\\/2025\\\/08\\\/main1.jpg\",\"contentUrl\":\"https:\\\/\\\/rczone.ee\\\/wp-content\\\/uploads\\\/2025\\\/08\\\/main1.jpg\",\"width\":800,\"height\":800},{\"@type\":\"BreadcrumbList\",\"@id\":\"https:\\\/\\\/rczone.ee\\\/toode\\\/baseus-gan5-pro-fast-charger-2cu-65w-eu\\\/#breadcrumb\",\"itemListElement\":[{\"@type\":\"ListItem\",\"position\":1,\"name\":\"Home\",\"item\":\"https:\\\/\\\/rczone.ee\\\/\"},{\"@type\":\"ListItem\",\"position\":2,\"name\":\"Shop\",\"item\":\"https:\\\/\\\/rczone.ee\\\/shop\\\/\"},{\"@type\":\"ListItem\",\"position\":3,\"name\":\"Baseus GaN5 Pro Fast Charger 2C+U 65W EU\"}]},{\"@type\":\"WebSite\",\"@id\":\"https:\\\/\\\/rczone.ee\\\/#website\",\"url\":\"https:\\\/\\\/rczone.ee\\\/\",\"name\":\"RcZone\",\"description\":\"RcZone - Raadio teel juhitavate autode veebipood. M&uuml;&uuml;me laia valikut kvaliteetseid ja v&otilde;imsaid RC-autosid. Kiire tarne ja konkurentsiv&otilde;imelised hinnad.\",\"publisher\":{\"@id\":\"https:\\\/\\\/rczone.ee\\\/#organization\"},\"potentialAction\":[{\"@type\":\"SearchAction\",\"target\":{\"@type\":\"EntryPoint\",\"urlTemplate\":\"https:\\\/\\\/rczone.ee\\\/?s={search_term_string}\"},\"query-input\":{\"@type\":\"PropertyValueSpecification\",\"valueRequired\":true,\"valueName\":\"search_term_string\"}}],\"inLanguage\":\"de\"},{\"@type\":\"Organization\",\"@id\":\"https:\\\/\\\/rczone.ee\\\/#organization\",\"name\":\"RcZone\",\"url\":\"https:\\\/\\\/rczone.ee\\\/\",\"logo\":{\"@type\":\"ImageObject\",\"inLanguage\":\"de\",\"@id\":\"https:\\\/\\\/rczone.ee\\\/#\\\/schema\\\/logo\\\/image\\\/\",\"url\":\"https:\\\/\\\/rczone.ee\\\/wp-content\\\/uploads\\\/2024\\\/01\\\/3D.png\",\"contentUrl\":\"https:\\\/\\\/rczone.ee\\\/wp-content\\\/uploads\\\/2024\\\/01\\\/3D.png\",\"width\":2080,\"height\":602,\"caption\":\"RcZone\"},\"image\":{\"@id\":\"https:\\\/\\\/rczone.ee\\\/#\\\/schema\\\/logo\\\/image\\\/\"},\"sameAs\":[\"https:\\\/\\\/www.facebook.com\\\/rczone.ee\"]}]}<\/script>\n<!-- \/ Yoast SEO plugin. -->","yoast_head_json":{"title":"Baseus GaN5 Pro Schnellladeger\u00e4t 2C+U 65W EU - RC Zone | Radio Controlled Cars","robots":{"index":"index","follow":"follow","max-snippet":"max-snippet:-1","max-image-preview":"max-image-preview:large","max-video-preview":"max-video-preview:-1"},"canonical":"https:\/\/rczone.ee\/de\/product-2\/baseus-gan5-pro-schnelles-ladegerat-2cu-65w-eu\/","og_locale":"de_DE","og_type":"article","og_title":"Baseus GaN5 Pro Fast Charger 2C+U 65W EU - RC Zone | Raadio teel juhitavad autod","og_description":"Baseus GaN5 Pro Fast Charger 2C+U 65W EU \u2013 V\u00f5imas ja Kompaktne Kiirlaadija K\u00f5ikidele Sinu Seadmetele Baseus GaN5 Pro Fast Charger 2C+U 65W EU on uusima p\u00f5lvkond tipptehnoloogiline kiirlaadija, mis v\u00f5imaldab kiiret ja turvalist laadimist nii s\u00fclearvutile, tahvelarvutile, nutitelefonile kui ka m\u00e4ngukonsoolile. T\u00e4nu GaN5 (gallium-nitriid) tehnoloogiale on laadija v\u00e4iksem, kergem ja oluliselt energiat\u00f5husam v\u00f5rreldes tavaliste [...]","og_url":"https:\/\/rczone.ee\/de\/product-2\/baseus-gan5-pro-schnelles-ladegerat-2cu-65w-eu\/","og_site_name":"RC Zone | Raadio teel juhitavad autod","article_publisher":"https:\/\/www.facebook.com\/rczone.ee","article_modified_time":"2026-04-05T20:05:42+00:00","og_image":[{"width":800,"height":800,"url":"https:\/\/rczone.ee\/wp-content\/uploads\/2025\/08\/main1.jpg","type":"image\/jpeg"}],"twitter_card":"summary_large_image","twitter_misc":{"Gesch\u00e4tzte Lesezeit":"3\u00a0Minuten"},"schema":{"@context":"https:\/\/schema.org","@graph":[{"@type":"WebPage","@id":"https:\/\/rczone.ee\/toode\/baseus-gan5-pro-fast-charger-2cu-65w-eu\/","url":"https:\/\/rczone.ee\/toode\/baseus-gan5-pro-fast-charger-2cu-65w-eu\/","name":"Baseus GaN5 Pro Schnellladeger\u00e4t 2C+U 65W EU - RC Zone | Radio Controlled Cars","isPartOf":{"@id":"https:\/\/rczone.ee\/#website"},"primaryImageOfPage":{"@id":"https:\/\/rczone.ee\/toode\/baseus-gan5-pro-fast-charger-2cu-65w-eu\/#primaryimage"},"image":{"@id":"https:\/\/rczone.ee\/toode\/baseus-gan5-pro-fast-charger-2cu-65w-eu\/#primaryimage"},"thumbnailUrl":"https:\/\/rczone.ee\/wp-content\/uploads\/2025\/08\/main1.jpg","datePublished":"2025-08-01T19:02:59+00:00","dateModified":"2026-04-05T20:05:42+00:00","breadcrumb":{"@id":"https:\/\/rczone.ee\/toode\/baseus-gan5-pro-fast-charger-2cu-65w-eu\/#breadcrumb"},"inLanguage":"de","potentialAction":[{"@type":"ReadAction","target":["https:\/\/rczone.ee\/toode\/baseus-gan5-pro-fast-charger-2cu-65w-eu\/"]}]},{"@type":"ImageObject","inLanguage":"de","@id":"https:\/\/rczone.ee\/toode\/baseus-gan5-pro-fast-charger-2cu-65w-eu\/#primaryimage","url":"https:\/\/rczone.ee\/wp-content\/uploads\/2025\/08\/main1.jpg","contentUrl":"https:\/\/rczone.ee\/wp-content\/uploads\/2025\/08\/main1.jpg","width":800,"height":800},{"@type":"BreadcrumbList","@id":"https:\/\/rczone.ee\/toode\/baseus-gan5-pro-fast-charger-2cu-65w-eu\/#breadcrumb","itemListElement":[{"@type":"ListItem","position":1,"name":"Home","item":"https:\/\/rczone.ee\/"},{"@type":"ListItem","position":2,"name":"Shop","item":"https:\/\/rczone.ee\/shop\/"},{"@type":"ListItem","position":3,"name":"Baseus GaN5 Pro Fast Charger 2C+U 65W EU"}]},{"@type":"WebSite","@id":"https:\/\/rczone.ee\/#website","url":"https:\/\/rczone.ee\/","name":"RcZone","description":"RcZone - Online Shop f\u00fcr funkgesteuerte Autos. Wir verkaufen eine breite Palette von qualitativ hochwertigen und leistungsstarken RC-Autos. Schnelle Lieferung und g\u00fcnstige Preise.","publisher":{"@id":"https:\/\/rczone.ee\/#organization"},"potentialAction":[{"@type":"SearchAction","target":{"@type":"EntryPoint","urlTemplate":"https:\/\/rczone.ee\/?s={search_term_string}"},"query-input":{"@type":"PropertyValueSpecification","valueRequired":true,"valueName":"search_term_string"}}],"inLanguage":"de"},{"@type":"Organization","@id":"https:\/\/rczone.ee\/#organization","name":"RcZone","url":"https:\/\/rczone.ee\/","logo":{"@type":"ImageObject","inLanguage":"de","@id":"https:\/\/rczone.ee\/#\/schema\/logo\/image\/","url":"https:\/\/rczone.ee\/wp-content\/uploads\/2024\/01\/3D.png","contentUrl":"https:\/\/rczone.ee\/wp-content\/uploads\/2024\/01\/3D.png","width":2080,"height":602,"caption":"RcZone"},"image":{"@id":"https:\/\/rczone.ee\/#\/schema\/logo\/image\/"},"sameAs":["https:\/\/www.facebook.com\/rczone.ee"]}]}},"_links":{"self":[{"href":"https:\/\/rczone.ee\/de\/wp-json\/wp\/v2\/product\/3993","targetHints":{"allow":["GET"]}}],"collection":[{"href":"https:\/\/rczone.ee\/de\/wp-json\/wp\/v2\/product"}],"about":[{"href":"https:\/\/rczone.ee\/de\/wp-json\/wp\/v2\/types\/product"}],"replies":[{"embeddable":true,"href":"https:\/\/rczone.ee\/de\/wp-json\/wp\/v2\/comments?post=3993"}],"wp:featuredmedia":[{"embeddable":true,"href":"https:\/\/rczone.ee\/de\/wp-json\/wp\/v2\/media\/4003"}],"wp:attachment":[{"href":"https:\/\/rczone.ee\/de\/wp-json\/wp\/v2\/media?parent=3993"}],"wp:term":[{"taxonomy":"fits_model","embeddable":true,"href":"https:\/\/rczone.ee\/de\/wp-json\/wp\/v2\/fits_model?post=3993"},{"taxonomy":"product_brand","embeddable":true,"href":"https:\/\/rczone.ee\/de\/wp-json\/wp\/v2\/product_brand?post=3993"},{"taxonomy":"product_cat","embeddable":true,"href":"https:\/\/rczone.ee\/de\/wp-json\/wp\/v2\/product_cat?post=3993"},{"taxonomy":"product_tag","embeddable":true,"href":"https:\/\/rczone.ee\/de\/wp-json\/wp\/v2\/product_tag?post=3993"},{"taxonomy":"woo-feed-brand","embeddable":true,"href":"https:\/\/rczone.ee\/de\/wp-json\/wp\/v2\/woo-feed-brand?post=3993"}],"curies":[{"name":"wp","href":"https:\/\/api.w.org\/{rel}","templated":true}]}}