{"id":4337,"date":"2025-08-26T16:15:03","date_gmt":"2025-08-26T13:15:03","guid":{"rendered":"https:\/\/rczone.ee\/?post_type=product&#038;p=4337"},"modified":"2025-08-26T16:26:30","modified_gmt":"2025-08-26T13:26:30","slug":"stosdampfer-65mm-2-stuck","status":"publish","type":"product","link":"https:\/\/rczone.ee\/de\/toode\/shock-absorber-65mm-2-tk\/","title":{"rendered":"Sto\u00dfd\u00e4mpfer 65mm (2 St\u00fcck)"},"content":{"rendered":"<p data-start=\"83\" data-end=\"150\">\u00d6lgef\u00fcllte und einstellbare Metalld\u00e4mpfer f\u00fcr RC-Cars.<\/p>\n<ul>\n<li data-start=\"298\" data-end=\"329\">Typ: \u00d6limmersion, einstellbar.<\/li>\n<li data-start=\"332\" data-end=\"353\">Gesamtl\u00e4nge: 65 mm<\/li>\n<li data-start=\"356\" data-end=\"386\">Abstand zwischen den Befestigungspunkten: 57 mm<\/li>\n<li data-start=\"389\" data-end=\"406\">Durchmesser: 15 mm<\/li>\n<li data-start=\"409\" data-end=\"422\">Schl\u00fcssel: 2,5 mm<\/li>\n<li data-start=\"425\" data-end=\"445\">Kugelkopf: \u00d8 4,8 mm<\/li>\n<li data-start=\"448\" data-end=\"481\">Material: Metall, blau<\/li>\n<li data-start=\"484\" data-end=\"524\">Inklusive: 2 St\u00fcck amorte + Zubeh\u00f6r<\/li>\n<\/ul>\n<p data-start=\"526\" data-end=\"667\">Hinweis: Die D\u00e4mpfer sind werksseitig mit einer geringen Menge \u00d6l gef\u00fcllt - es wird empfohlen, bei der Verwendung ein geeignetes D\u00e4mpfungs\u00f6l nachzuf\u00fcllen.<\/p>","protected":false},"excerpt":{"rendered":"<p>\u00d6lgef\u00fcllte und einstellbare Metalld\u00e4mpfer f\u00fcr RC-Cars. Typ: \u00f6lgef\u00fcllt, einstellbar. Gesamtl\u00e4nge: 65 mm Abstand zwischen den Befestigungspunkten: 57 mm Durchmesser: 15 mm \u00d6ffnung: 2,5 mm Kugelgelenk: \u00d8 4,8 mm Material: Metall, blau Set enth\u00e4lt: 2 Stk. von Sto\u00dfd\u00e4mpfern + Zubeh\u00f6r Hinweis: die Sto\u00dfd\u00e4mpfer haben eine kleine Menge \u00d6l in der Werkskontrolle - es wird empfohlen, sie mit dem entsprechenden \u00d6l bei der Verwendung zu f\u00fcllen.<\/p>","protected":false},"featured_media":4338,"comment_status":"open","ping_status":"closed","template":"","meta":{"_monsterinsights_skip_tracking":false,"_monsterinsights_sitenote_active":false,"_monsterinsights_sitenote_note":"","_monsterinsights_sitenote_category":0},"fits_model":[],"product_brand":[],"product_cat":[75],"product_tag":[84],"woo-feed-brand":[],"class_list":{"0":"post-4337","1":"product","2":"type-product","3":"status-publish","4":"has-post-thumbnail","6":"product_cat-parts","7":"product_tag-standard","9":"first","10":"instock","11":"taxable","12":"shipping-taxable","13":"purchasable","14":"product-type-simple"},"yoast_head":"<!-- This site is optimized with the Yoast SEO plugin v27.6 - https:\/\/yoast.com\/product\/yoast-seo-wordpress\/ -->\n<title>Shock absorber 65mm (2 tk) - RC Zone | Raadio teel juhitavad autod<\/title>\n<meta name=\"robots\" content=\"index, follow, max-snippet:-1, max-image-preview:large, max-video-preview:-1\" \/>\n<link rel=\"canonical\" href=\"https:\/\/rczone.ee\/de\/product-2\/stosdampfer-65mm-2-stuck\/\" \/>\n<meta property=\"og:locale\" content=\"de_DE\" \/>\n<meta property=\"og:type\" content=\"article\" \/>\n<meta property=\"og:title\" content=\"Shock absorber 65mm (2 tk) - RC Zone | Raadio teel juhitavad autod\" \/>\n<meta property=\"og:description\" content=\"Metallist \u00f5liga t\u00e4idetavad ja reguleeritavad amordid RC autodele. T\u00fc\u00fcp: \u00f5liamort, reguleeritav. Pikkus kokku: 65 mm Kinnituspunktide vahe: 57 mm L\u00e4bim\u00f5\u00f5t: 15 mm Ava: 2,5 mm Kuulliigend: \u00d8 4,8 mm Materjal: metall, sinine Komplektis: 2 tk amorte + lisatarvikud M\u00e4rkus: amortides on tehasekontrolliks v\u00e4ike kogus \u00f5li \u2013 kasutamisel soovitatav t\u00e4ita sobiva amordi\u00f5liga.\" \/>\n<meta property=\"og:url\" content=\"https:\/\/rczone.ee\/de\/product-2\/stosdampfer-65mm-2-stuck\/\" \/>\n<meta property=\"og:site_name\" content=\"RC Zone | Raadio teel juhitavad autod\" \/>\n<meta property=\"article:publisher\" content=\"https:\/\/www.facebook.com\/rczone.ee\" \/>\n<meta property=\"article:modified_time\" content=\"2025-08-26T13:26:30+00:00\" \/>\n<meta name=\"twitter:card\" content=\"summary_large_image\" \/>\n<meta name=\"twitter:label1\" content=\"Gesch\u00e4tzte Lesezeit\" \/>\n\t<meta name=\"twitter:data1\" content=\"1\u00a0Minute\" \/>\n<script type=\"application\/ld+json\" class=\"yoast-schema-graph\">{\"@context\":\"https:\\\/\\\/schema.org\",\"@graph\":[{\"@type\":\"WebPage\",\"@id\":\"https:\\\/\\\/rczone.ee\\\/toode\\\/shock-absorber-65mm-2-tk\\\/\",\"url\":\"https:\\\/\\\/rczone.ee\\\/toode\\\/shock-absorber-65mm-2-tk\\\/\",\"name\":\"Shock absorber 65mm (2 tk) - RC Zone | Raadio teel juhitavad autod\",\"isPartOf\":{\"@id\":\"https:\\\/\\\/rczone.ee\\\/#website\"},\"primaryImageOfPage\":{\"@id\":\"https:\\\/\\\/rczone.ee\\\/toode\\\/shock-absorber-65mm-2-tk\\\/#primaryimage\"},\"image\":{\"@id\":\"https:\\\/\\\/rczone.ee\\\/toode\\\/shock-absorber-65mm-2-tk\\\/#primaryimage\"},\"thumbnailUrl\":\"https:\\\/\\\/rczone.ee\\\/wp-content\\\/uploads\\\/2025\\\/08\\\/S28d34ebe443e48978c7a8ec3e52a4f31n.jpg_960x960q75.jpg_.avif\",\"datePublished\":\"2025-08-26T13:15:03+00:00\",\"dateModified\":\"2025-08-26T13:26:30+00:00\",\"breadcrumb\":{\"@id\":\"https:\\\/\\\/rczone.ee\\\/toode\\\/shock-absorber-65mm-2-tk\\\/#breadcrumb\"},\"inLanguage\":\"de\",\"potentialAction\":[{\"@type\":\"ReadAction\",\"target\":[\"https:\\\/\\\/rczone.ee\\\/toode\\\/shock-absorber-65mm-2-tk\\\/\"]}]},{\"@type\":\"ImageObject\",\"inLanguage\":\"de\",\"@id\":\"https:\\\/\\\/rczone.ee\\\/toode\\\/shock-absorber-65mm-2-tk\\\/#primaryimage\",\"url\":\"https:\\\/\\\/rczone.ee\\\/wp-content\\\/uploads\\\/2025\\\/08\\\/S28d34ebe443e48978c7a8ec3e52a4f31n.jpg_960x960q75.jpg_.avif\",\"contentUrl\":\"https:\\\/\\\/rczone.ee\\\/wp-content\\\/uploads\\\/2025\\\/08\\\/S28d34ebe443e48978c7a8ec3e52a4f31n.jpg_960x960q75.jpg_.avif\",\"width\":800,\"height\":800},{\"@type\":\"BreadcrumbList\",\"@id\":\"https:\\\/\\\/rczone.ee\\\/toode\\\/shock-absorber-65mm-2-tk\\\/#breadcrumb\",\"itemListElement\":[{\"@type\":\"ListItem\",\"position\":1,\"name\":\"Home\",\"item\":\"https:\\\/\\\/rczone.ee\\\/\"},{\"@type\":\"ListItem\",\"position\":2,\"name\":\"Shop\",\"item\":\"https:\\\/\\\/rczone.ee\\\/shop\\\/\"},{\"@type\":\"ListItem\",\"position\":3,\"name\":\"Shock absorber 65mm (2 tk)\"}]},{\"@type\":\"WebSite\",\"@id\":\"https:\\\/\\\/rczone.ee\\\/#website\",\"url\":\"https:\\\/\\\/rczone.ee\\\/\",\"name\":\"RcZone\",\"description\":\"RcZone - Raadio teel juhitavate autode veebipood. M&uuml;&uuml;me laia valikut kvaliteetseid ja v&otilde;imsaid RC-autosid. Kiire tarne ja konkurentsiv&otilde;imelised hinnad.\",\"publisher\":{\"@id\":\"https:\\\/\\\/rczone.ee\\\/#organization\"},\"potentialAction\":[{\"@type\":\"SearchAction\",\"target\":{\"@type\":\"EntryPoint\",\"urlTemplate\":\"https:\\\/\\\/rczone.ee\\\/?s={search_term_string}\"},\"query-input\":{\"@type\":\"PropertyValueSpecification\",\"valueRequired\":true,\"valueName\":\"search_term_string\"}}],\"inLanguage\":\"de\"},{\"@type\":\"Organization\",\"@id\":\"https:\\\/\\\/rczone.ee\\\/#organization\",\"name\":\"RcZone\",\"url\":\"https:\\\/\\\/rczone.ee\\\/\",\"logo\":{\"@type\":\"ImageObject\",\"inLanguage\":\"de\",\"@id\":\"https:\\\/\\\/rczone.ee\\\/#\\\/schema\\\/logo\\\/image\\\/\",\"url\":\"https:\\\/\\\/rczone.ee\\\/wp-content\\\/uploads\\\/2024\\\/01\\\/3D.png\",\"contentUrl\":\"https:\\\/\\\/rczone.ee\\\/wp-content\\\/uploads\\\/2024\\\/01\\\/3D.png\",\"width\":2080,\"height\":602,\"caption\":\"RcZone\"},\"image\":{\"@id\":\"https:\\\/\\\/rczone.ee\\\/#\\\/schema\\\/logo\\\/image\\\/\"},\"sameAs\":[\"https:\\\/\\\/www.facebook.com\\\/rczone.ee\"]}]}<\/script>\n<!-- \/ Yoast SEO plugin. -->","yoast_head_json":{"title":"Sto\u00dfd\u00e4mpfer 65mm (2 St\u00fcck) - RC Zone | Funkgesteuerte Autos","robots":{"index":"index","follow":"follow","max-snippet":"max-snippet:-1","max-image-preview":"max-image-preview:large","max-video-preview":"max-video-preview:-1"},"canonical":"https:\/\/rczone.ee\/de\/product-2\/stosdampfer-65mm-2-stuck\/","og_locale":"de_DE","og_type":"article","og_title":"Shock absorber 65mm (2 tk) - RC Zone | Raadio teel juhitavad autod","og_description":"Metallist \u00f5liga t\u00e4idetavad ja reguleeritavad amordid RC autodele. T\u00fc\u00fcp: \u00f5liamort, reguleeritav. Pikkus kokku: 65 mm Kinnituspunktide vahe: 57 mm L\u00e4bim\u00f5\u00f5t: 15 mm Ava: 2,5 mm Kuulliigend: \u00d8 4,8 mm Materjal: metall, sinine Komplektis: 2 tk amorte + lisatarvikud M\u00e4rkus: amortides on tehasekontrolliks v\u00e4ike kogus \u00f5li \u2013 kasutamisel soovitatav t\u00e4ita sobiva amordi\u00f5liga.","og_url":"https:\/\/rczone.ee\/de\/product-2\/stosdampfer-65mm-2-stuck\/","og_site_name":"RC Zone | Raadio teel juhitavad autod","article_publisher":"https:\/\/www.facebook.com\/rczone.ee","article_modified_time":"2025-08-26T13:26:30+00:00","twitter_card":"summary_large_image","twitter_misc":{"Gesch\u00e4tzte Lesezeit":"1\u00a0Minute"},"schema":{"@context":"https:\/\/schema.org","@graph":[{"@type":"WebPage","@id":"https:\/\/rczone.ee\/toode\/shock-absorber-65mm-2-tk\/","url":"https:\/\/rczone.ee\/toode\/shock-absorber-65mm-2-tk\/","name":"Sto\u00dfd\u00e4mpfer 65mm (2 St\u00fcck) - RC Zone | Funkgesteuerte Autos","isPartOf":{"@id":"https:\/\/rczone.ee\/#website"},"primaryImageOfPage":{"@id":"https:\/\/rczone.ee\/toode\/shock-absorber-65mm-2-tk\/#primaryimage"},"image":{"@id":"https:\/\/rczone.ee\/toode\/shock-absorber-65mm-2-tk\/#primaryimage"},"thumbnailUrl":"https:\/\/rczone.ee\/wp-content\/uploads\/2025\/08\/S28d34ebe443e48978c7a8ec3e52a4f31n.jpg_960x960q75.jpg_.avif","datePublished":"2025-08-26T13:15:03+00:00","dateModified":"2025-08-26T13:26:30+00:00","breadcrumb":{"@id":"https:\/\/rczone.ee\/toode\/shock-absorber-65mm-2-tk\/#breadcrumb"},"inLanguage":"de","potentialAction":[{"@type":"ReadAction","target":["https:\/\/rczone.ee\/toode\/shock-absorber-65mm-2-tk\/"]}]},{"@type":"ImageObject","inLanguage":"de","@id":"https:\/\/rczone.ee\/toode\/shock-absorber-65mm-2-tk\/#primaryimage","url":"https:\/\/rczone.ee\/wp-content\/uploads\/2025\/08\/S28d34ebe443e48978c7a8ec3e52a4f31n.jpg_960x960q75.jpg_.avif","contentUrl":"https:\/\/rczone.ee\/wp-content\/uploads\/2025\/08\/S28d34ebe443e48978c7a8ec3e52a4f31n.jpg_960x960q75.jpg_.avif","width":800,"height":800},{"@type":"BreadcrumbList","@id":"https:\/\/rczone.ee\/toode\/shock-absorber-65mm-2-tk\/#breadcrumb","itemListElement":[{"@type":"ListItem","position":1,"name":"Home","item":"https:\/\/rczone.ee\/"},{"@type":"ListItem","position":2,"name":"Shop","item":"https:\/\/rczone.ee\/shop\/"},{"@type":"ListItem","position":3,"name":"Shock absorber 65mm (2 tk)"}]},{"@type":"WebSite","@id":"https:\/\/rczone.ee\/#website","url":"https:\/\/rczone.ee\/","name":"RcZone","description":"RcZone - Online Shop f\u00fcr funkgesteuerte Autos. Wir verkaufen eine breite Palette von qualitativ hochwertigen und leistungsstarken RC-Autos. Schnelle Lieferung und g\u00fcnstige Preise.","publisher":{"@id":"https:\/\/rczone.ee\/#organization"},"potentialAction":[{"@type":"SearchAction","target":{"@type":"EntryPoint","urlTemplate":"https:\/\/rczone.ee\/?s={search_term_string}"},"query-input":{"@type":"PropertyValueSpecification","valueRequired":true,"valueName":"search_term_string"}}],"inLanguage":"de"},{"@type":"Organization","@id":"https:\/\/rczone.ee\/#organization","name":"RcZone","url":"https:\/\/rczone.ee\/","logo":{"@type":"ImageObject","inLanguage":"de","@id":"https:\/\/rczone.ee\/#\/schema\/logo\/image\/","url":"https:\/\/rczone.ee\/wp-content\/uploads\/2024\/01\/3D.png","contentUrl":"https:\/\/rczone.ee\/wp-content\/uploads\/2024\/01\/3D.png","width":2080,"height":602,"caption":"RcZone"},"image":{"@id":"https:\/\/rczone.ee\/#\/schema\/logo\/image\/"},"sameAs":["https:\/\/www.facebook.com\/rczone.ee"]}]}},"_links":{"self":[{"href":"https:\/\/rczone.ee\/de\/wp-json\/wp\/v2\/product\/4337","targetHints":{"allow":["GET"]}}],"collection":[{"href":"https:\/\/rczone.ee\/de\/wp-json\/wp\/v2\/product"}],"about":[{"href":"https:\/\/rczone.ee\/de\/wp-json\/wp\/v2\/types\/product"}],"replies":[{"embeddable":true,"href":"https:\/\/rczone.ee\/de\/wp-json\/wp\/v2\/comments?post=4337"}],"wp:featuredmedia":[{"embeddable":true,"href":"https:\/\/rczone.ee\/de\/wp-json\/wp\/v2\/media\/4338"}],"wp:attachment":[{"href":"https:\/\/rczone.ee\/de\/wp-json\/wp\/v2\/media?parent=4337"}],"wp:term":[{"taxonomy":"fits_model","embeddable":true,"href":"https:\/\/rczone.ee\/de\/wp-json\/wp\/v2\/fits_model?post=4337"},{"taxonomy":"product_brand","embeddable":true,"href":"https:\/\/rczone.ee\/de\/wp-json\/wp\/v2\/product_brand?post=4337"},{"taxonomy":"product_cat","embeddable":true,"href":"https:\/\/rczone.ee\/de\/wp-json\/wp\/v2\/product_cat?post=4337"},{"taxonomy":"product_tag","embeddable":true,"href":"https:\/\/rczone.ee\/de\/wp-json\/wp\/v2\/product_tag?post=4337"},{"taxonomy":"woo-feed-brand","embeddable":true,"href":"https:\/\/rczone.ee\/de\/wp-json\/wp\/v2\/woo-feed-brand?post=4337"}],"curies":[{"name":"wp","href":"https:\/\/api.w.org\/{rel}","templated":true}]}}