{"id":4406,"date":"2025-09-13T10:21:36","date_gmt":"2025-09-13T07:21:36","guid":{"rendered":"https:\/\/rczone.ee\/?post_type=product&#038;p=4406"},"modified":"2025-12-29T11:45:04","modified_gmt":"2025-12-29T09:45:04","slug":"gwolves-grafiitmaare-rc-autodele-25g","status":"publish","type":"product","link":"https:\/\/rczone.ee\/de\/toode\/gwolves-grafiitmaare-rc-autodele-25g\/","title":{"rendered":"GWOLVES Graphitkorn f\u00fcr RC-Autos 25g"},"content":{"rendered":"<p data-start=\"368\" data-end=\"665\"><strong data-start=\"368\" data-end=\"392\">GWOLVES Graphitumh\u00fcllung<\/strong> ist ein hochwertiges Schmiermittel, das speziell f\u00fcr die Pflege und den Schutz der beweglichen Teile von RC-Cars entwickelt wurde. Dieses schwarze Graphitschmiermittel reduziert den Verschlei\u00df, verhindert \u00fcberm\u00e4\u00dfige Reibung und d\u00e4mpft Ger\u00e4usche von Getriebe- und Gelenkteilen, wodurch das Auto reibungsloser und leiser l\u00e4uft.<\/p>\n<h3 data-start=\"667\" data-end=\"715\">Warum wird Graphit in RC-Autos verwendet?<\/h3>\n<p data-start=\"716\" data-end=\"1079\">RC-Autos fahren oft unter schweren Lasten und bei hohen Geschwindigkeiten. Getriebe, Differentiale und CVD-Gelenke m\u00fcssen hohem Druck und st\u00e4ndiger Reibung standhalten. Ohne richtige Schmierung verschlei\u00dfen Zahnr\u00e4der und Gelenke schnell, was die Lebensdauer einzelner Teile und des gesamten Modells verk\u00fcrzen kann.<br data-start=\"1016\" data-end=\"1019\" \/>GWOLVES Graphitbeschichtung erzeugt eine Schutzschicht auf Metalloberfl\u00e4chen, die:<\/p>\n<ul>\n<li data-start=\"1082\" data-end=\"1116\">reduziert Reibung und Verschlei\u00df,<\/li>\n<li data-start=\"1119\" data-end=\"1165\">d\u00e4mpft abnormalen L\u00e4rm und Vibrationen,<\/li>\n<li data-start=\"1168\" data-end=\"1223\">tr\u00e4gt dazu bei, dass Ihre Zahnr\u00e4der und Gelenke l\u00e4nger funktionieren.<\/li>\n<\/ul>\n<h3 data-start=\"1225\" data-end=\"1265\">Geeignet f\u00fcr eine Vielzahl von Anwendungen<\/h3>\n<p data-start=\"1266\" data-end=\"1461\">Dieser Graphit-Wrapper ist ein universelles Wartungswerkzeug, das f\u00fcr eine Vielzahl von RC-Cars und Modellen geeignet ist - egal, ob es sich um <strong data-start=\"1374\" data-end=\"1418\">in einem Buggy, Drift Car, Crawler oder Truggy<\/strong>. Es kann an den folgenden Stellen verwendet werden:<\/p>\n<ul>\n<li data-start=\"1464\" data-end=\"1541\"><strong data-start=\"1464\" data-end=\"1495\">Getriebe und Zahnr\u00e4der<\/strong> - verhindert \u00fcberm\u00e4\u00dfigen Verschlei\u00df der Metallz\u00e4hne,<\/li>\n<li data-start=\"1544\" data-end=\"1595\"><strong data-start=\"1544\" data-end=\"1563\">Differentiale<\/strong> - sorgt f\u00fcr einen reibungslosen und leisen Betrieb,<\/li>\n<li data-start=\"1598\" data-end=\"1650\"><strong data-start=\"1598\" data-end=\"1618\">CVD und Antriebswellen<\/strong> - Verl\u00e4ngert die Lebensdauer der Gelenke,<\/li>\n<li data-start=\"1653\" data-end=\"1707\"><strong data-start=\"1653\" data-end=\"1704\">verschiedene bewegliche Metallverbindungen<\/strong>.<\/li>\n<\/ul>\n<h3 data-start=\"1709\" data-end=\"1747\">Starke Griffigkeit und Haltbarkeit<\/h3>\n<p data-start=\"1748\" data-end=\"1958\">Im Gegensatz zu gew\u00f6hnlichem \u00d6l bleibt Graphitgummi auch bei hohen Geschwindigkeiten und unter Druck fest auf Metalloberfl\u00e4chen haften. Das bedeutet, dass selbst unter intensiven Fahr- oder Rennbedingungen Zahnr\u00e4der und Gelenke gut geschmiert bleiben.<\/p>\n<h3 data-start=\"1960\" data-end=\"1975\">Informationen zum Produkt<\/h3>\n<ul>\n<li data-start=\"1978\" data-end=\"1998\">Nettobetrag: <strong data-start=\"1989\" data-end=\"1996\">25g<\/strong><\/li>\n<li data-start=\"2001\" data-end=\"2015\">Farbe: schwarz<\/li>\n<li data-start=\"2018\" data-end=\"2088\">Wird mit einem kleinen Kunststoffspatel f\u00fcr eine einfache Anwendung geliefert<\/li>\n<\/ul>\n<h3 data-start=\"2090\" data-end=\"2105\">Zusammenfassung<\/h3>\n<p data-start=\"2106\" data-end=\"2355\">Wenn Sie auf der Suche nach einer zuverl\u00e4ssigen Wartungsl\u00f6sung f\u00fcr die Metallteile Ihres RC-Cars sind, dann. <strong data-start=\"2179\" data-end=\"2203\">GWOLVES Graphitumh\u00fcllung<\/strong> ist eine praktische Wahl. Sie verringert den Verschlei\u00df, verl\u00e4ngert die Lebensdauer der Teile und tr\u00e4gt dazu bei, dass Ihr Modell auch unter den anspruchsvollsten Bedingungen zuverl\u00e4ssig und leise bleibt.<\/p>","protected":false},"excerpt":{"rendered":"<p>GWOLVES grafiitm\u00e4\u00e4re on kvaliteetne m\u00e4\u00e4rdeaine, mis on loodud spetsiaalselt RC autode liikuvate osade hooldamiseks ja kaitsmiseks. See must grafiitm\u00e4\u00e4re v\u00e4hendab kulumist, hoiab \u00e4ra liigse h\u00f5\u00f5rdumise ning summutab k\u00e4igu- ja liigendiosade m\u00fcra, muutes auto t\u00f6\u00f6 sujuvamaks ja vaiksemaks. Milleks kasutada grafiitm\u00e4\u00e4ret RC autodel? RC autod t\u00f6\u00f6tavad sageli suurte koormuste ja k\u00f5rgete p\u00f6\u00f6rete all. K\u00e4igukastid, diferentsiaalid ja [&#8230;]\n","protected":false},"featured_media":4411,"comment_status":"open","ping_status":"closed","template":"","meta":{"_monsterinsights_skip_tracking":false,"_monsterinsights_sitenote_active":false,"_monsterinsights_sitenote_note":"","_monsterinsights_sitenote_category":0},"fits_model":[],"product_brand":[],"product_cat":[75],"product_tag":[84],"woo-feed-brand":[],"class_list":{"0":"post-4406","1":"product","2":"type-product","3":"status-publish","4":"has-post-thumbnail","6":"product_cat-parts","7":"product_tag-standard","9":"first","10":"instock","11":"taxable","12":"shipping-taxable","13":"purchasable","14":"product-type-simple"},"yoast_head":"<!-- This site is optimized with the Yoast SEO plugin v27.4 - https:\/\/yoast.com\/product\/yoast-seo-wordpress\/ -->\n<title>GWOLVES grafiitm\u00e4\u00e4re RC autodele 25g - RC Zone | Raadio teel juhitavad autod<\/title>\n<meta name=\"robots\" content=\"index, follow, max-snippet:-1, max-image-preview:large, max-video-preview:-1\" \/>\n<link rel=\"canonical\" href=\"https:\/\/rczone.ee\/de\/product-2\/gwolves-grafiitmaare-rc-autodele-25g\/\" \/>\n<meta property=\"og:locale\" content=\"de_DE\" \/>\n<meta property=\"og:type\" content=\"article\" \/>\n<meta property=\"og:title\" content=\"GWOLVES grafiitm\u00e4\u00e4re RC autodele 25g - RC Zone | Raadio teel juhitavad autod\" \/>\n<meta property=\"og:description\" content=\"GWOLVES grafiitm\u00e4\u00e4re on kvaliteetne m\u00e4\u00e4rdeaine, mis on loodud spetsiaalselt RC autode liikuvate osade hooldamiseks ja kaitsmiseks. See must grafiitm\u00e4\u00e4re v\u00e4hendab kulumist, hoiab \u00e4ra liigse h\u00f5\u00f5rdumise ning summutab k\u00e4igu- ja liigendiosade m\u00fcra, muutes auto t\u00f6\u00f6 sujuvamaks ja vaiksemaks. Milleks kasutada grafiitm\u00e4\u00e4ret RC autodel? RC autod t\u00f6\u00f6tavad sageli suurte koormuste ja k\u00f5rgete p\u00f6\u00f6rete all. K\u00e4igukastid, diferentsiaalid ja [...]\" \/>\n<meta property=\"og:url\" content=\"https:\/\/rczone.ee\/de\/product-2\/gwolves-grafiitmaare-rc-autodele-25g\/\" \/>\n<meta property=\"og:site_name\" content=\"RC Zone | Raadio teel juhitavad autod\" \/>\n<meta property=\"article:publisher\" content=\"https:\/\/www.facebook.com\/rczone.ee\" \/>\n<meta property=\"article:modified_time\" content=\"2025-12-29T09:45:04+00:00\" \/>\n<meta property=\"og:image\" content=\"https:\/\/rczone.ee\/wp-content\/uploads\/2025\/09\/greasemain.jpg\" \/>\n\t<meta property=\"og:image:width\" content=\"800\" \/>\n\t<meta property=\"og:image:height\" content=\"800\" \/>\n\t<meta property=\"og:image:type\" content=\"image\/jpeg\" \/>\n<meta name=\"twitter:card\" content=\"summary_large_image\" \/>\n<meta name=\"twitter:label1\" content=\"Gesch\u00e4tzte Lesezeit\" \/>\n\t<meta name=\"twitter:data1\" content=\"2\u00a0Minuten\" \/>\n<script type=\"application\/ld+json\" class=\"yoast-schema-graph\">{\"@context\":\"https:\\\/\\\/schema.org\",\"@graph\":[{\"@type\":\"WebPage\",\"@id\":\"https:\\\/\\\/rczone.ee\\\/toode\\\/gwolves-grafiitmaare-rc-autodele-25g\\\/\",\"url\":\"https:\\\/\\\/rczone.ee\\\/toode\\\/gwolves-grafiitmaare-rc-autodele-25g\\\/\",\"name\":\"GWOLVES grafiitm\u00e4\u00e4re RC autodele 25g - RC Zone | Raadio teel juhitavad autod\",\"isPartOf\":{\"@id\":\"https:\\\/\\\/rczone.ee\\\/#website\"},\"primaryImageOfPage\":{\"@id\":\"https:\\\/\\\/rczone.ee\\\/toode\\\/gwolves-grafiitmaare-rc-autodele-25g\\\/#primaryimage\"},\"image\":{\"@id\":\"https:\\\/\\\/rczone.ee\\\/toode\\\/gwolves-grafiitmaare-rc-autodele-25g\\\/#primaryimage\"},\"thumbnailUrl\":\"https:\\\/\\\/rczone.ee\\\/wp-content\\\/uploads\\\/2025\\\/09\\\/greasemain.jpg\",\"datePublished\":\"2025-09-13T07:21:36+00:00\",\"dateModified\":\"2025-12-29T09:45:04+00:00\",\"breadcrumb\":{\"@id\":\"https:\\\/\\\/rczone.ee\\\/toode\\\/gwolves-grafiitmaare-rc-autodele-25g\\\/#breadcrumb\"},\"inLanguage\":\"de\",\"potentialAction\":[{\"@type\":\"ReadAction\",\"target\":[\"https:\\\/\\\/rczone.ee\\\/toode\\\/gwolves-grafiitmaare-rc-autodele-25g\\\/\"]}]},{\"@type\":\"ImageObject\",\"inLanguage\":\"de\",\"@id\":\"https:\\\/\\\/rczone.ee\\\/toode\\\/gwolves-grafiitmaare-rc-autodele-25g\\\/#primaryimage\",\"url\":\"https:\\\/\\\/rczone.ee\\\/wp-content\\\/uploads\\\/2025\\\/09\\\/greasemain.jpg\",\"contentUrl\":\"https:\\\/\\\/rczone.ee\\\/wp-content\\\/uploads\\\/2025\\\/09\\\/greasemain.jpg\",\"width\":800,\"height\":800},{\"@type\":\"BreadcrumbList\",\"@id\":\"https:\\\/\\\/rczone.ee\\\/toode\\\/gwolves-grafiitmaare-rc-autodele-25g\\\/#breadcrumb\",\"itemListElement\":[{\"@type\":\"ListItem\",\"position\":1,\"name\":\"Home\",\"item\":\"https:\\\/\\\/rczone.ee\\\/\"},{\"@type\":\"ListItem\",\"position\":2,\"name\":\"Shop\",\"item\":\"https:\\\/\\\/rczone.ee\\\/shop\\\/\"},{\"@type\":\"ListItem\",\"position\":3,\"name\":\"GWOLVES grafiitm\u00e4\u00e4re RC autodele 25g\"}]},{\"@type\":\"WebSite\",\"@id\":\"https:\\\/\\\/rczone.ee\\\/#website\",\"url\":\"https:\\\/\\\/rczone.ee\\\/\",\"name\":\"RcZone\",\"description\":\"RcZone - Raadio teel juhitavate autode veebipood. M&uuml;&uuml;me laia valikut kvaliteetseid ja v&otilde;imsaid RC-autosid. Kiire tarne ja konkurentsiv&otilde;imelised hinnad.\",\"publisher\":{\"@id\":\"https:\\\/\\\/rczone.ee\\\/#organization\"},\"potentialAction\":[{\"@type\":\"SearchAction\",\"target\":{\"@type\":\"EntryPoint\",\"urlTemplate\":\"https:\\\/\\\/rczone.ee\\\/?s={search_term_string}\"},\"query-input\":{\"@type\":\"PropertyValueSpecification\",\"valueRequired\":true,\"valueName\":\"search_term_string\"}}],\"inLanguage\":\"de\"},{\"@type\":\"Organization\",\"@id\":\"https:\\\/\\\/rczone.ee\\\/#organization\",\"name\":\"RcZone\",\"url\":\"https:\\\/\\\/rczone.ee\\\/\",\"logo\":{\"@type\":\"ImageObject\",\"inLanguage\":\"de\",\"@id\":\"https:\\\/\\\/rczone.ee\\\/#\\\/schema\\\/logo\\\/image\\\/\",\"url\":\"https:\\\/\\\/rczone.ee\\\/wp-content\\\/uploads\\\/2024\\\/01\\\/3D.png\",\"contentUrl\":\"https:\\\/\\\/rczone.ee\\\/wp-content\\\/uploads\\\/2024\\\/01\\\/3D.png\",\"width\":2080,\"height\":602,\"caption\":\"RcZone\"},\"image\":{\"@id\":\"https:\\\/\\\/rczone.ee\\\/#\\\/schema\\\/logo\\\/image\\\/\"},\"sameAs\":[\"https:\\\/\\\/www.facebook.com\\\/rczone.ee\"]}]}<\/script>\n<!-- \/ Yoast SEO plugin. -->","yoast_head_json":{"title":"GWOLVES Graphit Spule f\u00fcr RC Autos 25g - RC Zone | Funkgesteuerte Autos","robots":{"index":"index","follow":"follow","max-snippet":"max-snippet:-1","max-image-preview":"max-image-preview:large","max-video-preview":"max-video-preview:-1"},"canonical":"https:\/\/rczone.ee\/de\/product-2\/gwolves-grafiitmaare-rc-autodele-25g\/","og_locale":"de_DE","og_type":"article","og_title":"GWOLVES grafiitm\u00e4\u00e4re RC autodele 25g - RC Zone | Raadio teel juhitavad autod","og_description":"GWOLVES grafiitm\u00e4\u00e4re on kvaliteetne m\u00e4\u00e4rdeaine, mis on loodud spetsiaalselt RC autode liikuvate osade hooldamiseks ja kaitsmiseks. See must grafiitm\u00e4\u00e4re v\u00e4hendab kulumist, hoiab \u00e4ra liigse h\u00f5\u00f5rdumise ning summutab k\u00e4igu- ja liigendiosade m\u00fcra, muutes auto t\u00f6\u00f6 sujuvamaks ja vaiksemaks. Milleks kasutada grafiitm\u00e4\u00e4ret RC autodel? RC autod t\u00f6\u00f6tavad sageli suurte koormuste ja k\u00f5rgete p\u00f6\u00f6rete all. K\u00e4igukastid, diferentsiaalid ja [...]","og_url":"https:\/\/rczone.ee\/de\/product-2\/gwolves-grafiitmaare-rc-autodele-25g\/","og_site_name":"RC Zone | Raadio teel juhitavad autod","article_publisher":"https:\/\/www.facebook.com\/rczone.ee","article_modified_time":"2025-12-29T09:45:04+00:00","og_image":[{"width":800,"height":800,"url":"https:\/\/rczone.ee\/wp-content\/uploads\/2025\/09\/greasemain.jpg","type":"image\/jpeg"}],"twitter_card":"summary_large_image","twitter_misc":{"Gesch\u00e4tzte Lesezeit":"2\u00a0Minuten"},"schema":{"@context":"https:\/\/schema.org","@graph":[{"@type":"WebPage","@id":"https:\/\/rczone.ee\/toode\/gwolves-grafiitmaare-rc-autodele-25g\/","url":"https:\/\/rczone.ee\/toode\/gwolves-grafiitmaare-rc-autodele-25g\/","name":"GWOLVES Graphit Spule f\u00fcr RC Autos 25g - RC Zone | Funkgesteuerte Autos","isPartOf":{"@id":"https:\/\/rczone.ee\/#website"},"primaryImageOfPage":{"@id":"https:\/\/rczone.ee\/toode\/gwolves-grafiitmaare-rc-autodele-25g\/#primaryimage"},"image":{"@id":"https:\/\/rczone.ee\/toode\/gwolves-grafiitmaare-rc-autodele-25g\/#primaryimage"},"thumbnailUrl":"https:\/\/rczone.ee\/wp-content\/uploads\/2025\/09\/greasemain.jpg","datePublished":"2025-09-13T07:21:36+00:00","dateModified":"2025-12-29T09:45:04+00:00","breadcrumb":{"@id":"https:\/\/rczone.ee\/toode\/gwolves-grafiitmaare-rc-autodele-25g\/#breadcrumb"},"inLanguage":"de","potentialAction":[{"@type":"ReadAction","target":["https:\/\/rczone.ee\/toode\/gwolves-grafiitmaare-rc-autodele-25g\/"]}]},{"@type":"ImageObject","inLanguage":"de","@id":"https:\/\/rczone.ee\/toode\/gwolves-grafiitmaare-rc-autodele-25g\/#primaryimage","url":"https:\/\/rczone.ee\/wp-content\/uploads\/2025\/09\/greasemain.jpg","contentUrl":"https:\/\/rczone.ee\/wp-content\/uploads\/2025\/09\/greasemain.jpg","width":800,"height":800},{"@type":"BreadcrumbList","@id":"https:\/\/rczone.ee\/toode\/gwolves-grafiitmaare-rc-autodele-25g\/#breadcrumb","itemListElement":[{"@type":"ListItem","position":1,"name":"Home","item":"https:\/\/rczone.ee\/"},{"@type":"ListItem","position":2,"name":"Shop","item":"https:\/\/rczone.ee\/shop\/"},{"@type":"ListItem","position":3,"name":"GWOLVES grafiitm\u00e4\u00e4re RC autodele 25g"}]},{"@type":"WebSite","@id":"https:\/\/rczone.ee\/#website","url":"https:\/\/rczone.ee\/","name":"RcZone","description":"RcZone - Online Shop f\u00fcr funkgesteuerte Autos. Wir verkaufen eine breite Palette von qualitativ hochwertigen und leistungsstarken RC-Autos. Schnelle Lieferung und g\u00fcnstige Preise.","publisher":{"@id":"https:\/\/rczone.ee\/#organization"},"potentialAction":[{"@type":"SearchAction","target":{"@type":"EntryPoint","urlTemplate":"https:\/\/rczone.ee\/?s={search_term_string}"},"query-input":{"@type":"PropertyValueSpecification","valueRequired":true,"valueName":"search_term_string"}}],"inLanguage":"de"},{"@type":"Organization","@id":"https:\/\/rczone.ee\/#organization","name":"RcZone","url":"https:\/\/rczone.ee\/","logo":{"@type":"ImageObject","inLanguage":"de","@id":"https:\/\/rczone.ee\/#\/schema\/logo\/image\/","url":"https:\/\/rczone.ee\/wp-content\/uploads\/2024\/01\/3D.png","contentUrl":"https:\/\/rczone.ee\/wp-content\/uploads\/2024\/01\/3D.png","width":2080,"height":602,"caption":"RcZone"},"image":{"@id":"https:\/\/rczone.ee\/#\/schema\/logo\/image\/"},"sameAs":["https:\/\/www.facebook.com\/rczone.ee"]}]}},"_links":{"self":[{"href":"https:\/\/rczone.ee\/de\/wp-json\/wp\/v2\/product\/4406","targetHints":{"allow":["GET"]}}],"collection":[{"href":"https:\/\/rczone.ee\/de\/wp-json\/wp\/v2\/product"}],"about":[{"href":"https:\/\/rczone.ee\/de\/wp-json\/wp\/v2\/types\/product"}],"replies":[{"embeddable":true,"href":"https:\/\/rczone.ee\/de\/wp-json\/wp\/v2\/comments?post=4406"}],"wp:featuredmedia":[{"embeddable":true,"href":"https:\/\/rczone.ee\/de\/wp-json\/wp\/v2\/media\/4411"}],"wp:attachment":[{"href":"https:\/\/rczone.ee\/de\/wp-json\/wp\/v2\/media?parent=4406"}],"wp:term":[{"taxonomy":"fits_model","embeddable":true,"href":"https:\/\/rczone.ee\/de\/wp-json\/wp\/v2\/fits_model?post=4406"},{"taxonomy":"product_brand","embeddable":true,"href":"https:\/\/rczone.ee\/de\/wp-json\/wp\/v2\/product_brand?post=4406"},{"taxonomy":"product_cat","embeddable":true,"href":"https:\/\/rczone.ee\/de\/wp-json\/wp\/v2\/product_cat?post=4406"},{"taxonomy":"product_tag","embeddable":true,"href":"https:\/\/rczone.ee\/de\/wp-json\/wp\/v2\/product_tag?post=4406"},{"taxonomy":"woo-feed-brand","embeddable":true,"href":"https:\/\/rczone.ee\/de\/wp-json\/wp\/v2\/woo-feed-brand?post=4406"}],"curies":[{"name":"wp","href":"https:\/\/api.w.org\/{rel}","templated":true}]}}