{"id":4428,"date":"2025-09-18T20:56:30","date_gmt":"2025-09-18T17:56:30","guid":{"rendered":"https:\/\/rczone.ee\/?post_type=product&#038;p=4428"},"modified":"2025-12-02T05:49:59","modified_gmt":"2025-12-02T03:49:59","slug":"neu-suchiyu-scy-18104-4wd-aurora-lkw","status":"publish","type":"product","link":"https:\/\/rczone.ee\/de\/toode\/uus-suchiyu-scy-18104-4wd-aurora-truck\/","title":{"rendered":"NEU! Suchiyu SCY-18104 4WD Aurora Truck"},"content":{"rendered":"<article class=\"text-token-text-primary w-full focus:outline-none [--shadow-height:45px] has-data-writing-block:pointer-events-none has-data-writing-block:-mt-(--shadow-height) has-data-writing-block:pt-(--shadow-height) [&amp;:has([data-writing-block])&gt;*]:pointer-events-auto [content-visibility:auto] supports-[content-visibility:auto]:[contain-intrinsic-size:auto_100lvh] scroll-mt-[calc(var(--header-height)+min(200px,max(70px,20svh)))]\" dir=\"auto\" tabindex=\"-1\" data-turn-id=\"request-WEB:e3abf35b-04e0-4c01-be1e-fab4505c99fc-1\" data-testid=\"conversation-turn-2\" data-scroll-anchor=\"true\" data-turn=\"assistant\">\n<div class=\"text-base my-auto mx-auto pb-10 [--thread-content-margin:--spacing(4)] thread-sm:[--thread-content-margin:--spacing(6)] thread-lg:[--thread-content-margin:--spacing(16)] px-(--thread-content-margin)\">\n<div class=\"[--thread-content-max-width:40rem] thread-lg:[--thread-content-max-width:48rem] mx-auto max-w-(--thread-content-max-width) flex-1 group\/turn-messages focus-visible:outline-hidden relative flex w-full min-w-0 flex-col agent-turn\" tabindex=\"-1\">\n<div class=\"flex max-w-full flex-col grow\">\n<div class=\"min-h-8 text-message relative flex w-full flex-col items-end gap-2 text-start break-words whitespace-normal [.text-message+&amp;]:mt-1\" dir=\"auto\" data-message-author-role=\"assistant\" data-message-id=\"8d573e58-436b-4e65-9209-edb6c5e74081\" data-message-model-slug=\"gpt-5\">\n<div class=\"flex w-full flex-col gap-1 empty:hidden first:pt-[1px]\">\n<div class=\"markdown prose dark:prose-invert w-full break-words light markdown-new-styling\">\n<h3 data-start=\"0\" data-end=\"92\"><strong data-start=\"0\" data-end=\"90\">Suchiyu SCY-18104 4WD Aurora Truck \u2013 v\u00f5imas ja vastupidav 1:18 RC maastur RcZone.ee-st<\/strong><\/h3>\n<p data-start=\"94\" data-end=\"394\">Kui otsid RC autot, mis \u00fchendab endas j\u00f5udluse, t\u00e4psuse ja l\u00f5busa s\u00f5iduelamuse igas vanuses kasutajatele, siis <strong data-start=\"205\" data-end=\"243\">Suchiyu SCY-18104 4WD Aurora Truck<\/strong> on just see, mida vajad! See 1:18 skaala nelikveoline mudel pakub erakordset kiirust ja juhitavust, sobides nii algajatele kui ka kogenud juhtidele.<\/p>\n<p data-start=\"396\" data-end=\"715\">T\u00e4nu <strong data-start=\"401\" data-end=\"456\">k\u00f5rge p\u00f6\u00f6rdemomendiga RC380 harjadega mootorile<\/strong> ja <strong data-start=\"460\" data-end=\"512\">t\u00e4ielikult proportsionaalsele juhtimiss\u00fcsteemile<\/strong> omad iga kurvi, h\u00fcppe ja p\u00f6\u00f6rde \u00fcle t\u00e4ieliku kontrolli. Auto on varustatud <strong data-start=\"588\" data-end=\"618\">metallist diferentsiaaliga<\/strong> ja <strong data-start=\"622\" data-end=\"651\">t\u00f5husa jahutusega<\/strong>, mis tagab sujuva ja t\u00f6\u00f6kindla s\u00f5idu ka raskematel maastikel.<\/p>\n<h3 data-start=\"717\" data-end=\"742\">\u2699\ufe0f Peamised omadused:<\/h3>\n<ul>\n<li data-start=\"745\" data-end=\"765\"><strong data-start=\"745\" data-end=\"758\">Suurus:<\/strong> 1:18<\/li>\n<li data-start=\"768\" data-end=\"798\"><strong data-start=\"768\" data-end=\"783\">Tippkiirus:<\/strong> kuni 31 km\/h<\/li>\n<li data-start=\"801\" data-end=\"849\"><strong data-start=\"801\" data-end=\"814\">S\u00f5iduaeg:<\/strong> kuni 15\u201330 minutit pidevat s\u00f5itu<\/li>\n<li data-start=\"852\" data-end=\"896\"><strong data-start=\"852\" data-end=\"860\">Aku:<\/strong> 7.4V 1500mAh Li-ion (T-pistikuga)<\/li>\n<li data-start=\"899\" data-end=\"955\"><strong data-start=\"899\" data-end=\"915\">Laadimisaeg:<\/strong> umbes 4 tundi (USB laadijaga)<\/li>\n<li data-start=\"958\" data-end=\"995\"><strong data-start=\"958\" data-end=\"977\">Juhtimiskaugus:<\/strong> kuni 80 meetrit<\/li>\n<li data-start=\"998\" data-end=\"1065\"><strong data-start=\"998\" data-end=\"1010\">Sagedus:<\/strong> 2.4GHz \u2013 mitu autot saab s\u00f5ita samaaegselt h\u00e4ireteta<\/li>\n<li data-start=\"1068\" data-end=\"1108\"><strong data-start=\"1068\" data-end=\"1082\">Vedrustus:<\/strong> t\u00e4iss\u00f5ltumatu nelikvedu<\/li>\n<li data-start=\"1111\" data-end=\"1159\"><strong data-start=\"1111\" data-end=\"1129\">Diferentsiaal:<\/strong> metallist<\/li>\n<li data-start=\"1162\" data-end=\"1228\"><strong data-start=\"1162\" data-end=\"1172\">Tuled:<\/strong> LED-esituled (valged ja oran\u017eid), tagatuled (punased)<\/li>\n<li data-start=\"1231\" data-end=\"1300\"><strong data-start=\"1231\" data-end=\"1246\">Kontroller:<\/strong> p\u00fcstol-t\u00fc\u00fcpi juhtimiss\u00fcsteem (t\u00e4isproportsionaalne)<\/li>\n<\/ul>\n<h3 data-start=\"1390\" data-end=\"1419\">\ud83c\udfaf Miks valida RcZone.ee?<\/h3>\n<p data-start=\"1420\" data-end=\"1694\">RcZone.ee pakub ainult hoolikalt valitud kvaliteetseid ja testitud RC mudeleid. <strong data-start=\"1500\" data-end=\"1534\">Suchiyu SCY-18104 Aurora Truck<\/strong> on suurep\u00e4rane valik neile, kes otsivad <strong data-start=\"1575\" data-end=\"1639\">usaldusv\u00e4\u00e4rset, kiiret ja vastupidavat nelikveolist RC autot<\/strong> \u2013 ideaalne nii sise- kui v\u00e4litingimustes s\u00f5itmiseks.<\/p>\n<p data-start=\"1696\" data-end=\"1890\" data-is-last-node=\"\" data-is-only-node=\"\">Valmista end ette adrenaliiniks, tolmuks ja t\u00f5eliseks s\u00f5idunaudinguks \u2013 telli <strong data-start=\"1774\" data-end=\"1812\">Suchiyu SCY-18104 4WD Aurora Truck<\/strong> juba t\u00e4na <strong data-start=\"1823\" data-end=\"1836\">RcZone.ee<\/strong> veebipoest! \ud83d\ude99\ud83d\udca8<\/p>\n<p data-start=\"1696\" data-end=\"1890\" data-is-last-node=\"\" data-is-only-node=\"\"><img decoding=\"async\" class=\"alignnone wp-image-4569\" src=\"https:\/\/rczone.ee\/wp-content\/uploads\/2025\/09\/H0e30d3bbd5024b12b9a2045fe6dff0c5b.jpg\" alt=\"\" width=\"600\" height=\"600\" srcset=\"https:\/\/rczone.ee\/wp-content\/uploads\/2025\/09\/H0e30d3bbd5024b12b9a2045fe6dff0c5b.jpg 800w, https:\/\/rczone.ee\/wp-content\/uploads\/2025\/09\/H0e30d3bbd5024b12b9a2045fe6dff0c5b-400x400.jpg 400w, https:\/\/rczone.ee\/wp-content\/uploads\/2025\/09\/H0e30d3bbd5024b12b9a2045fe6dff0c5b-280x280.jpg 280w, https:\/\/rczone.ee\/wp-content\/uploads\/2025\/09\/H0e30d3bbd5024b12b9a2045fe6dff0c5b-768x768.jpg 768w, https:\/\/rczone.ee\/wp-content\/uploads\/2025\/09\/H0e30d3bbd5024b12b9a2045fe6dff0c5b-12x12.jpg 12w, https:\/\/rczone.ee\/wp-content\/uploads\/2025\/09\/H0e30d3bbd5024b12b9a2045fe6dff0c5b-450x450.jpg 450w, https:\/\/rczone.ee\/wp-content\/uploads\/2025\/09\/H0e30d3bbd5024b12b9a2045fe6dff0c5b-100x100.jpg 100w\" sizes=\"(max-width: 600px) 100vw, 600px\" \/> <img decoding=\"async\" class=\"alignnone wp-image-4570\" src=\"https:\/\/rczone.ee\/wp-content\/uploads\/2025\/09\/Ha612204ea7c5415cbb1c4a15dcca1c1e0.jpg\" alt=\"\" width=\"600\" height=\"601\" srcset=\"https:\/\/rczone.ee\/wp-content\/uploads\/2025\/09\/Ha612204ea7c5415cbb1c4a15dcca1c1e0.jpg 800w, https:\/\/rczone.ee\/wp-content\/uploads\/2025\/09\/Ha612204ea7c5415cbb1c4a15dcca1c1e0-400x400.jpg 400w, https:\/\/rczone.ee\/wp-content\/uploads\/2025\/09\/Ha612204ea7c5415cbb1c4a15dcca1c1e0-280x280.jpg 280w, https:\/\/rczone.ee\/wp-content\/uploads\/2025\/09\/Ha612204ea7c5415cbb1c4a15dcca1c1e0-768x769.jpg 768w, https:\/\/rczone.ee\/wp-content\/uploads\/2025\/09\/Ha612204ea7c5415cbb1c4a15dcca1c1e0-12x12.jpg 12w, https:\/\/rczone.ee\/wp-content\/uploads\/2025\/09\/Ha612204ea7c5415cbb1c4a15dcca1c1e0-450x450.jpg 450w, https:\/\/rczone.ee\/wp-content\/uploads\/2025\/09\/Ha612204ea7c5415cbb1c4a15dcca1c1e0-100x100.jpg 100w\" sizes=\"(max-width: 600px) 100vw, 600px\" \/><\/p>\n<p data-start=\"1696\" data-end=\"1890\" data-is-last-node=\"\" data-is-only-node=\"\"><img decoding=\"async\" class=\"alignnone wp-image-4571\" src=\"https:\/\/rczone.ee\/wp-content\/uploads\/2025\/09\/Hb0414017505c48319d87bba019bba9bcE.jpg\" alt=\"\" width=\"600\" height=\"600\" srcset=\"https:\/\/rczone.ee\/wp-content\/uploads\/2025\/09\/Hb0414017505c48319d87bba019bba9bcE.jpg 800w, https:\/\/rczone.ee\/wp-content\/uploads\/2025\/09\/Hb0414017505c48319d87bba019bba9bcE-400x400.jpg 400w, https:\/\/rczone.ee\/wp-content\/uploads\/2025\/09\/Hb0414017505c48319d87bba019bba9bcE-280x280.jpg 280w, https:\/\/rczone.ee\/wp-content\/uploads\/2025\/09\/Hb0414017505c48319d87bba019bba9bcE-768x768.jpg 768w, https:\/\/rczone.ee\/wp-content\/uploads\/2025\/09\/Hb0414017505c48319d87bba019bba9bcE-12x12.jpg 12w, https:\/\/rczone.ee\/wp-content\/uploads\/2025\/09\/Hb0414017505c48319d87bba019bba9bcE-450x450.jpg 450w, https:\/\/rczone.ee\/wp-content\/uploads\/2025\/09\/Hb0414017505c48319d87bba019bba9bcE-100x100.jpg 100w\" sizes=\"(max-width: 600px) 100vw, 600px\" \/> <img decoding=\"async\" class=\"alignnone wp-image-4572\" src=\"https:\/\/rczone.ee\/wp-content\/uploads\/2025\/09\/Hb0414017505c48319d87bba019bba9dsgfbcE.jpg\" alt=\"\" width=\"600\" height=\"600\" srcset=\"https:\/\/rczone.ee\/wp-content\/uploads\/2025\/09\/Hb0414017505c48319d87bba019bba9dsgfbcE.jpg 800w, https:\/\/rczone.ee\/wp-content\/uploads\/2025\/09\/Hb0414017505c48319d87bba019bba9dsgfbcE-400x400.jpg 400w, https:\/\/rczone.ee\/wp-content\/uploads\/2025\/09\/Hb0414017505c48319d87bba019bba9dsgfbcE-280x280.jpg 280w, https:\/\/rczone.ee\/wp-content\/uploads\/2025\/09\/Hb0414017505c48319d87bba019bba9dsgfbcE-768x768.jpg 768w, https:\/\/rczone.ee\/wp-content\/uploads\/2025\/09\/Hb0414017505c48319d87bba019bba9dsgfbcE-12x12.jpg 12w, https:\/\/rczone.ee\/wp-content\/uploads\/2025\/09\/Hb0414017505c48319d87bba019bba9dsgfbcE-450x450.jpg 450w, https:\/\/rczone.ee\/wp-content\/uploads\/2025\/09\/Hb0414017505c48319d87bba019bba9dsgfbcE-100x100.jpg 100w\" sizes=\"(max-width: 600px) 100vw, 600px\" \/><\/p>\n<\/div>\n<\/div>\n<\/div>\n<\/div>\n<\/div>\n<\/div>\n<\/article>\n","protected":false},"excerpt":{"rendered":"<ul>\n<li style=\"line-height: 1; padding-top: 20px;\">Level: Pro<\/li>\n<li style=\"line-height: 1;\">Altersgruppe der Benutzer: 8-13<\/li>\n<li style=\"line-height: 1;\">Kategorie: Truggy<\/li>\n<li style=\"line-height: 1;\">Ma\u00dfstab: 1:18<\/li>\n<li style=\"line-height: 1;\">Antriebsart: 4WD<\/li>\n<li style=\"line-height: 1;\">H\u00f6chstgeschwindigkeit: 31 km\/h<\/li>\n<li style=\"line-height: 1;\">Fertigstellung: Ready-To-Run<\/li>\n<li style=\"line-height: 1;\">Energie: Elektrizit\u00e4t<\/li>\n<\/ul>","protected":false},"featured_media":4431,"comment_status":"open","ping_status":"closed","template":"","meta":{"_monsterinsights_skip_tracking":false,"_monsterinsights_sitenote_active":false,"_monsterinsights_sitenote_note":"","_monsterinsights_sitenote_category":0},"fits_model":[],"product_brand":[],"product_cat":[33],"product_tag":[84,122],"woo-feed-brand":[],"class_list":{"0":"post-4428","1":"product","2":"type-product","3":"status-publish","4":"has-post-thumbnail","6":"product_cat-truggy","7":"product_tag-standard","8":"product_tag-liion74","10":"first","11":"instock","12":"taxable","13":"shipping-taxable","14":"purchasable","15":"product-type-simple"},"yoast_head":"<!-- This site is optimized with the Yoast SEO plugin v27.6 - https:\/\/yoast.com\/product\/yoast-seo-wordpress\/ -->\n<title>UUS! Suchiyu SCY-18104 4WD Aurora Truck - RC Zone | Raadio teel juhitavad autod<\/title>\n<meta name=\"robots\" content=\"index, follow, max-snippet:-1, max-image-preview:large, max-video-preview:-1\" \/>\n<link rel=\"canonical\" href=\"https:\/\/rczone.ee\/de\/product-2\/neu-suchiyu-scy-18104-4wd-aurora-lkw\/\" \/>\n<meta property=\"og:locale\" content=\"de_DE\" \/>\n<meta property=\"og:type\" content=\"article\" \/>\n<meta property=\"og:title\" content=\"UUS! Suchiyu SCY-18104 4WD Aurora Truck - RC Zone | Raadio teel juhitavad autod\" \/>\n<meta property=\"og:description\" content=\"Rate: Pro  Kasutaja vanuseklass: 8-13  Kategooria: Truggy  Skaala: 1:18  Vedav sild: 4WD  Max kiirus: 31 km\/h  Komplekteeritus: Ready-To-Run  Energia: Elekter\" \/>\n<meta property=\"og:url\" content=\"https:\/\/rczone.ee\/de\/product-2\/neu-suchiyu-scy-18104-4wd-aurora-lkw\/\" \/>\n<meta property=\"og:site_name\" content=\"RC Zone | Raadio teel juhitavad autod\" \/>\n<meta property=\"article:publisher\" content=\"https:\/\/www.facebook.com\/rczone.ee\" \/>\n<meta property=\"article:modified_time\" content=\"2025-12-02T03:49:59+00:00\" \/>\n<meta property=\"og:image\" content=\"https:\/\/rczone.ee\/wp-content\/uploads\/2025\/09\/18104.jpg\" \/>\n\t<meta property=\"og:image:width\" content=\"800\" \/>\n\t<meta property=\"og:image:height\" content=\"800\" \/>\n\t<meta property=\"og:image:type\" content=\"image\/jpeg\" \/>\n<meta name=\"twitter:card\" content=\"summary_large_image\" \/>\n<meta name=\"twitter:label1\" content=\"Gesch\u00e4tzte Lesezeit\" \/>\n\t<meta name=\"twitter:data1\" content=\"3\u00a0Minuten\" \/>\n<script type=\"application\/ld+json\" class=\"yoast-schema-graph\">{\"@context\":\"https:\\\/\\\/schema.org\",\"@graph\":[{\"@type\":\"WebPage\",\"@id\":\"https:\\\/\\\/rczone.ee\\\/toode\\\/uus-suchiyu-scy-18104-4wd-aurora-truck\\\/\",\"url\":\"https:\\\/\\\/rczone.ee\\\/toode\\\/uus-suchiyu-scy-18104-4wd-aurora-truck\\\/\",\"name\":\"UUS! Suchiyu SCY-18104 4WD Aurora Truck - RC Zone | Raadio teel juhitavad autod\",\"isPartOf\":{\"@id\":\"https:\\\/\\\/rczone.ee\\\/#website\"},\"primaryImageOfPage\":{\"@id\":\"https:\\\/\\\/rczone.ee\\\/toode\\\/uus-suchiyu-scy-18104-4wd-aurora-truck\\\/#primaryimage\"},\"image\":{\"@id\":\"https:\\\/\\\/rczone.ee\\\/toode\\\/uus-suchiyu-scy-18104-4wd-aurora-truck\\\/#primaryimage\"},\"thumbnailUrl\":\"https:\\\/\\\/rczone.ee\\\/wp-content\\\/uploads\\\/2025\\\/09\\\/18104.jpg\",\"datePublished\":\"2025-09-18T17:56:30+00:00\",\"dateModified\":\"2025-12-02T03:49:59+00:00\",\"breadcrumb\":{\"@id\":\"https:\\\/\\\/rczone.ee\\\/toode\\\/uus-suchiyu-scy-18104-4wd-aurora-truck\\\/#breadcrumb\"},\"inLanguage\":\"de\",\"potentialAction\":[{\"@type\":\"ReadAction\",\"target\":[\"https:\\\/\\\/rczone.ee\\\/toode\\\/uus-suchiyu-scy-18104-4wd-aurora-truck\\\/\"]}]},{\"@type\":\"ImageObject\",\"inLanguage\":\"de\",\"@id\":\"https:\\\/\\\/rczone.ee\\\/toode\\\/uus-suchiyu-scy-18104-4wd-aurora-truck\\\/#primaryimage\",\"url\":\"https:\\\/\\\/rczone.ee\\\/wp-content\\\/uploads\\\/2025\\\/09\\\/18104.jpg\",\"contentUrl\":\"https:\\\/\\\/rczone.ee\\\/wp-content\\\/uploads\\\/2025\\\/09\\\/18104.jpg\",\"width\":800,\"height\":800},{\"@type\":\"BreadcrumbList\",\"@id\":\"https:\\\/\\\/rczone.ee\\\/toode\\\/uus-suchiyu-scy-18104-4wd-aurora-truck\\\/#breadcrumb\",\"itemListElement\":[{\"@type\":\"ListItem\",\"position\":1,\"name\":\"Home\",\"item\":\"https:\\\/\\\/rczone.ee\\\/\"},{\"@type\":\"ListItem\",\"position\":2,\"name\":\"Shop\",\"item\":\"https:\\\/\\\/rczone.ee\\\/shop\\\/\"},{\"@type\":\"ListItem\",\"position\":3,\"name\":\"UUS! Suchiyu SCY-18104 4WD Aurora Truck\"}]},{\"@type\":\"WebSite\",\"@id\":\"https:\\\/\\\/rczone.ee\\\/#website\",\"url\":\"https:\\\/\\\/rczone.ee\\\/\",\"name\":\"RcZone\",\"description\":\"RcZone - Raadio teel juhitavate autode veebipood. M&uuml;&uuml;me laia valikut kvaliteetseid ja v&otilde;imsaid RC-autosid. Kiire tarne ja konkurentsiv&otilde;imelised hinnad.\",\"publisher\":{\"@id\":\"https:\\\/\\\/rczone.ee\\\/#organization\"},\"potentialAction\":[{\"@type\":\"SearchAction\",\"target\":{\"@type\":\"EntryPoint\",\"urlTemplate\":\"https:\\\/\\\/rczone.ee\\\/?s={search_term_string}\"},\"query-input\":{\"@type\":\"PropertyValueSpecification\",\"valueRequired\":true,\"valueName\":\"search_term_string\"}}],\"inLanguage\":\"de\"},{\"@type\":\"Organization\",\"@id\":\"https:\\\/\\\/rczone.ee\\\/#organization\",\"name\":\"RcZone\",\"url\":\"https:\\\/\\\/rczone.ee\\\/\",\"logo\":{\"@type\":\"ImageObject\",\"inLanguage\":\"de\",\"@id\":\"https:\\\/\\\/rczone.ee\\\/#\\\/schema\\\/logo\\\/image\\\/\",\"url\":\"https:\\\/\\\/rczone.ee\\\/wp-content\\\/uploads\\\/2024\\\/01\\\/3D.png\",\"contentUrl\":\"https:\\\/\\\/rczone.ee\\\/wp-content\\\/uploads\\\/2024\\\/01\\\/3D.png\",\"width\":2080,\"height\":602,\"caption\":\"RcZone\"},\"image\":{\"@id\":\"https:\\\/\\\/rczone.ee\\\/#\\\/schema\\\/logo\\\/image\\\/\"},\"sameAs\":[\"https:\\\/\\\/www.facebook.com\\\/rczone.ee\"]}]}<\/script>\n<!-- \/ Yoast SEO plugin. -->","yoast_head_json":{"title":"NEU! Suchiyu SCY-18104 4WD Aurora Truck - RC Zone | Funkgesteuerte Fahrzeuge","robots":{"index":"index","follow":"follow","max-snippet":"max-snippet:-1","max-image-preview":"max-image-preview:large","max-video-preview":"max-video-preview:-1"},"canonical":"https:\/\/rczone.ee\/de\/product-2\/neu-suchiyu-scy-18104-4wd-aurora-lkw\/","og_locale":"de_DE","og_type":"article","og_title":"UUS! Suchiyu SCY-18104 4WD Aurora Truck - RC Zone | Raadio teel juhitavad autod","og_description":"Rate: Pro  Kasutaja vanuseklass: 8-13  Kategooria: Truggy  Skaala: 1:18  Vedav sild: 4WD  Max kiirus: 31 km\/h  Komplekteeritus: Ready-To-Run  Energia: Elekter","og_url":"https:\/\/rczone.ee\/de\/product-2\/neu-suchiyu-scy-18104-4wd-aurora-lkw\/","og_site_name":"RC Zone | Raadio teel juhitavad autod","article_publisher":"https:\/\/www.facebook.com\/rczone.ee","article_modified_time":"2025-12-02T03:49:59+00:00","og_image":[{"width":800,"height":800,"url":"https:\/\/rczone.ee\/wp-content\/uploads\/2025\/09\/18104.jpg","type":"image\/jpeg"}],"twitter_card":"summary_large_image","twitter_misc":{"Gesch\u00e4tzte Lesezeit":"3\u00a0Minuten"},"schema":{"@context":"https:\/\/schema.org","@graph":[{"@type":"WebPage","@id":"https:\/\/rczone.ee\/toode\/uus-suchiyu-scy-18104-4wd-aurora-truck\/","url":"https:\/\/rczone.ee\/toode\/uus-suchiyu-scy-18104-4wd-aurora-truck\/","name":"NEU! Suchiyu SCY-18104 4WD Aurora Truck - RC Zone | Funkgesteuerte Fahrzeuge","isPartOf":{"@id":"https:\/\/rczone.ee\/#website"},"primaryImageOfPage":{"@id":"https:\/\/rczone.ee\/toode\/uus-suchiyu-scy-18104-4wd-aurora-truck\/#primaryimage"},"image":{"@id":"https:\/\/rczone.ee\/toode\/uus-suchiyu-scy-18104-4wd-aurora-truck\/#primaryimage"},"thumbnailUrl":"https:\/\/rczone.ee\/wp-content\/uploads\/2025\/09\/18104.jpg","datePublished":"2025-09-18T17:56:30+00:00","dateModified":"2025-12-02T03:49:59+00:00","breadcrumb":{"@id":"https:\/\/rczone.ee\/toode\/uus-suchiyu-scy-18104-4wd-aurora-truck\/#breadcrumb"},"inLanguage":"de","potentialAction":[{"@type":"ReadAction","target":["https:\/\/rczone.ee\/toode\/uus-suchiyu-scy-18104-4wd-aurora-truck\/"]}]},{"@type":"ImageObject","inLanguage":"de","@id":"https:\/\/rczone.ee\/toode\/uus-suchiyu-scy-18104-4wd-aurora-truck\/#primaryimage","url":"https:\/\/rczone.ee\/wp-content\/uploads\/2025\/09\/18104.jpg","contentUrl":"https:\/\/rczone.ee\/wp-content\/uploads\/2025\/09\/18104.jpg","width":800,"height":800},{"@type":"BreadcrumbList","@id":"https:\/\/rczone.ee\/toode\/uus-suchiyu-scy-18104-4wd-aurora-truck\/#breadcrumb","itemListElement":[{"@type":"ListItem","position":1,"name":"Home","item":"https:\/\/rczone.ee\/"},{"@type":"ListItem","position":2,"name":"Shop","item":"https:\/\/rczone.ee\/shop\/"},{"@type":"ListItem","position":3,"name":"UUS! Suchiyu SCY-18104 4WD Aurora Truck"}]},{"@type":"WebSite","@id":"https:\/\/rczone.ee\/#website","url":"https:\/\/rczone.ee\/","name":"RcZone","description":"RcZone - Online Shop f\u00fcr funkgesteuerte Autos. Wir verkaufen eine breite Palette von qualitativ hochwertigen und leistungsstarken RC-Autos. Schnelle Lieferung und g\u00fcnstige Preise.","publisher":{"@id":"https:\/\/rczone.ee\/#organization"},"potentialAction":[{"@type":"SearchAction","target":{"@type":"EntryPoint","urlTemplate":"https:\/\/rczone.ee\/?s={search_term_string}"},"query-input":{"@type":"PropertyValueSpecification","valueRequired":true,"valueName":"search_term_string"}}],"inLanguage":"de"},{"@type":"Organization","@id":"https:\/\/rczone.ee\/#organization","name":"RcZone","url":"https:\/\/rczone.ee\/","logo":{"@type":"ImageObject","inLanguage":"de","@id":"https:\/\/rczone.ee\/#\/schema\/logo\/image\/","url":"https:\/\/rczone.ee\/wp-content\/uploads\/2024\/01\/3D.png","contentUrl":"https:\/\/rczone.ee\/wp-content\/uploads\/2024\/01\/3D.png","width":2080,"height":602,"caption":"RcZone"},"image":{"@id":"https:\/\/rczone.ee\/#\/schema\/logo\/image\/"},"sameAs":["https:\/\/www.facebook.com\/rczone.ee"]}]}},"_links":{"self":[{"href":"https:\/\/rczone.ee\/de\/wp-json\/wp\/v2\/product\/4428","targetHints":{"allow":["GET"]}}],"collection":[{"href":"https:\/\/rczone.ee\/de\/wp-json\/wp\/v2\/product"}],"about":[{"href":"https:\/\/rczone.ee\/de\/wp-json\/wp\/v2\/types\/product"}],"replies":[{"embeddable":true,"href":"https:\/\/rczone.ee\/de\/wp-json\/wp\/v2\/comments?post=4428"}],"wp:featuredmedia":[{"embeddable":true,"href":"https:\/\/rczone.ee\/de\/wp-json\/wp\/v2\/media\/4431"}],"wp:attachment":[{"href":"https:\/\/rczone.ee\/de\/wp-json\/wp\/v2\/media?parent=4428"}],"wp:term":[{"taxonomy":"fits_model","embeddable":true,"href":"https:\/\/rczone.ee\/de\/wp-json\/wp\/v2\/fits_model?post=4428"},{"taxonomy":"product_brand","embeddable":true,"href":"https:\/\/rczone.ee\/de\/wp-json\/wp\/v2\/product_brand?post=4428"},{"taxonomy":"product_cat","embeddable":true,"href":"https:\/\/rczone.ee\/de\/wp-json\/wp\/v2\/product_cat?post=4428"},{"taxonomy":"product_tag","embeddable":true,"href":"https:\/\/rczone.ee\/de\/wp-json\/wp\/v2\/product_tag?post=4428"},{"taxonomy":"woo-feed-brand","embeddable":true,"href":"https:\/\/rczone.ee\/de\/wp-json\/wp\/v2\/woo-feed-brand?post=4428"}],"curies":[{"name":"wp","href":"https:\/\/api.w.org\/{rel}","templated":true}]}}