{"id":4432,"date":"2025-09-18T20:58:30","date_gmt":"2025-09-18T17:58:30","guid":{"rendered":"https:\/\/rczone.ee\/?post_type=product&#038;p=4432"},"modified":"2026-02-08T12:02:22","modified_gmt":"2026-02-08T10:02:22","slug":"neu-suchiyu-scy-18104-pro-4wd-aurora-brushless-truck","status":"publish","type":"product","link":"https:\/\/rczone.ee\/de\/toode\/uus-suchiyu-scy-18104-pro-4wd-aurora-brushless-truck\/","title":{"rendered":"NEU! Suchiyu SCY-18104 PRO 4WD Aurora B\u00fcrstenloser Truck"},"content":{"rendered":"<h3 data-start=\"0\" data-end=\"105\"><strong data-start=\"0\" data-end=\"103\">Suchiyu SCY-18104 PRO 4WD Aurora Brushless Truck - leistungsstarker und robuster Off-Road Truck von RcZone.ee!<\/strong><\/h3>\n<p data-start=\"107\" data-end=\"468\">Koge die tats\u00e4chliche Geschwindigkeit und Leistung des neuen <strong data-start=\"141\" data-end=\"193\">Suchiyu SCY-18104 PRO 4WD Aurora B\u00fcrstenloser Truck<\/strong>-ist die perfekte Wahl f\u00fcr den Anf\u00e4nger oder den erfahrenen RC-Enthusiasten! Dank des b\u00fcrstenlosen Motors, der vollproportionalen Lenkung und der Antriebskomponenten aus Metall bietet dieses Modell au\u00dfergew\u00f6hnliche Leistung und Haltbarkeit auf jedem Terrain - sei es Sand, Schotter, Gras oder Schlamm.<\/p>\n<p data-start=\"470\" data-end=\"701\">Das Auto reicht bis zu <strong data-start=\"486\" data-end=\"497\">50 km\/h<\/strong> und der b\u00fcrstenlose Motor sorgt f\u00fcr eine ruhige, kraftvolle Fahrt ohne Leistungseinbu\u00dfen. Ein stabiler Aluminiumrahmen, Allradantrieb und Einzelradaufh\u00e4ngung sorgen f\u00fcr Stabilit\u00e4t und Kontrolle auf den h\u00e4rtesten Strecken.<\/p>\n<hr data-start=\"703\" data-end=\"706\" \/>\n<h3 data-start=\"708\" data-end=\"728\">\ud83d\udd25 Grundlegende Merkmale:<\/h3>\n<ul>\n<li data-start=\"731\" data-end=\"757\"><strong data-start=\"731\" data-end=\"742\">Geschwindigkeit:<\/strong> bis zu 50 km\/h<\/li>\n<li data-start=\"760\" data-end=\"807\"><strong data-start=\"760\" data-end=\"773\">Reisezeit:<\/strong> bis zu 25 Minuten mit einer einzigen Ladung<\/li>\n<li data-start=\"810\" data-end=\"848\"><strong data-start=\"810\" data-end=\"829\">Entfernung mit dem Auto:<\/strong> bis zu 120 Meter<\/li>\n<li data-start=\"851\" data-end=\"892\"><strong data-start=\"851\" data-end=\"859\">Aku:<\/strong> 7.4V 1500mAh Li-Ion (T-Stecker)<\/li>\n<li data-start=\"895\" data-end=\"931\"><strong data-start=\"895\" data-end=\"907\">Abmessungen:<\/strong> 30,5 \u00d7 17,5 \u00d7 13,5 cm<\/li>\n<li data-start=\"934\" data-end=\"952\"><strong data-start=\"934\" data-end=\"945\">Ma\u00dfstab:<\/strong> 1:18<\/li>\n<li data-start=\"955\" data-end=\"990\"><strong data-start=\"955\" data-end=\"966\">Motor:<\/strong> 2840 b\u00fcrstenloser Motor<\/li>\n<li data-start=\"993\" data-end=\"1050\"><strong data-start=\"993\" data-end=\"1004\">Radio:<\/strong> 2.4GHz vollproportionales Steuersystem<\/li>\n<li data-start=\"1053\" data-end=\"1140\"><strong data-start=\"1053\" data-end=\"1067\">Aufh\u00e4ngung:<\/strong> Einzelradaufh\u00e4ngung mit Doppelquerlenkern, luftgef\u00fcllte Sto\u00dfd\u00e4mpfer<\/li>\n<li data-start=\"1143\" data-end=\"1230\"><strong data-start=\"1143\" data-end=\"1163\">\u00dcbertragungssystem:<\/strong> Ganzmetall-Differentiale, Metallzahnr\u00e4der und Antriebswellen<\/li>\n<li data-start=\"1233\" data-end=\"1335\"><strong data-start=\"1233\" data-end=\"1247\">Beleuchtung:<\/strong> LED-Scheinwerfer, Dachlampen und R\u00fcckleuchten (3 Modi: Dauerlicht, langsames und schnelles Blinken).<\/li>\n<li data-start=\"1338\" data-end=\"1419\"><strong data-start=\"1338\" data-end=\"1353\">Materialien:<\/strong> Aluminium-Fahrgestell, Metalldetails und verst\u00e4rkte PVC-Karosserie<\/li>\n<\/ul>\n<hr data-start=\"1421\" data-end=\"1424\" \/>\n<h3 data-start=\"1426\" data-end=\"1478\">\ud83d\ude97 Perfektes Handling und realistisches Fahrerlebnis<\/h3>\n<p data-start=\"1479\" data-end=\"1690\">Dank an <strong data-start=\"1484\" data-end=\"1545\">vollproportionale Geschwindigkeits- und Lenkwinkelsteuerung<\/strong> Sie k\u00f6nnen das Auto wie ein echtes Auto fahren - Beschleunigen, Bremsen, Abbiegen und R\u00fcckw\u00e4rtsfahren sind reibungslos und reagieren sofort.<\/p>\n<hr data-start=\"1692\" data-end=\"1695\" \/>\n<h3 data-start=\"1697\" data-end=\"1737\">\u2699\ufe0f Langlebige Metallkonstruktion<\/h3>\n<p data-start=\"1738\" data-end=\"1908\">Alle Hauptkomponenten des Getriebes - Differentiale, Achsschenkel, Zahnr\u00e4der und die mittlere Antriebswelle - sind aus Metall gefertigt, um maximale Zuverl\u00e4ssigkeit und Haltbarkeit zu gew\u00e4hrleisten.<\/p>\n<hr data-start=\"1910\" data-end=\"1913\" \/>\n<h3 data-start=\"1915\" data-end=\"1956\">\ud83c\udf19 LED-Beleuchtung und robustes Design<\/h3>\n<p data-start=\"1957\" data-end=\"2181\">Der Aurora PRO ist mit einer leistungsstarken LED-Beleuchtung ausgestattet, die nicht nur spektakul\u00e4r aussieht, sondern auch das Fahren in der Dunkelheit erm\u00f6glicht. Die robuste PVC-Karosserie und die \"Big-Foot\"-R\u00e4der mit gro\u00dfen Profilreifen sorgen f\u00fcr einen festen Halt auf jedem Untergrund.<\/p>\n<hr data-start=\"2183\" data-end=\"2186\" \/>\n<h3 data-start=\"2188\" data-end=\"2206\">\ud83d\udca1 Enthalten:<\/h3>\n<ul>\n<li data-start=\"2209\" data-end=\"2244\">SCY-18104 PRO 4WD B\u00fcrstenloser Truck<\/li>\n<li data-start=\"2247\" data-end=\"2302\">2,4-GHz-Fernbedienung (3\u00d7AA-Batterien erforderlich, nicht im Lieferumfang enthalten)<\/li>\n<li data-start=\"2305\" data-end=\"2323\">7.4V 1500mAh Akku<\/li>\n<li data-start=\"2326\" data-end=\"2346\">USB-Ladekabel<\/li>\n<li data-start=\"2349\" data-end=\"2364\">Benutzerhandbuch<\/li>\n<\/ul>\n<hr data-start=\"2386\" data-end=\"2389\" \/>\n<h3 data-start=\"2391\" data-end=\"2420\">\ud83d\ude80 Warum RcZone.ee w\u00e4hlen?<\/h3>\n<p data-start=\"2421\" data-end=\"2645\">RcZone.ee bietet hochwertige und gepr\u00fcfte ferngesteuerte Modelle an. Unser <strong data-start=\"2508\" data-end=\"2556\">Suchiyu SCY-18104 PRO Aurora B\u00fcrstenloser Truck<\/strong> kombiniert Geschwindigkeit, Kraft und Ausdauer, um ein echtes RC-Erlebnis f\u00fcr jeden Enthusiasten zu bieten!<\/p>\n<hr data-start=\"2647\" data-end=\"2650\" \/>\n<p data-start=\"2652\" data-end=\"2722\"><strong data-start=\"2652\" data-end=\"2717\">RcZone.ee - Ihr zuverl\u00e4ssiger Partner in der Welt der RC-Abenteuer!<\/strong> \ud83c\udfc1<\/p>\n<p data-start=\"2652\" data-end=\"2722\"><img decoding=\"async\" class=\"alignnone wp-image-4588\" src=\"https:\/\/rczone.ee\/wp-content\/uploads\/2025\/09\/Hb0414017505c48319d87bba019bba9bcE-1.jpg\" alt=\"\" width=\"600\" height=\"600\" srcset=\"https:\/\/rczone.ee\/wp-content\/uploads\/2025\/09\/Hb0414017505c48319d87bba019bba9bcE-1.jpg 800w, https:\/\/rczone.ee\/wp-content\/uploads\/2025\/09\/Hb0414017505c48319d87bba019bba9bcE-1-400x400.jpg 400w, https:\/\/rczone.ee\/wp-content\/uploads\/2025\/09\/Hb0414017505c48319d87bba019bba9bcE-1-280x280.jpg 280w, https:\/\/rczone.ee\/wp-content\/uploads\/2025\/09\/Hb0414017505c48319d87bba019bba9bcE-1-768x768.jpg 768w, https:\/\/rczone.ee\/wp-content\/uploads\/2025\/09\/Hb0414017505c48319d87bba019bba9bcE-1-12x12.jpg 12w, https:\/\/rczone.ee\/wp-content\/uploads\/2025\/09\/Hb0414017505c48319d87bba019bba9bcE-1-450x450.jpg 450w, https:\/\/rczone.ee\/wp-content\/uploads\/2025\/09\/Hb0414017505c48319d87bba019bba9bcE-1-100x100.jpg 100w\" sizes=\"(max-width: 600px) 100vw, 600px\" \/> <img decoding=\"async\" class=\"alignnone wp-image-4587\" style=\"font-size: 14.4px;\" src=\"https:\/\/rczone.ee\/wp-content\/uploads\/2025\/09\/Ha612204ea7c5415cbb1c4a15dcca1c1e0-1.jpg\" alt=\"\" width=\"600\" height=\"601\" srcset=\"https:\/\/rczone.ee\/wp-content\/uploads\/2025\/09\/Ha612204ea7c5415cbb1c4a15dcca1c1e0-1.jpg 800w, https:\/\/rczone.ee\/wp-content\/uploads\/2025\/09\/Ha612204ea7c5415cbb1c4a15dcca1c1e0-1-400x400.jpg 400w, https:\/\/rczone.ee\/wp-content\/uploads\/2025\/09\/Ha612204ea7c5415cbb1c4a15dcca1c1e0-1-280x280.jpg 280w, https:\/\/rczone.ee\/wp-content\/uploads\/2025\/09\/Ha612204ea7c5415cbb1c4a15dcca1c1e0-1-768x769.jpg 768w, https:\/\/rczone.ee\/wp-content\/uploads\/2025\/09\/Ha612204ea7c5415cbb1c4a15dcca1c1e0-1-12x12.jpg 12w, https:\/\/rczone.ee\/wp-content\/uploads\/2025\/09\/Ha612204ea7c5415cbb1c4a15dcca1c1e0-1-450x450.jpg 450w, https:\/\/rczone.ee\/wp-content\/uploads\/2025\/09\/Ha612204ea7c5415cbb1c4a15dcca1c1e0-1-100x100.jpg 100w\" sizes=\"(max-width: 600px) 100vw, 600px\" \/><\/p>","protected":false},"excerpt":{"rendered":"<ul>\n<li style=\"line-height: 1; padding-top: 20px;\">Level: Experte<\/li>\n<li style=\"line-height: 1;\">Alter der Benutzer: 14+<\/li>\n<li style=\"line-height: 1;\">Kategorie: Truggy<\/li>\n<li style=\"line-height: 1;\">Ma\u00dfstab: 1:18<\/li>\n<li style=\"line-height: 1;\">Antriebsart: 4WD<\/li>\n<li style=\"line-height: 1;\">H\u00f6chstgeschwindigkeit: 50 km\/h<\/li>\n<li style=\"line-height: 1;\">Fertigstellung: Ready-To-Run<\/li>\n<li style=\"line-height: 1;\">Energie: Elektrizit\u00e4t<\/li>\n<\/ul>","protected":false},"featured_media":4433,"comment_status":"open","ping_status":"closed","template":"","meta":{"_monsterinsights_skip_tracking":false,"_monsterinsights_sitenote_active":false,"_monsterinsights_sitenote_note":"","_monsterinsights_sitenote_category":0},"fits_model":[],"product_brand":[],"product_cat":[33],"product_tag":[84,122],"woo-feed-brand":[],"class_list":{"0":"post-4432","1":"product","2":"type-product","3":"status-publish","4":"has-post-thumbnail","6":"product_cat-truggy","7":"product_tag-standard","8":"product_tag-liion74","10":"first","11":"instock","12":"taxable","13":"shipping-taxable","14":"purchasable","15":"product-type-simple"},"yoast_head":"<!-- This site is optimized with the Yoast SEO plugin v27.6 - https:\/\/yoast.com\/product\/yoast-seo-wordpress\/ -->\n<title>UUS! Suchiyu SCY-18104 PRO 4WD Aurora Brushless Truck - RC Zone | Raadio teel juhitavad autod<\/title>\n<meta name=\"robots\" content=\"index, follow, max-snippet:-1, max-image-preview:large, max-video-preview:-1\" \/>\n<link rel=\"canonical\" href=\"https:\/\/rczone.ee\/de\/product-2\/neu-suchiyu-scy-18104-pro-4wd-aurora-brushless-truck\/\" \/>\n<meta property=\"og:locale\" content=\"de_DE\" \/>\n<meta property=\"og:type\" content=\"article\" \/>\n<meta property=\"og:title\" content=\"UUS! Suchiyu SCY-18104 PRO 4WD Aurora Brushless Truck - RC Zone | Raadio teel juhitavad autod\" \/>\n<meta property=\"og:description\" content=\"Rate: Expert  Kasutaja vanuseklass: 14+  Kategooria: Truggy  Skaala: 1:18  Vedav sild: 4WD  Max kiirus: 50 km\/h  Komplekteeritus: Ready-To-Run  Energia: Elekter\" \/>\n<meta property=\"og:url\" content=\"https:\/\/rczone.ee\/de\/product-2\/neu-suchiyu-scy-18104-pro-4wd-aurora-brushless-truck\/\" \/>\n<meta property=\"og:site_name\" content=\"RC Zone | Raadio teel juhitavad autod\" \/>\n<meta property=\"article:publisher\" content=\"https:\/\/www.facebook.com\/rczone.ee\" \/>\n<meta property=\"article:modified_time\" content=\"2026-02-08T10:02:22+00:00\" \/>\n<meta property=\"og:image\" content=\"https:\/\/rczone.ee\/wp-content\/uploads\/2025\/09\/18104pro.jpg\" \/>\n\t<meta property=\"og:image:width\" content=\"800\" \/>\n\t<meta property=\"og:image:height\" content=\"800\" \/>\n\t<meta property=\"og:image:type\" content=\"image\/jpeg\" \/>\n<meta name=\"twitter:card\" content=\"summary_large_image\" \/>\n<meta name=\"twitter:label1\" content=\"Gesch\u00e4tzte Lesezeit\" \/>\n\t<meta name=\"twitter:data1\" content=\"3\u00a0Minuten\" \/>\n<script type=\"application\/ld+json\" class=\"yoast-schema-graph\">{\"@context\":\"https:\\\/\\\/schema.org\",\"@graph\":[{\"@type\":\"WebPage\",\"@id\":\"https:\\\/\\\/rczone.ee\\\/toode\\\/uus-suchiyu-scy-18104-pro-4wd-aurora-brushless-truck\\\/\",\"url\":\"https:\\\/\\\/rczone.ee\\\/toode\\\/uus-suchiyu-scy-18104-pro-4wd-aurora-brushless-truck\\\/\",\"name\":\"UUS! Suchiyu SCY-18104 PRO 4WD Aurora Brushless Truck - RC Zone | Raadio teel juhitavad autod\",\"isPartOf\":{\"@id\":\"https:\\\/\\\/rczone.ee\\\/#website\"},\"primaryImageOfPage\":{\"@id\":\"https:\\\/\\\/rczone.ee\\\/toode\\\/uus-suchiyu-scy-18104-pro-4wd-aurora-brushless-truck\\\/#primaryimage\"},\"image\":{\"@id\":\"https:\\\/\\\/rczone.ee\\\/toode\\\/uus-suchiyu-scy-18104-pro-4wd-aurora-brushless-truck\\\/#primaryimage\"},\"thumbnailUrl\":\"https:\\\/\\\/rczone.ee\\\/wp-content\\\/uploads\\\/2025\\\/09\\\/18104pro.jpg\",\"datePublished\":\"2025-09-18T17:58:30+00:00\",\"dateModified\":\"2026-02-08T10:02:22+00:00\",\"breadcrumb\":{\"@id\":\"https:\\\/\\\/rczone.ee\\\/toode\\\/uus-suchiyu-scy-18104-pro-4wd-aurora-brushless-truck\\\/#breadcrumb\"},\"inLanguage\":\"de\",\"potentialAction\":[{\"@type\":\"ReadAction\",\"target\":[\"https:\\\/\\\/rczone.ee\\\/toode\\\/uus-suchiyu-scy-18104-pro-4wd-aurora-brushless-truck\\\/\"]}]},{\"@type\":\"ImageObject\",\"inLanguage\":\"de\",\"@id\":\"https:\\\/\\\/rczone.ee\\\/toode\\\/uus-suchiyu-scy-18104-pro-4wd-aurora-brushless-truck\\\/#primaryimage\",\"url\":\"https:\\\/\\\/rczone.ee\\\/wp-content\\\/uploads\\\/2025\\\/09\\\/18104pro.jpg\",\"contentUrl\":\"https:\\\/\\\/rczone.ee\\\/wp-content\\\/uploads\\\/2025\\\/09\\\/18104pro.jpg\",\"width\":800,\"height\":800},{\"@type\":\"BreadcrumbList\",\"@id\":\"https:\\\/\\\/rczone.ee\\\/toode\\\/uus-suchiyu-scy-18104-pro-4wd-aurora-brushless-truck\\\/#breadcrumb\",\"itemListElement\":[{\"@type\":\"ListItem\",\"position\":1,\"name\":\"Home\",\"item\":\"https:\\\/\\\/rczone.ee\\\/\"},{\"@type\":\"ListItem\",\"position\":2,\"name\":\"Shop\",\"item\":\"https:\\\/\\\/rczone.ee\\\/shop\\\/\"},{\"@type\":\"ListItem\",\"position\":3,\"name\":\"UUS! Suchiyu SCY-18104 PRO 4WD Aurora Brushless Truck\"}]},{\"@type\":\"WebSite\",\"@id\":\"https:\\\/\\\/rczone.ee\\\/#website\",\"url\":\"https:\\\/\\\/rczone.ee\\\/\",\"name\":\"RcZone\",\"description\":\"RcZone - Raadio teel juhitavate autode veebipood. M&uuml;&uuml;me laia valikut kvaliteetseid ja v&otilde;imsaid RC-autosid. Kiire tarne ja konkurentsiv&otilde;imelised hinnad.\",\"publisher\":{\"@id\":\"https:\\\/\\\/rczone.ee\\\/#organization\"},\"potentialAction\":[{\"@type\":\"SearchAction\",\"target\":{\"@type\":\"EntryPoint\",\"urlTemplate\":\"https:\\\/\\\/rczone.ee\\\/?s={search_term_string}\"},\"query-input\":{\"@type\":\"PropertyValueSpecification\",\"valueRequired\":true,\"valueName\":\"search_term_string\"}}],\"inLanguage\":\"de\"},{\"@type\":\"Organization\",\"@id\":\"https:\\\/\\\/rczone.ee\\\/#organization\",\"name\":\"RcZone\",\"url\":\"https:\\\/\\\/rczone.ee\\\/\",\"logo\":{\"@type\":\"ImageObject\",\"inLanguage\":\"de\",\"@id\":\"https:\\\/\\\/rczone.ee\\\/#\\\/schema\\\/logo\\\/image\\\/\",\"url\":\"https:\\\/\\\/rczone.ee\\\/wp-content\\\/uploads\\\/2024\\\/01\\\/3D.png\",\"contentUrl\":\"https:\\\/\\\/rczone.ee\\\/wp-content\\\/uploads\\\/2024\\\/01\\\/3D.png\",\"width\":2080,\"height\":602,\"caption\":\"RcZone\"},\"image\":{\"@id\":\"https:\\\/\\\/rczone.ee\\\/#\\\/schema\\\/logo\\\/image\\\/\"},\"sameAs\":[\"https:\\\/\\\/www.facebook.com\\\/rczone.ee\"]}]}<\/script>\n<!-- \/ Yoast SEO plugin. -->","yoast_head_json":{"title":"NEU! Suchiyu SCY-18104 PRO 4WD Aurora Brushless Truck - RC Zone | Funkgesteuerte Autos","robots":{"index":"index","follow":"follow","max-snippet":"max-snippet:-1","max-image-preview":"max-image-preview:large","max-video-preview":"max-video-preview:-1"},"canonical":"https:\/\/rczone.ee\/de\/product-2\/neu-suchiyu-scy-18104-pro-4wd-aurora-brushless-truck\/","og_locale":"de_DE","og_type":"article","og_title":"UUS! Suchiyu SCY-18104 PRO 4WD Aurora Brushless Truck - RC Zone | Raadio teel juhitavad autod","og_description":"Rate: Expert  Kasutaja vanuseklass: 14+  Kategooria: Truggy  Skaala: 1:18  Vedav sild: 4WD  Max kiirus: 50 km\/h  Komplekteeritus: Ready-To-Run  Energia: Elekter","og_url":"https:\/\/rczone.ee\/de\/product-2\/neu-suchiyu-scy-18104-pro-4wd-aurora-brushless-truck\/","og_site_name":"RC Zone | Raadio teel juhitavad autod","article_publisher":"https:\/\/www.facebook.com\/rczone.ee","article_modified_time":"2026-02-08T10:02:22+00:00","og_image":[{"width":800,"height":800,"url":"https:\/\/rczone.ee\/wp-content\/uploads\/2025\/09\/18104pro.jpg","type":"image\/jpeg"}],"twitter_card":"summary_large_image","twitter_misc":{"Gesch\u00e4tzte Lesezeit":"3\u00a0Minuten"},"schema":{"@context":"https:\/\/schema.org","@graph":[{"@type":"WebPage","@id":"https:\/\/rczone.ee\/toode\/uus-suchiyu-scy-18104-pro-4wd-aurora-brushless-truck\/","url":"https:\/\/rczone.ee\/toode\/uus-suchiyu-scy-18104-pro-4wd-aurora-brushless-truck\/","name":"NEU! Suchiyu SCY-18104 PRO 4WD Aurora Brushless Truck - RC Zone | Funkgesteuerte Autos","isPartOf":{"@id":"https:\/\/rczone.ee\/#website"},"primaryImageOfPage":{"@id":"https:\/\/rczone.ee\/toode\/uus-suchiyu-scy-18104-pro-4wd-aurora-brushless-truck\/#primaryimage"},"image":{"@id":"https:\/\/rczone.ee\/toode\/uus-suchiyu-scy-18104-pro-4wd-aurora-brushless-truck\/#primaryimage"},"thumbnailUrl":"https:\/\/rczone.ee\/wp-content\/uploads\/2025\/09\/18104pro.jpg","datePublished":"2025-09-18T17:58:30+00:00","dateModified":"2026-02-08T10:02:22+00:00","breadcrumb":{"@id":"https:\/\/rczone.ee\/toode\/uus-suchiyu-scy-18104-pro-4wd-aurora-brushless-truck\/#breadcrumb"},"inLanguage":"de","potentialAction":[{"@type":"ReadAction","target":["https:\/\/rczone.ee\/toode\/uus-suchiyu-scy-18104-pro-4wd-aurora-brushless-truck\/"]}]},{"@type":"ImageObject","inLanguage":"de","@id":"https:\/\/rczone.ee\/toode\/uus-suchiyu-scy-18104-pro-4wd-aurora-brushless-truck\/#primaryimage","url":"https:\/\/rczone.ee\/wp-content\/uploads\/2025\/09\/18104pro.jpg","contentUrl":"https:\/\/rczone.ee\/wp-content\/uploads\/2025\/09\/18104pro.jpg","width":800,"height":800},{"@type":"BreadcrumbList","@id":"https:\/\/rczone.ee\/toode\/uus-suchiyu-scy-18104-pro-4wd-aurora-brushless-truck\/#breadcrumb","itemListElement":[{"@type":"ListItem","position":1,"name":"Home","item":"https:\/\/rczone.ee\/"},{"@type":"ListItem","position":2,"name":"Shop","item":"https:\/\/rczone.ee\/shop\/"},{"@type":"ListItem","position":3,"name":"UUS! Suchiyu SCY-18104 PRO 4WD Aurora Brushless Truck"}]},{"@type":"WebSite","@id":"https:\/\/rczone.ee\/#website","url":"https:\/\/rczone.ee\/","name":"RcZone","description":"RcZone - Online Shop f\u00fcr funkgesteuerte Autos. Wir verkaufen eine breite Palette von qualitativ hochwertigen und leistungsstarken RC-Autos. Schnelle Lieferung und g\u00fcnstige Preise.","publisher":{"@id":"https:\/\/rczone.ee\/#organization"},"potentialAction":[{"@type":"SearchAction","target":{"@type":"EntryPoint","urlTemplate":"https:\/\/rczone.ee\/?s={search_term_string}"},"query-input":{"@type":"PropertyValueSpecification","valueRequired":true,"valueName":"search_term_string"}}],"inLanguage":"de"},{"@type":"Organization","@id":"https:\/\/rczone.ee\/#organization","name":"RcZone","url":"https:\/\/rczone.ee\/","logo":{"@type":"ImageObject","inLanguage":"de","@id":"https:\/\/rczone.ee\/#\/schema\/logo\/image\/","url":"https:\/\/rczone.ee\/wp-content\/uploads\/2024\/01\/3D.png","contentUrl":"https:\/\/rczone.ee\/wp-content\/uploads\/2024\/01\/3D.png","width":2080,"height":602,"caption":"RcZone"},"image":{"@id":"https:\/\/rczone.ee\/#\/schema\/logo\/image\/"},"sameAs":["https:\/\/www.facebook.com\/rczone.ee"]}]}},"_links":{"self":[{"href":"https:\/\/rczone.ee\/de\/wp-json\/wp\/v2\/product\/4432","targetHints":{"allow":["GET"]}}],"collection":[{"href":"https:\/\/rczone.ee\/de\/wp-json\/wp\/v2\/product"}],"about":[{"href":"https:\/\/rczone.ee\/de\/wp-json\/wp\/v2\/types\/product"}],"replies":[{"embeddable":true,"href":"https:\/\/rczone.ee\/de\/wp-json\/wp\/v2\/comments?post=4432"}],"wp:featuredmedia":[{"embeddable":true,"href":"https:\/\/rczone.ee\/de\/wp-json\/wp\/v2\/media\/4433"}],"wp:attachment":[{"href":"https:\/\/rczone.ee\/de\/wp-json\/wp\/v2\/media?parent=4432"}],"wp:term":[{"taxonomy":"fits_model","embeddable":true,"href":"https:\/\/rczone.ee\/de\/wp-json\/wp\/v2\/fits_model?post=4432"},{"taxonomy":"product_brand","embeddable":true,"href":"https:\/\/rczone.ee\/de\/wp-json\/wp\/v2\/product_brand?post=4432"},{"taxonomy":"product_cat","embeddable":true,"href":"https:\/\/rczone.ee\/de\/wp-json\/wp\/v2\/product_cat?post=4432"},{"taxonomy":"product_tag","embeddable":true,"href":"https:\/\/rczone.ee\/de\/wp-json\/wp\/v2\/product_tag?post=4432"},{"taxonomy":"woo-feed-brand","embeddable":true,"href":"https:\/\/rczone.ee\/de\/wp-json\/wp\/v2\/woo-feed-brand?post=4432"}],"curies":[{"name":"wp","href":"https:\/\/api.w.org\/{rel}","templated":true}]}}