{"id":5057,"date":"2025-11-27T17:55:35","date_gmt":"2025-11-27T15:55:35","guid":{"rendered":"https:\/\/rczone.ee\/?post_type=product&#038;p=5057"},"modified":"2026-05-11T21:30:44","modified_gmt":"2026-05-11T18:30:44","slug":"maverick-rc-qbit-mt-flux-116-monster-truck","status":"publish","type":"product","link":"https:\/\/rczone.ee\/de\/toode\/maverick-rc-qbit-mt-flux-116-monster-truck\/","title":{"rendered":"NEU! Maverick RC Qbit MT Flux 1:16 Monster Truck"},"content":{"rendered":"<div id=\"text-3183132435\" class=\"text\">\n\t\t\n<h2>Die neue Maverick QBit-Serie ist jetzt erh\u00e4ltlich!<\/h2>\n\t\t\n<style>\n#text-3183132435 {\n  text-align: center;\n}\n<\/style>\n\t<\/div>\n\t\n<p>Sei bereit, die Landschaft zu erobern und bei Spr\u00fcngen zu dominieren!<\/p>\n<p>Dieser Monster Truck im Ma\u00dfstab 1:16 wurde f\u00fcr Fahrer entwickelt, die sich hohe Leistung in einem kompakten Paket w\u00fcnschen. Egal, ob Sie gerade erst die Welt der RC-Cars entdecken oder ein erfahrener Adrenalinjunkie sind, der auf der Suche nach ernstzunehmender, b\u00fcrstenloser Power ist \u2013 der QBit ist genau das Richtige f\u00fcr Sie.<\/p>\n<p>Das Auto verf\u00fcgt \u00fcber die Eigenschaften eines echten Monster Trucks: Allradantrieb, unabh\u00e4ngige Federung, Metallzahnr\u00e4der und \u00f6lgef\u00fcllte Sto\u00dfd\u00e4mpfer. Spritzwassergesch\u00fctzte Elektronik, leistungsstarke LED-Scheinwerfer und ein robustes Chassis halten auch h\u00e4rtesten Bedingungen stand.<\/p>\n\t<div class=\"img has-hover x md-x lg-x y md-y lg-y\" id=\"image_562846957\">\n\t\t\t\t\t\t\t\t<div class=\"img-inner dark\" >\n\t\t\t<img decoding=\"async\" width=\"1020\" height=\"358\" src=\"https:\/\/rczone.ee\/wp-content\/uploads\/2025\/11\/qbit_flux_header_red.png\" class=\"attachment-large size-large\" alt=\"\" srcset=\"https:\/\/rczone.ee\/wp-content\/uploads\/2025\/11\/qbit_flux_header_red.png 1300w, https:\/\/rczone.ee\/wp-content\/uploads\/2025\/11\/qbit_flux_header_red-800x281.png 800w, https:\/\/rczone.ee\/wp-content\/uploads\/2025\/11\/qbit_flux_header_red-768x269.png 768w, https:\/\/rczone.ee\/wp-content\/uploads\/2025\/11\/qbit_flux_header_red-18x6.png 18w, https:\/\/rczone.ee\/wp-content\/uploads\/2025\/11\/qbit_flux_header_red-900x316.png 900w\" sizes=\"(max-width: 1020px) 100vw, 1020px\" \/>\t\t\t\t\t\t\n\t\t\t\t\t<\/div>\n\t\t\t\t\t\t\t\t\n<style>\n#image_562846957 {\n  width: 100%;\n}\n<\/style>\n\t<\/div>\n\t\n\t<div id=\"gap-1579125092\" class=\"gap-element clearfix\" style=\"display:block; height:auto;\">\n\t\t\n<style>\n#gap-1579125092 {\n  padding-top: 30px;\n}\n<\/style>\n\t<\/div>\n\t\n<h3>Leistungsstark und schnell!<\/h3>\n<p>Der Qbit Flux ist mit einem b\u00fcrstenlosen 2845 3800KV-Motor ausgestattet, der dem Auto eine \u00fcberraschende Geschwindigkeit und Kraft verleiht. Das 4WD-Antriebssystem, Metallzahnr\u00e4der und \u00f6lgef\u00fcllte, einstellbare Sto\u00dfd\u00e4mpfer sorgen f\u00fcr eine reibungslose Fahrt und sichere Steuerung auch auf unebenem Untergrund.<\/p>\n<h3>Robust und bereit f\u00fcr Abenteuer<\/h3>\n<p>Dieser Monstertruck scheut weder Spr\u00fcnge noch Landungen! Der Maverick Qbit Flux ist auf Langlebigkeit ausgelegt:<\/p>\n<ul>\n<li>Stabiles Fahrgestell und \u00d6lbeh\u00e4lter aus Aluminium<\/li>\n<li>Metallische Differentiale vorne und hinten<\/li>\n<li>Stahl-Stirnrad und Antriebswellen<\/li>\n<li>Spritzwassergesch\u00fctzte Elektronik und LED-Leuchten f\u00fcr Fahrten bei D\u00e4mmerung oder N\u00e4sse<\/li>\n<\/ul>\n\t<div class=\"img has-hover x md-x lg-x y md-y lg-y\" id=\"image_1271819028\">\n\t\t\t\t\t\t\t\t<div class=\"img-inner dark\" >\n\t\t\t<img decoding=\"async\" width=\"1020\" height=\"708\" src=\"https:\/\/rczone.ee\/wp-content\/uploads\/2025\/11\/qbit_flux_red_chassis_callouts-1153x800.png\" class=\"attachment-large size-large\" alt=\"\" srcset=\"https:\/\/rczone.ee\/wp-content\/uploads\/2025\/11\/qbit_flux_red_chassis_callouts-1153x800.png 1153w, https:\/\/rczone.ee\/wp-content\/uploads\/2025\/11\/qbit_flux_red_chassis_callouts-576x400.png 576w, https:\/\/rczone.ee\/wp-content\/uploads\/2025\/11\/qbit_flux_red_chassis_callouts-768x533.png 768w, https:\/\/rczone.ee\/wp-content\/uploads\/2025\/11\/qbit_flux_red_chassis_callouts-18x12.png 18w, https:\/\/rczone.ee\/wp-content\/uploads\/2025\/11\/qbit_flux_red_chassis_callouts-900x624.png 900w, https:\/\/rczone.ee\/wp-content\/uploads\/2025\/11\/qbit_flux_red_chassis_callouts.png 1300w\" sizes=\"(max-width: 1020px) 100vw, 1020px\" \/>\t\t\t\t\t\t\n\t\t\t\t\t<\/div>\n\t\t\t\t\t\t\t\t\n<style>\n#image_1271819028 {\n  width: 100%;\n}\n<\/style>\n\t<\/div>\n\t\n\t<div id=\"gap-208386767\" class=\"gap-element clearfix\" style=\"display:block; height:auto;\">\n\t\t\n<style>\n#gap-208386767 {\n  padding-top: 30px;\n}\n<\/style>\n\t<\/div>\n\t\n<h2 style=\"text-align: center;\">Mehr Kontrolle. Mehr Ausdauer. Mehr intensiv verbrachte Zeit.<\/h2>\n\t<div class=\"img has-hover x md-x lg-x y md-y lg-y\" id=\"image_191508311\">\n\t\t\t\t\t\t\t\t<div class=\"img-inner dark\" >\n\t\t\t<img decoding=\"async\" width=\"1020\" height=\"472\" src=\"https:\/\/rczone.ee\/wp-content\/uploads\/2025\/11\/qbit_flux_green_rear_34_outside.png\" class=\"attachment-large size-large\" alt=\"\" srcset=\"https:\/\/rczone.ee\/wp-content\/uploads\/2025\/11\/qbit_flux_green_rear_34_outside.png 1300w, https:\/\/rczone.ee\/wp-content\/uploads\/2025\/11\/qbit_flux_green_rear_34_outside-800x370.png 800w, https:\/\/rczone.ee\/wp-content\/uploads\/2025\/11\/qbit_flux_green_rear_34_outside-768x355.png 768w, https:\/\/rczone.ee\/wp-content\/uploads\/2025\/11\/qbit_flux_green_rear_34_outside-18x8.png 18w, https:\/\/rczone.ee\/wp-content\/uploads\/2025\/11\/qbit_flux_green_rear_34_outside-900x416.png 900w\" sizes=\"(max-width: 1020px) 100vw, 1020px\" \/>\t\t\t\t\t\t\n\t\t\t\t\t<\/div>\n\t\t\t\t\t\t\t\t\n<style>\n#image_191508311 {\n  width: 100%;\n}\n<\/style>\n\t<\/div>\n\t\n\t<div id=\"gap-1634231142\" class=\"gap-element clearfix\" style=\"display:block; height:auto;\">\n\t\t\n<style>\n#gap-1634231142 {\n  padding-top: 30px;\n}\n<\/style>\n\t<\/div>\n\t\n<h3>Balance, Griffigkeit und Kontrolle!<\/h3>\n<p>Die mit \u00d6l gef\u00fcllten Sto\u00dfd\u00e4mpfer mit Gewindek\u00f6rper sorgen f\u00fcr eine sanfte Federung.<\/p>\n<p>Die Wartung ist dank der klammerlosen Radbefestigungen von QBit kinderleicht.<\/p>\n<p>Egal, ob Sie \u00fcber Unebenheiten fahren, Spr\u00fcnge machen oder mit Vollgas beschleunigen, die Hinterradaufh\u00e4ngung von QBit h\u00e4lt das Auto stabil.<\/p>\n\t<div class=\"img has-hover x md-x lg-x y md-y lg-y\" id=\"image_1563256977\">\n\t\t\t\t\t\t\t\t<div class=\"img-inner dark\" >\n\t\t\t<img decoding=\"async\" width=\"1020\" height=\"544\" src=\"https:\/\/rczone.ee\/wp-content\/uploads\/2025\/11\/qbit_flux_box.png\" class=\"attachment-large size-large\" alt=\"\" srcset=\"https:\/\/rczone.ee\/wp-content\/uploads\/2025\/11\/qbit_flux_box.png 1300w, https:\/\/rczone.ee\/wp-content\/uploads\/2025\/11\/qbit_flux_box-750x400.png 750w, https:\/\/rczone.ee\/wp-content\/uploads\/2025\/11\/qbit_flux_box-768x409.png 768w, https:\/\/rczone.ee\/wp-content\/uploads\/2025\/11\/qbit_flux_box-18x10.png 18w, https:\/\/rczone.ee\/wp-content\/uploads\/2025\/11\/qbit_flux_box-900x480.png 900w\" sizes=\"(max-width: 1020px) 100vw, 1020px\" \/>\t\t\t\t\t\t\n\t\t\t\t\t<\/div>\n\t\t\t\t\t\t\t\t\n<style>\n#image_1563256977 {\n  width: 100%;\n}\n<\/style>\n\t<\/div>\n\t\n<h3>Merkmale:<\/h3>\n<ul>\n<li>4WD Monster Truck<\/li>\n<li>Unabh\u00e4ngig <em>Doppelquerlenker<\/em> Federung<\/li>\n<li>Zahnradschutz \u2013 h\u00e4lt Schmutz vom Zahnrad fern<\/li>\n<li>Zweipunkt-Servo<\/li>\n<li>Spritzwassergesch\u00fctzte Elektronik<\/li>\n<li>LED-Leuchten vorne und hinten<\/li>\n<li>Aluminium-gef\u00fcllte, einstellbare Coilover-Sto\u00dfd\u00e4mpfer<\/li>\n<li>Sinterstahlgetriebe vorne und hinten<\/li>\n<li>Sinterstahlzahnr\u00e4der und Antriebswelle<\/li>\n<li>PVC-Geh\u00e4use<\/li>\n<li>MSC-4516-BL ESC<\/li>\n<li>2845 B\u00fcrstenmotor (3800KV)<\/li>\n<li>MRX-314 2,4 GHz 4-Kanal-Empf\u00e4nger und MTX-314 2,4 GHz 4-Kanal-Sender<\/li>\n<li>7,4 V 1600 mAh LiPo-Akku und 7,4 V USB-Ladeger\u00e4t<\/li>\n<\/ul>\n<h3>Abmessungen:<\/h3>\n<ul>\n<li>L\u00e4nge: 292 mm<\/li>\n<li>Breite: 225 mm<\/li>\n<li>H\u00f6he: 127 mm<\/li>\n<li>Achsabstand: 180 mm<\/li>\n<\/ul>\n<p>Zus\u00e4tzlich ben\u00f6tigst du 4 AA-Batterien f\u00fcr den Sender.<\/p>","protected":false},"excerpt":{"rendered":"<ul>\n<li style=\"line-height: 1; padding-top: 20px;\">Level: Pro<\/li>\n<li style=\"line-height: 1;\">Altersgruppe der Benutzer: 8-13<\/li>\n<li style=\"line-height: 1;\">Kategorie: Monstertruck<\/li>\n<li style=\"line-height: 1;\">Ma\u00dfstab: 1:16<\/li>\n<li style=\"line-height: 1;\">Antriebsart: 4WD<\/li>\n<li style=\"line-height: 1;\">Maximale Geschwindigkeit: 45 km\/h<\/li>\n<li style=\"line-height: 1;\">Fertigstellung: Ready-To-Run<\/li>\n<li style=\"line-height: 1;\">Energie: Elektrizit\u00e4t<\/li>\n<\/ul>","protected":false},"featured_media":5093,"comment_status":"open","ping_status":"closed","template":"","meta":{"_monsterinsights_skip_tracking":false,"_monsterinsights_sitenote_active":false,"_monsterinsights_sitenote_note":"","_monsterinsights_sitenote_category":0},"fits_model":[],"product_brand":[],"product_cat":[32],"product_tag":[122,84],"woo-feed-brand":[87],"class_list":{"0":"post-5057","1":"product","2":"type-product","3":"status-publish","4":"has-post-thumbnail","6":"product_cat-monster-truck","7":"product_tag-liion74","8":"product_tag-standard","9":"woo-feed-brand-maverick","11":"first","12":"instock","13":"taxable","14":"shipping-taxable","15":"purchasable","16":"product-type-variable","17":"has-default-attributes"},"yoast_head":"<!-- This site is optimized with the Yoast SEO plugin v27.6 - https:\/\/yoast.com\/product\/yoast-seo-wordpress\/ -->\n<title>UUS! Maverick RC Qbit MT Flux 1:16 Monster Truck - RC Zone | Raadio teel juhitavad autod<\/title>\n<meta name=\"robots\" content=\"index, follow, max-snippet:-1, max-image-preview:large, max-video-preview:-1\" \/>\n<link rel=\"canonical\" href=\"https:\/\/rczone.ee\/de\/product-2\/maverick-rc-qbit-mt-flux-116-monster-truck\/\" \/>\n<meta property=\"og:locale\" content=\"de_DE\" \/>\n<meta property=\"og:type\" content=\"article\" \/>\n<meta property=\"og:title\" content=\"UUS! Maverick RC Qbit MT Flux 1:16 Monster Truck - RC Zone | Raadio teel juhitavad autod\" \/>\n<meta property=\"og:description\" content=\"Rate: Pro  Kasutaja vanuseklass: 8-13  Kategooria: Monster Truck  Skaala: 1:16  Vedav sild: 4WD  Max kiirus: 45 km\/h  Komplekteeritus: Ready-To-Run  Energia: Elekter\" \/>\n<meta property=\"og:url\" content=\"https:\/\/rczone.ee\/de\/product-2\/maverick-rc-qbit-mt-flux-116-monster-truck\/\" \/>\n<meta property=\"og:site_name\" content=\"RC Zone | Raadio teel juhitavad autod\" \/>\n<meta property=\"article:publisher\" content=\"https:\/\/www.facebook.com\/rczone.ee\" \/>\n<meta property=\"article:modified_time\" content=\"2026-05-11T18:30:44+00:00\" \/>\n<meta property=\"og:image\" content=\"https:\/\/rczone.ee\/wp-content\/uploads\/2025\/11\/151006_01_full.jpg\" \/>\n\t<meta property=\"og:image:width\" content=\"800\" \/>\n\t<meta property=\"og:image:height\" content=\"800\" \/>\n\t<meta property=\"og:image:type\" content=\"image\/jpeg\" \/>\n<meta name=\"twitter:card\" content=\"summary_large_image\" \/>\n<meta name=\"twitter:label1\" content=\"Gesch\u00e4tzte Lesezeit\" \/>\n\t<meta name=\"twitter:data1\" content=\"2\u00a0Minuten\" \/>\n<script type=\"application\/ld+json\" class=\"yoast-schema-graph\">{\"@context\":\"https:\\\/\\\/schema.org\",\"@graph\":[{\"@type\":\"WebPage\",\"@id\":\"https:\\\/\\\/rczone.ee\\\/toode\\\/maverick-rc-qbit-mt-flux-116-monster-truck\\\/\",\"url\":\"https:\\\/\\\/rczone.ee\\\/toode\\\/maverick-rc-qbit-mt-flux-116-monster-truck\\\/\",\"name\":\"UUS! Maverick RC Qbit MT Flux 1:16 Monster Truck - RC Zone | Raadio teel juhitavad autod\",\"isPartOf\":{\"@id\":\"https:\\\/\\\/rczone.ee\\\/#website\"},\"primaryImageOfPage\":{\"@id\":\"https:\\\/\\\/rczone.ee\\\/toode\\\/maverick-rc-qbit-mt-flux-116-monster-truck\\\/#primaryimage\"},\"image\":{\"@id\":\"https:\\\/\\\/rczone.ee\\\/toode\\\/maverick-rc-qbit-mt-flux-116-monster-truck\\\/#primaryimage\"},\"thumbnailUrl\":\"https:\\\/\\\/rczone.ee\\\/wp-content\\\/uploads\\\/2025\\\/11\\\/151006_01_full.jpg\",\"datePublished\":\"2025-11-27T15:55:35+00:00\",\"dateModified\":\"2026-05-11T18:30:44+00:00\",\"breadcrumb\":{\"@id\":\"https:\\\/\\\/rczone.ee\\\/toode\\\/maverick-rc-qbit-mt-flux-116-monster-truck\\\/#breadcrumb\"},\"inLanguage\":\"de\",\"potentialAction\":[{\"@type\":\"ReadAction\",\"target\":[\"https:\\\/\\\/rczone.ee\\\/toode\\\/maverick-rc-qbit-mt-flux-116-monster-truck\\\/\"]}]},{\"@type\":\"ImageObject\",\"inLanguage\":\"de\",\"@id\":\"https:\\\/\\\/rczone.ee\\\/toode\\\/maverick-rc-qbit-mt-flux-116-monster-truck\\\/#primaryimage\",\"url\":\"https:\\\/\\\/rczone.ee\\\/wp-content\\\/uploads\\\/2025\\\/11\\\/151006_01_full.jpg\",\"contentUrl\":\"https:\\\/\\\/rczone.ee\\\/wp-content\\\/uploads\\\/2025\\\/11\\\/151006_01_full.jpg\",\"width\":800,\"height\":800},{\"@type\":\"BreadcrumbList\",\"@id\":\"https:\\\/\\\/rczone.ee\\\/toode\\\/maverick-rc-qbit-mt-flux-116-monster-truck\\\/#breadcrumb\",\"itemListElement\":[{\"@type\":\"ListItem\",\"position\":1,\"name\":\"Home\",\"item\":\"https:\\\/\\\/rczone.ee\\\/\"},{\"@type\":\"ListItem\",\"position\":2,\"name\":\"Shop\",\"item\":\"https:\\\/\\\/rczone.ee\\\/shop\\\/\"},{\"@type\":\"ListItem\",\"position\":3,\"name\":\"UUS! Maverick RC Qbit MT Flux 1:16 Monster Truck\"}]},{\"@type\":\"WebSite\",\"@id\":\"https:\\\/\\\/rczone.ee\\\/#website\",\"url\":\"https:\\\/\\\/rczone.ee\\\/\",\"name\":\"RcZone\",\"description\":\"RcZone - Raadio teel juhitavate autode veebipood. M&uuml;&uuml;me laia valikut kvaliteetseid ja v&otilde;imsaid RC-autosid. Kiire tarne ja konkurentsiv&otilde;imelised hinnad.\",\"publisher\":{\"@id\":\"https:\\\/\\\/rczone.ee\\\/#organization\"},\"potentialAction\":[{\"@type\":\"SearchAction\",\"target\":{\"@type\":\"EntryPoint\",\"urlTemplate\":\"https:\\\/\\\/rczone.ee\\\/?s={search_term_string}\"},\"query-input\":{\"@type\":\"PropertyValueSpecification\",\"valueRequired\":true,\"valueName\":\"search_term_string\"}}],\"inLanguage\":\"de\"},{\"@type\":\"Organization\",\"@id\":\"https:\\\/\\\/rczone.ee\\\/#organization\",\"name\":\"RcZone\",\"url\":\"https:\\\/\\\/rczone.ee\\\/\",\"logo\":{\"@type\":\"ImageObject\",\"inLanguage\":\"de\",\"@id\":\"https:\\\/\\\/rczone.ee\\\/#\\\/schema\\\/logo\\\/image\\\/\",\"url\":\"https:\\\/\\\/rczone.ee\\\/wp-content\\\/uploads\\\/2024\\\/01\\\/3D.png\",\"contentUrl\":\"https:\\\/\\\/rczone.ee\\\/wp-content\\\/uploads\\\/2024\\\/01\\\/3D.png\",\"width\":2080,\"height\":602,\"caption\":\"RcZone\"},\"image\":{\"@id\":\"https:\\\/\\\/rczone.ee\\\/#\\\/schema\\\/logo\\\/image\\\/\"},\"sameAs\":[\"https:\\\/\\\/www.facebook.com\\\/rczone.ee\"]}]}<\/script>\n<!-- \/ Yoast SEO plugin. -->","yoast_head_json":{"title":"NEU! Maverick RC Qbit MT Flux 1:16 Monster Truck - RC Zone | Ferngesteuerte Autos","robots":{"index":"index","follow":"follow","max-snippet":"max-snippet:-1","max-image-preview":"max-image-preview:large","max-video-preview":"max-video-preview:-1"},"canonical":"https:\/\/rczone.ee\/de\/product-2\/maverick-rc-qbit-mt-flux-116-monster-truck\/","og_locale":"de_DE","og_type":"article","og_title":"UUS! Maverick RC Qbit MT Flux 1:16 Monster Truck - RC Zone | Raadio teel juhitavad autod","og_description":"Rate: Pro  Kasutaja vanuseklass: 8-13  Kategooria: Monster Truck  Skaala: 1:16  Vedav sild: 4WD  Max kiirus: 45 km\/h  Komplekteeritus: Ready-To-Run  Energia: Elekter","og_url":"https:\/\/rczone.ee\/de\/product-2\/maverick-rc-qbit-mt-flux-116-monster-truck\/","og_site_name":"RC Zone | Raadio teel juhitavad autod","article_publisher":"https:\/\/www.facebook.com\/rczone.ee","article_modified_time":"2026-05-11T18:30:44+00:00","og_image":[{"width":800,"height":800,"url":"https:\/\/rczone.ee\/wp-content\/uploads\/2025\/11\/151006_01_full.jpg","type":"image\/jpeg"}],"twitter_card":"summary_large_image","twitter_misc":{"Gesch\u00e4tzte Lesezeit":"2\u00a0Minuten"},"schema":{"@context":"https:\/\/schema.org","@graph":[{"@type":"WebPage","@id":"https:\/\/rczone.ee\/toode\/maverick-rc-qbit-mt-flux-116-monster-truck\/","url":"https:\/\/rczone.ee\/toode\/maverick-rc-qbit-mt-flux-116-monster-truck\/","name":"NEU! Maverick RC Qbit MT Flux 1:16 Monster Truck - RC Zone | Ferngesteuerte Autos","isPartOf":{"@id":"https:\/\/rczone.ee\/#website"},"primaryImageOfPage":{"@id":"https:\/\/rczone.ee\/toode\/maverick-rc-qbit-mt-flux-116-monster-truck\/#primaryimage"},"image":{"@id":"https:\/\/rczone.ee\/toode\/maverick-rc-qbit-mt-flux-116-monster-truck\/#primaryimage"},"thumbnailUrl":"https:\/\/rczone.ee\/wp-content\/uploads\/2025\/11\/151006_01_full.jpg","datePublished":"2025-11-27T15:55:35+00:00","dateModified":"2026-05-11T18:30:44+00:00","breadcrumb":{"@id":"https:\/\/rczone.ee\/toode\/maverick-rc-qbit-mt-flux-116-monster-truck\/#breadcrumb"},"inLanguage":"de","potentialAction":[{"@type":"ReadAction","target":["https:\/\/rczone.ee\/toode\/maverick-rc-qbit-mt-flux-116-monster-truck\/"]}]},{"@type":"ImageObject","inLanguage":"de","@id":"https:\/\/rczone.ee\/toode\/maverick-rc-qbit-mt-flux-116-monster-truck\/#primaryimage","url":"https:\/\/rczone.ee\/wp-content\/uploads\/2025\/11\/151006_01_full.jpg","contentUrl":"https:\/\/rczone.ee\/wp-content\/uploads\/2025\/11\/151006_01_full.jpg","width":800,"height":800},{"@type":"BreadcrumbList","@id":"https:\/\/rczone.ee\/toode\/maverick-rc-qbit-mt-flux-116-monster-truck\/#breadcrumb","itemListElement":[{"@type":"ListItem","position":1,"name":"Home","item":"https:\/\/rczone.ee\/"},{"@type":"ListItem","position":2,"name":"Shop","item":"https:\/\/rczone.ee\/shop\/"},{"@type":"ListItem","position":3,"name":"UUS! Maverick RC Qbit MT Flux 1:16 Monster Truck"}]},{"@type":"WebSite","@id":"https:\/\/rczone.ee\/#website","url":"https:\/\/rczone.ee\/","name":"RcZone","description":"RcZone - Online Shop f\u00fcr funkgesteuerte Autos. Wir verkaufen eine breite Palette von qualitativ hochwertigen und leistungsstarken RC-Autos. Schnelle Lieferung und g\u00fcnstige Preise.","publisher":{"@id":"https:\/\/rczone.ee\/#organization"},"potentialAction":[{"@type":"SearchAction","target":{"@type":"EntryPoint","urlTemplate":"https:\/\/rczone.ee\/?s={search_term_string}"},"query-input":{"@type":"PropertyValueSpecification","valueRequired":true,"valueName":"search_term_string"}}],"inLanguage":"de"},{"@type":"Organization","@id":"https:\/\/rczone.ee\/#organization","name":"RcZone","url":"https:\/\/rczone.ee\/","logo":{"@type":"ImageObject","inLanguage":"de","@id":"https:\/\/rczone.ee\/#\/schema\/logo\/image\/","url":"https:\/\/rczone.ee\/wp-content\/uploads\/2024\/01\/3D.png","contentUrl":"https:\/\/rczone.ee\/wp-content\/uploads\/2024\/01\/3D.png","width":2080,"height":602,"caption":"RcZone"},"image":{"@id":"https:\/\/rczone.ee\/#\/schema\/logo\/image\/"},"sameAs":["https:\/\/www.facebook.com\/rczone.ee"]}]}},"_links":{"self":[{"href":"https:\/\/rczone.ee\/de\/wp-json\/wp\/v2\/product\/5057","targetHints":{"allow":["GET"]}}],"collection":[{"href":"https:\/\/rczone.ee\/de\/wp-json\/wp\/v2\/product"}],"about":[{"href":"https:\/\/rczone.ee\/de\/wp-json\/wp\/v2\/types\/product"}],"replies":[{"embeddable":true,"href":"https:\/\/rczone.ee\/de\/wp-json\/wp\/v2\/comments?post=5057"}],"wp:featuredmedia":[{"embeddable":true,"href":"https:\/\/rczone.ee\/de\/wp-json\/wp\/v2\/media\/5093"}],"wp:attachment":[{"href":"https:\/\/rczone.ee\/de\/wp-json\/wp\/v2\/media?parent=5057"}],"wp:term":[{"taxonomy":"fits_model","embeddable":true,"href":"https:\/\/rczone.ee\/de\/wp-json\/wp\/v2\/fits_model?post=5057"},{"taxonomy":"product_brand","embeddable":true,"href":"https:\/\/rczone.ee\/de\/wp-json\/wp\/v2\/product_brand?post=5057"},{"taxonomy":"product_cat","embeddable":true,"href":"https:\/\/rczone.ee\/de\/wp-json\/wp\/v2\/product_cat?post=5057"},{"taxonomy":"product_tag","embeddable":true,"href":"https:\/\/rczone.ee\/de\/wp-json\/wp\/v2\/product_tag?post=5057"},{"taxonomy":"woo-feed-brand","embeddable":true,"href":"https:\/\/rczone.ee\/de\/wp-json\/wp\/v2\/woo-feed-brand?post=5057"}],"curies":[{"name":"wp","href":"https:\/\/api.w.org\/{rel}","templated":true}]}}