{"id":5565,"date":"2026-01-11T16:21:13","date_gmt":"2026-01-11T14:21:13","guid":{"rendered":"https:\/\/rczone.ee\/?post_type=product&#038;p=5565"},"modified":"2026-01-11T16:26:35","modified_gmt":"2026-01-11T14:26:35","slug":"baseus-usb-c-usb-c-pd2-0-60w-geflochtenes-kabel-1m","status":"publish","type":"product","link":"https:\/\/rczone.ee\/de\/toode\/baseus-usb-c-usb-c-pd2-0-60w-poimitud-kaabel-1m\/","title":{"rendered":"Baseus USB-C - USB-C PD2.0 60W geflochtenes Kabel, 1M"},"content":{"rendered":"<div class=\"flex max-w-full flex-col flex-grow\">\n<div class=\"min-h-8 text-message flex w-full flex-col items-end gap-2 whitespace-normal break-words [.text-message+&amp;]:mt-5\" dir=\"auto\" data-message-author-role=\"assistant\" data-message-id=\"5df43c3f-0fce-4180-884f-652b6a83d940\">\n<div class=\"flex w-full flex-col gap-1 empty:hidden first:pt-[3px]\">\n<div class=\"markdown prose w-full break-words dark:prose-invert light\">\n<h1 data-start=\"386\" data-end=\"472\"><strong>PD CERTIFIED Baseus Cafule kaabel<\/strong><\/h1>\n<ul>\n<li>Vastupidav\u00a0<strong>USB-C PD \/ USB-C PD kaabel<\/strong> nailonpunutisega<\/li>\n<li><strong>\u00dclikiire laadimine<\/strong>\u00a0&#8211;\u00a0<strong>Power Delivery 2.0<\/strong>\u00a0ja\u00a0<strong>Quick Charge 3.0<\/strong>\u00a0tugi t\u00f5eliselt \u00fclikiireks laadimiseks.<\/li>\n<li><strong>Ka s\u00fclearvutite jaoks<\/strong>\u00a0&#8211; t\u00e4nu USB-C PD-pordile saad\u00a0<strong>laadida oma s\u00fclearvutit v\u00f5i s\u00fclearvutit<\/strong> (sh <strong>MacBooki<\/strong>). Tagab sama laadimiskiiruse kui originaallalaadimisseade.<\/li>\n<li><strong>Tugevdatud liigend<\/strong>\u00a0&#8211;\u00a0<strong>T\u00e4iendava liigendi tugevdusega<\/strong>\u00a0lisatarvik sai\u00a0<strong>t\u00f5eliselt vastupidava disaini<\/strong>.<\/li>\n<li><strong>Faili edastamine sekundiga<\/strong>\u00a0&#8211; \u00dclekandekiirusega umbes\u00a0<strong>480 Mbp\/s<\/strong>\u00a0saate edastada\u00a0<strong>1G faili 30 sekundiga<\/strong>. Samuti\u00a0<strong>h\u00f5lbustab<\/strong>\u00a0kaabli tehnoloogia\u00a0<strong>suurte failide edastamist<\/strong>.<\/li>\n<li><strong>Nailonpunutis<\/strong>\u00a0&#8211; Elastne n\u00f6\u00f6r oli punutud\u00a0<strong>tugevast ja vastupidavast nailonist<\/strong>. K\u00f5rge elastsus,\u00a0<strong>paindumiskindlus ja m\u00f5nus puutetundlikkus<\/strong>.<\/li>\n<li><strong>Alumiinium pistiku kest<\/strong>\u00a0&#8211; Kvaliteetne alumiiniumsulamist pistiku korpus, mis on\u00a0<strong>vastupidav nii oks\u00fcdeerumisele kui ka korrosioonile<\/strong>.<\/li>\n<li><strong>Mugav velcro<\/strong>\u00a0&#8211; T\u00e4nu lihtsale ja praktilisele velcrole v\u00f5ite \u00f6elda h\u00fcvasti segastele juhtmetele.\u00a0<strong>Lihtsustab hoiustamist ja v\u00e4ldib s\u00f5lme<\/strong>.<\/li>\n<\/ul>\n<p><strong>Spetsifikatsioon:<\/strong><\/p>\n<ul>\n<li>Br\u00e4nd: Baseus<\/li>\n<li>Pistikud: USB-C PD \/ USB-C PD<\/li>\n<li>Materjal: Alumiinium + TPE + nailon<\/li>\n<li>Pikkus: 1M<\/li>\n<li>Funktsioonid: Laadimine \/ andmeedastus<\/li>\n<li>\u00dchilduvus: USB-C pordiga seadmed<\/li>\n<\/ul>\n<\/div>\n<\/div>\n<\/div>\n<\/div>\n","protected":false},"excerpt":{"rendered":"<p>PD CERTIFIED Baseus Cafule kaabel Vastupidav\u00a0USB-C PD \/ USB-C PD kaabel nailonpunutisega \u00dclikiire laadimine\u00a0&#8211;\u00a0Power Delivery 2.0\u00a0ja\u00a0Quick Charge 3.0\u00a0tugi t\u00f5eliselt \u00fclikiireks laadimiseks. Ka s\u00fclearvutite jaoks\u00a0&#8211; t\u00e4nu USB-C PD-pordile saad\u00a0laadida oma s\u00fclearvutit v\u00f5i s\u00fclearvutit (sh MacBooki). Tagab sama laadimiskiiruse kui originaallalaadimisseade. Tugevdatud liigend\u00a0&#8211;\u00a0T\u00e4iendava liigendi tugevdusega\u00a0lisatarvik sai\u00a0t\u00f5eliselt vastupidava disaini. Faili edastamine sekundiga\u00a0&#8211; \u00dclekandekiirusega umbes\u00a0480 Mbp\/s\u00a0saate edastada\u00a01G faili 30 [&#8230;]\n","protected":false},"featured_media":5566,"comment_status":"open","ping_status":"closed","template":"","meta":{"_monsterinsights_skip_tracking":false,"_monsterinsights_sitenote_active":false,"_monsterinsights_sitenote_note":"","_monsterinsights_sitenote_category":0},"fits_model":[],"product_brand":[],"product_cat":[68],"product_tag":[84],"woo-feed-brand":[],"class_list":{"0":"post-5565","1":"product","2":"type-product","3":"status-publish","4":"has-post-thumbnail","6":"product_cat-laadijad","7":"product_tag-standard","9":"first","10":"instock","11":"taxable","12":"shipping-taxable","13":"purchasable","14":"product-type-simple"},"yoast_head":"<!-- This site is optimized with the Yoast SEO plugin v27.3 - https:\/\/yoast.com\/product\/yoast-seo-wordpress\/ -->\n<title>Baseus USB-C - USB-C PD2.0 60W p\u00f5imitud kaabel, 1M - RC Zone | Raadio teel juhitavad autod<\/title>\n<meta name=\"robots\" content=\"index, follow, max-snippet:-1, max-image-preview:large, max-video-preview:-1\" \/>\n<link rel=\"canonical\" href=\"https:\/\/rczone.ee\/de\/product-2\/baseus-usb-c-usb-c-pd2-0-60w-geflochtenes-kabel-1m\/\" \/>\n<meta property=\"og:locale\" content=\"de_DE\" \/>\n<meta property=\"og:type\" content=\"article\" \/>\n<meta property=\"og:title\" content=\"Baseus USB-C - USB-C PD2.0 60W p\u00f5imitud kaabel, 1M - RC Zone | Raadio teel juhitavad autod\" \/>\n<meta property=\"og:description\" content=\"PD CERTIFIED Baseus Cafule kaabel Vastupidav\u00a0USB-C PD \/ USB-C PD kaabel nailonpunutisega \u00dclikiire laadimine\u00a0&#8211;\u00a0Power Delivery 2.0\u00a0ja\u00a0Quick Charge 3.0\u00a0tugi t\u00f5eliselt \u00fclikiireks laadimiseks. Ka s\u00fclearvutite jaoks\u00a0&#8211; t\u00e4nu USB-C PD-pordile saad\u00a0laadida oma s\u00fclearvutit v\u00f5i s\u00fclearvutit (sh MacBooki). Tagab sama laadimiskiiruse kui originaallalaadimisseade. Tugevdatud liigend\u00a0&#8211;\u00a0T\u00e4iendava liigendi tugevdusega\u00a0lisatarvik sai\u00a0t\u00f5eliselt vastupidava disaini. Faili edastamine sekundiga\u00a0&#8211; \u00dclekandekiirusega umbes\u00a0480 Mbp\/s\u00a0saate edastada\u00a01G faili 30 [...]\" \/>\n<meta property=\"og:url\" content=\"https:\/\/rczone.ee\/de\/product-2\/baseus-usb-c-usb-c-pd2-0-60w-geflochtenes-kabel-1m\/\" \/>\n<meta property=\"og:site_name\" content=\"RC Zone | Raadio teel juhitavad autod\" \/>\n<meta property=\"article:publisher\" content=\"https:\/\/www.facebook.com\/rczone.ee\" \/>\n<meta property=\"article:modified_time\" content=\"2026-01-11T14:26:35+00:00\" \/>\n<meta property=\"og:image\" content=\"https:\/\/rczone.ee\/wp-content\/uploads\/2026\/01\/display.jpg\" \/>\n\t<meta property=\"og:image:width\" content=\"800\" \/>\n\t<meta property=\"og:image:height\" content=\"800\" \/>\n\t<meta property=\"og:image:type\" content=\"image\/jpeg\" \/>\n<meta name=\"twitter:card\" content=\"summary_large_image\" \/>\n<meta name=\"twitter:label1\" content=\"Gesch\u00e4tzte Lesezeit\" \/>\n\t<meta name=\"twitter:data1\" content=\"1\u00a0Minute\" \/>\n<script type=\"application\/ld+json\" class=\"yoast-schema-graph\">{\"@context\":\"https:\\\/\\\/schema.org\",\"@graph\":[{\"@type\":\"WebPage\",\"@id\":\"https:\\\/\\\/rczone.ee\\\/toode\\\/baseus-usb-c-usb-c-pd2-0-60w-poimitud-kaabel-1m\\\/\",\"url\":\"https:\\\/\\\/rczone.ee\\\/toode\\\/baseus-usb-c-usb-c-pd2-0-60w-poimitud-kaabel-1m\\\/\",\"name\":\"Baseus USB-C - USB-C PD2.0 60W p\u00f5imitud kaabel, 1M - RC Zone | Raadio teel juhitavad autod\",\"isPartOf\":{\"@id\":\"https:\\\/\\\/rczone.ee\\\/#website\"},\"primaryImageOfPage\":{\"@id\":\"https:\\\/\\\/rczone.ee\\\/toode\\\/baseus-usb-c-usb-c-pd2-0-60w-poimitud-kaabel-1m\\\/#primaryimage\"},\"image\":{\"@id\":\"https:\\\/\\\/rczone.ee\\\/toode\\\/baseus-usb-c-usb-c-pd2-0-60w-poimitud-kaabel-1m\\\/#primaryimage\"},\"thumbnailUrl\":\"https:\\\/\\\/rczone.ee\\\/wp-content\\\/uploads\\\/2026\\\/01\\\/display.jpg\",\"datePublished\":\"2026-01-11T14:21:13+00:00\",\"dateModified\":\"2026-01-11T14:26:35+00:00\",\"breadcrumb\":{\"@id\":\"https:\\\/\\\/rczone.ee\\\/toode\\\/baseus-usb-c-usb-c-pd2-0-60w-poimitud-kaabel-1m\\\/#breadcrumb\"},\"inLanguage\":\"de\",\"potentialAction\":[{\"@type\":\"ReadAction\",\"target\":[\"https:\\\/\\\/rczone.ee\\\/toode\\\/baseus-usb-c-usb-c-pd2-0-60w-poimitud-kaabel-1m\\\/\"]}]},{\"@type\":\"ImageObject\",\"inLanguage\":\"de\",\"@id\":\"https:\\\/\\\/rczone.ee\\\/toode\\\/baseus-usb-c-usb-c-pd2-0-60w-poimitud-kaabel-1m\\\/#primaryimage\",\"url\":\"https:\\\/\\\/rczone.ee\\\/wp-content\\\/uploads\\\/2026\\\/01\\\/display.jpg\",\"contentUrl\":\"https:\\\/\\\/rczone.ee\\\/wp-content\\\/uploads\\\/2026\\\/01\\\/display.jpg\",\"width\":800,\"height\":800},{\"@type\":\"BreadcrumbList\",\"@id\":\"https:\\\/\\\/rczone.ee\\\/toode\\\/baseus-usb-c-usb-c-pd2-0-60w-poimitud-kaabel-1m\\\/#breadcrumb\",\"itemListElement\":[{\"@type\":\"ListItem\",\"position\":1,\"name\":\"Home\",\"item\":\"https:\\\/\\\/rczone.ee\\\/\"},{\"@type\":\"ListItem\",\"position\":2,\"name\":\"Shop\",\"item\":\"https:\\\/\\\/rczone.ee\\\/shop\\\/\"},{\"@type\":\"ListItem\",\"position\":3,\"name\":\"Baseus USB-C &#8211; USB-C PD2.0 60W p\u00f5imitud kaabel, 1M\"}]},{\"@type\":\"WebSite\",\"@id\":\"https:\\\/\\\/rczone.ee\\\/#website\",\"url\":\"https:\\\/\\\/rczone.ee\\\/\",\"name\":\"RcZone\",\"description\":\"RcZone - Raadio teel juhitavate autode veebipood. M&uuml;&uuml;me laia valikut kvaliteetseid ja v&otilde;imsaid RC-autosid. Kiire tarne ja konkurentsiv&otilde;imelised hinnad.\",\"publisher\":{\"@id\":\"https:\\\/\\\/rczone.ee\\\/#organization\"},\"potentialAction\":[{\"@type\":\"SearchAction\",\"target\":{\"@type\":\"EntryPoint\",\"urlTemplate\":\"https:\\\/\\\/rczone.ee\\\/?s={search_term_string}\"},\"query-input\":{\"@type\":\"PropertyValueSpecification\",\"valueRequired\":true,\"valueName\":\"search_term_string\"}}],\"inLanguage\":\"de\"},{\"@type\":\"Organization\",\"@id\":\"https:\\\/\\\/rczone.ee\\\/#organization\",\"name\":\"RcZone\",\"url\":\"https:\\\/\\\/rczone.ee\\\/\",\"logo\":{\"@type\":\"ImageObject\",\"inLanguage\":\"de\",\"@id\":\"https:\\\/\\\/rczone.ee\\\/#\\\/schema\\\/logo\\\/image\\\/\",\"url\":\"https:\\\/\\\/rczone.ee\\\/wp-content\\\/uploads\\\/2024\\\/01\\\/3D.png\",\"contentUrl\":\"https:\\\/\\\/rczone.ee\\\/wp-content\\\/uploads\\\/2024\\\/01\\\/3D.png\",\"width\":2080,\"height\":602,\"caption\":\"RcZone\"},\"image\":{\"@id\":\"https:\\\/\\\/rczone.ee\\\/#\\\/schema\\\/logo\\\/image\\\/\"},\"sameAs\":[\"https:\\\/\\\/www.facebook.com\\\/rczone.ee\"]}]}<\/script>\n<!-- \/ Yoast SEO plugin. -->","yoast_head_json":{"title":"Baseus USB-C zu USB-C PD2.0 60W geflochtenes Kabel, 1M - RC Zone | Funkgesteuerte Fahrzeuge","robots":{"index":"index","follow":"follow","max-snippet":"max-snippet:-1","max-image-preview":"max-image-preview:large","max-video-preview":"max-video-preview:-1"},"canonical":"https:\/\/rczone.ee\/de\/product-2\/baseus-usb-c-usb-c-pd2-0-60w-geflochtenes-kabel-1m\/","og_locale":"de_DE","og_type":"article","og_title":"Baseus USB-C - USB-C PD2.0 60W p\u00f5imitud kaabel, 1M - RC Zone | Raadio teel juhitavad autod","og_description":"PD CERTIFIED Baseus Cafule kaabel Vastupidav\u00a0USB-C PD \/ USB-C PD kaabel nailonpunutisega \u00dclikiire laadimine\u00a0&#8211;\u00a0Power Delivery 2.0\u00a0ja\u00a0Quick Charge 3.0\u00a0tugi t\u00f5eliselt \u00fclikiireks laadimiseks. Ka s\u00fclearvutite jaoks\u00a0&#8211; t\u00e4nu USB-C PD-pordile saad\u00a0laadida oma s\u00fclearvutit v\u00f5i s\u00fclearvutit (sh MacBooki). Tagab sama laadimiskiiruse kui originaallalaadimisseade. Tugevdatud liigend\u00a0&#8211;\u00a0T\u00e4iendava liigendi tugevdusega\u00a0lisatarvik sai\u00a0t\u00f5eliselt vastupidava disaini. Faili edastamine sekundiga\u00a0&#8211; \u00dclekandekiirusega umbes\u00a0480 Mbp\/s\u00a0saate edastada\u00a01G faili 30 [...]","og_url":"https:\/\/rczone.ee\/de\/product-2\/baseus-usb-c-usb-c-pd2-0-60w-geflochtenes-kabel-1m\/","og_site_name":"RC Zone | Raadio teel juhitavad autod","article_publisher":"https:\/\/www.facebook.com\/rczone.ee","article_modified_time":"2026-01-11T14:26:35+00:00","og_image":[{"width":800,"height":800,"url":"https:\/\/rczone.ee\/wp-content\/uploads\/2026\/01\/display.jpg","type":"image\/jpeg"}],"twitter_card":"summary_large_image","twitter_misc":{"Gesch\u00e4tzte Lesezeit":"1\u00a0Minute"},"schema":{"@context":"https:\/\/schema.org","@graph":[{"@type":"WebPage","@id":"https:\/\/rczone.ee\/toode\/baseus-usb-c-usb-c-pd2-0-60w-poimitud-kaabel-1m\/","url":"https:\/\/rczone.ee\/toode\/baseus-usb-c-usb-c-pd2-0-60w-poimitud-kaabel-1m\/","name":"Baseus USB-C zu USB-C PD2.0 60W geflochtenes Kabel, 1M - RC Zone | Funkgesteuerte Fahrzeuge","isPartOf":{"@id":"https:\/\/rczone.ee\/#website"},"primaryImageOfPage":{"@id":"https:\/\/rczone.ee\/toode\/baseus-usb-c-usb-c-pd2-0-60w-poimitud-kaabel-1m\/#primaryimage"},"image":{"@id":"https:\/\/rczone.ee\/toode\/baseus-usb-c-usb-c-pd2-0-60w-poimitud-kaabel-1m\/#primaryimage"},"thumbnailUrl":"https:\/\/rczone.ee\/wp-content\/uploads\/2026\/01\/display.jpg","datePublished":"2026-01-11T14:21:13+00:00","dateModified":"2026-01-11T14:26:35+00:00","breadcrumb":{"@id":"https:\/\/rczone.ee\/toode\/baseus-usb-c-usb-c-pd2-0-60w-poimitud-kaabel-1m\/#breadcrumb"},"inLanguage":"de","potentialAction":[{"@type":"ReadAction","target":["https:\/\/rczone.ee\/toode\/baseus-usb-c-usb-c-pd2-0-60w-poimitud-kaabel-1m\/"]}]},{"@type":"ImageObject","inLanguage":"de","@id":"https:\/\/rczone.ee\/toode\/baseus-usb-c-usb-c-pd2-0-60w-poimitud-kaabel-1m\/#primaryimage","url":"https:\/\/rczone.ee\/wp-content\/uploads\/2026\/01\/display.jpg","contentUrl":"https:\/\/rczone.ee\/wp-content\/uploads\/2026\/01\/display.jpg","width":800,"height":800},{"@type":"BreadcrumbList","@id":"https:\/\/rczone.ee\/toode\/baseus-usb-c-usb-c-pd2-0-60w-poimitud-kaabel-1m\/#breadcrumb","itemListElement":[{"@type":"ListItem","position":1,"name":"Home","item":"https:\/\/rczone.ee\/"},{"@type":"ListItem","position":2,"name":"Shop","item":"https:\/\/rczone.ee\/shop\/"},{"@type":"ListItem","position":3,"name":"Baseus USB-C &#8211; USB-C PD2.0 60W p\u00f5imitud kaabel, 1M"}]},{"@type":"WebSite","@id":"https:\/\/rczone.ee\/#website","url":"https:\/\/rczone.ee\/","name":"RcZone","description":"RcZone - Online Shop f\u00fcr funkgesteuerte Autos. Wir verkaufen eine breite Palette von qualitativ hochwertigen und leistungsstarken RC-Autos. Schnelle Lieferung und g\u00fcnstige Preise.","publisher":{"@id":"https:\/\/rczone.ee\/#organization"},"potentialAction":[{"@type":"SearchAction","target":{"@type":"EntryPoint","urlTemplate":"https:\/\/rczone.ee\/?s={search_term_string}"},"query-input":{"@type":"PropertyValueSpecification","valueRequired":true,"valueName":"search_term_string"}}],"inLanguage":"de"},{"@type":"Organization","@id":"https:\/\/rczone.ee\/#organization","name":"RcZone","url":"https:\/\/rczone.ee\/","logo":{"@type":"ImageObject","inLanguage":"de","@id":"https:\/\/rczone.ee\/#\/schema\/logo\/image\/","url":"https:\/\/rczone.ee\/wp-content\/uploads\/2024\/01\/3D.png","contentUrl":"https:\/\/rczone.ee\/wp-content\/uploads\/2024\/01\/3D.png","width":2080,"height":602,"caption":"RcZone"},"image":{"@id":"https:\/\/rczone.ee\/#\/schema\/logo\/image\/"},"sameAs":["https:\/\/www.facebook.com\/rczone.ee"]}]}},"_links":{"self":[{"href":"https:\/\/rczone.ee\/de\/wp-json\/wp\/v2\/product\/5565","targetHints":{"allow":["GET"]}}],"collection":[{"href":"https:\/\/rczone.ee\/de\/wp-json\/wp\/v2\/product"}],"about":[{"href":"https:\/\/rczone.ee\/de\/wp-json\/wp\/v2\/types\/product"}],"replies":[{"embeddable":true,"href":"https:\/\/rczone.ee\/de\/wp-json\/wp\/v2\/comments?post=5565"}],"wp:featuredmedia":[{"embeddable":true,"href":"https:\/\/rczone.ee\/de\/wp-json\/wp\/v2\/media\/5566"}],"wp:attachment":[{"href":"https:\/\/rczone.ee\/de\/wp-json\/wp\/v2\/media?parent=5565"}],"wp:term":[{"taxonomy":"fits_model","embeddable":true,"href":"https:\/\/rczone.ee\/de\/wp-json\/wp\/v2\/fits_model?post=5565"},{"taxonomy":"product_brand","embeddable":true,"href":"https:\/\/rczone.ee\/de\/wp-json\/wp\/v2\/product_brand?post=5565"},{"taxonomy":"product_cat","embeddable":true,"href":"https:\/\/rczone.ee\/de\/wp-json\/wp\/v2\/product_cat?post=5565"},{"taxonomy":"product_tag","embeddable":true,"href":"https:\/\/rczone.ee\/de\/wp-json\/wp\/v2\/product_tag?post=5565"},{"taxonomy":"woo-feed-brand","embeddable":true,"href":"https:\/\/rczone.ee\/de\/wp-json\/wp\/v2\/woo-feed-brand?post=5565"}],"curies":[{"name":"wp","href":"https:\/\/api.w.org\/{rel}","templated":true}]}}