{"id":5569,"date":"2026-01-11T16:32:08","date_gmt":"2026-01-11T14:32:08","guid":{"rendered":"https:\/\/rczone.ee\/?post_type=product&#038;p=5569"},"modified":"2026-01-11T17:43:16","modified_gmt":"2026-01-11T15:43:16","slug":"baseus-schnelles-ladegerat-gan6-pro-65w-2xusb-a-2xusb-c-qc-pd-mit-usb-c-kabel-1m","status":"publish","type":"product","link":"https:\/\/rczone.ee\/de\/toode\/baseus-kiirlaadija-gan6-pro-65w-2xusb-a-2xusb-c-qc-pd-koos-usb-c-kaabliga-1m\/","title":{"rendered":"Baseus Schnellladeger\u00e4t GaN6 Pro 65W 2xUSB-A + 2xUSB-C QC PD mit USB-C Kabel 1m"},"content":{"rendered":"<h1><strong>BASEUS Wand-Schnellladeger\u00e4t GaN6 Pro 65W<\/strong><\/h1>\n<div>\n<p>Ein schnelles und leistungsstarkes wandmontierbares Ladeger\u00e4t f\u00fcr Ihre Handys, Tablets und andere USB-C- und USB-A-Ger\u00e4te.<\/p>\n<\/div>\n<p><strong>FEATURES<\/strong><\/p>\n<p>-\u00a0<strong>\u00dcberladen Sie Ihren Workflow -\u00a0<\/strong>USB-C-Schnellladung mit einem Anschluss (65 W)<br \/>\n-\u00a0<strong>Ein starker Kern -\u00a0<\/strong>GaN6-Technologie bietet ein au\u00dfergew\u00f6hnliches Ladeerlebnis in Bezug auf Ladeleistung und Komfort<br \/>\n-\u00a0<strong>Allt\u00e4glicher Sicherheitsdienst -\u00a0<\/strong>Ausgestattet mit einer Reihe von Schutzvorrichtungen wie \u00dcberspannung, \u00dcberstrom, \u00dcberspannung, Kurzschluss, Kurzschluss, Temperatur und viele mehr.<br \/>\n-\u00a0<strong>Universelle Kompatibilit\u00e4t -\u00a0<\/strong>Kompatibel mit einer Vielzahl von Ger\u00e4ten wie Apple, Samsung, Google-Telefonen, AirPods, Switch, iPad, iWatch und mehr.<br \/>\n-\u00a0<strong>Bleiben Sie k\u00fchl und kalt\u00a0<\/strong>- BCT und Glue-Fill Cooling Technology sorgen f\u00fcr niedrigere Ladetemperaturen beim Schnellladen.<br \/>\n-\u00a0<strong>Effizientere gleichzeitige Aufladung -\u00a0<\/strong>Automatische Leistungs-, Spannungs- und Stromausgangsregulierung beim gleichzeitigen Laden mehrerer Ger\u00e4te.<\/p>\n<p><strong>SPEZIFIKATIONEN<\/strong><\/p>\n<p>Eingang: AC 100-240V~, 50\/60Hz, 1,5A Max.<br \/>\nUSB-C1\/USB-C2 Ausgang: 5.0V\u23933.0A (15.0W); 9.0V\u23933.0A (27.0W); 12.0V\u23933.0A (36.0W); 15.0V\u23933.0A (45.0W); 20.0V\u23933.25A (65.0W) Max.<br \/>\nUSB1 Ausgang: 5.0V\u23933.0A (15.0W); 9.0V\u23933.0A\uff0827.0W); 12.0V\u23932.5A (30.0W); 20.0V\u23931.5A (30.0W) Max.<br \/>\nUSB2-Ausgang: 5,0V\u23931,0A 5,0W Max.<br \/>\nUSB1+USB2-Ausgang: 30,0 W+5,0 W Max.<br \/>\nUSB-C1+USB1 Ausgang: 45.0W+18.0W Max.<br \/>\nUSB-C1+USB-C2 Ausgang: 45.0W+20.0W Max.<br \/>\nUSB-C2+USB1 Ausgang: 5.0V\u23933.0A 15.0W Max.<br \/>\nUSB-C1\/USB-C2+USB2 Ausgang: 60.0W+5.0W Max.<br \/>\nUSB-C1+(USB-C2+USB1)-Ausgang: 45,0W+15,0W Maximale Leistungsaufnahme.<br \/>\nUSB-C1+USB-C2+USB2 Ausgang: 45.0W+20.0W+5.0W Max.<br \/>\nUSB2+(USB-C2+USB1)-Ausgang: 5,0W+15,0W Maximale Leistungsaufnahme.<br \/>\nUSB-C1+(USB-C2+USB1)+USB2 Gesamtleistung: 45,0W+15,0W+5,0W Max.<\/p>\n<p>&nbsp;<\/p>\n<p><img decoding=\"async\" src=\"https:\/\/www.lemona.lt\/Files\/Instrukcijos\/Aprasymai_Img\/686e65ed328dd\/686e65ed328e0.jpg\" width=\"80%\" \/><img decoding=\"async\" src=\"https:\/\/www.lemona.lt\/Files\/Instrukcijos\/Aprasymai_Img\/686e65ede45b8\/686e65ede45bb.jpg\" width=\"80%\" \/><img decoding=\"async\" src=\"https:\/\/www.lemona.lt\/Files\/Instrukcijos\/Aprasymai_Img\/686e65ee8d38d\/686e65ee8d390.jpg\" width=\"80%\" \/><img decoding=\"async\" src=\"https:\/\/www.lemona.lt\/Files\/Instrukcijos\/Aprasymai_Img\/686e65ef36b27\/686e65ef36b2a.jpg\" width=\"80%\" \/><img decoding=\"async\" src=\"https:\/\/www.lemona.lt\/Files\/Instrukcijos\/Aprasymai_Img\/686e65efa4f30\/686e65efa4f33.jpg\" width=\"80%\" \/><img decoding=\"async\" src=\"https:\/\/www.lemona.lt\/Files\/Instrukcijos\/Aprasymai_Img\/686e65f01e6bd\/686e65f01e6bf.jpg\" width=\"80%\" \/><img decoding=\"async\" src=\"https:\/\/www.lemona.lt\/Files\/Instrukcijos\/Aprasymai_Img\/686e65f0bbe5e\/686e65f0bbe61.jpg\" width=\"80%\" \/><img decoding=\"async\" src=\"https:\/\/www.lemona.lt\/Files\/Instrukcijos\/Aprasymai_Img\/686e65f13500c\/686e65f13500f.jpg\" width=\"80%\" \/><img decoding=\"async\" src=\"https:\/\/www.lemona.lt\/Files\/Instrukcijos\/Aprasymai_Img\/686e65f19fb87\/686e65f19fb89.jpg\" width=\"80%\" \/><img decoding=\"async\" src=\"https:\/\/www.lemona.lt\/Files\/Instrukcijos\/Aprasymai_Img\/686e65f217d19\/686e65f217d1e.jpg\" width=\"80%\" \/><\/p>\n<p>&nbsp;<\/p>","protected":false},"excerpt":{"rendered":"<p>BASEUS Wall Fast Charger GaN6 Pro 65W Kiire ja v\u00f5imas seinale paigaldatav laadija teie mobiiltelefonidele, tahvelarvutitele ja muudele USB-C ja USB-A seadmetele. OMADUSED &#8211;\u00a0Supercharge Your Workflow &#8211;\u00a0USB-C \u00fcheportiline 65W kiirlaadimine &#8211;\u00a0V\u00f5imas tuum &#8211;\u00a0GaN6 tehnoloogia pakub erakordset laadimiskogemust laadimise j\u00f5udluse ja mugavuse osas &#8211;\u00a0Igap\u00e4evane turvahoidja &#8211;\u00a0Varustatud mitmete kaitsevahenditega, nagu \u00fclepinge, \u00fclev\u00f5imsus, \u00fclevool, l\u00fchis, l\u00fchis, temperatuur ja [&#8230;]\n","protected":false},"featured_media":5572,"comment_status":"open","ping_status":"closed","template":"","meta":{"_monsterinsights_skip_tracking":false,"_monsterinsights_sitenote_active":false,"_monsterinsights_sitenote_note":"","_monsterinsights_sitenote_category":0},"fits_model":[],"product_brand":[],"product_cat":[68],"product_tag":[84],"woo-feed-brand":[],"class_list":{"0":"post-5569","1":"product","2":"type-product","3":"status-publish","4":"has-post-thumbnail","6":"product_cat-laadijad","7":"product_tag-standard","9":"first","10":"instock","11":"taxable","12":"shipping-taxable","13":"purchasable","14":"product-type-simple"},"yoast_head":"<!-- This site is optimized with the Yoast SEO plugin v27.4 - https:\/\/yoast.com\/product\/yoast-seo-wordpress\/ -->\n<title>Baseus kiirlaadija GaN6 Pro 65W 2xUSB-A + 2xUSB-C QC PD koos USB-C kaabliga 1m - RC Zone | Raadio teel juhitavad autod<\/title>\n<meta name=\"robots\" content=\"index, follow, max-snippet:-1, max-image-preview:large, max-video-preview:-1\" \/>\n<link rel=\"canonical\" href=\"https:\/\/rczone.ee\/de\/product-2\/baseus-schnelles-ladegerat-gan6-pro-65w-2xusb-a-2xusb-c-qc-pd-mit-usb-c-kabel-1m\/\" \/>\n<meta property=\"og:locale\" content=\"de_DE\" \/>\n<meta property=\"og:type\" content=\"article\" \/>\n<meta property=\"og:title\" content=\"Baseus kiirlaadija GaN6 Pro 65W 2xUSB-A + 2xUSB-C QC PD koos USB-C kaabliga 1m - RC Zone | Raadio teel juhitavad autod\" \/>\n<meta property=\"og:description\" content=\"BASEUS Wall Fast Charger GaN6 Pro 65W Kiire ja v\u00f5imas seinale paigaldatav laadija teie mobiiltelefonidele, tahvelarvutitele ja muudele USB-C ja USB-A seadmetele. OMADUSED &#8211;\u00a0Supercharge Your Workflow &#8211;\u00a0USB-C \u00fcheportiline 65W kiirlaadimine &#8211;\u00a0V\u00f5imas tuum &#8211;\u00a0GaN6 tehnoloogia pakub erakordset laadimiskogemust laadimise j\u00f5udluse ja mugavuse osas &#8211;\u00a0Igap\u00e4evane turvahoidja &#8211;\u00a0Varustatud mitmete kaitsevahenditega, nagu \u00fclepinge, \u00fclev\u00f5imsus, \u00fclevool, l\u00fchis, l\u00fchis, temperatuur ja [...]\" \/>\n<meta property=\"og:url\" content=\"https:\/\/rczone.ee\/de\/product-2\/baseus-schnelles-ladegerat-gan6-pro-65w-2xusb-a-2xusb-c-qc-pd-mit-usb-c-kabel-1m\/\" \/>\n<meta property=\"og:site_name\" content=\"RC Zone | Raadio teel juhitavad autod\" \/>\n<meta property=\"article:publisher\" content=\"https:\/\/www.facebook.com\/rczone.ee\" \/>\n<meta property=\"article:modified_time\" content=\"2026-01-11T15:43:16+00:00\" \/>\n<meta property=\"og:image\" content=\"https:\/\/rczone.ee\/wp-content\/uploads\/2026\/01\/display-3.jpg\" \/>\n\t<meta property=\"og:image:width\" content=\"800\" \/>\n\t<meta property=\"og:image:height\" content=\"1000\" \/>\n\t<meta property=\"og:image:type\" content=\"image\/jpeg\" \/>\n<meta name=\"twitter:card\" content=\"summary_large_image\" \/>\n<meta name=\"twitter:label1\" content=\"Gesch\u00e4tzte Lesezeit\" \/>\n\t<meta name=\"twitter:data1\" content=\"4\u00a0Minuten\" \/>\n<script type=\"application\/ld+json\" class=\"yoast-schema-graph\">{\"@context\":\"https:\\\/\\\/schema.org\",\"@graph\":[{\"@type\":\"WebPage\",\"@id\":\"https:\\\/\\\/rczone.ee\\\/toode\\\/baseus-kiirlaadija-gan6-pro-65w-2xusb-a-2xusb-c-qc-pd-koos-usb-c-kaabliga-1m\\\/\",\"url\":\"https:\\\/\\\/rczone.ee\\\/toode\\\/baseus-kiirlaadija-gan6-pro-65w-2xusb-a-2xusb-c-qc-pd-koos-usb-c-kaabliga-1m\\\/\",\"name\":\"Baseus kiirlaadija GaN6 Pro 65W 2xUSB-A + 2xUSB-C QC PD koos USB-C kaabliga 1m - RC Zone | Raadio teel juhitavad autod\",\"isPartOf\":{\"@id\":\"https:\\\/\\\/rczone.ee\\\/#website\"},\"primaryImageOfPage\":{\"@id\":\"https:\\\/\\\/rczone.ee\\\/toode\\\/baseus-kiirlaadija-gan6-pro-65w-2xusb-a-2xusb-c-qc-pd-koos-usb-c-kaabliga-1m\\\/#primaryimage\"},\"image\":{\"@id\":\"https:\\\/\\\/rczone.ee\\\/toode\\\/baseus-kiirlaadija-gan6-pro-65w-2xusb-a-2xusb-c-qc-pd-koos-usb-c-kaabliga-1m\\\/#primaryimage\"},\"thumbnailUrl\":\"https:\\\/\\\/rczone.ee\\\/wp-content\\\/uploads\\\/2026\\\/01\\\/display-3.jpg\",\"datePublished\":\"2026-01-11T14:32:08+00:00\",\"dateModified\":\"2026-01-11T15:43:16+00:00\",\"breadcrumb\":{\"@id\":\"https:\\\/\\\/rczone.ee\\\/toode\\\/baseus-kiirlaadija-gan6-pro-65w-2xusb-a-2xusb-c-qc-pd-koos-usb-c-kaabliga-1m\\\/#breadcrumb\"},\"inLanguage\":\"de\",\"potentialAction\":[{\"@type\":\"ReadAction\",\"target\":[\"https:\\\/\\\/rczone.ee\\\/toode\\\/baseus-kiirlaadija-gan6-pro-65w-2xusb-a-2xusb-c-qc-pd-koos-usb-c-kaabliga-1m\\\/\"]}]},{\"@type\":\"ImageObject\",\"inLanguage\":\"de\",\"@id\":\"https:\\\/\\\/rczone.ee\\\/toode\\\/baseus-kiirlaadija-gan6-pro-65w-2xusb-a-2xusb-c-qc-pd-koos-usb-c-kaabliga-1m\\\/#primaryimage\",\"url\":\"https:\\\/\\\/rczone.ee\\\/wp-content\\\/uploads\\\/2026\\\/01\\\/display-3.jpg\",\"contentUrl\":\"https:\\\/\\\/rczone.ee\\\/wp-content\\\/uploads\\\/2026\\\/01\\\/display-3.jpg\",\"width\":800,\"height\":1000},{\"@type\":\"BreadcrumbList\",\"@id\":\"https:\\\/\\\/rczone.ee\\\/toode\\\/baseus-kiirlaadija-gan6-pro-65w-2xusb-a-2xusb-c-qc-pd-koos-usb-c-kaabliga-1m\\\/#breadcrumb\",\"itemListElement\":[{\"@type\":\"ListItem\",\"position\":1,\"name\":\"Home\",\"item\":\"https:\\\/\\\/rczone.ee\\\/\"},{\"@type\":\"ListItem\",\"position\":2,\"name\":\"Shop\",\"item\":\"https:\\\/\\\/rczone.ee\\\/shop\\\/\"},{\"@type\":\"ListItem\",\"position\":3,\"name\":\"Baseus kiirlaadija GaN6 Pro 65W 2xUSB-A + 2xUSB-C QC PD koos USB-C kaabliga 1m\"}]},{\"@type\":\"WebSite\",\"@id\":\"https:\\\/\\\/rczone.ee\\\/#website\",\"url\":\"https:\\\/\\\/rczone.ee\\\/\",\"name\":\"RcZone\",\"description\":\"RcZone - Raadio teel juhitavate autode veebipood. M&uuml;&uuml;me laia valikut kvaliteetseid ja v&otilde;imsaid RC-autosid. Kiire tarne ja konkurentsiv&otilde;imelised hinnad.\",\"publisher\":{\"@id\":\"https:\\\/\\\/rczone.ee\\\/#organization\"},\"potentialAction\":[{\"@type\":\"SearchAction\",\"target\":{\"@type\":\"EntryPoint\",\"urlTemplate\":\"https:\\\/\\\/rczone.ee\\\/?s={search_term_string}\"},\"query-input\":{\"@type\":\"PropertyValueSpecification\",\"valueRequired\":true,\"valueName\":\"search_term_string\"}}],\"inLanguage\":\"de\"},{\"@type\":\"Organization\",\"@id\":\"https:\\\/\\\/rczone.ee\\\/#organization\",\"name\":\"RcZone\",\"url\":\"https:\\\/\\\/rczone.ee\\\/\",\"logo\":{\"@type\":\"ImageObject\",\"inLanguage\":\"de\",\"@id\":\"https:\\\/\\\/rczone.ee\\\/#\\\/schema\\\/logo\\\/image\\\/\",\"url\":\"https:\\\/\\\/rczone.ee\\\/wp-content\\\/uploads\\\/2024\\\/01\\\/3D.png\",\"contentUrl\":\"https:\\\/\\\/rczone.ee\\\/wp-content\\\/uploads\\\/2024\\\/01\\\/3D.png\",\"width\":2080,\"height\":602,\"caption\":\"RcZone\"},\"image\":{\"@id\":\"https:\\\/\\\/rczone.ee\\\/#\\\/schema\\\/logo\\\/image\\\/\"},\"sameAs\":[\"https:\\\/\\\/www.facebook.com\\\/rczone.ee\"]}]}<\/script>\n<!-- \/ Yoast SEO plugin. -->","yoast_head_json":{"title":"Baseus GaN6 Pro 65W 2xUSB-A + 2xUSB-C QC PD mit USB-C Kabel 1m - RC Zone | Funkgesteuerte Fahrzeuge","robots":{"index":"index","follow":"follow","max-snippet":"max-snippet:-1","max-image-preview":"max-image-preview:large","max-video-preview":"max-video-preview:-1"},"canonical":"https:\/\/rczone.ee\/de\/product-2\/baseus-schnelles-ladegerat-gan6-pro-65w-2xusb-a-2xusb-c-qc-pd-mit-usb-c-kabel-1m\/","og_locale":"de_DE","og_type":"article","og_title":"Baseus kiirlaadija GaN6 Pro 65W 2xUSB-A + 2xUSB-C QC PD koos USB-C kaabliga 1m - RC Zone | Raadio teel juhitavad autod","og_description":"BASEUS Wall Fast Charger GaN6 Pro 65W Kiire ja v\u00f5imas seinale paigaldatav laadija teie mobiiltelefonidele, tahvelarvutitele ja muudele USB-C ja USB-A seadmetele. OMADUSED &#8211;\u00a0Supercharge Your Workflow &#8211;\u00a0USB-C \u00fcheportiline 65W kiirlaadimine &#8211;\u00a0V\u00f5imas tuum &#8211;\u00a0GaN6 tehnoloogia pakub erakordset laadimiskogemust laadimise j\u00f5udluse ja mugavuse osas &#8211;\u00a0Igap\u00e4evane turvahoidja &#8211;\u00a0Varustatud mitmete kaitsevahenditega, nagu \u00fclepinge, \u00fclev\u00f5imsus, \u00fclevool, l\u00fchis, l\u00fchis, temperatuur ja [...]","og_url":"https:\/\/rczone.ee\/de\/product-2\/baseus-schnelles-ladegerat-gan6-pro-65w-2xusb-a-2xusb-c-qc-pd-mit-usb-c-kabel-1m\/","og_site_name":"RC Zone | Raadio teel juhitavad autod","article_publisher":"https:\/\/www.facebook.com\/rczone.ee","article_modified_time":"2026-01-11T15:43:16+00:00","og_image":[{"width":800,"height":1000,"url":"https:\/\/rczone.ee\/wp-content\/uploads\/2026\/01\/display-3.jpg","type":"image\/jpeg"}],"twitter_card":"summary_large_image","twitter_misc":{"Gesch\u00e4tzte Lesezeit":"4\u00a0Minuten"},"schema":{"@context":"https:\/\/schema.org","@graph":[{"@type":"WebPage","@id":"https:\/\/rczone.ee\/toode\/baseus-kiirlaadija-gan6-pro-65w-2xusb-a-2xusb-c-qc-pd-koos-usb-c-kaabliga-1m\/","url":"https:\/\/rczone.ee\/toode\/baseus-kiirlaadija-gan6-pro-65w-2xusb-a-2xusb-c-qc-pd-koos-usb-c-kaabliga-1m\/","name":"Baseus GaN6 Pro 65W 2xUSB-A + 2xUSB-C QC PD mit USB-C Kabel 1m - RC Zone | Funkgesteuerte Fahrzeuge","isPartOf":{"@id":"https:\/\/rczone.ee\/#website"},"primaryImageOfPage":{"@id":"https:\/\/rczone.ee\/toode\/baseus-kiirlaadija-gan6-pro-65w-2xusb-a-2xusb-c-qc-pd-koos-usb-c-kaabliga-1m\/#primaryimage"},"image":{"@id":"https:\/\/rczone.ee\/toode\/baseus-kiirlaadija-gan6-pro-65w-2xusb-a-2xusb-c-qc-pd-koos-usb-c-kaabliga-1m\/#primaryimage"},"thumbnailUrl":"https:\/\/rczone.ee\/wp-content\/uploads\/2026\/01\/display-3.jpg","datePublished":"2026-01-11T14:32:08+00:00","dateModified":"2026-01-11T15:43:16+00:00","breadcrumb":{"@id":"https:\/\/rczone.ee\/toode\/baseus-kiirlaadija-gan6-pro-65w-2xusb-a-2xusb-c-qc-pd-koos-usb-c-kaabliga-1m\/#breadcrumb"},"inLanguage":"de","potentialAction":[{"@type":"ReadAction","target":["https:\/\/rczone.ee\/toode\/baseus-kiirlaadija-gan6-pro-65w-2xusb-a-2xusb-c-qc-pd-koos-usb-c-kaabliga-1m\/"]}]},{"@type":"ImageObject","inLanguage":"de","@id":"https:\/\/rczone.ee\/toode\/baseus-kiirlaadija-gan6-pro-65w-2xusb-a-2xusb-c-qc-pd-koos-usb-c-kaabliga-1m\/#primaryimage","url":"https:\/\/rczone.ee\/wp-content\/uploads\/2026\/01\/display-3.jpg","contentUrl":"https:\/\/rczone.ee\/wp-content\/uploads\/2026\/01\/display-3.jpg","width":800,"height":1000},{"@type":"BreadcrumbList","@id":"https:\/\/rczone.ee\/toode\/baseus-kiirlaadija-gan6-pro-65w-2xusb-a-2xusb-c-qc-pd-koos-usb-c-kaabliga-1m\/#breadcrumb","itemListElement":[{"@type":"ListItem","position":1,"name":"Home","item":"https:\/\/rczone.ee\/"},{"@type":"ListItem","position":2,"name":"Shop","item":"https:\/\/rczone.ee\/shop\/"},{"@type":"ListItem","position":3,"name":"Baseus kiirlaadija GaN6 Pro 65W 2xUSB-A + 2xUSB-C QC PD koos USB-C kaabliga 1m"}]},{"@type":"WebSite","@id":"https:\/\/rczone.ee\/#website","url":"https:\/\/rczone.ee\/","name":"RcZone","description":"RcZone - Online Shop f\u00fcr funkgesteuerte Autos. Wir verkaufen eine breite Palette von qualitativ hochwertigen und leistungsstarken RC-Autos. Schnelle Lieferung und g\u00fcnstige Preise.","publisher":{"@id":"https:\/\/rczone.ee\/#organization"},"potentialAction":[{"@type":"SearchAction","target":{"@type":"EntryPoint","urlTemplate":"https:\/\/rczone.ee\/?s={search_term_string}"},"query-input":{"@type":"PropertyValueSpecification","valueRequired":true,"valueName":"search_term_string"}}],"inLanguage":"de"},{"@type":"Organization","@id":"https:\/\/rczone.ee\/#organization","name":"RcZone","url":"https:\/\/rczone.ee\/","logo":{"@type":"ImageObject","inLanguage":"de","@id":"https:\/\/rczone.ee\/#\/schema\/logo\/image\/","url":"https:\/\/rczone.ee\/wp-content\/uploads\/2024\/01\/3D.png","contentUrl":"https:\/\/rczone.ee\/wp-content\/uploads\/2024\/01\/3D.png","width":2080,"height":602,"caption":"RcZone"},"image":{"@id":"https:\/\/rczone.ee\/#\/schema\/logo\/image\/"},"sameAs":["https:\/\/www.facebook.com\/rczone.ee"]}]}},"_links":{"self":[{"href":"https:\/\/rczone.ee\/de\/wp-json\/wp\/v2\/product\/5569","targetHints":{"allow":["GET"]}}],"collection":[{"href":"https:\/\/rczone.ee\/de\/wp-json\/wp\/v2\/product"}],"about":[{"href":"https:\/\/rczone.ee\/de\/wp-json\/wp\/v2\/types\/product"}],"replies":[{"embeddable":true,"href":"https:\/\/rczone.ee\/de\/wp-json\/wp\/v2\/comments?post=5569"}],"wp:featuredmedia":[{"embeddable":true,"href":"https:\/\/rczone.ee\/de\/wp-json\/wp\/v2\/media\/5572"}],"wp:attachment":[{"href":"https:\/\/rczone.ee\/de\/wp-json\/wp\/v2\/media?parent=5569"}],"wp:term":[{"taxonomy":"fits_model","embeddable":true,"href":"https:\/\/rczone.ee\/de\/wp-json\/wp\/v2\/fits_model?post=5569"},{"taxonomy":"product_brand","embeddable":true,"href":"https:\/\/rczone.ee\/de\/wp-json\/wp\/v2\/product_brand?post=5569"},{"taxonomy":"product_cat","embeddable":true,"href":"https:\/\/rczone.ee\/de\/wp-json\/wp\/v2\/product_cat?post=5569"},{"taxonomy":"product_tag","embeddable":true,"href":"https:\/\/rczone.ee\/de\/wp-json\/wp\/v2\/product_tag?post=5569"},{"taxonomy":"woo-feed-brand","embeddable":true,"href":"https:\/\/rczone.ee\/de\/wp-json\/wp\/v2\/woo-feed-brand?post=5569"}],"curies":[{"name":"wp","href":"https:\/\/api.w.org\/{rel}","templated":true}]}}