{"id":5579,"date":"2026-01-11T16:55:44","date_gmt":"2026-01-11T14:55:44","guid":{"rendered":"https:\/\/rczone.ee\/?post_type=product&#038;p=5579"},"modified":"2026-04-05T23:04:51","modified_gmt":"2026-04-05T20:04:51","slug":"baseus-schnelles-ladegerat-gan2-lite-65w-usb-usb-c-qc4-pd3-0-scp-fcp-afc","status":"publish","type":"product","link":"https:\/\/rczone.ee\/de\/toode\/baseus-kiirlaadija-gan2-lite-65w-usb-usb-c-qc4-pd3-0-scp-fcp-afc\/","title":{"rendered":"Baseus Schnellladeger\u00e4t GaN2 Lite 65W USB + USB-C QC4+ PD3.0 SCP FCP AFC"},"content":{"rendered":"<h1><strong>Baseus GaN2 Lite Schnell-Ladeger\u00e4t<\/strong><\/h1>\n<p>-\u00a0<strong>GaN-Unterst\u00fctzung<\/strong>\u00a0- Neue GaN-Schnellladetechnologie erh\u00f6ht die Leistung, verringert den Platzbedarf und verdoppelt die Ladegeschwindigkeit<br \/>\n-\u00a0<strong>65W hohe Leistung\u00a0<\/strong>- erh\u00f6ht die Geschwindigkeit der Ladeumwandlung, reduziert Abfall, kann schnell einen Laptop aufladen<br \/>\n- BPS <strong>II Ladetechnologie<\/strong>\u00a0- Die aktualisierte BPS II-Technologie unterst\u00fctzt das schnelle Aufladen beider Ladeanschl\u00fcsse.<br \/>\n-\u00a0<strong>Unterst\u00fctzt mehrere Schnellladeprotokolle<\/strong>\u00a0- unterst\u00fctzt alle Schnellladeprotokolle, einschlie\u00dflich PD3.0, QC4+, QC3.0, AFC, MTK, etc.<\/p>\n<p><strong>SPEZIFIKATIONEN<\/strong><\/p>\n<p>Eingang: 100V-240V AC, 50\/60Hz, 1,5A max.<br \/>\nUSB-C Ausgang: 5V\/3A, 9V\/3A, 12V\/3A, 15V\/3A, 20V\/3.25A max.<br \/>\nUSB-A-Ausgang: 4,5V\/5A, 5V\/4,5A, 5V\/3A, 9V\/3A, 12V\/3A, 20V\/2,25A max.<br \/>\nUSB-C + USB-A Gesamtleistung: 45W+18W oder 18W+45W oder 30W+30W.<br \/>\nGewicht: 115 g<\/p>\n<p><img decoding=\"async\" class=\"alignnone size-full wp-image-5585\" src=\"https:\/\/rczone.ee\/wp-content\/uploads\/2026\/01\/Screenshot-2026-01-11-170518.png\" alt=\"\" width=\"784\" height=\"544\" srcset=\"https:\/\/rczone.ee\/wp-content\/uploads\/2026\/01\/Screenshot-2026-01-11-170518.png 784w, https:\/\/rczone.ee\/wp-content\/uploads\/2026\/01\/Screenshot-2026-01-11-170518-576x400.png 576w, https:\/\/rczone.ee\/wp-content\/uploads\/2026\/01\/Screenshot-2026-01-11-170518-768x533.png 768w, https:\/\/rczone.ee\/wp-content\/uploads\/2026\/01\/Screenshot-2026-01-11-170518-18x12.png 18w\" sizes=\"(max-width: 784px) 100vw, 784px\" \/><\/p>\n<p><img decoding=\"async\" class=\"alignnone size-full wp-image-5586\" src=\"https:\/\/rczone.ee\/wp-content\/uploads\/2026\/01\/Screenshot-2026-01-11-170546.png\" alt=\"\" width=\"789\" height=\"823\" srcset=\"https:\/\/rczone.ee\/wp-content\/uploads\/2026\/01\/Screenshot-2026-01-11-170546.png 789w, https:\/\/rczone.ee\/wp-content\/uploads\/2026\/01\/Screenshot-2026-01-11-170546-383x400.png 383w, https:\/\/rczone.ee\/wp-content\/uploads\/2026\/01\/Screenshot-2026-01-11-170546-767x800.png 767w, https:\/\/rczone.ee\/wp-content\/uploads\/2026\/01\/Screenshot-2026-01-11-170546-768x801.png 768w, https:\/\/rczone.ee\/wp-content\/uploads\/2026\/01\/Screenshot-2026-01-11-170546-12x12.png 12w\" sizes=\"(max-width: 789px) 100vw, 789px\" \/><\/p>\n<p><img decoding=\"async\" class=\"alignnone size-full wp-image-5587\" src=\"https:\/\/rczone.ee\/wp-content\/uploads\/2026\/01\/Screenshot-2026-01-11-170607.png\" alt=\"\" width=\"788\" height=\"1185\" srcset=\"https:\/\/rczone.ee\/wp-content\/uploads\/2026\/01\/Screenshot-2026-01-11-170607.png 788w, https:\/\/rczone.ee\/wp-content\/uploads\/2026\/01\/Screenshot-2026-01-11-170607-266x400.png 266w, https:\/\/rczone.ee\/wp-content\/uploads\/2026\/01\/Screenshot-2026-01-11-170607-532x800.png 532w, https:\/\/rczone.ee\/wp-content\/uploads\/2026\/01\/Screenshot-2026-01-11-170607-768x1155.png 768w, https:\/\/rczone.ee\/wp-content\/uploads\/2026\/01\/Screenshot-2026-01-11-170607-8x12.png 8w\" sizes=\"(max-width: 788px) 100vw, 788px\" \/><\/p>\n<p><img decoding=\"async\" class=\"alignnone size-full wp-image-5588\" src=\"https:\/\/rczone.ee\/wp-content\/uploads\/2026\/01\/Screenshot-2026-01-11-170641.png\" alt=\"\" width=\"793\" height=\"1106\" srcset=\"https:\/\/rczone.ee\/wp-content\/uploads\/2026\/01\/Screenshot-2026-01-11-170641.png 793w, https:\/\/rczone.ee\/wp-content\/uploads\/2026\/01\/Screenshot-2026-01-11-170641-287x400.png 287w, https:\/\/rczone.ee\/wp-content\/uploads\/2026\/01\/Screenshot-2026-01-11-170641-574x800.png 574w, https:\/\/rczone.ee\/wp-content\/uploads\/2026\/01\/Screenshot-2026-01-11-170641-768x1071.png 768w, https:\/\/rczone.ee\/wp-content\/uploads\/2026\/01\/Screenshot-2026-01-11-170641-9x12.png 9w\" sizes=\"(max-width: 793px) 100vw, 793px\" \/><\/p>","protected":false},"excerpt":{"rendered":"<p>Baseus GaN2 Lite Quick Charger &#8211;\u00a0GaN tugi\u00a0&#8211; GaN kiirlaadimise uus tehnoloogia, suurendab v\u00f5imsust, v\u00e4hendab ruumi, laadimiskiirus kahekordistub &#8211;\u00a065W suur v\u00f5imsus\u00a0&#8211; suurendab laadimise \u00fcmberkujundamise kiirust, v\u00e4hendab j\u00e4\u00e4tmeid, saab kiiresti laadida s\u00fclearvutit &#8211; BPS II laadimistehnoloogia\u00a0&#8211; uuendatud BPS II tehnoloogia toetab m\u00f5lema laadimisportide kiirlaadimist &#8211;\u00a0Toetab mitut kiirlaadimisprotokolli\u00a0&#8211; toetab k\u00f5iki kiirlaadimisprotokolle, sealhulgas PD3.0, QC4+, QC3.0, AFC, MTK jne. [&#8230;]\n","protected":false},"featured_media":5582,"comment_status":"open","ping_status":"closed","template":"","meta":{"_monsterinsights_skip_tracking":false,"_monsterinsights_sitenote_active":false,"_monsterinsights_sitenote_note":"","_monsterinsights_sitenote_category":0},"fits_model":[],"product_brand":[],"product_cat":[68],"product_tag":[84],"woo-feed-brand":[],"class_list":{"0":"post-5579","1":"product","2":"type-product","3":"status-publish","4":"has-post-thumbnail","6":"product_cat-laadijad","7":"product_tag-standard","9":"first","10":"instock","11":"taxable","12":"shipping-taxable","13":"purchasable","14":"product-type-simple"},"yoast_head":"<!-- This site is optimized with the Yoast SEO plugin v27.3 - https:\/\/yoast.com\/product\/yoast-seo-wordpress\/ -->\n<title>Baseus kiirlaadija GaN2 Lite 65W USB + USB-C QC4+ PD3.0 SCP FCP AFC - RC Zone | Raadio teel juhitavad autod<\/title>\n<meta name=\"robots\" content=\"index, follow, max-snippet:-1, max-image-preview:large, max-video-preview:-1\" \/>\n<link rel=\"canonical\" href=\"https:\/\/rczone.ee\/de\/product-2\/baseus-schnelles-ladegerat-gan2-lite-65w-usb-usb-c-qc4-pd3-0-scp-fcp-afc\/\" \/>\n<meta property=\"og:locale\" content=\"de_DE\" \/>\n<meta property=\"og:type\" content=\"article\" \/>\n<meta property=\"og:title\" content=\"Baseus kiirlaadija GaN2 Lite 65W USB + USB-C QC4+ PD3.0 SCP FCP AFC - RC Zone | Raadio teel juhitavad autod\" \/>\n<meta property=\"og:description\" content=\"Baseus GaN2 Lite Quick Charger &#8211;\u00a0GaN tugi\u00a0&#8211; GaN kiirlaadimise uus tehnoloogia, suurendab v\u00f5imsust, v\u00e4hendab ruumi, laadimiskiirus kahekordistub &#8211;\u00a065W suur v\u00f5imsus\u00a0&#8211; suurendab laadimise \u00fcmberkujundamise kiirust, v\u00e4hendab j\u00e4\u00e4tmeid, saab kiiresti laadida s\u00fclearvutit &#8211; BPS II laadimistehnoloogia\u00a0&#8211; uuendatud BPS II tehnoloogia toetab m\u00f5lema laadimisportide kiirlaadimist &#8211;\u00a0Toetab mitut kiirlaadimisprotokolli\u00a0&#8211; toetab k\u00f5iki kiirlaadimisprotokolle, sealhulgas PD3.0, QC4+, QC3.0, AFC, MTK jne. [...]\" \/>\n<meta property=\"og:url\" content=\"https:\/\/rczone.ee\/de\/product-2\/baseus-schnelles-ladegerat-gan2-lite-65w-usb-usb-c-qc4-pd3-0-scp-fcp-afc\/\" \/>\n<meta property=\"og:site_name\" content=\"RC Zone | Raadio teel juhitavad autod\" \/>\n<meta property=\"article:publisher\" content=\"https:\/\/www.facebook.com\/rczone.ee\" \/>\n<meta property=\"article:modified_time\" content=\"2026-04-05T20:04:51+00:00\" \/>\n<meta property=\"og:image\" content=\"https:\/\/rczone.ee\/wp-content\/uploads\/2026\/01\/gan2-3.jpg\" \/>\n\t<meta property=\"og:image:width\" content=\"800\" \/>\n\t<meta property=\"og:image:height\" content=\"800\" \/>\n\t<meta property=\"og:image:type\" content=\"image\/jpeg\" \/>\n<meta name=\"twitter:card\" content=\"summary_large_image\" \/>\n<meta name=\"twitter:label1\" content=\"Gesch\u00e4tzte Lesezeit\" \/>\n\t<meta name=\"twitter:data1\" content=\"2\u00a0Minuten\" \/>\n<script type=\"application\/ld+json\" class=\"yoast-schema-graph\">{\"@context\":\"https:\\\/\\\/schema.org\",\"@graph\":[{\"@type\":\"WebPage\",\"@id\":\"https:\\\/\\\/rczone.ee\\\/toode\\\/baseus-kiirlaadija-gan2-lite-65w-usb-usb-c-qc4-pd3-0-scp-fcp-afc\\\/\",\"url\":\"https:\\\/\\\/rczone.ee\\\/toode\\\/baseus-kiirlaadija-gan2-lite-65w-usb-usb-c-qc4-pd3-0-scp-fcp-afc\\\/\",\"name\":\"Baseus kiirlaadija GaN2 Lite 65W USB + USB-C QC4+ PD3.0 SCP FCP AFC - RC Zone | Raadio teel juhitavad autod\",\"isPartOf\":{\"@id\":\"https:\\\/\\\/rczone.ee\\\/#website\"},\"primaryImageOfPage\":{\"@id\":\"https:\\\/\\\/rczone.ee\\\/toode\\\/baseus-kiirlaadija-gan2-lite-65w-usb-usb-c-qc4-pd3-0-scp-fcp-afc\\\/#primaryimage\"},\"image\":{\"@id\":\"https:\\\/\\\/rczone.ee\\\/toode\\\/baseus-kiirlaadija-gan2-lite-65w-usb-usb-c-qc4-pd3-0-scp-fcp-afc\\\/#primaryimage\"},\"thumbnailUrl\":\"https:\\\/\\\/rczone.ee\\\/wp-content\\\/uploads\\\/2026\\\/01\\\/gan2-3.jpg\",\"datePublished\":\"2026-01-11T14:55:44+00:00\",\"dateModified\":\"2026-04-05T20:04:51+00:00\",\"breadcrumb\":{\"@id\":\"https:\\\/\\\/rczone.ee\\\/toode\\\/baseus-kiirlaadija-gan2-lite-65w-usb-usb-c-qc4-pd3-0-scp-fcp-afc\\\/#breadcrumb\"},\"inLanguage\":\"de\",\"potentialAction\":[{\"@type\":\"ReadAction\",\"target\":[\"https:\\\/\\\/rczone.ee\\\/toode\\\/baseus-kiirlaadija-gan2-lite-65w-usb-usb-c-qc4-pd3-0-scp-fcp-afc\\\/\"]}]},{\"@type\":\"ImageObject\",\"inLanguage\":\"de\",\"@id\":\"https:\\\/\\\/rczone.ee\\\/toode\\\/baseus-kiirlaadija-gan2-lite-65w-usb-usb-c-qc4-pd3-0-scp-fcp-afc\\\/#primaryimage\",\"url\":\"https:\\\/\\\/rczone.ee\\\/wp-content\\\/uploads\\\/2026\\\/01\\\/gan2-3.jpg\",\"contentUrl\":\"https:\\\/\\\/rczone.ee\\\/wp-content\\\/uploads\\\/2026\\\/01\\\/gan2-3.jpg\",\"width\":800,\"height\":800},{\"@type\":\"BreadcrumbList\",\"@id\":\"https:\\\/\\\/rczone.ee\\\/toode\\\/baseus-kiirlaadija-gan2-lite-65w-usb-usb-c-qc4-pd3-0-scp-fcp-afc\\\/#breadcrumb\",\"itemListElement\":[{\"@type\":\"ListItem\",\"position\":1,\"name\":\"Home\",\"item\":\"https:\\\/\\\/rczone.ee\\\/\"},{\"@type\":\"ListItem\",\"position\":2,\"name\":\"Shop\",\"item\":\"https:\\\/\\\/rczone.ee\\\/shop\\\/\"},{\"@type\":\"ListItem\",\"position\":3,\"name\":\"Baseus kiirlaadija GaN2 Lite 65W USB + USB-C QC4+ PD3.0 SCP FCP AFC\"}]},{\"@type\":\"WebSite\",\"@id\":\"https:\\\/\\\/rczone.ee\\\/#website\",\"url\":\"https:\\\/\\\/rczone.ee\\\/\",\"name\":\"RcZone\",\"description\":\"RcZone - Raadio teel juhitavate autode veebipood. M&uuml;&uuml;me laia valikut kvaliteetseid ja v&otilde;imsaid RC-autosid. Kiire tarne ja konkurentsiv&otilde;imelised hinnad.\",\"publisher\":{\"@id\":\"https:\\\/\\\/rczone.ee\\\/#organization\"},\"potentialAction\":[{\"@type\":\"SearchAction\",\"target\":{\"@type\":\"EntryPoint\",\"urlTemplate\":\"https:\\\/\\\/rczone.ee\\\/?s={search_term_string}\"},\"query-input\":{\"@type\":\"PropertyValueSpecification\",\"valueRequired\":true,\"valueName\":\"search_term_string\"}}],\"inLanguage\":\"de\"},{\"@type\":\"Organization\",\"@id\":\"https:\\\/\\\/rczone.ee\\\/#organization\",\"name\":\"RcZone\",\"url\":\"https:\\\/\\\/rczone.ee\\\/\",\"logo\":{\"@type\":\"ImageObject\",\"inLanguage\":\"de\",\"@id\":\"https:\\\/\\\/rczone.ee\\\/#\\\/schema\\\/logo\\\/image\\\/\",\"url\":\"https:\\\/\\\/rczone.ee\\\/wp-content\\\/uploads\\\/2024\\\/01\\\/3D.png\",\"contentUrl\":\"https:\\\/\\\/rczone.ee\\\/wp-content\\\/uploads\\\/2024\\\/01\\\/3D.png\",\"width\":2080,\"height\":602,\"caption\":\"RcZone\"},\"image\":{\"@id\":\"https:\\\/\\\/rczone.ee\\\/#\\\/schema\\\/logo\\\/image\\\/\"},\"sameAs\":[\"https:\\\/\\\/www.facebook.com\\\/rczone.ee\"]}]}<\/script>\n<!-- \/ Yoast SEO plugin. -->","yoast_head_json":{"title":"Baseus Schnellladeger\u00e4t GaN2 Lite 65W USB + USB-C QC4+ PD3.0 SCP FCP AFC - RC Zone | Radio Controlled Vehicles","robots":{"index":"index","follow":"follow","max-snippet":"max-snippet:-1","max-image-preview":"max-image-preview:large","max-video-preview":"max-video-preview:-1"},"canonical":"https:\/\/rczone.ee\/de\/product-2\/baseus-schnelles-ladegerat-gan2-lite-65w-usb-usb-c-qc4-pd3-0-scp-fcp-afc\/","og_locale":"de_DE","og_type":"article","og_title":"Baseus kiirlaadija GaN2 Lite 65W USB + USB-C QC4+ PD3.0 SCP FCP AFC - RC Zone | Raadio teel juhitavad autod","og_description":"Baseus GaN2 Lite Quick Charger &#8211;\u00a0GaN tugi\u00a0&#8211; GaN kiirlaadimise uus tehnoloogia, suurendab v\u00f5imsust, v\u00e4hendab ruumi, laadimiskiirus kahekordistub &#8211;\u00a065W suur v\u00f5imsus\u00a0&#8211; suurendab laadimise \u00fcmberkujundamise kiirust, v\u00e4hendab j\u00e4\u00e4tmeid, saab kiiresti laadida s\u00fclearvutit &#8211; BPS II laadimistehnoloogia\u00a0&#8211; uuendatud BPS II tehnoloogia toetab m\u00f5lema laadimisportide kiirlaadimist &#8211;\u00a0Toetab mitut kiirlaadimisprotokolli\u00a0&#8211; toetab k\u00f5iki kiirlaadimisprotokolle, sealhulgas PD3.0, QC4+, QC3.0, AFC, MTK jne. [...]","og_url":"https:\/\/rczone.ee\/de\/product-2\/baseus-schnelles-ladegerat-gan2-lite-65w-usb-usb-c-qc4-pd3-0-scp-fcp-afc\/","og_site_name":"RC Zone | Raadio teel juhitavad autod","article_publisher":"https:\/\/www.facebook.com\/rczone.ee","article_modified_time":"2026-04-05T20:04:51+00:00","og_image":[{"width":800,"height":800,"url":"https:\/\/rczone.ee\/wp-content\/uploads\/2026\/01\/gan2-3.jpg","type":"image\/jpeg"}],"twitter_card":"summary_large_image","twitter_misc":{"Gesch\u00e4tzte Lesezeit":"2\u00a0Minuten"},"schema":{"@context":"https:\/\/schema.org","@graph":[{"@type":"WebPage","@id":"https:\/\/rczone.ee\/toode\/baseus-kiirlaadija-gan2-lite-65w-usb-usb-c-qc4-pd3-0-scp-fcp-afc\/","url":"https:\/\/rczone.ee\/toode\/baseus-kiirlaadija-gan2-lite-65w-usb-usb-c-qc4-pd3-0-scp-fcp-afc\/","name":"Baseus Schnellladeger\u00e4t GaN2 Lite 65W USB + USB-C QC4+ PD3.0 SCP FCP AFC - RC Zone | Radio Controlled Vehicles","isPartOf":{"@id":"https:\/\/rczone.ee\/#website"},"primaryImageOfPage":{"@id":"https:\/\/rczone.ee\/toode\/baseus-kiirlaadija-gan2-lite-65w-usb-usb-c-qc4-pd3-0-scp-fcp-afc\/#primaryimage"},"image":{"@id":"https:\/\/rczone.ee\/toode\/baseus-kiirlaadija-gan2-lite-65w-usb-usb-c-qc4-pd3-0-scp-fcp-afc\/#primaryimage"},"thumbnailUrl":"https:\/\/rczone.ee\/wp-content\/uploads\/2026\/01\/gan2-3.jpg","datePublished":"2026-01-11T14:55:44+00:00","dateModified":"2026-04-05T20:04:51+00:00","breadcrumb":{"@id":"https:\/\/rczone.ee\/toode\/baseus-kiirlaadija-gan2-lite-65w-usb-usb-c-qc4-pd3-0-scp-fcp-afc\/#breadcrumb"},"inLanguage":"de","potentialAction":[{"@type":"ReadAction","target":["https:\/\/rczone.ee\/toode\/baseus-kiirlaadija-gan2-lite-65w-usb-usb-c-qc4-pd3-0-scp-fcp-afc\/"]}]},{"@type":"ImageObject","inLanguage":"de","@id":"https:\/\/rczone.ee\/toode\/baseus-kiirlaadija-gan2-lite-65w-usb-usb-c-qc4-pd3-0-scp-fcp-afc\/#primaryimage","url":"https:\/\/rczone.ee\/wp-content\/uploads\/2026\/01\/gan2-3.jpg","contentUrl":"https:\/\/rczone.ee\/wp-content\/uploads\/2026\/01\/gan2-3.jpg","width":800,"height":800},{"@type":"BreadcrumbList","@id":"https:\/\/rczone.ee\/toode\/baseus-kiirlaadija-gan2-lite-65w-usb-usb-c-qc4-pd3-0-scp-fcp-afc\/#breadcrumb","itemListElement":[{"@type":"ListItem","position":1,"name":"Home","item":"https:\/\/rczone.ee\/"},{"@type":"ListItem","position":2,"name":"Shop","item":"https:\/\/rczone.ee\/shop\/"},{"@type":"ListItem","position":3,"name":"Baseus kiirlaadija GaN2 Lite 65W USB + USB-C QC4+ PD3.0 SCP FCP AFC"}]},{"@type":"WebSite","@id":"https:\/\/rczone.ee\/#website","url":"https:\/\/rczone.ee\/","name":"RcZone","description":"RcZone - Online Shop f\u00fcr funkgesteuerte Autos. Wir verkaufen eine breite Palette von qualitativ hochwertigen und leistungsstarken RC-Autos. Schnelle Lieferung und g\u00fcnstige Preise.","publisher":{"@id":"https:\/\/rczone.ee\/#organization"},"potentialAction":[{"@type":"SearchAction","target":{"@type":"EntryPoint","urlTemplate":"https:\/\/rczone.ee\/?s={search_term_string}"},"query-input":{"@type":"PropertyValueSpecification","valueRequired":true,"valueName":"search_term_string"}}],"inLanguage":"de"},{"@type":"Organization","@id":"https:\/\/rczone.ee\/#organization","name":"RcZone","url":"https:\/\/rczone.ee\/","logo":{"@type":"ImageObject","inLanguage":"de","@id":"https:\/\/rczone.ee\/#\/schema\/logo\/image\/","url":"https:\/\/rczone.ee\/wp-content\/uploads\/2024\/01\/3D.png","contentUrl":"https:\/\/rczone.ee\/wp-content\/uploads\/2024\/01\/3D.png","width":2080,"height":602,"caption":"RcZone"},"image":{"@id":"https:\/\/rczone.ee\/#\/schema\/logo\/image\/"},"sameAs":["https:\/\/www.facebook.com\/rczone.ee"]}]}},"_links":{"self":[{"href":"https:\/\/rczone.ee\/de\/wp-json\/wp\/v2\/product\/5579","targetHints":{"allow":["GET"]}}],"collection":[{"href":"https:\/\/rczone.ee\/de\/wp-json\/wp\/v2\/product"}],"about":[{"href":"https:\/\/rczone.ee\/de\/wp-json\/wp\/v2\/types\/product"}],"replies":[{"embeddable":true,"href":"https:\/\/rczone.ee\/de\/wp-json\/wp\/v2\/comments?post=5579"}],"wp:featuredmedia":[{"embeddable":true,"href":"https:\/\/rczone.ee\/de\/wp-json\/wp\/v2\/media\/5582"}],"wp:attachment":[{"href":"https:\/\/rczone.ee\/de\/wp-json\/wp\/v2\/media?parent=5579"}],"wp:term":[{"taxonomy":"fits_model","embeddable":true,"href":"https:\/\/rczone.ee\/de\/wp-json\/wp\/v2\/fits_model?post=5579"},{"taxonomy":"product_brand","embeddable":true,"href":"https:\/\/rczone.ee\/de\/wp-json\/wp\/v2\/product_brand?post=5579"},{"taxonomy":"product_cat","embeddable":true,"href":"https:\/\/rczone.ee\/de\/wp-json\/wp\/v2\/product_cat?post=5579"},{"taxonomy":"product_tag","embeddable":true,"href":"https:\/\/rczone.ee\/de\/wp-json\/wp\/v2\/product_tag?post=5579"},{"taxonomy":"woo-feed-brand","embeddable":true,"href":"https:\/\/rczone.ee\/de\/wp-json\/wp\/v2\/woo-feed-brand?post=5579"}],"curies":[{"name":"wp","href":"https:\/\/api.w.org\/{rel}","templated":true}]}}