{"id":5618,"date":"2026-01-14T21:27:13","date_gmt":"2026-01-14T19:27:13","guid":{"rendered":"https:\/\/rczone.ee\/?post_type=product&#038;p=5618"},"modified":"2026-01-24T21:10:28","modified_gmt":"2026-01-24T19:10:28","slug":"blackzon-vyper-sc-turbo-1-16-4wd-2s-brushless","status":"publish","type":"product","link":"https:\/\/rczone.ee\/de\/toode\/blackzon-vyper-sc-turbo-1-16-4wd-2s-brushless\/","title":{"rendered":"NEU! BLACKZON Vyper SC Turbo 1\/16 4WD 2S Brushless"},"content":{"rendered":"<div id=\"text-2607986562\" class=\"text\">\n\t\t\n<h2><strong>BLACKZON Vyper SC Turbo 1\/16 4WD 2S Brushless - \u201cDieser hier bei\u00dft!\u201d<\/strong><\/h2>\n\t\t\n<style>\n#text-2607986562 {\n  text-align: center;\n}\n<\/style>\n\t<\/div>\n\t\n\t<div class=\"img has-hover x md-x lg-x y md-y lg-y\" id=\"image_32587305\">\n\t\t\t\t\t\t\t\t<div class=\"img-inner dark\" style=\"margin:0px 0px 30px 0px;\">\n\t\t\t<img decoding=\"async\" width=\"1020\" height=\"424\" src=\"https:\/\/rczone.ee\/wp-content\/uploads\/2026\/01\/vyper_web_header3.jpg\" class=\"attachment-large size-large\" alt=\"\" srcset=\"https:\/\/rczone.ee\/wp-content\/uploads\/2026\/01\/vyper_web_header3.jpg 1098w, https:\/\/rczone.ee\/wp-content\/uploads\/2026\/01\/vyper_web_header3-800x332.jpg 800w, https:\/\/rczone.ee\/wp-content\/uploads\/2026\/01\/vyper_web_header3-768x319.jpg 768w, https:\/\/rczone.ee\/wp-content\/uploads\/2026\/01\/vyper_web_header3-18x7.jpg 18w, https:\/\/rczone.ee\/wp-content\/uploads\/2026\/01\/vyper_web_header3-900x374.jpg 900w\" sizes=\"(max-width: 1020px) 100vw, 1020px\" \/>\t\t\t\t\t\t\n\t\t\t\t\t<\/div>\n\t\t\t\t\t\t\t\t\n<style>\n#image_32587305 {\n  width: 100%;\n}\n<\/style>\n\t<\/div>\n\t\n<p>Wenn Sie auf der Suche nach <strong>ein kompaktes, aber heftiges Kurzstrecken-RC-Car mit einem ernsthaften Antrieb.<\/strong>, dann <strong>BLACKZON Vyper SC Turbo 1\/16 4WD 2S Brushless<\/strong> ist f\u00fcr genau das gemacht! Dieses kleine Tierchen hat eine \u201cBig Car\u201d-Attit\u00fcde in einer Karosserie im Ma\u00dfstab 1:16: <strong>ALLRADANTRIEB<\/strong> h\u00e4lt den Griff fest, <strong>Kompositkassie<\/strong> und <strong>\u00d6l-Amide<\/strong> halten das Auto auch auf unebenem Untergrund stabil. Mit festem Handling und vorhersehbarer Kontrolle f\u00fchlt er sich auf Schotter, Kies und Asphalt zu Hause.<\/p>\n<p>In der Turbo-Version wird es besonders s\u00fc\u00df -. <strong>b\u00fcrstenloser Motor <\/strong>eine st\u00e4rkere Beschleunigung und h\u00f6here H\u00f6chstgeschwindigkeiten <strong>2S LiPo<\/strong> von oben. Es ist auch f\u00fcr Anf\u00e4nger leicht zu erlernen, aber leistungsf\u00e4hig genug, dass man nicht so schnell \u00fcber sich hinauswachsen wird. <strong>RcZone.ee<\/strong> eine Reihe von idealen Kurzstreckenfahrzeugen zum Mitnehmen und Fahren, die zu immer neuen Runden einladen\u201c.<\/p>\n<p>Erh\u00e4ltlich in zwei verschiedenen kr\u00e4ftigen Farben, mit Lichtern und Aufklebern, so dass Sie ihn ganz nach Ihrem Geschmack gestalten k\u00f6nnen:<\/p>\n\t<div class=\"img has-hover x md-x lg-x y md-y lg-y\" id=\"image_1316052313\">\n\t\t\t\t\t\t\t\t<div class=\"img-inner dark\" style=\"margin:0px 0px 30px 0px;\">\n\t\t\t<img decoding=\"async\" width=\"1020\" height=\"394\" src=\"https:\/\/rczone.ee\/wp-content\/uploads\/2026\/01\/vyper_sc_turbo_group_bottom.jpg\" class=\"attachment-large size-large\" alt=\"\" srcset=\"https:\/\/rczone.ee\/wp-content\/uploads\/2026\/01\/vyper_sc_turbo_group_bottom.jpg 1036w, https:\/\/rczone.ee\/wp-content\/uploads\/2026\/01\/vyper_sc_turbo_group_bottom-800x309.jpg 800w, https:\/\/rczone.ee\/wp-content\/uploads\/2026\/01\/vyper_sc_turbo_group_bottom-768x297.jpg 768w, https:\/\/rczone.ee\/wp-content\/uploads\/2026\/01\/vyper_sc_turbo_group_bottom-18x7.jpg 18w, https:\/\/rczone.ee\/wp-content\/uploads\/2026\/01\/vyper_sc_turbo_group_bottom-900x347.jpg 900w\" sizes=\"(max-width: 1020px) 100vw, 1020px\" \/>\t\t\t\t\t\t\n\t\t\t\t\t<\/div>\n\t\t\t\t\t\t\t\t\n<style>\n#image_1316052313 {\n  width: 100%;\n}\n<\/style>\n\t<\/div>\n\t\n<h3><strong>Warum der Vyper SC Turbo?<\/strong><\/h3>\n<ul>\n<li><strong>Harjavaba (b\u00fcrstenlos)<\/strong> - mehr \u201cPunch\u201d, h\u00f6here H\u00f6chstgeschwindigkeit und effizienteres Fahren.<\/li>\n<li><strong>ALLRADANTRIEB <\/strong>- solide Traktion auch auf rutschigem Schotter und losem Untergrund<\/li>\n<li><strong>\u00d6l-Mitten + Einzelradaufh\u00e4ngung<\/strong> - stabil und kontrollierbar auch auf holprigen Strecken<\/li>\n<li><strong>\u00dcbertragungen und Durchl\u00e4sse aus Metall<\/strong> - die f\u00fcr \u201chartes Fahren\u201d erforderliche Ausdauer<\/li>\n<li><strong>2,4-GHz-Konsole<\/strong>\u00a0- Pr\u00e4zise Lenkung und ein angenehmes Gef\u00fchl von \u201cechtem Auto\u201d<\/li>\n<li><strong>Geschwindigkeitsbegrenzerschalter auf der Fernbedienung<\/strong> - f\u00fcr Anf\u00e4nger oder in einer engen Situation f\u00fcr ein ruhigeres Regime<\/li>\n<li><strong>LED-Leuchten (vorne und hinten)<\/strong> - Stil und Sichtbarkeit<\/li>\n<\/ul>\n<div class=\"text-center\"><div class=\"is-divider divider clearfix\" ><\/div><\/div>\n<h3><strong>Hauptmerkmale und Ausstattung<\/strong><\/h3>\n<ul>\n<li><strong>1\/16 Kurzstrecken-Truck<\/strong>, <strong>ALLRADANTRIEB<\/strong><\/li>\n<li><strong>Einzelradaufh\u00e4ngung mit Doppelquerlenkerfedern<\/strong><\/li>\n<li><strong>Komposit-Tasche<\/strong><\/li>\n<li><strong>Abdeckung des Zahnrads<\/strong> - h\u00e4lt den Schmutz von der Zahnoberseite fern<\/li>\n<li><strong>Zweigelenk-Lenksystem mit Servo-Saver<\/strong><\/li>\n<li><strong>Verstellbare Aluminium-Auffangwannen<\/strong> (Gewindefahrwerk)<\/li>\n<li><strong>Vordere und hintere Metalldiffusoren<\/strong><\/li>\n<li><strong>Metallkopf-Frosch<\/strong>, <strong>Metallkardanische Aufh\u00e4ngungen<\/strong><\/li>\n<li><strong>Blackzon BL14-200-3S 2-in-1 ESC\/Empf\u00e4nger<\/strong><\/li>\n<li><strong>B\u00fcrstenloser Motor 2840 KV3800<\/strong><\/li>\n<li><strong>Blackzon BTX-243 2.4GHz 3-Kanal Konsole<\/strong><\/li>\n<li><strong>7,4 V LiPo-Akku + 7,4 V USB-Ladeger\u00e4t<\/strong><\/li>\n<li><strong>Vorgeschnittener und vorgedruckter Rumpf<\/strong> - Aufkleber hinzuf\u00fcgen und sie einzigartig machen<\/li>\n<\/ul>\n<p>Erh\u00e4ltlich bei <strong>in zwei Farben<\/strong><\/p>\n<div class=\"text-center\"><div class=\"is-divider divider clearfix\" ><\/div><\/div>\n<h3><strong>Messungen<\/strong><\/h3>\n<ul>\n<li><strong>L\u00e4nge:<\/strong> 348 mm<\/li>\n<li><strong>Breite:<\/strong> 185 mm<\/li>\n<li><strong>H\u00f6he:<\/strong> 136 mm<\/li>\n<li><strong>Vollst\u00e4ndige Heirat:<\/strong> 210 mm<\/li>\n<\/ul>\n\t<div class=\"img has-hover x md-x lg-x y md-y lg-y\" id=\"image_245883676\">\n\t\t\t\t\t\t\t\t<div class=\"img-inner dark\" style=\"margin:0px 0px 30px 0px;\">\n\t\t\t<img decoding=\"async\" width=\"1000\" height=\"692\" src=\"https:\/\/rczone.ee\/wp-content\/uploads\/2026\/01\/Vyper_SC_dimensions4.jpg\" class=\"attachment-large size-large\" alt=\"\" srcset=\"https:\/\/rczone.ee\/wp-content\/uploads\/2026\/01\/Vyper_SC_dimensions4.jpg 1000w, https:\/\/rczone.ee\/wp-content\/uploads\/2026\/01\/Vyper_SC_dimensions4-578x400.jpg 578w, https:\/\/rczone.ee\/wp-content\/uploads\/2026\/01\/Vyper_SC_dimensions4-768x531.jpg 768w, https:\/\/rczone.ee\/wp-content\/uploads\/2026\/01\/Vyper_SC_dimensions4-18x12.jpg 18w, https:\/\/rczone.ee\/wp-content\/uploads\/2026\/01\/Vyper_SC_dimensions4-900x623.jpg 900w\" sizes=\"(max-width: 1000px) 100vw, 1000px\" \/>\t\t\t\t\t\t\n\t\t\t\t\t<\/div>\n\t\t\t\t\t\t\t\t\n<style>\n#image_245883676 {\n  width: 100%;\n}\n<\/style>\n\t<\/div>\n\t\n<ul>\n<li><strong>Eingeschlossen:<\/strong> BLACKZON Vyper SC Turbo 1\/16 4WD 2S Brushless, 2.4 GHz Konsole, LiPo Akku und USB Ladeger\u00e4t.<\/li>\n<li><strong>Die ben\u00f6tigte Wurzel:<\/strong> <strong>2 \u00d7 AA-Batterien f\u00fcr die Fernbedienung<\/strong><\/li>\n<\/ul>\n<div class=\"text-center\"><div class=\"is-divider divider clearfix\" ><\/div><\/div>\n<p>Wenn Sie eine stilvolle und aggressive Maschine wollen, die...<strong>\u00a0schnell und dauerhaft<\/strong>, dann <strong>BLACKZON Vyper SC Turbo 1\/16 4WD 2S Brushless<\/strong> ist eine gute Wahl. Zugreifen <strong>RcZone.ee<\/strong> einkaufen und genie\u00dfen!<\/p>\n\t<div class=\"img has-hover x md-x lg-x y md-y lg-y\" id=\"image_593005934\">\n\t\t\t\t\t\t\t\t<div class=\"img-inner dark\" >\n\t\t\t<img decoding=\"async\" width=\"1000\" height=\"692\" src=\"https:\/\/rczone.ee\/wp-content\/uploads\/2026\/01\/vyper_sc_turbo_kit_contents2.jpg\" class=\"attachment-large size-large\" alt=\"\" srcset=\"https:\/\/rczone.ee\/wp-content\/uploads\/2026\/01\/vyper_sc_turbo_kit_contents2.jpg 1000w, https:\/\/rczone.ee\/wp-content\/uploads\/2026\/01\/vyper_sc_turbo_kit_contents2-578x400.jpg 578w, https:\/\/rczone.ee\/wp-content\/uploads\/2026\/01\/vyper_sc_turbo_kit_contents2-768x531.jpg 768w, https:\/\/rczone.ee\/wp-content\/uploads\/2026\/01\/vyper_sc_turbo_kit_contents2-18x12.jpg 18w, https:\/\/rczone.ee\/wp-content\/uploads\/2026\/01\/vyper_sc_turbo_kit_contents2-900x623.jpg 900w\" sizes=\"(max-width: 1000px) 100vw, 1000px\" \/>\t\t\t\t\t\t\n\t\t\t\t\t<\/div>\n\t\t\t\t\t\t\t\t\n<style>\n#image_593005934 {\n  width: 100%;\n}\n<\/style>\n\t<\/div>\n\t\n\t<div id=\"gap-1032550857\" class=\"gap-element clearfix\" style=\"display:block; height:auto;\">\n\t\t\n<style>\n#gap-1032550857 {\n  padding-top: 30px;\n}\n<\/style>\n\t<\/div>","protected":false},"excerpt":{"rendered":"<ul>\n<li style=\"line-height: 1; padding-top: 20px;\">Level: Experte<\/li>\n<li style=\"line-height: 1;\">Alter der Benutzer: 14+<\/li>\n<li style=\"line-height: 1;\">Kategorie: Kurzstrecken-Lkw<\/li>\n<li style=\"line-height: 1;\">Ma\u00dfstab: 1:16<\/li>\n<li style=\"line-height: 1;\">Antriebsart: 4WD<\/li>\n<li style=\"line-height: 1;\">H\u00f6chstgeschwindigkeit: 42 km\/h<\/li>\n<li style=\"line-height: 1;\">Fertigstellung: Ready-To-Run<\/li>\n<li style=\"line-height: 1;\">Energie: Elektrizit\u00e4t<\/li>\n<\/ul>","protected":false},"featured_media":5639,"comment_status":"open","ping_status":"closed","template":"","meta":{"_monsterinsights_skip_tracking":false,"_monsterinsights_sitenote_active":false,"_monsterinsights_sitenote_note":"","_monsterinsights_sitenote_category":0},"fits_model":[],"product_brand":[],"product_cat":[37],"product_tag":[84],"woo-feed-brand":[105],"class_list":{"0":"post-5618","1":"product","2":"type-product","3":"status-publish","4":"has-post-thumbnail","6":"product_cat-short-course-truck","7":"product_tag-standard","8":"product_shipping_class-de_big","9":"woo-feed-brand-blackzon","11":"first","12":"instock","13":"taxable","14":"shipping-taxable","15":"purchasable","16":"product-type-variable","17":"has-default-attributes"},"yoast_head":"<!-- This site is optimized with the Yoast SEO plugin v27.6 - https:\/\/yoast.com\/product\/yoast-seo-wordpress\/ -->\n<title>UUS! BLACKZON Vyper SC Turbo 1\/16 4WD 2S Brushless - RC Zone | Raadio teel juhitavad autod<\/title>\n<meta name=\"robots\" content=\"index, follow, max-snippet:-1, max-image-preview:large, max-video-preview:-1\" \/>\n<link rel=\"canonical\" href=\"https:\/\/rczone.ee\/de\/product-2\/blackzon-vyper-sc-turbo-1-16-4wd-2s-brushless\/\" \/>\n<meta property=\"og:locale\" content=\"de_DE\" \/>\n<meta property=\"og:type\" content=\"article\" \/>\n<meta property=\"og:title\" content=\"UUS! BLACKZON Vyper SC Turbo 1\/16 4WD 2S Brushless - RC Zone | Raadio teel juhitavad autod\" \/>\n<meta property=\"og:description\" content=\"Rate: Expert  Kasutaja vanuseklass: 14+  Kategooria: Short Course Truck  Skaala: 1:16  Vedav sild: 4WD  Max kiirus: 42 km\/h  Komplekteeritus: Ready-To-Run  Energia: Elekter\" \/>\n<meta property=\"og:url\" content=\"https:\/\/rczone.ee\/de\/product-2\/blackzon-vyper-sc-turbo-1-16-4wd-2s-brushless\/\" \/>\n<meta property=\"og:site_name\" content=\"RC Zone | Raadio teel juhitavad autod\" \/>\n<meta property=\"article:publisher\" content=\"https:\/\/www.facebook.com\/rczone.ee\" \/>\n<meta property=\"article:modified_time\" content=\"2026-01-24T19:10:28+00:00\" \/>\n<meta property=\"og:image\" content=\"https:\/\/rczone.ee\/wp-content\/uploads\/2026\/01\/540275_01-1.jpg\" \/>\n\t<meta property=\"og:image:width\" content=\"800\" \/>\n\t<meta property=\"og:image:height\" content=\"800\" \/>\n\t<meta property=\"og:image:type\" content=\"image\/jpeg\" \/>\n<meta name=\"twitter:card\" content=\"summary_large_image\" \/>\n<meta name=\"twitter:label1\" content=\"Gesch\u00e4tzte Lesezeit\" \/>\n\t<meta name=\"twitter:data1\" content=\"3\u00a0Minuten\" \/>\n<script type=\"application\/ld+json\" class=\"yoast-schema-graph\">{\"@context\":\"https:\\\/\\\/schema.org\",\"@graph\":[{\"@type\":\"WebPage\",\"@id\":\"https:\\\/\\\/rczone.ee\\\/toode\\\/blackzon-vyper-sc-turbo-1-16-4wd-2s-brushless\\\/\",\"url\":\"https:\\\/\\\/rczone.ee\\\/toode\\\/blackzon-vyper-sc-turbo-1-16-4wd-2s-brushless\\\/\",\"name\":\"UUS! BLACKZON Vyper SC Turbo 1\\\/16 4WD 2S Brushless - RC Zone | Raadio teel juhitavad autod\",\"isPartOf\":{\"@id\":\"https:\\\/\\\/rczone.ee\\\/#website\"},\"primaryImageOfPage\":{\"@id\":\"https:\\\/\\\/rczone.ee\\\/toode\\\/blackzon-vyper-sc-turbo-1-16-4wd-2s-brushless\\\/#primaryimage\"},\"image\":{\"@id\":\"https:\\\/\\\/rczone.ee\\\/toode\\\/blackzon-vyper-sc-turbo-1-16-4wd-2s-brushless\\\/#primaryimage\"},\"thumbnailUrl\":\"https:\\\/\\\/rczone.ee\\\/wp-content\\\/uploads\\\/2026\\\/01\\\/540275_01-1.jpg\",\"datePublished\":\"2026-01-14T19:27:13+00:00\",\"dateModified\":\"2026-01-24T19:10:28+00:00\",\"breadcrumb\":{\"@id\":\"https:\\\/\\\/rczone.ee\\\/toode\\\/blackzon-vyper-sc-turbo-1-16-4wd-2s-brushless\\\/#breadcrumb\"},\"inLanguage\":\"de\",\"potentialAction\":[{\"@type\":\"ReadAction\",\"target\":[\"https:\\\/\\\/rczone.ee\\\/toode\\\/blackzon-vyper-sc-turbo-1-16-4wd-2s-brushless\\\/\"]}]},{\"@type\":\"ImageObject\",\"inLanguage\":\"de\",\"@id\":\"https:\\\/\\\/rczone.ee\\\/toode\\\/blackzon-vyper-sc-turbo-1-16-4wd-2s-brushless\\\/#primaryimage\",\"url\":\"https:\\\/\\\/rczone.ee\\\/wp-content\\\/uploads\\\/2026\\\/01\\\/540275_01-1.jpg\",\"contentUrl\":\"https:\\\/\\\/rczone.ee\\\/wp-content\\\/uploads\\\/2026\\\/01\\\/540275_01-1.jpg\",\"width\":800,\"height\":800},{\"@type\":\"BreadcrumbList\",\"@id\":\"https:\\\/\\\/rczone.ee\\\/toode\\\/blackzon-vyper-sc-turbo-1-16-4wd-2s-brushless\\\/#breadcrumb\",\"itemListElement\":[{\"@type\":\"ListItem\",\"position\":1,\"name\":\"Home\",\"item\":\"https:\\\/\\\/rczone.ee\\\/\"},{\"@type\":\"ListItem\",\"position\":2,\"name\":\"Shop\",\"item\":\"https:\\\/\\\/rczone.ee\\\/shop\\\/\"},{\"@type\":\"ListItem\",\"position\":3,\"name\":\"UUS! BLACKZON Vyper SC Turbo 1\\\/16 4WD 2S Brushless\"}]},{\"@type\":\"WebSite\",\"@id\":\"https:\\\/\\\/rczone.ee\\\/#website\",\"url\":\"https:\\\/\\\/rczone.ee\\\/\",\"name\":\"RcZone\",\"description\":\"RcZone - Raadio teel juhitavate autode veebipood. M&uuml;&uuml;me laia valikut kvaliteetseid ja v&otilde;imsaid RC-autosid. Kiire tarne ja konkurentsiv&otilde;imelised hinnad.\",\"publisher\":{\"@id\":\"https:\\\/\\\/rczone.ee\\\/#organization\"},\"potentialAction\":[{\"@type\":\"SearchAction\",\"target\":{\"@type\":\"EntryPoint\",\"urlTemplate\":\"https:\\\/\\\/rczone.ee\\\/?s={search_term_string}\"},\"query-input\":{\"@type\":\"PropertyValueSpecification\",\"valueRequired\":true,\"valueName\":\"search_term_string\"}}],\"inLanguage\":\"de\"},{\"@type\":\"Organization\",\"@id\":\"https:\\\/\\\/rczone.ee\\\/#organization\",\"name\":\"RcZone\",\"url\":\"https:\\\/\\\/rczone.ee\\\/\",\"logo\":{\"@type\":\"ImageObject\",\"inLanguage\":\"de\",\"@id\":\"https:\\\/\\\/rczone.ee\\\/#\\\/schema\\\/logo\\\/image\\\/\",\"url\":\"https:\\\/\\\/rczone.ee\\\/wp-content\\\/uploads\\\/2024\\\/01\\\/3D.png\",\"contentUrl\":\"https:\\\/\\\/rczone.ee\\\/wp-content\\\/uploads\\\/2024\\\/01\\\/3D.png\",\"width\":2080,\"height\":602,\"caption\":\"RcZone\"},\"image\":{\"@id\":\"https:\\\/\\\/rczone.ee\\\/#\\\/schema\\\/logo\\\/image\\\/\"},\"sameAs\":[\"https:\\\/\\\/www.facebook.com\\\/rczone.ee\"]}]}<\/script>\n<!-- \/ Yoast SEO plugin. -->","yoast_head_json":{"title":"NEU! BLACKZON Vyper SC Turbo 1\/16 4WD 2S Brushless - RC Zone | Funkgesteuerte Autos","robots":{"index":"index","follow":"follow","max-snippet":"max-snippet:-1","max-image-preview":"max-image-preview:large","max-video-preview":"max-video-preview:-1"},"canonical":"https:\/\/rczone.ee\/de\/product-2\/blackzon-vyper-sc-turbo-1-16-4wd-2s-brushless\/","og_locale":"de_DE","og_type":"article","og_title":"UUS! BLACKZON Vyper SC Turbo 1\/16 4WD 2S Brushless - RC Zone | Raadio teel juhitavad autod","og_description":"Rate: Expert  Kasutaja vanuseklass: 14+  Kategooria: Short Course Truck  Skaala: 1:16  Vedav sild: 4WD  Max kiirus: 42 km\/h  Komplekteeritus: Ready-To-Run  Energia: Elekter","og_url":"https:\/\/rczone.ee\/de\/product-2\/blackzon-vyper-sc-turbo-1-16-4wd-2s-brushless\/","og_site_name":"RC Zone | Raadio teel juhitavad autod","article_publisher":"https:\/\/www.facebook.com\/rczone.ee","article_modified_time":"2026-01-24T19:10:28+00:00","og_image":[{"width":800,"height":800,"url":"https:\/\/rczone.ee\/wp-content\/uploads\/2026\/01\/540275_01-1.jpg","type":"image\/jpeg"}],"twitter_card":"summary_large_image","twitter_misc":{"Gesch\u00e4tzte Lesezeit":"3\u00a0Minuten"},"schema":{"@context":"https:\/\/schema.org","@graph":[{"@type":"WebPage","@id":"https:\/\/rczone.ee\/toode\/blackzon-vyper-sc-turbo-1-16-4wd-2s-brushless\/","url":"https:\/\/rczone.ee\/toode\/blackzon-vyper-sc-turbo-1-16-4wd-2s-brushless\/","name":"NEU! BLACKZON Vyper SC Turbo 1\/16 4WD 2S Brushless - RC Zone | Funkgesteuerte Autos","isPartOf":{"@id":"https:\/\/rczone.ee\/#website"},"primaryImageOfPage":{"@id":"https:\/\/rczone.ee\/toode\/blackzon-vyper-sc-turbo-1-16-4wd-2s-brushless\/#primaryimage"},"image":{"@id":"https:\/\/rczone.ee\/toode\/blackzon-vyper-sc-turbo-1-16-4wd-2s-brushless\/#primaryimage"},"thumbnailUrl":"https:\/\/rczone.ee\/wp-content\/uploads\/2026\/01\/540275_01-1.jpg","datePublished":"2026-01-14T19:27:13+00:00","dateModified":"2026-01-24T19:10:28+00:00","breadcrumb":{"@id":"https:\/\/rczone.ee\/toode\/blackzon-vyper-sc-turbo-1-16-4wd-2s-brushless\/#breadcrumb"},"inLanguage":"de","potentialAction":[{"@type":"ReadAction","target":["https:\/\/rczone.ee\/toode\/blackzon-vyper-sc-turbo-1-16-4wd-2s-brushless\/"]}]},{"@type":"ImageObject","inLanguage":"de","@id":"https:\/\/rczone.ee\/toode\/blackzon-vyper-sc-turbo-1-16-4wd-2s-brushless\/#primaryimage","url":"https:\/\/rczone.ee\/wp-content\/uploads\/2026\/01\/540275_01-1.jpg","contentUrl":"https:\/\/rczone.ee\/wp-content\/uploads\/2026\/01\/540275_01-1.jpg","width":800,"height":800},{"@type":"BreadcrumbList","@id":"https:\/\/rczone.ee\/toode\/blackzon-vyper-sc-turbo-1-16-4wd-2s-brushless\/#breadcrumb","itemListElement":[{"@type":"ListItem","position":1,"name":"Home","item":"https:\/\/rczone.ee\/"},{"@type":"ListItem","position":2,"name":"Shop","item":"https:\/\/rczone.ee\/shop\/"},{"@type":"ListItem","position":3,"name":"UUS! BLACKZON Vyper SC Turbo 1\/16 4WD 2S Brushless"}]},{"@type":"WebSite","@id":"https:\/\/rczone.ee\/#website","url":"https:\/\/rczone.ee\/","name":"RcZone","description":"RcZone - Online Shop f\u00fcr funkgesteuerte Autos. Wir verkaufen eine breite Palette von qualitativ hochwertigen und leistungsstarken RC-Autos. Schnelle Lieferung und g\u00fcnstige Preise.","publisher":{"@id":"https:\/\/rczone.ee\/#organization"},"potentialAction":[{"@type":"SearchAction","target":{"@type":"EntryPoint","urlTemplate":"https:\/\/rczone.ee\/?s={search_term_string}"},"query-input":{"@type":"PropertyValueSpecification","valueRequired":true,"valueName":"search_term_string"}}],"inLanguage":"de"},{"@type":"Organization","@id":"https:\/\/rczone.ee\/#organization","name":"RcZone","url":"https:\/\/rczone.ee\/","logo":{"@type":"ImageObject","inLanguage":"de","@id":"https:\/\/rczone.ee\/#\/schema\/logo\/image\/","url":"https:\/\/rczone.ee\/wp-content\/uploads\/2024\/01\/3D.png","contentUrl":"https:\/\/rczone.ee\/wp-content\/uploads\/2024\/01\/3D.png","width":2080,"height":602,"caption":"RcZone"},"image":{"@id":"https:\/\/rczone.ee\/#\/schema\/logo\/image\/"},"sameAs":["https:\/\/www.facebook.com\/rczone.ee"]}]}},"_links":{"self":[{"href":"https:\/\/rczone.ee\/de\/wp-json\/wp\/v2\/product\/5618","targetHints":{"allow":["GET"]}}],"collection":[{"href":"https:\/\/rczone.ee\/de\/wp-json\/wp\/v2\/product"}],"about":[{"href":"https:\/\/rczone.ee\/de\/wp-json\/wp\/v2\/types\/product"}],"replies":[{"embeddable":true,"href":"https:\/\/rczone.ee\/de\/wp-json\/wp\/v2\/comments?post=5618"}],"wp:featuredmedia":[{"embeddable":true,"href":"https:\/\/rczone.ee\/de\/wp-json\/wp\/v2\/media\/5639"}],"wp:attachment":[{"href":"https:\/\/rczone.ee\/de\/wp-json\/wp\/v2\/media?parent=5618"}],"wp:term":[{"taxonomy":"fits_model","embeddable":true,"href":"https:\/\/rczone.ee\/de\/wp-json\/wp\/v2\/fits_model?post=5618"},{"taxonomy":"product_brand","embeddable":true,"href":"https:\/\/rczone.ee\/de\/wp-json\/wp\/v2\/product_brand?post=5618"},{"taxonomy":"product_cat","embeddable":true,"href":"https:\/\/rczone.ee\/de\/wp-json\/wp\/v2\/product_cat?post=5618"},{"taxonomy":"product_tag","embeddable":true,"href":"https:\/\/rczone.ee\/de\/wp-json\/wp\/v2\/product_tag?post=5618"},{"taxonomy":"woo-feed-brand","embeddable":true,"href":"https:\/\/rczone.ee\/de\/wp-json\/wp\/v2\/woo-feed-brand?post=5618"}],"curies":[{"name":"wp","href":"https:\/\/api.w.org\/{rel}","templated":true}]}}