{"id":579,"date":"2024-04-14T22:14:51","date_gmt":"2024-04-14T19:14:51","guid":{"rendered":"https:\/\/rczone.ee\/?post_type=product&#038;p=579"},"modified":"2025-12-22T11:27:14","modified_gmt":"2025-12-22T09:27:14","slug":"wl-tech-habile-explorer-4wd-wl-124018-112","status":"publish","type":"product","link":"https:\/\/rczone.ee\/de\/toode\/wl-tech-habile-explorer-4wd-wl-124018-112\/","title":{"rendered":"WL Tech Habile Explorer 4WD WL 124018 1:12"},"content":{"rendered":"<div>Dieses aggressiv aussehende vierr\u00e4drige Bagi eignet sich gut f\u00fcr Liebhaber von Unterfu\u00dfmodellen und bietet einen pl\u00f6tzlichen Geschwindigkeitsschub und jede Menge Adrenalin. Die Maschine erreicht eine Geschwindigkeit von bis zu 55 km\/h und das Lenkrad l\u00e4sst sich bis zu 100 m weit ausfahren. Die Karosserie des Modells besteht aus einer robusten Aluminiumlegierung. Das Traktionssystem aus Metall und die Sto\u00dfd\u00e4mpfer sorgen f\u00fcr Langlebigkeit auch unter schwierigen Bedingungen. Das Auto wird mit einem 7,4V 2200 mAh Akku geliefert. (4*AA-Batterien f\u00fcr die Fernbedienung erforderlich, nicht im Lieferumfang enthalten).  Die Aufladezeit betr\u00e4gt ca. 3 Stunden, die Fahrzeit ca. 9 Minuten.<\/div>\n<div>Abmessungen: 36 x 20,5 x 14 cm<\/div>\n<div><\/div>\n<div style=\"padding: 153.55% 0 0 0; position: relative;\"><iframe style=\"position: absolute; top: 0; left: 0; width: 100%; height: 100%;\" title=\"WL1240xx\" src=\"https:\/\/player.vimeo.com\/video\/928563903?badge=0&amp;autopause=0&amp;player_id=0&amp;app_id=58479\" frameborder=\"0\"><\/iframe><\/div>\n<p><script src=\"https:\/\/player.vimeo.com\/api\/player.js\"><\/script><\/p>\n<p><img decoding=\"async\" class=\"alignnone size-medium wp-image-586\" src=\"https:\/\/rczone.ee\/wp-content\/uploads\/2024\/04\/06-400x400.jpg\" alt=\"\" width=\"400\" height=\"400\" srcset=\"https:\/\/rczone.ee\/wp-content\/uploads\/2024\/04\/06-400x400.jpg 400w, https:\/\/rczone.ee\/wp-content\/uploads\/2024\/04\/06-800x800.jpg 800w, https:\/\/rczone.ee\/wp-content\/uploads\/2024\/04\/06-280x280.jpg 280w, https:\/\/rczone.ee\/wp-content\/uploads\/2024\/04\/06-768x768.jpg 768w, https:\/\/rczone.ee\/wp-content\/uploads\/2024\/04\/06-450x450.jpg 450w, https:\/\/rczone.ee\/wp-content\/uploads\/2024\/04\/06-900x900.jpg 900w, https:\/\/rczone.ee\/wp-content\/uploads\/2024\/04\/06-100x100.jpg 100w, https:\/\/rczone.ee\/wp-content\/uploads\/2024\/04\/06.jpg 1000w\" sizes=\"(max-width: 400px) 100vw, 400px\" \/> <img decoding=\"async\" class=\"alignnone size-medium wp-image-587\" src=\"https:\/\/rczone.ee\/wp-content\/uploads\/2024\/04\/08-400x400.jpg\" alt=\"\" width=\"400\" height=\"400\" srcset=\"https:\/\/rczone.ee\/wp-content\/uploads\/2024\/04\/08-400x400.jpg 400w, https:\/\/rczone.ee\/wp-content\/uploads\/2024\/04\/08-800x800.jpg 800w, https:\/\/rczone.ee\/wp-content\/uploads\/2024\/04\/08-280x280.jpg 280w, https:\/\/rczone.ee\/wp-content\/uploads\/2024\/04\/08-768x768.jpg 768w, https:\/\/rczone.ee\/wp-content\/uploads\/2024\/04\/08-450x450.jpg 450w, https:\/\/rczone.ee\/wp-content\/uploads\/2024\/04\/08-900x900.jpg 900w, https:\/\/rczone.ee\/wp-content\/uploads\/2024\/04\/08-100x100.jpg 100w, https:\/\/rczone.ee\/wp-content\/uploads\/2024\/04\/08.jpg 1000w\" sizes=\"(max-width: 400px) 100vw, 400px\" \/> <img decoding=\"async\" class=\"alignnone size-medium wp-image-588\" src=\"https:\/\/rczone.ee\/wp-content\/uploads\/2024\/04\/09-400x400.jpg\" alt=\"\" width=\"400\" height=\"400\" srcset=\"https:\/\/rczone.ee\/wp-content\/uploads\/2024\/04\/09-400x400.jpg 400w, https:\/\/rczone.ee\/wp-content\/uploads\/2024\/04\/09-800x800.jpg 800w, https:\/\/rczone.ee\/wp-content\/uploads\/2024\/04\/09-280x280.jpg 280w, https:\/\/rczone.ee\/wp-content\/uploads\/2024\/04\/09-768x768.jpg 768w, https:\/\/rczone.ee\/wp-content\/uploads\/2024\/04\/09-450x450.jpg 450w, https:\/\/rczone.ee\/wp-content\/uploads\/2024\/04\/09-900x900.jpg 900w, https:\/\/rczone.ee\/wp-content\/uploads\/2024\/04\/09-100x100.jpg 100w, https:\/\/rczone.ee\/wp-content\/uploads\/2024\/04\/09.jpg 1000w\" sizes=\"(max-width: 400px) 100vw, 400px\" \/> <img decoding=\"async\" class=\"alignnone size-medium wp-image-589\" src=\"https:\/\/rczone.ee\/wp-content\/uploads\/2024\/04\/010-400x400.jpg\" alt=\"\" width=\"400\" height=\"400\" srcset=\"https:\/\/rczone.ee\/wp-content\/uploads\/2024\/04\/010-400x400.jpg 400w, https:\/\/rczone.ee\/wp-content\/uploads\/2024\/04\/010-800x800.jpg 800w, https:\/\/rczone.ee\/wp-content\/uploads\/2024\/04\/010-280x280.jpg 280w, https:\/\/rczone.ee\/wp-content\/uploads\/2024\/04\/010-768x768.jpg 768w, https:\/\/rczone.ee\/wp-content\/uploads\/2024\/04\/010-450x450.jpg 450w, https:\/\/rczone.ee\/wp-content\/uploads\/2024\/04\/010-900x900.jpg 900w, https:\/\/rczone.ee\/wp-content\/uploads\/2024\/04\/010-100x100.jpg 100w, https:\/\/rczone.ee\/wp-content\/uploads\/2024\/04\/010.jpg 1000w\" sizes=\"(max-width: 400px) 100vw, 400px\" \/><\/p>","protected":false},"excerpt":{"rendered":"<ul>\n<li style=\"line-height: 1; padding-top: 20px;\">Level: Experte<\/li>\n<li style=\"line-height: 1;\">Alter der Benutzer: 14+<\/li>\n<li style=\"line-height: 1;\">Kategorie: Buggy<\/li>\n<li style=\"line-height: 1;\">Ma\u00dfstab: 1:12<\/li>\n<li style=\"line-height: 1;\">Antriebsart: 4WD<\/li>\n<li style=\"line-height: 1;\">H\u00f6chstgeschwindigkeit: 55 km\/h<\/li>\n<li style=\"line-height: 1;\">Fertigstellung: Ready-To-Run<\/li>\n<li style=\"line-height: 1;\">Energie: Elektrizit\u00e4t<\/li>\n<\/ul>","protected":false},"featured_media":580,"comment_status":"open","ping_status":"closed","template":"","meta":{"_monsterinsights_skip_tracking":false,"_monsterinsights_sitenote_active":false,"_monsterinsights_sitenote_note":"","_monsterinsights_sitenote_category":0},"fits_model":[],"product_brand":[],"product_cat":[29],"product_tag":[84],"woo-feed-brand":[],"class_list":{"0":"post-579","1":"product","2":"type-product","3":"status-publish","4":"has-post-thumbnail","6":"product_cat-buggy","7":"product_tag-standard","9":"first","10":"instock","11":"taxable","12":"shipping-taxable","13":"purchasable","14":"product-type-simple"},"yoast_head":"<!-- This site is optimized with the Yoast SEO plugin v27.3 - https:\/\/yoast.com\/product\/yoast-seo-wordpress\/ -->\n<title>WL Tech Habile Explorer 4WD WL 124018 1:12 - RC Zone | Raadio teel juhitavad autod<\/title>\n<meta name=\"robots\" content=\"index, follow, max-snippet:-1, max-image-preview:large, max-video-preview:-1\" \/>\n<link rel=\"canonical\" href=\"https:\/\/rczone.ee\/de\/product-2\/wl-tech-habile-explorer-4wd-wl-124018-112\/\" \/>\n<meta property=\"og:locale\" content=\"de_DE\" \/>\n<meta property=\"og:type\" content=\"article\" \/>\n<meta property=\"og:title\" content=\"WL Tech Habile Explorer 4WD WL 124018 1:12 - RC Zone | Raadio teel juhitavad autod\" \/>\n<meta property=\"og:description\" content=\"Rate: Expert  Kasutaja vanuseklass: 14+  Kategooria: Buggy  Skaala: 1:12  Vedav sild: 4WD  Max kiirus: 55 km\/h  Komplekteeritus: Ready-To-Run  Energia: Elekter\" \/>\n<meta property=\"og:url\" content=\"https:\/\/rczone.ee\/de\/product-2\/wl-tech-habile-explorer-4wd-wl-124018-112\/\" \/>\n<meta property=\"og:site_name\" content=\"RC Zone | Raadio teel juhitavad autod\" \/>\n<meta property=\"article:publisher\" content=\"https:\/\/www.facebook.com\/rczone.ee\" \/>\n<meta property=\"article:modified_time\" content=\"2025-12-22T09:27:14+00:00\" \/>\n<meta property=\"og:image\" content=\"https:\/\/rczone.ee\/wp-content\/uploads\/2024\/04\/1.jpg\" \/>\n\t<meta property=\"og:image:width\" content=\"1000\" \/>\n\t<meta property=\"og:image:height\" content=\"1000\" \/>\n\t<meta property=\"og:image:type\" content=\"image\/jpeg\" \/>\n<meta name=\"twitter:card\" content=\"summary_large_image\" \/>\n<meta name=\"twitter:label1\" content=\"Gesch\u00e4tzte Lesezeit\" \/>\n\t<meta name=\"twitter:data1\" content=\"2\u00a0Minuten\" \/>\n<script type=\"application\/ld+json\" class=\"yoast-schema-graph\">{\"@context\":\"https:\\\/\\\/schema.org\",\"@graph\":[{\"@type\":\"WebPage\",\"@id\":\"https:\\\/\\\/rczone.ee\\\/toode\\\/wl-tech-habile-explorer-4wd-wl-124018-112\\\/\",\"url\":\"https:\\\/\\\/rczone.ee\\\/toode\\\/wl-tech-habile-explorer-4wd-wl-124018-112\\\/\",\"name\":\"WL Tech Habile Explorer 4WD WL 124018 1:12 - RC Zone | Raadio teel juhitavad autod\",\"isPartOf\":{\"@id\":\"https:\\\/\\\/rczone.ee\\\/#website\"},\"primaryImageOfPage\":{\"@id\":\"https:\\\/\\\/rczone.ee\\\/toode\\\/wl-tech-habile-explorer-4wd-wl-124018-112\\\/#primaryimage\"},\"image\":{\"@id\":\"https:\\\/\\\/rczone.ee\\\/toode\\\/wl-tech-habile-explorer-4wd-wl-124018-112\\\/#primaryimage\"},\"thumbnailUrl\":\"https:\\\/\\\/rczone.ee\\\/wp-content\\\/uploads\\\/2024\\\/04\\\/1.jpg\",\"datePublished\":\"2024-04-14T19:14:51+00:00\",\"dateModified\":\"2025-12-22T09:27:14+00:00\",\"breadcrumb\":{\"@id\":\"https:\\\/\\\/rczone.ee\\\/toode\\\/wl-tech-habile-explorer-4wd-wl-124018-112\\\/#breadcrumb\"},\"inLanguage\":\"de\",\"potentialAction\":[{\"@type\":\"ReadAction\",\"target\":[\"https:\\\/\\\/rczone.ee\\\/toode\\\/wl-tech-habile-explorer-4wd-wl-124018-112\\\/\"]}]},{\"@type\":\"ImageObject\",\"inLanguage\":\"de\",\"@id\":\"https:\\\/\\\/rczone.ee\\\/toode\\\/wl-tech-habile-explorer-4wd-wl-124018-112\\\/#primaryimage\",\"url\":\"https:\\\/\\\/rczone.ee\\\/wp-content\\\/uploads\\\/2024\\\/04\\\/1.jpg\",\"contentUrl\":\"https:\\\/\\\/rczone.ee\\\/wp-content\\\/uploads\\\/2024\\\/04\\\/1.jpg\",\"width\":1000,\"height\":1000},{\"@type\":\"BreadcrumbList\",\"@id\":\"https:\\\/\\\/rczone.ee\\\/toode\\\/wl-tech-habile-explorer-4wd-wl-124018-112\\\/#breadcrumb\",\"itemListElement\":[{\"@type\":\"ListItem\",\"position\":1,\"name\":\"Home\",\"item\":\"https:\\\/\\\/rczone.ee\\\/\"},{\"@type\":\"ListItem\",\"position\":2,\"name\":\"Shop\",\"item\":\"https:\\\/\\\/rczone.ee\\\/shop\\\/\"},{\"@type\":\"ListItem\",\"position\":3,\"name\":\"WL Tech Habile Explorer 4WD WL 124018 1:12\"}]},{\"@type\":\"WebSite\",\"@id\":\"https:\\\/\\\/rczone.ee\\\/#website\",\"url\":\"https:\\\/\\\/rczone.ee\\\/\",\"name\":\"RcZone\",\"description\":\"RcZone - Raadio teel juhitavate autode veebipood. M&uuml;&uuml;me laia valikut kvaliteetseid ja v&otilde;imsaid RC-autosid. Kiire tarne ja konkurentsiv&otilde;imelised hinnad.\",\"publisher\":{\"@id\":\"https:\\\/\\\/rczone.ee\\\/#organization\"},\"potentialAction\":[{\"@type\":\"SearchAction\",\"target\":{\"@type\":\"EntryPoint\",\"urlTemplate\":\"https:\\\/\\\/rczone.ee\\\/?s={search_term_string}\"},\"query-input\":{\"@type\":\"PropertyValueSpecification\",\"valueRequired\":true,\"valueName\":\"search_term_string\"}}],\"inLanguage\":\"de\"},{\"@type\":\"Organization\",\"@id\":\"https:\\\/\\\/rczone.ee\\\/#organization\",\"name\":\"RcZone\",\"url\":\"https:\\\/\\\/rczone.ee\\\/\",\"logo\":{\"@type\":\"ImageObject\",\"inLanguage\":\"de\",\"@id\":\"https:\\\/\\\/rczone.ee\\\/#\\\/schema\\\/logo\\\/image\\\/\",\"url\":\"https:\\\/\\\/rczone.ee\\\/wp-content\\\/uploads\\\/2024\\\/01\\\/3D.png\",\"contentUrl\":\"https:\\\/\\\/rczone.ee\\\/wp-content\\\/uploads\\\/2024\\\/01\\\/3D.png\",\"width\":2080,\"height\":602,\"caption\":\"RcZone\"},\"image\":{\"@id\":\"https:\\\/\\\/rczone.ee\\\/#\\\/schema\\\/logo\\\/image\\\/\"},\"sameAs\":[\"https:\\\/\\\/www.facebook.com\\\/rczone.ee\"]}]}<\/script>\n<!-- \/ Yoast SEO plugin. -->","yoast_head_json":{"title":"WL Tech Habile Explorer 4WD WL 124018 WL 124018 1:12 - RC Zone | Ferngesteuerte Autos","robots":{"index":"index","follow":"follow","max-snippet":"max-snippet:-1","max-image-preview":"max-image-preview:large","max-video-preview":"max-video-preview:-1"},"canonical":"https:\/\/rczone.ee\/de\/product-2\/wl-tech-habile-explorer-4wd-wl-124018-112\/","og_locale":"de_DE","og_type":"article","og_title":"WL Tech Habile Explorer 4WD WL 124018 1:12 - RC Zone | Raadio teel juhitavad autod","og_description":"Rate: Expert  Kasutaja vanuseklass: 14+  Kategooria: Buggy  Skaala: 1:12  Vedav sild: 4WD  Max kiirus: 55 km\/h  Komplekteeritus: Ready-To-Run  Energia: Elekter","og_url":"https:\/\/rczone.ee\/de\/product-2\/wl-tech-habile-explorer-4wd-wl-124018-112\/","og_site_name":"RC Zone | Raadio teel juhitavad autod","article_publisher":"https:\/\/www.facebook.com\/rczone.ee","article_modified_time":"2025-12-22T09:27:14+00:00","og_image":[{"width":1000,"height":1000,"url":"https:\/\/rczone.ee\/wp-content\/uploads\/2024\/04\/1.jpg","type":"image\/jpeg"}],"twitter_card":"summary_large_image","twitter_misc":{"Gesch\u00e4tzte Lesezeit":"2\u00a0Minuten"},"schema":{"@context":"https:\/\/schema.org","@graph":[{"@type":"WebPage","@id":"https:\/\/rczone.ee\/toode\/wl-tech-habile-explorer-4wd-wl-124018-112\/","url":"https:\/\/rczone.ee\/toode\/wl-tech-habile-explorer-4wd-wl-124018-112\/","name":"WL Tech Habile Explorer 4WD WL 124018 WL 124018 1:12 - RC Zone | Ferngesteuerte Autos","isPartOf":{"@id":"https:\/\/rczone.ee\/#website"},"primaryImageOfPage":{"@id":"https:\/\/rczone.ee\/toode\/wl-tech-habile-explorer-4wd-wl-124018-112\/#primaryimage"},"image":{"@id":"https:\/\/rczone.ee\/toode\/wl-tech-habile-explorer-4wd-wl-124018-112\/#primaryimage"},"thumbnailUrl":"https:\/\/rczone.ee\/wp-content\/uploads\/2024\/04\/1.jpg","datePublished":"2024-04-14T19:14:51+00:00","dateModified":"2025-12-22T09:27:14+00:00","breadcrumb":{"@id":"https:\/\/rczone.ee\/toode\/wl-tech-habile-explorer-4wd-wl-124018-112\/#breadcrumb"},"inLanguage":"de","potentialAction":[{"@type":"ReadAction","target":["https:\/\/rczone.ee\/toode\/wl-tech-habile-explorer-4wd-wl-124018-112\/"]}]},{"@type":"ImageObject","inLanguage":"de","@id":"https:\/\/rczone.ee\/toode\/wl-tech-habile-explorer-4wd-wl-124018-112\/#primaryimage","url":"https:\/\/rczone.ee\/wp-content\/uploads\/2024\/04\/1.jpg","contentUrl":"https:\/\/rczone.ee\/wp-content\/uploads\/2024\/04\/1.jpg","width":1000,"height":1000},{"@type":"BreadcrumbList","@id":"https:\/\/rczone.ee\/toode\/wl-tech-habile-explorer-4wd-wl-124018-112\/#breadcrumb","itemListElement":[{"@type":"ListItem","position":1,"name":"Home","item":"https:\/\/rczone.ee\/"},{"@type":"ListItem","position":2,"name":"Shop","item":"https:\/\/rczone.ee\/shop\/"},{"@type":"ListItem","position":3,"name":"WL Tech Habile Explorer 4WD WL 124018 1:12"}]},{"@type":"WebSite","@id":"https:\/\/rczone.ee\/#website","url":"https:\/\/rczone.ee\/","name":"RcZone","description":"RcZone - Online Shop f\u00fcr funkgesteuerte Autos. Wir verkaufen eine breite Palette von qualitativ hochwertigen und leistungsstarken RC-Autos. Schnelle Lieferung und g\u00fcnstige Preise.","publisher":{"@id":"https:\/\/rczone.ee\/#organization"},"potentialAction":[{"@type":"SearchAction","target":{"@type":"EntryPoint","urlTemplate":"https:\/\/rczone.ee\/?s={search_term_string}"},"query-input":{"@type":"PropertyValueSpecification","valueRequired":true,"valueName":"search_term_string"}}],"inLanguage":"de"},{"@type":"Organization","@id":"https:\/\/rczone.ee\/#organization","name":"RcZone","url":"https:\/\/rczone.ee\/","logo":{"@type":"ImageObject","inLanguage":"de","@id":"https:\/\/rczone.ee\/#\/schema\/logo\/image\/","url":"https:\/\/rczone.ee\/wp-content\/uploads\/2024\/01\/3D.png","contentUrl":"https:\/\/rczone.ee\/wp-content\/uploads\/2024\/01\/3D.png","width":2080,"height":602,"caption":"RcZone"},"image":{"@id":"https:\/\/rczone.ee\/#\/schema\/logo\/image\/"},"sameAs":["https:\/\/www.facebook.com\/rczone.ee"]}]}},"_links":{"self":[{"href":"https:\/\/rczone.ee\/de\/wp-json\/wp\/v2\/product\/579","targetHints":{"allow":["GET"]}}],"collection":[{"href":"https:\/\/rczone.ee\/de\/wp-json\/wp\/v2\/product"}],"about":[{"href":"https:\/\/rczone.ee\/de\/wp-json\/wp\/v2\/types\/product"}],"replies":[{"embeddable":true,"href":"https:\/\/rczone.ee\/de\/wp-json\/wp\/v2\/comments?post=579"}],"wp:featuredmedia":[{"embeddable":true,"href":"https:\/\/rczone.ee\/de\/wp-json\/wp\/v2\/media\/580"}],"wp:attachment":[{"href":"https:\/\/rczone.ee\/de\/wp-json\/wp\/v2\/media?parent=579"}],"wp:term":[{"taxonomy":"fits_model","embeddable":true,"href":"https:\/\/rczone.ee\/de\/wp-json\/wp\/v2\/fits_model?post=579"},{"taxonomy":"product_brand","embeddable":true,"href":"https:\/\/rczone.ee\/de\/wp-json\/wp\/v2\/product_brand?post=579"},{"taxonomy":"product_cat","embeddable":true,"href":"https:\/\/rczone.ee\/de\/wp-json\/wp\/v2\/product_cat?post=579"},{"taxonomy":"product_tag","embeddable":true,"href":"https:\/\/rczone.ee\/de\/wp-json\/wp\/v2\/product_tag?post=579"},{"taxonomy":"woo-feed-brand","embeddable":true,"href":"https:\/\/rczone.ee\/de\/wp-json\/wp\/v2\/woo-feed-brand?post=579"}],"curies":[{"name":"wp","href":"https:\/\/api.w.org\/{rel}","templated":true}]}}