{"id":1121,"date":"2024-09-14T17:59:58","date_gmt":"2024-09-14T14:59:58","guid":{"rendered":"https:\/\/rczone.ee\/?page_id=1121"},"modified":"2025-09-28T11:37:12","modified_gmt":"2025-09-28T08:37:12","slug":"akumulatoru-drosibas-rokasgramata","status":"publish","type":"page","link":"https:\/\/rczone.ee\/lv\/akudeohutusjuhend\/","title":{"rendered":"Litija akumulatoru dro\u0161\u012bbas rokasgr\u0101mata"},"content":{"rendered":"<div class=\"container section-title-container\" ><h3 class=\"section-title section-title-center\"><b aria-hidden=\"true\"><\/b><span class=\"section-title-main\" >Rokasgr\u0101mata par litija bateriju dro\u0161u lieto\u0161anu un uzglab\u0101\u0161anu<\/span><b aria-hidden=\"true\"><\/b><\/h3><\/div>\n\n<div class=\"row align-middle align-center\"  id=\"row-191146252\">\n\n\n\t<div id=\"col-2020286050\" class=\"col medium-10 small-12 large-10\"  >\n\t\t\t\t<div class=\"col-inner\"  >\n\t\t\t\n\t\t\t\n\n<h4><strong>Visp\u0101r\u012bg\u0101s dro\u0161\u012bbas pras\u012bbas:<\/strong><\/h4>\n<ol>\n<li><strong>Izvairieties no sa\u012bsin\u0101jumiem:<\/strong> P\u0101rliecinieties, ka akumulatora pozit\u012bvais un negat\u012bvais kontakts nekad nesaskaras. \u012assavienojums var izrais\u012bt akumulatora boj\u0101jumus, ugunsgr\u0113ku vai spr\u0101dzienu.<\/li>\n<li><strong>Uzglab\u0101\u0161ana:<\/strong> Akumulatorus vienm\u0113r uzglab\u0101jiet v\u0113s\u0101, saus\u0101 viet\u0101, prom no tie\u0161iem saules stariem un karstuma avotiem. Nekad neuzglab\u0101jiet akumulatorus temperat\u016br\u0101, kas zem\u0101ka par 0\u00b0C vai augst\u0101ka par 45\u00b0C (113\u00b0F).<\/li>\n<li><strong>Uzglab\u0101\u0161anas dro\u0161\u012bba:<\/strong> Baterijas j\u0101uzglab\u0101 \u012bpa\u0161\u0101 Li-po aizsargv\u0101ci\u0146\u0101 vai ugunsdro\u0161\u0101 met\u0101la\/keramikas futr\u0101l\u012b, izvairoties no saskares ar dego\u0161iem materi\u0101liem.<\/li>\n<li><strong>Da\u013c\u0113ja uzl\u0101de:<\/strong> Ja akumulatori netiek lietoti ilgu laiku (3-6 m\u0113ne\u0161us), turiet tos da\u013c\u0113ji uzl\u0101d\u0113tus (aptuveni 50% ietilp\u012bbas).<\/li>\n<li><strong>Meh\u0101niski boj\u0101jumi:<\/strong> Neizmantojiet vai neuzl\u0101d\u0113jiet akumulatoru, kas ir meh\u0101niski boj\u0101ts, piem\u0113ram, sasists vai sasists.<\/li>\n<li><strong>Akumulatora vizu\u0101la p\u0101rbaude:<\/strong> Pirms katras uzl\u0101des un lieto\u0161anas p\u0101rliecinieties, ka akumulators ir lab\u0101 vizu\u0101l\u0101 st\u0101vokl\u012b un nav boj\u0101ts.<\/li>\n<\/ol>\n<h4><strong>Akumulatoru uzl\u0101de:<\/strong><\/h4>\n<ol>\n<li><strong>Pareizais l\u0101d\u0113t\u0101js:<\/strong> Izmantojiet tikai akumulatoram piem\u0113rotu l\u0101d\u0113t\u0101ju. Li-po akumulatora uzl\u0101dei dr\u012bkst izmantot tikai sabalans\u0113tu Li-po akumulatoru l\u0101d\u0113t\u0101ju. Li-jonu akumulatora uzl\u0101dei izmantojiet tikai Li-jonu akumulatora l\u0101d\u0113t\u0101ju. Neatbilsto\u0161a l\u0101d\u0113t\u0101ja lieto\u0161ana var izrais\u012bt akumulatora boj\u0101jumus vai ugunsgr\u0113ku.<\/li>\n<li><strong>Univers\u0101l\u0101 l\u0101d\u0113t\u0101ja izmanto\u0161ana:<\/strong> Ja izmantojat univers\u0101lo l\u0101d\u0113t\u0101ju, p\u0101rliecinieties, vai tas ir iestat\u012bts uzl\u0101d\u0113t akumulatorus atbilsto\u0161i uzl\u0101d\u0113jam\u0101 akumulatora tipam (Li-po, Li-ion vai l\u012bdz\u012bgs). Izmantojot nepareizu programmu, var saboj\u0101t akumulatorus.<\/li>\n<li><strong>Uzl\u0101des virsma:<\/strong> Akumulatorus vienm\u0113r uzl\u0101d\u0113jiet uz ugunsdro\u0161as virsmas, piem\u0113ram, cementa, t\u0113rauda, keramikas vai akmens. Nekad neuzl\u0101d\u0113jiet akumulatorus uz koka vai cit\u0101m dego\u0161\u0101m virsm\u0101m.<\/li>\n<li><strong>Uzraudz\u012bba:<\/strong> Nekad neatst\u0101jiet uzl\u0101d\u0113jamu akumulatoru bez uzraudz\u012bbas. Uzl\u0101des laik\u0101 regul\u0101ri p\u0101rbaudiet akumulatora temperat\u016bru un izple\u0161anos.<\/li>\n<li><strong>Piet\u016bkums:<\/strong> Ja paman\u0101t piet\u016bkumu, nekav\u0113joties p\u0101rtrauciet uzl\u0101di un ievietojiet akumulatoru 30 min\u016btes nedego\u0161\u0101 trauk\u0101 nov\u0113ro\u0161anai.<\/li>\n<li><strong>P\u0101rl\u0101d\u0113\u0161ana un p\u0101rpild\u012b\u0161ana:<\/strong> Nekad neuzl\u0101d\u0113jiet akumulatoru, ja akumulatora spriegums p\u0101rsniedz 4,2 V. T\u0101pat nekad neizl\u0101d\u0113jiet akumulatoru zem 3,3 V uz akumulatoru. P\u0101rm\u0113r\u012bga izl\u0101de izrais\u012bs neatgriezeniskus akumulatora boj\u0101jumus un var padar\u012bt akumulatoru neuzl\u0101d\u0113jamu. Neatst\u0101jiet akumulatoru ier\u012bc\u0113 (piem\u0113ram, RC model\u012b, dron\u0101, instrument\u0101), jo pat tad, kad akumulators ir nekust\u012bgs, elektronika var l\u0113n\u0101m izl\u0101d\u0113t akumulatoru l\u012bdz b\u012bstamam l\u012bmenim.<\/li>\n<li><strong>Uzl\u0101de p\u0113c lieto\u0161anas:<\/strong> Neuzl\u0101d\u0113jiet akumulatoru uzreiz p\u0113c lieto\u0161anas; pirms uzl\u0101des \u013caujiet akumulatoram atdzist vismaz 30 min\u016btes.<\/li>\n<li><strong>Uzl\u0101de uz glab\u0101\u0161anas re\u017e\u012bmu:<\/strong> Ja akumulators netiks lietots ilg\u0101ku laiku, uzl\u0101d\u0113jiet to glab\u0101\u0161anas re\u017e\u012bm\u0101 (aptuveni 3,8-3,9 V uz elementu).<\/li>\n<li><strong>Dro\u0161a vide:<\/strong> Uzl\u0101des un izl\u0101des laik\u0101 akumulatoram j\u0101atrodas izol\u0113t\u0101 dro\u0161\u012bbas zon\u0101, prom no \u0113k\u0101m, transportl\u012bdzek\u013ciem un uzliesmojo\u0161iem materi\u0101liem. Vienm\u0113r izmantojiet ugunsdro\u0161u virsmu vai trauku.<\/li>\n<\/ol>\n<h4><strong>Akumulatoru apstr\u0101de un uzglab\u0101\u0161ana:<\/strong><\/h4>\n<ol>\n<li><strong>Izvair\u012bties no saskares ar met\u0101liem:<\/strong> Lai izvair\u012btos no \u012bssavienojuma, baterijas neglab\u0101jiet kabat\u0101s, som\u0101s vai atvilktn\u0113s ar met\u0101la priek\u0161metiem.<\/li>\n<li><strong>Ugunsgr\u0113ka risks:<\/strong> Uzglab\u0101t baterijas prom no uzliesmojo\u0161iem materi\u0101liem un \u0161\u0137idrumiem.<\/li>\n<li><strong>Aizsardz\u012bba:<\/strong> Nekad neatst\u0101jiet akumulatorus automa\u0161\u012bn\u0101 vai cit\u0101 sl\u0113gt\u0101 telp\u0101, kur temperat\u016bra var paaugstin\u0101ties l\u012bdz b\u012bstamam l\u012bmenim.<\/li>\n<li><strong>Temperat\u016bra:<\/strong> Neglab\u0101jiet baterijas atkl\u0101tas liesmas vai citu siltuma avotu tuvum\u0101. T\u0101pat neatst\u0101jiet t\u0101s tie\u0161os saules staros vai karst\u0101s viet\u0101s (piem\u0113ram, automa\u0161\u012bn\u0101).<\/li>\n<li><strong>Akumulatora demont\u0101\u017ea:<\/strong> Nedemont\u0113jiet r\u016bpn\u012bc\u0101 samont\u0113tus Li-po vai Li-ion akumulatorus un nemodific\u0113jiet to kabe\u013cus un savienot\u0101jus.<\/li>\n<li><strong>Sarg\u0101\u0161ana no b\u0113rniem:<\/strong> Vienm\u0113r glab\u0101jiet baterijas dro\u0161\u0101 viet\u0101, b\u0113rniem nepieejam\u0101 viet\u0101.<\/li>\n<li><strong>Baro\u0161ana:<\/strong> Lai nodro\u0161in\u0101tu akumulatora ilgm\u016b\u017e\u012bbu, ieteicams s\u0101kotn\u0113ji uzl\u0101d\u0113t un izl\u0101d\u0113t jauno Li-po akumulatoru tikai da\u013c\u0113ji (aptuveni 50% ietilp\u012bba) pirmo 10 ciklu laik\u0101.<\/li>\n<li><strong>Dro\u0161a vide glab\u0101\u0161anai:<\/strong> Uzglab\u0101jiet baterijas ugunsdro\u0161\u0101 trauk\u0101.<\/li>\n<li><strong>Atk\u0101rtotas p\u0101rbaudes:<\/strong> Vismaz reizi ned\u0113\u013c\u0101 p\u0101rbaudiet uzglab\u0101jamo akumulatoru st\u0101vokli. Neatst\u0101jiet akumulatorus ilgsto\u0161i bez uzraudz\u012bbas.<\/li>\n<li><strong>Ilgtermi\u0146a uzglab\u0101\u0161ana:<\/strong> Ja akumulatori tiek uzglab\u0101ti ilgsto\u0161i (ilg\u0101k par ned\u0113\u013cu), tie ir da\u013c\u0113ji j\u0101uzl\u0101d\u0113 (3,8-3,9 V uz elementu).<\/li>\n<\/ol>\n<h4><strong>Av\u0101rijas situ\u0101cijas un izn\u012bcin\u0101\u0161ana:<\/strong><\/h4>\n<ol>\n<li><strong>Ugunsdz\u0113s\u012bba:<\/strong> Ja akumulators aizdegas, izmantojiet sausas smiltis vai speci\u0101lu Li-po ugunsdz\u0113\u0161amo apar\u0101tu. Nedr\u012bkst dz\u0113st dego\u0161u Li-po vai Li-ion akumulatoru ar \u016bdeni!<\/li>\n<li><strong>Elektrol\u012bta nopl\u016bdes gad\u012bjum\u0101:<\/strong> Ja no akumulatora nopl\u016bst elektrol\u012bts un tas non\u0101k saskar\u0113 ar \u0101du, nekav\u0113joties nomazg\u0101jiet \u0161o vietu ar ziep\u0113m un \u016bdeni. Saskaroties ar ac\u012bm, vismaz 15 min\u016btes skalojiet ar v\u0113su \u016bdeni un nekav\u0113joties mekl\u0113jiet medic\u012bnisko pal\u012bdz\u012bbu.<\/li>\n<li><strong>Akumulatoru p\u0101rstr\u0101de:<\/strong> Piln\u012bb\u0101 izl\u0101d\u0113jiet akumulatoru un p\u0113c tam nog\u0101d\u0101jiet to viet\u0113j\u0101 atkritumu stacij\u0101 saska\u0146\u0101 ar viet\u0113j\u0101m b\u012bstamo atkritumu apsaimnieko\u0161anas pras\u012bb\u0101m.<\/li>\n<li><strong>Darbs ar boj\u0101tu akumulatoru:<\/strong> Ne\u0146emiet boj\u0101tu akumulatoru va\u013c\u0113j\u0101m rok\u0101m. Ja akumulators ir boj\u0101ts vai no t\u0101 ir nopl\u016bde, izmantojiet aizsardz\u012bbas l\u012bdzek\u013cus, piem\u0113ram, cimdus un aizsargbrilles.<\/li>\n<li><strong>P\u0101rbaudes p\u0113c av\u0101rijas:<\/strong> P\u0113c av\u0101rijas situ\u0101cijas nekav\u0113joties iz\u0146emiet akumulatoru no mode\u013ca un vismaz 30 min\u016btes uzraugiet to dro\u0161\u0101 viet\u0101, lai izvair\u012btos no ugunsb\u012bstam\u012bbas.<\/li>\n<\/ol>\n<p><strong>Vienm\u0113r iev\u0113rojiet un iev\u0113rojiet \u0161os nor\u0101d\u012bjumus, lai nodro\u0161in\u0101tu savu un citu dro\u0161\u012bbu. Ja jums ir k\u0101di jaut\u0101jumi vai nepiecie\u0161ama papildu inform\u0101cija, l\u016bdzu, sazinieties ar mums.<\/strong><\/p>\n\n\t\t<\/div>\n\t\t\t\t\t<\/div>\n\n\t\n\n<\/div>\n<div class=\"row align-middle align-center\"  id=\"row-2022887304\">\n\n\n\t<div id=\"col-977879041\" class=\"col medium-10 small-12 large-10\"  >\n\t\t\t\t<div class=\"col-inner\"  >\n\t\t\t\n\t\t\t\n\n<a href=\"https:\/\/rczone.ee\/lv\/\" target=\"_blank\" class=\"button primary is-large box-shadow-1 box-shadow-2-hover expand\" rel=\"noopener\" style=\"border-radius:10px;padding:0px 0px 0px 0px;\">\n\t\t<span>Atpaka\u013c uz veikalu<\/span>\n\t<\/a>\n\n\n\n\t\t<\/div>\n\t\t\t\t\t<\/div>\n\n\t\n\n\n<style>\n#row-2022887304 > .col > .col-inner {\n  padding: 50px 0px 0px 0px;\n}\n<\/style>\n<\/div>","protected":false},"excerpt":{"rendered":"","protected":false},"author":1,"featured_media":0,"parent":0,"menu_order":0,"comment_status":"closed","ping_status":"closed","template":"","meta":{"_monsterinsights_skip_tracking":false,"_monsterinsights_sitenote_active":false,"_monsterinsights_sitenote_note":"","_monsterinsights_sitenote_category":0,"footnotes":""},"class_list":["post-1121","page","type-page","status-publish","hentry"],"yoast_head":"<!-- This site is optimized with the Yoast SEO plugin v27.3 - https:\/\/yoast.com\/product\/yoast-seo-wordpress\/ -->\n<title>Liitiumakude ohutusjuhend - RC Zone | Raadio teel juhitavad autod<\/title>\n<meta name=\"robots\" content=\"index, follow, max-snippet:-1, max-image-preview:large, max-video-preview:-1\" \/>\n<link rel=\"canonical\" href=\"https:\/\/rczone.ee\/lv\/akumulatoru-drosibas-rokasgramata\/\" \/>\n<meta property=\"og:locale\" content=\"lv_LV\" \/>\n<meta property=\"og:type\" content=\"article\" \/>\n<meta property=\"og:title\" content=\"Liitiumakude ohutusjuhend - RC Zone | Raadio teel juhitavad autod\" \/>\n<meta property=\"og:url\" content=\"https:\/\/rczone.ee\/lv\/akumulatoru-drosibas-rokasgramata\/\" \/>\n<meta property=\"og:site_name\" content=\"RC Zone | Raadio teel juhitavad autod\" \/>\n<meta property=\"article:publisher\" content=\"https:\/\/www.facebook.com\/rczone.ee\" \/>\n<meta property=\"article:modified_time\" content=\"2025-09-28T08:37:12+00:00\" \/>\n<meta name=\"twitter:card\" content=\"summary_large_image\" \/>\n<meta name=\"twitter:label1\" content=\"Est. reading time\" \/>\n\t<meta name=\"twitter:data1\" content=\"4 min\u016btes\" \/>\n<script type=\"application\/ld+json\" class=\"yoast-schema-graph\">{\"@context\":\"https:\\\/\\\/schema.org\",\"@graph\":[{\"@type\":\"WebPage\",\"@id\":\"https:\\\/\\\/rczone.ee\\\/akudeohutusjuhend\\\/\",\"url\":\"https:\\\/\\\/rczone.ee\\\/akudeohutusjuhend\\\/\",\"name\":\"Liitiumakude ohutusjuhend - RC Zone | Raadio teel juhitavad autod\",\"isPartOf\":{\"@id\":\"https:\\\/\\\/rczone.ee\\\/#website\"},\"datePublished\":\"2024-09-14T14:59:58+00:00\",\"dateModified\":\"2025-09-28T08:37:12+00:00\",\"breadcrumb\":{\"@id\":\"https:\\\/\\\/rczone.ee\\\/akudeohutusjuhend\\\/#breadcrumb\"},\"inLanguage\":\"lv-LV\",\"potentialAction\":[{\"@type\":\"ReadAction\",\"target\":[\"https:\\\/\\\/rczone.ee\\\/akudeohutusjuhend\\\/\"]}]},{\"@type\":\"BreadcrumbList\",\"@id\":\"https:\\\/\\\/rczone.ee\\\/akudeohutusjuhend\\\/#breadcrumb\",\"itemListElement\":[{\"@type\":\"ListItem\",\"position\":1,\"name\":\"Home\",\"item\":\"https:\\\/\\\/rczone.ee\\\/\"},{\"@type\":\"ListItem\",\"position\":2,\"name\":\"Liitiumakude ohutusjuhend\"}]},{\"@type\":\"WebSite\",\"@id\":\"https:\\\/\\\/rczone.ee\\\/#website\",\"url\":\"https:\\\/\\\/rczone.ee\\\/\",\"name\":\"RcZone\",\"description\":\"RcZone - Raadio teel juhitavate autode veebipood. M&uuml;&uuml;me laia valikut kvaliteetseid ja v&otilde;imsaid RC-autosid. Kiire tarne ja konkurentsiv&otilde;imelised hinnad.\",\"publisher\":{\"@id\":\"https:\\\/\\\/rczone.ee\\\/#organization\"},\"potentialAction\":[{\"@type\":\"SearchAction\",\"target\":{\"@type\":\"EntryPoint\",\"urlTemplate\":\"https:\\\/\\\/rczone.ee\\\/?s={search_term_string}\"},\"query-input\":{\"@type\":\"PropertyValueSpecification\",\"valueRequired\":true,\"valueName\":\"search_term_string\"}}],\"inLanguage\":\"lv-LV\"},{\"@type\":\"Organization\",\"@id\":\"https:\\\/\\\/rczone.ee\\\/#organization\",\"name\":\"RcZone\",\"url\":\"https:\\\/\\\/rczone.ee\\\/\",\"logo\":{\"@type\":\"ImageObject\",\"inLanguage\":\"lv-LV\",\"@id\":\"https:\\\/\\\/rczone.ee\\\/#\\\/schema\\\/logo\\\/image\\\/\",\"url\":\"https:\\\/\\\/rczone.ee\\\/wp-content\\\/uploads\\\/2024\\\/01\\\/3D.png\",\"contentUrl\":\"https:\\\/\\\/rczone.ee\\\/wp-content\\\/uploads\\\/2024\\\/01\\\/3D.png\",\"width\":2080,\"height\":602,\"caption\":\"RcZone\"},\"image\":{\"@id\":\"https:\\\/\\\/rczone.ee\\\/#\\\/schema\\\/logo\\\/image\\\/\"},\"sameAs\":[\"https:\\\/\\\/www.facebook.com\\\/rczone.ee\"]}]}<\/script>\n<!-- \/ Yoast SEO plugin. -->","yoast_head_json":{"title":"Litija akumulatoru dro\u0161\u012bbas ce\u013cvedis - RC Zone | Radio vad\u0101mie automobi\u013ci","robots":{"index":"index","follow":"follow","max-snippet":"max-snippet:-1","max-image-preview":"max-image-preview:large","max-video-preview":"max-video-preview:-1"},"canonical":"https:\/\/rczone.ee\/lv\/akumulatoru-drosibas-rokasgramata\/","og_locale":"lv_LV","og_type":"article","og_title":"Liitiumakude ohutusjuhend - RC Zone | Raadio teel juhitavad autod","og_url":"https:\/\/rczone.ee\/lv\/akumulatoru-drosibas-rokasgramata\/","og_site_name":"RC Zone | Raadio teel juhitavad autod","article_publisher":"https:\/\/www.facebook.com\/rczone.ee","article_modified_time":"2025-09-28T08:37:12+00:00","twitter_card":"summary_large_image","twitter_misc":{"Est. reading time":"4 min\u016btes"},"schema":{"@context":"https:\/\/schema.org","@graph":[{"@type":"WebPage","@id":"https:\/\/rczone.ee\/akudeohutusjuhend\/","url":"https:\/\/rczone.ee\/akudeohutusjuhend\/","name":"Litija akumulatoru dro\u0161\u012bbas ce\u013cvedis - RC Zone | Radio vad\u0101mie automobi\u013ci","isPartOf":{"@id":"https:\/\/rczone.ee\/#website"},"datePublished":"2024-09-14T14:59:58+00:00","dateModified":"2025-09-28T08:37:12+00:00","breadcrumb":{"@id":"https:\/\/rczone.ee\/akudeohutusjuhend\/#breadcrumb"},"inLanguage":"lv-LV","potentialAction":[{"@type":"ReadAction","target":["https:\/\/rczone.ee\/akudeohutusjuhend\/"]}]},{"@type":"BreadcrumbList","@id":"https:\/\/rczone.ee\/akudeohutusjuhend\/#breadcrumb","itemListElement":[{"@type":"ListItem","position":1,"name":"Home","item":"https:\/\/rczone.ee\/"},{"@type":"ListItem","position":2,"name":"Liitiumakude ohutusjuhend"}]},{"@type":"WebSite","@id":"https:\/\/rczone.ee\/#website","url":"https:\/\/rczone.ee\/","name":"RcZone","description":"RcZone - Radio vad\u0101mo automobi\u013cu tie\u0161saistes veikals. M\u0113s p\u0101rdodam pla\u0161u augstas kvalit\u0101tes un jaud\u012bgu RC automobi\u013cu kl\u0101stu. \u0100tra pieg\u0101de un konkur\u0113tsp\u0113j\u012bgas cenas.","publisher":{"@id":"https:\/\/rczone.ee\/#organization"},"potentialAction":[{"@type":"SearchAction","target":{"@type":"EntryPoint","urlTemplate":"https:\/\/rczone.ee\/?s={search_term_string}"},"query-input":{"@type":"PropertyValueSpecification","valueRequired":true,"valueName":"search_term_string"}}],"inLanguage":"lv-LV"},{"@type":"Organization","@id":"https:\/\/rczone.ee\/#organization","name":"RcZone","url":"https:\/\/rczone.ee\/","logo":{"@type":"ImageObject","inLanguage":"lv-LV","@id":"https:\/\/rczone.ee\/#\/schema\/logo\/image\/","url":"https:\/\/rczone.ee\/wp-content\/uploads\/2024\/01\/3D.png","contentUrl":"https:\/\/rczone.ee\/wp-content\/uploads\/2024\/01\/3D.png","width":2080,"height":602,"caption":"RcZone"},"image":{"@id":"https:\/\/rczone.ee\/#\/schema\/logo\/image\/"},"sameAs":["https:\/\/www.facebook.com\/rczone.ee"]}]}},"_links":{"self":[{"href":"https:\/\/rczone.ee\/lv\/wp-json\/wp\/v2\/pages\/1121","targetHints":{"allow":["GET"]}}],"collection":[{"href":"https:\/\/rczone.ee\/lv\/wp-json\/wp\/v2\/pages"}],"about":[{"href":"https:\/\/rczone.ee\/lv\/wp-json\/wp\/v2\/types\/page"}],"author":[{"embeddable":true,"href":"https:\/\/rczone.ee\/lv\/wp-json\/wp\/v2\/users\/1"}],"replies":[{"embeddable":true,"href":"https:\/\/rczone.ee\/lv\/wp-json\/wp\/v2\/comments?post=1121"}],"version-history":[{"count":7,"href":"https:\/\/rczone.ee\/lv\/wp-json\/wp\/v2\/pages\/1121\/revisions"}],"predecessor-version":[{"id":4488,"href":"https:\/\/rczone.ee\/lv\/wp-json\/wp\/v2\/pages\/1121\/revisions\/4488"}],"wp:attachment":[{"href":"https:\/\/rczone.ee\/lv\/wp-json\/wp\/v2\/media?parent=1121"}],"curies":[{"name":"wp","href":"https:\/\/api.w.org\/{rel}","templated":true}]}}