{"id":1550,"date":"2024-10-19T15:52:13","date_gmt":"2024-10-19T12:52:13","guid":{"rendered":"https:\/\/rczone.ee\/?page_id=1550"},"modified":"2025-11-09T15:44:04","modified_gmt":"2025-11-09T13:44:04","slug":"atgriezties","status":"publish","type":"page","link":"https:\/\/rczone.ee\/lv\/tagastus\/","title":{"rendered":"Atgriezties uz"},"content":{"rendered":"<div class=\"container section-title-container\" ><h3 class=\"section-title section-title-center\"><b aria-hidden=\"true\"><\/b><span class=\"section-title-main\" >Atgriezties uz<\/span><b aria-hidden=\"true\"><\/b><\/h3><\/div>\n\n<div>\n<h3><strong>14 dienu atgrie\u0161anas politika<\/strong><\/h3>\n<p>Pirc\u0113jam ir ties\u012bbas atgriezt no e-veikala RcZone ieg\u0101d\u0101to preci 14 dienu laik\u0101 p\u0113c preces sa\u0146em\u0161anas. Atteikuma ties\u012bbas nav sp\u0113k\u0101, ja pirc\u0113js ir juridiska persona.<\/p>\n<h3><strong>Atgrie\u0161an\u0101s nosac\u012bjumi<\/strong><\/h3>\n<ol>\n<li>\n<p>Prec\u0113m j\u0101b\u016bt nelietot\u0101m, t\u012br\u0101m, bez defektiem un ori\u0123in\u0101laj\u0101 iepakojum\u0101.<\/p>\n<\/li>\n<li>Preces dr\u012bkst atv\u0113rt un ar t\u0101m r\u012bkoties tikai tikt\u0101l, cikt\u0101l tas nepiecie\u0161ams, lai p\u0101rbaud\u012btu to veidu, \u012bpa\u0161\u012bbas un darb\u012bbu - t\u0101pat k\u0101 fizisk\u0101 veikal\u0101.<\/li>\n<li>\n<p>Ja prec\u0113m ir lieto\u0161anas vai nolietojuma paz\u012bmes, RcZone ir ties\u012bbas samazin\u0101t atmaks\u0101jamo summu vai atteikties pie\u0146emt preces.<\/p>\n<\/li>\n<li>\n<p>Preces, kas izgatavotas p\u0113c \u012bpa\u0161a pas\u016bt\u012bjuma, vai preces, uz kur\u0101m neattiecas atteikuma ties\u012bbas higi\u0113nas apsv\u0113rumu d\u0113\u013c (piem\u0113ram, net\u012bras preces ar atv\u0113rtu iepakojumu), nevar atdot atpaka\u013c.<\/p>\n<\/li>\n<\/ol>\n<h3><strong>Atgrie\u0161anas process<\/strong><\/h3>\n<ol>\n<li>\n<p>Lai atteiktos no l\u012bguma, 14 dienu laik\u0101 p\u0113c pre\u010du sa\u0146em\u0161anas nos\u016btiet pazi\u0146ojumu pa e-pastu uz \u0161\u0101du adresi. <strong>info@rczone.ee<\/strong>.<\/p>\n<\/li>\n<li>\n<p>Visas ar atgrie\u0161anu saist\u012bt\u0101s izmaksas sedz pirc\u0113js, ja vien atgrie\u0161ana nav saist\u012bta ar to, ka nos\u016bt\u012btais produkts at\u0161\u0137iras no pas\u016bt\u012bt\u0101.<\/p>\n<\/li>\n<li>\n<p>Atgriezt\u0101s preces j\u0101nos\u016bta 14 dienu laik\u0101 no atteikuma piepras\u012bjuma datuma.<\/p>\n<\/li>\n<\/ol>\n<h3><strong>Naudas atdo\u0161ana<\/strong><\/h3>\n<p>RcZone atmaks\u0101s visus no pirc\u0113ja sa\u0146emtos maks\u0101jumus, ieskaitot s\u0101kotn\u0113j\u0101s pieg\u0101des izmaksas, 7 dienu laik\u0101 p\u0113c atgriezt\u0101s preces sa\u0146em\u0161anas vai nos\u016bt\u012b\u0161anas apliecin\u0101juma sa\u0146em\u0161anas, atkar\u012bb\u0101 no t\u0101, kas notiek agr\u0101k. Nauda tiks atmaks\u0101ta uz to pa\u0161u bankas kontu, no kura tika apmaks\u0101ts pas\u016bt\u012bjums.<\/p>\n<h3><strong>S\u016bdz\u012bbas iesnieg\u0161ana<\/strong><\/h3>\n<p>Ja izr\u0101d\u0101s, ka precei ir defekts, par to p\u0113c iesp\u0113jas \u0101tr\u0101k j\u0101inform\u0113 RcZone, rakstot uz \u0161\u0101du adresi. <strong>info@rczone.ee<\/strong>. Izmaksas, kas saist\u012btas ar boj\u0101to produktu atgrie\u0161anu un nomai\u0146u, sedz RcZone saska\u0146\u0101 ar Igaunijas Republikas ties\u012bbu aktiem.<\/p>\n<\/div>\n<h3><strong style=\"font-size: 20.16px;\">Klientu atbalsts: PIRMDIENA-PIEKTDIENA 9.00-17.00<\/strong><\/h3>\n<div>\n<p>Adrese: Tammelehe tee 22, Alliku, 76403 Harju apri\u0146\u0137is, Igaunija.<\/p>\n<p>T\u0101lr:\u00a0<span class=\"x4k7w5x x1h91t0o x1h9r5lt x1jfb8zj xv2umb2 x1beo9mf xaigb6o x12ejxvf x3igimt xarpa2k xedcshv x1lytzrv x1t2pt76 x7ja8zs x1qrby5j\"><span class=\"x193iq5w xeuugli x13faqbe x1vvkbs x1xmvt09 x1lliihq x1s928wv xhkezso x1gmr53x x1cpjm7i x1fgarty x1943h6x xudqn12 x3x7a5m x6prxxf xvq8zen xo1l8bm xzsf02u\" dir=\"auto\">+372 5613 4915<\/span><\/span><\/p>\n<p>E-pasts: <a href=\"mailto:info@rczone.ee\">info@rczone.ee<\/a><\/p>\n<\/div>\n\n\n\n<p><\/p>","protected":false},"excerpt":{"rendered":"","protected":false},"author":1,"featured_media":0,"parent":0,"menu_order":0,"comment_status":"closed","ping_status":"closed","template":"","meta":{"_monsterinsights_skip_tracking":false,"_monsterinsights_sitenote_active":false,"_monsterinsights_sitenote_note":"","_monsterinsights_sitenote_category":0,"footnotes":""},"class_list":["post-1550","page","type-page","status-publish","hentry"],"yoast_head":"<!-- This site is optimized with the Yoast SEO plugin v27.4 - https:\/\/yoast.com\/product\/yoast-seo-wordpress\/ -->\n<title>Tagastamine - RC Zone | Raadio teel juhitavad autod<\/title>\n<meta name=\"robots\" content=\"index, follow, max-snippet:-1, max-image-preview:large, max-video-preview:-1\" \/>\n<link rel=\"canonical\" href=\"https:\/\/rczone.ee\/lv\/atgriezties\/\" \/>\n<meta property=\"og:locale\" content=\"lv_LV\" \/>\n<meta property=\"og:type\" content=\"article\" \/>\n<meta property=\"og:title\" content=\"Tagastamine - RC Zone | Raadio teel juhitavad autod\" \/>\n<meta property=\"og:url\" content=\"https:\/\/rczone.ee\/lv\/atgriezties\/\" \/>\n<meta property=\"og:site_name\" content=\"RC Zone | Raadio teel juhitavad autod\" \/>\n<meta property=\"article:publisher\" content=\"https:\/\/www.facebook.com\/rczone.ee\" \/>\n<meta property=\"article:modified_time\" content=\"2025-11-09T13:44:04+00:00\" \/>\n<meta name=\"twitter:card\" content=\"summary_large_image\" \/>\n<meta name=\"twitter:label1\" content=\"Est. reading time\" \/>\n\t<meta name=\"twitter:data1\" content=\"2 min\u016btes\" \/>\n<script type=\"application\/ld+json\" class=\"yoast-schema-graph\">{\"@context\":\"https:\\\/\\\/schema.org\",\"@graph\":[{\"@type\":\"WebPage\",\"@id\":\"https:\\\/\\\/rczone.ee\\\/tagastus\\\/\",\"url\":\"https:\\\/\\\/rczone.ee\\\/tagastus\\\/\",\"name\":\"Tagastamine - RC Zone | Raadio teel juhitavad autod\",\"isPartOf\":{\"@id\":\"https:\\\/\\\/rczone.ee\\\/#website\"},\"datePublished\":\"2024-10-19T12:52:13+00:00\",\"dateModified\":\"2025-11-09T13:44:04+00:00\",\"breadcrumb\":{\"@id\":\"https:\\\/\\\/rczone.ee\\\/tagastus\\\/#breadcrumb\"},\"inLanguage\":\"lv-LV\",\"potentialAction\":[{\"@type\":\"ReadAction\",\"target\":[\"https:\\\/\\\/rczone.ee\\\/tagastus\\\/\"]}]},{\"@type\":\"BreadcrumbList\",\"@id\":\"https:\\\/\\\/rczone.ee\\\/tagastus\\\/#breadcrumb\",\"itemListElement\":[{\"@type\":\"ListItem\",\"position\":1,\"name\":\"Home\",\"item\":\"https:\\\/\\\/rczone.ee\\\/\"},{\"@type\":\"ListItem\",\"position\":2,\"name\":\"Tagastamine\"}]},{\"@type\":\"WebSite\",\"@id\":\"https:\\\/\\\/rczone.ee\\\/#website\",\"url\":\"https:\\\/\\\/rczone.ee\\\/\",\"name\":\"RcZone\",\"description\":\"RcZone - Raadio teel juhitavate autode veebipood. M&uuml;&uuml;me laia valikut kvaliteetseid ja v&otilde;imsaid RC-autosid. Kiire tarne ja konkurentsiv&otilde;imelised hinnad.\",\"publisher\":{\"@id\":\"https:\\\/\\\/rczone.ee\\\/#organization\"},\"potentialAction\":[{\"@type\":\"SearchAction\",\"target\":{\"@type\":\"EntryPoint\",\"urlTemplate\":\"https:\\\/\\\/rczone.ee\\\/?s={search_term_string}\"},\"query-input\":{\"@type\":\"PropertyValueSpecification\",\"valueRequired\":true,\"valueName\":\"search_term_string\"}}],\"inLanguage\":\"lv-LV\"},{\"@type\":\"Organization\",\"@id\":\"https:\\\/\\\/rczone.ee\\\/#organization\",\"name\":\"RcZone\",\"url\":\"https:\\\/\\\/rczone.ee\\\/\",\"logo\":{\"@type\":\"ImageObject\",\"inLanguage\":\"lv-LV\",\"@id\":\"https:\\\/\\\/rczone.ee\\\/#\\\/schema\\\/logo\\\/image\\\/\",\"url\":\"https:\\\/\\\/rczone.ee\\\/wp-content\\\/uploads\\\/2024\\\/01\\\/3D.png\",\"contentUrl\":\"https:\\\/\\\/rczone.ee\\\/wp-content\\\/uploads\\\/2024\\\/01\\\/3D.png\",\"width\":2080,\"height\":602,\"caption\":\"RcZone\"},\"image\":{\"@id\":\"https:\\\/\\\/rczone.ee\\\/#\\\/schema\\\/logo\\\/image\\\/\"},\"sameAs\":[\"https:\\\/\\\/www.facebook.com\\\/rczone.ee\"]}]}<\/script>\n<!-- \/ Yoast SEO plugin. -->","yoast_head_json":{"title":"Atgrie\u0161an\u0101s - RC Zone | Radio kontrol\u0113ti automobi\u013ci","robots":{"index":"index","follow":"follow","max-snippet":"max-snippet:-1","max-image-preview":"max-image-preview:large","max-video-preview":"max-video-preview:-1"},"canonical":"https:\/\/rczone.ee\/lv\/atgriezties\/","og_locale":"lv_LV","og_type":"article","og_title":"Tagastamine - RC Zone | Raadio teel juhitavad autod","og_url":"https:\/\/rczone.ee\/lv\/atgriezties\/","og_site_name":"RC Zone | Raadio teel juhitavad autod","article_publisher":"https:\/\/www.facebook.com\/rczone.ee","article_modified_time":"2025-11-09T13:44:04+00:00","twitter_card":"summary_large_image","twitter_misc":{"Est. reading time":"2 min\u016btes"},"schema":{"@context":"https:\/\/schema.org","@graph":[{"@type":"WebPage","@id":"https:\/\/rczone.ee\/tagastus\/","url":"https:\/\/rczone.ee\/tagastus\/","name":"Atgrie\u0161an\u0101s - RC Zone | Radio kontrol\u0113ti automobi\u013ci","isPartOf":{"@id":"https:\/\/rczone.ee\/#website"},"datePublished":"2024-10-19T12:52:13+00:00","dateModified":"2025-11-09T13:44:04+00:00","breadcrumb":{"@id":"https:\/\/rczone.ee\/tagastus\/#breadcrumb"},"inLanguage":"lv-LV","potentialAction":[{"@type":"ReadAction","target":["https:\/\/rczone.ee\/tagastus\/"]}]},{"@type":"BreadcrumbList","@id":"https:\/\/rczone.ee\/tagastus\/#breadcrumb","itemListElement":[{"@type":"ListItem","position":1,"name":"Home","item":"https:\/\/rczone.ee\/"},{"@type":"ListItem","position":2,"name":"Tagastamine"}]},{"@type":"WebSite","@id":"https:\/\/rczone.ee\/#website","url":"https:\/\/rczone.ee\/","name":"RcZone","description":"RcZone - Radio vad\u0101mo automobi\u013cu tie\u0161saistes veikals. M\u0113s p\u0101rdodam pla\u0161u augstas kvalit\u0101tes un jaud\u012bgu RC automobi\u013cu kl\u0101stu. \u0100tra pieg\u0101de un konkur\u0113tsp\u0113j\u012bgas cenas.","publisher":{"@id":"https:\/\/rczone.ee\/#organization"},"potentialAction":[{"@type":"SearchAction","target":{"@type":"EntryPoint","urlTemplate":"https:\/\/rczone.ee\/?s={search_term_string}"},"query-input":{"@type":"PropertyValueSpecification","valueRequired":true,"valueName":"search_term_string"}}],"inLanguage":"lv-LV"},{"@type":"Organization","@id":"https:\/\/rczone.ee\/#organization","name":"RcZone","url":"https:\/\/rczone.ee\/","logo":{"@type":"ImageObject","inLanguage":"lv-LV","@id":"https:\/\/rczone.ee\/#\/schema\/logo\/image\/","url":"https:\/\/rczone.ee\/wp-content\/uploads\/2024\/01\/3D.png","contentUrl":"https:\/\/rczone.ee\/wp-content\/uploads\/2024\/01\/3D.png","width":2080,"height":602,"caption":"RcZone"},"image":{"@id":"https:\/\/rczone.ee\/#\/schema\/logo\/image\/"},"sameAs":["https:\/\/www.facebook.com\/rczone.ee"]}]}},"_links":{"self":[{"href":"https:\/\/rczone.ee\/lv\/wp-json\/wp\/v2\/pages\/1550","targetHints":{"allow":["GET"]}}],"collection":[{"href":"https:\/\/rczone.ee\/lv\/wp-json\/wp\/v2\/pages"}],"about":[{"href":"https:\/\/rczone.ee\/lv\/wp-json\/wp\/v2\/types\/page"}],"author":[{"embeddable":true,"href":"https:\/\/rczone.ee\/lv\/wp-json\/wp\/v2\/users\/1"}],"replies":[{"embeddable":true,"href":"https:\/\/rczone.ee\/lv\/wp-json\/wp\/v2\/comments?post=1550"}],"version-history":[{"count":15,"href":"https:\/\/rczone.ee\/lv\/wp-json\/wp\/v2\/pages\/1550\/revisions"}],"predecessor-version":[{"id":4795,"href":"https:\/\/rczone.ee\/lv\/wp-json\/wp\/v2\/pages\/1550\/revisions\/4795"}],"wp:attachment":[{"href":"https:\/\/rczone.ee\/lv\/wp-json\/wp\/v2\/media?parent=1550"}],"curies":[{"name":"wp","href":"https:\/\/api.w.org\/{rel}","templated":true}]}}