{"id":1619,"date":"2024-10-23T20:27:32","date_gmt":"2024-10-23T17:27:32","guid":{"rendered":"https:\/\/rczone.ee\/?page_id=1619"},"modified":"2025-11-09T15:14:44","modified_gmt":"2025-11-09T13:14:44","slug":"kkk","status":"publish","type":"page","link":"https:\/\/rczone.ee\/lv\/kkk\/","title":{"rendered":"BIE\u017d\u0100K UZDOTIE JAUT\u0100JUMI"},"content":{"rendered":"<div class=\"container section-title-container\" ><h3 class=\"section-title section-title-center\"><b aria-hidden=\"true\"><\/b><span class=\"section-title-main\" >BIE\u017dI UZDOTIE JAUT\u0100JUMI<\/span><b aria-hidden=\"true\"><\/b><\/h3><\/div>\n\n<h3 class=\"accordion_title\">Visp\u0101r\u012bgi<\/h3><div class=\"accordion\">\n\n\t<div id=\"accordion-805803254\" class=\"accordion-item\">\n\t\t<a id=\"accordion-805803254-label\" class=\"accordion-title plain\" href=\"#accordion-item-kus-te-asute,-kas-teil-f\u00fc\u00fcsiline-pood-v\u00f5i-salong-ka-on?\" aria-expanded=\"false\" aria-controls=\"accordion-805803254-content\">\n\t\t\t<button class=\"toggle\" aria-label=\"P\u0101rsl\u0113gt\"><i class=\"icon-angle-down\" aria-hidden=\"true\"><\/i><\/button>\n\t\t\t<span>Kur j\u016bs atrodaties, vai jums ir fizisks veikals vai salons?<\/span>\n\t\t<\/a>\n\t\t<div id=\"accordion-805803254-content\" class=\"accordion-inner\" aria-labelledby=\"accordion-805803254-label\">\n\t\t\t\n\n<p>M\u0113s darbojamies Igaunij\u0101, Saue pagast\u0101, Alliku ciemat\u0101. M\u0113s darbojamies k\u0101 interneta veikals, fiziska salona mums pa\u0161laik nav.<\/p>\n<p>Visas preces m\u0113s nos\u016bt\u0101m pa\u0161i no m\u016bsu noliktavas uz vietas, izmantojot viet\u0113jos kurjerpasta uz\u0146\u0113mumus (Omniva, DPD, Itella Smartpost).<\/p>\n\n\t\t<\/div>\n\t<\/div>\n\t\n\n<\/div>\n<h3 class=\"accordion_title\">Pieg\u0101de uz<\/h3><div class=\"accordion\">\n\n\t<div id=\"accordion-533264079\" class=\"accordion-item\">\n\t\t<a id=\"accordion-533264079-label\" class=\"accordion-title plain\" href=\"#accordion-item-millistesse-riikidesse-tellida-saab?\" aria-expanded=\"false\" aria-controls=\"accordion-533264079-content\">\n\t\t\t<button class=\"toggle\" aria-label=\"P\u0101rsl\u0113gt\"><i class=\"icon-angle-down\" aria-hidden=\"true\"><\/i><\/button>\n\t\t\t<span>Uz kur\u0101m valst\u012bm es varu veikt pas\u016bt\u012bjumus?<\/span>\n\t\t<\/a>\n\t\t<div id=\"accordion-533264079-content\" class=\"accordion-inner\" aria-labelledby=\"accordion-533264079-label\">\n\t\t\t\n\n<p>Pas\u016bt\u012bjumus var veikt no Igaunijas, Latvijas, Lietuvas, Somijas un V\u0101cijas.\u00a0<\/p>\n\n\t\t<\/div>\n\t<\/div>\n\t\n\t<div id=\"accordion-3094638171\" class=\"accordion-item\">\n\t\t<a id=\"accordion-3094638171-label\" class=\"accordion-title plain\" href=\"#accordion-item-millal-tellitud-auto-kohale-j\u00f5uab?\" aria-expanded=\"false\" aria-controls=\"accordion-3094638171-content\">\n\t\t\t<button class=\"toggle\" aria-label=\"P\u0101rsl\u0113gt\"><i class=\"icon-angle-down\" aria-hidden=\"true\"><\/i><\/button>\n\t\t\t<span>Kad pas\u016bt\u012bt\u0101 automa\u0161\u012bna tiks pieg\u0101d\u0101ta?<\/span>\n\t\t<\/a>\n\t\t<div id=\"accordion-3094638171-content\" class=\"accordion-inner\" aria-labelledby=\"accordion-3094638171-label\">\n\t\t\t\n\n<p>Pas\u016btot no Igaunijas, m\u0113s parasti s\u016bt\u012bjumu nos\u016bt\u0101m 0-1 darba dienas laik\u0101. Parasti m\u0113s izmantojam paku termin\u0101\u013cus vai kurjerus. Kad preces ir nodotas kurjeram, t\u0101s parasti ierodas galam\u0113r\u0137\u012b n\u0101kamaj\u0101 darba dien\u0101 (Igaunij\u0101).<\/p>\n<p>Pas\u016bt\u012bt\u0101s preces tiks pieg\u0101d\u0101tas klientam Igaunij\u0101 1-3 darba dienu laik\u0101 no pas\u016bt\u012bjuma datuma (vid\u0113ji n\u0101kamaj\u0101 darba dien\u0101). Prec\u012bzs pieg\u0101des laiks ir nor\u0101d\u012bts pieg\u0101des lap\u0101: <a href=\"https:\/\/rczone.ee\/lv\/piegade-uz\/\">https:\/\/rczone.ee\/kohaletoimetamine\/<\/a><\/p>\n<p>Pas\u016btot no cit\u0101m valst\u012bm, pieg\u0101des laiks ir nedaudz ilg\u0101ks, ja kaimi\u0146valst\u012bs tas ir \u012bs\u0101ks par 1 ned\u0113\u013cu (piem\u0113ram, Somij\u0101 - 2-5 dienas, V\u0101cij\u0101 - 6-9 dienas).<\/p>\n\n\t\t<\/div>\n\t<\/div>\n\t\n\t<div id=\"accordion-202459894\" class=\"accordion-item\">\n\t\t<a id=\"accordion-202459894-label\" class=\"accordion-title plain\" href=\"#accordion-item-tellisin-kogemata-vale-auto,-kuidas-tagastada?\" aria-expanded=\"false\" aria-controls=\"accordion-202459894-content\">\n\t\t\t<button class=\"toggle\" aria-label=\"P\u0101rsl\u0113gt\"><i class=\"icon-angle-down\" aria-hidden=\"true\"><\/i><\/button>\n\t\t\t<span>Es nejau\u0161i pas\u016bt\u012bju nepareizo automa\u0161\u012bnu, k\u0101 to atgriezt?<\/span>\n\t\t<\/a>\n\t\t<div id=\"accordion-202459894-content\" class=\"accordion-inner\" aria-labelledby=\"accordion-202459894-label\">\n\t\t\t\n\n<p>Pas\u016bt\u012bt\u0101s preces var atgriezt 14 dienu laik\u0101 p\u0113c to sa\u0146em\u0161anas (iz\u0146emot juridiskas personas). Atgriezt\u0101s preces nedr\u012bkst izmantot citiem m\u0113r\u0137iem, iz\u0146emot to izskata un \u012bpa\u0161\u012bbu p\u0101rbaudi. Automa\u0161\u012bna pirms atgrie\u0161anas nedr\u012bkst b\u016bt braukta vai cit\u0101di izmantota, precei un iepakojumam j\u0101b\u016bt neboj\u0101tam, un precei j\u0101b\u016bt piln\u012bgai.<\/p>\n<p>Atgrie\u0161anas piepras\u012bjuma gad\u012bjum\u0101, l\u016bdzu, nos\u016btiet piepras\u012bjumu uz m\u016bsu e-pasta adresi. <a href=\"mailto:info@rczone.ee\">info@rczone.ee<\/a>, nor\u0101dot personas, kas veic pas\u016bt\u012bjumu, v\u0101rdu un uzv\u0101rdu, pas\u016bt\u012bjuma numuru un datumu, pas\u016bt\u012bto pre\u010du daudzumu, nosaukumu un cenu. Visas ar atgrie\u0161anu saist\u012bt\u0101s izmaksas sedz pirc\u0113js, ja vien atgrie\u0161ana nav saist\u012bta ar to, ka nos\u016bt\u012bt\u0101 prece at\u0161\u0137iras no pas\u016bt\u012bt\u0101s. Ja prece nav lietota, kad t\u0101 non\u0101k pie mums, un atbilst nosac\u012bjumiem, m\u0113s atmaks\u0101sim pirkuma summu 7 dienu laik\u0101 vai \u0101tr\u0101k.<\/p>\n<p>Vair\u0101k inform\u0101cijas \u0161eit: <a href=\"https:\/\/rczone.ee\/lv\/atgriezties\/\">https:\/\/rczone.ee\/tagastus\/<\/a><\/p>\n\n\t\t<\/div>\n\t<\/div>\n\t\n\t<div id=\"accordion-2920330531\" class=\"accordion-item\">\n\t\t<a id=\"accordion-2920330531-label\" class=\"accordion-title plain\" href=\"#accordion-item-auto-l\u00e4ks-kohe-esimesel-p\u00e4eval-katki,-kui-sellega-vastu-puud-s\u00f5itsin,-tahaks-tagastada.\" aria-expanded=\"false\" aria-controls=\"accordion-2920330531-content\">\n\t\t\t<button class=\"toggle\" aria-label=\"P\u0101rsl\u0113gt\"><i class=\"icon-angle-down\" aria-hidden=\"true\"><\/i><\/button>\n\t\t\t<span>Automa\u0161\u012bna sal\u016bza pirmaj\u0101 dien\u0101, kad ar to ietriecos kok\u0101, es grib\u0113tu to atdot.<\/span>\n\t\t<\/a>\n\t\t<div id=\"accordion-2920330531-content\" class=\"accordion-inner\" aria-labelledby=\"accordion-2920330531-label\">\n\t\t\t\n\n<p>Diem\u017e\u0113l lietotas automa\u0161\u012bnas vairs nevar atdot atpaka\u013c. Ja j\u016bsu automa\u0161\u012bna sal\u016bzt, kam\u0113r to vad\u0101t, varat sazin\u0101ties ar mums, lai sa\u0146emtu rezerves da\u013cas, rakstot uz \u0161\u0101du adresi. <a href=\"mailto:info@rczone.ee\">info@rczone.ee<\/a>.<\/p>\n<p>Vair\u0101k inform\u0101cijas \u0161eit: <a href=\"https:\/\/rczone.ee\/lv\/atgriezties\/\">https:\/\/rczone.ee\/tagastus\/<\/a><\/p>\n\n\t\t<\/div>\n\t<\/div>\n\t\n\n<\/div>\n<h3 class=\"accordion_title\">Produkti<\/h3><div class=\"accordion\">\n\n\t<div id=\"accordion-124460237\" class=\"accordion-item\">\n\t\t<a id=\"accordion-124460237-label\" class=\"accordion-title plain\" href=\"#accordion-item-kas-varuosasid-ka-m\u00fc\u00fcte?\" aria-expanded=\"false\" aria-controls=\"accordion-124460237-content\">\n\t\t\t<button class=\"toggle\" aria-label=\"P\u0101rsl\u0113gt\"><i class=\"icon-angle-down\" aria-hidden=\"true\"><\/i><\/button>\n\t\t\t<span>Vai j\u016bs p\u0101rdodat ar\u012b rezerves da\u013cas?<\/span>\n\t\t<\/a>\n\t\t<div id=\"accordion-124460237-content\" class=\"accordion-inner\" aria-labelledby=\"accordion-124460237-label\">\n\t\t\t\n\n<p>Liel\u0101k\u0101 da\u013ca visbie\u017e\u0101k sastopamo rezerves da\u013cu ir m\u016bsu noliktav\u0101, un t\u0101s ir pieejamas pas\u016bt\u012b\u0161anai m\u016bsu tie\u0161saistes veikal\u0101, un t\u0101s tiek pieg\u0101d\u0101tas \u0101tri.<\/p>\n<p>Ja j\u016bsu automa\u0161\u012bnai kaut kas sal\u016bzis un nepiecie\u0161am\u0101 rezerves da\u013ca nav pieejama vietn\u0113, varat sazin\u0101ties ar mums, lai sa\u0146emtu visas m\u016bsu r\u012bc\u012bb\u0101 eso\u0161\u0101s rezerves da\u013cas vis\u0101m m\u016bsu kl\u0101st\u0101 eso\u0161aj\u0101m automa\u0161\u012bn\u0101m, izmantojot e-pastu (<a href=\"mailto:info@rczone.ee\">info@rczone.ee<\/a>), un m\u0113s parasti varam pas\u016bt\u012bt nepiecie\u0161am\u0101s deta\u013cas no m\u016bsu pieg\u0101d\u0101t\u0101jiem.<\/p>\n\n\t\t<\/div>\n\t<\/div>\n\t\n\t<div id=\"accordion-1673307498\" class=\"accordion-item\">\n\t\t<a id=\"accordion-1673307498-label\" class=\"accordion-title plain\" href=\"#accordion-item-kas-saan-kahe-\u00fchesuguse-autoga-samaaegselt-v\u00f5idu-s\u00f5ita?\" aria-expanded=\"false\" aria-controls=\"accordion-1673307498-content\">\n\t\t\t<button class=\"toggle\" aria-label=\"P\u0101rsl\u0113gt\"><i class=\"icon-angle-down\" aria-hidden=\"true\"><\/i><\/button>\n\t\t\t<span>Vai es varu sacensties ar div\u0101m vien\u0101d\u0101m automa\u0161\u012bn\u0101m vienlaic\u012bgi?<\/span>\n\t\t<\/a>\n\t\t<div id=\"accordion-1673307498-content\" class=\"accordion-inner\" aria-labelledby=\"accordion-1673307498-label\">\n\t\t\t\n\n<p>J\u0101. Ir svar\u012bgi iesl\u0113gt iek\u0101rtas pareiz\u0101 sec\u012bb\u0101.<\/p>\n<p>Ir j\u0101iesl\u0113dz pirm\u0101 konsole, p\u0113c tam pirmais automobilis (kad iesl\u0113dzat automobili, tas autom\u0101tiski tiek savienots ar nepievienoto konsoli pla\u0161aj\u0101 zon\u0101). P\u0113c tam iesl\u0113dziet otro konsoli un tad otro automa\u0161\u012bnu. Automa\u0161\u012bnu skaits nav ierobe\u017eots, ja vien tiek iev\u0113rota pareiza iek\u0101rtu iesl\u0113g\u0161anas sec\u012bba.<\/p>\n\n\t\t<\/div>\n\t<\/div>\n\t\n\t<div id=\"accordion-1920973318\" class=\"accordion-item\">\n\t\t<a id=\"accordion-1920973318-label\" class=\"accordion-title plain\" href=\"#accordion-item-kas-auto-on-veekindel?\" aria-expanded=\"false\" aria-controls=\"accordion-1920973318-content\">\n\t\t\t<button class=\"toggle\" aria-label=\"P\u0101rsl\u0113gt\"><i class=\"icon-angle-down\" aria-hidden=\"true\"><\/i><\/button>\n\t\t\t<span>Vai automa\u0161\u012bna ir \u016bdensiztur\u012bga?<\/span>\n\t\t<\/a>\n\t\t<div id=\"accordion-1920973318-content\" class=\"accordion-inner\" aria-labelledby=\"accordion-1920973318-label\">\n\t\t\t\n\n<p>J\u0101izvair\u0101s no izlie\u0161anas. Neviens automobilis nevar iztur\u0113t iegremd\u0113\u0161anu \u016bden\u012b, kas var saboj\u0101t elektroniku.\u00a0<\/p>\n<p>Da\u017eu automobi\u013cu elektroniskie komponenti ir apstr\u0101d\u0101ti ar \u016bdensnecaurlaid\u012bgu l\u012bdzekli, lai pasarg\u0101tu tos no mitruma (tas ir nor\u0101d\u012bts automobi\u013ca aprakst\u0101). \u0160\u0101di automobi\u013ci var iztur\u0113t \u0161\u013cakatas un net\u012brumus, bet p\u0113c saslapin\u0101\u0161anas tie ir j\u0101nosusina.\u00a0<\/p>\n<p>Ja automa\u0161\u012bna piln\u012bb\u0101 iegrimst \u016bden\u012b, vispirms p\u0113c iesp\u0113jas \u0101tr\u0101k atvienojiet akumulatoru un nog\u0101d\u0101jiet to ugunsdro\u0161\u0101 viet\u0101, jo tas var aizdegties (ar\u012b p\u0113c tam). <span style=\"text-decoration: underline;\"><strong>\u016aden\u012b ieliju\u0161u litija akumulatoru vairs nedr\u012bkst lietot un p\u0113c iz\u017e\u016b\u0161anas tas ir pareizi j\u0101izn\u012bcina!<\/strong> <\/span>Automa\u0161\u012bnai ir j\u0101\u013cauj piln\u012bb\u0101 iz\u017e\u016bt, un past\u0101v ar\u012b iesp\u0113ja, ka t\u0101 ir neatgriezeniski boj\u0101ta.\u00a0<\/p>\n\n\t\t<\/div>\n\t<\/div>\n\t\n\t<div id=\"accordion-3701761802\" class=\"accordion-item\">\n\t\t<a id=\"accordion-3701761802-label\" class=\"accordion-title plain\" href=\"#accordion-item-miks-on-minu-rc-auto-esirattad-otseasendis-natuke-v\u00e4ljapoole-p\u00f6\u00f6ratud?-kas-see-on-normaalne?\" aria-expanded=\"false\" aria-controls=\"accordion-3701761802-content\">\n\t\t\t<button class=\"toggle\" aria-label=\"P\u0101rsl\u0113gt\"><i class=\"icon-angle-down\" aria-hidden=\"true\"><\/i><\/button>\n\t\t\t<span>K\u0101p\u0113c mana RC automobi\u013ca priek\u0161\u0113jie rite\u0146i, atrodoties taisn\u0101 poz\u012bcij\u0101, ir pagriezti nedaudz uz \u0101ru? Vai tas ir norm\u0101li?<\/span>\n\t\t<\/a>\n\t\t<div id=\"accordion-3701761802-content\" class=\"accordion-inner\" aria-labelledby=\"accordion-3701761802-label\">\n\t\t\t\n\n<p>Liel\u0101kajai da\u013cai RC automobi\u013cu (\u012bpa\u0161i apvidus mode\u013ciem) tas ir piln\u012bgi norm\u0101li un pat v\u0113lami iestat\u012bjumi. \u0160o par\u0101d\u012bbu sauc par \"<strong>Pirkstu \u0101r\u0101\"<\/strong>.<\/p>\n<p>\"Izvirziens uz \u0101rpusi\" noz\u012bm\u0113, ka, braucot taisni uz priek\u0161u, automa\u0161\u012bnas priek\u0161\u0113jie rite\u0146i ir nedaudz \"v\u0113rsti\" uz \u0101ru, nevis brauc piln\u012bgi paral\u0113li taisni uz priek\u0161u. \u0160is iestat\u012bjums uzlabo automa\u0161\u012bnas vad\u0101m\u012bbu uz nel\u012bdzenas virsmas un l\u012bkumu p\u0101rvar\u0113\u0161an\u0101. \"Toe-out\" liek automa\u0161\u012bnai \u0101tr\u0101k rea\u0123\u0113t uz st\u016bres rite\u0146a kust\u012bbu un padara iebrauk\u0161anu pagriezienos savlaic\u012bg\u0101ku un prec\u012bz\u0101ku. Tas ar\u012b pal\u012bdz saglab\u0101t virzienu uz nel\u012bdzena reljefa.<\/p>\n<p>\"Toe out\" padara automa\u0161\u012bnas priek\u0161pusi jut\u012bg\u0101ku pret st\u016bres kust\u012bb\u0101m un var padar\u012bt automa\u0161\u012bnu nedaudz nervoz\u0101ku pagriezienos. Tom\u0113r tas iev\u0113rojami uzlabo vad\u0101m\u012bbu un pagrieziena r\u0101diusu.<\/p>\n\n\t\t<\/div>\n\t<\/div>\n\t\n\t<div id=\"accordion-4293379706\" class=\"accordion-item\">\n\t\t<a id=\"accordion-4293379706-label\" class=\"accordion-title plain\" href=\"#accordion-item-kas-autole-kehtib-garantii?\" aria-expanded=\"false\" aria-controls=\"accordion-4293379706-content\">\n\t\t\t<button class=\"toggle\" aria-label=\"P\u0101rsl\u0113gt\"><i class=\"icon-angle-down\" aria-hidden=\"true\"><\/i><\/button>\n\t\t\t<span>Vai automa\u0161\u012bnai ir garantija?<\/span>\n\t\t<\/a>\n\t\t<div id=\"accordion-4293379706-content\" class=\"accordion-inner\" aria-labelledby=\"accordion-4293379706-label\">\n\t\t\t\n\n<p>M\u0113s nodro\u0161in\u0101m automobi\u013cu ekspluat\u0101cijas garantiju. \u0145emot v\u0113r\u0101 radio vad\u0101mo automobi\u013cu raksturu, m\u0113s nevaram uz\u0146emties atbild\u012bbu par defektiem, kas rodas p\u0113c pieg\u0101des pirc\u0113jam. Ja automa\u0161\u012bnai lieto\u0161anas laik\u0101 rodas boj\u0101jumi, m\u0113s varam pal\u012bdz\u0113t jums ieg\u0101d\u0101ties nepiecie\u0161am\u0101s rezerves da\u013cas vai, vienojoties, to salabot. Lai to izdar\u012btu, l\u016bdzu, sazinieties ar <a href=\"mailto:info@rczone.ee\">info@rczone.ee<\/a>.<\/p>\n<p>Vair\u0101k inform\u0101cijas: <a href=\"https:\/\/rczone.ee\/lv\/citi-noteikumi-un-nosacijumi\/\">https:\/\/rczone.ee\/muugitingimused\/<\/a><\/p>\n\n\t\t<\/div>\n\t<\/div>\n\t\n\n<\/div>","protected":false},"excerpt":{"rendered":"","protected":false},"author":1,"featured_media":0,"parent":0,"menu_order":0,"comment_status":"closed","ping_status":"closed","template":"","meta":{"_monsterinsights_skip_tracking":false,"_monsterinsights_sitenote_active":false,"_monsterinsights_sitenote_note":"","_monsterinsights_sitenote_category":0,"footnotes":""},"class_list":["post-1619","page","type-page","status-publish","hentry"],"yoast_head":"<!-- This site is optimized with the Yoast SEO plugin v27.3 - https:\/\/yoast.com\/product\/yoast-seo-wordpress\/ -->\n<title>KKK - RC Zone | Raadio teel juhitavad autod<\/title>\n<meta name=\"robots\" content=\"index, follow, max-snippet:-1, max-image-preview:large, max-video-preview:-1\" \/>\n<link rel=\"canonical\" href=\"https:\/\/rczone.ee\/lv\/kkk\/\" \/>\n<meta property=\"og:locale\" content=\"lv_LV\" \/>\n<meta property=\"og:type\" content=\"article\" \/>\n<meta property=\"og:title\" content=\"KKK - RC Zone | Raadio teel juhitavad autod\" \/>\n<meta property=\"og:url\" content=\"https:\/\/rczone.ee\/lv\/kkk\/\" \/>\n<meta property=\"og:site_name\" content=\"RC Zone | Raadio teel juhitavad autod\" \/>\n<meta property=\"article:publisher\" content=\"https:\/\/www.facebook.com\/rczone.ee\" \/>\n<meta property=\"article:modified_time\" content=\"2025-11-09T13:14:44+00:00\" \/>\n<meta name=\"twitter:card\" content=\"summary_large_image\" \/>\n<script type=\"application\/ld+json\" class=\"yoast-schema-graph\">{\"@context\":\"https:\\\/\\\/schema.org\",\"@graph\":[{\"@type\":\"WebPage\",\"@id\":\"https:\\\/\\\/rczone.ee\\\/kkk\\\/\",\"url\":\"https:\\\/\\\/rczone.ee\\\/kkk\\\/\",\"name\":\"KKK - RC Zone | Raadio teel juhitavad autod\",\"isPartOf\":{\"@id\":\"https:\\\/\\\/rczone.ee\\\/#website\"},\"datePublished\":\"2024-10-23T17:27:32+00:00\",\"dateModified\":\"2025-11-09T13:14:44+00:00\",\"breadcrumb\":{\"@id\":\"https:\\\/\\\/rczone.ee\\\/kkk\\\/#breadcrumb\"},\"inLanguage\":\"lv-LV\",\"potentialAction\":[{\"@type\":\"ReadAction\",\"target\":[\"https:\\\/\\\/rczone.ee\\\/kkk\\\/\"]}]},{\"@type\":\"BreadcrumbList\",\"@id\":\"https:\\\/\\\/rczone.ee\\\/kkk\\\/#breadcrumb\",\"itemListElement\":[{\"@type\":\"ListItem\",\"position\":1,\"name\":\"Home\",\"item\":\"https:\\\/\\\/rczone.ee\\\/\"},{\"@type\":\"ListItem\",\"position\":2,\"name\":\"KKK\"}]},{\"@type\":\"WebSite\",\"@id\":\"https:\\\/\\\/rczone.ee\\\/#website\",\"url\":\"https:\\\/\\\/rczone.ee\\\/\",\"name\":\"RcZone\",\"description\":\"RcZone - Raadio teel juhitavate autode veebipood. M&uuml;&uuml;me laia valikut kvaliteetseid ja v&otilde;imsaid RC-autosid. Kiire tarne ja konkurentsiv&otilde;imelised hinnad.\",\"publisher\":{\"@id\":\"https:\\\/\\\/rczone.ee\\\/#organization\"},\"potentialAction\":[{\"@type\":\"SearchAction\",\"target\":{\"@type\":\"EntryPoint\",\"urlTemplate\":\"https:\\\/\\\/rczone.ee\\\/?s={search_term_string}\"},\"query-input\":{\"@type\":\"PropertyValueSpecification\",\"valueRequired\":true,\"valueName\":\"search_term_string\"}}],\"inLanguage\":\"lv-LV\"},{\"@type\":\"Organization\",\"@id\":\"https:\\\/\\\/rczone.ee\\\/#organization\",\"name\":\"RcZone\",\"url\":\"https:\\\/\\\/rczone.ee\\\/\",\"logo\":{\"@type\":\"ImageObject\",\"inLanguage\":\"lv-LV\",\"@id\":\"https:\\\/\\\/rczone.ee\\\/#\\\/schema\\\/logo\\\/image\\\/\",\"url\":\"https:\\\/\\\/rczone.ee\\\/wp-content\\\/uploads\\\/2024\\\/01\\\/3D.png\",\"contentUrl\":\"https:\\\/\\\/rczone.ee\\\/wp-content\\\/uploads\\\/2024\\\/01\\\/3D.png\",\"width\":2080,\"height\":602,\"caption\":\"RcZone\"},\"image\":{\"@id\":\"https:\\\/\\\/rczone.ee\\\/#\\\/schema\\\/logo\\\/image\\\/\"},\"sameAs\":[\"https:\\\/\\\/www.facebook.com\\\/rczone.ee\"]}]}<\/script>\n<!-- \/ Yoast SEO plugin. -->","yoast_head_json":{"title":"Bie\u017ei uzdotie jaut\u0101jumi - RC Zone | Radio vad\u0101mie automobi\u013ci","robots":{"index":"index","follow":"follow","max-snippet":"max-snippet:-1","max-image-preview":"max-image-preview:large","max-video-preview":"max-video-preview:-1"},"canonical":"https:\/\/rczone.ee\/lv\/kkk\/","og_locale":"lv_LV","og_type":"article","og_title":"KKK - RC Zone | Raadio teel juhitavad autod","og_url":"https:\/\/rczone.ee\/lv\/kkk\/","og_site_name":"RC Zone | Raadio teel juhitavad autod","article_publisher":"https:\/\/www.facebook.com\/rczone.ee","article_modified_time":"2025-11-09T13:14:44+00:00","twitter_card":"summary_large_image","schema":{"@context":"https:\/\/schema.org","@graph":[{"@type":"WebPage","@id":"https:\/\/rczone.ee\/kkk\/","url":"https:\/\/rczone.ee\/kkk\/","name":"Bie\u017ei uzdotie jaut\u0101jumi - RC Zone | Radio vad\u0101mie automobi\u013ci","isPartOf":{"@id":"https:\/\/rczone.ee\/#website"},"datePublished":"2024-10-23T17:27:32+00:00","dateModified":"2025-11-09T13:14:44+00:00","breadcrumb":{"@id":"https:\/\/rczone.ee\/kkk\/#breadcrumb"},"inLanguage":"lv-LV","potentialAction":[{"@type":"ReadAction","target":["https:\/\/rczone.ee\/kkk\/"]}]},{"@type":"BreadcrumbList","@id":"https:\/\/rczone.ee\/kkk\/#breadcrumb","itemListElement":[{"@type":"ListItem","position":1,"name":"Home","item":"https:\/\/rczone.ee\/"},{"@type":"ListItem","position":2,"name":"KKK"}]},{"@type":"WebSite","@id":"https:\/\/rczone.ee\/#website","url":"https:\/\/rczone.ee\/","name":"RcZone","description":"RcZone - Radio vad\u0101mo automobi\u013cu tie\u0161saistes veikals. M\u0113s p\u0101rdodam pla\u0161u augstas kvalit\u0101tes un jaud\u012bgu RC automobi\u013cu kl\u0101stu. \u0100tra pieg\u0101de un konkur\u0113tsp\u0113j\u012bgas cenas.","publisher":{"@id":"https:\/\/rczone.ee\/#organization"},"potentialAction":[{"@type":"SearchAction","target":{"@type":"EntryPoint","urlTemplate":"https:\/\/rczone.ee\/?s={search_term_string}"},"query-input":{"@type":"PropertyValueSpecification","valueRequired":true,"valueName":"search_term_string"}}],"inLanguage":"lv-LV"},{"@type":"Organization","@id":"https:\/\/rczone.ee\/#organization","name":"RcZone","url":"https:\/\/rczone.ee\/","logo":{"@type":"ImageObject","inLanguage":"lv-LV","@id":"https:\/\/rczone.ee\/#\/schema\/logo\/image\/","url":"https:\/\/rczone.ee\/wp-content\/uploads\/2024\/01\/3D.png","contentUrl":"https:\/\/rczone.ee\/wp-content\/uploads\/2024\/01\/3D.png","width":2080,"height":602,"caption":"RcZone"},"image":{"@id":"https:\/\/rczone.ee\/#\/schema\/logo\/image\/"},"sameAs":["https:\/\/www.facebook.com\/rczone.ee"]}]}},"_links":{"self":[{"href":"https:\/\/rczone.ee\/lv\/wp-json\/wp\/v2\/pages\/1619","targetHints":{"allow":["GET"]}}],"collection":[{"href":"https:\/\/rczone.ee\/lv\/wp-json\/wp\/v2\/pages"}],"about":[{"href":"https:\/\/rczone.ee\/lv\/wp-json\/wp\/v2\/types\/page"}],"author":[{"embeddable":true,"href":"https:\/\/rczone.ee\/lv\/wp-json\/wp\/v2\/users\/1"}],"replies":[{"embeddable":true,"href":"https:\/\/rczone.ee\/lv\/wp-json\/wp\/v2\/comments?post=1619"}],"version-history":[{"count":25,"href":"https:\/\/rczone.ee\/lv\/wp-json\/wp\/v2\/pages\/1619\/revisions"}],"predecessor-version":[{"id":4794,"href":"https:\/\/rczone.ee\/lv\/wp-json\/wp\/v2\/pages\/1619\/revisions\/4794"}],"wp:attachment":[{"href":"https:\/\/rczone.ee\/lv\/wp-json\/wp\/v2\/media?parent=1619"}],"curies":[{"name":"wp","href":"https:\/\/api.w.org\/{rel}","templated":true}]}}