{"id":1696,"date":"2024-10-24T11:00:44","date_gmt":"2024-10-24T08:00:44","guid":{"rendered":"https:\/\/rczone.ee\/?page_id=1696"},"modified":"2025-12-25T14:56:58","modified_gmt":"2025-12-25T12:56:58","slug":"piegade-uz","status":"publish","type":"page","link":"https:\/\/rczone.ee\/lv\/kohaletoimetamine\/","title":{"rendered":"Pieg\u0101de uz"},"content":{"rendered":"<div class=\"container section-title-container\" ><h3 class=\"section-title section-title-center\"><b aria-hidden=\"true\"><\/b><span class=\"section-title-main\" >Pieg\u0101de uz<\/span><b aria-hidden=\"true\"><\/b><\/h3><\/div>\n\n<p>M\u0113s esam ap\u0146\u0113mu\u0161ies \u0101tri un bez sare\u017e\u0123\u012bjumiem pieg\u0101d\u0101t pas\u016bt\u012bjumus. M\u0113s pie\u0146emam pas\u016bt\u012bjumus <strong>No Igaunijas, Latvijas, Lietuvas un Somijas<\/strong>. \u0160eit ir sniegts detaliz\u0113ts p\u0101rskats par m\u016bsu pieg\u0101des procesu.<\/p>\n<h4>Pas\u016bt\u012bjumu apstr\u0101de un pieg\u0101des laiks<\/h4>\n<p>Tikl\u012bdz b\u016bsiet veicis pas\u016bt\u012bjumu, m\u016bsu komanda s\u0101ks t\u0101 apstr\u0101di. Grafiks ir \u0161\u0101ds:<\/p>\n<ul>\n<li>Darba laiks: pirmdien\u0101s-piecdien\u0101s 9:00-17:00<\/li>\n<li>Pas\u016bt\u012bjumu izpilde: no pirmdienas l\u012bdz piektdienai l\u012bdz 14:00 (GMT+02:00) Austrumeiropas laiks (Tallina).<\/li>\n<li>Pas\u016bt\u012bjuma apstr\u0101des un pieg\u0101des kurjerpasta uz\u0146\u0113mumam laiks: 0-1 darba diena.<\/li>\n<li>Kurjerpasta uz\u0146\u0113mumu pieg\u0101des laiki:\n<ul>\n<li>Igaunija: 1-2 darba dienas<\/li>\n<li>Latvija: 1-4 darba dienas<\/li>\n<li>Lietuva: 1-4 darba dienas<\/li>\n<li>Somija: 2-4 darba dienas<\/li>\n<\/ul>\n<\/li>\n<\/ul>\n<h4>Pas\u016bt\u012bjuma apstiprin\u0101jums<\/h4>\n<p>Kad pas\u016bt\u012bjums ir iesniegts, m\u0113s nekav\u0113joties nos\u016bt\u012bsim klientam e-pastu ar detaliz\u0113tu inform\u0101ciju par pas\u016bt\u012bjumu, lai apstiprin\u0101tu, ka pas\u016bt\u012bjums ir m\u016bs sasniedzis. Kad pas\u016bt\u012bjums b\u016bs nog\u0101d\u0101ts kurjerpasta uz\u0146\u0113mumam, m\u0113s nos\u016bt\u012bsim e-pastu ar pas\u016bt\u012bjuma izseko\u0161anas numuru k\u0101 apstiprin\u0101jumu.<\/p>\n<h4>Kurjerpasta uz\u0146\u0113mumi<\/h4>\n<p>Pre\u010du nos\u016bt\u012b\u0161anai m\u0113s izmantojam Unisend, Omniva, DPD un Smartpost pakalpojumus. Pieg\u0101des izmaksas ir \u0161\u0101das (EUR):<\/p>\n<table style=\"height: 242px;\" width=\"478\">\n<tbody>\n<tr>\n<td width=\"137\">EUR<\/td>\n<td style=\"text-align: center;\" width=\"64\">Igaunija<\/td>\n<td style=\"text-align: center;\" width=\"64\">Latvija<\/td>\n<td style=\"text-align: center;\" width=\"64\">Lietuva<\/td>\n<td style=\"text-align: center;\" width=\"64\">Somija<\/td>\n<\/tr>\n<tr>\n<td>Atvienojiet paku ma\u0161\u012bnu<\/td>\n<td style=\"text-align: center;\">1,59<\/td>\n<td style=\"text-align: center;\">2,43<\/td>\n<td style=\"text-align: center;\">2,43<\/td>\n<td style=\"text-align: center;\">n\/a<\/td>\n<\/tr>\n<tr>\n<td>DPD paku termin\u0101lis<\/td>\n<td style=\"text-align: center;\">2,99<\/td>\n<td style=\"text-align: center;\">4,89<\/td>\n<td style=\"text-align: center;\">4,89<\/td>\n<td style=\"text-align: center;\">12,39<\/td>\n<\/tr>\n<tr>\n<td>Omniva paku ma\u0161\u012bna<\/td>\n<td style=\"text-align: center;\">2,99<\/td>\n<td style=\"text-align: center;\">4,89<\/td>\n<td style=\"text-align: center;\">4,89<\/td>\n<td style=\"text-align: center;\">n\/a<\/td>\n<\/tr>\n<tr>\n<td>Smartmail paku ma\u0161\u012bna<\/td>\n<td style=\"text-align: center;\">5,95<\/td>\n<td style=\"text-align: center;\">n\/a<\/td>\n<td style=\"text-align: center;\">n\/a<\/td>\n<td style=\"text-align: center;\">9,30<\/td>\n<\/tr>\n<tr>\n<td>Omniva kurjers<\/td>\n<td style=\"text-align: center;\">6,71<\/td>\n<td style=\"text-align: center;\">8,91<\/td>\n<td style=\"text-align: center;\">8,91<\/td>\n<td style=\"text-align: center;\">n\/a<\/td>\n<\/tr>\n<tr>\n<td style=\"text-align: left;\">Smartpost Pasta noda\u013ca<\/td>\n<td style=\"text-align: center;\">n\/a<\/td>\n<td style=\"text-align: center;\">n\/a<\/td>\n<td style=\"text-align: center;\">n\/a<\/td>\n<td style=\"text-align: center;\">n\/a<\/td>\n<\/tr>\n<\/tbody>\n<\/table>\n<h4>Tr\u016bksto\u0161ais s\u016bt\u012bjums<\/h4>\n<p>Ja pas\u016bt\u012bjuma izseko\u0161anas inform\u0101cij\u0101 ir atz\u012bm\u0113ts, ka tas ir pieg\u0101d\u0101ts, bet nav sasniedzis j\u016bs, vispirms p\u0101rbaudiet pieg\u0101des adresi un kontaktinform\u0101ciju (tostarp t\u0101lru\u0146a numuru). Ja pas\u016bt\u012bjuma apstiprin\u0101jum\u0101 tie ir pareizi, nekav\u0113joties sazinieties ar mums pa e-pastu. <strong>info@rczone.ee<\/strong> un m\u0113s pa\u0161i to p\u0101rbaud\u012bsim. Ja s\u016bt\u012bjums nav atrodams un tiek pazaud\u0113ts k\u0101da iemesla d\u0113\u013c, ko izrais\u012bj\u0101m m\u0113s vai kurjerpasta uz\u0146\u0113mums, m\u0113s nos\u016bt\u012bsim jaunu s\u016bt\u012bjumu vai atmaks\u0101sim pas\u016bt\u012bjuma izmaksas (atkar\u012bb\u0101 no klienta v\u0113lm\u0113m).<\/p>\n<p><strong>Klientu atbalsts: PIRMDIENA-PIEKTDIENA 9.00-17.00<\/strong><\/p>\n<p><strong>Adrese:<\/strong> Tammelehe tee 22, Alliku, 76403 Harju apri\u0146\u0137is, Igaunija<\/p>\n<p>T\u0101lr:\u00a0<span class=\"x4k7w5x x1h91t0o x1h9r5lt x1jfb8zj xv2umb2 x1beo9mf xaigb6o x12ejxvf x3igimt xarpa2k xedcshv x1lytzrv x1t2pt76 x7ja8zs x1qrby5j\"><span class=\"x193iq5w xeuugli x13faqbe x1vvkbs x1xmvt09 x1lliihq x1s928wv xhkezso x1gmr53x x1cpjm7i x1fgarty x1943h6x xudqn12 x3x7a5m x6prxxf xvq8zen xo1l8bm xzsf02u\" dir=\"auto\">+372 5613 4915<\/span><\/span><\/p>\n<p>E-pasts: <a href=\"mailto:info@rczone.ee\">info@rczone.ee<\/a><\/p>\n<p>Paldies, ka izv\u0113l\u0113j\u0101ties RcZone.ee! M\u0113s dar\u012bsim visu iesp\u0113jamo, lai pieg\u0101d\u0101tu j\u016bsu pas\u016bt\u012bjumus \u0101tri un profesion\u0101li!<\/p>","protected":false},"excerpt":{"rendered":"","protected":false},"author":1,"featured_media":0,"parent":0,"menu_order":0,"comment_status":"closed","ping_status":"closed","template":"","meta":{"_monsterinsights_skip_tracking":false,"_monsterinsights_sitenote_active":false,"_monsterinsights_sitenote_note":"","_monsterinsights_sitenote_category":0,"footnotes":""},"class_list":["post-1696","page","type-page","status-publish","hentry"],"yoast_head":"<!-- This site is optimized with the Yoast SEO plugin v27.3 - https:\/\/yoast.com\/product\/yoast-seo-wordpress\/ -->\n<title>Kohaletoimetamine - RC Zone | Raadio teel juhitavad autod<\/title>\n<meta name=\"robots\" content=\"index, follow, max-snippet:-1, max-image-preview:large, max-video-preview:-1\" \/>\n<link rel=\"canonical\" href=\"https:\/\/rczone.ee\/lv\/piegade-uz\/\" \/>\n<meta property=\"og:locale\" content=\"lv_LV\" \/>\n<meta property=\"og:type\" content=\"article\" \/>\n<meta property=\"og:title\" content=\"Kohaletoimetamine - RC Zone | Raadio teel juhitavad autod\" \/>\n<meta property=\"og:url\" content=\"https:\/\/rczone.ee\/lv\/piegade-uz\/\" \/>\n<meta property=\"og:site_name\" content=\"RC Zone | Raadio teel juhitavad autod\" \/>\n<meta property=\"article:publisher\" content=\"https:\/\/www.facebook.com\/rczone.ee\" \/>\n<meta property=\"article:modified_time\" content=\"2025-12-25T12:56:58+00:00\" \/>\n<meta name=\"twitter:card\" content=\"summary_large_image\" \/>\n<meta name=\"twitter:label1\" content=\"Est. reading time\" \/>\n\t<meta name=\"twitter:data1\" content=\"2 min\u016btes\" \/>\n<script type=\"application\/ld+json\" class=\"yoast-schema-graph\">{\"@context\":\"https:\\\/\\\/schema.org\",\"@graph\":[{\"@type\":\"WebPage\",\"@id\":\"https:\\\/\\\/rczone.ee\\\/kohaletoimetamine\\\/\",\"url\":\"https:\\\/\\\/rczone.ee\\\/kohaletoimetamine\\\/\",\"name\":\"Kohaletoimetamine - RC Zone | Raadio teel juhitavad autod\",\"isPartOf\":{\"@id\":\"https:\\\/\\\/rczone.ee\\\/#website\"},\"datePublished\":\"2024-10-24T08:00:44+00:00\",\"dateModified\":\"2025-12-25T12:56:58+00:00\",\"breadcrumb\":{\"@id\":\"https:\\\/\\\/rczone.ee\\\/kohaletoimetamine\\\/#breadcrumb\"},\"inLanguage\":\"lv-LV\",\"potentialAction\":[{\"@type\":\"ReadAction\",\"target\":[\"https:\\\/\\\/rczone.ee\\\/kohaletoimetamine\\\/\"]}]},{\"@type\":\"BreadcrumbList\",\"@id\":\"https:\\\/\\\/rczone.ee\\\/kohaletoimetamine\\\/#breadcrumb\",\"itemListElement\":[{\"@type\":\"ListItem\",\"position\":1,\"name\":\"Home\",\"item\":\"https:\\\/\\\/rczone.ee\\\/\"},{\"@type\":\"ListItem\",\"position\":2,\"name\":\"Kohaletoimetamine\"}]},{\"@type\":\"WebSite\",\"@id\":\"https:\\\/\\\/rczone.ee\\\/#website\",\"url\":\"https:\\\/\\\/rczone.ee\\\/\",\"name\":\"RcZone\",\"description\":\"RcZone - Raadio teel juhitavate autode veebipood. M&uuml;&uuml;me laia valikut kvaliteetseid ja v&otilde;imsaid RC-autosid. Kiire tarne ja konkurentsiv&otilde;imelised hinnad.\",\"publisher\":{\"@id\":\"https:\\\/\\\/rczone.ee\\\/#organization\"},\"potentialAction\":[{\"@type\":\"SearchAction\",\"target\":{\"@type\":\"EntryPoint\",\"urlTemplate\":\"https:\\\/\\\/rczone.ee\\\/?s={search_term_string}\"},\"query-input\":{\"@type\":\"PropertyValueSpecification\",\"valueRequired\":true,\"valueName\":\"search_term_string\"}}],\"inLanguage\":\"lv-LV\"},{\"@type\":\"Organization\",\"@id\":\"https:\\\/\\\/rczone.ee\\\/#organization\",\"name\":\"RcZone\",\"url\":\"https:\\\/\\\/rczone.ee\\\/\",\"logo\":{\"@type\":\"ImageObject\",\"inLanguage\":\"lv-LV\",\"@id\":\"https:\\\/\\\/rczone.ee\\\/#\\\/schema\\\/logo\\\/image\\\/\",\"url\":\"https:\\\/\\\/rczone.ee\\\/wp-content\\\/uploads\\\/2024\\\/01\\\/3D.png\",\"contentUrl\":\"https:\\\/\\\/rczone.ee\\\/wp-content\\\/uploads\\\/2024\\\/01\\\/3D.png\",\"width\":2080,\"height\":602,\"caption\":\"RcZone\"},\"image\":{\"@id\":\"https:\\\/\\\/rczone.ee\\\/#\\\/schema\\\/logo\\\/image\\\/\"},\"sameAs\":[\"https:\\\/\\\/www.facebook.com\\\/rczone.ee\"]}]}<\/script>\n<!-- \/ Yoast SEO plugin. -->","yoast_head_json":{"title":"Pieg\u0101de - RC Zone | Radiovad\u0101mie automobi\u013ci","robots":{"index":"index","follow":"follow","max-snippet":"max-snippet:-1","max-image-preview":"max-image-preview:large","max-video-preview":"max-video-preview:-1"},"canonical":"https:\/\/rczone.ee\/lv\/piegade-uz\/","og_locale":"lv_LV","og_type":"article","og_title":"Kohaletoimetamine - RC Zone | Raadio teel juhitavad autod","og_url":"https:\/\/rczone.ee\/lv\/piegade-uz\/","og_site_name":"RC Zone | Raadio teel juhitavad autod","article_publisher":"https:\/\/www.facebook.com\/rczone.ee","article_modified_time":"2025-12-25T12:56:58+00:00","twitter_card":"summary_large_image","twitter_misc":{"Est. reading time":"2 min\u016btes"},"schema":{"@context":"https:\/\/schema.org","@graph":[{"@type":"WebPage","@id":"https:\/\/rczone.ee\/kohaletoimetamine\/","url":"https:\/\/rczone.ee\/kohaletoimetamine\/","name":"Pieg\u0101de - RC Zone | Radiovad\u0101mie automobi\u013ci","isPartOf":{"@id":"https:\/\/rczone.ee\/#website"},"datePublished":"2024-10-24T08:00:44+00:00","dateModified":"2025-12-25T12:56:58+00:00","breadcrumb":{"@id":"https:\/\/rczone.ee\/kohaletoimetamine\/#breadcrumb"},"inLanguage":"lv-LV","potentialAction":[{"@type":"ReadAction","target":["https:\/\/rczone.ee\/kohaletoimetamine\/"]}]},{"@type":"BreadcrumbList","@id":"https:\/\/rczone.ee\/kohaletoimetamine\/#breadcrumb","itemListElement":[{"@type":"ListItem","position":1,"name":"Home","item":"https:\/\/rczone.ee\/"},{"@type":"ListItem","position":2,"name":"Kohaletoimetamine"}]},{"@type":"WebSite","@id":"https:\/\/rczone.ee\/#website","url":"https:\/\/rczone.ee\/","name":"RcZone","description":"RcZone - Radio vad\u0101mo automobi\u013cu tie\u0161saistes veikals. M\u0113s p\u0101rdodam pla\u0161u augstas kvalit\u0101tes un jaud\u012bgu RC automobi\u013cu kl\u0101stu. \u0100tra pieg\u0101de un konkur\u0113tsp\u0113j\u012bgas cenas.","publisher":{"@id":"https:\/\/rczone.ee\/#organization"},"potentialAction":[{"@type":"SearchAction","target":{"@type":"EntryPoint","urlTemplate":"https:\/\/rczone.ee\/?s={search_term_string}"},"query-input":{"@type":"PropertyValueSpecification","valueRequired":true,"valueName":"search_term_string"}}],"inLanguage":"lv-LV"},{"@type":"Organization","@id":"https:\/\/rczone.ee\/#organization","name":"RcZone","url":"https:\/\/rczone.ee\/","logo":{"@type":"ImageObject","inLanguage":"lv-LV","@id":"https:\/\/rczone.ee\/#\/schema\/logo\/image\/","url":"https:\/\/rczone.ee\/wp-content\/uploads\/2024\/01\/3D.png","contentUrl":"https:\/\/rczone.ee\/wp-content\/uploads\/2024\/01\/3D.png","width":2080,"height":602,"caption":"RcZone"},"image":{"@id":"https:\/\/rczone.ee\/#\/schema\/logo\/image\/"},"sameAs":["https:\/\/www.facebook.com\/rczone.ee"]}]}},"_links":{"self":[{"href":"https:\/\/rczone.ee\/lv\/wp-json\/wp\/v2\/pages\/1696","targetHints":{"allow":["GET"]}}],"collection":[{"href":"https:\/\/rczone.ee\/lv\/wp-json\/wp\/v2\/pages"}],"about":[{"href":"https:\/\/rczone.ee\/lv\/wp-json\/wp\/v2\/types\/page"}],"author":[{"embeddable":true,"href":"https:\/\/rczone.ee\/lv\/wp-json\/wp\/v2\/users\/1"}],"replies":[{"embeddable":true,"href":"https:\/\/rczone.ee\/lv\/wp-json\/wp\/v2\/comments?post=1696"}],"version-history":[{"count":15,"href":"https:\/\/rczone.ee\/lv\/wp-json\/wp\/v2\/pages\/1696\/revisions"}],"predecessor-version":[{"id":5529,"href":"https:\/\/rczone.ee\/lv\/wp-json\/wp\/v2\/pages\/1696\/revisions\/5529"}],"wp:attachment":[{"href":"https:\/\/rczone.ee\/lv\/wp-json\/wp\/v2\/media?parent=1696"}],"curies":[{"name":"wp","href":"https:\/\/api.w.org\/{rel}","templated":true}]}}