{"id":304,"date":"2024-01-19T05:10:25","date_gmt":"2024-01-19T03:10:25","guid":{"rendered":"https:\/\/rczone.ee\/?page_id=304"},"modified":"2025-09-30T21:36:29","modified_gmt":"2025-09-30T18:36:29","slug":"privatuma-politika-2","status":"publish","type":"page","link":"https:\/\/rczone.ee\/lv\/privacy-policy-2\/","title":{"rendered":"Konfidencialit\u0101tes politika"},"content":{"rendered":"<div class=\"container section-title-container\" ><h3 class=\"section-title section-title-center\"><b aria-hidden=\"true\"><\/b><span class=\"section-title-main\" >Konfidencialit\u0101tes politika<\/span><b aria-hidden=\"true\"><\/b><\/h3><\/div>\n\n\t<div id=\"text-1327187801\" class=\"text\">\n\t\t\n\n<div>P\u0113d\u0113jo reizi atjaunin\u0101ts: 2025. gada 08. apr\u012blis<\/div>\n<div>\u00a0<\/div>\n<div>\n<ol>\n<li><strong> Visp\u0101r\u012bgi noteikumi<\/strong><\/li>\n<\/ol>\n<p>1.1 \u0160aj\u0101 konfidencialit\u0101tes politik\u0101 ir izkl\u0101st\u012bti principi, kas reglament\u0113 personas datu v\u0101k\u0161anu, apstr\u0101di un uzglab\u0101\u0161anu. Personas datus v\u0101c, apstr\u0101d\u0101 un glab\u0101 datu p\u0101rzinis Prii Holdings O\u00dc (turpm\u0101k tekst\u0101 - datu apstr\u0101d\u0101t\u0101js).<\/p>\n<p>1.2. \u0160aj\u0101 konfidencialit\u0101tes politik\u0101 datu subjekts ir klients vai cita fiziska persona, kuras personas datus apstr\u0101d\u0101 datu apstr\u0101d\u0101t\u0101js.<\/p>\n<p>1.3. \u0160aj\u0101 priv\u0101tuma politik\u0101 klients ir ikviens, kas ieg\u0101d\u0101jas preces vai pakalpojumus datu apstr\u0101d\u0101t\u0101ja t\u012bmek\u013ca vietn\u0113.<\/p>\n<p>1.4. Datu apstr\u0101d\u0101t\u0101js iev\u0113ro ties\u012bbu aktos noteiktos datu apstr\u0101des principus, tostarp personas datus apstr\u0101d\u0101 likum\u012bgi, godpr\u0101t\u012bgi un dro\u0161i. 1.5. Datu apstr\u0101d\u0101t\u0101js var apliecin\u0101t, ka personas dati ir apstr\u0101d\u0101ti saska\u0146\u0101 ar ties\u012bbu aktiem.<\/p>\n<ol start=\"2\">\n<li><strong> Personas datu v\u0101k\u0161ana, apstr\u0101de un uzglab\u0101\u0161ana<\/strong><\/li>\n<\/ol>\n<p>2.1. Personas dati, kurus v\u0101c, apstr\u0101d\u0101 un glab\u0101 datu p\u0101rzinis, tiek v\u0101kti elektroniski, galvenok\u0101rt izmantojot t\u012bmek\u013ca vietni un e-pastu.<\/p>\n<p>2.2. Daloties ar saviem personas datiem, j\u016bs pie\u0161\u0137irat datu apstr\u0101d\u0101t\u0101jam ties\u012bbas v\u0101kt, organiz\u0113t, izmantot un p\u0101rvald\u012bt personas datus, kurus j\u016bs tie\u0161i vai netie\u0161i nododat datu apstr\u0101d\u0101t\u0101jam, ieg\u0101d\u0101joties preces vai pakalpojumus t\u012bmek\u013ca vietn\u0113, priv\u0101tuma politik\u0101 noteiktajiem m\u0113r\u0137iem.<\/p>\n<p>2.3 Datu subjekts ir atbild\u012bgs par savu sniegto datu precizit\u0101ti, pareiz\u012bbu un piln\u012bgumu. Apzin\u0101ti nepatiesas inform\u0101cijas snieg\u0161ana tiks uzskat\u012bta par priv\u0101tuma politikas p\u0101rk\u0101pumu. Datu subjekta pien\u0101kums ir nekav\u0113joties inform\u0113t datu apstr\u0101d\u0101t\u0101ju par jebk\u0101d\u0101m izmai\u0146\u0101m sniegtajos datos.<\/p>\n<p>2.4. Datu apstr\u0101d\u0101t\u0101js nav atbild\u012bgs par kait\u0113jumu, kas datu subjektam vai tre\u0161aj\u0101m person\u0101m radies, datu subjektam iesniedzot nepatiesus datus.<\/p>\n<ol start=\"3\">\n<li><strong> Klientu personas datu apstr\u0101de<\/strong><\/li>\n<\/ol>\n<p>3.1 Datu apstr\u0101d\u0101t\u0101js var apstr\u0101d\u0101t \u0161\u0101dus datu subjekta personas datus:<\/p>\n<p>3.1.1. V\u0101rds un uzv\u0101rds;<\/p>\n<p>3.1.2. Dzim\u0161anas datums;<\/p>\n<p>3.1.3. T\u0101lru\u0146a numurs;<\/p>\n<p>3.1.4. E-pasta adrese;<\/p>\n<p>3.1.5. Pieg\u0101des adrese;<\/p>\n<p>3.1.6. Nor\u0113\u0137inu konta numurs;<\/p>\n<p>3.1.7. inform\u0101ciju par maks\u0101jumu karti (tostarp kartes \u012bpa\u0161nieka dz\u012bvesvietas vai juridisko adresi);<\/p>\n<p>3.2. Papildus iepriek\u0161 min\u0113tajam datu p\u0101rzinis ir ties\u012bgs v\u0101kt datus par klientu, kas ir pieejami publiskos re\u0123istros.<\/p>\n<p>3.3 Personas datu apstr\u0101des juridiskais pamats ir VDAR 6. panta 1. punkta a), b), c) un f) apak\u0161punkts:<\/p>\n<ul>\n<li>datu subjekts ir devis piekri\u0161anu savu personas datu apstr\u0101dei vien\u0101 vai vair\u0101kos konkr\u0113tos nol\u016bkos;<\/li>\n<li>personas datu apstr\u0101de ir nepiecie\u0161ama, lai izpild\u012btu l\u012bgumu, kas nosl\u0113gts ar datu subjektu, vai lai p\u0113c datu subjekta piepras\u012bjuma veiktu pas\u0101kumus pirms l\u012bguma nosl\u0113g\u0161anas;<\/li>\n<li>apstr\u0101de ir nepiecie\u0161ama, lai izpild\u012btu juridisku pien\u0101kumu, kas attiecas uz p\u0101rzini;<\/li>\n<li>apstr\u0101de ir nepiecie\u0161ama p\u0101rzi\u0146a vai tre\u0161\u0101s personas le\u0123it\u012bmo intere\u0161u d\u0113\u013c, ja vien \u0161\u0101das intereses nav svar\u012bg\u0101kas par datu subjekta interes\u0113m vai pamatties\u012bb\u0101m un pamatbr\u012bv\u012bb\u0101m, kuru d\u0113\u013c personas dati ir j\u0101aizsarg\u0101, jo \u012bpa\u0161i, ja datu subjekts ir b\u0113rns.<\/li>\n<\/ul>\n<p>3.4. Personas datu apstr\u0101de saska\u0146\u0101 ar apstr\u0101des nol\u016bku:<\/p>\n<p>3.4.1. Apstr\u0101des m\u0113r\u0137is - dro\u0161\u012bba un dro\u0161ums<br \/>Maksim\u0101lais glab\u0101\u0161anas periods - saska\u0146\u0101 ar ties\u012bbu aktos noteiktajiem termi\u0146iem;<\/p>\n<p>3.4.2. Apstr\u0101des m\u0113r\u0137is - pas\u016bt\u012bjuma apstr\u0101de.<br \/>Maksim\u0101lais glab\u0101\u0161anas periods - 2 gadi;<\/p>\n<p>3.4.3. Apstr\u0101des m\u0113r\u0137is - nodro\u0161in\u0101t e-veikala pakalpojumu darb\u012bbu.<br \/>Maksim\u0101lais glab\u0101\u0161anas periods - 2 gadi;<\/p>\n<p>3.4.4. Apstr\u0101des m\u0113r\u0137is - klientu vad\u012bba.<br \/>Maksim\u0101lais glab\u0101\u0161anas periods - 2 gadi;<\/p>\n<p>3.4.5. Apstr\u0101des m\u0113r\u0137is - finan\u0161u darb\u012bbas, gr\u0101matved\u012bba.<br \/>Maksim\u0101lais glab\u0101\u0161anas periods - saska\u0146\u0101 ar ties\u012bbu aktos noteiktajiem termi\u0146iem;<\/p>\n<p>3.4.6. Apstr\u0101des m\u0113r\u0137is - tirgved\u012bba.<br \/>Maksim\u0101lais glab\u0101\u0161anas periods - 2 gadi;<\/p>\n<p>3.5. Datu apstr\u0101d\u0101t\u0101jam ir ties\u012bbas kop\u012bgot klientu personas datus ar tre\u0161aj\u0101m person\u0101m, piem\u0113ram, pilnvarotiem datu apstr\u0101d\u0101t\u0101jiem, gr\u0101matve\u017eiem, transporta un kurjerpasta uz\u0146\u0113mumiem, uz\u0146\u0113mumiem, kas sniedz p\u0101rs\u016bt\u012b\u0161anas pakalpojumus. Datu apstr\u0101d\u0101t\u0101js ir personas datu p\u0101rzinis. Datu apstr\u0101d\u0101t\u0101js nodod maks\u0101jumu veik\u0161anai nepiecie\u0161amos personas datus apstr\u0101d\u0101t\u0101jam Montonio Finance UAB.<\/p>\n<p>3.6. Apstr\u0101d\u0101jot un uzglab\u0101jot datu subjekta personas datus, datu apstr\u0101d\u0101t\u0101js \u012bsteno organizatoriskus un tehniskus pas\u0101kumus, lai nodro\u0161in\u0101tu personas datu aizsardz\u012bbu pret nejau\u0161u vai nelikum\u012bgu izn\u012bcin\u0101\u0161anu, groz\u012b\u0161anu, izpau\u0161anu un jebk\u0101du citu nelikum\u012bgu apstr\u0101di.<\/p>\n<p>3.7. Datu apstr\u0101d\u0101t\u0101js glab\u0101 datu subjektu datus atkar\u012bb\u0101 no apstr\u0101des m\u0113r\u0137a, bet ne ilg\u0101k k\u0101 2 gadus.<\/p>\n<ol start=\"4\">\n<li><strong> Datu subjekta ties\u012bbas<\/strong><\/li>\n<\/ol>\n<p>4.1 Datu subjektam ir ties\u012bbas piek\u013c\u016bt saviem personas datiem un iepaz\u012bties ar tiem.<\/p>\n<p>4.2 Datu subjektam ir ties\u012bbas sa\u0146emt inform\u0101ciju par savu personas datu apstr\u0101di.<\/p>\n<p>4.3 Datu subjektam ir ties\u012bbas papildin\u0101t vai labot neprec\u012bzus datus.<\/p>\n<p>4.4. Ja datu apstr\u0101d\u0101t\u0101js apstr\u0101d\u0101 datu subjekta personas datus, pamatojoties uz datu subjekta piekri\u0161anu, datu subjektam ir ties\u012bbas jebkur\u0101 laik\u0101 atsaukt savu piekri\u0161anu.<\/p>\n<p>4.5 Lai izmantotu savas ties\u012bbas, datu subjekts var sazin\u0101ties ar e-veikala klientu apkalpo\u0161anas dienestu, rakstot uz \u0161\u0101du adresi. <a href=\"mailto:info@rczone.ee\">info@rczone.ee<\/a><\/p>\n<p>4.6 Datu subjekts var iesniegt s\u016bdz\u012bbu Datu aizsardz\u012bbas inspekcijai, lai aizsarg\u0101tu savas ties\u012bbas.<\/p>\n<ol start=\"5\">\n<li><strong> Nobeiguma noteikumi<\/strong><\/li>\n<\/ol>\n<p>5.1. \u0160ie datu aizsardz\u012bbas noteikumi un nosac\u012bjumi ir izstr\u0101d\u0101ti saska\u0146\u0101 ar Eiropas Parlamenta un Padomes Regulu (ES) Nr. 2016\/679 par fizisku personu aizsardz\u012bbu attiec\u012bb\u0101 uz personas datu apstr\u0101di un \u0161\u0101du datu br\u012bvu apriti un ar ko atce\u013c Direkt\u012bvu 95\/46\/EK \/ EK (Visp\u0101r\u012bg\u0101 datu aizsardz\u012bbas regula), Igaunijas Republikas Personas datu aizsardz\u012bbas likumu un Igaunijas Republikas un Eiropas Savien\u012bbas ties\u012bbu aktiem.<\/p>\n<p>5.2. Datu apstr\u0101d\u0101t\u0101jam ir ties\u012bbas da\u013c\u0113ji vai piln\u012bb\u0101 groz\u012bt datu aizsardz\u012bbas nosac\u012bjumus, par izmai\u0146\u0101m inform\u0113jot datu subjektus t\u012bmek\u013ca vietn\u0113. <a href=\"https:\/\/rczone.ee\/lv\/\">https:\/\/rczone.ee<\/a> izmantojot.<\/p>\n<\/div>\n<p><strong>Klientu atbalsts: PIRMDIENA-PIEKTDIENA 9.00-17.00<\/strong><\/p>\n<p><strong>Adrese:<\/strong> Tammelehe tee 22, Alliku, 76403 Harju apri\u0146\u0137is, Igaunija<\/p>\n<div>\n<p><b>T\u0101lr:<\/b> <span class=\"x4k7w5x x1h91t0o x1h9r5lt x1jfb8zj xv2umb2 x1beo9mf xaigb6o x12ejxvf x3igimt xarpa2k xedcshv x1lytzrv x1t2pt76 x7ja8zs x1qrby5j\"><span class=\"x193iq5w xeuugli x13faqbe x1vvkbs x1xmvt09 x1lliihq x1s928wv xhkezso x1gmr53x x1cpjm7i x1fgarty x1943h6x xudqn12 x3x7a5m x6prxxf xvq8zen xo1l8bm xzsf02u\" dir=\"auto\">+372 5613 4915<\/span><\/span><\/p>\n<p><strong>E-pasts:<\/strong>\u00a0\u00a0<a href=\"mailto:info@rczone.ee\">info@rczone.ee<\/a><\/p>\n<\/div>\n\t\t\n<style>\n#text-1327187801 {\n  font-size: 1rem;\n}\n<\/style>\n\t<\/div>","protected":false},"excerpt":{"rendered":"","protected":false},"author":1,"featured_media":0,"parent":0,"menu_order":0,"comment_status":"closed","ping_status":"closed","template":"","meta":{"_monsterinsights_skip_tracking":false,"_monsterinsights_sitenote_active":false,"_monsterinsights_sitenote_note":"","_monsterinsights_sitenote_category":0,"footnotes":""},"class_list":["post-304","page","type-page","status-publish","hentry"],"yoast_head":"<!-- This site is optimized with the Yoast SEO plugin v27.3 - https:\/\/yoast.com\/product\/yoast-seo-wordpress\/ -->\n<title>Privaatsuspoliitika - RC Zone | Raadio teel juhitavad autod<\/title>\n<meta name=\"robots\" content=\"index, follow, max-snippet:-1, max-image-preview:large, max-video-preview:-1\" \/>\n<link rel=\"canonical\" href=\"https:\/\/rczone.ee\/lv\/privatuma-politika-2\/\" \/>\n<meta property=\"og:locale\" content=\"lv_LV\" \/>\n<meta property=\"og:type\" content=\"article\" \/>\n<meta property=\"og:title\" content=\"Privaatsuspoliitika - RC Zone | Raadio teel juhitavad autod\" \/>\n<meta property=\"og:url\" content=\"https:\/\/rczone.ee\/lv\/privatuma-politika-2\/\" \/>\n<meta property=\"og:site_name\" content=\"RC Zone | Raadio teel juhitavad autod\" \/>\n<meta property=\"article:publisher\" content=\"https:\/\/www.facebook.com\/rczone.ee\" \/>\n<meta property=\"article:modified_time\" content=\"2025-09-30T18:36:29+00:00\" \/>\n<meta name=\"twitter:card\" content=\"summary_large_image\" \/>\n<script type=\"application\/ld+json\" class=\"yoast-schema-graph\">{\"@context\":\"https:\\\/\\\/schema.org\",\"@graph\":[{\"@type\":\"WebPage\",\"@id\":\"https:\\\/\\\/rczone.ee\\\/privacy-policy-2\\\/\",\"url\":\"https:\\\/\\\/rczone.ee\\\/privacy-policy-2\\\/\",\"name\":\"Privaatsuspoliitika - RC Zone | Raadio teel juhitavad autod\",\"isPartOf\":{\"@id\":\"https:\\\/\\\/rczone.ee\\\/#website\"},\"datePublished\":\"2024-01-19T03:10:25+00:00\",\"dateModified\":\"2025-09-30T18:36:29+00:00\",\"breadcrumb\":{\"@id\":\"https:\\\/\\\/rczone.ee\\\/privacy-policy-2\\\/#breadcrumb\"},\"inLanguage\":\"lv-LV\",\"potentialAction\":[{\"@type\":\"ReadAction\",\"target\":[\"https:\\\/\\\/rczone.ee\\\/privacy-policy-2\\\/\"]}]},{\"@type\":\"BreadcrumbList\",\"@id\":\"https:\\\/\\\/rczone.ee\\\/privacy-policy-2\\\/#breadcrumb\",\"itemListElement\":[{\"@type\":\"ListItem\",\"position\":1,\"name\":\"Home\",\"item\":\"https:\\\/\\\/rczone.ee\\\/\"},{\"@type\":\"ListItem\",\"position\":2,\"name\":\"Privaatsuspoliitika\"}]},{\"@type\":\"WebSite\",\"@id\":\"https:\\\/\\\/rczone.ee\\\/#website\",\"url\":\"https:\\\/\\\/rczone.ee\\\/\",\"name\":\"RcZone\",\"description\":\"RcZone - Raadio teel juhitavate autode veebipood. M&uuml;&uuml;me laia valikut kvaliteetseid ja v&otilde;imsaid RC-autosid. Kiire tarne ja konkurentsiv&otilde;imelised hinnad.\",\"publisher\":{\"@id\":\"https:\\\/\\\/rczone.ee\\\/#organization\"},\"potentialAction\":[{\"@type\":\"SearchAction\",\"target\":{\"@type\":\"EntryPoint\",\"urlTemplate\":\"https:\\\/\\\/rczone.ee\\\/?s={search_term_string}\"},\"query-input\":{\"@type\":\"PropertyValueSpecification\",\"valueRequired\":true,\"valueName\":\"search_term_string\"}}],\"inLanguage\":\"lv-LV\"},{\"@type\":\"Organization\",\"@id\":\"https:\\\/\\\/rczone.ee\\\/#organization\",\"name\":\"RcZone\",\"url\":\"https:\\\/\\\/rczone.ee\\\/\",\"logo\":{\"@type\":\"ImageObject\",\"inLanguage\":\"lv-LV\",\"@id\":\"https:\\\/\\\/rczone.ee\\\/#\\\/schema\\\/logo\\\/image\\\/\",\"url\":\"https:\\\/\\\/rczone.ee\\\/wp-content\\\/uploads\\\/2024\\\/01\\\/3D.png\",\"contentUrl\":\"https:\\\/\\\/rczone.ee\\\/wp-content\\\/uploads\\\/2024\\\/01\\\/3D.png\",\"width\":2080,\"height\":602,\"caption\":\"RcZone\"},\"image\":{\"@id\":\"https:\\\/\\\/rczone.ee\\\/#\\\/schema\\\/logo\\\/image\\\/\"},\"sameAs\":[\"https:\\\/\\\/www.facebook.com\\\/rczone.ee\"]}]}<\/script>\n<!-- \/ Yoast SEO plugin. -->","yoast_head_json":{"title":"Priv\u0101tuma politika - RC Zone | Radio vad\u0101mie automobi\u013ci","robots":{"index":"index","follow":"follow","max-snippet":"max-snippet:-1","max-image-preview":"max-image-preview:large","max-video-preview":"max-video-preview:-1"},"canonical":"https:\/\/rczone.ee\/lv\/privatuma-politika-2\/","og_locale":"lv_LV","og_type":"article","og_title":"Privaatsuspoliitika - RC Zone | Raadio teel juhitavad autod","og_url":"https:\/\/rczone.ee\/lv\/privatuma-politika-2\/","og_site_name":"RC Zone | Raadio teel juhitavad autod","article_publisher":"https:\/\/www.facebook.com\/rczone.ee","article_modified_time":"2025-09-30T18:36:29+00:00","twitter_card":"summary_large_image","schema":{"@context":"https:\/\/schema.org","@graph":[{"@type":"WebPage","@id":"https:\/\/rczone.ee\/privacy-policy-2\/","url":"https:\/\/rczone.ee\/privacy-policy-2\/","name":"Priv\u0101tuma politika - RC Zone | Radio vad\u0101mie automobi\u013ci","isPartOf":{"@id":"https:\/\/rczone.ee\/#website"},"datePublished":"2024-01-19T03:10:25+00:00","dateModified":"2025-09-30T18:36:29+00:00","breadcrumb":{"@id":"https:\/\/rczone.ee\/privacy-policy-2\/#breadcrumb"},"inLanguage":"lv-LV","potentialAction":[{"@type":"ReadAction","target":["https:\/\/rczone.ee\/privacy-policy-2\/"]}]},{"@type":"BreadcrumbList","@id":"https:\/\/rczone.ee\/privacy-policy-2\/#breadcrumb","itemListElement":[{"@type":"ListItem","position":1,"name":"Home","item":"https:\/\/rczone.ee\/"},{"@type":"ListItem","position":2,"name":"Privaatsuspoliitika"}]},{"@type":"WebSite","@id":"https:\/\/rczone.ee\/#website","url":"https:\/\/rczone.ee\/","name":"RcZone","description":"RcZone - Radio vad\u0101mo automobi\u013cu tie\u0161saistes veikals. M\u0113s p\u0101rdodam pla\u0161u augstas kvalit\u0101tes un jaud\u012bgu RC automobi\u013cu kl\u0101stu. \u0100tra pieg\u0101de un konkur\u0113tsp\u0113j\u012bgas cenas.","publisher":{"@id":"https:\/\/rczone.ee\/#organization"},"potentialAction":[{"@type":"SearchAction","target":{"@type":"EntryPoint","urlTemplate":"https:\/\/rczone.ee\/?s={search_term_string}"},"query-input":{"@type":"PropertyValueSpecification","valueRequired":true,"valueName":"search_term_string"}}],"inLanguage":"lv-LV"},{"@type":"Organization","@id":"https:\/\/rczone.ee\/#organization","name":"RcZone","url":"https:\/\/rczone.ee\/","logo":{"@type":"ImageObject","inLanguage":"lv-LV","@id":"https:\/\/rczone.ee\/#\/schema\/logo\/image\/","url":"https:\/\/rczone.ee\/wp-content\/uploads\/2024\/01\/3D.png","contentUrl":"https:\/\/rczone.ee\/wp-content\/uploads\/2024\/01\/3D.png","width":2080,"height":602,"caption":"RcZone"},"image":{"@id":"https:\/\/rczone.ee\/#\/schema\/logo\/image\/"},"sameAs":["https:\/\/www.facebook.com\/rczone.ee"]}]}},"_links":{"self":[{"href":"https:\/\/rczone.ee\/lv\/wp-json\/wp\/v2\/pages\/304","targetHints":{"allow":["GET"]}}],"collection":[{"href":"https:\/\/rczone.ee\/lv\/wp-json\/wp\/v2\/pages"}],"about":[{"href":"https:\/\/rczone.ee\/lv\/wp-json\/wp\/v2\/types\/page"}],"author":[{"embeddable":true,"href":"https:\/\/rczone.ee\/lv\/wp-json\/wp\/v2\/users\/1"}],"replies":[{"embeddable":true,"href":"https:\/\/rczone.ee\/lv\/wp-json\/wp\/v2\/comments?post=304"}],"version-history":[{"count":13,"href":"https:\/\/rczone.ee\/lv\/wp-json\/wp\/v2\/pages\/304\/revisions"}],"predecessor-version":[{"id":4502,"href":"https:\/\/rczone.ee\/lv\/wp-json\/wp\/v2\/pages\/304\/revisions\/4502"}],"wp:attachment":[{"href":"https:\/\/rczone.ee\/lv\/wp-json\/wp\/v2\/media?parent=304"}],"curies":[{"name":"wp","href":"https:\/\/api.w.org\/{rel}","templated":true}]}}