{"id":361,"date":"2024-03-02T20:39:00","date_gmt":"2024-03-02T18:39:00","guid":{"rendered":"https:\/\/rczone.ee\/?page_id=361"},"modified":"2025-11-09T15:44:33","modified_gmt":"2025-11-09T13:44:33","slug":"citi-noteikumi-un-nosacijumi","status":"publish","type":"page","link":"https:\/\/rczone.ee\/lv\/muugitingimused\/","title":{"rendered":"P\u0101rdo\u0161anas nosac\u012bjumi"},"content":{"rendered":"<div class=\"container section-title-container\" ><h3 class=\"section-title section-title-center\"><b aria-hidden=\"true\"><\/b><span class=\"section-title-main\" >P\u0101rdo\u0161anas nosac\u012bjumi<\/span><b aria-hidden=\"true\"><\/b><\/h3><\/div>\n\n<p>Tie\u0161saistes veikals <a href=\"https:\/\/rczone.ee\/lv\/\">https:\/\/rczone.ee<\/a> (turpm\u0101k tekst\u0101 - Interneta veikals) p\u0101rvalda Prii Holdings O\u00dc (re\u0123istr\u0101cijas kods 11623483), kas atrodas Tammelehe tee 22, Alliku, Saues pagast\u0101.<\/p>\n<h2><strong>P\u0101rdo\u0161anas l\u012bguma sp\u0113k\u0101 esam\u012bba, komerci\u0101l\u0101 inform\u0101cija un inform\u0101cija par cenu<\/strong><\/h2>\n<p>Pirk\u0161anas noteikumi un nosac\u012bjumi attiecas uz pre\u010du ieg\u0101di Interneta veikal\u0101.<\/p>\n<p>Interneta veikal\u0101 p\u0101rdoto produktu cenas ir nor\u0101d\u012btas pie produktiem. Uz cenu attiecas pieg\u0101des maksa. Visas tie\u0161saistes veikal\u0101 p\u0101rdoto pre\u010du cenas ir nor\u0101d\u012btas euro.<\/p>\n<p>Pieg\u0101des maksa ir atkar\u012bga no pirc\u0113ja atra\u0161an\u0101s vietas un pieg\u0101des veida. Pieg\u0101des maksa tiek nor\u0101d\u012bta pirc\u0113jam, veicot pas\u016bt\u012bjumu.<\/p>\n<p>Inform\u0101cija par prec\u0113m ir sniegta tie\u0161saistes veikal\u0101 tie\u0161i pie prec\u0113m.<\/p>\n<h2><strong>Pas\u016bt\u012bjuma iesnieg\u0161ana<\/strong><\/h2>\n<p>Lai veiktu pas\u016bt\u012bjumu, jums ir j\u0101pievieno v\u0113lamie produkti iepirkumu groz\u0101. Lai veiktu pas\u016bt\u012bjumu, ir j\u0101aizpilda nepiecie\u0161amie lauki un j\u0101izv\u0113las atbilsto\u0161ais pieg\u0101des veids. P\u0113c tam ekr\u0101n\u0101 tiks par\u0101d\u012bta maksas summa, kuru var dro\u0161i samaks\u0101t, izmantojot \u0161\u0101das maks\u0101jumu metodes:<\/p>\n<ul>\n<li>Swedbank (Igaunija, Latvija, Lietuva);<\/li>\n<li>SEB (Igaunija, Latvija, Lietuva);<\/li>\n<li>Luminor (Igaunija, Latvija, Lietuva);<\/li>\n<li>Citadele (Igaunija, Latvija, Lietuva);<\/li>\n<li>Coop Bank (Igaunija);<\/li>\n<li>LHV Bank (Igaunija);<\/li>\n<li>N26 (Igaunija, Somija);<\/li>\n<li>V\u012bzas;<\/li>\n<li>Mastercard;<\/li>\n<li>Revolut;<\/li>\n<li>American Express;<\/li>\n<li>Apple Pay;<\/li>\n<li>Google Pay.<\/li>\n<\/ul>\n<p>NB: Maks\u0101jot ar bankas p\u0101rskait\u012bjumu, bankas lap\u0101 noteikti noklik\u0161\u0137iniet uz pogas \"Atpaka\u013c pie tirgot\u0101ja\".<\/p>\n<p>Maks\u0101jumi, ko veic ar starpniec\u012bbu <a href=\"https:\/\/montonio.com\/\">Montonio Finance UAB<\/a>. Maks\u0101jums notiek \u0101rpus Interneta veikala dro\u0161\u0101 vid\u0113 - ja maks\u0101jums tiek veikts ar bankas p\u0101rskait\u012bjumu, tad attiec\u012bg\u0101s bankas dro\u0161\u0101 vid\u0113. P\u0101rdev\u0113jam nav piek\u013cuves klienta bankas un kred\u012btkartes datiem. L\u012bgums st\u0101jas sp\u0113k\u0101 no dienas, kad internetveikala nor\u0113\u0137inu kont\u0101 ir sa\u0146emta maks\u0101jam\u0101 summa.<\/p>\n<p>Interneta veikala \u012bpa\u0161nieks ir personas datu p\u0101rzinis un nodod personas datus, kas nepiecie\u0161ami maks\u0101jumu veik\u0161anai, apstr\u0101d\u0101t\u0101jam Montonio Finance UAB.<\/p>\n<p>Ja pas\u016bt\u012bt\u0101s preces nav iesp\u0113jams pieg\u0101d\u0101t, jo preces nav noliktav\u0101 vai k\u0101da cita iemesla d\u0113\u013c, pirc\u0113js tiks inform\u0113ts p\u0113c iesp\u0113jas \u0101tr\u0101k un samaks\u0101t\u0101 nauda (ieskaitot pieg\u0101des izmaksas) tiks atmaks\u0101ta nekav\u0113joties, bet ne v\u0113l\u0101k k\u0101 7 dienu laik\u0101 p\u0113c pazi\u0146ojuma sa\u0146em\u0161anas, vai ar\u012b tiks pan\u0101kta vieno\u0161an\u0101s par preces aizst\u0101\u0161anu ar jau eso\u0161o preci.<\/p>\n<h2><strong>Pieg\u0101de uz<\/strong><\/h2>\n<p>Preces tiek s\u016bt\u012btas uz Igauniju, Latviju, Lietuvu, Somiju.<\/p>\n<p>Pirc\u0113jam ir \u0161\u0101das iesp\u0113jas sa\u0146emt preces:<\/p>\n<ul>\n<li>Omniva (paku autom\u0101ti, pasta noda\u013cas, kurjerpasts);<\/li>\n<li>DPD (paku autom\u0101ti, kurjerpasts);<\/li>\n<li>Smartmail (paku autom\u0101ti, kurjerpasts (Igaunija));<\/li>\n<li>Unisend (paku autom\u0101ti).<\/li>\n<\/ul>\n<p>Pieg\u0101des izmaksas sedz pirc\u0113js, un atbilsto\u0161\u0101 inform\u0101cija par cenu tiek par\u0101d\u012bta kop\u0101 ar pieg\u0101des metodi.<\/p>\n<p>S\u016bt\u012bjumi Igaunijas teritorij\u0101 parasti ierodas pirc\u0113ja nor\u0101d\u012btaj\u0101 galam\u0113r\u0137\u012b 1-3 darba dienu laik\u0101 no pirkuma l\u012bguma sp\u0113k\u0101 st\u0101\u0161an\u0101s dienas. \u0100rpus Igaunijas pieg\u0101de notiek 2-5 darba dienu laik\u0101. Iz\u0146\u0113muma gad\u012bjumos mums ir ties\u012bbas pieg\u0101d\u0101t preces l\u012bdz 45 kalend\u0101ro dienu laik\u0101.<\/p>\n<h2><strong>Atteikuma ties\u012bbas<\/strong><\/h2>\n<p>P\u0113c pas\u016bt\u012bjuma sa\u0146em\u0161anas pirc\u0113jam ir ties\u012bbas atteikties no e-l\u012bguma 14 dienu laik\u0101.<\/p>\n<p>Atteikuma ties\u012bbas nav sp\u0113k\u0101, ja pirc\u0113js ir juridiska persona.<\/p>\n<p>Lai izmantotu 14 dienu atteikuma ties\u012bbas, pas\u016bt\u012bt\u0101s preces nedr\u012bkst izmantot nek\u0101d\u0101 cit\u0101 veid\u0101, iz\u0146emot to, kas nepiecie\u0161ams, lai p\u0101rliecin\u0101tos par pre\u010du raksturu, \u012bpa\u0161\u012bb\u0101m un darb\u012bbu, t\u0101pat k\u0101 tas ir at\u013cauts, test\u0113jot preces fizisk\u0101 veikal\u0101.<\/p>\n<p>Ja preces ir izmantotas citiem m\u0113r\u0137iem, kas nav nepiecie\u0161ami, lai p\u0101rliecin\u0101tos par pre\u010du raksturu, \u012bpa\u0161\u012bb\u0101m un darb\u012bbu, vai ja prec\u0113m ir lieto\u0161anas vai nolietojuma paz\u012bmes, Interneta veikalam ir ties\u012bbas samazin\u0101t atmaks\u0101jamo maksu atbilsto\u0161i pre\u010du v\u0113rt\u012bbas samazin\u0101jumam vai atteikt atmaksu.<\/p>\n<p>Lai atgrieztu preces, jums ir j\u0101iesniedz atteikuma piepras\u012bjums pa e-pastu uz \u0161\u0101du adresi. <a href=\"mailto:info@rczone.ee\">info@rczone.ee<\/a> ne v\u0113l\u0101k k\u0101 14 dienu laik\u0101 p\u0113c pre\u010du sa\u0146em\u0161anas. Pieteikum\u0101 j\u0101nor\u0101da klienta nosaukums, pas\u016bt\u012bjuma numurs un datums, pas\u016bt\u012bto pre\u010du daudzums, nosaukums un cena.<\/p>\n<p>Visas ar atgrie\u0161anu saist\u012bt\u0101s izmaksas sedz pirc\u0113js, ja vien atgrie\u0161ana nav saist\u012bta ar to, ka nos\u016bt\u012btais produkts at\u0161\u0137iras no pas\u016bt\u012bt\u0101.<\/p>\n<p>Pirc\u0113jam preces j\u0101nos\u016bta pa pastu ne v\u0113l\u0101k k\u0101 14 dienu laik\u0101 p\u0113c pazi\u0146ojuma par atcel\u0161anu nos\u016bt\u012b\u0161anas.<\/p>\n<p>Sa\u0146emot atgriezt\u0101s preces, interneta veikals nekav\u0113joties, bet ne v\u0113l\u0101k k\u0101 7 dienu laik\u0101 no atteikuma sa\u0146em\u0161anas dienas, atmaks\u0101 pirc\u0113jam visus no pirc\u0113ja saska\u0146\u0101 ar l\u012bgumu sa\u0146emtos maks\u0101jumus (ieskaitot pieg\u0101des izmaksas).<\/p>\n<p>Interneta veikals var atteikties atmaks\u0101t naudu, kam\u0113r tas nav sa\u0146\u0113mis preces, uz kur\u0101m attiecas l\u012bgums, vai kam\u0113r pirc\u0113js nav iesniedzis pier\u0101d\u012bjumus, ka vi\u0146\u0161 ir nos\u016bt\u012bjis preces atpaka\u013c, atkar\u012bb\u0101 no t\u0101, kas notiek agr\u0101k.<\/p>\n<p>Ja pirc\u0113js ir nep\u0101rprotami izv\u0113l\u0113jies pieg\u0101des veidu, kas nav visl\u0113t\u0101kais pieg\u0101des veids, ko pied\u0101v\u0101 Interneta veikals, Interneta veikalam nav pien\u0101kuma atl\u012bdzin\u0101t pat\u0113r\u0113t\u0101jam izmaksas, kas p\u0101rsniedz parast\u0101 pieg\u0101des veida izmaksas.<\/p>\n<p>Interneta veikalam ir ties\u012bbas atteikties no p\u0101rdo\u0161anas un piepras\u012bt no pirc\u0113ja atgriezt preces, ja k\u013c\u016bdas d\u0113\u013c pre\u010du cena interneta veikal\u0101 ir nor\u0101d\u012bta iev\u0113rojami zem\u0101ka par pre\u010du tirgus cenu.<\/p>\n<h2><strong>Ties\u012bbas iesniegt s\u016bdz\u012bbu<\/strong><\/h2>\n<p>Interneta veikals ir atbild\u012bgs par pirc\u0113jam p\u0101rdoto pre\u010du neatbilst\u012bbu vai defektu, kas jau past\u0101v\u0113ja pieg\u0101des br\u012bd\u012b.<\/p>\n<p>Defekta gad\u012bjum\u0101 pirc\u0113jam ir ties\u012bbas sazin\u0101ties ar interneta veikalu, nos\u016btot e-pastu uz \u0161\u0101du adresi. <a href=\"mailto:info@rczone.ee\">info@rczone.ee<\/a>.<\/p>\n<p>Interneta veikals nav atbild\u012bgs par defektiem, kas radu\u0161ies p\u0113c pre\u010du pieg\u0101des pirc\u0113jam. \u0145emot v\u0113r\u0101 radio vad\u0101mo automobi\u013cu raksturu, nav garantijas par to lieto\u0161anu.<\/p>\n<p>Ja prec\u0113m, kas ieg\u0101d\u0101tas no Interneta veikala, ir defekts, par kuru ir atbild\u012bgs Interneta veikals, Interneta veikals labos vai nomain\u012bs boj\u0101t\u0101s preces. Ja preces nav iesp\u0113jams salabot vai nomain\u012bt, Interneta veikals atmaks\u0101s pirc\u0113jam visus maks\u0101jumus par pirkuma l\u012bgumu.<\/p>\n<p>Interneta veikals atbild\u0113s uz pat\u0113r\u0113t\u0101ja s\u016bdz\u012bbu rakstveid\u0101 vai t\u0101d\u0101 form\u0101t\u0101, ko var atveidot rakstiski, 14 dienu laik\u0101.<\/p>\n<h2><strong>Tie\u0161\u0101 tirgved\u012bba un personas datu apstr\u0101de<\/strong><\/h2>\n<p>Interneta veikals izmanto pirc\u0113ja sniegtos personas datus tikai, lai apstr\u0101d\u0101tu pas\u016bt\u012bjumu un nos\u016bt\u012btu preces pirc\u0113jam. Lai pieg\u0101d\u0101tu preces, tie\u0161saistes veikals nos\u016bta personas datus uz\u0146\u0113mumiem, kas sniedz transporta pakalpojumus.<\/p>\n<p>Interneta veikals nos\u016bta jaunumus un pied\u0101v\u0101jumus uz pirc\u0113ja e-pasta adresi tikai tad, ja pirc\u0113js ir izteicis v\u0113lmi tos sa\u0146emt, ievadot savu e-pasta adresi t\u012bmek\u013ca vietn\u0113 un nor\u0101d\u012bjis savu v\u0113lmi sa\u0146emt tie\u0161\u0101 pasta pazi\u0146ojumus.<\/p>\n<p>Pirc\u0113js jebkur\u0101 laik\u0101 var atteikties no pied\u0101v\u0101jumu un bi\u013cetenu sa\u0146em\u0161anas pa e-pastu, pazi\u0146ojot mums par to pa e-pastu vai izpildot nor\u0101d\u012bjumus e-past\u0101, kur\u0101 ir pied\u0101v\u0101jumi.<\/p>\n<h2><strong>Str\u012bdu iz\u0161\u0137ir\u0161ana<\/strong><\/h2>\n<p>Ja pirc\u0113jam ir k\u0101das s\u016bdz\u012bbas par Interneta veikalu, t\u0101s j\u0101nos\u016bta pa e-pastu uz \u0161\u0101du adresi. <a href=\"mailto:info@rczone.ee\">info@rczone.ee<\/a>.<\/p>\n<p>Ja pirc\u0113js un interneta veikals nesp\u0113j atrisin\u0101t str\u012bdu, vienojoties, pirc\u0113js var v\u0113rsties Pat\u0113r\u0113t\u0101ju str\u012bdu komisij\u0101. J\u016bs varat iepaz\u012bties ar proced\u016bras noteikumiem un nosac\u012bjumiem un iesniegt pieteikumu <a href=\"https:\/\/ttja.ee\/tarbijavaidluste-komisjon\">\u0161eit<\/a>. Pat\u0113r\u0113t\u0101ju str\u012bdu komiteja ir kompetenta risin\u0101t str\u012bdus, kas izriet no l\u012bguma, kas nosl\u0113gts starp pirc\u0113ju un Interneta veikalu. Komisija pirc\u0113ja s\u016bdz\u012bbu izskata bez maksas.<\/p>\n<p>Pirc\u0113js var v\u0113rsties Eiropas Savien\u012bbas pat\u0113r\u0113t\u0101ju str\u012bdu iz\u0161\u0137ir\u0161anas platform\u0101. <a href=\"https:\/\/ec.europa.eu\/consumers\/odr\/main\/index.cfm?event=main.home2.show&amp;lng=ET\">uz<\/a>.<\/p>\n<h2><strong>Klientu atbalsts<\/strong><\/h2>\n<p><strong>Darba laiks:<\/strong> PIRMDIENA-PIEKTDIENA 9:00-17:00<\/p>\n<p><strong>Adrese:<\/strong> Prii Holdings O\u00dc, Tammelehe tee 22, Alliku, 76403 Harju apri\u0146\u0137is, Igaunija<\/p>\n<p><strong>T\u0101lr:<\/strong> +372 5613 4915<\/p>\n<p><strong>E-pasts:<\/strong> <a href=\"mailto:info@rczone.ee\">info@rczone.ee<\/a><\/p>","protected":false},"excerpt":{"rendered":"","protected":false},"author":1,"featured_media":0,"parent":0,"menu_order":0,"comment_status":"closed","ping_status":"closed","template":"","meta":{"_monsterinsights_skip_tracking":false,"_monsterinsights_sitenote_active":false,"_monsterinsights_sitenote_note":"","_monsterinsights_sitenote_category":0,"footnotes":""},"class_list":["post-361","page","type-page","status-publish","hentry"],"yoast_head":"<!-- This site is optimized with the Yoast SEO plugin v27.3 - https:\/\/yoast.com\/product\/yoast-seo-wordpress\/ -->\n<title>M\u00fc\u00fcgitingimused - RC Zone | Raadio teel juhitavad autod<\/title>\n<meta name=\"robots\" content=\"index, follow, max-snippet:-1, max-image-preview:large, max-video-preview:-1\" \/>\n<link rel=\"canonical\" href=\"https:\/\/rczone.ee\/lv\/citi-noteikumi-un-nosacijumi\/\" \/>\n<meta property=\"og:locale\" content=\"lv_LV\" \/>\n<meta property=\"og:type\" content=\"article\" \/>\n<meta property=\"og:title\" content=\"M\u00fc\u00fcgitingimused - RC Zone | Raadio teel juhitavad autod\" \/>\n<meta property=\"og:url\" content=\"https:\/\/rczone.ee\/lv\/citi-noteikumi-un-nosacijumi\/\" \/>\n<meta property=\"og:site_name\" content=\"RC Zone | Raadio teel juhitavad autod\" \/>\n<meta property=\"article:publisher\" content=\"https:\/\/www.facebook.com\/rczone.ee\" \/>\n<meta property=\"article:modified_time\" content=\"2025-11-09T13:44:33+00:00\" \/>\n<meta name=\"twitter:card\" content=\"summary_large_image\" \/>\n<meta name=\"twitter:label1\" content=\"Est. reading time\" \/>\n\t<meta name=\"twitter:data1\" content=\"13 min\u016b\u0161u\" \/>\n<script type=\"application\/ld+json\" class=\"yoast-schema-graph\">{\"@context\":\"https:\\\/\\\/schema.org\",\"@graph\":[{\"@type\":\"WebPage\",\"@id\":\"https:\\\/\\\/rczone.ee\\\/muugitingimused\\\/\",\"url\":\"https:\\\/\\\/rczone.ee\\\/muugitingimused\\\/\",\"name\":\"M\u00fc\u00fcgitingimused - RC Zone | Raadio teel juhitavad autod\",\"isPartOf\":{\"@id\":\"https:\\\/\\\/rczone.ee\\\/#website\"},\"datePublished\":\"2024-03-02T18:39:00+00:00\",\"dateModified\":\"2025-11-09T13:44:33+00:00\",\"breadcrumb\":{\"@id\":\"https:\\\/\\\/rczone.ee\\\/muugitingimused\\\/#breadcrumb\"},\"inLanguage\":\"lv-LV\",\"potentialAction\":[{\"@type\":\"ReadAction\",\"target\":[\"https:\\\/\\\/rczone.ee\\\/muugitingimused\\\/\"]}]},{\"@type\":\"BreadcrumbList\",\"@id\":\"https:\\\/\\\/rczone.ee\\\/muugitingimused\\\/#breadcrumb\",\"itemListElement\":[{\"@type\":\"ListItem\",\"position\":1,\"name\":\"Home\",\"item\":\"https:\\\/\\\/rczone.ee\\\/\"},{\"@type\":\"ListItem\",\"position\":2,\"name\":\"M\u00fc\u00fcgitingimused\"}]},{\"@type\":\"WebSite\",\"@id\":\"https:\\\/\\\/rczone.ee\\\/#website\",\"url\":\"https:\\\/\\\/rczone.ee\\\/\",\"name\":\"RcZone\",\"description\":\"RcZone - Raadio teel juhitavate autode veebipood. M&uuml;&uuml;me laia valikut kvaliteetseid ja v&otilde;imsaid RC-autosid. Kiire tarne ja konkurentsiv&otilde;imelised hinnad.\",\"publisher\":{\"@id\":\"https:\\\/\\\/rczone.ee\\\/#organization\"},\"potentialAction\":[{\"@type\":\"SearchAction\",\"target\":{\"@type\":\"EntryPoint\",\"urlTemplate\":\"https:\\\/\\\/rczone.ee\\\/?s={search_term_string}\"},\"query-input\":{\"@type\":\"PropertyValueSpecification\",\"valueRequired\":true,\"valueName\":\"search_term_string\"}}],\"inLanguage\":\"lv-LV\"},{\"@type\":\"Organization\",\"@id\":\"https:\\\/\\\/rczone.ee\\\/#organization\",\"name\":\"RcZone\",\"url\":\"https:\\\/\\\/rczone.ee\\\/\",\"logo\":{\"@type\":\"ImageObject\",\"inLanguage\":\"lv-LV\",\"@id\":\"https:\\\/\\\/rczone.ee\\\/#\\\/schema\\\/logo\\\/image\\\/\",\"url\":\"https:\\\/\\\/rczone.ee\\\/wp-content\\\/uploads\\\/2024\\\/01\\\/3D.png\",\"contentUrl\":\"https:\\\/\\\/rczone.ee\\\/wp-content\\\/uploads\\\/2024\\\/01\\\/3D.png\",\"width\":2080,\"height\":602,\"caption\":\"RcZone\"},\"image\":{\"@id\":\"https:\\\/\\\/rczone.ee\\\/#\\\/schema\\\/logo\\\/image\\\/\"},\"sameAs\":[\"https:\\\/\\\/www.facebook.com\\\/rczone.ee\"]}]}<\/script>\n<!-- \/ Yoast SEO plugin. -->","yoast_head_json":{"title":"P\u0101rdo\u0161anas nosac\u012bjumi - RC Zone | Radiovad\u0101mie automobi\u013ci","robots":{"index":"index","follow":"follow","max-snippet":"max-snippet:-1","max-image-preview":"max-image-preview:large","max-video-preview":"max-video-preview:-1"},"canonical":"https:\/\/rczone.ee\/lv\/citi-noteikumi-un-nosacijumi\/","og_locale":"lv_LV","og_type":"article","og_title":"M\u00fc\u00fcgitingimused - RC Zone | Raadio teel juhitavad autod","og_url":"https:\/\/rczone.ee\/lv\/citi-noteikumi-un-nosacijumi\/","og_site_name":"RC Zone | Raadio teel juhitavad autod","article_publisher":"https:\/\/www.facebook.com\/rczone.ee","article_modified_time":"2025-11-09T13:44:33+00:00","twitter_card":"summary_large_image","twitter_misc":{"Est. reading time":"13 min\u016b\u0161u"},"schema":{"@context":"https:\/\/schema.org","@graph":[{"@type":"WebPage","@id":"https:\/\/rczone.ee\/muugitingimused\/","url":"https:\/\/rczone.ee\/muugitingimused\/","name":"P\u0101rdo\u0161anas nosac\u012bjumi - RC Zone | Radiovad\u0101mie automobi\u013ci","isPartOf":{"@id":"https:\/\/rczone.ee\/#website"},"datePublished":"2024-03-02T18:39:00+00:00","dateModified":"2025-11-09T13:44:33+00:00","breadcrumb":{"@id":"https:\/\/rczone.ee\/muugitingimused\/#breadcrumb"},"inLanguage":"lv-LV","potentialAction":[{"@type":"ReadAction","target":["https:\/\/rczone.ee\/muugitingimused\/"]}]},{"@type":"BreadcrumbList","@id":"https:\/\/rczone.ee\/muugitingimused\/#breadcrumb","itemListElement":[{"@type":"ListItem","position":1,"name":"Home","item":"https:\/\/rczone.ee\/"},{"@type":"ListItem","position":2,"name":"M\u00fc\u00fcgitingimused"}]},{"@type":"WebSite","@id":"https:\/\/rczone.ee\/#website","url":"https:\/\/rczone.ee\/","name":"RcZone","description":"RcZone - Radio vad\u0101mo automobi\u013cu tie\u0161saistes veikals. M\u0113s p\u0101rdodam pla\u0161u augstas kvalit\u0101tes un jaud\u012bgu RC automobi\u013cu kl\u0101stu. \u0100tra pieg\u0101de un konkur\u0113tsp\u0113j\u012bgas cenas.","publisher":{"@id":"https:\/\/rczone.ee\/#organization"},"potentialAction":[{"@type":"SearchAction","target":{"@type":"EntryPoint","urlTemplate":"https:\/\/rczone.ee\/?s={search_term_string}"},"query-input":{"@type":"PropertyValueSpecification","valueRequired":true,"valueName":"search_term_string"}}],"inLanguage":"lv-LV"},{"@type":"Organization","@id":"https:\/\/rczone.ee\/#organization","name":"RcZone","url":"https:\/\/rczone.ee\/","logo":{"@type":"ImageObject","inLanguage":"lv-LV","@id":"https:\/\/rczone.ee\/#\/schema\/logo\/image\/","url":"https:\/\/rczone.ee\/wp-content\/uploads\/2024\/01\/3D.png","contentUrl":"https:\/\/rczone.ee\/wp-content\/uploads\/2024\/01\/3D.png","width":2080,"height":602,"caption":"RcZone"},"image":{"@id":"https:\/\/rczone.ee\/#\/schema\/logo\/image\/"},"sameAs":["https:\/\/www.facebook.com\/rczone.ee"]}]}},"_links":{"self":[{"href":"https:\/\/rczone.ee\/lv\/wp-json\/wp\/v2\/pages\/361","targetHints":{"allow":["GET"]}}],"collection":[{"href":"https:\/\/rczone.ee\/lv\/wp-json\/wp\/v2\/pages"}],"about":[{"href":"https:\/\/rczone.ee\/lv\/wp-json\/wp\/v2\/types\/page"}],"author":[{"embeddable":true,"href":"https:\/\/rczone.ee\/lv\/wp-json\/wp\/v2\/users\/1"}],"replies":[{"embeddable":true,"href":"https:\/\/rczone.ee\/lv\/wp-json\/wp\/v2\/comments?post=361"}],"version-history":[{"count":26,"href":"https:\/\/rczone.ee\/lv\/wp-json\/wp\/v2\/pages\/361\/revisions"}],"predecessor-version":[{"id":4796,"href":"https:\/\/rczone.ee\/lv\/wp-json\/wp\/v2\/pages\/361\/revisions\/4796"}],"wp:attachment":[{"href":"https:\/\/rczone.ee\/lv\/wp-json\/wp\/v2\/media?parent=361"}],"curies":[{"name":"wp","href":"https:\/\/api.w.org\/{rel}","templated":true}]}}