{"id":93,"date":"2024-01-17T10:56:14","date_gmt":"2024-01-17T08:56:14","guid":{"rendered":"https:\/\/rczone.ee\/?page_id=93"},"modified":"2026-03-20T22:27:59","modified_gmt":"2026-03-20T20:27:59","slug":"par-mums","status":"publish","type":"page","link":"https:\/\/rczone.ee\/lv\/about-us\/","title":{"rendered":"Par mums"},"content":{"rendered":"<div class=\"container section-title-container\" ><h3 class=\"section-title section-title-center\"><b aria-hidden=\"true\"><\/b><span class=\"section-title-main\" >Par mums<\/span><b aria-hidden=\"true\"><\/b><\/h3><\/div>\n\n<div class=\"row row-small align-middle align-center\"  id=\"row-1894499472\">\n\n\n\t<div id=\"col-1966651771\" class=\"col medium-10 small-12 large-10\"  >\n\t\t\t\t<div class=\"col-inner\"  >\n\t\t\t\n\t\t\t\n\n<p>Laipni l\u016bgti RcZone.ee!<\/p>\n<p>RcZone.ee ir izveidots visiem, kas aizraujas ar radio vad\u0101miem (RC) automobi\u013ciem un mode\u013ciem. M\u0113s esam Igaunijas uz\u0146\u0113mums, kura m\u0113r\u0137is ir pied\u0101v\u0101t daudzveid\u012bgu kvalitat\u012bvu RC automobi\u013cu, deta\u013cu un aksesu\u0101ru kl\u0101stu gan ies\u0101c\u0113jiem, gan pieredz\u0113ju\u0161iem mode\u013cu entuziastiem, izmantojot m\u016bsu interneta veikalu. M\u016bsu sortiment\u0101 j\u016bs atrad\u012bsiet bagijus, trugerus, k\u0101pur\u0137\u0113\u017eu ma\u0161\u012bnas, k\u0101 ar\u012b jaud\u012bgas drifta ma\u0161\u012bnas, kas pacels j\u016bsu model\u0113\u0161anas pieredzi jaun\u0101 l\u012bmen\u012b.\u00a0<\/p>\n<h4>M\u016bsu misija<\/h4>\n<p>M\u016bsu misija ir nodro\u0161in\u0101t saviem klientiem izcilu servisu, \u0101tru pieg\u0101di un konkur\u0113tsp\u0113j\u012bgas cenas. RcZone.ee tie\u0161saistes veikal\u0101 j\u016bs varat \u0113rti pas\u016bt\u012bt nepiecie\u0161amos produktus no pakom\u0101ta vai tie\u0161i uz m\u0101j\u0101m, un m\u0113s vienm\u0113r esam gatavi jums pal\u012bdz\u0113t, lai atrastu pareizo modeli vai rezerves da\u013cu.<\/p>\n<h4>M\u016bsu uzman\u012bbas centr\u0101<\/h4>\n<p>M\u0113s p\u0101rdodam pieredzi, izmantojot radio vad\u0101m\u0101s automa\u0161\u012bnas. M\u0113s uzskat\u0101m, ka ikvienam laiku pa laikam ir nepiecie\u0161ams atp\u016bsties no ikdienas rut\u012bnas, un jaud\u012bgie RC automobi\u013ci ir dro\u0161s risin\u0101jums! M\u0113s koncentr\u0113jamies uz augstas kvalit\u0101tes automa\u0161\u012bn\u0101m, lai lietot\u0101js var\u0113tu koncentr\u0113ties uz savu hobiju un izbaud\u012bt to piln\u012bb\u0101.<\/p>\n<h4>Klientu atbalsts<\/h4>\n<p>Mums ir svar\u012bgi, lai katrs klients no mums sa\u0146emtu negaid\u012bti lielisku pieredzi gan attiec\u012bb\u0101 uz m\u016bsu automa\u0161\u012bn\u0101m, gan klientu apkalpo\u0161anu. Ja jums ir k\u0101di jaut\u0101jumi, sazinieties ar mums! M\u0113s pied\u0101v\u0101jam atbalstu pa e-pastu (<a href=\"mailto:info@rczone.ee\">info@rczone.ee<\/a>), un m\u0113s pal\u012bdz\u0113sim jums atrast piem\u0113rot\u0101ko risin\u0101jumu.\u00a0<\/p>\n<h4>M\u016bsu priek\u0161roc\u012bbas<\/h4>\n<ul>\n<li>Izcila klientu apkalpo\u0161ana<\/li>\n<li>\u0100tra pieg\u0101de<\/li>\n<li>Viegla atgrie\u0161an\u0101s<\/li>\n<li>Par m\u016bsu klientu ir par\u016bp\u0113ju\u0161ies!<\/li>\n<\/ul>\n<p>Pievienojieties RcZone.ee \u0123imenei un atkl\u0101jiet aizraujo\u0161o automobi\u013cu mode\u013cu pasauli!<\/p>\n\n\t\t<\/div>\n\t\t\t\t\t<\/div>\n\n\t\n\n<\/div>","protected":false},"excerpt":{"rendered":"","protected":false},"author":1,"featured_media":0,"parent":0,"menu_order":0,"comment_status":"closed","ping_status":"closed","template":"","meta":{"_monsterinsights_skip_tracking":false,"_monsterinsights_sitenote_active":false,"_monsterinsights_sitenote_note":"","_monsterinsights_sitenote_category":0,"footnotes":""},"class_list":["post-93","page","type-page","status-publish","hentry"],"yoast_head":"<!-- This site is optimized with the Yoast SEO plugin v27.4 - https:\/\/yoast.com\/product\/yoast-seo-wordpress\/ -->\n<title>About Us - RC Zone | Raadio teel juhitavad autod<\/title>\n<meta name=\"robots\" content=\"index, follow, max-snippet:-1, max-image-preview:large, max-video-preview:-1\" \/>\n<link rel=\"canonical\" href=\"https:\/\/rczone.ee\/lv\/par-mums\/\" \/>\n<meta property=\"og:locale\" content=\"lv_LV\" \/>\n<meta property=\"og:type\" content=\"article\" \/>\n<meta property=\"og:title\" content=\"About Us - RC Zone | Raadio teel juhitavad autod\" \/>\n<meta property=\"og:url\" content=\"https:\/\/rczone.ee\/lv\/par-mums\/\" \/>\n<meta property=\"og:site_name\" content=\"RC Zone | Raadio teel juhitavad autod\" \/>\n<meta property=\"article:publisher\" content=\"https:\/\/www.facebook.com\/rczone.ee\" \/>\n<meta property=\"article:modified_time\" content=\"2026-03-20T20:27:59+00:00\" \/>\n<meta name=\"twitter:card\" content=\"summary_large_image\" \/>\n<meta name=\"twitter:label1\" content=\"Est. reading time\" \/>\n\t<meta name=\"twitter:data1\" content=\"2 min\u016btes\" \/>\n<script type=\"application\/ld+json\" class=\"yoast-schema-graph\">{\"@context\":\"https:\\\/\\\/schema.org\",\"@graph\":[{\"@type\":\"WebPage\",\"@id\":\"https:\\\/\\\/rczone.ee\\\/about-us\\\/\",\"url\":\"https:\\\/\\\/rczone.ee\\\/about-us\\\/\",\"name\":\"About Us - RC Zone | Raadio teel juhitavad autod\",\"isPartOf\":{\"@id\":\"https:\\\/\\\/rczone.ee\\\/#website\"},\"datePublished\":\"2024-01-17T08:56:14+00:00\",\"dateModified\":\"2026-03-20T20:27:59+00:00\",\"breadcrumb\":{\"@id\":\"https:\\\/\\\/rczone.ee\\\/about-us\\\/#breadcrumb\"},\"inLanguage\":\"lv-LV\",\"potentialAction\":[{\"@type\":\"ReadAction\",\"target\":[\"https:\\\/\\\/rczone.ee\\\/about-us\\\/\"]}]},{\"@type\":\"BreadcrumbList\",\"@id\":\"https:\\\/\\\/rczone.ee\\\/about-us\\\/#breadcrumb\",\"itemListElement\":[{\"@type\":\"ListItem\",\"position\":1,\"name\":\"Home\",\"item\":\"https:\\\/\\\/rczone.ee\\\/\"},{\"@type\":\"ListItem\",\"position\":2,\"name\":\"About Us\"}]},{\"@type\":\"WebSite\",\"@id\":\"https:\\\/\\\/rczone.ee\\\/#website\",\"url\":\"https:\\\/\\\/rczone.ee\\\/\",\"name\":\"RcZone\",\"description\":\"RcZone - Raadio teel juhitavate autode veebipood. M&uuml;&uuml;me laia valikut kvaliteetseid ja v&otilde;imsaid RC-autosid. Kiire tarne ja konkurentsiv&otilde;imelised hinnad.\",\"publisher\":{\"@id\":\"https:\\\/\\\/rczone.ee\\\/#organization\"},\"potentialAction\":[{\"@type\":\"SearchAction\",\"target\":{\"@type\":\"EntryPoint\",\"urlTemplate\":\"https:\\\/\\\/rczone.ee\\\/?s={search_term_string}\"},\"query-input\":{\"@type\":\"PropertyValueSpecification\",\"valueRequired\":true,\"valueName\":\"search_term_string\"}}],\"inLanguage\":\"lv-LV\"},{\"@type\":\"Organization\",\"@id\":\"https:\\\/\\\/rczone.ee\\\/#organization\",\"name\":\"RcZone\",\"url\":\"https:\\\/\\\/rczone.ee\\\/\",\"logo\":{\"@type\":\"ImageObject\",\"inLanguage\":\"lv-LV\",\"@id\":\"https:\\\/\\\/rczone.ee\\\/#\\\/schema\\\/logo\\\/image\\\/\",\"url\":\"https:\\\/\\\/rczone.ee\\\/wp-content\\\/uploads\\\/2024\\\/01\\\/3D.png\",\"contentUrl\":\"https:\\\/\\\/rczone.ee\\\/wp-content\\\/uploads\\\/2024\\\/01\\\/3D.png\",\"width\":2080,\"height\":602,\"caption\":\"RcZone\"},\"image\":{\"@id\":\"https:\\\/\\\/rczone.ee\\\/#\\\/schema\\\/logo\\\/image\\\/\"},\"sameAs\":[\"https:\\\/\\\/www.facebook.com\\\/rczone.ee\"]}]}<\/script>\n<!-- \/ Yoast SEO plugin. -->","yoast_head_json":{"title":"Par mums - RC Zone | Radiovad\u0101mie automobi\u013ci","robots":{"index":"index","follow":"follow","max-snippet":"max-snippet:-1","max-image-preview":"max-image-preview:large","max-video-preview":"max-video-preview:-1"},"canonical":"https:\/\/rczone.ee\/lv\/par-mums\/","og_locale":"lv_LV","og_type":"article","og_title":"About Us - RC Zone | Raadio teel juhitavad autod","og_url":"https:\/\/rczone.ee\/lv\/par-mums\/","og_site_name":"RC Zone | Raadio teel juhitavad autod","article_publisher":"https:\/\/www.facebook.com\/rczone.ee","article_modified_time":"2026-03-20T20:27:59+00:00","twitter_card":"summary_large_image","twitter_misc":{"Est. reading time":"2 min\u016btes"},"schema":{"@context":"https:\/\/schema.org","@graph":[{"@type":"WebPage","@id":"https:\/\/rczone.ee\/about-us\/","url":"https:\/\/rczone.ee\/about-us\/","name":"Par mums - RC Zone | Radiovad\u0101mie automobi\u013ci","isPartOf":{"@id":"https:\/\/rczone.ee\/#website"},"datePublished":"2024-01-17T08:56:14+00:00","dateModified":"2026-03-20T20:27:59+00:00","breadcrumb":{"@id":"https:\/\/rczone.ee\/about-us\/#breadcrumb"},"inLanguage":"lv-LV","potentialAction":[{"@type":"ReadAction","target":["https:\/\/rczone.ee\/about-us\/"]}]},{"@type":"BreadcrumbList","@id":"https:\/\/rczone.ee\/about-us\/#breadcrumb","itemListElement":[{"@type":"ListItem","position":1,"name":"Home","item":"https:\/\/rczone.ee\/"},{"@type":"ListItem","position":2,"name":"About Us"}]},{"@type":"WebSite","@id":"https:\/\/rczone.ee\/#website","url":"https:\/\/rczone.ee\/","name":"RcZone","description":"RcZone - Radio vad\u0101mo automobi\u013cu tie\u0161saistes veikals. M\u0113s p\u0101rdodam pla\u0161u augstas kvalit\u0101tes un jaud\u012bgu RC automobi\u013cu kl\u0101stu. \u0100tra pieg\u0101de un konkur\u0113tsp\u0113j\u012bgas cenas.","publisher":{"@id":"https:\/\/rczone.ee\/#organization"},"potentialAction":[{"@type":"SearchAction","target":{"@type":"EntryPoint","urlTemplate":"https:\/\/rczone.ee\/?s={search_term_string}"},"query-input":{"@type":"PropertyValueSpecification","valueRequired":true,"valueName":"search_term_string"}}],"inLanguage":"lv-LV"},{"@type":"Organization","@id":"https:\/\/rczone.ee\/#organization","name":"RcZone","url":"https:\/\/rczone.ee\/","logo":{"@type":"ImageObject","inLanguage":"lv-LV","@id":"https:\/\/rczone.ee\/#\/schema\/logo\/image\/","url":"https:\/\/rczone.ee\/wp-content\/uploads\/2024\/01\/3D.png","contentUrl":"https:\/\/rczone.ee\/wp-content\/uploads\/2024\/01\/3D.png","width":2080,"height":602,"caption":"RcZone"},"image":{"@id":"https:\/\/rczone.ee\/#\/schema\/logo\/image\/"},"sameAs":["https:\/\/www.facebook.com\/rczone.ee"]}]}},"_links":{"self":[{"href":"https:\/\/rczone.ee\/lv\/wp-json\/wp\/v2\/pages\/93","targetHints":{"allow":["GET"]}}],"collection":[{"href":"https:\/\/rczone.ee\/lv\/wp-json\/wp\/v2\/pages"}],"about":[{"href":"https:\/\/rczone.ee\/lv\/wp-json\/wp\/v2\/types\/page"}],"author":[{"embeddable":true,"href":"https:\/\/rczone.ee\/lv\/wp-json\/wp\/v2\/users\/1"}],"replies":[{"embeddable":true,"href":"https:\/\/rczone.ee\/lv\/wp-json\/wp\/v2\/comments?post=93"}],"version-history":[{"count":8,"href":"https:\/\/rczone.ee\/lv\/wp-json\/wp\/v2\/pages\/93\/revisions"}],"predecessor-version":[{"id":5810,"href":"https:\/\/rczone.ee\/lv\/wp-json\/wp\/v2\/pages\/93\/revisions\/5810"}],"wp:attachment":[{"href":"https:\/\/rczone.ee\/lv\/wp-json\/wp\/v2\/media?parent=93"}],"curies":[{"name":"wp","href":"https:\/\/api.w.org\/{rel}","templated":true}]}}