{"id":1218,"date":"2024-09-29T11:06:17","date_gmt":"2024-09-29T08:06:17","guid":{"rendered":"https:\/\/rczone.ee\/?post_type=product&#038;p=1218"},"modified":"2026-03-12T20:47:05","modified_gmt":"2026-03-12T18:47:05","slug":"suchiyu-scy-16102-pro-4wd-bez-suku-116","status":"publish","type":"product","link":"https:\/\/rczone.ee\/lv\/toode\/suchiyu-scy-16102-pro-4wd-brushless-116\/","title":{"rendered":"Suchiyu SCY-16102 PRO 4WD Brushless 1:16"},"content":{"rendered":"<p>Suchiyu SCY-16102 PRO ir patiesi iespaid\u012bgs \u010detru rite\u0146u piedzi\u0146as modelis, kas apvieno jaudu, \u0101trumu un stilu.<\/p>\n<p><strong>Tehniskie dati:<\/strong><\/p>\n<ul>\n<li><strong>Dzin\u0113js:<\/strong> 2840 bezsuku motors (4000 KV) un 35 A pret \u0161\u013cakat\u0101m aizsarg\u0101ts ECS nodro\u0161ina iespaid\u012bgu \u0101trumu l\u012bdz 70 km\/h.<\/li>\n<li><strong>P\u0101rvald\u012bbas sist\u0113ma:<\/strong> Pilna m\u0113roga sinhron\u0101 vad\u012bbas sist\u0113ma ar 2,4 GHz frekvenci \u013cauj vienlaic\u012bgi vad\u012bt vair\u0101kus transportl\u012bdzek\u013cus sacens\u012bb\u0101s, un maksim\u0101lais vad\u012bbas diapazons ir 120 metri.<\/li>\n<li><strong>Akumulators un uzl\u0101de:<\/strong> Automobilis ir apr\u012bkots ar 7,4 V 1500 mAh 15C litija jonu akumulatoru, kas nodro\u0161ina 15-18 min\u016b\u0161u brauk\u0161anas laiku. Akumulatora uzl\u0101des laiks 3-3,5 stundas.<\/li>\n<\/ul>\n<p><strong>Izcila brauk\u0161anas veiktsp\u0113ja:<\/strong><\/p>\n<ul>\n<li><strong>Veeremi dizains:<\/strong> Automa\u0161\u012bnai ir met\u0101la diferenci\u0101lis, zobrata rite\u0146i un rito\u0161\u0101 sast\u0101va deta\u013cas, kas nodro\u0161ina lielisku vilci un stabilit\u0101ti.<\/li>\n<li><strong>Nolietojums un aptur\u0113\u0161ana:<\/strong> Neatkar\u012bga balstiek\u0101rtas sist\u0113ma palielina automobi\u013ca iztur\u012bbu un kontroli uz vissare\u017e\u0123\u012bt\u0101kaj\u0101m tras\u0113m.<\/li>\n<\/ul>\n<p><strong>Dizains un funkcionalit\u0101te:<\/strong><\/p>\n<ul>\n<li><strong>\u0160asija un riepas:\u00a0<\/strong>Automa\u0161\u012bnai ir iztur\u012bgas dzi\u013ca raksta riepas, kas ir \u012bpa\u0161i piem\u0113rotas brauk\u0161anai pa grants segumu vai z\u0101lienu.<\/li>\n<li><strong>LED lukturi:<\/strong>. Integr\u0113tas LED iepriek\u0161 mirgojo\u0161\u0101s gaismas ar trim re\u017e\u012bmiem: nep\u0101rtraukts, l\u0113ni mirgojo\u0161s un \u0101tri mirgojo\u0161s.<\/li>\n<\/ul>\n<p><strong>Iepakojum\u0101:<\/strong><\/p>\n<ul>\n<li>1 x RC auto<\/li>\n<li>1 x t\u0101lvad\u012bbas pults<\/li>\n<li>1 x akumulators<\/li>\n<li>1 x l\u0101d\u0113\u0161anas kabelis<\/li>\n<li>1 x skr\u016bvgriezis<\/li>\n<li>1 x \u0160\u0137\u0113rsstienis<\/li>\n<li>1 x lietot\u0101ja rokasgr\u0101mata<\/li>\n<\/ul>\n<div style=\"padding: 56.25% 0 0 0; position: relative;\"><iframe style=\"position: absolute; top: 0; left: 0; width: 100%; height: 100%;\" title=\"SCY16102\" src=\"https:\/\/player.vimeo.com\/video\/1009944073?title=0&amp;byline=0&amp;portrait=0&amp;badge=0&amp;autopause=0&amp;player_id=0&amp;app_id=58479\" frameborder=\"0\"><\/iframe><\/div>\n<p><script src=\"https:\/\/player.vimeo.com\/api\/player.js\"><\/script><\/p>\n<p><img decoding=\"async\" class=\"alignnone size-medium wp-image-1239\" src=\"https:\/\/rczone.ee\/wp-content\/uploads\/2024\/09\/blue-400x400.jpg\" alt=\"\" width=\"400\" height=\"400\" srcset=\"https:\/\/rczone.ee\/wp-content\/uploads\/2024\/09\/blue-400x400.jpg 400w, https:\/\/rczone.ee\/wp-content\/uploads\/2024\/09\/blue-280x280.jpg 280w, https:\/\/rczone.ee\/wp-content\/uploads\/2024\/09\/blue-768x768.jpg 768w, https:\/\/rczone.ee\/wp-content\/uploads\/2024\/09\/blue-12x12.jpg 12w, https:\/\/rczone.ee\/wp-content\/uploads\/2024\/09\/blue-450x450.jpg 450w, https:\/\/rczone.ee\/wp-content\/uploads\/2024\/09\/blue-100x100.jpg 100w, https:\/\/rczone.ee\/wp-content\/uploads\/2024\/09\/blue.jpg 800w\" sizes=\"(max-width: 400px) 100vw, 400px\" \/> <img decoding=\"async\" class=\"alignnone size-medium wp-image-1244\" src=\"https:\/\/rczone.ee\/wp-content\/uploads\/2024\/09\/orange-400x400.jpg\" alt=\"\" width=\"400\" height=\"400\" srcset=\"https:\/\/rczone.ee\/wp-content\/uploads\/2024\/09\/orange-400x400.jpg 400w, https:\/\/rczone.ee\/wp-content\/uploads\/2024\/09\/orange-280x280.jpg 280w, https:\/\/rczone.ee\/wp-content\/uploads\/2024\/09\/orange-768x768.jpg 768w, https:\/\/rczone.ee\/wp-content\/uploads\/2024\/09\/orange-12x12.jpg 12w, https:\/\/rczone.ee\/wp-content\/uploads\/2024\/09\/orange-450x450.jpg 450w, https:\/\/rczone.ee\/wp-content\/uploads\/2024\/09\/orange-100x100.jpg 100w, https:\/\/rczone.ee\/wp-content\/uploads\/2024\/09\/orange.jpg 800w\" sizes=\"(max-width: 400px) 100vw, 400px\" \/> <img decoding=\"async\" class=\"alignnone size-medium wp-image-1241\" src=\"https:\/\/rczone.ee\/wp-content\/uploads\/2024\/09\/m2-400x400.jpg\" alt=\"\" width=\"400\" height=\"400\" srcset=\"https:\/\/rczone.ee\/wp-content\/uploads\/2024\/09\/m2-400x400.jpg 400w, https:\/\/rczone.ee\/wp-content\/uploads\/2024\/09\/m2-280x280.jpg 280w, https:\/\/rczone.ee\/wp-content\/uploads\/2024\/09\/m2-768x768.jpg 768w, https:\/\/rczone.ee\/wp-content\/uploads\/2024\/09\/m2-12x12.jpg 12w, https:\/\/rczone.ee\/wp-content\/uploads\/2024\/09\/m2-450x450.jpg 450w, https:\/\/rczone.ee\/wp-content\/uploads\/2024\/09\/m2-100x100.jpg 100w, https:\/\/rczone.ee\/wp-content\/uploads\/2024\/09\/m2.jpg 800w\" sizes=\"(max-width: 400px) 100vw, 400px\" \/> <img decoding=\"async\" class=\"alignnone size-medium wp-image-1247\" src=\"https:\/\/rczone.ee\/wp-content\/uploads\/2024\/09\/H5dc7faaa287b4152aacb0c5a860fd277I-400x400.webp\" alt=\"\" width=\"400\" height=\"400\" srcset=\"https:\/\/rczone.ee\/wp-content\/uploads\/2024\/09\/H5dc7faaa287b4152aacb0c5a860fd277I-400x400.webp 400w, https:\/\/rczone.ee\/wp-content\/uploads\/2024\/09\/H5dc7faaa287b4152aacb0c5a860fd277I-280x280.webp 280w, https:\/\/rczone.ee\/wp-content\/uploads\/2024\/09\/H5dc7faaa287b4152aacb0c5a860fd277I-12x12.webp 12w, https:\/\/rczone.ee\/wp-content\/uploads\/2024\/09\/H5dc7faaa287b4152aacb0c5a860fd277I-450x450.webp 450w, https:\/\/rczone.ee\/wp-content\/uploads\/2024\/09\/H5dc7faaa287b4152aacb0c5a860fd277I-100x100.webp 100w, https:\/\/rczone.ee\/wp-content\/uploads\/2024\/09\/H5dc7faaa287b4152aacb0c5a860fd277I.webp 700w\" sizes=\"(max-width: 400px) 100vw, 400px\" \/>\u00a0<img decoding=\"async\" class=\"alignnone size-medium wp-image-1223\" src=\"https:\/\/rczone.ee\/wp-content\/uploads\/2024\/09\/3-1-400x400.jpg\" alt=\"\" width=\"400\" height=\"400\" srcset=\"https:\/\/rczone.ee\/wp-content\/uploads\/2024\/09\/3-1-400x400.jpg 400w, https:\/\/rczone.ee\/wp-content\/uploads\/2024\/09\/3-1-280x280.jpg 280w, https:\/\/rczone.ee\/wp-content\/uploads\/2024\/09\/3-1-768x768.jpg 768w, https:\/\/rczone.ee\/wp-content\/uploads\/2024\/09\/3-1-12x12.jpg 12w, https:\/\/rczone.ee\/wp-content\/uploads\/2024\/09\/3-1-450x450.jpg 450w, https:\/\/rczone.ee\/wp-content\/uploads\/2024\/09\/3-1-100x100.jpg 100w, https:\/\/rczone.ee\/wp-content\/uploads\/2024\/09\/3-1.jpg 800w\" sizes=\"(max-width: 400px) 100vw, 400px\" \/><\/p>\n<p>&nbsp;<\/p>\n<p>&nbsp;<\/p>\n<p>&nbsp;<\/p>","protected":false},"excerpt":{"rendered":"<ul>\n<li style=\"line-height: 1; padding-top: 20px;\">Nov\u0113rt\u0113jums: Eksperts<\/li>\n<li style=\"line-height: 1;\">Lietot\u0101ja vecums: 14+<\/li>\n<li style=\"line-height: 1;\">Kategorija: Truggy<\/li>\n<li style=\"line-height: 1;\">M\u0113rogi: 1:16<\/li>\n<li style=\"line-height: 1;\">Vilces ass: 4WD<\/li>\n<li style=\"line-height: 1;\">Maksim\u0101lais \u0101trums: 70 km\/h<\/li>\n<li style=\"line-height: 1;\">Pabeig\u0161ana: gatavs darbam<\/li>\n<li style=\"line-height: 1;\">Ener\u0123ija: elektroener\u0123ija<\/li>\n<\/ul>","protected":false},"featured_media":1247,"comment_status":"open","ping_status":"closed","template":"","meta":{"_monsterinsights_skip_tracking":false,"_monsterinsights_sitenote_active":false,"_monsterinsights_sitenote_note":"","_monsterinsights_sitenote_category":0},"fits_model":[],"product_brand":[],"product_cat":[33],"product_tag":[122,84],"woo-feed-brand":[],"class_list":{"0":"post-1218","1":"product","2":"type-product","3":"status-publish","4":"has-post-thumbnail","6":"product_cat-truggy","7":"product_tag-liion74","8":"product_tag-standard","10":"first","11":"instock","12":"taxable","13":"shipping-taxable","14":"purchasable","15":"product-type-variable"},"yoast_head":"<!-- This site is optimized with the Yoast SEO plugin v27.4 - https:\/\/yoast.com\/product\/yoast-seo-wordpress\/ -->\n<title>Suchiyu SCY-16102 PRO 4WD Brushless 1:16 - RC Zone | Raadio teel juhitavad autod<\/title>\n<meta name=\"robots\" content=\"index, follow, max-snippet:-1, max-image-preview:large, max-video-preview:-1\" \/>\n<link rel=\"canonical\" href=\"https:\/\/rczone.ee\/lv\/products\/suchiyu-scy-16102-pro-4wd-bez-suku-116\/\" \/>\n<meta property=\"og:locale\" content=\"lv_LV\" \/>\n<meta property=\"og:type\" content=\"article\" \/>\n<meta property=\"og:title\" content=\"Suchiyu SCY-16102 PRO 4WD Brushless 1:16 - RC Zone | Raadio teel juhitavad autod\" \/>\n<meta property=\"og:description\" content=\"Rate: Expert  Kasutaja vanuseklass: 14+  Kategooria: Truggy  Skaala: 1:16  Vedav sild: 4WD  Max kiirus: 70 km\/h  Komplekteeritus: Ready-To-Run  Energia: Elekter\" \/>\n<meta property=\"og:url\" content=\"https:\/\/rczone.ee\/lv\/products\/suchiyu-scy-16102-pro-4wd-bez-suku-116\/\" \/>\n<meta property=\"og:site_name\" content=\"RC Zone | Raadio teel juhitavad autod\" \/>\n<meta property=\"article:publisher\" content=\"https:\/\/www.facebook.com\/rczone.ee\" \/>\n<meta property=\"article:modified_time\" content=\"2026-03-12T18:47:05+00:00\" \/>\n<meta property=\"og:image\" content=\"https:\/\/rczone.ee\/wp-content\/uploads\/2024\/09\/H5dc7faaa287b4152aacb0c5a860fd277I.webp\" \/>\n\t<meta property=\"og:image:width\" content=\"700\" \/>\n\t<meta property=\"og:image:height\" content=\"700\" \/>\n\t<meta property=\"og:image:type\" content=\"image\/webp\" \/>\n<meta name=\"twitter:card\" content=\"summary_large_image\" \/>\n<meta name=\"twitter:label1\" content=\"Est. reading time\" \/>\n\t<meta name=\"twitter:data1\" content=\"3 min\u016btes\" \/>\n<script type=\"application\/ld+json\" class=\"yoast-schema-graph\">{\"@context\":\"https:\\\/\\\/schema.org\",\"@graph\":[{\"@type\":\"WebPage\",\"@id\":\"https:\\\/\\\/rczone.ee\\\/toode\\\/suchiyu-scy-16102-pro-4wd-brushless-116\\\/\",\"url\":\"https:\\\/\\\/rczone.ee\\\/toode\\\/suchiyu-scy-16102-pro-4wd-brushless-116\\\/\",\"name\":\"Suchiyu SCY-16102 PRO 4WD Brushless 1:16 - RC Zone | Raadio teel juhitavad autod\",\"isPartOf\":{\"@id\":\"https:\\\/\\\/rczone.ee\\\/#website\"},\"primaryImageOfPage\":{\"@id\":\"https:\\\/\\\/rczone.ee\\\/toode\\\/suchiyu-scy-16102-pro-4wd-brushless-116\\\/#primaryimage\"},\"image\":{\"@id\":\"https:\\\/\\\/rczone.ee\\\/toode\\\/suchiyu-scy-16102-pro-4wd-brushless-116\\\/#primaryimage\"},\"thumbnailUrl\":\"https:\\\/\\\/rczone.ee\\\/wp-content\\\/uploads\\\/2024\\\/09\\\/H5dc7faaa287b4152aacb0c5a860fd277I.webp\",\"datePublished\":\"2024-09-29T08:06:17+00:00\",\"dateModified\":\"2026-03-12T18:47:05+00:00\",\"breadcrumb\":{\"@id\":\"https:\\\/\\\/rczone.ee\\\/toode\\\/suchiyu-scy-16102-pro-4wd-brushless-116\\\/#breadcrumb\"},\"inLanguage\":\"lv-LV\",\"potentialAction\":[{\"@type\":\"ReadAction\",\"target\":[\"https:\\\/\\\/rczone.ee\\\/toode\\\/suchiyu-scy-16102-pro-4wd-brushless-116\\\/\"]}]},{\"@type\":\"ImageObject\",\"inLanguage\":\"lv-LV\",\"@id\":\"https:\\\/\\\/rczone.ee\\\/toode\\\/suchiyu-scy-16102-pro-4wd-brushless-116\\\/#primaryimage\",\"url\":\"https:\\\/\\\/rczone.ee\\\/wp-content\\\/uploads\\\/2024\\\/09\\\/H5dc7faaa287b4152aacb0c5a860fd277I.webp\",\"contentUrl\":\"https:\\\/\\\/rczone.ee\\\/wp-content\\\/uploads\\\/2024\\\/09\\\/H5dc7faaa287b4152aacb0c5a860fd277I.webp\",\"width\":700,\"height\":700},{\"@type\":\"BreadcrumbList\",\"@id\":\"https:\\\/\\\/rczone.ee\\\/toode\\\/suchiyu-scy-16102-pro-4wd-brushless-116\\\/#breadcrumb\",\"itemListElement\":[{\"@type\":\"ListItem\",\"position\":1,\"name\":\"Home\",\"item\":\"https:\\\/\\\/rczone.ee\\\/\"},{\"@type\":\"ListItem\",\"position\":2,\"name\":\"Shop\",\"item\":\"https:\\\/\\\/rczone.ee\\\/shop\\\/\"},{\"@type\":\"ListItem\",\"position\":3,\"name\":\"Suchiyu SCY-16102 PRO 4WD Brushless 1:16\"}]},{\"@type\":\"WebSite\",\"@id\":\"https:\\\/\\\/rczone.ee\\\/#website\",\"url\":\"https:\\\/\\\/rczone.ee\\\/\",\"name\":\"RcZone\",\"description\":\"RcZone - Raadio teel juhitavate autode veebipood. M&uuml;&uuml;me laia valikut kvaliteetseid ja v&otilde;imsaid RC-autosid. Kiire tarne ja konkurentsiv&otilde;imelised hinnad.\",\"publisher\":{\"@id\":\"https:\\\/\\\/rczone.ee\\\/#organization\"},\"potentialAction\":[{\"@type\":\"SearchAction\",\"target\":{\"@type\":\"EntryPoint\",\"urlTemplate\":\"https:\\\/\\\/rczone.ee\\\/?s={search_term_string}\"},\"query-input\":{\"@type\":\"PropertyValueSpecification\",\"valueRequired\":true,\"valueName\":\"search_term_string\"}}],\"inLanguage\":\"lv-LV\"},{\"@type\":\"Organization\",\"@id\":\"https:\\\/\\\/rczone.ee\\\/#organization\",\"name\":\"RcZone\",\"url\":\"https:\\\/\\\/rczone.ee\\\/\",\"logo\":{\"@type\":\"ImageObject\",\"inLanguage\":\"lv-LV\",\"@id\":\"https:\\\/\\\/rczone.ee\\\/#\\\/schema\\\/logo\\\/image\\\/\",\"url\":\"https:\\\/\\\/rczone.ee\\\/wp-content\\\/uploads\\\/2024\\\/01\\\/3D.png\",\"contentUrl\":\"https:\\\/\\\/rczone.ee\\\/wp-content\\\/uploads\\\/2024\\\/01\\\/3D.png\",\"width\":2080,\"height\":602,\"caption\":\"RcZone\"},\"image\":{\"@id\":\"https:\\\/\\\/rczone.ee\\\/#\\\/schema\\\/logo\\\/image\\\/\"},\"sameAs\":[\"https:\\\/\\\/www.facebook.com\\\/rczone.ee\"]}]}<\/script>\n<!-- \/ Yoast SEO plugin. -->","yoast_head_json":{"title":"Suchiyu SCY-16102 PRO 4WD Brushless 1:16 - RC Zona | Radio vad\u0101mie automobi\u013ci","robots":{"index":"index","follow":"follow","max-snippet":"max-snippet:-1","max-image-preview":"max-image-preview:large","max-video-preview":"max-video-preview:-1"},"canonical":"https:\/\/rczone.ee\/lv\/products\/suchiyu-scy-16102-pro-4wd-bez-suku-116\/","og_locale":"lv_LV","og_type":"article","og_title":"Suchiyu SCY-16102 PRO 4WD Brushless 1:16 - RC Zone | Raadio teel juhitavad autod","og_description":"Rate: Expert  Kasutaja vanuseklass: 14+  Kategooria: Truggy  Skaala: 1:16  Vedav sild: 4WD  Max kiirus: 70 km\/h  Komplekteeritus: Ready-To-Run  Energia: Elekter","og_url":"https:\/\/rczone.ee\/lv\/products\/suchiyu-scy-16102-pro-4wd-bez-suku-116\/","og_site_name":"RC Zone | Raadio teel juhitavad autod","article_publisher":"https:\/\/www.facebook.com\/rczone.ee","article_modified_time":"2026-03-12T18:47:05+00:00","og_image":[{"width":700,"height":700,"url":"https:\/\/rczone.ee\/wp-content\/uploads\/2024\/09\/H5dc7faaa287b4152aacb0c5a860fd277I.webp","type":"image\/webp"}],"twitter_card":"summary_large_image","twitter_misc":{"Est. reading time":"3 min\u016btes"},"schema":{"@context":"https:\/\/schema.org","@graph":[{"@type":"WebPage","@id":"https:\/\/rczone.ee\/toode\/suchiyu-scy-16102-pro-4wd-brushless-116\/","url":"https:\/\/rczone.ee\/toode\/suchiyu-scy-16102-pro-4wd-brushless-116\/","name":"Suchiyu SCY-16102 PRO 4WD Brushless 1:16 - RC Zona | Radio vad\u0101mie automobi\u013ci","isPartOf":{"@id":"https:\/\/rczone.ee\/#website"},"primaryImageOfPage":{"@id":"https:\/\/rczone.ee\/toode\/suchiyu-scy-16102-pro-4wd-brushless-116\/#primaryimage"},"image":{"@id":"https:\/\/rczone.ee\/toode\/suchiyu-scy-16102-pro-4wd-brushless-116\/#primaryimage"},"thumbnailUrl":"https:\/\/rczone.ee\/wp-content\/uploads\/2024\/09\/H5dc7faaa287b4152aacb0c5a860fd277I.webp","datePublished":"2024-09-29T08:06:17+00:00","dateModified":"2026-03-12T18:47:05+00:00","breadcrumb":{"@id":"https:\/\/rczone.ee\/toode\/suchiyu-scy-16102-pro-4wd-brushless-116\/#breadcrumb"},"inLanguage":"lv-LV","potentialAction":[{"@type":"ReadAction","target":["https:\/\/rczone.ee\/toode\/suchiyu-scy-16102-pro-4wd-brushless-116\/"]}]},{"@type":"ImageObject","inLanguage":"lv-LV","@id":"https:\/\/rczone.ee\/toode\/suchiyu-scy-16102-pro-4wd-brushless-116\/#primaryimage","url":"https:\/\/rczone.ee\/wp-content\/uploads\/2024\/09\/H5dc7faaa287b4152aacb0c5a860fd277I.webp","contentUrl":"https:\/\/rczone.ee\/wp-content\/uploads\/2024\/09\/H5dc7faaa287b4152aacb0c5a860fd277I.webp","width":700,"height":700},{"@type":"BreadcrumbList","@id":"https:\/\/rczone.ee\/toode\/suchiyu-scy-16102-pro-4wd-brushless-116\/#breadcrumb","itemListElement":[{"@type":"ListItem","position":1,"name":"Home","item":"https:\/\/rczone.ee\/"},{"@type":"ListItem","position":2,"name":"Shop","item":"https:\/\/rczone.ee\/shop\/"},{"@type":"ListItem","position":3,"name":"Suchiyu SCY-16102 PRO 4WD Brushless 1:16"}]},{"@type":"WebSite","@id":"https:\/\/rczone.ee\/#website","url":"https:\/\/rczone.ee\/","name":"RcZone","description":"RcZone - Radio vad\u0101mo automobi\u013cu tie\u0161saistes veikals. M\u0113s p\u0101rdodam pla\u0161u augstas kvalit\u0101tes un jaud\u012bgu RC automobi\u013cu kl\u0101stu. \u0100tra pieg\u0101de un konkur\u0113tsp\u0113j\u012bgas cenas.","publisher":{"@id":"https:\/\/rczone.ee\/#organization"},"potentialAction":[{"@type":"SearchAction","target":{"@type":"EntryPoint","urlTemplate":"https:\/\/rczone.ee\/?s={search_term_string}"},"query-input":{"@type":"PropertyValueSpecification","valueRequired":true,"valueName":"search_term_string"}}],"inLanguage":"lv-LV"},{"@type":"Organization","@id":"https:\/\/rczone.ee\/#organization","name":"RcZone","url":"https:\/\/rczone.ee\/","logo":{"@type":"ImageObject","inLanguage":"lv-LV","@id":"https:\/\/rczone.ee\/#\/schema\/logo\/image\/","url":"https:\/\/rczone.ee\/wp-content\/uploads\/2024\/01\/3D.png","contentUrl":"https:\/\/rczone.ee\/wp-content\/uploads\/2024\/01\/3D.png","width":2080,"height":602,"caption":"RcZone"},"image":{"@id":"https:\/\/rczone.ee\/#\/schema\/logo\/image\/"},"sameAs":["https:\/\/www.facebook.com\/rczone.ee"]}]}},"_links":{"self":[{"href":"https:\/\/rczone.ee\/lv\/wp-json\/wp\/v2\/product\/1218","targetHints":{"allow":["GET"]}}],"collection":[{"href":"https:\/\/rczone.ee\/lv\/wp-json\/wp\/v2\/product"}],"about":[{"href":"https:\/\/rczone.ee\/lv\/wp-json\/wp\/v2\/types\/product"}],"replies":[{"embeddable":true,"href":"https:\/\/rczone.ee\/lv\/wp-json\/wp\/v2\/comments?post=1218"}],"wp:featuredmedia":[{"embeddable":true,"href":"https:\/\/rczone.ee\/lv\/wp-json\/wp\/v2\/media\/1247"}],"wp:attachment":[{"href":"https:\/\/rczone.ee\/lv\/wp-json\/wp\/v2\/media?parent=1218"}],"wp:term":[{"taxonomy":"fits_model","embeddable":true,"href":"https:\/\/rczone.ee\/lv\/wp-json\/wp\/v2\/fits_model?post=1218"},{"taxonomy":"product_brand","embeddable":true,"href":"https:\/\/rczone.ee\/lv\/wp-json\/wp\/v2\/product_brand?post=1218"},{"taxonomy":"product_cat","embeddable":true,"href":"https:\/\/rczone.ee\/lv\/wp-json\/wp\/v2\/product_cat?post=1218"},{"taxonomy":"product_tag","embeddable":true,"href":"https:\/\/rczone.ee\/lv\/wp-json\/wp\/v2\/product_tag?post=1218"},{"taxonomy":"woo-feed-brand","embeddable":true,"href":"https:\/\/rczone.ee\/lv\/wp-json\/wp\/v2\/woo-feed-brand?post=1218"}],"curies":[{"name":"wp","href":"https:\/\/api.w.org\/{rel}","templated":true}]}}