{"id":1248,"date":"2024-09-29T11:54:26","date_gmt":"2024-09-29T08:54:26","guid":{"rendered":"https:\/\/rczone.ee\/?post_type=product&#038;p=1248"},"modified":"2026-03-07T18:40:57","modified_gmt":"2026-03-07T16:40:57","slug":"suchiyu-scy-16101-rapidly-4wd-116","status":"publish","type":"product","link":"https:\/\/rczone.ee\/lv\/toode\/suchiyu-scy-16101-rapidly-4wd-116\/","title":{"rendered":"Suchiyu SCY-16101 Rapidly 4WD 1:16"},"content":{"rendered":"<p><strong>Suchiyu SCY-16101 \u0101tri<\/strong> ir paredz\u0113ts, lai kompens\u0113tu \u0101truma un efektivit\u0101tes ierobe\u017eojumus. \u0160is 1:16 m\u0113roga elektriskais \u010detru rite\u0146u piedzi\u0146as automobilis pied\u0101v\u0101 lielisku veiktsp\u0113ju un stilu, padarot to par lielisku pal\u012bgu gan ies\u0101c\u0113jiem, gan pieredz\u0113ju\u0161iem RC entuziastiem. Automobilis ir apr\u012bkots ar LED lukturiem un izskat\u0101s absol\u016bti satrieco\u0161i! Auto centr\u0101 ir RC390 oglek\u013ca sukas, jaud\u012bgs magn\u0113tiskais motors, kas apr\u012bkots ar magn\u0113tisko aizsardz\u012bbu un dzes\u0113\u0161anas radiatoru optim\u0101lai veiktsp\u0113jai un iztur\u012bbai. ESC ir notur\u012bgs pret \u0161\u013cakat\u0101m, nodro\u0161inot dro\u0161\u012bbu jebkur\u0101 apvid\u016b. 7,4 V 1300 mAh litija jonu akumulators nodro\u0161ina l\u012bdz 15 min\u016bt\u0113m nep\u0101rtrauktas brauk\u0161anas ar pilnu \u0101trumu un ir uzl\u0101d\u0113jams aptuveni 2-3 stund\u0101s ar komplekt\u0101 iek\u013cauto USB l\u0101d\u0113t\u0101ju.<\/p>\n<p><strong>Iepakojum\u0101:<\/strong><\/p>\n<ul>\n<li>1 x RC auto<\/li>\n<li>1 x t\u0101lvad\u012bbas pults<\/li>\n<li>1 x lietot\u0101ja rokasgr\u0101mata<\/li>\n<li>1 x litija akumulators<\/li>\n<li>1 x USB l\u0101d\u0113t\u0101js<\/li>\n<li>1 x Tagatiib<\/li>\n<li>1 x Amord regul\u0113\u0161anas atsl\u0113ga<\/li>\n<li>1 x met\u0101la instruments<\/li>\n<li>1 x Mazais skr\u016bvgriezis ar Phillips galvi\u0146u<\/li>\n<\/ul>\n<div style=\"padding: 56.25% 0 0 0; position: relative;\"><iframe style=\"position: absolute; top: 0; left: 0; width: 100%; height: 100%;\" title=\"SCY16101\" src=\"https:\/\/player.vimeo.com\/video\/1009969800?title=0&amp;byline=0&amp;portrait=0&amp;badge=0&amp;autopause=0&amp;player_id=0&amp;app_id=58479\" frameborder=\"0\"><\/iframe><\/div>\n<p><script src=\"https:\/\/player.vimeo.com\/api\/player.js\"><\/script><\/p>\n<p><img decoding=\"async\" class=\"alignnone size-medium wp-image-1258\" src=\"https:\/\/rczone.ee\/wp-content\/uploads\/2024\/09\/9-1-400x400.jpg\" alt=\"\" width=\"400\" height=\"400\" srcset=\"https:\/\/rczone.ee\/wp-content\/uploads\/2024\/09\/9-1-400x400.jpg 400w, https:\/\/rczone.ee\/wp-content\/uploads\/2024\/09\/9-1-280x280.jpg 280w, https:\/\/rczone.ee\/wp-content\/uploads\/2024\/09\/9-1-768x768.jpg 768w, https:\/\/rczone.ee\/wp-content\/uploads\/2024\/09\/9-1-12x12.jpg 12w, https:\/\/rczone.ee\/wp-content\/uploads\/2024\/09\/9-1-450x450.jpg 450w, https:\/\/rczone.ee\/wp-content\/uploads\/2024\/09\/9-1-100x100.jpg 100w, https:\/\/rczone.ee\/wp-content\/uploads\/2024\/09\/9-1.jpg 800w\" sizes=\"(max-width: 400px) 100vw, 400px\" \/> <img decoding=\"async\" class=\"alignnone size-medium wp-image-1259\" src=\"https:\/\/rczone.ee\/wp-content\/uploads\/2024\/09\/10-2-400x400.jpg\" alt=\"\" width=\"400\" height=\"400\" srcset=\"https:\/\/rczone.ee\/wp-content\/uploads\/2024\/09\/10-2-400x400.jpg 400w, https:\/\/rczone.ee\/wp-content\/uploads\/2024\/09\/10-2-280x280.jpg 280w, https:\/\/rczone.ee\/wp-content\/uploads\/2024\/09\/10-2-768x768.jpg 768w, https:\/\/rczone.ee\/wp-content\/uploads\/2024\/09\/10-2-12x12.jpg 12w, https:\/\/rczone.ee\/wp-content\/uploads\/2024\/09\/10-2-450x450.jpg 450w, https:\/\/rczone.ee\/wp-content\/uploads\/2024\/09\/10-2-100x100.jpg 100w, https:\/\/rczone.ee\/wp-content\/uploads\/2024\/09\/10-2.jpg 800w\" sizes=\"(max-width: 400px) 100vw, 400px\" \/> <img decoding=\"async\" class=\"alignnone size-medium wp-image-1262\" src=\"https:\/\/rczone.ee\/wp-content\/uploads\/2024\/09\/m6-400x400.jpg\" alt=\"\" width=\"400\" height=\"400\" srcset=\"https:\/\/rczone.ee\/wp-content\/uploads\/2024\/09\/m6-400x400.jpg 400w, https:\/\/rczone.ee\/wp-content\/uploads\/2024\/09\/m6-280x280.jpg 280w, https:\/\/rczone.ee\/wp-content\/uploads\/2024\/09\/m6-768x768.jpg 768w, https:\/\/rczone.ee\/wp-content\/uploads\/2024\/09\/m6-12x12.jpg 12w, https:\/\/rczone.ee\/wp-content\/uploads\/2024\/09\/m6-450x450.jpg 450w, https:\/\/rczone.ee\/wp-content\/uploads\/2024\/09\/m6-100x100.jpg 100w, https:\/\/rczone.ee\/wp-content\/uploads\/2024\/09\/m6.jpg 800w\" sizes=\"(max-width: 400px) 100vw, 400px\" \/><\/p>","protected":false},"excerpt":{"rendered":"<ul>\n<li style=\"line-height: 1; padding-top: 20px;\">Nov\u0113rt\u0113jums: Par<\/li>\n<li style=\"line-height: 1;\">Lietot\u0101ju vecuma diapazons: 8-13 gadi<\/li>\n<li style=\"line-height: 1;\">Kategorija: Truggy<\/li>\n<li style=\"line-height: 1;\">M\u0113rogi: 1:16<\/li>\n<li style=\"line-height: 1;\">Vilces ass: 4WD<\/li>\n<li style=\"line-height: 1;\">Maksim\u0101lais \u0101trums: 38 km\/h<\/li>\n<li style=\"line-height: 1;\">Pabeig\u0161ana: gatavs darbam<\/li>\n<li style=\"line-height: 1;\">Ener\u0123ija: elektroener\u0123ija<\/li>\n<\/ul>","protected":false},"featured_media":1263,"comment_status":"open","ping_status":"closed","template":"","meta":{"_monsterinsights_skip_tracking":false,"_monsterinsights_sitenote_active":false,"_monsterinsights_sitenote_note":"","_monsterinsights_sitenote_category":0},"fits_model":[],"product_brand":[],"product_cat":[33],"product_tag":[122,84],"woo-feed-brand":[],"class_list":{"0":"post-1248","1":"product","2":"type-product","3":"status-publish","4":"has-post-thumbnail","6":"product_cat-truggy","7":"product_tag-liion74","8":"product_tag-standard","10":"first","11":"instock","12":"taxable","13":"shipping-taxable","14":"purchasable","15":"product-type-variable","16":"has-default-attributes"},"yoast_head":"<!-- This site is optimized with the Yoast SEO plugin v27.4 - https:\/\/yoast.com\/product\/yoast-seo-wordpress\/ -->\n<title>Suchiyu SCY-16101 Rapidly 4WD 1:16 - RC Zone | Raadio teel juhitavad autod<\/title>\n<meta name=\"robots\" content=\"index, follow, max-snippet:-1, max-image-preview:large, max-video-preview:-1\" \/>\n<link rel=\"canonical\" href=\"https:\/\/rczone.ee\/lv\/products\/suchiyu-scy-16101-rapidly-4wd-116\/\" \/>\n<meta property=\"og:locale\" content=\"lv_LV\" \/>\n<meta property=\"og:type\" content=\"article\" \/>\n<meta property=\"og:title\" content=\"Suchiyu SCY-16101 Rapidly 4WD 1:16 - RC Zone | Raadio teel juhitavad autod\" \/>\n<meta property=\"og:description\" content=\"Rate: Pro  Kasutaja vanuseklass: 8-13  Kategooria: Truggy  Skaala: 1:16  Vedav sild: 4WD  Max kiirus: 38 km\/h  Komplekteeritus: Ready-To-Run  Energia: Elekter\" \/>\n<meta property=\"og:url\" content=\"https:\/\/rczone.ee\/lv\/products\/suchiyu-scy-16101-rapidly-4wd-116\/\" \/>\n<meta property=\"og:site_name\" content=\"RC Zone | Raadio teel juhitavad autod\" \/>\n<meta property=\"article:publisher\" content=\"https:\/\/www.facebook.com\/rczone.ee\" \/>\n<meta property=\"article:modified_time\" content=\"2026-03-07T16:40:57+00:00\" \/>\n<meta property=\"og:image\" content=\"https:\/\/rczone.ee\/wp-content\/uploads\/2024\/09\/v01.jpg\" \/>\n\t<meta property=\"og:image:width\" content=\"800\" \/>\n\t<meta property=\"og:image:height\" content=\"800\" \/>\n\t<meta property=\"og:image:type\" content=\"image\/jpeg\" \/>\n<meta name=\"twitter:card\" content=\"summary_large_image\" \/>\n<meta name=\"twitter:label1\" content=\"Est. reading time\" \/>\n\t<meta name=\"twitter:data1\" content=\"2 min\u016btes\" \/>\n<script type=\"application\/ld+json\" class=\"yoast-schema-graph\">{\"@context\":\"https:\\\/\\\/schema.org\",\"@graph\":[{\"@type\":\"WebPage\",\"@id\":\"https:\\\/\\\/rczone.ee\\\/toode\\\/suchiyu-scy-16101-rapidly-4wd-116\\\/\",\"url\":\"https:\\\/\\\/rczone.ee\\\/toode\\\/suchiyu-scy-16101-rapidly-4wd-116\\\/\",\"name\":\"Suchiyu SCY-16101 Rapidly 4WD 1:16 - RC Zone | Raadio teel juhitavad autod\",\"isPartOf\":{\"@id\":\"https:\\\/\\\/rczone.ee\\\/#website\"},\"primaryImageOfPage\":{\"@id\":\"https:\\\/\\\/rczone.ee\\\/toode\\\/suchiyu-scy-16101-rapidly-4wd-116\\\/#primaryimage\"},\"image\":{\"@id\":\"https:\\\/\\\/rczone.ee\\\/toode\\\/suchiyu-scy-16101-rapidly-4wd-116\\\/#primaryimage\"},\"thumbnailUrl\":\"https:\\\/\\\/rczone.ee\\\/wp-content\\\/uploads\\\/2024\\\/09\\\/v01.jpg\",\"datePublished\":\"2024-09-29T08:54:26+00:00\",\"dateModified\":\"2026-03-07T16:40:57+00:00\",\"breadcrumb\":{\"@id\":\"https:\\\/\\\/rczone.ee\\\/toode\\\/suchiyu-scy-16101-rapidly-4wd-116\\\/#breadcrumb\"},\"inLanguage\":\"lv-LV\",\"potentialAction\":[{\"@type\":\"ReadAction\",\"target\":[\"https:\\\/\\\/rczone.ee\\\/toode\\\/suchiyu-scy-16101-rapidly-4wd-116\\\/\"]}]},{\"@type\":\"ImageObject\",\"inLanguage\":\"lv-LV\",\"@id\":\"https:\\\/\\\/rczone.ee\\\/toode\\\/suchiyu-scy-16101-rapidly-4wd-116\\\/#primaryimage\",\"url\":\"https:\\\/\\\/rczone.ee\\\/wp-content\\\/uploads\\\/2024\\\/09\\\/v01.jpg\",\"contentUrl\":\"https:\\\/\\\/rczone.ee\\\/wp-content\\\/uploads\\\/2024\\\/09\\\/v01.jpg\",\"width\":800,\"height\":800},{\"@type\":\"BreadcrumbList\",\"@id\":\"https:\\\/\\\/rczone.ee\\\/toode\\\/suchiyu-scy-16101-rapidly-4wd-116\\\/#breadcrumb\",\"itemListElement\":[{\"@type\":\"ListItem\",\"position\":1,\"name\":\"Home\",\"item\":\"https:\\\/\\\/rczone.ee\\\/\"},{\"@type\":\"ListItem\",\"position\":2,\"name\":\"Shop\",\"item\":\"https:\\\/\\\/rczone.ee\\\/shop\\\/\"},{\"@type\":\"ListItem\",\"position\":3,\"name\":\"Suchiyu SCY-16101 Rapidly 4WD 1:16\"}]},{\"@type\":\"WebSite\",\"@id\":\"https:\\\/\\\/rczone.ee\\\/#website\",\"url\":\"https:\\\/\\\/rczone.ee\\\/\",\"name\":\"RcZone\",\"description\":\"RcZone - Raadio teel juhitavate autode veebipood. M&uuml;&uuml;me laia valikut kvaliteetseid ja v&otilde;imsaid RC-autosid. Kiire tarne ja konkurentsiv&otilde;imelised hinnad.\",\"publisher\":{\"@id\":\"https:\\\/\\\/rczone.ee\\\/#organization\"},\"potentialAction\":[{\"@type\":\"SearchAction\",\"target\":{\"@type\":\"EntryPoint\",\"urlTemplate\":\"https:\\\/\\\/rczone.ee\\\/?s={search_term_string}\"},\"query-input\":{\"@type\":\"PropertyValueSpecification\",\"valueRequired\":true,\"valueName\":\"search_term_string\"}}],\"inLanguage\":\"lv-LV\"},{\"@type\":\"Organization\",\"@id\":\"https:\\\/\\\/rczone.ee\\\/#organization\",\"name\":\"RcZone\",\"url\":\"https:\\\/\\\/rczone.ee\\\/\",\"logo\":{\"@type\":\"ImageObject\",\"inLanguage\":\"lv-LV\",\"@id\":\"https:\\\/\\\/rczone.ee\\\/#\\\/schema\\\/logo\\\/image\\\/\",\"url\":\"https:\\\/\\\/rczone.ee\\\/wp-content\\\/uploads\\\/2024\\\/01\\\/3D.png\",\"contentUrl\":\"https:\\\/\\\/rczone.ee\\\/wp-content\\\/uploads\\\/2024\\\/01\\\/3D.png\",\"width\":2080,\"height\":602,\"caption\":\"RcZone\"},\"image\":{\"@id\":\"https:\\\/\\\/rczone.ee\\\/#\\\/schema\\\/logo\\\/image\\\/\"},\"sameAs\":[\"https:\\\/\\\/www.facebook.com\\\/rczone.ee\"]}]}<\/script>\n<!-- \/ Yoast SEO plugin. -->","yoast_head_json":{"title":"Suchiyu SCY-16101 Rapidly 4WD 1:16 - RC zona | Radio vad\u0101mi transportl\u012bdzek\u013ci","robots":{"index":"index","follow":"follow","max-snippet":"max-snippet:-1","max-image-preview":"max-image-preview:large","max-video-preview":"max-video-preview:-1"},"canonical":"https:\/\/rczone.ee\/lv\/products\/suchiyu-scy-16101-rapidly-4wd-116\/","og_locale":"lv_LV","og_type":"article","og_title":"Suchiyu SCY-16101 Rapidly 4WD 1:16 - RC Zone | Raadio teel juhitavad autod","og_description":"Rate: Pro  Kasutaja vanuseklass: 8-13  Kategooria: Truggy  Skaala: 1:16  Vedav sild: 4WD  Max kiirus: 38 km\/h  Komplekteeritus: Ready-To-Run  Energia: Elekter","og_url":"https:\/\/rczone.ee\/lv\/products\/suchiyu-scy-16101-rapidly-4wd-116\/","og_site_name":"RC Zone | Raadio teel juhitavad autod","article_publisher":"https:\/\/www.facebook.com\/rczone.ee","article_modified_time":"2026-03-07T16:40:57+00:00","og_image":[{"width":800,"height":800,"url":"https:\/\/rczone.ee\/wp-content\/uploads\/2024\/09\/v01.jpg","type":"image\/jpeg"}],"twitter_card":"summary_large_image","twitter_misc":{"Est. reading time":"2 min\u016btes"},"schema":{"@context":"https:\/\/schema.org","@graph":[{"@type":"WebPage","@id":"https:\/\/rczone.ee\/toode\/suchiyu-scy-16101-rapidly-4wd-116\/","url":"https:\/\/rczone.ee\/toode\/suchiyu-scy-16101-rapidly-4wd-116\/","name":"Suchiyu SCY-16101 Rapidly 4WD 1:16 - RC zona | Radio vad\u0101mi transportl\u012bdzek\u013ci","isPartOf":{"@id":"https:\/\/rczone.ee\/#website"},"primaryImageOfPage":{"@id":"https:\/\/rczone.ee\/toode\/suchiyu-scy-16101-rapidly-4wd-116\/#primaryimage"},"image":{"@id":"https:\/\/rczone.ee\/toode\/suchiyu-scy-16101-rapidly-4wd-116\/#primaryimage"},"thumbnailUrl":"https:\/\/rczone.ee\/wp-content\/uploads\/2024\/09\/v01.jpg","datePublished":"2024-09-29T08:54:26+00:00","dateModified":"2026-03-07T16:40:57+00:00","breadcrumb":{"@id":"https:\/\/rczone.ee\/toode\/suchiyu-scy-16101-rapidly-4wd-116\/#breadcrumb"},"inLanguage":"lv-LV","potentialAction":[{"@type":"ReadAction","target":["https:\/\/rczone.ee\/toode\/suchiyu-scy-16101-rapidly-4wd-116\/"]}]},{"@type":"ImageObject","inLanguage":"lv-LV","@id":"https:\/\/rczone.ee\/toode\/suchiyu-scy-16101-rapidly-4wd-116\/#primaryimage","url":"https:\/\/rczone.ee\/wp-content\/uploads\/2024\/09\/v01.jpg","contentUrl":"https:\/\/rczone.ee\/wp-content\/uploads\/2024\/09\/v01.jpg","width":800,"height":800},{"@type":"BreadcrumbList","@id":"https:\/\/rczone.ee\/toode\/suchiyu-scy-16101-rapidly-4wd-116\/#breadcrumb","itemListElement":[{"@type":"ListItem","position":1,"name":"Home","item":"https:\/\/rczone.ee\/"},{"@type":"ListItem","position":2,"name":"Shop","item":"https:\/\/rczone.ee\/shop\/"},{"@type":"ListItem","position":3,"name":"Suchiyu SCY-16101 Rapidly 4WD 1:16"}]},{"@type":"WebSite","@id":"https:\/\/rczone.ee\/#website","url":"https:\/\/rczone.ee\/","name":"RcZone","description":"RcZone - Radio vad\u0101mo automobi\u013cu tie\u0161saistes veikals. M\u0113s p\u0101rdodam pla\u0161u augstas kvalit\u0101tes un jaud\u012bgu RC automobi\u013cu kl\u0101stu. \u0100tra pieg\u0101de un konkur\u0113tsp\u0113j\u012bgas cenas.","publisher":{"@id":"https:\/\/rczone.ee\/#organization"},"potentialAction":[{"@type":"SearchAction","target":{"@type":"EntryPoint","urlTemplate":"https:\/\/rczone.ee\/?s={search_term_string}"},"query-input":{"@type":"PropertyValueSpecification","valueRequired":true,"valueName":"search_term_string"}}],"inLanguage":"lv-LV"},{"@type":"Organization","@id":"https:\/\/rczone.ee\/#organization","name":"RcZone","url":"https:\/\/rczone.ee\/","logo":{"@type":"ImageObject","inLanguage":"lv-LV","@id":"https:\/\/rczone.ee\/#\/schema\/logo\/image\/","url":"https:\/\/rczone.ee\/wp-content\/uploads\/2024\/01\/3D.png","contentUrl":"https:\/\/rczone.ee\/wp-content\/uploads\/2024\/01\/3D.png","width":2080,"height":602,"caption":"RcZone"},"image":{"@id":"https:\/\/rczone.ee\/#\/schema\/logo\/image\/"},"sameAs":["https:\/\/www.facebook.com\/rczone.ee"]}]}},"_links":{"self":[{"href":"https:\/\/rczone.ee\/lv\/wp-json\/wp\/v2\/product\/1248","targetHints":{"allow":["GET"]}}],"collection":[{"href":"https:\/\/rczone.ee\/lv\/wp-json\/wp\/v2\/product"}],"about":[{"href":"https:\/\/rczone.ee\/lv\/wp-json\/wp\/v2\/types\/product"}],"replies":[{"embeddable":true,"href":"https:\/\/rczone.ee\/lv\/wp-json\/wp\/v2\/comments?post=1248"}],"wp:featuredmedia":[{"embeddable":true,"href":"https:\/\/rczone.ee\/lv\/wp-json\/wp\/v2\/media\/1263"}],"wp:attachment":[{"href":"https:\/\/rczone.ee\/lv\/wp-json\/wp\/v2\/media?parent=1248"}],"wp:term":[{"taxonomy":"fits_model","embeddable":true,"href":"https:\/\/rczone.ee\/lv\/wp-json\/wp\/v2\/fits_model?post=1248"},{"taxonomy":"product_brand","embeddable":true,"href":"https:\/\/rczone.ee\/lv\/wp-json\/wp\/v2\/product_brand?post=1248"},{"taxonomy":"product_cat","embeddable":true,"href":"https:\/\/rczone.ee\/lv\/wp-json\/wp\/v2\/product_cat?post=1248"},{"taxonomy":"product_tag","embeddable":true,"href":"https:\/\/rczone.ee\/lv\/wp-json\/wp\/v2\/product_tag?post=1248"},{"taxonomy":"woo-feed-brand","embeddable":true,"href":"https:\/\/rczone.ee\/lv\/wp-json\/wp\/v2\/woo-feed-brand?post=1248"}],"curies":[{"name":"wp","href":"https:\/\/api.w.org\/{rel}","templated":true}]}}