{"id":1306,"date":"2024-10-05T22:27:12","date_gmt":"2024-10-05T19:27:12","guid":{"rendered":"https:\/\/rczone.ee\/?post_type=product&#038;p=1306"},"modified":"2026-01-03T17:28:01","modified_gmt":"2026-01-03T15:28:01","slug":"imax-b3-pro-10w-lidzsvara-ladetajs","status":"publish","type":"product","link":"https:\/\/rczone.ee\/lv\/toode\/imax-b3-pro-10w-balance-charger\/","title":{"rendered":"iMax B3 Pro 10W LiPo l\u012bdzsvara l\u0101d\u0113t\u0101js"},"content":{"rendered":"<div class=\"flex max-w-full flex-col flex-grow\">\n<div class=\"min-h-8 text-message flex w-full flex-col items-end gap-2 whitespace-normal break-words [.text-message+&amp;]:mt-5\" dir=\"auto\" data-message-author-role=\"assistant\" data-message-id=\"5df43c3f-0fce-4180-884f-652b6a83d940\">\n<div class=\"flex w-full flex-col gap-1 empty:hidden first:pt-[3px]\">\n<div class=\"markdown prose w-full break-words dark:prose-invert light\">\n<p>iMax B3 Pro 10W on kompaktne ja kerge laadija, mis sobib ideaalselt 2S ja 3S LiPo akude laadimiseks. Igal akul on eraldi tasakaaluport, mis teeb laadimise mugavaks ja turvaliseks. Seda laadijat on lihtne kasutada ning sobib ideaalselt neile, kes otsivad kaasaskantavat ja efektiivset lahendust akude laadimiseks.<\/p>\n<p><strong>Kasutusjuhend:<\/strong><\/p>\n<ol>\n<li>\u00dchenda B3 laadija vooluallikaga \u2013 kolm LED-tuld muutuvad roheliseks, n\u00e4idates, et laadija t\u00f6\u00f6tab korrektselt.<\/li>\n<li>\u00dchenda 2S v\u00f5i 3S LiPo aku \u2013 LED-tuled muutuvad punaseks ja laadimisprotsess algab. Kui \u00fcks aku element on t\u00e4ielikult laetud, muutub vastav LED-tuli roheliseks.<\/li>\n<li>Kui k\u00f5ik LED-tuled on rohelised, on laadimisprotsess l\u00f5ppenud ja v\u00f5id laadimise l\u00f5petada.<\/li>\n<\/ol>\n<p><strong>Tehnilised andmed:<\/strong><\/p>\n<ul>\n<li>Pistik: EU<\/li>\n<li>Sisendpinge: AC 100-240V<\/li>\n<li>V\u00e4ljundv\u00f5imsus: 10W<\/li>\n<li>Laadimisvool: 800 mAh<\/li>\n<li>Sobiv akude t\u00fc\u00fcp: 2S-3S LiPo<\/li>\n<\/ul>\n<p>iMax B3 Pro laadija on varustatud sisseehitatud JST-XH tasakaaluportidega ja kolme LED-tulega, mis n\u00e4itavad laadimisolekut. T\u00e4pne tasakaalustamisahel tagab iga elemendi jaoks kuni 800 mA laadimisvoolu.<\/p>\n<p><strong>Pakendis:<\/strong><\/p>\n<ul>\n<li>Hot RC iMax B3 Pro 20W laadija<\/li>\n<li>Toitekaabel (EU 230V)<\/li>\n<li>Juhend<\/li>\n<\/ul>\n<\/div>\n<\/div>\n<\/div>\n<\/div>\n","protected":false},"excerpt":{"rendered":"<ul>\n<li style=\"line-height: 1; padding-top: 20px;\">Jauda: 10 W<\/li>\n<li style=\"line-height: 1;\">Str\u0101vas jauda: 800 mAh<\/li>\n<li style=\"line-height: 1;\">Savienot\u0101js: JST-XH<\/li>\n<li style=\"line-height: 1;\">Akumulatora tips: 2S-3S<\/li>\n<li style=\"line-height: 1;\">Piem\u0113rots LiPo akumulatoriem<\/li>\n<\/ul>","protected":false},"featured_media":1542,"comment_status":"open","ping_status":"closed","template":"","meta":{"_monsterinsights_skip_tracking":false,"_monsterinsights_sitenote_active":false,"_monsterinsights_sitenote_note":"","_monsterinsights_sitenote_category":0},"fits_model":[],"product_brand":[],"product_cat":[68],"product_tag":[84],"woo-feed-brand":[],"class_list":{"0":"post-1306","1":"product","2":"type-product","3":"status-publish","4":"has-post-thumbnail","6":"product_cat-laadijad","7":"product_tag-standard","9":"first","10":"instock","11":"taxable","12":"shipping-taxable","13":"purchasable","14":"product-type-simple"},"yoast_head":"<!-- This site is optimized with the Yoast SEO plugin v27.3 - https:\/\/yoast.com\/product\/yoast-seo-wordpress\/ -->\n<title>iMax B3 Pro 10W LiPo Balance Charger - RC Zone | Raadio teel juhitavad autod<\/title>\n<meta name=\"robots\" content=\"index, follow, max-snippet:-1, max-image-preview:large, max-video-preview:-1\" \/>\n<link rel=\"canonical\" href=\"https:\/\/rczone.ee\/lv\/products\/imax-b3-pro-10w-lidzsvara-ladetajs\/\" \/>\n<meta property=\"og:locale\" content=\"lv_LV\" \/>\n<meta property=\"og:type\" content=\"article\" \/>\n<meta property=\"og:title\" content=\"iMax B3 Pro 10W LiPo Balance Charger - RC Zone | Raadio teel juhitavad autod\" \/>\n<meta property=\"og:description\" content=\"V\u00f5imsus: 10w  Voolutugevus: 800 mAh  Pistik: JST-XH  Aku t\u00fc\u00fcp: 2S-3S  Sobib akudele: LiPo\" \/>\n<meta property=\"og:url\" content=\"https:\/\/rczone.ee\/lv\/products\/imax-b3-pro-10w-lidzsvara-ladetajs\/\" \/>\n<meta property=\"og:site_name\" content=\"RC Zone | Raadio teel juhitavad autod\" \/>\n<meta property=\"article:publisher\" content=\"https:\/\/www.facebook.com\/rczone.ee\" \/>\n<meta property=\"article:modified_time\" content=\"2026-01-03T15:28:01+00:00\" \/>\n<meta property=\"og:image\" content=\"https:\/\/rczone.ee\/wp-content\/uploads\/2024\/10\/main-image-2Shad.jpg\" \/>\n\t<meta property=\"og:image:width\" content=\"1000\" \/>\n\t<meta property=\"og:image:height\" content=\"1000\" \/>\n\t<meta property=\"og:image:type\" content=\"image\/jpeg\" \/>\n<meta name=\"twitter:card\" content=\"summary_large_image\" \/>\n<meta name=\"twitter:label1\" content=\"Est. reading time\" \/>\n\t<meta name=\"twitter:data1\" content=\"2 min\u016btes\" \/>\n<script type=\"application\/ld+json\" class=\"yoast-schema-graph\">{\"@context\":\"https:\\\/\\\/schema.org\",\"@graph\":[{\"@type\":\"WebPage\",\"@id\":\"https:\\\/\\\/rczone.ee\\\/toode\\\/imax-b3-pro-10w-balance-charger\\\/\",\"url\":\"https:\\\/\\\/rczone.ee\\\/toode\\\/imax-b3-pro-10w-balance-charger\\\/\",\"name\":\"iMax B3 Pro 10W LiPo Balance Charger - RC Zone | Raadio teel juhitavad autod\",\"isPartOf\":{\"@id\":\"https:\\\/\\\/rczone.ee\\\/#website\"},\"primaryImageOfPage\":{\"@id\":\"https:\\\/\\\/rczone.ee\\\/toode\\\/imax-b3-pro-10w-balance-charger\\\/#primaryimage\"},\"image\":{\"@id\":\"https:\\\/\\\/rczone.ee\\\/toode\\\/imax-b3-pro-10w-balance-charger\\\/#primaryimage\"},\"thumbnailUrl\":\"https:\\\/\\\/rczone.ee\\\/wp-content\\\/uploads\\\/2024\\\/10\\\/main-image-2Shad.jpg\",\"datePublished\":\"2024-10-05T19:27:12+00:00\",\"dateModified\":\"2026-01-03T15:28:01+00:00\",\"breadcrumb\":{\"@id\":\"https:\\\/\\\/rczone.ee\\\/toode\\\/imax-b3-pro-10w-balance-charger\\\/#breadcrumb\"},\"inLanguage\":\"lv-LV\",\"potentialAction\":[{\"@type\":\"ReadAction\",\"target\":[\"https:\\\/\\\/rczone.ee\\\/toode\\\/imax-b3-pro-10w-balance-charger\\\/\"]}]},{\"@type\":\"ImageObject\",\"inLanguage\":\"lv-LV\",\"@id\":\"https:\\\/\\\/rczone.ee\\\/toode\\\/imax-b3-pro-10w-balance-charger\\\/#primaryimage\",\"url\":\"https:\\\/\\\/rczone.ee\\\/wp-content\\\/uploads\\\/2024\\\/10\\\/main-image-2Shad.jpg\",\"contentUrl\":\"https:\\\/\\\/rczone.ee\\\/wp-content\\\/uploads\\\/2024\\\/10\\\/main-image-2Shad.jpg\",\"width\":1000,\"height\":1000},{\"@type\":\"BreadcrumbList\",\"@id\":\"https:\\\/\\\/rczone.ee\\\/toode\\\/imax-b3-pro-10w-balance-charger\\\/#breadcrumb\",\"itemListElement\":[{\"@type\":\"ListItem\",\"position\":1,\"name\":\"Home\",\"item\":\"https:\\\/\\\/rczone.ee\\\/\"},{\"@type\":\"ListItem\",\"position\":2,\"name\":\"Shop\",\"item\":\"https:\\\/\\\/rczone.ee\\\/shop\\\/\"},{\"@type\":\"ListItem\",\"position\":3,\"name\":\"iMax B3 Pro 10W LiPo Balance Charger\"}]},{\"@type\":\"WebSite\",\"@id\":\"https:\\\/\\\/rczone.ee\\\/#website\",\"url\":\"https:\\\/\\\/rczone.ee\\\/\",\"name\":\"RcZone\",\"description\":\"RcZone - Raadio teel juhitavate autode veebipood. M&uuml;&uuml;me laia valikut kvaliteetseid ja v&otilde;imsaid RC-autosid. Kiire tarne ja konkurentsiv&otilde;imelised hinnad.\",\"publisher\":{\"@id\":\"https:\\\/\\\/rczone.ee\\\/#organization\"},\"potentialAction\":[{\"@type\":\"SearchAction\",\"target\":{\"@type\":\"EntryPoint\",\"urlTemplate\":\"https:\\\/\\\/rczone.ee\\\/?s={search_term_string}\"},\"query-input\":{\"@type\":\"PropertyValueSpecification\",\"valueRequired\":true,\"valueName\":\"search_term_string\"}}],\"inLanguage\":\"lv-LV\"},{\"@type\":\"Organization\",\"@id\":\"https:\\\/\\\/rczone.ee\\\/#organization\",\"name\":\"RcZone\",\"url\":\"https:\\\/\\\/rczone.ee\\\/\",\"logo\":{\"@type\":\"ImageObject\",\"inLanguage\":\"lv-LV\",\"@id\":\"https:\\\/\\\/rczone.ee\\\/#\\\/schema\\\/logo\\\/image\\\/\",\"url\":\"https:\\\/\\\/rczone.ee\\\/wp-content\\\/uploads\\\/2024\\\/01\\\/3D.png\",\"contentUrl\":\"https:\\\/\\\/rczone.ee\\\/wp-content\\\/uploads\\\/2024\\\/01\\\/3D.png\",\"width\":2080,\"height\":602,\"caption\":\"RcZone\"},\"image\":{\"@id\":\"https:\\\/\\\/rczone.ee\\\/#\\\/schema\\\/logo\\\/image\\\/\"},\"sameAs\":[\"https:\\\/\\\/www.facebook.com\\\/rczone.ee\"]}]}<\/script>\n<!-- \/ Yoast SEO plugin. -->","yoast_head_json":{"title":"iMax B3 Pro 10W LiPo l\u012bdzsvara l\u0101d\u0113t\u0101js - RC Zone | Radio vad\u0101mie automobi\u013ci","robots":{"index":"index","follow":"follow","max-snippet":"max-snippet:-1","max-image-preview":"max-image-preview:large","max-video-preview":"max-video-preview:-1"},"canonical":"https:\/\/rczone.ee\/lv\/products\/imax-b3-pro-10w-lidzsvara-ladetajs\/","og_locale":"lv_LV","og_type":"article","og_title":"iMax B3 Pro 10W LiPo Balance Charger - RC Zone | Raadio teel juhitavad autod","og_description":"V\u00f5imsus: 10w  Voolutugevus: 800 mAh  Pistik: JST-XH  Aku t\u00fc\u00fcp: 2S-3S  Sobib akudele: LiPo","og_url":"https:\/\/rczone.ee\/lv\/products\/imax-b3-pro-10w-lidzsvara-ladetajs\/","og_site_name":"RC Zone | Raadio teel juhitavad autod","article_publisher":"https:\/\/www.facebook.com\/rczone.ee","article_modified_time":"2026-01-03T15:28:01+00:00","og_image":[{"width":1000,"height":1000,"url":"https:\/\/rczone.ee\/wp-content\/uploads\/2024\/10\/main-image-2Shad.jpg","type":"image\/jpeg"}],"twitter_card":"summary_large_image","twitter_misc":{"Est. reading time":"2 min\u016btes"},"schema":{"@context":"https:\/\/schema.org","@graph":[{"@type":"WebPage","@id":"https:\/\/rczone.ee\/toode\/imax-b3-pro-10w-balance-charger\/","url":"https:\/\/rczone.ee\/toode\/imax-b3-pro-10w-balance-charger\/","name":"iMax B3 Pro 10W LiPo l\u012bdzsvara l\u0101d\u0113t\u0101js - RC Zone | Radio vad\u0101mie automobi\u013ci","isPartOf":{"@id":"https:\/\/rczone.ee\/#website"},"primaryImageOfPage":{"@id":"https:\/\/rczone.ee\/toode\/imax-b3-pro-10w-balance-charger\/#primaryimage"},"image":{"@id":"https:\/\/rczone.ee\/toode\/imax-b3-pro-10w-balance-charger\/#primaryimage"},"thumbnailUrl":"https:\/\/rczone.ee\/wp-content\/uploads\/2024\/10\/main-image-2Shad.jpg","datePublished":"2024-10-05T19:27:12+00:00","dateModified":"2026-01-03T15:28:01+00:00","breadcrumb":{"@id":"https:\/\/rczone.ee\/toode\/imax-b3-pro-10w-balance-charger\/#breadcrumb"},"inLanguage":"lv-LV","potentialAction":[{"@type":"ReadAction","target":["https:\/\/rczone.ee\/toode\/imax-b3-pro-10w-balance-charger\/"]}]},{"@type":"ImageObject","inLanguage":"lv-LV","@id":"https:\/\/rczone.ee\/toode\/imax-b3-pro-10w-balance-charger\/#primaryimage","url":"https:\/\/rczone.ee\/wp-content\/uploads\/2024\/10\/main-image-2Shad.jpg","contentUrl":"https:\/\/rczone.ee\/wp-content\/uploads\/2024\/10\/main-image-2Shad.jpg","width":1000,"height":1000},{"@type":"BreadcrumbList","@id":"https:\/\/rczone.ee\/toode\/imax-b3-pro-10w-balance-charger\/#breadcrumb","itemListElement":[{"@type":"ListItem","position":1,"name":"Home","item":"https:\/\/rczone.ee\/"},{"@type":"ListItem","position":2,"name":"Shop","item":"https:\/\/rczone.ee\/shop\/"},{"@type":"ListItem","position":3,"name":"iMax B3 Pro 10W LiPo Balance Charger"}]},{"@type":"WebSite","@id":"https:\/\/rczone.ee\/#website","url":"https:\/\/rczone.ee\/","name":"RcZone","description":"RcZone - Radio vad\u0101mo automobi\u013cu tie\u0161saistes veikals. M\u0113s p\u0101rdodam pla\u0161u augstas kvalit\u0101tes un jaud\u012bgu RC automobi\u013cu kl\u0101stu. \u0100tra pieg\u0101de un konkur\u0113tsp\u0113j\u012bgas cenas.","publisher":{"@id":"https:\/\/rczone.ee\/#organization"},"potentialAction":[{"@type":"SearchAction","target":{"@type":"EntryPoint","urlTemplate":"https:\/\/rczone.ee\/?s={search_term_string}"},"query-input":{"@type":"PropertyValueSpecification","valueRequired":true,"valueName":"search_term_string"}}],"inLanguage":"lv-LV"},{"@type":"Organization","@id":"https:\/\/rczone.ee\/#organization","name":"RcZone","url":"https:\/\/rczone.ee\/","logo":{"@type":"ImageObject","inLanguage":"lv-LV","@id":"https:\/\/rczone.ee\/#\/schema\/logo\/image\/","url":"https:\/\/rczone.ee\/wp-content\/uploads\/2024\/01\/3D.png","contentUrl":"https:\/\/rczone.ee\/wp-content\/uploads\/2024\/01\/3D.png","width":2080,"height":602,"caption":"RcZone"},"image":{"@id":"https:\/\/rczone.ee\/#\/schema\/logo\/image\/"},"sameAs":["https:\/\/www.facebook.com\/rczone.ee"]}]}},"_links":{"self":[{"href":"https:\/\/rczone.ee\/lv\/wp-json\/wp\/v2\/product\/1306","targetHints":{"allow":["GET"]}}],"collection":[{"href":"https:\/\/rczone.ee\/lv\/wp-json\/wp\/v2\/product"}],"about":[{"href":"https:\/\/rczone.ee\/lv\/wp-json\/wp\/v2\/types\/product"}],"replies":[{"embeddable":true,"href":"https:\/\/rczone.ee\/lv\/wp-json\/wp\/v2\/comments?post=1306"}],"wp:featuredmedia":[{"embeddable":true,"href":"https:\/\/rczone.ee\/lv\/wp-json\/wp\/v2\/media\/1542"}],"wp:attachment":[{"href":"https:\/\/rczone.ee\/lv\/wp-json\/wp\/v2\/media?parent=1306"}],"wp:term":[{"taxonomy":"fits_model","embeddable":true,"href":"https:\/\/rczone.ee\/lv\/wp-json\/wp\/v2\/fits_model?post=1306"},{"taxonomy":"product_brand","embeddable":true,"href":"https:\/\/rczone.ee\/lv\/wp-json\/wp\/v2\/product_brand?post=1306"},{"taxonomy":"product_cat","embeddable":true,"href":"https:\/\/rczone.ee\/lv\/wp-json\/wp\/v2\/product_cat?post=1306"},{"taxonomy":"product_tag","embeddable":true,"href":"https:\/\/rczone.ee\/lv\/wp-json\/wp\/v2\/product_tag?post=1306"},{"taxonomy":"woo-feed-brand","embeddable":true,"href":"https:\/\/rczone.ee\/lv\/wp-json\/wp\/v2\/woo-feed-brand?post=1306"}],"curies":[{"name":"wp","href":"https:\/\/api.w.org\/{rel}","templated":true}]}}