{"id":1534,"date":"2024-10-17T20:55:50","date_gmt":"2024-10-17T17:55:50","guid":{"rendered":"https:\/\/rczone.ee\/?post_type=product&#038;p=1534"},"modified":"2026-01-11T17:23:28","modified_gmt":"2026-01-11T15:23:28","slug":"mainstravas-lidzstravas-adapteris-12v-eu-6a-5525","status":"publish","type":"product","link":"https:\/\/rczone.ee\/lv\/toode\/ac-dc-adapter-12v-eu-6a-5525\/","title":{"rendered":"Mai\u0146str\u0101vas\/l\u012bdzstr\u0101vas adapteris 12V EU 6A (5,5*2,5)"},"content":{"rendered":"<p>AC\/DC Adapter 12V EU 6A (5,5*2,5)<\/p>\n<ul>\n<li>Pinge: 12V<\/li>\n<li>Max v\u00e4ljundvool: 6A<\/li>\n<li>V\u00e4rv: Must<\/li>\n<\/ul>\n<p>Sobib meie valikus olevale B6 akulaadijale.<\/p>\n\t\n  \n    <div class=\"row large-columns-4 medium-columns-3 small-columns-2 row-small has-shadow row-box-shadow-2 row-box-shadow-1-hover slider row-slider slider-nav-reveal slider-nav-push\"  data-flickity-options='{&quot;imagesLoaded&quot;: true, &quot;groupCells&quot;: &quot;100%&quot;, &quot;dragThreshold&quot; : 5, &quot;cellAlign&quot;: &quot;left&quot;,&quot;wrapAround&quot;: true,&quot;prevNextButtons&quot;: true,&quot;percentPosition&quot;: true,&quot;pageDots&quot;: false, &quot;rightToLeft&quot;: false, &quot;autoPlay&quot; : false}' >\n\n  \n\t     <div class=\"product-small col has-hover product type-product post-1313 status-publish first instock product_cat-laadijad product_tag-standard has-post-thumbnail taxable shipping-taxable purchasable product-type-simple\">\n\t<div class=\"col-inner\">\n\t\n<div class=\"badge-container absolute left top z-1\">\n\n<\/div>\n\t<div class=\"product-small box \">\n\t\t<div class=\"box-image\">\n\t\t\t<div class=\"image-zoom_in\">\n\t\t\t\t<a href=\"https:\/\/rczone.ee\/lv\/toode\/imax-b6-80w-6a-balance-charger-discharger\/\">\n\t\t\t\t\t<img decoding=\"async\" width=\"450\" height=\"450\" src=\"https:\/\/rczone.ee\/wp-content\/uploads\/2024\/10\/14-1-450x450.jpg\" class=\"attachment-woocommerce_thumbnail size-woocommerce_thumbnail\" alt=\"iMAX B6 80W 6A Balance Charger\/Discharger\" srcset=\"https:\/\/rczone.ee\/wp-content\/uploads\/2024\/10\/14-1-450x450.jpg 450w, https:\/\/rczone.ee\/wp-content\/uploads\/2024\/10\/14-1-400x400.jpg 400w, https:\/\/rczone.ee\/wp-content\/uploads\/2024\/10\/14-1-800x800.jpg 800w, https:\/\/rczone.ee\/wp-content\/uploads\/2024\/10\/14-1-280x280.jpg 280w, https:\/\/rczone.ee\/wp-content\/uploads\/2024\/10\/14-1-768x768.jpg 768w, https:\/\/rczone.ee\/wp-content\/uploads\/2024\/10\/14-1-12x12.jpg 12w, https:\/\/rczone.ee\/wp-content\/uploads\/2024\/10\/14-1-900x900.jpg 900w, https:\/\/rczone.ee\/wp-content\/uploads\/2024\/10\/14-1-100x100.jpg 100w, https:\/\/rczone.ee\/wp-content\/uploads\/2024\/10\/14-1.jpg 1001w\" sizes=\"(max-width: 450px) 100vw, 450px\" \/><img decoding=\"async\" width=\"450\" height=\"450\" src=\"https:\/\/rczone.ee\/wp-content\/uploads\/2024\/10\/t_plug-450x450.jpg\" class=\"show-on-hover absolute fill hide-for-small back-imageshow-on-hover absolute fill hide-for-small back-image hover-zoom\" alt=\"Alternative view of iMAX B6 80W 6A Balance Charger\/Discharger\" aria-hidden=\"true\" srcset=\"https:\/\/rczone.ee\/wp-content\/uploads\/2024\/10\/t_plug-450x450.jpg 450w, https:\/\/rczone.ee\/wp-content\/uploads\/2024\/10\/t_plug-400x400.jpg 400w, https:\/\/rczone.ee\/wp-content\/uploads\/2024\/10\/t_plug-800x800.jpg 800w, https:\/\/rczone.ee\/wp-content\/uploads\/2024\/10\/t_plug-280x280.jpg 280w, https:\/\/rczone.ee\/wp-content\/uploads\/2024\/10\/t_plug-768x768.jpg 768w, https:\/\/rczone.ee\/wp-content\/uploads\/2024\/10\/t_plug-12x12.jpg 12w, https:\/\/rczone.ee\/wp-content\/uploads\/2024\/10\/t_plug-900x900.jpg 900w, https:\/\/rczone.ee\/wp-content\/uploads\/2024\/10\/t_plug-100x100.jpg 100w, https:\/\/rczone.ee\/wp-content\/uploads\/2024\/10\/t_plug.jpg 1001w\" sizes=\"(max-width: 450px) 100vw, 450px\" \/>\t\t\t\t<\/a>\n\t\t\t<\/div>\n\t\t\t<div class=\"image-tools is-small top right show-on-hover\">\n\t\t\t\t\t\t<div class=\"wishlist-icon\">\n\t\t\t<button class=\"wishlist-button button is-outline circle icon\" aria-label=\"Wishlist\">\n\t\t\t\t<i class=\"icon-heart\" aria-hidden=\"true\"><\/i>\t\t\t<\/button>\n\t\t\t<div class=\"wishlist-popup dark\">\n\t\t\t\t\n<div\n\tclass=\"yith-wcwl-add-to-wishlist add-to-wishlist-1313 yith-wcwl-add-to-wishlist--link-style wishlist-fragment on-first-load\"\n\tdata-fragment-ref=\"1313\"\n\tdata-fragment-options=\"{&quot;base_url&quot;:&quot;&quot;,&quot;product_id&quot;:1313,&quot;parent_product_id&quot;:0,&quot;product_type&quot;:&quot;simple&quot;,&quot;is_single&quot;:false,&quot;in_default_wishlist&quot;:false,&quot;show_view&quot;:false,&quot;browse_wishlist_text&quot;:&quot;Vaata lemmikuid&quot;,&quot;already_in_wishslist_text&quot;:&quot;Toode on juba lemmikuks lisatud&quot;,&quot;product_added_text&quot;:&quot;Lisatud!&quot;,&quot;available_multi_wishlist&quot;:false,&quot;disable_wishlist&quot;:false,&quot;show_count&quot;:false,&quot;ajax_loading&quot;:false,&quot;loop_position&quot;:&quot;after_add_to_cart&quot;,&quot;item&quot;:&quot;add_to_wishlist&quot;}\"\n>\n\t\t\t\n\t\t\t<!-- ADD TO WISHLIST -->\n\t\t\t\n<div class=\"yith-wcwl-add-button\">\n\t\t<a\n\t\thref=\"?add_to_wishlist=1313&#038;_wpnonce=cf07f50e16\"\n\t\tclass=\"add_to_wishlist single_add_to_wishlist\"\n\t\tdata-product-id=\"1313\"\n\t\tdata-product-type=\"simple\"\n\t\tdata-original-product-id=\"0\"\n\t\tdata-title=\"Lisa lemmikuks\"\n\t\trel=\"nofollow\"\n\t>\n\t\t<svg id=\"yith-wcwl-icon-heart-outline\" class=\"yith-wcwl-icon-svg\" fill=\"none\" stroke-width=\"1.5\" stroke=\"currentColor\" viewBox=\"0 0 24 24\" xmlns=\"http:\/\/www.w3.org\/2000\/svg\">\n  <path stroke-linecap=\"round\" stroke-linejoin=\"round\" d=\"M21 8.25c0-2.485-2.099-4.5-4.688-4.5-1.935 0-3.597 1.126-4.312 2.733-.715-1.607-2.377-2.733-4.313-2.733C5.1 3.75 3 5.765 3 8.25c0 7.22 9 12 9 12s9-4.78 9-12Z\"><\/path>\n<\/svg>\t\t<span>Lisa lemmikuks<\/span>\n\t<\/a>\n<\/div>\n\n\t\t\t<!-- COUNT TEXT -->\n\t\t\t\n\t\t\t<\/div>\n\t\t\t<\/div>\n\t\t<\/div>\n\t\t\t\t\t<\/div>\n\t\t\t<div class=\"image-tools is-small hide-for-small bottom left show-on-hover\">\n\t\t\t\t\t\t\t<\/div>\n\t\t\t<div class=\"image-tools grid-tools text-center hide-for-small bottom hover-slide-in show-on-hover\">\n\t\t\t\t<a href=\"#quick-view\" class=\"quick-view\" role=\"button\" data-prod=\"1313\" aria-haspopup=\"dialog\" aria-expanded=\"false\" data-flatsome-role-button>Quick View<\/a>\t\t\t<\/div>\n\t\t\t\t\t<\/div>\n\n\t\t<div class=\"box-text box-text-products text-center grid-style-2\">\n\t\t\t<div class=\"title-wrapper\"><p class=\"name product-title woocommerce-loop-product__title\"><a href=\"https:\/\/rczone.ee\/lv\/toode\/imax-b6-80w-6a-balance-charger-discharger\/\" class=\"woocommerce-LoopProduct-link woocommerce-loop-product__link\">iMAX B6 80W 6A Balance Charger\/Discharger<\/a><\/p><\/div><div class=\"price-wrapper\">\n\t<span class=\"price\"><span class=\"woocommerce-Price-amount amount\"><bdi>34,95&nbsp;<span class=\"woocommerce-Price-currencySymbol\">&euro;<\/span><\/bdi><\/span><p class=\"stock in-stock in_stock_color woo-custom-stock-status\">Ir noliktav\u0101<\/p><\/span>\n<\/div><div class=\"add-to-cart-button\"><a href=\"\/lv\/wp-json\/wp\/v2\/product\/1534?add-to-cart=1313\" aria-describedby=\"woocommerce_loop_add_to_cart_link_describedby_1313\" data-quantity=\"1\" class=\"primary is-small mb-0 button product_type_simple add_to_cart_button ajax_add_to_cart is-flat\" data-product_id=\"1313\" data-product_sku=\"1035\" aria-label=\"Pievienot grozam: &quot;iMAX B6 80W 6A Balance Charger\/Discharger&quot;\" rel=\"nofollow\" data-success_message=\"&quot;iMAX B6 80W 6A Balance Charger\/Discharger&quot; ir pievienots J\u016bsu pas\u016bt\u012bjumam\" data-gtm_item_name=\"iMAX B6 80W 6A Balance Charger\/Discharger\" data-gtm_item_brand=\"\" data-gtm_item_id=\"1313\" data-gtm_item_sku=\"1035\" data-gtm_price=\"34.95\" data-gtm_item_category=\"Laadijad\" data-gtm_index=\"1\" data-gtm_image-url=\"https:\/\/rczone.ee\/wp-content\/uploads\/2024\/10\/14-1.jpg\" data-gtm_quantity=\"1\" data-custom_gtm_pagetype=\"\" data-custom_gtm_collection_id=\"\" data-custom_gtm_item_list_name=\"\" role=\"button\">Pievienot grozam<\/a><\/div>\t<span id=\"woocommerce_loop_add_to_cart_link_describedby_1313\" class=\"screen-reader-text\">\n\t\t\t<\/span>\n\t\t<\/div>\n\t<\/div>\n\t\t\t\t<input type=\"hidden\" class=\"pmwProductId\" data-id=\"1313\">\n\t\t\t\t\t<script>\n\t\t\t(window.pmwDataLayer = window.pmwDataLayer || {}).products                = window.pmwDataLayer.products || {};\n\t\t\twindow.pmwDataLayer.products[1313] = {\"id\":\"1313\",\"sku\":\"1035\",\"price\":34.95,\"brand\":\"\",\"quantity\":1,\"dyn_r_ids\":{\"post_id\":\"1313\",\"sku\":\"1035\",\"gpf\":\"woocommerce_gpf_1313\",\"gla\":\"gla_1313\"},\"is_variable\":false,\"type\":\"simple\",\"name\":\"iMAX B6 80W 6A Balance Charger\/Discharger\",\"category\":[\"Laadijad\"],\"is_variation\":false};\n\t\t\t\t\twindow.pmw_product_position = window.pmw_product_position || 1;\n\t\twindow.pmwDataLayer.products[1313]['position'] = window.pmw_product_position++;\n\t\t\t\t<\/script>\n\t\t\t<\/div>\n<\/div><\/div>\n","protected":false},"excerpt":{"rendered":"<p>AC\/DC adapteris 12V EU 6A (5,5*2,5) Spriegums: 12V Maksim\u0101l\u0101 izejas str\u0101va: 6A Kr\u0101sa: melna Piem\u0113rots B6 akumulatoru l\u0101d\u0113t\u0101jiem.<\/p>","protected":false},"featured_media":1540,"comment_status":"open","ping_status":"closed","template":"","meta":{"_monsterinsights_skip_tracking":false,"_monsterinsights_sitenote_active":false,"_monsterinsights_sitenote_note":"","_monsterinsights_sitenote_category":0},"fits_model":[],"product_brand":[],"product_cat":[68],"product_tag":[84],"woo-feed-brand":[],"class_list":{"0":"post-1534","1":"product","2":"type-product","3":"status-publish","4":"has-post-thumbnail","6":"product_cat-laadijad","7":"product_tag-standard","9":"","10":"instock","11":"taxable","12":"shipping-taxable","13":"purchasable","14":"product-type-simple"},"yoast_head":"<!-- This site is optimized with the Yoast SEO plugin v27.3 - https:\/\/yoast.com\/product\/yoast-seo-wordpress\/ -->\n<title>AC\/DC Adapter 12V EU 6A (5,5*2,5) - RC Zone | Raadio teel juhitavad autod<\/title>\n<meta name=\"robots\" content=\"index, follow, max-snippet:-1, max-image-preview:large, max-video-preview:-1\" \/>\n<link rel=\"canonical\" href=\"https:\/\/rczone.ee\/lv\/products\/mainstravas-lidzstravas-adapteris-12v-eu-6a-5525\/\" \/>\n<meta property=\"og:locale\" content=\"lv_LV\" \/>\n<meta property=\"og:type\" content=\"article\" \/>\n<meta property=\"og:title\" content=\"AC\/DC Adapter 12V EU 6A (5,5*2,5) - RC Zone | Raadio teel juhitavad autod\" \/>\n<meta property=\"og:description\" content=\"AC\/DC Adapter 12V EU 6A (5,5*2,5) Pinge: 12V Max v\u00e4ljundvool: 6A V\u00e4rv: Must Sobib meie valikus olevale B6 akulaadijale.\" \/>\n<meta property=\"og:url\" content=\"https:\/\/rczone.ee\/lv\/products\/mainstravas-lidzstravas-adapteris-12v-eu-6a-5525\/\" \/>\n<meta property=\"og:site_name\" content=\"RC Zone | Raadio teel juhitavad autod\" \/>\n<meta property=\"article:publisher\" content=\"https:\/\/www.facebook.com\/rczone.ee\" \/>\n<meta property=\"article:modified_time\" content=\"2026-01-11T15:23:28+00:00\" \/>\n<meta property=\"og:image\" content=\"https:\/\/rczone.ee\/wp-content\/uploads\/2024\/10\/ValgeTaustShadow.jpg\" \/>\n\t<meta property=\"og:image:width\" content=\"800\" \/>\n\t<meta property=\"og:image:height\" content=\"800\" \/>\n\t<meta property=\"og:image:type\" content=\"image\/jpeg\" \/>\n<meta name=\"twitter:card\" content=\"summary_large_image\" \/>\n<meta name=\"twitter:label1\" content=\"Est. reading time\" \/>\n\t<meta name=\"twitter:data1\" content=\"1 min\u016bte\" \/>\n<script type=\"application\/ld+json\" class=\"yoast-schema-graph\">{\"@context\":\"https:\\\/\\\/schema.org\",\"@graph\":[{\"@type\":\"WebPage\",\"@id\":\"https:\\\/\\\/rczone.ee\\\/toode\\\/ac-dc-adapter-12v-eu-6a-5525\\\/\",\"url\":\"https:\\\/\\\/rczone.ee\\\/toode\\\/ac-dc-adapter-12v-eu-6a-5525\\\/\",\"name\":\"AC\\\/DC Adapter 12V EU 6A (5,5*2,5) - RC Zone | Raadio teel juhitavad autod\",\"isPartOf\":{\"@id\":\"https:\\\/\\\/rczone.ee\\\/#website\"},\"primaryImageOfPage\":{\"@id\":\"https:\\\/\\\/rczone.ee\\\/toode\\\/ac-dc-adapter-12v-eu-6a-5525\\\/#primaryimage\"},\"image\":{\"@id\":\"https:\\\/\\\/rczone.ee\\\/toode\\\/ac-dc-adapter-12v-eu-6a-5525\\\/#primaryimage\"},\"thumbnailUrl\":\"https:\\\/\\\/rczone.ee\\\/wp-content\\\/uploads\\\/2024\\\/10\\\/ValgeTaustShadow.jpg\",\"datePublished\":\"2024-10-17T17:55:50+00:00\",\"dateModified\":\"2026-01-11T15:23:28+00:00\",\"breadcrumb\":{\"@id\":\"https:\\\/\\\/rczone.ee\\\/toode\\\/ac-dc-adapter-12v-eu-6a-5525\\\/#breadcrumb\"},\"inLanguage\":\"lv-LV\",\"potentialAction\":[{\"@type\":\"ReadAction\",\"target\":[\"https:\\\/\\\/rczone.ee\\\/toode\\\/ac-dc-adapter-12v-eu-6a-5525\\\/\"]}]},{\"@type\":\"ImageObject\",\"inLanguage\":\"lv-LV\",\"@id\":\"https:\\\/\\\/rczone.ee\\\/toode\\\/ac-dc-adapter-12v-eu-6a-5525\\\/#primaryimage\",\"url\":\"https:\\\/\\\/rczone.ee\\\/wp-content\\\/uploads\\\/2024\\\/10\\\/ValgeTaustShadow.jpg\",\"contentUrl\":\"https:\\\/\\\/rczone.ee\\\/wp-content\\\/uploads\\\/2024\\\/10\\\/ValgeTaustShadow.jpg\",\"width\":800,\"height\":800},{\"@type\":\"BreadcrumbList\",\"@id\":\"https:\\\/\\\/rczone.ee\\\/toode\\\/ac-dc-adapter-12v-eu-6a-5525\\\/#breadcrumb\",\"itemListElement\":[{\"@type\":\"ListItem\",\"position\":1,\"name\":\"Home\",\"item\":\"https:\\\/\\\/rczone.ee\\\/\"},{\"@type\":\"ListItem\",\"position\":2,\"name\":\"Shop\",\"item\":\"https:\\\/\\\/rczone.ee\\\/shop\\\/\"},{\"@type\":\"ListItem\",\"position\":3,\"name\":\"AC\\\/DC Adapter 12V EU 6A (5,5*2,5)\"}]},{\"@type\":\"WebSite\",\"@id\":\"https:\\\/\\\/rczone.ee\\\/#website\",\"url\":\"https:\\\/\\\/rczone.ee\\\/\",\"name\":\"RcZone\",\"description\":\"RcZone - Raadio teel juhitavate autode veebipood. M&uuml;&uuml;me laia valikut kvaliteetseid ja v&otilde;imsaid RC-autosid. Kiire tarne ja konkurentsiv&otilde;imelised hinnad.\",\"publisher\":{\"@id\":\"https:\\\/\\\/rczone.ee\\\/#organization\"},\"potentialAction\":[{\"@type\":\"SearchAction\",\"target\":{\"@type\":\"EntryPoint\",\"urlTemplate\":\"https:\\\/\\\/rczone.ee\\\/?s={search_term_string}\"},\"query-input\":{\"@type\":\"PropertyValueSpecification\",\"valueRequired\":true,\"valueName\":\"search_term_string\"}}],\"inLanguage\":\"lv-LV\"},{\"@type\":\"Organization\",\"@id\":\"https:\\\/\\\/rczone.ee\\\/#organization\",\"name\":\"RcZone\",\"url\":\"https:\\\/\\\/rczone.ee\\\/\",\"logo\":{\"@type\":\"ImageObject\",\"inLanguage\":\"lv-LV\",\"@id\":\"https:\\\/\\\/rczone.ee\\\/#\\\/schema\\\/logo\\\/image\\\/\",\"url\":\"https:\\\/\\\/rczone.ee\\\/wp-content\\\/uploads\\\/2024\\\/01\\\/3D.png\",\"contentUrl\":\"https:\\\/\\\/rczone.ee\\\/wp-content\\\/uploads\\\/2024\\\/01\\\/3D.png\",\"width\":2080,\"height\":602,\"caption\":\"RcZone\"},\"image\":{\"@id\":\"https:\\\/\\\/rczone.ee\\\/#\\\/schema\\\/logo\\\/image\\\/\"},\"sameAs\":[\"https:\\\/\\\/www.facebook.com\\\/rczone.ee\"]}]}<\/script>\n<!-- \/ Yoast SEO plugin. -->","yoast_head_json":{"title":"Mai\u0146str\u0101vas\/l\u012bdzstr\u0101vas adapteris 12V EU 6A (5,5*2,5) - RC zona | Radiovad\u0101mie auto","robots":{"index":"index","follow":"follow","max-snippet":"max-snippet:-1","max-image-preview":"max-image-preview:large","max-video-preview":"max-video-preview:-1"},"canonical":"https:\/\/rczone.ee\/lv\/products\/mainstravas-lidzstravas-adapteris-12v-eu-6a-5525\/","og_locale":"lv_LV","og_type":"article","og_title":"AC\/DC Adapter 12V EU 6A (5,5*2,5) - RC Zone | Raadio teel juhitavad autod","og_description":"AC\/DC Adapter 12V EU 6A (5,5*2,5) Pinge: 12V Max v\u00e4ljundvool: 6A V\u00e4rv: Must Sobib meie valikus olevale B6 akulaadijale.","og_url":"https:\/\/rczone.ee\/lv\/products\/mainstravas-lidzstravas-adapteris-12v-eu-6a-5525\/","og_site_name":"RC Zone | Raadio teel juhitavad autod","article_publisher":"https:\/\/www.facebook.com\/rczone.ee","article_modified_time":"2026-01-11T15:23:28+00:00","og_image":[{"width":800,"height":800,"url":"https:\/\/rczone.ee\/wp-content\/uploads\/2024\/10\/ValgeTaustShadow.jpg","type":"image\/jpeg"}],"twitter_card":"summary_large_image","twitter_misc":{"Est. reading time":"1 min\u016bte"},"schema":{"@context":"https:\/\/schema.org","@graph":[{"@type":"WebPage","@id":"https:\/\/rczone.ee\/toode\/ac-dc-adapter-12v-eu-6a-5525\/","url":"https:\/\/rczone.ee\/toode\/ac-dc-adapter-12v-eu-6a-5525\/","name":"Mai\u0146str\u0101vas\/l\u012bdzstr\u0101vas adapteris 12V EU 6A (5,5*2,5) - RC zona | Radiovad\u0101mie auto","isPartOf":{"@id":"https:\/\/rczone.ee\/#website"},"primaryImageOfPage":{"@id":"https:\/\/rczone.ee\/toode\/ac-dc-adapter-12v-eu-6a-5525\/#primaryimage"},"image":{"@id":"https:\/\/rczone.ee\/toode\/ac-dc-adapter-12v-eu-6a-5525\/#primaryimage"},"thumbnailUrl":"https:\/\/rczone.ee\/wp-content\/uploads\/2024\/10\/ValgeTaustShadow.jpg","datePublished":"2024-10-17T17:55:50+00:00","dateModified":"2026-01-11T15:23:28+00:00","breadcrumb":{"@id":"https:\/\/rczone.ee\/toode\/ac-dc-adapter-12v-eu-6a-5525\/#breadcrumb"},"inLanguage":"lv-LV","potentialAction":[{"@type":"ReadAction","target":["https:\/\/rczone.ee\/toode\/ac-dc-adapter-12v-eu-6a-5525\/"]}]},{"@type":"ImageObject","inLanguage":"lv-LV","@id":"https:\/\/rczone.ee\/toode\/ac-dc-adapter-12v-eu-6a-5525\/#primaryimage","url":"https:\/\/rczone.ee\/wp-content\/uploads\/2024\/10\/ValgeTaustShadow.jpg","contentUrl":"https:\/\/rczone.ee\/wp-content\/uploads\/2024\/10\/ValgeTaustShadow.jpg","width":800,"height":800},{"@type":"BreadcrumbList","@id":"https:\/\/rczone.ee\/toode\/ac-dc-adapter-12v-eu-6a-5525\/#breadcrumb","itemListElement":[{"@type":"ListItem","position":1,"name":"Home","item":"https:\/\/rczone.ee\/"},{"@type":"ListItem","position":2,"name":"Shop","item":"https:\/\/rczone.ee\/shop\/"},{"@type":"ListItem","position":3,"name":"AC\/DC Adapter 12V EU 6A (5,5*2,5)"}]},{"@type":"WebSite","@id":"https:\/\/rczone.ee\/#website","url":"https:\/\/rczone.ee\/","name":"RcZone","description":"RcZone - Radio vad\u0101mo automobi\u013cu tie\u0161saistes veikals. M\u0113s p\u0101rdodam pla\u0161u augstas kvalit\u0101tes un jaud\u012bgu RC automobi\u013cu kl\u0101stu. \u0100tra pieg\u0101de un konkur\u0113tsp\u0113j\u012bgas cenas.","publisher":{"@id":"https:\/\/rczone.ee\/#organization"},"potentialAction":[{"@type":"SearchAction","target":{"@type":"EntryPoint","urlTemplate":"https:\/\/rczone.ee\/?s={search_term_string}"},"query-input":{"@type":"PropertyValueSpecification","valueRequired":true,"valueName":"search_term_string"}}],"inLanguage":"lv-LV"},{"@type":"Organization","@id":"https:\/\/rczone.ee\/#organization","name":"RcZone","url":"https:\/\/rczone.ee\/","logo":{"@type":"ImageObject","inLanguage":"lv-LV","@id":"https:\/\/rczone.ee\/#\/schema\/logo\/image\/","url":"https:\/\/rczone.ee\/wp-content\/uploads\/2024\/01\/3D.png","contentUrl":"https:\/\/rczone.ee\/wp-content\/uploads\/2024\/01\/3D.png","width":2080,"height":602,"caption":"RcZone"},"image":{"@id":"https:\/\/rczone.ee\/#\/schema\/logo\/image\/"},"sameAs":["https:\/\/www.facebook.com\/rczone.ee"]}]}},"_links":{"self":[{"href":"https:\/\/rczone.ee\/lv\/wp-json\/wp\/v2\/product\/1534","targetHints":{"allow":["GET"]}}],"collection":[{"href":"https:\/\/rczone.ee\/lv\/wp-json\/wp\/v2\/product"}],"about":[{"href":"https:\/\/rczone.ee\/lv\/wp-json\/wp\/v2\/types\/product"}],"replies":[{"embeddable":true,"href":"https:\/\/rczone.ee\/lv\/wp-json\/wp\/v2\/comments?post=1534"}],"wp:featuredmedia":[{"embeddable":true,"href":"https:\/\/rczone.ee\/lv\/wp-json\/wp\/v2\/media\/1540"}],"wp:attachment":[{"href":"https:\/\/rczone.ee\/lv\/wp-json\/wp\/v2\/media?parent=1534"}],"wp:term":[{"taxonomy":"fits_model","embeddable":true,"href":"https:\/\/rczone.ee\/lv\/wp-json\/wp\/v2\/fits_model?post=1534"},{"taxonomy":"product_brand","embeddable":true,"href":"https:\/\/rczone.ee\/lv\/wp-json\/wp\/v2\/product_brand?post=1534"},{"taxonomy":"product_cat","embeddable":true,"href":"https:\/\/rczone.ee\/lv\/wp-json\/wp\/v2\/product_cat?post=1534"},{"taxonomy":"product_tag","embeddable":true,"href":"https:\/\/rczone.ee\/lv\/wp-json\/wp\/v2\/product_tag?post=1534"},{"taxonomy":"woo-feed-brand","embeddable":true,"href":"https:\/\/rczone.ee\/lv\/wp-json\/wp\/v2\/woo-feed-brand?post=1534"}],"curies":[{"name":"wp","href":"https:\/\/api.w.org\/{rel}","templated":true}]}}