{"id":158,"date":"2024-01-17T15:58:54","date_gmt":"2024-01-17T13:58:54","guid":{"rendered":"https:\/\/rczone.ee\/?post_type=product&#038;p=158"},"modified":"2026-03-12T20:45:29","modified_gmt":"2026-03-12T18:45:29","slug":"zveru-sporta-automasina","status":"publish","type":"product","link":"https:\/\/rczone.ee\/lv\/toode\/beast-sport-car\/","title":{"rendered":"The Beast 4WD Brushless Drifter SG216-MAX 1:16"},"content":{"rendered":"<p>Jaud\u012bgs drifta auto \u012bstiem entuziastiem! Automa\u0161\u012bnai ir LED lukturi, \u010detru rite\u0146u piedzi\u0146a, mas\u012bvi met\u0101la priek\u0161\u0113jie un aizmugur\u0113jie difuzori. Piem\u0113rots brauk\u0161anai pa ciet\u0101m virsm\u0101m.<\/p>\n<p>\u0100trums: 70 km\/h<br \/>\nAkumulators: 7,4 V 1500 mAh<br \/>\nKontroles att\u0101lums: aptuveni 150 m<br \/>\nLieto\u0161anas laiks: aptuveni 40 min<br \/>\nUzl\u0101des laiks: 3-3,5 h<br \/>\nIzm\u0113rs: 34 * 16,8 * 10,7 CM<br \/>\nSt\u016bres iek\u0101rta: tr\u012bs vadu 17G digit\u0101l\u0101 st\u016bres iek\u0101rta<br \/>\nMotors: 2440 bezsuku motors<\/p>\n<div style=\"padding: 56.25% 0 0 0; position: relative;\"><iframe style=\"position: absolute; top: 0; left: 0; width: 100%; height: 100%;\" title=\"SG216\" src=\"https:\/\/player.vimeo.com\/video\/928538976?badge=0&amp;autopause=0&amp;player_id=0&amp;app_id=58479\" frameborder=\"0\"><\/iframe><\/div>\n<p><script src=\"https:\/\/player.vimeo.com\/api\/player.js\"><\/script><br \/>\n<img decoding=\"async\" class=\"alignnone wp-image-546\" src=\"https:\/\/rczone.ee\/wp-content\/uploads\/2024\/01\/description-image-1-186x400.webp\" alt=\"\" width=\"412\" height=\"886\" srcset=\"https:\/\/rczone.ee\/wp-content\/uploads\/2024\/01\/description-image-1-186x400.webp 186w, https:\/\/rczone.ee\/wp-content\/uploads\/2024\/01\/description-image-1-372x800.webp 372w, https:\/\/rczone.ee\/wp-content\/uploads\/2024\/01\/description-image-1-768x1651.webp 768w, https:\/\/rczone.ee\/wp-content\/uploads\/2024\/01\/description-image-1-715x1536.webp 715w, https:\/\/rczone.ee\/wp-content\/uploads\/2024\/01\/description-image-1.webp 790w\" sizes=\"(max-width: 412px) 100vw, 412px\" \/><img decoding=\"async\" class=\"alignnone wp-image-543\" src=\"https:\/\/rczone.ee\/wp-content\/uploads\/2024\/01\/description-image-8-192x400.webp\" alt=\"\" width=\"425\" height=\"885\" srcset=\"https:\/\/rczone.ee\/wp-content\/uploads\/2024\/01\/description-image-8-192x400.webp 192w, https:\/\/rczone.ee\/wp-content\/uploads\/2024\/01\/description-image-8-768x1597.webp 768w, https:\/\/rczone.ee\/wp-content\/uploads\/2024\/01\/description-image-8.webp 790w\" sizes=\"(max-width: 425px) 100vw, 425px\" \/><img decoding=\"async\" class=\"alignnone wp-image-542\" src=\"https:\/\/rczone.ee\/wp-content\/uploads\/2024\/01\/description-image-7-200x400.webp\" alt=\"\" width=\"442\" height=\"884\" srcset=\"https:\/\/rczone.ee\/wp-content\/uploads\/2024\/01\/description-image-7-200x400.webp 200w, https:\/\/rczone.ee\/wp-content\/uploads\/2024\/01\/description-image-7-768x1534.webp 768w, https:\/\/rczone.ee\/wp-content\/uploads\/2024\/01\/description-image-7-769x1536.webp 769w, https:\/\/rczone.ee\/wp-content\/uploads\/2024\/01\/description-image-7.webp 790w\" sizes=\"(max-width: 442px) 100vw, 442px\" \/><img decoding=\"async\" class=\"alignnone wp-image-544\" src=\"https:\/\/rczone.ee\/wp-content\/uploads\/2024\/01\/description-image-10-1-221x400.webp\" alt=\"\" width=\"489\" height=\"885\" srcset=\"https:\/\/rczone.ee\/wp-content\/uploads\/2024\/01\/description-image-10-1-221x400.webp 221w, https:\/\/rczone.ee\/wp-content\/uploads\/2024\/01\/description-image-10-1-768x1388.webp 768w, https:\/\/rczone.ee\/wp-content\/uploads\/2024\/01\/description-image-10-1.webp 790w\" sizes=\"(max-width: 489px) 100vw, 489px\" \/> <img decoding=\"async\" class=\"alignnone wp-image-545\" src=\"https:\/\/rczone.ee\/wp-content\/uploads\/2024\/01\/description-image-23-1-313x400.webp\" alt=\"\" width=\"693\" height=\"886\" \/><\/p>","protected":false},"excerpt":{"rendered":"<ul>\n<li style=\"line-height: 1; padding-top: 20px;\">Nov\u0113rt\u0113jums: Eksperts<\/li>\n<li style=\"line-height: 1;\">Lietot\u0101ja vecums: 14+<\/li>\n<li style=\"line-height: 1;\">Kategorija: dreifs<\/li>\n<li style=\"line-height: 1;\">M\u0113rogi: 1:16<\/li>\n<li style=\"line-height: 1;\">Vilces ass: 4WD<\/li>\n<li style=\"line-height: 1;\">Maksim\u0101lais \u0101trums: 70 km\/h<\/li>\n<li style=\"line-height: 1;\">Pabeig\u0161ana: gatavs darbam<\/li>\n<li style=\"line-height: 1;\">Ener\u0123ija: elektroener\u0123ija<\/li>\n<\/ul>","protected":false},"featured_media":164,"comment_status":"open","ping_status":"closed","template":"","meta":{"_monsterinsights_skip_tracking":false,"_monsterinsights_sitenote_active":false,"_monsterinsights_sitenote_note":"","_monsterinsights_sitenote_category":0},"fits_model":[],"product_brand":[],"product_cat":[26],"product_tag":[122,84],"woo-feed-brand":[],"class_list":{"0":"post-158","1":"product","2":"type-product","3":"status-publish","4":"has-post-thumbnail","6":"product_cat-drift","7":"product_tag-liion74","8":"product_tag-standard","10":"first","11":"instock","12":"taxable","13":"shipping-taxable","14":"purchasable","15":"product-type-simple"},"yoast_head":"<!-- This site is optimized with the Yoast SEO plugin v27.4 - https:\/\/yoast.com\/product\/yoast-seo-wordpress\/ -->\n<title>The Beast 4WD Brushless Drifter SG216-MAX 1:16 - RC Zone | Raadio teel juhitavad autod<\/title>\n<meta name=\"robots\" content=\"index, follow, max-snippet:-1, max-image-preview:large, max-video-preview:-1\" \/>\n<link rel=\"canonical\" href=\"https:\/\/rczone.ee\/lv\/products\/zveru-sporta-automasina\/\" \/>\n<meta property=\"og:locale\" content=\"lv_LV\" \/>\n<meta property=\"og:type\" content=\"article\" \/>\n<meta property=\"og:title\" content=\"The Beast 4WD Brushless Drifter SG216-MAX 1:16 - RC Zone | Raadio teel juhitavad autod\" \/>\n<meta property=\"og:description\" content=\"Rate: Expert  Kasutaja vanuseklass: 14+  Kategooria: Drift  Skaala: 1:16  Vedav sild: 4WD  Max kiirus: 70 km\/h  Komplekteeritus: Ready-To-Run  Energia: Elekter\" \/>\n<meta property=\"og:url\" content=\"https:\/\/rczone.ee\/lv\/products\/zveru-sporta-automasina\/\" \/>\n<meta property=\"og:site_name\" content=\"RC Zone | Raadio teel juhitavad autod\" \/>\n<meta property=\"article:publisher\" content=\"https:\/\/www.facebook.com\/rczone.ee\" \/>\n<meta property=\"article:modified_time\" content=\"2026-03-12T18:45:29+00:00\" \/>\n<meta property=\"og:image\" content=\"https:\/\/rczone.ee\/wp-content\/uploads\/2024\/01\/H811362ab39de42149b93c14bbf1e39a6J.webp\" \/>\n\t<meta property=\"og:image:width\" content=\"800\" \/>\n\t<meta property=\"og:image:height\" content=\"800\" \/>\n\t<meta property=\"og:image:type\" content=\"image\/webp\" \/>\n<meta name=\"twitter:card\" content=\"summary_large_image\" \/>\n<meta name=\"twitter:label1\" content=\"Est. reading time\" \/>\n\t<meta name=\"twitter:data1\" content=\"2 min\u016btes\" \/>\n<script type=\"application\/ld+json\" class=\"yoast-schema-graph\">{\"@context\":\"https:\\\/\\\/schema.org\",\"@graph\":[{\"@type\":\"WebPage\",\"@id\":\"https:\\\/\\\/rczone.ee\\\/toode\\\/beast-sport-car\\\/\",\"url\":\"https:\\\/\\\/rczone.ee\\\/toode\\\/beast-sport-car\\\/\",\"name\":\"The Beast 4WD Brushless Drifter SG216-MAX 1:16 - RC Zone | Raadio teel juhitavad autod\",\"isPartOf\":{\"@id\":\"https:\\\/\\\/rczone.ee\\\/#website\"},\"primaryImageOfPage\":{\"@id\":\"https:\\\/\\\/rczone.ee\\\/toode\\\/beast-sport-car\\\/#primaryimage\"},\"image\":{\"@id\":\"https:\\\/\\\/rczone.ee\\\/toode\\\/beast-sport-car\\\/#primaryimage\"},\"thumbnailUrl\":\"https:\\\/\\\/rczone.ee\\\/wp-content\\\/uploads\\\/2024\\\/01\\\/H811362ab39de42149b93c14bbf1e39a6J.webp\",\"datePublished\":\"2024-01-17T13:58:54+00:00\",\"dateModified\":\"2026-03-12T18:45:29+00:00\",\"breadcrumb\":{\"@id\":\"https:\\\/\\\/rczone.ee\\\/toode\\\/beast-sport-car\\\/#breadcrumb\"},\"inLanguage\":\"lv-LV\",\"potentialAction\":[{\"@type\":\"ReadAction\",\"target\":[\"https:\\\/\\\/rczone.ee\\\/toode\\\/beast-sport-car\\\/\"]}]},{\"@type\":\"ImageObject\",\"inLanguage\":\"lv-LV\",\"@id\":\"https:\\\/\\\/rczone.ee\\\/toode\\\/beast-sport-car\\\/#primaryimage\",\"url\":\"https:\\\/\\\/rczone.ee\\\/wp-content\\\/uploads\\\/2024\\\/01\\\/H811362ab39de42149b93c14bbf1e39a6J.webp\",\"contentUrl\":\"https:\\\/\\\/rczone.ee\\\/wp-content\\\/uploads\\\/2024\\\/01\\\/H811362ab39de42149b93c14bbf1e39a6J.webp\",\"width\":800,\"height\":800},{\"@type\":\"BreadcrumbList\",\"@id\":\"https:\\\/\\\/rczone.ee\\\/toode\\\/beast-sport-car\\\/#breadcrumb\",\"itemListElement\":[{\"@type\":\"ListItem\",\"position\":1,\"name\":\"Home\",\"item\":\"https:\\\/\\\/rczone.ee\\\/\"},{\"@type\":\"ListItem\",\"position\":2,\"name\":\"Shop\",\"item\":\"https:\\\/\\\/rczone.ee\\\/shop\\\/\"},{\"@type\":\"ListItem\",\"position\":3,\"name\":\"The Beast 4WD Brushless Drifter SG216-MAX 1:16\"}]},{\"@type\":\"WebSite\",\"@id\":\"https:\\\/\\\/rczone.ee\\\/#website\",\"url\":\"https:\\\/\\\/rczone.ee\\\/\",\"name\":\"RcZone\",\"description\":\"RcZone - Raadio teel juhitavate autode veebipood. M&uuml;&uuml;me laia valikut kvaliteetseid ja v&otilde;imsaid RC-autosid. Kiire tarne ja konkurentsiv&otilde;imelised hinnad.\",\"publisher\":{\"@id\":\"https:\\\/\\\/rczone.ee\\\/#organization\"},\"potentialAction\":[{\"@type\":\"SearchAction\",\"target\":{\"@type\":\"EntryPoint\",\"urlTemplate\":\"https:\\\/\\\/rczone.ee\\\/?s={search_term_string}\"},\"query-input\":{\"@type\":\"PropertyValueSpecification\",\"valueRequired\":true,\"valueName\":\"search_term_string\"}}],\"inLanguage\":\"lv-LV\"},{\"@type\":\"Organization\",\"@id\":\"https:\\\/\\\/rczone.ee\\\/#organization\",\"name\":\"RcZone\",\"url\":\"https:\\\/\\\/rczone.ee\\\/\",\"logo\":{\"@type\":\"ImageObject\",\"inLanguage\":\"lv-LV\",\"@id\":\"https:\\\/\\\/rczone.ee\\\/#\\\/schema\\\/logo\\\/image\\\/\",\"url\":\"https:\\\/\\\/rczone.ee\\\/wp-content\\\/uploads\\\/2024\\\/01\\\/3D.png\",\"contentUrl\":\"https:\\\/\\\/rczone.ee\\\/wp-content\\\/uploads\\\/2024\\\/01\\\/3D.png\",\"width\":2080,\"height\":602,\"caption\":\"RcZone\"},\"image\":{\"@id\":\"https:\\\/\\\/rczone.ee\\\/#\\\/schema\\\/logo\\\/image\\\/\"},\"sameAs\":[\"https:\\\/\\\/www.facebook.com\\\/rczone.ee\"]}]}<\/script>\n<!-- \/ Yoast SEO plugin. -->","yoast_head_json":{"title":"The Beast 4WD Brushless Drifter SG216-MAX 1:16 - RC Zona | Radio vad\u0101mi auto","robots":{"index":"index","follow":"follow","max-snippet":"max-snippet:-1","max-image-preview":"max-image-preview:large","max-video-preview":"max-video-preview:-1"},"canonical":"https:\/\/rczone.ee\/lv\/products\/zveru-sporta-automasina\/","og_locale":"lv_LV","og_type":"article","og_title":"The Beast 4WD Brushless Drifter SG216-MAX 1:16 - RC Zone | Raadio teel juhitavad autod","og_description":"Rate: Expert  Kasutaja vanuseklass: 14+  Kategooria: Drift  Skaala: 1:16  Vedav sild: 4WD  Max kiirus: 70 km\/h  Komplekteeritus: Ready-To-Run  Energia: Elekter","og_url":"https:\/\/rczone.ee\/lv\/products\/zveru-sporta-automasina\/","og_site_name":"RC Zone | Raadio teel juhitavad autod","article_publisher":"https:\/\/www.facebook.com\/rczone.ee","article_modified_time":"2026-03-12T18:45:29+00:00","og_image":[{"width":800,"height":800,"url":"https:\/\/rczone.ee\/wp-content\/uploads\/2024\/01\/H811362ab39de42149b93c14bbf1e39a6J.webp","type":"image\/webp"}],"twitter_card":"summary_large_image","twitter_misc":{"Est. reading time":"2 min\u016btes"},"schema":{"@context":"https:\/\/schema.org","@graph":[{"@type":"WebPage","@id":"https:\/\/rczone.ee\/toode\/beast-sport-car\/","url":"https:\/\/rczone.ee\/toode\/beast-sport-car\/","name":"The Beast 4WD Brushless Drifter SG216-MAX 1:16 - RC Zona | Radio vad\u0101mi auto","isPartOf":{"@id":"https:\/\/rczone.ee\/#website"},"primaryImageOfPage":{"@id":"https:\/\/rczone.ee\/toode\/beast-sport-car\/#primaryimage"},"image":{"@id":"https:\/\/rczone.ee\/toode\/beast-sport-car\/#primaryimage"},"thumbnailUrl":"https:\/\/rczone.ee\/wp-content\/uploads\/2024\/01\/H811362ab39de42149b93c14bbf1e39a6J.webp","datePublished":"2024-01-17T13:58:54+00:00","dateModified":"2026-03-12T18:45:29+00:00","breadcrumb":{"@id":"https:\/\/rczone.ee\/toode\/beast-sport-car\/#breadcrumb"},"inLanguage":"lv-LV","potentialAction":[{"@type":"ReadAction","target":["https:\/\/rczone.ee\/toode\/beast-sport-car\/"]}]},{"@type":"ImageObject","inLanguage":"lv-LV","@id":"https:\/\/rczone.ee\/toode\/beast-sport-car\/#primaryimage","url":"https:\/\/rczone.ee\/wp-content\/uploads\/2024\/01\/H811362ab39de42149b93c14bbf1e39a6J.webp","contentUrl":"https:\/\/rczone.ee\/wp-content\/uploads\/2024\/01\/H811362ab39de42149b93c14bbf1e39a6J.webp","width":800,"height":800},{"@type":"BreadcrumbList","@id":"https:\/\/rczone.ee\/toode\/beast-sport-car\/#breadcrumb","itemListElement":[{"@type":"ListItem","position":1,"name":"Home","item":"https:\/\/rczone.ee\/"},{"@type":"ListItem","position":2,"name":"Shop","item":"https:\/\/rczone.ee\/shop\/"},{"@type":"ListItem","position":3,"name":"The Beast 4WD Brushless Drifter SG216-MAX 1:16"}]},{"@type":"WebSite","@id":"https:\/\/rczone.ee\/#website","url":"https:\/\/rczone.ee\/","name":"RcZone","description":"RcZone - Radio vad\u0101mo automobi\u013cu tie\u0161saistes veikals. M\u0113s p\u0101rdodam pla\u0161u augstas kvalit\u0101tes un jaud\u012bgu RC automobi\u013cu kl\u0101stu. \u0100tra pieg\u0101de un konkur\u0113tsp\u0113j\u012bgas cenas.","publisher":{"@id":"https:\/\/rczone.ee\/#organization"},"potentialAction":[{"@type":"SearchAction","target":{"@type":"EntryPoint","urlTemplate":"https:\/\/rczone.ee\/?s={search_term_string}"},"query-input":{"@type":"PropertyValueSpecification","valueRequired":true,"valueName":"search_term_string"}}],"inLanguage":"lv-LV"},{"@type":"Organization","@id":"https:\/\/rczone.ee\/#organization","name":"RcZone","url":"https:\/\/rczone.ee\/","logo":{"@type":"ImageObject","inLanguage":"lv-LV","@id":"https:\/\/rczone.ee\/#\/schema\/logo\/image\/","url":"https:\/\/rczone.ee\/wp-content\/uploads\/2024\/01\/3D.png","contentUrl":"https:\/\/rczone.ee\/wp-content\/uploads\/2024\/01\/3D.png","width":2080,"height":602,"caption":"RcZone"},"image":{"@id":"https:\/\/rczone.ee\/#\/schema\/logo\/image\/"},"sameAs":["https:\/\/www.facebook.com\/rczone.ee"]}]}},"_links":{"self":[{"href":"https:\/\/rczone.ee\/lv\/wp-json\/wp\/v2\/product\/158","targetHints":{"allow":["GET"]}}],"collection":[{"href":"https:\/\/rczone.ee\/lv\/wp-json\/wp\/v2\/product"}],"about":[{"href":"https:\/\/rczone.ee\/lv\/wp-json\/wp\/v2\/types\/product"}],"replies":[{"embeddable":true,"href":"https:\/\/rczone.ee\/lv\/wp-json\/wp\/v2\/comments?post=158"}],"wp:featuredmedia":[{"embeddable":true,"href":"https:\/\/rczone.ee\/lv\/wp-json\/wp\/v2\/media\/164"}],"wp:attachment":[{"href":"https:\/\/rczone.ee\/lv\/wp-json\/wp\/v2\/media?parent=158"}],"wp:term":[{"taxonomy":"fits_model","embeddable":true,"href":"https:\/\/rczone.ee\/lv\/wp-json\/wp\/v2\/fits_model?post=158"},{"taxonomy":"product_brand","embeddable":true,"href":"https:\/\/rczone.ee\/lv\/wp-json\/wp\/v2\/product_brand?post=158"},{"taxonomy":"product_cat","embeddable":true,"href":"https:\/\/rczone.ee\/lv\/wp-json\/wp\/v2\/product_cat?post=158"},{"taxonomy":"product_tag","embeddable":true,"href":"https:\/\/rczone.ee\/lv\/wp-json\/wp\/v2\/product_tag?post=158"},{"taxonomy":"woo-feed-brand","embeddable":true,"href":"https:\/\/rczone.ee\/lv\/wp-json\/wp\/v2\/woo-feed-brand?post=158"}],"curies":[{"name":"wp","href":"https:\/\/api.w.org\/{rel}","templated":true}]}}