{"id":1871,"date":"2024-11-02T22:23:58","date_gmt":"2024-11-02T20:23:58","guid":{"rendered":"https:\/\/rczone.ee\/?post_type=product&#038;p=1871"},"modified":"2025-05-05T21:02:04","modified_gmt":"2025-05-05T18:02:04","slug":"vidus-piedzinas-sesstura-varpsta-4x153-8mm-dala-6036-sg116pro-max","status":"publish","type":"product","link":"https:\/\/rczone.ee\/lv\/toode\/mid-drive-hexagonal-shaft-4x153-8mm-part-6036-sg116pro-max\/","title":{"rendered":"Vid\u0113j\u0101s piedzi\u0146as se\u0161st\u016bra v\u0101rpsta 4\u00d7153,8 mm (6036. da\u013ca; SG116PRO\/MAX)"},"content":{"rendered":"<p>Vid\u0113j\u0101s piedzi\u0146as se\u0161st\u016bra v\u0101rpsta 4\u00d7153,8 mm (6036. da\u013ca; SG116PRO\/MAX)<\/p>","protected":false},"excerpt":{"rendered":"<p>Vid\u0113j\u0101s piedzi\u0146as se\u0161st\u016bra v\u0101rpsta 4\u00d7153,8 mm (6036. da\u013ca; SG116PRO\/MAX)<\/p>","protected":false},"featured_media":1759,"comment_status":"open","ping_status":"closed","template":"","meta":{"_monsterinsights_skip_tracking":false,"_monsterinsights_sitenote_active":false,"_monsterinsights_sitenote_note":"","_monsterinsights_sitenote_category":0},"fits_model":[],"product_brand":[],"product_cat":[75],"product_tag":[84],"woo-feed-brand":[],"class_list":{"0":"post-1871","1":"product","2":"type-product","3":"status-publish","4":"has-post-thumbnail","6":"product_cat-parts","7":"product_tag-standard","9":"first","10":"instock","11":"taxable","12":"shipping-taxable","13":"purchasable","14":"product-type-simple"},"yoast_head":"<!-- This site is optimized with the Yoast SEO plugin v27.3 - https:\/\/yoast.com\/product\/yoast-seo-wordpress\/ -->\n<title>Mid-drive hexagonal shaft 4x153.8mm (part 6036; SG116PRO\/MAX) - RC Zone | Raadio teel juhitavad autod<\/title>\n<meta name=\"robots\" content=\"index, follow, max-snippet:-1, max-image-preview:large, max-video-preview:-1\" \/>\n<link rel=\"canonical\" href=\"https:\/\/rczone.ee\/lv\/products\/vidus-piedzinas-sesstura-varpsta-4x153-8mm-dala-6036-sg116pro-max\/\" \/>\n<meta property=\"og:locale\" content=\"lv_LV\" \/>\n<meta property=\"og:type\" content=\"article\" \/>\n<meta property=\"og:title\" content=\"Mid-drive hexagonal shaft 4x153.8mm (part 6036; SG116PRO\/MAX) - RC Zone | Raadio teel juhitavad autod\" \/>\n<meta property=\"og:description\" content=\"Mid-drive hexagonal shaft 4&#215;153.8mm (Part 6036; SG116PRO\/MAX)\" \/>\n<meta property=\"og:url\" content=\"https:\/\/rczone.ee\/lv\/products\/vidus-piedzinas-sesstura-varpsta-4x153-8mm-dala-6036-sg116pro-max\/\" \/>\n<meta property=\"og:site_name\" content=\"RC Zone | Raadio teel juhitavad autod\" \/>\n<meta property=\"article:publisher\" content=\"https:\/\/www.facebook.com\/rczone.ee\" \/>\n<meta property=\"article:modified_time\" content=\"2025-05-05T18:02:04+00:00\" \/>\n<meta property=\"og:image\" content=\"https:\/\/rczone.ee\/wp-content\/uploads\/2024\/11\/SG116-6036.jpg\" \/>\n\t<meta property=\"og:image:width\" content=\"800\" \/>\n\t<meta property=\"og:image:height\" content=\"800\" \/>\n\t<meta property=\"og:image:type\" content=\"image\/jpeg\" \/>\n<meta name=\"twitter:card\" content=\"summary_large_image\" \/>\n<meta name=\"twitter:label1\" content=\"Est. reading time\" \/>\n\t<meta name=\"twitter:data1\" content=\"1 min\u016bte\" \/>\n<script type=\"application\/ld+json\" class=\"yoast-schema-graph\">{\"@context\":\"https:\\\/\\\/schema.org\",\"@graph\":[{\"@type\":\"WebPage\",\"@id\":\"https:\\\/\\\/rczone.ee\\\/toode\\\/mid-drive-hexagonal-shaft-4x153-8mm-part-6036-sg116pro-max\\\/\",\"url\":\"https:\\\/\\\/rczone.ee\\\/toode\\\/mid-drive-hexagonal-shaft-4x153-8mm-part-6036-sg116pro-max\\\/\",\"name\":\"Mid-drive hexagonal shaft 4x153.8mm (part 6036; SG116PRO\\\/MAX) - RC Zone | Raadio teel juhitavad autod\",\"isPartOf\":{\"@id\":\"https:\\\/\\\/rczone.ee\\\/#website\"},\"primaryImageOfPage\":{\"@id\":\"https:\\\/\\\/rczone.ee\\\/toode\\\/mid-drive-hexagonal-shaft-4x153-8mm-part-6036-sg116pro-max\\\/#primaryimage\"},\"image\":{\"@id\":\"https:\\\/\\\/rczone.ee\\\/toode\\\/mid-drive-hexagonal-shaft-4x153-8mm-part-6036-sg116pro-max\\\/#primaryimage\"},\"thumbnailUrl\":\"https:\\\/\\\/rczone.ee\\\/wp-content\\\/uploads\\\/2024\\\/11\\\/SG116-6036.jpg\",\"datePublished\":\"2024-11-02T20:23:58+00:00\",\"dateModified\":\"2025-05-05T18:02:04+00:00\",\"breadcrumb\":{\"@id\":\"https:\\\/\\\/rczone.ee\\\/toode\\\/mid-drive-hexagonal-shaft-4x153-8mm-part-6036-sg116pro-max\\\/#breadcrumb\"},\"inLanguage\":\"lv-LV\",\"potentialAction\":[{\"@type\":\"ReadAction\",\"target\":[\"https:\\\/\\\/rczone.ee\\\/toode\\\/mid-drive-hexagonal-shaft-4x153-8mm-part-6036-sg116pro-max\\\/\"]}]},{\"@type\":\"ImageObject\",\"inLanguage\":\"lv-LV\",\"@id\":\"https:\\\/\\\/rczone.ee\\\/toode\\\/mid-drive-hexagonal-shaft-4x153-8mm-part-6036-sg116pro-max\\\/#primaryimage\",\"url\":\"https:\\\/\\\/rczone.ee\\\/wp-content\\\/uploads\\\/2024\\\/11\\\/SG116-6036.jpg\",\"contentUrl\":\"https:\\\/\\\/rczone.ee\\\/wp-content\\\/uploads\\\/2024\\\/11\\\/SG116-6036.jpg\",\"width\":800,\"height\":800},{\"@type\":\"BreadcrumbList\",\"@id\":\"https:\\\/\\\/rczone.ee\\\/toode\\\/mid-drive-hexagonal-shaft-4x153-8mm-part-6036-sg116pro-max\\\/#breadcrumb\",\"itemListElement\":[{\"@type\":\"ListItem\",\"position\":1,\"name\":\"Home\",\"item\":\"https:\\\/\\\/rczone.ee\\\/\"},{\"@type\":\"ListItem\",\"position\":2,\"name\":\"Shop\",\"item\":\"https:\\\/\\\/rczone.ee\\\/shop\\\/\"},{\"@type\":\"ListItem\",\"position\":3,\"name\":\"Mid-drive hexagonal shaft 4&#215;153.8mm (part 6036; SG116PRO\\\/MAX)\"}]},{\"@type\":\"WebSite\",\"@id\":\"https:\\\/\\\/rczone.ee\\\/#website\",\"url\":\"https:\\\/\\\/rczone.ee\\\/\",\"name\":\"RcZone\",\"description\":\"RcZone - Raadio teel juhitavate autode veebipood. M&uuml;&uuml;me laia valikut kvaliteetseid ja v&otilde;imsaid RC-autosid. Kiire tarne ja konkurentsiv&otilde;imelised hinnad.\",\"publisher\":{\"@id\":\"https:\\\/\\\/rczone.ee\\\/#organization\"},\"potentialAction\":[{\"@type\":\"SearchAction\",\"target\":{\"@type\":\"EntryPoint\",\"urlTemplate\":\"https:\\\/\\\/rczone.ee\\\/?s={search_term_string}\"},\"query-input\":{\"@type\":\"PropertyValueSpecification\",\"valueRequired\":true,\"valueName\":\"search_term_string\"}}],\"inLanguage\":\"lv-LV\"},{\"@type\":\"Organization\",\"@id\":\"https:\\\/\\\/rczone.ee\\\/#organization\",\"name\":\"RcZone\",\"url\":\"https:\\\/\\\/rczone.ee\\\/\",\"logo\":{\"@type\":\"ImageObject\",\"inLanguage\":\"lv-LV\",\"@id\":\"https:\\\/\\\/rczone.ee\\\/#\\\/schema\\\/logo\\\/image\\\/\",\"url\":\"https:\\\/\\\/rczone.ee\\\/wp-content\\\/uploads\\\/2024\\\/01\\\/3D.png\",\"contentUrl\":\"https:\\\/\\\/rczone.ee\\\/wp-content\\\/uploads\\\/2024\\\/01\\\/3D.png\",\"width\":2080,\"height\":602,\"caption\":\"RcZone\"},\"image\":{\"@id\":\"https:\\\/\\\/rczone.ee\\\/#\\\/schema\\\/logo\\\/image\\\/\"},\"sameAs\":[\"https:\\\/\\\/www.facebook.com\\\/rczone.ee\"]}]}<\/script>\n<!-- \/ Yoast SEO plugin. -->","yoast_head_json":{"title":"Vid\u0113j\u0101 piedzi\u0146as se\u0161st\u016bra v\u0101rpsta 4x153.8mm (6036 da\u013ca; SG116PRO\/MAX) - RC zona | Radio vad\u0101mi transportl\u012bdzek\u013ci","robots":{"index":"index","follow":"follow","max-snippet":"max-snippet:-1","max-image-preview":"max-image-preview:large","max-video-preview":"max-video-preview:-1"},"canonical":"https:\/\/rczone.ee\/lv\/products\/vidus-piedzinas-sesstura-varpsta-4x153-8mm-dala-6036-sg116pro-max\/","og_locale":"lv_LV","og_type":"article","og_title":"Mid-drive hexagonal shaft 4x153.8mm (part 6036; SG116PRO\/MAX) - RC Zone | Raadio teel juhitavad autod","og_description":"Mid-drive hexagonal shaft 4&#215;153.8mm (Part 6036; SG116PRO\/MAX)","og_url":"https:\/\/rczone.ee\/lv\/products\/vidus-piedzinas-sesstura-varpsta-4x153-8mm-dala-6036-sg116pro-max\/","og_site_name":"RC Zone | Raadio teel juhitavad autod","article_publisher":"https:\/\/www.facebook.com\/rczone.ee","article_modified_time":"2025-05-05T18:02:04+00:00","og_image":[{"width":800,"height":800,"url":"https:\/\/rczone.ee\/wp-content\/uploads\/2024\/11\/SG116-6036.jpg","type":"image\/jpeg"}],"twitter_card":"summary_large_image","twitter_misc":{"Est. reading time":"1 min\u016bte"},"schema":{"@context":"https:\/\/schema.org","@graph":[{"@type":"WebPage","@id":"https:\/\/rczone.ee\/toode\/mid-drive-hexagonal-shaft-4x153-8mm-part-6036-sg116pro-max\/","url":"https:\/\/rczone.ee\/toode\/mid-drive-hexagonal-shaft-4x153-8mm-part-6036-sg116pro-max\/","name":"Vid\u0113j\u0101 piedzi\u0146as se\u0161st\u016bra v\u0101rpsta 4x153.8mm (6036 da\u013ca; SG116PRO\/MAX) - RC zona | Radio vad\u0101mi transportl\u012bdzek\u013ci","isPartOf":{"@id":"https:\/\/rczone.ee\/#website"},"primaryImageOfPage":{"@id":"https:\/\/rczone.ee\/toode\/mid-drive-hexagonal-shaft-4x153-8mm-part-6036-sg116pro-max\/#primaryimage"},"image":{"@id":"https:\/\/rczone.ee\/toode\/mid-drive-hexagonal-shaft-4x153-8mm-part-6036-sg116pro-max\/#primaryimage"},"thumbnailUrl":"https:\/\/rczone.ee\/wp-content\/uploads\/2024\/11\/SG116-6036.jpg","datePublished":"2024-11-02T20:23:58+00:00","dateModified":"2025-05-05T18:02:04+00:00","breadcrumb":{"@id":"https:\/\/rczone.ee\/toode\/mid-drive-hexagonal-shaft-4x153-8mm-part-6036-sg116pro-max\/#breadcrumb"},"inLanguage":"lv-LV","potentialAction":[{"@type":"ReadAction","target":["https:\/\/rczone.ee\/toode\/mid-drive-hexagonal-shaft-4x153-8mm-part-6036-sg116pro-max\/"]}]},{"@type":"ImageObject","inLanguage":"lv-LV","@id":"https:\/\/rczone.ee\/toode\/mid-drive-hexagonal-shaft-4x153-8mm-part-6036-sg116pro-max\/#primaryimage","url":"https:\/\/rczone.ee\/wp-content\/uploads\/2024\/11\/SG116-6036.jpg","contentUrl":"https:\/\/rczone.ee\/wp-content\/uploads\/2024\/11\/SG116-6036.jpg","width":800,"height":800},{"@type":"BreadcrumbList","@id":"https:\/\/rczone.ee\/toode\/mid-drive-hexagonal-shaft-4x153-8mm-part-6036-sg116pro-max\/#breadcrumb","itemListElement":[{"@type":"ListItem","position":1,"name":"Home","item":"https:\/\/rczone.ee\/"},{"@type":"ListItem","position":2,"name":"Shop","item":"https:\/\/rczone.ee\/shop\/"},{"@type":"ListItem","position":3,"name":"Mid-drive hexagonal shaft 4&#215;153.8mm (part 6036; SG116PRO\/MAX)"}]},{"@type":"WebSite","@id":"https:\/\/rczone.ee\/#website","url":"https:\/\/rczone.ee\/","name":"RcZone","description":"RcZone - Radio vad\u0101mo automobi\u013cu tie\u0161saistes veikals. M\u0113s p\u0101rdodam pla\u0161u augstas kvalit\u0101tes un jaud\u012bgu RC automobi\u013cu kl\u0101stu. \u0100tra pieg\u0101de un konkur\u0113tsp\u0113j\u012bgas cenas.","publisher":{"@id":"https:\/\/rczone.ee\/#organization"},"potentialAction":[{"@type":"SearchAction","target":{"@type":"EntryPoint","urlTemplate":"https:\/\/rczone.ee\/?s={search_term_string}"},"query-input":{"@type":"PropertyValueSpecification","valueRequired":true,"valueName":"search_term_string"}}],"inLanguage":"lv-LV"},{"@type":"Organization","@id":"https:\/\/rczone.ee\/#organization","name":"RcZone","url":"https:\/\/rczone.ee\/","logo":{"@type":"ImageObject","inLanguage":"lv-LV","@id":"https:\/\/rczone.ee\/#\/schema\/logo\/image\/","url":"https:\/\/rczone.ee\/wp-content\/uploads\/2024\/01\/3D.png","contentUrl":"https:\/\/rczone.ee\/wp-content\/uploads\/2024\/01\/3D.png","width":2080,"height":602,"caption":"RcZone"},"image":{"@id":"https:\/\/rczone.ee\/#\/schema\/logo\/image\/"},"sameAs":["https:\/\/www.facebook.com\/rczone.ee"]}]}},"_links":{"self":[{"href":"https:\/\/rczone.ee\/lv\/wp-json\/wp\/v2\/product\/1871","targetHints":{"allow":["GET"]}}],"collection":[{"href":"https:\/\/rczone.ee\/lv\/wp-json\/wp\/v2\/product"}],"about":[{"href":"https:\/\/rczone.ee\/lv\/wp-json\/wp\/v2\/types\/product"}],"replies":[{"embeddable":true,"href":"https:\/\/rczone.ee\/lv\/wp-json\/wp\/v2\/comments?post=1871"}],"wp:featuredmedia":[{"embeddable":true,"href":"https:\/\/rczone.ee\/lv\/wp-json\/wp\/v2\/media\/1759"}],"wp:attachment":[{"href":"https:\/\/rczone.ee\/lv\/wp-json\/wp\/v2\/media?parent=1871"}],"wp:term":[{"taxonomy":"fits_model","embeddable":true,"href":"https:\/\/rczone.ee\/lv\/wp-json\/wp\/v2\/fits_model?post=1871"},{"taxonomy":"product_brand","embeddable":true,"href":"https:\/\/rczone.ee\/lv\/wp-json\/wp\/v2\/product_brand?post=1871"},{"taxonomy":"product_cat","embeddable":true,"href":"https:\/\/rczone.ee\/lv\/wp-json\/wp\/v2\/product_cat?post=1871"},{"taxonomy":"product_tag","embeddable":true,"href":"https:\/\/rczone.ee\/lv\/wp-json\/wp\/v2\/product_tag?post=1871"},{"taxonomy":"woo-feed-brand","embeddable":true,"href":"https:\/\/rczone.ee\/lv\/wp-json\/wp\/v2\/woo-feed-brand?post=1871"}],"curies":[{"name":"wp","href":"https:\/\/api.w.org\/{rel}","templated":true}]}}